{"id":11793,"date":"2017-09-27T20:07:26","date_gmt":"2017-09-27T18:07:26","guid":{"rendered":"https:\/\/optik-sport-shop.at\/?post_type=product&#038;p=11793"},"modified":"2025-10-07T11:06:51","modified_gmt":"2025-10-07T09:06:51","slug":"ddoptics-lunette-de-visee-2komma5-15x56-nfx-mrad","status":"publish","type":"product","link":"https:\/\/ddoptics.shop\/fr\/kaufen\/ddoptics-zielfernrohr-2komma5-15x56-nfx-mrad\/","title":{"rendered":"Lunette de vis\u00e9e 2,5-15\u00d756 NFX de DDoptics | V6 | A4N | R\u00e9glage MRAD - Gen 3"},"content":{"rendered":"<div class=\"container section-title-container\" ><h3 class=\"section-title section-title-normal\"><b aria-hidden=\"true\"><\/b><span class=\"section-title-main\" ><i class=\"icon-cross\" aria-hidden=\"true\"><\/i>Aper\u00e7u rapide Aper\u00e7u rapide Lunette de vis\u00e9e 2,5-15x56 avec r\u00e9glage par clic de 1 cm \/ 100 m<\/span><b aria-hidden=\"true\"><\/b><\/h3><\/div>\n<table style=\"background-color: #cacaca;\">\n<tbody>\n<tr style=\"height: 24px;\">\n<td style=\"height: 24px; text-align: left; width: 20%;\"><strong>Tube :<\/strong><\/td>\n<td style=\"height: 24px; text-align: left; width: 30%;\">Tube mono de 30 mm<\/td>\n<td style=\"height: 24px; text-align: left; width: 20%;\"><strong>Champ de vision : m @100m :<\/strong><\/td>\n<td style=\"height: 24px; text-align: left; width: 30%;\">14,7-2,5 m<\/td>\n<\/tr>\n<tr style=\"height: 24px;\">\n<td style=\"height: 24px; text-align: left; width: 20%;\"><strong>Syst\u00e8me optique :<\/strong><\/td>\n<td style=\"height: 24px; text-align: left; width: 30%;\">2,5-15 fois<\/td>\n<td style=\"height: 24px; text-align: left; width: 20%;\"><strong>Distance entre les yeux :<\/strong><\/td>\n<td style=\"height: 24px; text-align: left; width: 30%;\">100 mm<\/td>\n<\/tr>\n<tr style=\"height: 24px;\">\n<td style=\"height: 24px; text-align: left; width: 20%;\"><strong>L'objectif :<\/strong><\/td>\n<td style=\"height: 24px; text-align: left; width: 30%;\">56 mm<\/td>\n<td style=\"height: 24px; text-align: left; width: 20%;\"><strong>longueur :<\/strong><\/td>\n<td style=\"height: 24px; text-align: left; width: 30%;\">372 mm<\/td>\n<\/tr>\n<tr style=\"height: 24px;\">\n<td style=\"height: 24px; text-align: left; width: 20%;\"><a href=\"https:\/\/de.wikipedia.org\/wiki\/Absehen\" target=\"_blank\" rel=\"noopener noreferrer\"><strong>R\u00e9ticule :<\/strong><\/a><\/td>\n<td style=\"height: 24px; text-align: left; width: 30%;\">Nouveau r\u00e9ticule 4<\/td>\n<td style=\"height: 24px; text-align: left; width: 20%;\"><strong>poids :<\/strong><\/td>\n<td style=\"height: 24px; text-align: left; width: 30%;\">759 g<\/td>\n<\/tr>\n<tr style=\"height: 24px;\">\n<td style=\"height: 24px; text-align: left; width: 20%;\"><strong>Point lumineux<\/strong><\/td>\n<td style=\"height: 24px; text-align: left; width: 30%;\">Standard ou iFiber<\/td>\n<td style=\"height: 24px; text-align: left; width: 20%;\"><strong>Protection contre la bu\u00e9e :<\/strong><\/td>\n<td style=\"height: 24px; text-align: left; width: 30%;\">Remplissage d'azote contre la bu\u00e9e<\/td>\n<\/tr>\n<tr style=\"height: 24px;\">\n<td style=\"height: 24px; text-align: left; width: 20%;\"><strong>Mise au point\/parallaxe :<\/strong><\/td>\n<td style=\"height: 24px; text-align: left; width: 30%;\">Objectif r\u00e9glable 20-500 m \u00e0 l'infini<\/td>\n<td style=\"height: 24px; text-align: left; width: 20%;\"><strong>l'\u00e9tanch\u00e9it\u00e9 :<\/strong><\/td>\n<td style=\"height: 24px; text-align: left; width: 30%;\">R\u00e9sistant \u00e0 l'eau et aux chocs<\/td>\n<\/tr>\n<\/tbody>\n<\/table>\n<div class=\"row\"  id=\"row-1497729555\">\n\n\t<div id=\"col-1393999422\" class=\"col medium-8 small-12 large-8\"  >\n\t\t\t\t<div class=\"col-inner\"  >\n\t\t\t\n\t\t\t\n<h2>La lunette de vis\u00e9e 2,5-15\u00d756 NFX V6 de DDoptics - Focale lumineuse avec zoom 6x et r\u00e9glage par clic MRAD (1 cm\/clic - 100 m)<\/h2>\n<p><strong>Grossissements \u00e9lev\u00e9s <\/strong>chez <strong>faible luminosit\u00e9<\/strong>et en plus \u00e0 <strong>beaucoup de champ de vision pour un tir rapide<\/strong>L'optique est un domaine dans lequel les concepteurs sont confront\u00e9s \u00e0 des exigences \u00e9lev\u00e9es.<\/p>\n<p>La chasse dans de vastes zones de terrain exige beaucoup de l'optique de la lunette de vis\u00e9e. En revanche, des grossissements \u00e9lev\u00e9s permettent une r\u00e9ponse s\u00fbre \u00e0 de longues distances. C'est pourquoi il est tr\u00e8s important, lors de la conception de la lunette de vis\u00e9e, que la distance de vis\u00e9e soit la plus courte possible. <strong>Luminosit\u00e9 de l'image m\u00eame en cas d'utilisation d'un fort grossissement<\/strong> est encore utilisable.<\/p>\n<p>La vision avantageuse de l'oculaire de la lunette de vis\u00e9e, la zone de bordure fortement r\u00e9duite et le large champ de vision rendent cette lunette de vis\u00e9e \u00e9tonnante (\u00e0 ce prix en plus) de DDoptics \u00e9galement int\u00e9ressante pour le tir en mouvement.<\/p>\n<p>La tr\u00e8s co\u00fbteuse <strong>Optique de lunette de vis\u00e9e HD de DDoptics<\/strong> offre une image extr\u00eamement contrast\u00e9e et fid\u00e8le aux couleurs, m\u00eame \u00e0 un grossissement de 15 fois, avec d'excellentes propri\u00e9t\u00e9s de nettet\u00e9 des bords, gr\u00e2ce au traitement sp\u00e9cialement d\u00e9velopp\u00e9 pour cette optique de vis\u00e9e, qui n'autorise aucun reflet ou lumi\u00e8re parasite. Les franges de couleur, en particulier, ont pu \u00eatre r\u00e9duites \u00e0 un minimum.<\/p>\n<p>Le site <a href=\"https:\/\/ddoptics.shop\/fr\/boutique\/lunette-de-visee\/v6-zoom-6x\/\" target=\"_blank\" rel=\"noopener noreferrer\">6 fois <strong>Lunette de vis\u00e9e <\/strong><\/a>convainc pour toutes les exigences de la chasse comme<strong>\u00a0Pirsch, aff\u00fbt <\/strong>\u00e0 plat et en<strong> Montagne.<\/strong><\/p>\n\t\t<\/div>\n\t\t\t\t\t<\/div>\n\n\t\n\n\t<div id=\"col-2111944256\" class=\"col medium-4 small-12 large-4\"  >\n\t\t\t\t<div class=\"col-inner\"  >\n\t\t\t\n\t\t\t\n<a class=\"button primary expand\" >\n\t\t<span>Particularit\u00e9s de la lunette de vis\u00e9e<\/span>\n\t<\/a>\n\n\n\t<section class=\"section\" id=\"section_1379062660\">\n\t\t<div class=\"section-bg fill\" >\n\t\t\t\t\t\t\t\t\t<div class=\"section-bg-overlay absolute fill\"><\/div>\n\t\t\t\n\n\t\t<\/div>\n\n\t\t\n\n\t\t<div class=\"section-content relative\">\n\t\t\t\n\t<div class=\"img has-hover x md-x lg-x y md-y lg-y\" id=\"image_396881883\">\n\t\t<a class=\"\" href=\"https:\/\/www.ddoptics.de\/garantiebestimmungen\" target=\"_blank\" rel=\"no follow noopener\">\t\t\t\t\t\t<div class=\"img-inner dark\" >\n\t\t\t<img decoding=\"async\" width=\"352\" height=\"160\" src=\"https:\/\/ddoptics.shop\/wp-content\/uploads\/2014\/09\/DDoptics-Garantie.jpg\" class=\"attachment-large size-large\" alt=\"Garantie DDoptics\" srcset=\"https:\/\/ddoptics.shop\/wp-content\/uploads\/2014\/09\/DDoptics-Garantie.jpg 352w, https:\/\/ddoptics.shop\/wp-content\/uploads\/2014\/09\/DDoptics-Garantie-304x138.jpg 304w, https:\/\/ddoptics.shop\/wp-content\/uploads\/2014\/09\/DDoptics-Garantie-305x139.jpg 305w, https:\/\/ddoptics.shop\/wp-content\/uploads\/2014\/09\/DDoptics-Garantie-250x114.jpg 250w\" sizes=\"(max-width: 352px) 100vw, 352px\" title=\"\">\t\t\t\t\t\t\n\t\t\t\t\t<\/div>\n\t\t\t\t\t\t<\/a>\t\t\n<style>\n#image_396881883 {\n  width: 100%;\n}\n<\/style>\n\t<\/div>\n\t\n\t<div id=\"gap-488141752\" class=\"gap-element clearfix\" style=\"display:block; height:auto;\">\n\t\t\n<style>\n#gap-488141752 {\n  padding-top: 15px;\n}\n<\/style>\n\t<\/div>\n\t\n\t<div id=\"text-3071927243\" class=\"text\">\n\t\t\n<p><span style=\"font-size: 80%;\"><em>\u21d2 Bas\u00e9 sur Gen 3 - version sp\u00e9ciale FX<br \/>\n\u21d2 FX = champ de vision plus large &amp; meilleure vision<br \/>\n\u21d2 Moins de zone p\u00e9riph\u00e9rique dans l'aper\u00e7u<br \/>\n\u21d2 R\u00e9glage du r\u00e9ticule tours m\u00e9talliques ( pas de plastique comme gen 2)<br \/>\n\u21d2 Verre CT (Clear Transmission) (faible dispersion)<br \/>\n\u21d2 Double mise \u00e0 l'\u00e9chelle (Doubleturn)<br \/>\n\u21d2 Zerostop pour ASV (but\u00e9e z\u00e9ro)<br \/>\n<strong>\u21d2 Tactical dur mrad clic (1cm\/click)<\/strong><br \/>\n<strong> \u21d2 Course de r\u00e9glage 184 clics = 1,8 m sur 100m<\/strong><br \/>\n\u21d2 Nouveau design de la bague de r\u00e9glage du grossissement<br \/>\n\u21d2 Nouveau r\u00e9ticule 4 avec des barres nettement plus fines<br \/>\n<\/em><\/span><br \/>\n\t\t\n<style>\n#text-3071927243 {\n  line-height: 1.15;\n  color: rgb(33, 107, 227);\n}\n#text-3071927243 > * {\n  color: rgb(33, 107, 227);\n}\n<\/style>\n\t<\/div>\n\t\n\t\t<\/div>\n\n\t\t\n<style>\n#section_1379062660 {\n  padding-top: 30px;\n  padding-bottom: 30px;\n  background-color: rgb(232, 232, 232);\n}\n#section_1379062660 .section-bg-overlay {\n  background-color: rgba(255,255,255,.5);\n}\n<\/style>\n\t<\/section>\n\t\n<div class=\"is-divider divider clearfix\" ><\/div>\n\t\t<\/div>\n\t\t\t\t\t<\/div>\n\n\t\n<\/div>\n\t<div class=\"img has-hover x md-x lg-x y md-y lg-y\" id=\"image_1791193640\">\n\t\t\t\t\t\t\t\t<div class=\"img-inner dark\" >\n\t\t\t<img decoding=\"async\" width=\"800\" height=\"537\" src=\"https:\/\/ddoptics.shop\/wp-content\/uploads\/2019\/10\/technische-Zeichnung-DDoptics-2_5-15x56.jpg\" class=\"attachment-large size-large\" alt=\"Dessin DDoptics V4 2,5-10x56 NFX\" srcset=\"https:\/\/ddoptics.shop\/wp-content\/uploads\/2019\/10\/technische-Zeichnung-DDoptics-2_5-15x56.jpg 800w, https:\/\/ddoptics.shop\/wp-content\/uploads\/2019\/10\/technische-Zeichnung-DDoptics-2_5-15x56-304x204.jpg 304w, https:\/\/ddoptics.shop\/wp-content\/uploads\/2019\/10\/technische-Zeichnung-DDoptics-2_5-15x56-305x205.jpg 305w, https:\/\/ddoptics.shop\/wp-content\/uploads\/2019\/10\/technische-Zeichnung-DDoptics-2_5-15x56-632x424.jpg 632w, https:\/\/ddoptics.shop\/wp-content\/uploads\/2019\/10\/technische-Zeichnung-DDoptics-2_5-15x56-510x342.jpg 510w, https:\/\/ddoptics.shop\/wp-content\/uploads\/2019\/10\/technische-Zeichnung-DDoptics-2_5-15x56-250x168.jpg 250w\" sizes=\"(max-width: 800px) 100vw, 800px\" title=\"\">\t\t\t\t\t\t\n\t\t\t\t\t<\/div>\n\t\t\t\t\t\t\t\t\n<style>\n#image_1791193640 {\n  width: 100%;\n}\n<\/style>\n\t<\/div>\n\t\n<h3>DDoptics V6 2,5-15\u00d756 NFX ZF grand angle pour armes de chasse - avec \u00e9chelle MRAD<\/h3>\n<p>Comme pour les mod\u00e8les Gen 3, la V6 2,5-15\u00d756 NFX <strong>renonce syst\u00e9matiquement \u00e0 toutes les pi\u00e8ces en plastique\u00a0<\/strong>Parmi les plus basses, <strong>tours de r\u00e9glage cyn\u00e9g\u00e9tiques avec double graduation<\/strong> se cache une <strong>m\u00e9canisme de haute pr\u00e9cision et de grande duret\u00e9<\/strong>qui, jusqu'\u00e0 pr\u00e9sent <strong>uniquement dans la version lunette de vis\u00e9e tactique<\/strong> a \u00e9t\u00e9 install\u00e9e.<\/p>\n<p>Avantage : on peut se passer du capuchon de protection sur le r\u00e9glage du r\u00e9ticule et on a ainsi <strong>acc\u00e8s \u00e0 tout moment au r\u00e9glage du r\u00e9ticule<\/strong> pour corriger les distances de tir ou la vitesse du vent.<\/p>\n<h3>Chasseur DDoptics A4N <a href=\"https:\/\/de.wikipedia.org\/wiki\/Absehen\" target=\"_blank\" rel=\"noopener sponsored\" data-schema-attribute=\"\">R\u00e9ticule lumineux<\/a> avec point lumineux IFiber int\u00e9gr\u00e9<\/h3>\n<p>Le site <strong>Lunette de vis\u00e9e 6x 2,5-15\u00d756 NFX<\/strong> dispose du r\u00e9ticule 4-N, moderne et couronn\u00e9 de succ\u00e8s, d\u00e9velopp\u00e9 avec de nombreux chasseurs.<\/p>\n<h3>Nouveau r\u00e9ticule A4N pour une couverture minimale de la cible<\/h3>\n<p>En regardant \u00e0 travers la nouvelle <strong>Lunette de vis\u00e9e -G\u00e9n\u00e9ration 3<\/strong>\u00a0l'observateur reconna\u00eet imm\u00e9diatement le design pratique :<\/p>\n<ul>\n<li>Le site <strong>R\u00e9ticule dans le r\u00e9ticule 4<\/strong> est <strong>beaucoup plus fin<\/strong> et les barres ext\u00e9rieures, un peu plus \u00e9paisses, sont deux fois moins \u00e9paisses et nettement plus espac\u00e9es.<\/li>\n<li>Avec un grand avantage, en particulier pour le chasseur dans des conditions de faible luminosit\u00e9, car le <strong>Cible \u00e0 peine cach\u00e9e<\/strong> ce qui permet de soutenir de mani\u00e8re optimale une frappe rapide comme l'\u00e9clair et s\u00fbre.<\/li>\n<\/ul>\n<p>Le r\u00e9ticule se trouve dans la <strong>Plan de l'image oculaire (2\u00e8me plan de l'image)<\/strong>. Sur <strong>grossissement maximal de 15 fois, le r\u00e9ticule ne cache que tr\u00e8s peu la cible.<\/strong> Pour chaque clic, le r\u00e9ticule se d\u00e9place de 0,25 minute d'angle (MOA, minute of angle), soit 7,3 millim\u00e8tres \u00e0 100 m\u00e8tres.<\/p>\n<h3>Plage de r\u00e9glage totale de la lunette de vis\u00e9e :<\/h3>\n<p>La lunette de vis\u00e9e dispose d'une<strong> R\u00e9glage tactique de 0,1 mrad<\/strong>. Cela signifie pour l'utilisateur en <strong>Europe application simple selon le syst\u00e8me d\u00e9cimal<\/strong>.<\/p>\n<p>Distance totale de r\u00e9glage sur 100m : 18,4 MRAD - 184 clics - 1,8 m<\/p>\n<ul>\n<li>Course de r\u00e9glage \/ clic sur 100 m : 1 cm<\/li>\n<li>Course de r\u00e9glage \/ clic sur 200 m : 2 cm<\/li>\n<li>Course de r\u00e9glage \/ clic \u00e0 300 m : 3 cm<\/li>\n<li>Course de r\u00e9glage \/ clic \u00e0 900 m : 9 cm<\/li>\n<\/ul>\n<h3>M\u00e9canisme de r\u00e9glage de la lunette de vis\u00e9e robuste pour une utilisation intensive avec Zerostop &amp; ASV<\/h3>\n<p>Le site <strong>Tours de r\u00e9glage du r\u00e9ticule des optiques de vis\u00e9e DDoptics<\/strong> de la g\u00e9n\u00e9ration 3 sont constitu\u00e9s d'un alliage d'aluminium robuste et sont exempts de toute pi\u00e8ce en plastique. Tous les <strong>Pi\u00e8ces en aluminium<\/strong> sont associ\u00e9s \u00e0 la nouvelle, qui n'est pas brillante, <strong>Rev\u00eatement anodis\u00e9 DDoptics fine-black<\/strong> pourvu que<\/p>\n<p>Le site <strong>le m\u00e9canisme de r\u00e9glage a \u00e9t\u00e9 adapt\u00e9 \u00e0 la version Tactical<\/strong>Cela signifie qu'il est non seulement tr\u00e8s r\u00e9sistant aux chocs et compl\u00e8tement \u00e9tanche, mais qu'il est \u00e9galement facile \u00e0 manipuler et donc prot\u00e9g\u00e9 contre les d\u00e9r\u00e9glages involontaires. Le r\u00e9glage du r\u00e9ticule peut donc aussi \u00eatre utilis\u00e9 \"ouvert\", c'est-\u00e0-dire sans fermeture \u00e0 vis, dans le cadre de la chasse quotidienne, afin de pouvoir r\u00e9gler rapidement le r\u00e9ticule en fonction de la situation.<\/p>\n<h3>Lunette de vis\u00e9e r\u00e9glage rapide du r\u00e9ticule avec Zerostop<\/h3>\n<p>Sur une <strong>double \u00e9chelle (Doubleturn) sur la tour de r\u00e9glage en hauteur de la lunette de vis\u00e9e<\/strong> permet de lire le nombre de r\u00e9glages par clic effectu\u00e9s et de les r\u00e9gler en cons\u00e9quence. Apr\u00e8s le tir, le r\u00e9glage du r\u00e9ticule peut \u00eatre \"mis \u00e0 z\u00e9ro\", puis la bague Zerostop est tourn\u00e9e jusqu'\u00e0 la but\u00e9e. Ensuite, le r\u00e9glage du z\u00e9ro est effectu\u00e9 \u00e0 l'aide du bouton de r\u00e9glage du z\u00e9ro.<strong> Anneaux zerostop bloqu\u00e9s par le bas<\/strong> pour obtenir une but\u00e9e \u00e0 la position z\u00e9ro.<\/p>\n<p>En partant de la position z\u00e9ro, il est possible - en supposant que l'on connaisse le mode de fonctionnement du laboratoire - d'effectuer les op\u00e9rations suivantes <strong>diff\u00e9rentes distances de tir au moyen d'un syst\u00e8me de marquage<\/strong> La tour de r\u00e9glage lat\u00e9ral est dot\u00e9e de deux \u00e9chelles gradu\u00e9es en sens inverse.<strong> R\u00e9ticule en fonction de la direction et de la force du vent<\/strong> ou d'un \u00e9ventuel mouvement de la cible peuvent \u00eatre pr\u00e9r\u00e9gl\u00e9s.<\/p>","protected":false},"excerpt":{"rendered":"<p><img decoding=\"async\" class=\"alignnone wp-image-10452 size-full\" title=\"Tir sportif\" src=\"https:\/\/ddoptics.shop\/wp-content\/uploads\/2016\/07\/Target-Schiessen.jpg\" alt=\"Tir sportif Target\" width=\"50\" height=\"50\" \/><img decoding=\"async\" class=\"alignnone wp-image-10168 size-full\" title=\"Chasse \u00e0 l&#039;approche\" src=\"https:\/\/ddoptics.shop\/wp-content\/uploads\/2016\/09\/Jagd-klein.jpg\" alt=\"Jumelles de chasse\" width=\"50\" height=\"50\" \/><img decoding=\"async\" class=\"alignnone wp-image-10178 size-full\" title=\"Chasse en montagne\" src=\"https:\/\/ddoptics.shop\/wp-content\/uploads\/2016\/04\/Gebirgsjagd-klein.jpg\" alt=\"Jumelles de chasse en montagne\" width=\"50\" height=\"50\" \/><br \/>\nUne nouvelle optique de vis\u00e9e extr\u00eame qui <strong>presque tous les domaines de la chasse<\/strong> couvre tous les domaines. De la chasse en battue \u00e0 la chasse \u00e0 l'approche, en passant par la chasse en montagne - jusqu'\u00e0 la derni\u00e8re lumi\u00e8re de la carabine. Gr\u00e2ce \u00e0 une transmission lumineuse allant jusqu'\u00e0 96% ! <strong>En option avec le syst\u00e8me intelligent <a title=\"NOUVEAU point lumineux IFiber de DDoptics\" href=\"\/fr\/wiki-sur-les-mots-techniques\/point-lumineux-intelligent-ddoptics-ifiber\/\" target=\"_blank\" rel=\"noopener noreferrer\">IFiber Point lumineux<\/a> pour seulement \u20ac99,- de suppl\u00e9ment.<\/strong><\/p>\n<a href=\"https:\/\/amzn.to\/3Pp05dH\" target=\"_blank\" class=\"button success is-success is-small\" rel=\"\u201dnofollow\u201d noopener\" >\n\t\t<span>client amazon ? - profiter des avantages prime ?<\/span>\n\t<\/a>","protected":false},"featured_media":12191,"comment_status":"open","ping_status":"closed","template":"","meta":{"inline_featured_image":false,"footnotes":""},"product_brand":[],"product_cat":[555,454,638,697,917,640,919,637,68],"product_tag":[556,78,80,698,79],"class_list":{"0":"post-11793","1":"product","2":"type-product","3":"status-publish","4":"has-post-thumbnail","6":"product_cat-25-15x56","7":"product_cat-56-mm-objektivdurchmesser","8":"product_cat-ansitzjagd","9":"product_cat-mrad-klickverstellung","10":"product_cat-nfx-zielfernrohre-weitwinkel-zf","11":"product_cat-pirschjagd-und-gebirgsjagd","12":"product_cat-v6-6-fach-zoom","13":"product_cat-zf-anwendung","14":"product_cat-zielfernrohr","15":"product_tag-2-5-15x56","16":"product_tag-ddoptics","17":"product_tag-gen-3","18":"product_tag-mrad-1-cm-klickverstellung","19":"product_tag-zielfernrohr","20":"product_shipping_class-paket","21":"pa_brand-marke-ddoptics","22":"pa_produkt-typ-zielfernrohr","24":"first","25":"instock","26":"sale","27":"taxable","28":"shipping-taxable","29":"purchasable","30":"product-type-bundle"},"bundled_by":[],"bundle_stock_status":"instock","bundle_stock_quantity":34,"bundle_virtual":false,"bundle_layout":"default","bundle_add_to_cart_form_location":"default","bundle_editable_in_cart":false,"bundle_sold_individually_context":"product","bundle_item_grouping":"parent","bundle_min_size":"","bundle_max_size":"","bundle_price":{"price":{"min":{"incl_tax":"1168.01","excl_tax":"973.34"},"max":{"incl_tax":"1272.32","excl_tax":"1060.26"}},"regular_price":{"min":{"incl_tax":"1298.01","excl_tax":"1081.68"},"max":{"incl_tax":"1413.9","excl_tax":"1178.25"}}},"bundled_items":[{"bundled_item_id":66,"product_id":12809,"menu_order":0,"quantity_min":1,"quantity_max":1,"quantity_default":1,"priced_individually":true,"shipped_individually":false,"override_title":true,"title":"","override_description":false,"description":"","optional":false,"hide_thumbnail":true,"discount":"","override_variations":true,"allowed_variations":[12810,12811],"override_default_variation_attributes":false,"default_variation_attributes":[],"single_product_visibility":"visible","cart_visibility":"visible","order_visibility":"visible","single_product_price_visibility":"visible","cart_price_visibility":"visible","order_price_visibility":"visible","stock_status":"in_stock"},{"bundled_item_id":67,"product_id":12812,"menu_order":1,"quantity_min":1,"quantity_max":1,"quantity_default":1,"priced_individually":true,"shipped_individually":false,"override_title":true,"title":"Presque un cadeau en plus - Flip Caps","override_description":false,"description":"","optional":true,"hide_thumbnail":false,"discount":"68.55","override_variations":true,"allowed_variations":[12819],"override_default_variation_attributes":true,"default_variation_attributes":[{"id":17,"name":"Taille de la lunette de vis\u00e9e","option":"25-15x56"}],"single_product_visibility":"visible","cart_visibility":"visible","order_visibility":"visible","single_product_price_visibility":"visible","cart_price_visibility":"visible","order_price_visibility":"visible","stock_status":"in_stock"}],"bundle_sell_ids":[],"_links":{"self":[{"href":"https:\/\/ddoptics.shop\/fr\/wp-json\/wp\/v2\/product\/11793","targetHints":{"allow":["GET"]}}],"collection":[{"href":"https:\/\/ddoptics.shop\/fr\/wp-json\/wp\/v2\/product"}],"about":[{"href":"https:\/\/ddoptics.shop\/fr\/wp-json\/wp\/v2\/types\/product"}],"replies":[{"embeddable":true,"href":"https:\/\/ddoptics.shop\/fr\/wp-json\/wp\/v2\/comments?post=11793"}],"version-history":[{"count":15,"href":"https:\/\/ddoptics.shop\/fr\/wp-json\/wp\/v2\/product\/11793\/revisions"}],"predecessor-version":[{"id":29220,"href":"https:\/\/ddoptics.shop\/fr\/wp-json\/wp\/v2\/product\/11793\/revisions\/29220"}],"wp:featuredmedia":[{"embeddable":true,"href":"https:\/\/ddoptics.shop\/fr\/wp-json\/wp\/v2\/media\/12191"}],"wp:attachment":[{"href":"https:\/\/ddoptics.shop\/fr\/wp-json\/wp\/v2\/media?parent=11793"}],"wp:term":[{"taxonomy":"product_brand","embeddable":true,"href":"https:\/\/ddoptics.shop\/fr\/wp-json\/wp\/v2\/product_brand?post=11793"},{"taxonomy":"product_cat","embeddable":true,"href":"https:\/\/ddoptics.shop\/fr\/wp-json\/wp\/v2\/product_cat?post=11793"},{"taxonomy":"product_tag","embeddable":true,"href":"https:\/\/ddoptics.shop\/fr\/wp-json\/wp\/v2\/product_tag?post=11793"}],"curies":[{"name":"wp","href":"https:\/\/api.w.org\/{rel}","templated":true}]}}