{"id":11798,"date":"2017-09-27T20:08:50","date_gmt":"2017-09-27T18:08:50","guid":{"rendered":"https:\/\/optik-sport-shop.at\/?post_type=product&#038;p=11798"},"modified":"2026-04-14T09:57:54","modified_gmt":"2026-04-14T07:57:54","slug":"revetement-cerakote-lunette-de-visee","status":"publish","type":"product","link":"https:\/\/ddoptics.shop\/fr\/kaufen\/cerakote-beschichtung-zielfernrohr\/","title":{"rendered":"Rev\u00eatement Cerakote pour lunettes de vis\u00e9e DDoptics - diff\u00e9rentes couleurs"},"content":{"rendered":"<h2>Rev\u00eatement Cerakote | Traitement de surface personnalis\u00e9 pour vos lunettes de vis\u00e9e DDoptics | Protection anticorrosion pour votre arme \u00e0 feu<\/h2>\n<div class=\"row\"  id=\"row-1445457146\">\n\n\t<div id=\"col-1970964412\" class=\"col medium-8 small-12 large-8\"  >\n\t\t\t\t<div class=\"col-inner\"  >\n\t\t\t\n\t\t\t\n<p>Nous offrons \u00e0 nos clients la possibilit\u00e9 de faire rev\u00eatir toutes les lunettes de vis\u00e9e de diff\u00e9rentes couleurs de mani\u00e8re enti\u00e8rement personnalis\u00e9e.<\/p>\n<p>Seuls des produits de haute qualit\u00e9 sont utilis\u00e9s. <strong>Rev\u00eatements c\u00e9ramiques de <a href=\"https:\/\/www.cerakote.com\/project-gallery\" target=\"_blank\" rel=\"noopener sponsored nofollow\">Cerakote<\/a><\/strong> est utilis\u00e9. En plus d'un design personnalis\u00e9, ce rev\u00eatement offre en outre les propri\u00e9t\u00e9s de surface uniques suivantes <strong>haute r\u00e9sistance \u00e0 l'abrasion, r\u00e9sistance chimique optimale et haute r\u00e9sistance aux rayures.<\/strong><\/p>\n<p>Votre lunette de vis\u00e9e b\u00e9n\u00e9ficie ainsi d'une v\u00e9ritable revalorisation. Un rev\u00eatement est possible aussi bien sur les optiques de vis\u00e9e neuves que sur les optiques d'occasion de DDoptics.<\/p>\n<p>Actuellement, nous pouvons proposer 12 couleurs diff\u00e9rentes.<\/p>\n<p>CONSEIL : Les rev\u00eatements Cerakote pour les armes et le tuning sont disponibles chez <strong><a href=\"https:\/\/www.verex-tactical.com\/galerie\/\" target=\"_blank\" rel=\"noopener\">VEREX Tactical<\/a> <\/strong>r\u00e9alis\u00e9 avec professionnalisme et plaisir.<\/p>\n<h3>Le rev\u00eatement c\u00e9ramique Cerakote assure un aspect unique et une excellente protection contre la corrosion<\/h3>\n<p>Le Cerakote est un rev\u00eatement extr\u00eamement durable d\u00e9velopp\u00e9 aux \u00c9tats-Unis (le pays des armes) sp\u00e9cialement pour les armes. Il est disponible dans de nombreuses combinaisons de couleurs.<\/p>\n<p>En plus de la revalorisation optique souhait\u00e9e, l'arme re\u00e7oit une surface qui la prot\u00e8ge contre toutes les influences environnementales et qui prolonge consid\u00e9rablement la dur\u00e9e de vie de l'arme utilis\u00e9e en ext\u00e9rieur.<\/p>\n<blockquote><p>Gr\u00e2ce \u00e0 Cerakote, il est possible de cr\u00e9er quelque chose de compl\u00e8tement personnalis\u00e9 \u00e0 partir de son arme, y compris l'optique de vis\u00e9e et le montage de la lunette de vis\u00e9e.<\/p><\/blockquote>\n<h3>Le processus de rev\u00eatement des armes Cerakote en bref<\/h3>\n<p>Apr\u00e8s un bain d\u00e9graissant \u00e0 l'ac\u00e9tone, les pi\u00e8ces d'armes d\u00e9mont\u00e9es sont pass\u00e9es dans la cabine de sablage de <strong>de vieux brunissages ou m\u00eame de rouille erratique<\/strong> et rev\u00eatu d'une tr\u00e8s fine couche de Cerakote dans les couleurs de votre choix.<\/p>\n<blockquote><p>Apr\u00e8s quelques essais, nous avons \u00e9galement trouv\u00e9 un moyen id\u00e9al de r\u00e9aliser un rev\u00eatement durable \u00e9galement avec la lunette de vis\u00e9e + le montage.<\/p><\/blockquote>\n<p>Le long terme<strong> Laque c\u00e9ramique des \u00c9tats-Unis<\/strong> obtient sa r\u00e9sistance finale en \u00e9tant cuit pendant deux heures dans la chambre de cuisson sp\u00e9ciale.<\/p>\n<p>En plus de la meilleure protection contre la corrosion, Cerakote offre un aspect distinctif et augmente la valeur de votre arme.<\/p>\n<h3>Un test extr\u00eame convaincant avec une arme rev\u00eatue de Ceracote dans la nature sauvage<\/h3>\n\t\t<\/div>\n\t\t\t\t\t<\/div>\n\n\t\n\n\t<div id=\"col-1131595029\" class=\"col medium-4 small-12 large-4\"  >\n\t\t\t\t<div class=\"col-inner\"  >\n\t\t\t\n\t\t\t\n<a class=\"button primary expand\" >\n\t\t<span>Particularit\u00e9s du rev\u00eatement Keramic<\/span>\n\t<i class=\"icon-checkmark\" aria-hidden=\"true\"><\/i><\/a>\n\n<ul>\n<li>Finition de surface personnalis\u00e9e<\/li>\n<li>rev\u00eatements c\u00e9ramiques de haute qualit\u00e9 de Cerakote<\/li>\n<li>haute r\u00e9sistance \u00e0 l'abrasion<\/li>\n<li>r\u00e9sistance optimale aux produits chimiques alcalins<\/li>\n<li>haute r\u00e9sistance aux rayures<\/li>\n<li>pour les lunettes de vis\u00e9e neuves et d'occasion de DDoptics achet\u00e9es chez nous<\/li>\n<li>actuellement 12 couleurs diff\u00e9rentes disponibles<\/li>\n<\/ul>\n\t<div class=\"img has-hover x md-x lg-x y md-y lg-y\" id=\"image_1069142796\">\n\t\t<a class=\"image-lightbox lightbox-gallery\" title=\"\" href=\"https:\/\/ddoptics.shop\/wp-content\/uploads\/2023\/05\/Cerakote-Waffe-ZF.webp\">\t\t\t\t\t\t<div class=\"img-inner dark\" >\n\t\t\t<img decoding=\"async\" width=\"600\" height=\"800\" src=\"https:\/\/ddoptics.shop\/wp-content\/uploads\/2023\/05\/Cerakote-Waffe-ZF.webp\" class=\"attachment-large size-large\" alt=\"Arme Cerakote + lunette de vis\u00e9e\" srcset=\"https:\/\/ddoptics.shop\/wp-content\/uploads\/2023\/05\/Cerakote-Waffe-ZF.webp 600w, https:\/\/ddoptics.shop\/wp-content\/uploads\/2023\/05\/Cerakote-Waffe-ZF-304x405.webp 304w, https:\/\/ddoptics.shop\/wp-content\/uploads\/2023\/05\/Cerakote-Waffe-ZF-270x360.webp 270w\" sizes=\"(max-width: 600px) 100vw, 600px\" title=\"\">\t\t\t\t\t\t\n\t\t\t\t\t\t\t<div class=\"caption\">Test arme Cerakote + lunette de vis\u00e9e<\/div>\n\t\t\t\t\t<\/div>\n\t\t\t\t\t\t<\/a>\t\t\n<style>\n#image_1069142796 {\n  width: 100%;\n}\n<\/style>\n\t<\/div>\n\t\n\t\t<\/div>\n\t\t\t\t\t<\/div>\n\n\t\n<\/div>\n<div class=\"video video-fit mb\" style=\"padding-top:56.25%;\"><p><iframe title=\"Cerakote Outdoor Corrosion Test | 15+ Month Time-Lapse\" width=\"1020\" height=\"574\" src=\"https:\/\/www.youtube.com\/embed\/v4GSDrkZMyE?feature=oembed\" frameborder=\"0\" allow=\"accelerometer; autoplay; clipboard-write; encrypted-media; gyroscope; picture-in-picture; web-share\" referrerpolicy=\"strict-origin-when-cross-origin\" allowfullscreen><\/iframe><\/p>\n<\/div>\n<h3>Pourquoi le c\u00e9racotone est parfait pour les armes de chasse<\/h3>\n<p>Le site <strong>G\u00e9nies de Cerakote<\/strong> ont vraiment trouv\u00e9 le moyen de rendre ce rev\u00eatement incroyablement fin incroyablement solide.<\/p>\n<p>Cette fine couche prot\u00e8ge tout le monde - y compris les pi\u00e8ces mobiles - contre l'usure normale.<\/p>\n<p>De plus, le rev\u00eatement est assez insensible aux <strong>eau, eau sal\u00e9e<\/strong> et du sable. <strong>Le c\u00e9racote \"repousse\" quasiment les \u00e9l\u00e9ments<\/strong> et \u00e9vite que l'arme ne rouille ou ne subisse d'autres dommages dus \u00e0 la corrosion.<\/p>\n<div class=\"video video-fit mb\" style=\"padding-top:56.25%;\"><p><iframe title=\"Test de corrosion | ASTM B117 | Cerakote vs. Black Nitride\" width=\"1020\" height=\"574\" src=\"https:\/\/www.youtube.com\/embed\/XFMbZEWO1-o?feature=oembed\" frameborder=\"0\" allow=\"accelerometer; autoplay; clipboard-write; encrypted-media; gyroscope; picture-in-picture; web-share\" referrerpolicy=\"strict-origin-when-cross-origin\" allowfullscreen><\/iframe><\/p>\n<\/div>\n<p>Et C\u00e9racote est presque une <strong>Rev\u00eatement universel :<\/strong> Il adh\u00e8re \u00e0 <strong>M\u00e9tal, plastique, polym\u00e8re et bois.<\/strong><\/p>\n<blockquote><p>Ceracote a des ann\u00e9es-lumi\u00e8re d'avance sur les protections historiques des armes, comme le brunissage classique, qui ne fonctionne que sur le m\u00e9tal.<\/p><\/blockquote>\n<p>Cerakote est appliqu\u00e9 en couche extr\u00eamement fine et ne pose pratiquement pas de probl\u00e8mes en cas de tol\u00e9rances serr\u00e9es.<\/p>\n<h3>D\u00e9tails importants sur le rev\u00eatement protecteur Cerakote :<\/h3>\n<ul>\n<li>Tout ce qui est peint ou l\u00e9g\u00e8rement grav\u00e9 au laser est perdu pendant le processus de nettoyage et de rev\u00eatement. Il n'y a aucun moyen de r\u00e9cup\u00e9rer ces marques, sauf en les masquant proprement.<\/li>\n<li>Cerakote est con\u00e7u pour permettre \u00e0 d'autres <strong>les choses n'y adh\u00e8rent pas tr\u00e8s bien<\/strong>. Cela peut \u00eatre un avantage ou un inconv\u00e9nient.<\/li>\n<li>Apr\u00e8s l'application du rev\u00eatement Cerakote, les pi\u00e8ces sont plac\u00e9es dans le <strong>Four de cuisson aux normes Cerakote<\/strong> cuit au four. Une \u00e9ventuelle sensibilit\u00e9 \u00e0 la chaleur doit \u00eatre clarifi\u00e9e en fonction de la situation.<\/li>\n<li>Apr\u00e8s la cuisson, les pi\u00e8ces sont retir\u00e9es du four et refroidies. Les pi\u00e8ces sont ensuite contr\u00f4l\u00e9es pour v\u00e9rifier la bonne \u00e9paisseur du rev\u00eatement, l'aspect et le toucher. Si quelque chose ne convient pas, tout recommence \u00e0 z\u00e9ro.<\/li>\n<\/ul>","protected":false},"excerpt":{"rendered":"<p><strong>Individuel et personnel. D\u00e9lai de livraison env. 2-3 semaines - <a href=\"https:\/\/ddoptics.shop\/fr\/revetement-cerakote-arme-lunette-de-visee\/\">Lire le rapport ICI<\/a><\/strong><\/p>\n<p><strong><span style=\"color: #ed1c24;\">Attention : Service UNIQUEMENT pour les lunettes de vis\u00e9e achet\u00e9es chez nous !<\/span><br \/>\n<\/strong>Comme il s'agit d'une <strong>personnalisation complexe de votre lunette de vis\u00e9e<\/strong> le d\u00e9lai de livraison peut aller jusqu'\u00e0 3 semaines (en m\u00eame temps qu'une commande ZF ou apr\u00e8s r\u00e9ception de l'optique que vous avez achet\u00e9e chez nous). En outre, nous attirons votre attention sur le fait que le droit de r\u00e9tractation est g\u00e9n\u00e9ralement exclu pour les produits et les commandes individualis\u00e9s !<\/p>","protected":false},"featured_media":26538,"comment_status":"open","ping_status":"closed","template":"","meta":{"inline_featured_image":false,"footnotes":""},"product_brand":[],"product_cat":[68],"product_tag":[1129,683,684],"class_list":{"0":"post-11798","1":"product","2":"type-product","3":"status-publish","4":"has-post-thumbnail","6":"product_cat-zielfernrohr","7":"product_tag-cerakote","8":"product_tag-zielfernrohr-beschichtung","9":"product_tag-zielfernrohr-farben","10":"product_shipping_class-paket","11":"pa_brand-marke-ddoptics","12":"pa_produkt-typ-zielfernrohr","14":"first","15":"outofstock","16":"taxable","17":"shipping-taxable","18":"purchasable","19":"product-type-variable","20":"has-default-attributes"},"bundled_by":["11816","11830","11926"],"bundle_stock_status":"outofstock","bundle_stock_quantity":null,"bundle_virtual":false,"bundle_layout":"","bundle_add_to_cart_form_location":"","bundle_editable_in_cart":false,"bundle_sold_individually_context":"","bundle_item_grouping":"","bundle_min_size":"","bundle_max_size":"","bundle_price":[],"bundled_items":[],"bundle_sell_ids":[],"_links":{"self":[{"href":"https:\/\/ddoptics.shop\/fr\/wp-json\/wp\/v2\/product\/11798","targetHints":{"allow":["GET"]}}],"collection":[{"href":"https:\/\/ddoptics.shop\/fr\/wp-json\/wp\/v2\/product"}],"about":[{"href":"https:\/\/ddoptics.shop\/fr\/wp-json\/wp\/v2\/types\/product"}],"replies":[{"embeddable":true,"href":"https:\/\/ddoptics.shop\/fr\/wp-json\/wp\/v2\/comments?post=11798"}],"version-history":[{"count":22,"href":"https:\/\/ddoptics.shop\/fr\/wp-json\/wp\/v2\/product\/11798\/revisions"}],"predecessor-version":[{"id":26609,"href":"https:\/\/ddoptics.shop\/fr\/wp-json\/wp\/v2\/product\/11798\/revisions\/26609"}],"wp:featuredmedia":[{"embeddable":true,"href":"https:\/\/ddoptics.shop\/fr\/wp-json\/wp\/v2\/media\/26538"}],"wp:attachment":[{"href":"https:\/\/ddoptics.shop\/fr\/wp-json\/wp\/v2\/media?parent=11798"}],"wp:term":[{"taxonomy":"product_brand","embeddable":true,"href":"https:\/\/ddoptics.shop\/fr\/wp-json\/wp\/v2\/product_brand?post=11798"},{"taxonomy":"product_cat","embeddable":true,"href":"https:\/\/ddoptics.shop\/fr\/wp-json\/wp\/v2\/product_cat?post=11798"},{"taxonomy":"product_tag","embeddable":true,"href":"https:\/\/ddoptics.shop\/fr\/wp-json\/wp\/v2\/product_tag?post=11798"}],"curies":[{"name":"wp","href":"https:\/\/api.w.org\/{rel}","templated":true}]}}