{"id":12177,"date":"2018-01-08T13:06:24","date_gmt":"2018-01-08T12:06:24","guid":{"rendered":"https:\/\/ddoptics.shop\/?post_type=product&#038;p=12177"},"modified":"2025-10-07T11:11:17","modified_gmt":"2025-10-07T09:11:17","slug":"v6-2komma5-15x50-gen-3-new-reticule-4-mrad","status":"publish","type":"product","link":"https:\/\/ddoptics.shop\/fr\/kaufen\/v6-2komma5-15x50-gen-3-new-absehen-4-mrad\/","title":{"rendered":"DDoptics Nighteagle 2,5-15\u00d750 Lunette de vis\u00e9e | V6 | A4N | R\u00e9glage MRAD - Gen 3"},"content":{"rendered":"<div class=\"container section-title-container\" ><h3 class=\"section-title section-title-normal\"><b aria-hidden=\"true\"><\/b><span class=\"section-title-main\" ><i class=\"icon-cross\" aria-hidden=\"true\"><\/i>Bref aper\u00e7u de la lunette de vis\u00e9e DDoptics V6 2,5-15x50 avec r\u00e9glage MRAD<\/span><b aria-hidden=\"true\"><\/b><\/h3><\/div>\n<table style=\"background-color: #cacaca; width: 100%;\">\n<tbody>\n<tr style=\"height: 24px;\">\n<td style=\"height: 24px; width: 20%;\"><strong>Tube<\/strong><\/td>\n<td style=\"height: 24px; width: 30%;\">Tube mono de 30 mm<\/td>\n<td style=\"height: 24px; width: 20%;\"><strong>Champ de vision : m @100m<\/strong><\/td>\n<td style=\"height: 24px; width: 30%;\">13,5 - 2,2 m<\/td>\n<\/tr>\n<tr style=\"height: 24px;\">\n<td style=\"height: 24px; width: 20%;\"><strong>Syst\u00e8me optique<\/strong><\/td>\n<td style=\"height: 24px; width: 30%;\">\u00a02,5-15 fois<\/td>\n<td style=\"height: 24px; width: 20%;\">\u00a0<strong>Distance entre les yeux<\/strong><\/td>\n<td style=\"height: 24px; width: 30%;\">\u00a088 - 89 mm<\/td>\n<\/tr>\n<tr style=\"height: 24px;\">\n<td style=\"height: 24px; width: 20%;\"><strong>Objectif<\/strong><\/td>\n<td style=\"height: 24px; width: 30%;\">\u00a050 mm<\/td>\n<td style=\"height: 24px; width: 20%;\">\u00a0<strong>Longueur<\/strong><\/td>\n<td style=\"height: 24px; width: 30%;\">\u00a0361 mm<\/td>\n<\/tr>\n<tr style=\"height: 24px;\">\n<td style=\"height: 24px; width: 20%;\"><strong>R\u00e9ticule<\/strong><\/td>\n<td style=\"height: 24px; width: 30%;\">\u00a0Nouveau r\u00e9ticule 4 \/ A4N<\/td>\n<td style=\"height: 24px; width: 20%;\">\u00a0<strong>Poids<\/strong><\/td>\n<td style=\"height: 24px; width: 30%;\">\u00a0640 g<\/td>\n<\/tr>\n<tr style=\"height: 24px;\">\n<td style=\"height: 24px; width: 20%;\"><strong>Point lumineux<\/strong><\/td>\n<td style=\"height: 24px; width: 30%;\">\u00a0Standard ou iFiber<\/td>\n<td style=\"height: 24px; width: 20%;\">\u00a0<strong>Protection contre la bu\u00e9e<\/strong><\/td>\n<td style=\"height: 24px; width: 30%;\">\u00a0Remplissage d'azote contre la bu\u00e9e<\/td>\n<\/tr>\n<tr style=\"height: 24px;\">\n<td style=\"height: 24px; width: 20%;\"><strong>Focus\/Parallaxe<\/strong><\/td>\n<td style=\"height: 24px; width: 30%;\">\u00a0Objectif r\u00e9glable 20 m \u00e0 l'infini<\/td>\n<td style=\"height: 24px; width: 20%;\">\u00a0<strong>\u00c9tanch\u00e9it\u00e9<\/strong><\/td>\n<td style=\"height: 24px; width: 30%;\">\u00a0R\u00e9sistant \u00e0 l'eau et aux chocs<\/td>\n<\/tr>\n<\/tbody>\n<\/table>\n<div class=\"row\"  id=\"row-1335490729\">\n\n\t<div id=\"col-1773541790\" class=\"col medium-8 small-12 large-8\"  >\n\t\t\t\t<div class=\"col-inner\"  >\n\t\t\t\n\t\t\t\n<h2>Lunette de vis\u00e9e DDoptics Nighteagle 2,5-15\u00d750 - Focale lumineuse avec zoom 6x et r\u00e9glage par clic MRAD (1 cm\/clic - 100 m)<\/h2>\n<p>Le nouveau <strong>Lunette de vis\u00e9e DDoptics 2,5-15\u00d750<\/strong>\u00a0avec r\u00e9glage par clic MRAD convient particuli\u00e8rement pour <strong>Territoires de chasse avec diff\u00e9rentes distances de tir<\/strong>. Elle couvre un terrain \u00e9tendu, comme par exemple la chasse en montagne ou la chasse en campagne.<\/p>\n<p>La nouvelle g\u00e9n\u00e9ration 3 a \u00e9t\u00e9 con\u00e7ue avec une <strong>r\u00e9glage du r\u00e9ticule tr\u00e8s pr\u00e9cis<\/strong> en m\u00e9tal, Zerostop, New Absehen 4, CT Glas, traitement DDlucid et double graduation.<\/p>\n<p>Le site <a href=\"https:\/\/ddoptics.shop\/fr\/boutique\/lunette-de-visee\/v6-zoom-6x\/\" target=\"_blank\" rel=\"noopener noreferrer\">6 fois <strong>Lunette de vis\u00e9e <\/strong><\/a>convainc pour toutes les exigences de la chasse comme<strong>\u00a0Pirsch, aff\u00fbt <\/strong>\u00e0 plat et en<strong> Montagne.<\/strong><\/p>\n<h3>DDoptics Jumelles universelles pour armes de chasse - ZF V6 2,5-15\u00d750 Gen 3 avec \u00e9chelle MRAD<\/h3>\n<p>Lors de l'\u00e9volution de la 2,5-15\u00d750 vers la Gen 3, on a utilis\u00e9 <strong>renonce syst\u00e9matiquement \u00e0 toutes les pi\u00e8ces en plastique\u00a0<\/strong>Parmi les plus basses, <strong>tours de r\u00e9glage cyn\u00e9g\u00e9tiques avec double graduation<\/strong> se cache une <strong>m\u00e9canisme de haute pr\u00e9cision et de grande duret\u00e9<\/strong>qui, jusqu'\u00e0 pr\u00e9sent <strong>uniquement dans la version lunette de vis\u00e9e tactique<\/strong> a \u00e9t\u00e9 install\u00e9e.<\/p>\n<p>Avantage : on peut se passer du capuchon de protection sur le r\u00e9glage du r\u00e9ticule et on a ainsi <strong>acc\u00e8s \u00e0 tout moment au r\u00e9glage du r\u00e9ticule<\/strong> pour corriger les distances de tir ou la vitesse du vent.<\/p>\n\t\t<\/div>\n\t\t\t\t\t<\/div>\n\n\t\n\n\t<div id=\"col-34087992\" class=\"col medium-4 small-12 large-4\"  >\n\t\t\t\t<div class=\"col-inner\"  >\n\t\t\t\n\t\t\t\n<a class=\"button primary expand\" >\n\t\t<span>Particularit\u00e9s de la lunette de vis\u00e9e<\/span>\n\t<\/a>\n\n\n\t<section class=\"section\" id=\"section_532477860\">\n\t\t<div class=\"section-bg fill\" >\n\t\t\t\t\t\t\t\t\t<div class=\"section-bg-overlay absolute fill\"><\/div>\n\t\t\t\n\n\t\t<\/div>\n\n\t\t\n\n\t\t<div class=\"section-content relative\">\n\t\t\t\n\t<div class=\"img has-hover x md-x lg-x y md-y lg-y\" id=\"image_135765828\">\n\t\t<a class=\"\" href=\"https:\/\/www.ddoptics.de\/garantiebestimmungen\" target=\"_blank\" rel=\"no follow noopener\">\t\t\t\t\t\t<div class=\"img-inner dark\" >\n\t\t\t<img decoding=\"async\" width=\"352\" height=\"160\" src=\"https:\/\/ddoptics.shop\/wp-content\/uploads\/2014\/09\/DDoptics-Garantie.jpg\" class=\"attachment-large size-large\" alt=\"Garantie DDoptics\" srcset=\"https:\/\/ddoptics.shop\/wp-content\/uploads\/2014\/09\/DDoptics-Garantie.jpg 352w, https:\/\/ddoptics.shop\/wp-content\/uploads\/2014\/09\/DDoptics-Garantie-304x138.jpg 304w, https:\/\/ddoptics.shop\/wp-content\/uploads\/2014\/09\/DDoptics-Garantie-305x139.jpg 305w, https:\/\/ddoptics.shop\/wp-content\/uploads\/2014\/09\/DDoptics-Garantie-250x114.jpg 250w\" sizes=\"(max-width: 352px) 100vw, 352px\" title=\"\">\t\t\t\t\t\t\n\t\t\t\t\t<\/div>\n\t\t\t\t\t\t<\/a>\t\t\n<style>\n#image_135765828 {\n  width: 100%;\n}\n<\/style>\n\t<\/div>\n\t\n\t<div id=\"gap-781116791\" class=\"gap-element clearfix\" style=\"display:block; height:auto;\">\n\t\t\n<style>\n#gap-781116791 {\n  padding-top: 15px;\n}\n<\/style>\n\t<\/div>\n\t\n\t<div id=\"text-2922109362\" class=\"text\">\n\t\t\n<p><span style=\"font-size: 80%;\"><em>\u21d2 <strong>Maintenant avec r\u00e9glage par clic de 0,1 MRAD : (1cm\/clic)<\/strong><br \/>\n\u21d2 r\u00e9glage du r\u00e9ticule en m\u00e9tal<br \/>\n<strong>\u21d2 CT verre<\/strong> (Transmission claire)<br \/>\n<strong>\u21d2 Double mise \u00e0 l'\u00e9chelle<\/strong><br \/>\n\u21d2 Transmission lumineuse extr\u00eame jusqu'\u00e0 94,7%<br \/>\n<strong>\u21d2 cliquet tactique dur<\/strong><br \/>\n\u21d2 IFiber Control possible<br \/>\n<strong>\u21d2 Nouveau r\u00e9ticule 4<\/strong> dans le 2e plan de l'image<br \/>\n\u21d2 But\u00e9e z\u00e9ro \/ Zerostop<br \/>\n\u21d2 Test de r\u00e9sistance aux balles : <a href=\"https:\/\/de.wikipedia.org\/wiki\/.375_Holland_%26_Holland_Magnum\" target=\"_blank\" rel=\"noopener sponsored\" data-schema-attribute=\"\">375H&amp;H<\/a> 1000 coups<br \/>\n<strong>\u21d2 Fins de la longue-vue gr\u00e2ce \u00e0 un grossissement \u00e9lev\u00e9<\/strong><br \/>\n\u21d2 Compensation de parallaxe r\u00e9glable en continu<br \/>\n\u21d2 Possibilit\u00e9 de tirs tr\u00e8s lointains<br \/>\n<\/em><\/span><\/p>\n\t\t\n<style>\n#text-2922109362 {\n  line-height: 1.15;\n  color: rgb(33, 107, 227);\n}\n#text-2922109362 > * {\n  color: rgb(33, 107, 227);\n}\n<\/style>\n\t<\/div>\n\t\n\t\t<\/div>\n\n\t\t\n<style>\n#section_532477860 {\n  padding-top: 30px;\n  padding-bottom: 30px;\n  background-color: rgb(232, 232, 232);\n}\n#section_532477860 .section-bg-overlay {\n  background-color: rgba(255,255,255,.5);\n}\n<\/style>\n\t<\/section>\n\t\n<div class=\"is-divider divider clearfix\" ><\/div>\n\t\t<\/div>\n\t\t\t\t\t<\/div>\n\n\t\n<\/div>\n\t<div class=\"img has-hover x md-x lg-x y md-y lg-y\" id=\"image_117212207\">\n\t\t\t\t\t\t\t\t<div class=\"img-inner dark\" >\n\t\t\t<img decoding=\"async\" width=\"1020\" height=\"477\" src=\"https:\/\/ddoptics.shop\/wp-content\/uploads\/2016\/04\/2_5-15x50-1600x748.jpg\" class=\"attachment-large size-large\" alt=\"Lunette de vis\u00e9e ics dessin Nighteagle 2,5-15x50\" srcset=\"https:\/\/ddoptics.shop\/wp-content\/uploads\/2016\/04\/2_5-15x50-1600x748.jpg 1600w, https:\/\/ddoptics.shop\/wp-content\/uploads\/2016\/04\/2_5-15x50-scaled-304x142.jpg 304w, https:\/\/ddoptics.shop\/wp-content\/uploads\/2016\/04\/2_5-15x50-scaled-305x143.jpg 305w, https:\/\/ddoptics.shop\/wp-content\/uploads\/2016\/04\/2_5-15x50-scaled-632x296.jpg 632w, https:\/\/ddoptics.shop\/wp-content\/uploads\/2016\/04\/2_5-15x50-800x374.jpg 800w, https:\/\/ddoptics.shop\/wp-content\/uploads\/2016\/04\/2_5-15x50-scaled-250x117.jpg 250w, https:\/\/ddoptics.shop\/wp-content\/uploads\/2016\/04\/2_5-15x50-scaled-510x238.jpg 510w\" sizes=\"(max-width: 1020px) 100vw, 1020px\" title=\"\">\t\t\t\t\t\t\n\t\t\t\t\t<\/div>\n\t\t\t\t\t\t\t\t\n<style>\n#image_117212207 {\n  width: 100%;\n}\n<\/style>\n\t<\/div>\n\t\n<p>]Pour la s\u00e9curit\u00e9 <strong>Le retour au z\u00e9ro est assur\u00e9 par la but\u00e9e z\u00e9ro facile \u00e0 r\u00e9gler.<\/strong> ( Zerostop). La lunette de vis\u00e9e Nighteagle 2,5-15\u00d750 r\u00e9pond \u00e0 toutes les exigences d'une chasse en mouvement gr\u00e2ce \u00e0 un champ de vision de 13,5 m (avec un grossissement de 2,5 fois).<\/p>\n<p>Ce <strong>L'optique avec zoom 6x offre des images brillantes et contrast\u00e9es avec une luminosit\u00e9 tr\u00e8s \u00e9lev\u00e9e.<\/strong> de la gamme. La Nighteagle 2,5-15\u00d750 est donc pr\u00e9destin\u00e9e aux chasseurs exigeants, aux tireurs longue distance techniquement chevronn\u00e9s et aux tireurs sportifs qui souhaitent une <strong>Lunette de vis\u00e9e longue port\u00e9e avec des performances optiques maximales<\/strong> chercher.<\/p>\n<h3>Lunette de vis\u00e9e DDoptics 2,5-15\u00d750 Nighteagle - transmission de la lumi\u00e8re avec des valeurs de pointe<\/h3>\n<p>Le site <strong>optique enti\u00e8rement trait\u00e9e<\/strong>La technologie de pointe de l'objectif, qui ne laisse passer aucun reflet, offre une image extr\u00eamement contrast\u00e9e et fid\u00e8le aux couleurs, avec des caract\u00e9ristiques de nettet\u00e9 exceptionnelles. M\u00eame le contre-jour n'est pas g\u00eanant en raison de la faible quantit\u00e9 de lumi\u00e8re parasite. Le site <strong>La transmission lumineuse atteint des valeurs maximales de 94,7% (jour) et 93% (nuit).<\/strong> Les deux mod\u00e8les sont dot\u00e9s d'un syst\u00e8me d'\u00e9clairage qui permet une r\u00e9ponse s\u00fbre jusqu'\u00e0 la derni\u00e8re lumi\u00e8re de l'arme.<\/p>\n<h3>R\u00e9ticule ZF 4 (A4N) nouvellement d\u00e9velopp\u00e9 sur <a href=\"https:\/\/ddoptics.shop\/fr\/mot-technique\/voir-le-deuxieme-niveau-dimage\/\" target=\"_blank\" rel=\"noopener\" data-schema-attribute=\"\">2\u00e8me plan de l'image<\/a><\/h3>\n<p>Le site <strong>r\u00e9ticule 4 nouvellement d\u00e9velopp\u00e9<\/strong> de DDoptics fait <strong>plus d'espace pour une r\u00e9ponse propre.<\/strong><\/p>\n<figure id=\"attachment_1951\" aria-describedby=\"caption-attachment-1951\" style=\"width: 250px\" class=\"wp-caption alignright\"><a href=\"https:\/\/ddoptics.shop\/wp-content\/uploads\/2016\/04\/Neues-DDoptics-Absehen.jpg\" rel=\"attachment wp-att-1951\"><img decoding=\"async\" class=\"wp-image-1951\" src=\"https:\/\/ddoptics.shop\/wp-content\/uploads\/2016\/04\/Neues-DDoptics-Absehen-340x340.jpg\" alt=\"Nouveau r\u00e9ticule 4 de DDoptics\" width=\"250\" height=\"199\" title=\"\" srcset=\"https:\/\/ddoptics.shop\/wp-content\/uploads\/2016\/04\/Neues-DDoptics-Absehen-304x242.jpg 304w, https:\/\/ddoptics.shop\/wp-content\/uploads\/2016\/04\/Neues-DDoptics-Absehen-305x243.jpg 305w, https:\/\/ddoptics.shop\/wp-content\/uploads\/2016\/04\/Neues-DDoptics-Absehen-632x503.jpg 632w, https:\/\/ddoptics.shop\/wp-content\/uploads\/2016\/04\/Neues-DDoptics-Absehen.jpg 800w, https:\/\/ddoptics.shop\/wp-content\/uploads\/2016\/04\/Neues-DDoptics-Absehen-250x199.jpg 250w, https:\/\/ddoptics.shop\/wp-content\/uploads\/2016\/04\/Neues-DDoptics-Absehen-510x406.jpg 510w\" sizes=\"(max-width: 250px) 100vw, 250px\" \/><\/a><figcaption id=\"caption-attachment-1951\" class=\"wp-caption-text\">Nouveau r\u00e9ticule 4 de DDoptics<\/figcaption><\/figure>\n<p>Pour vous donner un avantage d\u00e9cisif, nous avons tout simplement r\u00e9duit les barres \u00e9paisses \u00e0 la moiti\u00e9 de l'\u00e9paisseur du format A4 et doubl\u00e9 la distance (au milieu) entre les barres \u00e9paisses.<\/p>\n<p><strong>Avec le nouveau r\u00e9ticule, l'image dans son ensemble est plus claire, plus grande et plus lisible.<\/strong> Malgr\u00e9 cela, on peut encore bien percevoir le r\u00e9ticule dans la nuit. Le site <strong>Le r\u00e9ticule 4 se trouve dans le plan focal de l'oculaire (2e plan focal).<\/strong> et reste donc toujours de la m\u00eame taille lors du changement de grossissement.<\/p>\n<p>Sur <strong>grossissement maximal de 15 fois, le r\u00e9ticule ne cache que tr\u00e8s peu la cible.<\/strong> Pour chaque clic, le r\u00e9ticule se d\u00e9place de 1 cm \u00e0 100 m\u00e8tres, de 2 cm \u00e0 200 m\u00e8tres, etc. Plage de r\u00e9glage totale :<\/p>\n<ul>\n<li>27,5 MRAD - 275 clics - 2,75 m<\/li>\n<li>Course de r\u00e9glage \/ clic sur 100 m : 1 cm<\/li>\n<li>Course de r\u00e9glage \/ clic sur 200 m : 2 cm<\/li>\n<li>Course de r\u00e9glage \/ clic \u00e0 300 m : 3 cm<\/li>\n<li>Course de r\u00e9glage \/ clic sur 600 m : 6 cm<\/li>\n<\/ul>\n<p>Le site <strong>le r\u00e9glage par clic est parfaitement r\u00e9p\u00e9titif<\/strong> et peut \u00eatre remis \u00e0 z\u00e9ro apr\u00e8s l'initialisation (au cas o\u00f9 l'on utiliserait plusieurs laboratoires). La compensation de parallaxe lat\u00e9rale (de 20 yards \u00e0 l'infini) prot\u00e8ge de la vision oblique et assure en outre une image parfaitement nette et sans fatigue, quel que soit le r\u00e9glage de grossissement.<\/p>\n<h3>Fabrication robuste, montage facile<\/h3>\n<p>Le site <strong>DDoptics Nighteagle 2,5-15\u00d750 est remplie d'azote et donc enti\u00e8rement \u00e9tanche<\/strong> <strong>et prot\u00e9g\u00e9s contre la ferrure int\u00e9rieure.<\/strong> Le tube de la lunette de vis\u00e9e (diam\u00e8tre : 30 mm, longueur : 361,5 mm, poids : 640g) est fabriqu\u00e9 d'une seule pi\u00e8ce en duralumin et anodis\u00e9 dur. Ce nouveau rev\u00eatement est particuli\u00e8rement lisse, antisalissant et extr\u00eamement r\u00e9sistant aux rayures.<\/p>\n<h3>Point lumineux de la lunette de vis\u00e9e \u00e0 variation fine de DDoptics<\/h3>\n<p>Le site <strong>Point lumineux en fibre optique<\/strong>, (en option, moyennant un suppl\u00e9ment de 99 \u20ac, \u00e9galement en <strong>version automatique IFiber<\/strong> disponible) de DDoptics, \u00e9quip\u00e9 d'un circuit \u00e9lectronique enti\u00e8rement revu, est si petit qu'il ne couvre qu'un minimum de cible.<\/p>\n<p>Gr\u00e2ce \u00e0 la <strong>la technique de la fibre optique, le point lumineux est \u00e9clair\u00e9 en cas de forte variation de l'intensit\u00e9 lumineuse.<\/strong> non seulement plus sombre, mais aussi plus fin. Le point lumineux peut \u00eatre att\u00e9nu\u00e9 en continu de 100 pour cent jusqu'\u00e0 ce qu'il ne soit plus perceptible par l'\u0153il humain.<\/p>\n<p>Le r\u00e9ticule fonctionne alors comme une optique de vis\u00e9e sans unit\u00e9 lumineuse. Lorsque le point lumineux est activ\u00e9, il n'y a ni lumi\u00e8re g\u00eanante ni r\u00e9flexions \u00e0 l'int\u00e9rieur de l'optique. L'unit\u00e9 d'\u00e9clairage \u00e9tant fabriqu\u00e9e \u00e0 la main, les souhaits particuliers des clients peuvent \u00eatre pris en compte individuellement.<\/p>\n<h3>Optique cible Distance interpupillaire et r\u00e9glage dioptrique<\/h3>\n<p>La distance entre les yeux est plus que suffisante : 89 mm. Pour le <strong>un demi-tour seulement est n\u00e9cessaire sur toute la plage d'agrandissement<\/strong>. L'extr\u00e9mit\u00e9 caoutchout\u00e9e de l'oculaire permet de r\u00e9gler facilement la dioptrie (-3 \u00e0 +4) gr\u00e2ce \u00e0 un ajustement stri\u00e9.<\/p>","protected":false},"excerpt":{"rendered":"<p><img decoding=\"async\" class=\"alignnone wp-image-10452 size-full\" title=\"Tir sportif\" src=\"https:\/\/ddoptics.shop\/wp-content\/uploads\/2016\/07\/Target-Schiessen.jpg\" alt=\"Tir sportif Target\" width=\"50\" height=\"50\" \/><img decoding=\"async\" class=\"alignnone wp-image-10168 size-full\" title=\"Chasse \u00e0 l&#039;approche\" src=\"https:\/\/ddoptics.shop\/wp-content\/uploads\/2016\/09\/Jagd-klein.jpg\" alt=\"Jumelles de chasse\" width=\"50\" height=\"50\" \/><img decoding=\"async\" class=\"alignnone wp-image-10178 size-full\" title=\"Chasse en montagne\" src=\"https:\/\/ddoptics.shop\/wp-content\/uploads\/2016\/04\/Gebirgsjagd-klein.jpg\" alt=\"Jumelles de chasse en montagne\" width=\"50\" height=\"50\" \/><\/p>\n<p>Le site <strong>Lunette de vis\u00e9e universelle tr\u00e8s lumineuse V6 2,5-15\u00d750 Gen 3<\/strong> avec\u00a0<strong>Zoom 6x,\u00a0<span style=\"color: #ff0000;\">r\u00e9ticule nouvellement d\u00e9velopp\u00e9 <span style=\"color: #ed1c24;\">4<\/span><\/span><span style=\"color: #ed1c24;\">\u00a0et r\u00e9glage MRAD<\/span> convainc\u00a0<\/strong>par sa polyvalence \u00e0 la chasse. <strong>En option avec le syst\u00e8me intelligent <a title=\"NOUVEAU point lumineux IFiber de DDoptics\" href=\"\/fr\/wiki-sur-les-mots-techniques\/point-lumineux-intelligent-ddoptics-ifiber\/\" target=\"_blank\" rel=\"noopener noreferrer\">IFiber Point lumineux<\/a> pour seulement \u20ac99,- de suppl\u00e9ment.<\/strong><\/p>\n<a href=\"https:\/\/amzn.to\/3z3OFH8\" target=\"_blank\" class=\"button success is-success is-small\" rel=\"\u201dnofollow\u201d noopener\" >\n\t\t<span>client amazon ? - profiter des avantages prime ?<\/span>\n\t<\/a>","protected":false},"featured_media":12182,"comment_status":"open","ping_status":"closed","template":"","meta":{"inline_featured_image":false,"footnotes":""},"product_brand":[],"product_cat":[478,453,638,697,640,641,919,637,68],"product_tag":[586,78,80,698,1098,79],"class_list":{"0":"post-12177","1":"product","2":"type-product","3":"status-publish","4":"has-post-thumbnail","6":"product_cat-25-15x50","7":"product_cat-50-mm-objektivdurchmesser","8":"product_cat-ansitzjagd","9":"product_cat-mrad-klickverstellung","10":"product_cat-pirschjagd-und-gebirgsjagd","11":"product_cat-sportschiessen","12":"product_cat-v6-6-fach-zoom","13":"product_cat-zf-anwendung","14":"product_cat-zielfernrohr","15":"product_tag-2-5-15x50","16":"product_tag-ddoptics","17":"product_tag-gen-3","18":"product_tag-mrad-1-cm-klickverstellung","19":"product_tag-nighteagle","20":"product_tag-zielfernrohr","21":"product_shipping_class-paket","22":"pa_brand-marke-ddoptics","23":"pa_produkt-typ-zielfernrohr","25":"first","26":"instock","27":"sale","28":"taxable","29":"shipping-taxable","30":"purchasable","31":"product-type-bundle"},"bundled_by":[],"bundle_stock_status":"instock","bundle_stock_quantity":40,"bundle_virtual":false,"bundle_layout":"default","bundle_add_to_cart_form_location":"default","bundle_editable_in_cart":false,"bundle_sold_individually_context":"product","bundle_item_grouping":"parent","bundle_min_size":"","bundle_max_size":"","bundle_price":{"price":{"min":{"incl_tax":"895.01","excl_tax":"745.84"},"max":{"incl_tax":"999.32","excl_tax":"832.76"}},"regular_price":{"min":{"incl_tax":"995.01","excl_tax":"829.18"},"max":{"incl_tax":"1110.9","excl_tax":"925.75"}}},"bundled_items":[{"bundled_item_id":54,"product_id":12809,"menu_order":0,"quantity_min":1,"quantity_max":1,"quantity_default":1,"priced_individually":true,"shipped_individually":false,"override_title":true,"title":"","override_description":false,"description":"","optional":false,"hide_thumbnail":true,"discount":"","override_variations":true,"allowed_variations":[12810,12811],"override_default_variation_attributes":false,"default_variation_attributes":[],"single_product_visibility":"visible","cart_visibility":"visible","order_visibility":"visible","single_product_price_visibility":"visible","cart_price_visibility":"visible","order_price_visibility":"visible","stock_status":"in_stock"},{"bundled_item_id":55,"product_id":12812,"menu_order":1,"quantity_min":1,"quantity_max":1,"quantity_default":1,"priced_individually":true,"shipped_individually":false,"override_title":true,"title":"Presque un cadeau en plus - Flip Caps","override_description":false,"description":"","optional":true,"hide_thumbnail":false,"discount":"68.55","override_variations":true,"allowed_variations":[12817],"override_default_variation_attributes":true,"default_variation_attributes":[{"id":17,"name":"Taille de la lunette de vis\u00e9e","option":"25-15x50"}],"single_product_visibility":"visible","cart_visibility":"visible","order_visibility":"visible","single_product_price_visibility":"visible","cart_price_visibility":"visible","order_price_visibility":"visible","stock_status":"in_stock"}],"bundle_sell_ids":[],"_links":{"self":[{"href":"https:\/\/ddoptics.shop\/fr\/wp-json\/wp\/v2\/product\/12177","targetHints":{"allow":["GET"]}}],"collection":[{"href":"https:\/\/ddoptics.shop\/fr\/wp-json\/wp\/v2\/product"}],"about":[{"href":"https:\/\/ddoptics.shop\/fr\/wp-json\/wp\/v2\/types\/product"}],"replies":[{"embeddable":true,"href":"https:\/\/ddoptics.shop\/fr\/wp-json\/wp\/v2\/comments?post=12177"}],"version-history":[{"count":17,"href":"https:\/\/ddoptics.shop\/fr\/wp-json\/wp\/v2\/product\/12177\/revisions"}],"predecessor-version":[{"id":29223,"href":"https:\/\/ddoptics.shop\/fr\/wp-json\/wp\/v2\/product\/12177\/revisions\/29223"}],"wp:featuredmedia":[{"embeddable":true,"href":"https:\/\/ddoptics.shop\/fr\/wp-json\/wp\/v2\/media\/12182"}],"wp:attachment":[{"href":"https:\/\/ddoptics.shop\/fr\/wp-json\/wp\/v2\/media?parent=12177"}],"wp:term":[{"taxonomy":"product_brand","embeddable":true,"href":"https:\/\/ddoptics.shop\/fr\/wp-json\/wp\/v2\/product_brand?post=12177"},{"taxonomy":"product_cat","embeddable":true,"href":"https:\/\/ddoptics.shop\/fr\/wp-json\/wp\/v2\/product_cat?post=12177"},{"taxonomy":"product_tag","embeddable":true,"href":"https:\/\/ddoptics.shop\/fr\/wp-json\/wp\/v2\/product_tag?post=12177"}],"curies":[{"name":"wp","href":"https:\/\/api.w.org\/{rel}","templated":true}]}}