{"id":12245,"date":"2018-01-29T13:37:15","date_gmt":"2018-01-29T12:37:15","guid":{"rendered":"https:\/\/ddoptics.shop\/?post_type=product&#038;p=12245"},"modified":"2025-07-04T10:37:47","modified_gmt":"2025-07-04T08:37:47","slug":"lunette-de-visee-nighteagle-1-6x24-gen-3-crosshair","status":"publish","type":"product","link":"https:\/\/ddoptics.shop\/fr\/kaufen\/zielfernrohr-nighteagle-1-6x24-gen-3-crosshair\/","title":{"rendered":"Lunette de vis\u00e9e Nighteagle V6 1-6\u00d724 Gen 3 de DDoptics Crosshair | R\u00e9glage MRAD - Gen 3"},"content":{"rendered":"<div class=\"container section-title-container\" ><h3 class=\"section-title section-title-normal\"><b aria-hidden=\"true\"><\/b><span class=\"section-title-main\" ><i class=\"icon-cross\" aria-hidden=\"true\"><\/i>Aper\u00e7u rapide de la lunette de vis\u00e9e DDoptics V6 1-6x24 Gen 3 MRAD<\/span><b aria-hidden=\"true\"><\/b><\/h3><\/div>\n<table style=\"background-color: #cacaca; width: 100%;\">\n<tbody>\n<tr style=\"height: 24px;\">\n<td style=\"height: 24px; width: 20%;\"><strong>Tube<\/strong><\/td>\n<td style=\"height: 24px; width: 30%;\">Tube mono de 30 mm<\/td>\n<td style=\"height: 24px; width: 20%;\"><strong>Champ de vision : m @100m<\/strong><\/td>\n<td style=\"height: 24px; width: 30%;\">37,8 - 6,3 m<\/td>\n<\/tr>\n<tr style=\"height: 24px;\">\n<td style=\"height: 24px; width: 20%;\"><strong>Syst\u00e8me optique<\/strong><\/td>\n<td style=\"height: 24px; width: 30%;\">1-6- fois<\/td>\n<td style=\"height: 24px; width: 20%;\">\u00a0<strong>Distance entre les yeux<\/strong><\/td>\n<td style=\"height: 24px; width: 30%;\">99 - 100 mm<\/td>\n<\/tr>\n<tr style=\"height: 24px;\">\n<td style=\"height: 24px; width: 20%;\"><strong>Objectif<\/strong><\/td>\n<td style=\"height: 24px; width: 30%;\">24 mm<\/td>\n<td style=\"height: 24px; width: 20%;\">\u00a0<strong>Longueur<\/strong><\/td>\n<td style=\"height: 24px; width: 30%;\">261 mm<\/td>\n<\/tr>\n<tr style=\"height: 24px;\">\n<td style=\"height: 24px; width: 20%;\"><strong>R\u00e9ticule<\/strong><\/td>\n<td style=\"height: 24px; width: 30%;\">Crosshair<\/td>\n<td style=\"height: 24px; width: 20%;\">\u00a0<strong>Poids<\/strong><\/td>\n<td style=\"height: 24px; width: 30%;\">535 g<\/td>\n<\/tr>\n<tr style=\"height: 24px;\">\n<td style=\"height: 24px; width: 20%;\"><strong>Point lumineux<\/strong><\/td>\n<td style=\"height: 24px; width: 30%;\">Standard ou iFiber<\/td>\n<td style=\"height: 24px; width: 20%;\">\u00a0<strong>Protection contre la bu\u00e9e<\/strong><\/td>\n<td style=\"height: 24px; width: 30%;\">Remplissage d'azote contre la bu\u00e9e<\/td>\n<\/tr>\n<tr style=\"height: 24px;\">\n<td style=\"height: 24px; width: 20%;\"><strong>Focus\/Parallaxe<\/strong><\/td>\n<td style=\"height: 24px; width: 30%;\">Objectif r\u00e9glable 25 m \u00e0 l'infini<\/td>\n<td style=\"height: 24px; width: 20%;\">\u00a0<strong>\u00c9tanch\u00e9it\u00e9<\/strong><\/td>\n<td style=\"height: 24px; width: 30%;\">R\u00e9sistant \u00e0 l'eau et aux chocs<\/td>\n<\/tr>\n<\/tbody>\n<\/table>\n<div class=\"row\"  id=\"row-845031043\">\n\n\t<div id=\"col-1872650236\" class=\"col medium-8 small-12 large-8\"  >\n\t\t\t\t<div class=\"col-inner\"  >\n\t\t\t\n\t\t\t\n<h2>Lunette de vis\u00e9e Nighteagle 1-6\u00d724 V6 de DDoptics - ZF compact avec zoom 6x, r\u00e9ticule Crosshair et r\u00e9glage MRAD - 1 cm \/ 100 m par clic<\/h2>\n<blockquote><p>La nouvelle 3e g\u00e9n\u00e9ration de lunettes de vis\u00e9e DDoptics<\/p><\/blockquote>\n<p>Comme toutes les optiques de vis\u00e9e de troisi\u00e8me g\u00e9n\u00e9ration, le <strong>DDoptics V6 1-6\u00d724 HDX<\/strong> sur ces \u00e9quipements.<\/p>\n<p>Outre l'am\u00e9lioration de l'optique (meilleur traitement, verre CT, moins d'erreurs de centrage et meilleure transmission de la lumi\u00e8re), ce sont surtout les nouvelles tours m\u00e9talliques avec la plus grande duret\u00e9 0,1 <a href=\"https:\/\/ddoptics.shop\/fr\/mot-technique\/calcul-de-la-minute-dangle-ou-moa-pour-les-lunettes-de-visee\/\" target=\"_blank\" rel=\"noopener noreferrer\">MRAD<\/a> Le r\u00e9glage par clic, y compris le Zerostop, et le r\u00e9ticule Corsshair nouvellement d\u00e9velopp\u00e9, qui est compos\u00e9 de ce <strong>Lunette de vis\u00e9e DDoptics<\/strong> faire quelque chose de tr\u00e8s sp\u00e9cial.<\/p>\n<h3>DDoptics V6 - Lunette de vis\u00e9e 1-6\u00d724 avec champ de vision ultra-large<\/h3>\n<p>Le site <strong>DDoptics optique de vis\u00e9e 1-6\u00d724 V6<\/strong> HDX ne laisse rien \u00e0 d\u00e9sirer pour les chasseurs exigeants qui recherchent une optique de vis\u00e9e moderne pour la chasse en battue.<\/p>\n<p>Avec une compacte <strong>longueur totale de 261 mm, un poids de 500 g et un diam\u00e8tre de tube de 30 mm<\/strong> l'optique de vis\u00e9e est maniable et s'adapte \u00e0 tous les fusils. Cette optique de vis\u00e9e est dot\u00e9e d'un champ de vision extr\u00eamement large de 37,8 m\u00e8tres \u00e0 100 m\u00e8tres.<\/p>\n<p>Le site <strong>Lunette de vis\u00e9e pour la chasse en battue<\/strong> correspond, au niveau de grossissement le plus bas, \u00e0 un r\u00e9ticule Red-Dot et garantit ainsi l'un des points les plus importants lors de la chasse en mouvement, \u00e0 savoir l'acquisition rapide de la cible.<\/p>\n<p>Le nouveau <strong>R\u00e9ticule Crosshair<\/strong> a \u00e9t\u00e9 sp\u00e9cialement con\u00e7u pour la chasse en battue.<\/p>\n\t\t<\/div>\n\t\t\t\t\t<\/div>\n\n\t\n\n\t<div id=\"col-999177629\" class=\"col medium-4 small-12 large-4\"  >\n\t\t\t\t<div class=\"col-inner\"  >\n\t\t\t\n\t\t\t\n<a class=\"button primary expand\" >\n\t\t<span>Particularit\u00e9s de la lunette de vis\u00e9e<\/span>\n\t<\/a>\n\n\n\t<section class=\"section\" id=\"section_563496053\">\n\t\t<div class=\"section-bg fill\" >\n\t\t\t\t\t\t\t\t\t<div class=\"section-bg-overlay absolute fill\"><\/div>\n\t\t\t\n\n\t\t<\/div>\n\n\t\t\n\n\t\t<div class=\"section-content relative\">\n\t\t\t\n\t<div class=\"img has-hover x md-x lg-x y md-y lg-y\" id=\"image_1406218095\">\n\t\t<a class=\"\" href=\"https:\/\/www.ddoptics.de\/garantiebestimmungen\" target=\"_blank\" rel=\"no follow noopener\">\t\t\t\t\t\t<div class=\"img-inner dark\" >\n\t\t\t<img decoding=\"async\" width=\"352\" height=\"160\" src=\"https:\/\/ddoptics.shop\/wp-content\/uploads\/2014\/09\/DDoptics-Garantie.jpg\" class=\"attachment-large size-large\" alt=\"Garantie DDoptics\" srcset=\"https:\/\/ddoptics.shop\/wp-content\/uploads\/2014\/09\/DDoptics-Garantie.jpg 352w, https:\/\/ddoptics.shop\/wp-content\/uploads\/2014\/09\/DDoptics-Garantie-304x138.jpg 304w, https:\/\/ddoptics.shop\/wp-content\/uploads\/2014\/09\/DDoptics-Garantie-305x139.jpg 305w, https:\/\/ddoptics.shop\/wp-content\/uploads\/2014\/09\/DDoptics-Garantie-250x114.jpg 250w\" sizes=\"(max-width: 352px) 100vw, 352px\" title=\"\">\t\t\t\t\t\t\n\t\t\t\t\t<\/div>\n\t\t\t\t\t\t<\/a>\t\t\n<style>\n#image_1406218095 {\n  width: 100%;\n}\n<\/style>\n\t<\/div>\n\t\n\t<div id=\"gap-1665087116\" class=\"gap-element clearfix\" style=\"display:block; height:auto;\">\n\t\t\n<style>\n#gap-1665087116 {\n  padding-top: 15px;\n}\n<\/style>\n\t<\/div>\n\t\n\t<div id=\"text-510664989\" class=\"text\">\n\t\t\n<p><span style=\"font-size: 80%;\"><em>\u21d2 R\u00e9glage du r\u00e9ticule en m\u00e9tal<\/em><\/span><br \/>\n<span style=\"font-size: 80%;\"><em><strong>\u21d2 CT verre<\/strong> (Transmission claire)<\/em><\/span><br \/>\n<span style=\"font-size: 80%;\"><em><strong>\u21d2 Double mise \u00e0 l'\u00e9chelle<\/strong><\/em><\/span><br \/>\n<span style=\"font-size: 80%;\"><em>\u21d2 Transmission lumineuse extr\u00eame jusqu'\u00e0 94,7%<\/em><\/span><br \/>\n<span style=\"font-size: 80%;\"><em><strong>\u21d2 cliquet tactique dur<\/strong><\/em><\/span><br \/>\n<span style=\"font-size: 80%;\"><em><strong>\u21d2 IFiber Control<\/strong> possible<\/em><\/span><br \/>\n<span style=\"font-size: 80%;\"><em><strong>\u21d2 R\u00e9ticule Crosshair<\/strong> dans le 2e plan de l'image<\/em><\/span><br \/>\n<span style=\"font-size: 80%;\"><em>\u21d2 But\u00e9e z\u00e9ro \/ <strong>Zerostop<\/strong><\/em><\/span><br \/>\n<span style=\"font-size: 80%;\"><em>\u21d2 Test de r\u00e9sistance aux balles : <a href=\"https:\/\/de.wikipedia.org\/wiki\/.375_Holland_%26_Holland_Magnum\" target=\"_blank\" rel=\"noopener sponsored\" data-schema-attribute=\"\">375 H&amp;H<\/a> 1000 coups<\/em><\/span><br \/>\n<span style=\"font-size: 80%;\"><em><strong>\u21d2 Compensation de parallaxe r\u00e9glable en continu<\/strong><\/em><\/span><br \/>\n<span style=\"font-size: 80%;\"><em>\u21d2 Clic dur tactique de 0,1 MRAD (1cm\/clic)<\/em><\/span><br \/>\n<span style=\"font-size: 80%;\"><em>\u21d2 Course de r\u00e9glage 484 clics<\/em><\/span><br \/>\n\t\t\n<style>\n#text-510664989 {\n  line-height: 1.15;\n  color: rgb(33, 107, 227);\n}\n#text-510664989 > * {\n  color: rgb(33, 107, 227);\n}\n<\/style>\n\t<\/div>\n\t\n\t\t<\/div>\n\n\t\t\n<style>\n#section_563496053 {\n  padding-top: 30px;\n  padding-bottom: 30px;\n  background-color: rgb(232, 232, 232);\n}\n#section_563496053 .section-bg-overlay {\n  background-color: rgba(255,255,255,.5);\n}\n<\/style>\n\t<\/section>\n\t\n\t\t<\/div>\n\t\t\t\t\t<\/div>\n\n\t\n<\/div>\n\t<div class=\"img has-hover x md-x lg-x y md-y lg-y\" id=\"image_1302521695\">\n\t\t\t\t\t\t\t\t<div class=\"img-inner dark\" >\n\t\t\t<img decoding=\"async\" width=\"1020\" height=\"295\" src=\"https:\/\/ddoptics.shop\/wp-content\/uploads\/2018\/01\/Zeichnung-V6-1-6x24.jpg\" class=\"attachment-large size-large\" alt=\"DDoptics Lunette de vis\u00e9e V6 1-6x24 Dessin\" srcset=\"https:\/\/ddoptics.shop\/wp-content\/uploads\/2018\/01\/Zeichnung-V6-1-6x24.jpg 1400w, https:\/\/ddoptics.shop\/wp-content\/uploads\/2018\/01\/Zeichnung-V6-1-6x24-304x88.jpg 304w, https:\/\/ddoptics.shop\/wp-content\/uploads\/2018\/01\/Zeichnung-V6-1-6x24-305x88.jpg 305w, https:\/\/ddoptics.shop\/wp-content\/uploads\/2018\/01\/Zeichnung-V6-1-6x24-632x183.jpg 632w, https:\/\/ddoptics.shop\/wp-content\/uploads\/2018\/01\/Zeichnung-V6-1-6x24-800x231.jpg 800w, https:\/\/ddoptics.shop\/wp-content\/uploads\/2018\/01\/Zeichnung-V6-1-6x24-250x72.jpg 250w, https:\/\/ddoptics.shop\/wp-content\/uploads\/2018\/01\/Zeichnung-V6-1-6x24-510x148.jpg 510w\" sizes=\"(max-width: 1020px) 100vw, 1020px\" title=\"\">\t\t\t\t\t\t\n\t\t\t\t\t<\/div>\n\t\t\t\t\t\t\t\t\n<style>\n#image_1302521695 {\n  width: 100%;\n}\n<\/style>\n\t<\/div>\n\t\n<div class=\"is-divider divider clearfix\" ><\/div>\n<h3>Grand zoom, pupille de sortie imposante pour les DDoptics V6 1-6\u00d724<\/h3>\n<p>Gr\u00e2ce \u00e0 son <strong>6x, les jumelles 1-6\u00d724 V6 HDX sont tr\u00e8s faciles \u00e0 utiliser.<\/strong> de prendre la responsabilit\u00e9 de tirer \u00e0 de plus grandes distances. Par exemple, lorsque le gibier se d\u00e9place loin devant les chasseurs ou qu'il s'emballe.<\/p>\n<p>Une garantie suppl\u00e9mentaire d'une frappe rapide et s\u00fbre est la <strong>grande pupille de sortie (12,0-4,06 mm) pour la lunette de vis\u00e9e<\/strong>. Le chasseur peut ainsi atteindre sa cible plus rapidement, \u00e0 quelques fractions de seconde pr\u00e8s.<\/p>\n<h3>Point lumineux clair dans le r\u00e9ticule de la lunette de vis\u00e9e pour la chasse en battue<\/h3>\n<p>Le site <strong>nouveau r\u00e9ticule Crosshair<\/strong> reste de taille inchang\u00e9e lors du changement de grossissement ( 2\u00e8me plan de l'image) et est<strong> point lumineux en fibre de verre rouge, fin et sans reflet<\/strong> qui peut \u00eatre modul\u00e9 avec pr\u00e9cision et en continu.<\/p>\n<p>L'unit\u00e9 de points lumineux est plac\u00e9e de mani\u00e8re conviviale sur l'oculaire. La technologie de la fibre optique assure <strong>Effets secondaires et de transition exclus<\/strong> ne sont pas visibles. Lorsque le point lumineux est activ\u00e9, il n'y a donc ni surbrillance g\u00eanante ni reflets.<\/p>\n<p><strong>Le site <a href=\"https:\/\/ddoptics.shop\/fr\/mot-technique\/les-reticules-des-lunettes-de-visee\/\" target=\"_blank\" rel=\"noopener\" data-schema-attribute=\"\">R\u00e9ticule<\/a> se d\u00e9place de 0,1 MRAD (1 cm \u00e0 100 m) par clic.<\/strong> Le r\u00e9glage tactique dur par clic fonctionne de mani\u00e8re absolument r\u00e9p\u00e9titive. La bague interchangeable pour le grossissement\/r\u00e9duction du r\u00e9ticule sur l'oculaire est antid\u00e9rapante et ne glisse pas.<\/p>\n<p><strong>Plage de r\u00e9glage totale pour l'optique de vis\u00e9e :<\/strong><\/p>\n<ul>\n<li>484 clics<\/li>\n<li>correspond \u00e0 48,4 MRAD<\/li>\n<li>correspond \u00e0 24,2 MRAD par page<\/li>\n<\/ul>\n<h3>Recommandation d'utilisation v6 1-6\u00d724<\/h3>\n<p>Un champ d'action extr\u00eamement large <strong>Un champ visuel de pr\u00e8s de 40 m\u00e8tres, un zoom 6x<\/strong> pour une vis\u00e9e confortable m\u00eame \u00e0 de plus grandes distances, telles sont les caract\u00e9ristiques exceptionnelles de l'optique de vis\u00e9e 1-6\u00d724 V6 HDX pour l'IPSC, la chasse en battue et la chasse en mouvement.<\/p>\n<p>Un point lumineux en fibre de verre sans reflet et parfaitement perceptible conf\u00e8re au chasseur une grande s\u00e9curit\u00e9 lors de la chasse. <strong>rapide de la cible et lors d'un tir fugitif.<\/strong> Recommand\u00e9 sans restriction pour toutes les disciplines IPSC Rifle.<\/p>","protected":false},"excerpt":{"rendered":"<p><img decoding=\"async\" class=\"size-full wp-image-10471 alignnone\" src=\"https:\/\/ddoptics.shop\/wp-content\/uploads\/2016\/04\/Ansitz-Jagd.jpg\" alt=\"Chasse \u00e0 l&#039;approche\" width=\"50\" height=\"50\" \/><img decoding=\"async\" class=\"wp-image-10452 size-full alignnone\" src=\"https:\/\/ddoptics.shop\/wp-content\/uploads\/2016\/07\/Target-Schiessen.jpg\" alt=\"Tir sportif Target\" width=\"50\" height=\"50\" \/><img decoding=\"async\" class=\"size-full wp-image-10168 alignnone\" src=\"https:\/\/ddoptics.shop\/wp-content\/uploads\/2016\/09\/Jagd-klein.jpg\" alt=\"Jumelles de chasse\" width=\"50\" height=\"50\" \/><img decoding=\"async\" class=\"size-full wp-image-10180 alignnone\" src=\"https:\/\/ddoptics.shop\/wp-content\/uploads\/2016\/04\/Bergwandern-klein.jpg\" alt=\"Jumelles de randonn\u00e9e en montagne\" width=\"50\" height=\"50\" \/><br \/>\nV6 HDX - Le sp\u00e9cialiste de la chasse en battue de <strong>DDoptics V6 1-6\u00d724<\/strong> avec r\u00e9ticule Crosshair.  Cette optique de vis\u00e9e est dot\u00e9e d'un champ de vision extr\u00eamement large de 37,8 m \u00e0 100m. <strong>En option avec le syst\u00e8me intelligent <a title=\"NOUVEAU point lumineux IFiber de DDoptics\" href=\"\/fr\/wiki-sur-les-mots-techniques\/point-lumineux-intelligent-ddoptics-ifiber\/\" target=\"_blank\" rel=\"noopener noreferrer\">IFiber Point lumineux<\/a> avec un suppl\u00e9ment de \u20ac99.<\/strong><\/p>","protected":false},"featured_media":12253,"comment_status":"open","ping_status":"closed","template":"","meta":{"inline_featured_image":false,"footnotes":""},"product_brand":[],"product_cat":[710,452,949,639,697,640,919,637,68],"product_tag":[708,78,709,80,698],"class_list":{"0":"post-12245","1":"product","2":"type-product","3":"status-publish","4":"has-post-thumbnail","6":"product_cat-1-6x24","7":"product_cat-24-mm-objektivdurchmesser","8":"product_cat-messeaktion","9":"product_cat-bewegungsjagd","10":"product_cat-mrad-klickverstellung","11":"product_cat-pirschjagd-und-gebirgsjagd","12":"product_cat-v6-6-fach-zoom","13":"product_cat-zf-anwendung","14":"product_cat-zielfernrohr","15":"product_tag-1-6x24","16":"product_tag-ddoptics","17":"product_tag-drueckjagdzielfernrohr","18":"product_tag-gen-3","19":"product_tag-mrad-1-cm-klickverstellung","20":"product_shipping_class-paket","21":"pa_brand-marke-ddoptics","22":"pa_produkt-typ-zielfernrohr","24":"first","25":"outofstock","26":"sale","27":"taxable","28":"shipping-taxable","29":"purchasable","30":"product-type-bundle"},"bundled_by":[],"bundle_stock_status":"outofstock","bundle_stock_quantity":0,"bundle_virtual":false,"bundle_layout":"default","bundle_add_to_cart_form_location":"default","bundle_editable_in_cart":false,"bundle_sold_individually_context":"product","bundle_item_grouping":"parent","bundle_min_size":"","bundle_max_size":"","bundle_price":{"price":{"min":{"incl_tax":"775.01","excl_tax":"645.84"},"max":{"incl_tax":"879.32","excl_tax":"732.76"}},"regular_price":{"min":{"incl_tax":"1149.01","excl_tax":"957.51"},"max":{"incl_tax":"1264.9","excl_tax":"1054.08"}}},"bundled_items":[{"bundled_item_id":52,"product_id":12809,"menu_order":0,"quantity_min":1,"quantity_max":1,"quantity_default":1,"priced_individually":true,"shipped_individually":false,"override_title":true,"title":"","override_description":false,"description":"","optional":false,"hide_thumbnail":true,"discount":"","override_variations":true,"allowed_variations":[12810,12811],"override_default_variation_attributes":false,"default_variation_attributes":[],"single_product_visibility":"visible","cart_visibility":"visible","order_visibility":"visible","single_product_price_visibility":"visible","cart_price_visibility":"visible","order_price_visibility":"visible","stock_status":"in_stock"},{"bundled_item_id":53,"product_id":12812,"menu_order":1,"quantity_min":1,"quantity_max":1,"quantity_default":1,"priced_individually":true,"shipped_individually":false,"override_title":true,"title":"Presque un cadeau en plus - Flip Caps","override_description":false,"description":"","optional":true,"hide_thumbnail":false,"discount":"68.55","override_variations":false,"allowed_variations":[],"override_default_variation_attributes":true,"default_variation_attributes":[{"id":17,"name":"Taille de la lunette de vis\u00e9e","option":"1-6x24"}],"single_product_visibility":"visible","cart_visibility":"visible","order_visibility":"visible","single_product_price_visibility":"visible","cart_price_visibility":"visible","order_price_visibility":"visible","stock_status":"in_stock"}],"bundle_sell_ids":[],"_links":{"self":[{"href":"https:\/\/ddoptics.shop\/fr\/wp-json\/wp\/v2\/product\/12245","targetHints":{"allow":["GET"]}}],"collection":[{"href":"https:\/\/ddoptics.shop\/fr\/wp-json\/wp\/v2\/product"}],"about":[{"href":"https:\/\/ddoptics.shop\/fr\/wp-json\/wp\/v2\/types\/product"}],"replies":[{"embeddable":true,"href":"https:\/\/ddoptics.shop\/fr\/wp-json\/wp\/v2\/comments?post=12245"}],"version-history":[{"count":12,"href":"https:\/\/ddoptics.shop\/fr\/wp-json\/wp\/v2\/product\/12245\/revisions"}],"predecessor-version":[{"id":28596,"href":"https:\/\/ddoptics.shop\/fr\/wp-json\/wp\/v2\/product\/12245\/revisions\/28596"}],"wp:featuredmedia":[{"embeddable":true,"href":"https:\/\/ddoptics.shop\/fr\/wp-json\/wp\/v2\/media\/12253"}],"wp:attachment":[{"href":"https:\/\/ddoptics.shop\/fr\/wp-json\/wp\/v2\/media?parent=12245"}],"wp:term":[{"taxonomy":"product_brand","embeddable":true,"href":"https:\/\/ddoptics.shop\/fr\/wp-json\/wp\/v2\/product_brand?post=12245"},{"taxonomy":"product_cat","embeddable":true,"href":"https:\/\/ddoptics.shop\/fr\/wp-json\/wp\/v2\/product_cat?post=12245"},{"taxonomy":"product_tag","embeddable":true,"href":"https:\/\/ddoptics.shop\/fr\/wp-json\/wp\/v2\/product_tag?post=12245"}],"curies":[{"name":"wp","href":"https:\/\/api.w.org\/{rel}","templated":true}]}}