{"id":12608,"date":"2018-06-15T09:50:53","date_gmt":"2018-06-15T07:50:53","guid":{"rendered":"https:\/\/ddoptics.shop\/?post_type=product&#038;p=12608"},"modified":"2026-04-13T20:41:40","modified_gmt":"2026-04-13T18:41:40","slug":"ddoptics-jumelles-10x56-nighteagle-ergo-ct-gen-3punkt1","status":"publish","type":"product","link":"https:\/\/ddoptics.shop\/fr\/kaufen\/ddoptics-fernglas-10x56-nighteagle-ergo-ct-gen-3punkt1\/","title":{"rendered":"DDoptics Jumelles 10\u00d756 Nighteagle ERGO CT Gen. 3.1"},"content":{"rendered":"[vc_row][vc_column width=&#8221;2\/3&#8243;][vc_column_text]\n<h2>Das lichtstarke, kleine und leichte DDoptics Fernglas Nighteagle ERGO <a href=\"https:\/\/ddoptics.shop\/shop\/fernglas\/vergroesserung-fernglas\/10x-vergroesserung\/\" target=\"_blank\" rel=\"noopener\" data-schema-attribute=\"\">10<\/a>x56 Gen\u00a03.1<\/h2>\n<p>Der neue Nighteagle<strong>\u00a0Ergo 10&#215;56<\/strong> ist mehr als die n\u00e4chste Generation \u2013 es ist eine kompromisslose L\u00f6sung f\u00fcr alle, die Leistung mit geringem Gewicht zu moderatem Preis erwarten. Trotz des geringen Gewichtes von nur 970 g liefert das 10&#215;56 Nighteagle Ergo unglaubliche Leistung, welche die meisten Ferngl\u00e4ser in der 400,- Euro-Preisklasse \u00fcbertrifft. Das Nighteagle <strong>Ergo 10&#215;56 ist pr\u00e4destiniert f\u00fcr die Nacht- und D\u00e4mmerungsjagd sowie Ansitzjagd<\/strong> im weiten Feldrevier.<\/p>\n<h3>Die neue DDoptics ERGO Generation 3.1 bei der ERGO Serie<\/h3>\n<p>Die neue Generation 3.1 wurde weiter verbessert: das <strong>Fokussierrad und der Diopter<\/strong> sind aus robustem Metall gefertigt. Insgesamt konnte das Fernglas damit ganze 20 Gramm leichter gemacht werden. Weiterhin wurden die <strong>Augenmuscheln mit einer innovativen Z-Rastung<\/strong> versehen.[\/vc_column_text][\/vc_column][vc_column width=&#8221;1\/3&#8243;][ultimate_info_table design_style=&#8221;design02&#8243; color_scheme=&#8221;blue&#8221; package_heading=&#8221;Besonderheiten ERGO Fernglas&#8221; heading_font_color=&#8221;#ffffff&#8221; features_font_color=&#8221;#1e73be&#8221; features_font_style=&#8221;font-style:italic;&#8221; features_font_size=&#8221;desktop:12px;&#8221;]\n<p style=\"text-align: left;\"><a href=\"https:\/\/www.ddoptics.de\/garantiebestimmungen\" target=\"_blank\" rel=\"nofollow noopener noreferrer\"><img decoding=\"async\" class=\"alignleft wp-image-9270 size-full\" title=\"Garantiebestimmungen lesen\" src=\"https:\/\/ddoptics.shop\/wp-content\/uploads\/2014\/09\/DDoptics-Garantie.jpg\" alt=\"DDoptics Garantie\" width=\"352\" height=\"160\" srcset=\"https:\/\/ddoptics.shop\/wp-content\/uploads\/2014\/09\/DDoptics-Garantie.jpg 352w, https:\/\/ddoptics.shop\/wp-content\/uploads\/2014\/09\/DDoptics-Garantie-304x138.jpg 304w, https:\/\/ddoptics.shop\/wp-content\/uploads\/2014\/09\/DDoptics-Garantie-305x139.jpg 305w, https:\/\/ddoptics.shop\/wp-content\/uploads\/2014\/09\/DDoptics-Garantie-250x114.jpg 250w\" sizes=\"(max-width: 352px) 100vw, 352px\" \/><\/a>\u21d2 Dielektrischer Spiegel<br \/>\n<strong>\u21d2 Hellstes Glas aus der Ergo Serie<\/strong> f\u00fcr die Nachtjagd<br \/>\n\u21d2 Dielektrischer Spiegel<br \/>\n\u21d2 Hellstes Glas aus der Ergo Serie f\u00fcr die Nachtjagd<br \/>\n\u21d2 CT Glas mit niedriger Dispersion<br \/>\n\u21d2 Gute Randsch\u00e4rfe<br \/>\n\u21d2 Ideal f\u00fcr Mond- und Gegenlicht<br \/>\n\u21d2 Licht- und Kontraststark<br \/>\n\u21d2 Preis \u2013 Leistungsprofi<br \/>\n\u21d2 Robust und Allwettergeeignet<\/p>\n[\/ultimate_info_table][\/vc_column][\/vc_row][vc_row][vc_column][vc_progress_bar values=&#8221;%5B%7B%22label%22%3A%22Fernglas%20D%C3%A4mmerungsleistung%22%2C%22value%22%3A%2275%22%2C%22customcolor%22%3A%22%23c37139%22%2C%22customtxtcolor%22%3A%22%23ffffff%22%7D%2C%7B%22label%22%3A%22Fernglas%20Aufl%C3%B6sung%22%2C%22value%22%3A%2285%22%2C%22customcolor%22%3A%22%23c37139%22%2C%22customtxtcolor%22%3A%22%23ffffff%22%7D%2C%7B%22label%22%3A%22Fernglas%20Farbwiedergabe%22%2C%22value%22%3A%2290%22%2C%22customcolor%22%3A%22%23c37139%22%2C%22customtxtcolor%22%3A%22%23ffffff%22%7D%2C%7B%22label%22%3A%22Fernglas%20Randsch%C3%A4rfe%22%2C%22value%22%3A%2285%22%7D%2C%7B%22label%22%3A%22Fernglas%20Sehfeld%22%2C%22value%22%3A%2280%22%7D%5D&#8221; bgcolor=&#8221;custom&#8221; options=&#8221;striped&#8221; units=&#8221;%&#8221; custombgcolor=&#8221;#c37139&#8243; customtxtcolor=&#8221;#ffffff&#8221;][\/vc_column][\/vc_row][vc_row][vc_column][vc_column_text]\n<h3>Sieh die Dinge heller, egal wie das Licht ist mit dem ERGO 10&#215;56 Fernglas<\/h3>\n<p>Ob bei Tag oder in der D\u00e4mmerung, am sch\u00f6nsten empfindet man einen <strong>Seheindruck, wenn dieser vollkommen nat\u00fcrlich und farbecht<\/strong> erscheint.<\/p>\n<p>Die neue Optik des <strong>Nighteagle ERGO 3.1<\/strong> gibt dem Betrachter das Gef\u00fchl, tats\u00e4chlich brillante Realit\u00e4t zu erleben, wobei der Nighteagle immer wieder positiv \u00fcberrascht. <strong>Farbs\u00e4ume und farbliche Fehldarstellungen<\/strong> kennt man von diesem Fernglas kaum, eine gerade Linie bleibt auch im Randbereich eine gerade Linie.<\/p>\n<h3>Heller, leichter, kontrastst\u00e4rker &#8211; ERGO 10&#215;56 Gen. 3.1<\/h3>\n<p>Wenn bei einem Fernglas jeder Finger weiss wohin er geh\u00f6rt, wenn man das Gef\u00fchl hat ein leichtes und kleines <a href=\"https:\/\/de.wikipedia.org\/wiki\/Fernglas\" target=\"_blank\" rel=\"noopener sponsored\" data-schema-attribute=\"\">Fernglas<\/a> in der Hand zu halten, und wenn dieses Fernglas trotzdem heller und kontrastst\u00e4rker ist, als Sie es bisher bei so einem Leichtgewicht \u00fcberhaupt f\u00fcr m\u00f6glich gehalten haben, dann haben wir alles richtig gemacht.<\/p>\n<h3>Sch\u00e4rfepunkt auch bei Dunkelheit finden (Smart Focus 50m- Unendlich)<\/h3>\n<p>Vorteilhaft in der <strong>D\u00e4mmerung oder bei Nacht ist der Smart Focus:<\/strong> Mit dieser Technik entf\u00e4llt beim Nighteagle das Nachfokussieren weitgehend.<br \/>\nNach der Scharfeinstellung auf ein rund 100 Meter entferntes Objekt stellt sich das Auge im Entfernungsbereich von 50 Meter bis unendlich automatisch ohne st\u00e4ndiges Nachfokussieren ein.<\/p>\n<h3>Leichtes Einstellen der Funktion 50 m bis unendlich<\/h3>\n<p>Der neue DDoptics <strong>Nighteagle ERGO 3.1<\/strong> der dritten Generation ist seinem &#8220;gro\u00dfen Bruder&#8221; dem Pirschler Gen 3 ein wenig \u00e4hnlicher geworden. So verf\u00fcgt auch der neue Nighteagle \u00fcber eine f\u00fchlbare Strichmarkierung, mit deren Hilfe Sie das Fernglas bei Tag &amp; Nacht problemlos in den Sch\u00e4rfebereich zur\u00fcckf\u00fchren k\u00f6nnen.<\/p>\n<p>Zum <strong>Einstellen bei Nacht, wird die f\u00fchlbare Strichmarkierung am Fokussierrad<\/strong> einfach nach &#8220;Oben&#8221; gedreht, und schon ist das Bild scharf.[\/vc_column_text][\/vc_column][\/vc_row]\n","protected":false},"excerpt":{"rendered":"<p><img decoding=\"async\" class=\"alignnone wp-image-10471 size-full\" title=\"Chasse \u00e0 l&#039;approche\" src=\"https:\/\/ddoptics.shop\/wp-content\/uploads\/2016\/04\/Ansitz-Jagd.jpg\" alt=\"Chasse \u00e0 l&#039;approche\" width=\"50\" height=\"50\" \/><img decoding=\"async\" class=\"alignnone size-full wp-image-10170\" src=\"https:\/\/ddoptics.shop\/wp-content\/uploads\/2016\/09\/Ornitologie-klein.jpg\" alt=\"Observation des oiseaux\" width=\"50\" height=\"50\" \/><img decoding=\"async\" class=\"alignnone size-full wp-image-10180\" src=\"https:\/\/ddoptics.shop\/wp-content\/uploads\/2016\/04\/Bergwandern-klein.jpg\" alt=\"Jumelles de randonn\u00e9e en montagne\" width=\"50\" height=\"50\" \/><br \/>\nLe nouveau <strong>Nighteagle Ergo Gen 3<\/strong> est la meilleure paire de jumelles 10\u00d756 de DDoptics dans sa cat\u00e9gorie de prix. NOUVEAU ! <strong>G\u00e9n\u00e9ration 3.1<\/strong> avec molette de focalisation et r\u00e9glage dioptrique en m\u00e9tal et <strong>\u0153illetons m\u00e9talliques am\u00e9lior\u00e9s avec cran d'arr\u00eat Z<\/strong>!<\/p>","protected":false},"featured_media":12617,"comment_status":"open","ping_status":"closed","template":"","meta":{"inline_featured_image":false,"footnotes":""},"product_brand":[],"product_cat":[351,364,329,67,345,344,354],"product_tag":[323,78,648,649,563,84],"class_list":{"0":"post-12608","1":"product","2":"type-product","3":"status-publish","4":"has-post-thumbnail","6":"product_cat-10x-vergroesserung","7":"product_cat-56-mm-objektiv","8":"product_cat-ddoptics","9":"product_cat-fernglas","10":"product_cat-jagd-und-wild","11":"product_cat-naturbeobachtung","12":"product_cat-vogelbeobachtung","13":"product_tag-10x56","14":"product_tag-ddoptics","15":"product_tag-ddoptics-gen-3","16":"product_tag-ergo-gen-3-fernglas","17":"product_tag-fernglas-10x56","18":"product_tag-nachtfernglas","19":"product_shipping_class-paket","20":"pa_brand-marke-ddoptics","21":"pa_farbe-gruen","22":"pa_produkt-typ-fernglas","24":"first","25":"instock","26":"sale","27":"taxable","28":"shipping-taxable","29":"purchasable","30":"product-type-simple"},"bundled_by":[],"bundle_stock_status":"instock","bundle_stock_quantity":46,"bundle_virtual":false,"bundle_layout":"","bundle_add_to_cart_form_location":"","bundle_editable_in_cart":false,"bundle_sold_individually_context":"","bundle_item_grouping":"","bundle_min_size":"","bundle_max_size":"","bundle_price":[],"bundled_items":[],"bundle_sell_ids":[],"_links":{"self":[{"href":"https:\/\/ddoptics.shop\/fr\/wp-json\/wp\/v2\/product\/12608","targetHints":{"allow":["GET"]}}],"collection":[{"href":"https:\/\/ddoptics.shop\/fr\/wp-json\/wp\/v2\/product"}],"about":[{"href":"https:\/\/ddoptics.shop\/fr\/wp-json\/wp\/v2\/types\/product"}],"replies":[{"embeddable":true,"href":"https:\/\/ddoptics.shop\/fr\/wp-json\/wp\/v2\/comments?post=12608"}],"version-history":[{"count":8,"href":"https:\/\/ddoptics.shop\/fr\/wp-json\/wp\/v2\/product\/12608\/revisions"}],"predecessor-version":[{"id":26613,"href":"https:\/\/ddoptics.shop\/fr\/wp-json\/wp\/v2\/product\/12608\/revisions\/26613"}],"wp:featuredmedia":[{"embeddable":true,"href":"https:\/\/ddoptics.shop\/fr\/wp-json\/wp\/v2\/media\/12617"}],"wp:attachment":[{"href":"https:\/\/ddoptics.shop\/fr\/wp-json\/wp\/v2\/media?parent=12608"}],"wp:term":[{"taxonomy":"product_brand","embeddable":true,"href":"https:\/\/ddoptics.shop\/fr\/wp-json\/wp\/v2\/product_brand?post=12608"},{"taxonomy":"product_cat","embeddable":true,"href":"https:\/\/ddoptics.shop\/fr\/wp-json\/wp\/v2\/product_cat?post=12608"},{"taxonomy":"product_tag","embeddable":true,"href":"https:\/\/ddoptics.shop\/fr\/wp-json\/wp\/v2\/product_tag?post=12608"}],"curies":[{"name":"wp","href":"https:\/\/api.w.org\/{rel}","templated":true}]}}