{"id":12611,"date":"2018-06-15T11:01:20","date_gmt":"2018-06-15T09:01:20","guid":{"rendered":"https:\/\/ddoptics.shop\/?post_type=product&#038;p=12611"},"modified":"2025-07-03T13:49:55","modified_gmt":"2025-07-03T11:49:55","slug":"ddoptics-nighteagle-ergo-12x56-jumelles","status":"publish","type":"product","link":"https:\/\/ddoptics.shop\/fr\/kaufen\/ddoptics-nighteagle-ergo-12x56-fernglas\/","title":{"rendered":"Jumelles DDoptics Nighteagle ERGO 12\u00d756 Gen 3.1"},"content":{"rendered":"<div class=\"row\"  id=\"row-997158171\">\n\n\t<div id=\"col-780515942\" class=\"col medium-8 small-12 large-8\"  >\n\t\t\t\t<div class=\"col-inner\"  >\n\t\t\t\n\t\t\t\n<div>\n<h2>DDoptics Nighteagle ERGO <a href=\"https:\/\/ddoptics.shop\/fr\/boutique\/jumelles\/grossissement-jumelles\/12x-augmentation\/\" target=\"_blank\" rel=\"noopener\" data-schema-attribute=\"\">12<\/a>x56 Gen 3.1 Jumelles | Les jumelles polyvalentes lumineuses, petites et l\u00e9g\u00e8res<\/h2>\n<p>Le nouveau <strong>Nighteagle Ergo 12\u00d756<\/strong> est plus que la nouvelle g\u00e9n\u00e9ration - c'est une solution sans compromis pour tous ceux qui attendent des performances avec un poids r\u00e9duit \u00e0 un prix mod\u00e9r\u00e9.<\/p>\n<p>Malgr\u00e9 son poids plume de seulement 940 g, le <strong>12\u00d756 Nighteagle Ergo<\/strong> des performances incroyables, qui surpassent la plupart des jumelles dans la cat\u00e9gorie de prix de 400,- euros. Le site <strong>Nighteagle Ergo 12\u00d756 est pr\u00e9destin\u00e9e \u00e0 toutes les observations de la nature \u00e0 de plus grandes distances.<\/strong>.<\/p>\n<h3>La nouvelle g\u00e9n\u00e9ration DDoptics ERGO 3.1<\/h3>\n<p>La nouvelle g\u00e9n\u00e9ration 3.1 a encore \u00e9t\u00e9 am\u00e9lior\u00e9e : le <strong>Molette de mise au point et le dioptre<\/strong> sont fabriqu\u00e9s en m\u00e9tal robuste. Au total, les jumelles ont ainsi pu \u00eatre all\u00e9g\u00e9es de 20 grammes. En outre, les <strong>\u0152illetons avec un cran d'arr\u00eat en Z innovant<\/strong> pourvu que<\/p>\n<\/div>\n\t\t<\/div>\n\t\t\t\t\n<style>\n#col-780515942 > .col-inner {\n  margin: 0px 0px -30px 0px;\n}\n<\/style>\n\t<\/div>\n\n\t\n\n\t<div id=\"col-648054654\" class=\"col medium-4 small-12 large-4\"  >\n\t\t\t\t<div class=\"col-inner\"  >\n\t\t\t\n\t\t\t\n\t<div class=\"img has-hover x md-x lg-x y md-y lg-y\" id=\"image_268564812\">\n\t\t\t\t\t\t\t\t<div class=\"img-inner dark\" >\n\t\t\t\t\t\t\t\t\t\n\t\t\t\t\t<\/div>\n\t\t\t\t\t\t\t\t\n<style>\n#image_268564812 {\n  width: 100%;\n}\n<\/style>\n\t<\/div>\n\t\n\t<div class=\"img has-hover x md-x lg-x y md-y lg-y\" id=\"image_149373560\">\n\t\t<a class=\"\" href=\"https:\/\/www.shop.ddoptics.de\/garantiebestimmungen\" target=\"_blank\" rel=\"noopener\">\t\t\t\t\t\t<div class=\"img-inner dark\" >\n\t\t\t<img decoding=\"async\" width=\"352\" height=\"160\" src=\"https:\/\/ddoptics.shop\/wp-content\/uploads\/2014\/09\/DDoptics-Garantie.jpg\" class=\"attachment-large size-large\" alt=\"Garantie DDoptics\" srcset=\"https:\/\/ddoptics.shop\/wp-content\/uploads\/2014\/09\/DDoptics-Garantie.jpg 352w, https:\/\/ddoptics.shop\/wp-content\/uploads\/2014\/09\/DDoptics-Garantie-304x138.jpg 304w, https:\/\/ddoptics.shop\/wp-content\/uploads\/2014\/09\/DDoptics-Garantie-305x139.jpg 305w, https:\/\/ddoptics.shop\/wp-content\/uploads\/2014\/09\/DDoptics-Garantie-250x114.jpg 250w\" sizes=\"(max-width: 352px) 100vw, 352px\" title=\"\">\t\t\t\t\t\t\n\t\t\t\t\t<\/div>\n\t\t\t\t\t\t<\/a>\t\t\n<style>\n#image_149373560 {\n  width: 100%;\n}\n<\/style>\n\t<\/div>\n\t\n<h3>Jumelles DDoptics EDX Facts<\/h3>\n\n\t\t<div class=\"icon-box featured-box icon-box-left text-left\"  >\n\t\t\t\t\t<div class=\"icon-box-img\" style=\"width: 32px\">\n\t\t\t\t<div class=\"icon\">\n\t\t\t\t\t<div class=\"icon-inner\" >\n\t\t\t\t\t\t<img decoding=\"async\" width=\"100\" height=\"83\" src=\"https:\/\/ddoptics.shop\/wp-content\/uploads\/2021\/05\/DDoptics-SHG-Icon.jpg\" class=\"attachment-medium size-medium\" alt=\"DDoptics SHG Jumelles Icon\" title=\"\">\t\t\t\t\t<\/div>\n\t\t\t\t<\/div>\n\t\t\t<\/div>\n\t\t\t\t<div class=\"icon-box-text last-reset\">\n\t\t\t\t\t\t\t\t\t\n<p><span data-sheets-value=\"{&quot;1&quot;:2,&quot;2&quot;:&quot;\u2705&quot;}\" data-sheets-userformat=\"{&quot;2&quot;:15297,&quot;3&quot;:{&quot;1&quot;:0},&quot;9&quot;:0,&quot;10&quot;:2,&quot;11&quot;:0,&quot;12&quot;:0,&quot;14&quot;:{&quot;1&quot;:2,&quot;2&quot;:0},&quot;15&quot;:&quot;Calibri, sans-serif&quot;,&quot;16&quot;:11}\">\u2705 Miroir di\u00e9lectrique<br \/>\n<\/span><\/p>\n\t\t<\/div>\n\t<\/div>\n\t\n\t\n\n\t\t<div class=\"icon-box featured-box icon-box-left text-left\"  >\n\t\t\t\t\t<div class=\"icon-box-img\" style=\"width: 32px\">\n\t\t\t\t<div class=\"icon\">\n\t\t\t\t\t<div class=\"icon-inner\" >\n\t\t\t\t\t\t<img decoding=\"async\" width=\"100\" height=\"83\" src=\"https:\/\/ddoptics.shop\/wp-content\/uploads\/2021\/05\/DDoptics-SHG-Icon.jpg\" class=\"attachment-medium size-medium\" alt=\"DDoptics SHG Jumelles Icon\" title=\"\">\t\t\t\t\t<\/div>\n\t\t\t\t<\/div>\n\t\t\t<\/div>\n\t\t\t\t<div class=\"icon-box-text last-reset\">\n\t\t\t\t\t\t\t\t\t\n<p>\u2705 <span data-sheets-value=\"{&quot;1&quot;:2,&quot;2&quot;:&quot;\u2705&quot;}\" data-sheets-userformat=\"{&quot;2&quot;:15297,&quot;3&quot;:{&quot;1&quot;:0},&quot;9&quot;:0,&quot;10&quot;:2,&quot;11&quot;:0,&quot;12&quot;:0,&quot;14&quot;:{&quot;1&quot;:2,&quot;2&quot;:0},&quot;15&quot;:&quot;Calibri, sans-serif&quot;,&quot;16&quot;:11}\"><strong>Verre le plus clair de la s\u00e9rie Ergo<\/strong> pour la chasse de nuit<\/span><\/p>\n\t\t<\/div>\n\t<\/div>\n\t\n\t\n\n\t\t<div class=\"icon-box featured-box icon-box-left text-left\"  >\n\t\t\t\t\t<div class=\"icon-box-img\" style=\"width: 32px\">\n\t\t\t\t<div class=\"icon\">\n\t\t\t\t\t<div class=\"icon-inner\" >\n\t\t\t\t\t\t<img decoding=\"async\" width=\"100\" height=\"83\" src=\"https:\/\/ddoptics.shop\/wp-content\/uploads\/2021\/05\/DDoptics-SHG-Icon.jpg\" class=\"attachment-medium size-medium\" alt=\"DDoptics SHG Jumelles Icon\" title=\"\">\t\t\t\t\t<\/div>\n\t\t\t\t<\/div>\n\t\t\t<\/div>\n\t\t\t\t<div class=\"icon-box-text last-reset\">\n\t\t\t\t\t\t\t\t\t\n<p>\u2705 <span data-sheets-value=\"{&quot;1&quot;:2,&quot;2&quot;:&quot;\u2705&quot;}\" data-sheets-userformat=\"{&quot;2&quot;:15297,&quot;3&quot;:{&quot;1&quot;:0},&quot;9&quot;:0,&quot;10&quot;:2,&quot;11&quot;:0,&quot;12&quot;:0,&quot;14&quot;:{&quot;1&quot;:2,&quot;2&quot;:0},&quot;15&quot;:&quot;Calibri, sans-serif&quot;,&quot;16&quot;:11}\">Miroir di\u00e9lectrique<\/span><\/p>\n\t\t<\/div>\n\t<\/div>\n\t\n\t\n\n\t\t<div class=\"icon-box featured-box icon-box-left text-left\"  >\n\t\t\t\t\t<div class=\"icon-box-img\" style=\"width: 32px\">\n\t\t\t\t<div class=\"icon\">\n\t\t\t\t\t<div class=\"icon-inner\" >\n\t\t\t\t\t\t<img decoding=\"async\" width=\"100\" height=\"83\" src=\"https:\/\/ddoptics.shop\/wp-content\/uploads\/2021\/05\/DDoptics-SHG-Icon.jpg\" class=\"attachment-medium size-medium\" alt=\"DDoptics SHG Jumelles Icon\" title=\"\">\t\t\t\t\t<\/div>\n\t\t\t\t<\/div>\n\t\t\t<\/div>\n\t\t\t\t<div class=\"icon-box-text last-reset\">\n\t\t\t\t\t\t\t\t\t\n<p>\u2705 <span data-sheets-value=\"{&quot;1&quot;:2,&quot;2&quot;:&quot;\u2705&quot;}\" data-sheets-userformat=\"{&quot;2&quot;:15297,&quot;3&quot;:{&quot;1&quot;:0},&quot;9&quot;:0,&quot;10&quot;:2,&quot;11&quot;:0,&quot;12&quot;:0,&quot;14&quot;:{&quot;1&quot;:2,&quot;2&quot;:0},&quot;15&quot;:&quot;Calibri, sans-serif&quot;,&quot;16&quot;:11}\">Lumi\u00e8re et contraste \u00e9lev\u00e9s + Bonne nettet\u00e9 des bords<\/span><\/p>\n\t\t<\/div>\n\t<\/div>\n\t\n\t\n\n\t\t<div class=\"icon-box featured-box icon-box-left text-left\"  >\n\t\t\t\t\t<div class=\"icon-box-img\" style=\"width: 32px\">\n\t\t\t\t<div class=\"icon\">\n\t\t\t\t\t<div class=\"icon-inner\" >\n\t\t\t\t\t\t<img decoding=\"async\" width=\"100\" height=\"83\" src=\"https:\/\/ddoptics.shop\/wp-content\/uploads\/2021\/05\/DDoptics-SHG-Icon.jpg\" class=\"attachment-medium size-medium\" alt=\"DDoptics SHG Jumelles Icon\" title=\"\">\t\t\t\t\t<\/div>\n\t\t\t\t<\/div>\n\t\t\t<\/div>\n\t\t\t\t<div class=\"icon-box-text last-reset\">\n\t\t\t\t\t\t\t\t\t\n<p>\u2705 <span data-sheets-value=\"{&quot;1&quot;:2,&quot;2&quot;:&quot;\u2705&quot;}\" data-sheets-userformat=\"{&quot;2&quot;:15297,&quot;3&quot;:{&quot;1&quot;:0},&quot;9&quot;:0,&quot;10&quot;:2,&quot;11&quot;:0,&quot;12&quot;:0,&quot;14&quot;:{&quot;1&quot;:2,&quot;2&quot;:0},&quot;15&quot;:&quot;Calibri, sans-serif&quot;,&quot;16&quot;:11}\">Professionnel du prix et de la performance<\/span><\/p>\n\t\t<\/div>\n\t<\/div>\n\t\n\t\n\n\t\t<div class=\"icon-box featured-box icon-box-left text-left\"  >\n\t\t\t\t\t<div class=\"icon-box-img\" style=\"width: 32px\">\n\t\t\t\t<div class=\"icon\">\n\t\t\t\t\t<div class=\"icon-inner\" >\n\t\t\t\t\t\t<img decoding=\"async\" width=\"100\" height=\"83\" src=\"https:\/\/ddoptics.shop\/wp-content\/uploads\/2021\/05\/DDoptics-SHG-Icon.jpg\" class=\"attachment-medium size-medium\" alt=\"DDoptics SHG Jumelles Icon\" title=\"\">\t\t\t\t\t<\/div>\n\t\t\t\t<\/div>\n\t\t\t<\/div>\n\t\t\t\t<div class=\"icon-box-text last-reset\">\n\t\t\t\t\t\t\t\t\t\n<p>\u2705 <span data-sheets-value=\"{&quot;1&quot;:2,&quot;2&quot;:&quot;\u2705&quot;}\" data-sheets-userformat=\"{&quot;2&quot;:15297,&quot;3&quot;:{&quot;1&quot;:0},&quot;9&quot;:0,&quot;10&quot;:2,&quot;11&quot;:0,&quot;12&quot;:0,&quot;14&quot;:{&quot;1&quot;:2,&quot;2&quot;:0},&quot;15&quot;:&quot;Calibri, sans-serif&quot;,&quot;16&quot;:11}\">CT verre \u00e0 faible dispersion<\/span><\/p>\n\t\t<\/div>\n\t<\/div>\n\t\n\t\n\t\t<\/div>\n\t\t\t\t\t<\/div>\n\n\t\n<\/div>\n<h3>Vois les choses plus clairement, quelle que soit la lumi\u00e8re.<\/h3>\n<p>Que ce soit de jour ou au cr\u00e9puscule, le plus beau moment est celui o\u00f9 l'on voit le soleil. <strong>l'impression visuelle, si celle-ci est parfaitement naturelle et fid\u00e8le aux couleurs<\/strong> appara\u00eet.<\/p>\n<p>Le nouveau look du Nighteagle <strong>12\u00d756 ERGO 3.1<\/strong> donne au spectateur le sentiment de vivre effectivement une r\u00e9alit\u00e9 brillante, le Nighteagle surprenant toujours positivement. <strong>franges color\u00e9es et repr\u00e9sentations chromatiques erron\u00e9es<\/strong> Une ligne droite reste une ligne droite m\u00eame dans la zone p\u00e9riph\u00e9rique.<\/p>\n<h3>Plus claires, plus l\u00e9g\u00e8res, plus contrast\u00e9es - ERGO 12\u00d756 Gen. 3.1<\/h3>\n<p>Si, avec des jumelles, chaque doigt sait o\u00f9 il doit aller, si l'on a l'impression de tenir des jumelles l\u00e9g\u00e8res et petites, et si ces jumelles sont malgr\u00e9 tout plus claires et plus contrast\u00e9es que ce que vous pensiez possible jusqu'\u00e0 pr\u00e9sent avec un tel poids plume, alors nous avons tout fait correctement.<\/p>\n<h3>Trouver le point net m\u00eame dans l'obscurit\u00e9 (Smart Focus 50m- Infini)<\/h3>\n<p>Avantageux dans la <strong>cr\u00e9puscule ou de nuit est la Smart Focus :<\/strong> Gr\u00e2ce \u00e0 cette technique, le Nighteagle ne n\u00e9cessite pratiquement pas de mise au point ult\u00e9rieure.<br \/>\nApr\u00e8s avoir fait la mise au point sur un objet situ\u00e9 \u00e0 une centaine de m\u00e8tres, l'\u0153il se r\u00e8gle automatiquement sur la plage de distances allant de 50 m\u00e8tres \u00e0 l'infini, sans avoir \u00e0 refaire constamment la mise au point.<\/p>\n<h3>R\u00e9glage facile de la fonction 50 m \u00e0 l'infini<\/h3>\n<p>Le nouveau DDoptics <strong>Nighteagle ERGO 12\u00d756 3.1<\/strong> de la troisi\u00e8me g\u00e9n\u00e9ration ressemble un peu plus \u00e0 son \"grand fr\u00e8re\", le Pirschler Gen 3. Ainsi, le nouveau Nighteagle dispose \u00e9galement d'un marquage tactile du trait qui vous permet de ramener sans probl\u00e8me les jumelles dans la zone de mise au point de jour &amp; de nuit.<\/p>\n<p>Vers <strong>R\u00e9gler de nuit, le trait tactile sur la molette de mise au point<\/strong> simplement tourn\u00e9 vers le \"haut\", et l'image est d\u00e9j\u00e0 nette.<\/p>","protected":false},"excerpt":{"rendered":"<p><img decoding=\"async\" class=\"alignnone wp-image-10471 size-full\" title=\"Chasse \u00e0 l&#039;approche\" src=\"https:\/\/ddoptics.shop\/wp-content\/uploads\/2016\/04\/Ansitz-Jagd.jpg\" alt=\"Chasse \u00e0 l&#039;approche\" width=\"50\" height=\"50\" \/><img decoding=\"async\" class=\"alignnone size-full wp-image-10170\" src=\"https:\/\/ddoptics.shop\/wp-content\/uploads\/2016\/09\/Ornitologie-klein.jpg\" alt=\"Observation des oiseaux\" width=\"50\" height=\"50\" \/><img decoding=\"async\" class=\"alignnone size-full wp-image-10180\" src=\"https:\/\/ddoptics.shop\/wp-content\/uploads\/2016\/04\/Bergwandern-klein.jpg\" alt=\"Jumelles de randonn\u00e9e en montagne\" width=\"50\" height=\"50\" \/><br \/>\nLe nouveau <strong>Nighteagle Ergo Gen 3<\/strong> est la meilleure paire de jumelles 12\u00d756 de DDoptics dans sa cat\u00e9gorie de prix. NOUVEAU ! <strong>G\u00e9n\u00e9ration 3.1<\/strong> avec roue de focalisation et r\u00e9glage dioptrique en m\u00e9tal et <strong>\u0153illetons m\u00e9talliques am\u00e9lior\u00e9s avec cran d'arr\u00eat Z<\/strong>!<\/p>","protected":false},"featured_media":12618,"comment_status":"open","ping_status":"closed","template":"","meta":{"inline_featured_image":false,"footnotes":""},"product_brand":[],"product_cat":[352,364,329,67,344,354],"product_tag":[504,737,78,648,649],"class_list":{"0":"post-12611","1":"product","2":"type-product","3":"status-publish","4":"has-post-thumbnail","6":"product_cat-12x-vergroesserung","7":"product_cat-56-mm-objektiv","8":"product_cat-ddoptics","9":"product_cat-fernglas","10":"product_cat-naturbeobachtung","11":"product_cat-vogelbeobachtung","12":"product_tag-12x56","13":"product_tag-12x56-fernglas","14":"product_tag-ddoptics","15":"product_tag-ddoptics-gen-3","16":"product_tag-ergo-gen-3-fernglas","17":"product_shipping_class-paket","18":"pa_brand-marke-ddoptics","19":"pa_farbe-gruen","20":"pa_produkt-typ-fernglas","22":"first","23":"instock","24":"sale","25":"taxable","26":"shipping-taxable","27":"purchasable","28":"product-type-simple"},"bundled_by":[],"bundle_stock_status":"instock","bundle_stock_quantity":49,"bundle_virtual":false,"bundle_layout":"","bundle_add_to_cart_form_location":"","bundle_editable_in_cart":false,"bundle_sold_individually_context":"","bundle_item_grouping":"","bundle_min_size":"","bundle_max_size":"","bundle_price":[],"bundled_items":[],"bundle_sell_ids":[],"_links":{"self":[{"href":"https:\/\/ddoptics.shop\/fr\/wp-json\/wp\/v2\/product\/12611","targetHints":{"allow":["GET"]}}],"collection":[{"href":"https:\/\/ddoptics.shop\/fr\/wp-json\/wp\/v2\/product"}],"about":[{"href":"https:\/\/ddoptics.shop\/fr\/wp-json\/wp\/v2\/types\/product"}],"replies":[{"embeddable":true,"href":"https:\/\/ddoptics.shop\/fr\/wp-json\/wp\/v2\/comments?post=12611"}],"version-history":[{"count":7,"href":"https:\/\/ddoptics.shop\/fr\/wp-json\/wp\/v2\/product\/12611\/revisions"}],"predecessor-version":[{"id":23097,"href":"https:\/\/ddoptics.shop\/fr\/wp-json\/wp\/v2\/product\/12611\/revisions\/23097"}],"wp:featuredmedia":[{"embeddable":true,"href":"https:\/\/ddoptics.shop\/fr\/wp-json\/wp\/v2\/media\/12618"}],"wp:attachment":[{"href":"https:\/\/ddoptics.shop\/fr\/wp-json\/wp\/v2\/media?parent=12611"}],"wp:term":[{"taxonomy":"product_brand","embeddable":true,"href":"https:\/\/ddoptics.shop\/fr\/wp-json\/wp\/v2\/product_brand?post=12611"},{"taxonomy":"product_cat","embeddable":true,"href":"https:\/\/ddoptics.shop\/fr\/wp-json\/wp\/v2\/product_cat?post=12611"},{"taxonomy":"product_tag","embeddable":true,"href":"https:\/\/ddoptics.shop\/fr\/wp-json\/wp\/v2\/product_tag?post=12611"}],"curies":[{"name":"wp","href":"https:\/\/api.w.org\/{rel}","templated":true}]}}