{"id":12741,"date":"2018-09-25T10:55:35","date_gmt":"2018-09-25T08:55:35","guid":{"rendered":"https:\/\/ddoptics.shop\/?post_type=product&#038;p=12741"},"modified":"2025-06-27T13:43:33","modified_gmt":"2025-06-27T11:43:33","slug":"ddoptics-jumelles-8x45-pirschler-gen-3","status":"publish","type":"product","link":"https:\/\/ddoptics.shop\/fr\/kaufen\/ddoptics-fernglas-8x45-pirschler-gen-3\/","title":{"rendered":"DDoptics Jumelles Pirschler 8\u00d745 Gen. 3"},"content":{"rendered":"<div class=\"row\"  id=\"row-1825933943\">\n\n\t<div id=\"col-1867727636\" class=\"col medium-8 small-12 large-8\"  >\n\t\t\t\t<div class=\"col-inner\"  >\n\t\t\t\n\t\t\t\n<h2>DDoptics Jumelles Pirschler 8\u00d745 Gen 3 - vert. Objectifs de 45 mm &amp; prismes d'Abbe-K\u00f6nig assurent une luminosit\u00e9 correcte<\/h2>\n<p>Le nouveau <strong>Jumelles de nuit &amp; de chasse Pirschler 8\u00d745 ultra-lumineuses et indestructibles<\/strong>\u00a0est la tr\u00e8s attendue <strong>version \"Pirsch\" plus petite des jumelles de nuit Pirschler 8\u00d756<\/strong>. D\u00e8s que l'on regarde dans les oculaires des jumelles DDoptics \"Pirschler 8\u00d745\", la luminosit\u00e9 de l'image saute litt\u00e9ralement aux yeux. Une transmission lumineuse extr\u00eamement \u00e9lev\u00e9e constitue la base d'une reproduction d'image riche en contrastes et brillante avec des contours d'une grande nettet\u00e9.<\/p>\n<p>M\u00eame la nuit, le <strong>Pirschler 8\u00d745<\/strong> Des jumelles comme fid\u00e8les compagnons. Responsable de la <strong>Le verre CT est clair et lumineux et b\u00e9n\u00e9ficie d'un traitement DDlucid sophistiqu\u00e9.<\/strong> et <strong>prisme Abbe-Roi de haute qualit\u00e9<\/strong>n. La dispersion est alors tr\u00e8s faible.<\/p>\n<p>Les principales caract\u00e9ristiques de ces jumelles sont, outre la r\u00e9duction de la taille, un poids l\u00e9ger (gr\u00e2ce au bo\u00eetier en magn\u00e9sium) de n<strong>ur 950 g pour un diam\u00e8tre d'objectif de 45 mm tout de m\u00eame.\u00a0<\/strong>C'est justement cet objectif plus grand qui permet la combinaison importante avec des prismes d'Abbe-K\u00f6nig - ce qui rend les jumelles nettement plus lumineuses que les jumelles avec un diam\u00e8tre d'objectif de 42 mm.<\/p>\n<h3>Stabilit\u00e9 et robustesse des jumelles Pirschler 8\u00d745 Gen 3 de DDoptics<\/h3>\n<p>Gr\u00e2ce aux mat\u00e9riaux et aux techniques de fabrication modernes, les <strong>Jumelles indestructibles et l\u00e9g\u00e8res,<\/strong> et extr\u00eamement confortable \u00e0 manipuler. Ainsi, les <strong>Jumelles \"Pirschler\" 8\u00d745 et 10\u00d745<\/strong> non seulement pour tous les domaines d'application, mais sont \u00e9galement id\u00e9aux pour <strong>Mains d'enfants et de femmes.<\/strong>Sur les nouvelles jumelles Pirschler 8\u00d745 (\u00e0 l'exception du capuchon de protection du tr\u00e9pied et de l'armature), on ne trouve pas un gramme de plastique, ni sur le corps lui-m\u00eame, ni sur les pi\u00e8ces d'usure.<\/p>\n\t\t<\/div>\n\t\t\t\t\n<style>\n#col-1867727636 > .col-inner {\n  margin: 0px 0px -30px 0px;\n}\n<\/style>\n\t<\/div>\n\n\t\n\n\t<div id=\"col-1461295486\" class=\"col medium-4 small-12 large-4\"  >\n\t\t\t\t<div class=\"col-inner\"  >\n\t\t\t\n\t\t\t\n\t<div class=\"img has-hover x md-x lg-x y md-y lg-y\" id=\"image_848878610\">\n\t\t\t\t\t\t\t\t<div class=\"img-inner dark\" >\n\t\t\t\t\t\t\t\t\t\n\t\t\t\t\t<\/div>\n\t\t\t\t\t\t\t\t\n<style>\n#image_848878610 {\n  width: 100%;\n}\n<\/style>\n\t<\/div>\n\t\n\t<div class=\"img has-hover x md-x lg-x y md-y lg-y\" id=\"image_97217826\">\n\t\t<a class=\"\" href=\"https:\/\/www.shop.ddoptics.de\/garantiebestimmungen\" target=\"_blank\" rel=\"noopener\">\t\t\t\t\t\t<div class=\"img-inner dark\" >\n\t\t\t<img decoding=\"async\" width=\"352\" height=\"160\" src=\"https:\/\/ddoptics.shop\/wp-content\/uploads\/2014\/09\/DDoptics-Garantie.jpg\" class=\"attachment-large size-large\" alt=\"Garantie DDoptics\" srcset=\"https:\/\/ddoptics.shop\/wp-content\/uploads\/2014\/09\/DDoptics-Garantie.jpg 352w, https:\/\/ddoptics.shop\/wp-content\/uploads\/2014\/09\/DDoptics-Garantie-304x138.jpg 304w, https:\/\/ddoptics.shop\/wp-content\/uploads\/2014\/09\/DDoptics-Garantie-305x139.jpg 305w, https:\/\/ddoptics.shop\/wp-content\/uploads\/2014\/09\/DDoptics-Garantie-250x114.jpg 250w\" sizes=\"(max-width: 352px) 100vw, 352px\" title=\"\">\t\t\t\t\t\t\n\t\t\t\t\t<\/div>\n\t\t\t\t\t\t<\/a>\t\t\n<style>\n#image_97217826 {\n  width: 100%;\n}\n<\/style>\n\t<\/div>\n\t\n<h3>DDoptics Pirschler jumelles Facts<\/h3>\n\n\t\t<div class=\"icon-box featured-box icon-box-left text-left\"  >\n\t\t\t\t\t<div class=\"icon-box-img\" style=\"width: 32px\">\n\t\t\t\t<div class=\"icon\">\n\t\t\t\t\t<div class=\"icon-inner\" >\n\t\t\t\t\t\t<img decoding=\"async\" width=\"100\" height=\"83\" src=\"https:\/\/ddoptics.shop\/wp-content\/uploads\/2021\/05\/DDoptics-SHG-Icon.jpg\" class=\"attachment-medium size-medium\" alt=\"DDoptics SHG Jumelles Icon\" title=\"\">\t\t\t\t\t<\/div>\n\t\t\t\t<\/div>\n\t\t\t<\/div>\n\t\t\t\t<div class=\"icon-box-text last-reset\">\n\t\t\t\t\t\t\t\t\t\n<p>\u2705 ABBE K\u00d6NIG Prismes<\/p>\n\t\t<\/div>\n\t<\/div>\n\t\n\t\n\n\t\t<div class=\"icon-box featured-box icon-box-left text-left\"  >\n\t\t\t\t\t<div class=\"icon-box-img\" style=\"width: 32px\">\n\t\t\t\t<div class=\"icon\">\n\t\t\t\t\t<div class=\"icon-inner\" >\n\t\t\t\t\t\t<img decoding=\"async\" width=\"100\" height=\"83\" src=\"https:\/\/ddoptics.shop\/wp-content\/uploads\/2021\/05\/DDoptics-SHG-Icon.jpg\" class=\"attachment-medium size-medium\" alt=\"DDoptics SHG Jumelles Icon\" title=\"\">\t\t\t\t\t<\/div>\n\t\t\t\t<\/div>\n\t\t\t<\/div>\n\t\t\t\t<div class=\"icon-box-text last-reset\">\n\t\t\t\t\t\t\t\t\t\n<p>\u2705 Corps m\u00e9tallique en magn\u00e9sium (Mg) indestructible<\/p>\n\t\t<\/div>\n\t<\/div>\n\t\n\t\n\n\t\t<div class=\"icon-box featured-box icon-box-left text-left\"  >\n\t\t\t\t\t<div class=\"icon-box-img\" style=\"width: 32px\">\n\t\t\t\t<div class=\"icon\">\n\t\t\t\t\t<div class=\"icon-inner\" >\n\t\t\t\t\t\t<img decoding=\"async\" width=\"100\" height=\"83\" src=\"https:\/\/ddoptics.shop\/wp-content\/uploads\/2021\/05\/DDoptics-SHG-Icon.jpg\" class=\"attachment-medium size-medium\" alt=\"DDoptics SHG Jumelles Icon\" title=\"\">\t\t\t\t\t<\/div>\n\t\t\t\t<\/div>\n\t\t\t<\/div>\n\t\t\t\t<div class=\"icon-box-text last-reset\">\n\t\t\t\t\t\t\t\t\t\n<p>\u2705 Nouvelle optique compl\u00e8te avec le verre CT<\/p>\n\t\t<\/div>\n\t<\/div>\n\t\n\t\n\n\t\t<div class=\"icon-box featured-box icon-box-left text-left\"  >\n\t\t\t\t\t<div class=\"icon-box-img\" style=\"width: 32px\">\n\t\t\t\t<div class=\"icon\">\n\t\t\t\t\t<div class=\"icon-inner\" >\n\t\t\t\t\t\t<img decoding=\"async\" width=\"100\" height=\"83\" src=\"https:\/\/ddoptics.shop\/wp-content\/uploads\/2021\/05\/DDoptics-SHG-Icon.jpg\" class=\"attachment-medium size-medium\" alt=\"DDoptics SHG Jumelles Icon\" title=\"\">\t\t\t\t\t<\/div>\n\t\t\t\t<\/div>\n\t\t\t<\/div>\n\t\t\t\t<div class=\"icon-box-text last-reset\">\n\t\t\t\t\t\t\t\t\t\n<p>\u2705 Champ de vision de 135 m pour une observation agr\u00e9able<\/p>\n\t\t<\/div>\n\t<\/div>\n\t\n\t\n\n\t\t<div class=\"icon-box featured-box icon-box-left text-left\"  >\n\t\t\t\t\t<div class=\"icon-box-img\" style=\"width: 32px\">\n\t\t\t\t<div class=\"icon\">\n\t\t\t\t\t<div class=\"icon-inner\" >\n\t\t\t\t\t\t<img decoding=\"async\" width=\"100\" height=\"83\" src=\"https:\/\/ddoptics.shop\/wp-content\/uploads\/2021\/05\/DDoptics-SHG-Icon.jpg\" class=\"attachment-medium size-medium\" alt=\"DDoptics SHG Jumelles Icon\" title=\"\">\t\t\t\t\t<\/div>\n\t\t\t\t<\/div>\n\t\t\t<\/div>\n\t\t\t\t<div class=\"icon-box-text last-reset\">\n\t\t\t\t\t\t\t\t\t\n<p>\u2705 Raindefender Nano - R\u00e9mun\u00e9ration Lotus<\/p>\n\t\t<\/div>\n\t<\/div>\n\t\n\t\n\n\t\t<div class=\"icon-box featured-box icon-box-left text-left\"  >\n\t\t\t\t\t<div class=\"icon-box-img\" style=\"width: 32px\">\n\t\t\t\t<div class=\"icon\">\n\t\t\t\t\t<div class=\"icon-inner\" >\n\t\t\t\t\t\t<img decoding=\"async\" width=\"100\" height=\"83\" src=\"https:\/\/ddoptics.shop\/wp-content\/uploads\/2021\/05\/DDoptics-SHG-Icon.jpg\" class=\"attachment-medium size-medium\" alt=\"DDoptics SHG Jumelles Icon\" title=\"\">\t\t\t\t\t<\/div>\n\t\t\t\t<\/div>\n\t\t\t<\/div>\n\t\t\t\t<div class=\"icon-box-text last-reset\">\n\t\t\t\t\t\t\t\t\t\n<p>\u2705 Concept de design Best Grip pour l'antid\u00e9rapance<\/p>\n\t\t<\/div>\n\t<\/div>\n\t\n\t\n<div class=\"is-divider divider clearfix\" ><\/div>\n\t\t<\/div>\n\t\t\t\t\t<\/div>\n\n\t\n<\/div>\n<figure id=\"attachment_12747\" aria-describedby=\"caption-attachment-12747\" style=\"width: 400px\" class=\"wp-caption alignright\"><a href=\"https:\/\/ddoptics.shop\/wp-content\/uploads\/2018\/09\/Lichttransmissionswerte-Pirschler-45mm.jpg\"><img decoding=\"async\" class=\"wp-image-12747\" src=\"https:\/\/ddoptics.shop\/wp-content\/uploads\/2018\/09\/Lichttransmissionswerte-Pirschler-45mm.jpg\" alt=\"Valeurs de transmission lumineuse des jumelles Pirschler 8x45\" width=\"400\" height=\"265\" title=\"\" srcset=\"https:\/\/ddoptics.shop\/wp-content\/uploads\/2018\/09\/Lichttransmissionswerte-Pirschler-45mm.jpg 900w, https:\/\/ddoptics.shop\/wp-content\/uploads\/2018\/09\/Lichttransmissionswerte-Pirschler-45mm-304x201.jpg 304w, https:\/\/ddoptics.shop\/wp-content\/uploads\/2018\/09\/Lichttransmissionswerte-Pirschler-45mm-305x202.jpg 305w, https:\/\/ddoptics.shop\/wp-content\/uploads\/2018\/09\/Lichttransmissionswerte-Pirschler-45mm-632x419.jpg 632w, https:\/\/ddoptics.shop\/wp-content\/uploads\/2018\/09\/Lichttransmissionswerte-Pirschler-45mm-800x530.jpg 800w, https:\/\/ddoptics.shop\/wp-content\/uploads\/2018\/09\/Lichttransmissionswerte-Pirschler-45mm-510x338.jpg 510w, https:\/\/ddoptics.shop\/wp-content\/uploads\/2018\/09\/Lichttransmissionswerte-Pirschler-45mm-250x166.jpg 250w\" sizes=\"(max-width: 400px) 100vw, 400px\" \/><\/a><figcaption id=\"caption-attachment-12747\" class=\"wp-caption-text\">Valeurs de transmission lumineuse des jumelles Pirschler 8\u00d745<\/figcaption><\/figure>\n<p><strong>Le corps des jumelles et le pont sont en alliage de magn\u00e9sium extr\u00eamement l\u00e9ger.<\/strong> issus de la construction a\u00e9ronautique et rendent les jumelles pratiquement incassables. Le <strong>Jumelles Diopter (plage de r\u00e9glage +-4)<\/strong> Pour une meilleure fonctionnalit\u00e9, il ne se trouve plus sur la molette de mise au point, mais sur l'oculaire droit des jumelles. Tous ces \u00e9l\u00e9ments de commande - dioptre, oculaire, bouton de mise au point - sont en duraluminium et sont donc garants d'une grande r\u00e9sistance \u00e0 long terme.<\/p>\n<p>Une armature dite \"Best Grip\" \u00e0 l'ext\u00e9rieur du corps emp\u00eache les mains de glisser. Ainsi, le <strong>saisir et tenir ces jumelles compactes d'une seule main<\/strong> agr\u00e9ablement confortable et s\u00fbr, m\u00eame avec des gants.<\/p>\n<h3>Optique brillante des jumelles Pirschler 8\u00d745<\/h3>\n<p>En regardant dans les oculaires des <strong>jumelles Pirschler 8\u00d745, la luminosit\u00e9 de l'image est proverbiale.<\/strong>l'\u0153il. Un <strong>transmission lumineuse extr\u00eamement \u00e9lev\u00e9e<\/strong> constitue la base d'une <strong>un rendu d'image contrast\u00e9 et brillant<\/strong> avec des contours tr\u00e8s nets - m\u00eame au cr\u00e9puscule. M\u00eame la nuit, les Pirschler 8\u00d745 se r\u00e9v\u00e8lent \u00eatre un fid\u00e8le compagnon pour de nombreuses observations. Responsable de la <strong>Le verre CT est clair et lumineux et b\u00e9n\u00e9ficie d'un traitement DDlucid sophistiqu\u00e9.<\/strong> et des prismes d'Abbe-K\u00f6nig de haute qualit\u00e9. La dispersion est alors tr\u00e8s faible.<\/p>\n<h3>Une utilisation confortable garantit une observation sans faille de la nature<\/h3>\n<p>Les jumelles \"Pirschler\" tiennent bien en main gr\u00e2ce \u00e0 leur construction ergonomique sophistiqu\u00e9e. Une armature dite \"Best Grip\" sur la face ext\u00e9rieure des jumelles emp\u00eache les mains de glisser. <strong>Prise en main d'une seule main, maintien s\u00fbr et calme<\/strong> est, gr\u00e2ce \u00e0 la <strong>pont ouvert<\/strong> avec sa poign\u00e9e ergonomique, m\u00eame avec des gants, est agr\u00e9able et confortable.<\/p>\n<p>Le dioptre (plage de r\u00e9glage +-4) se trouve sur l'oculaire droit et se compose, comme tous les \u00e9l\u00e9ments de commande, de duraluminium durable. Le traitement \"Raindefender Nano\" assure un effet lotus hydrofuge, les jumelles sont enti\u00e8rement \u00e9tanches \u00e0 l'eau sous pression.<\/p>\n<p>Les oculaires peuvent \u00eatre utilis\u00e9s pour <strong>distance parfaite entre les yeux en 3 positions de grille<\/strong> tourner vers l'int\u00e9rieur ou l'ext\u00e9rieur. Ainsi, m\u00eame les porteurs de lunettes peuvent profiter sans restriction du large champ de vision de 135 m. Le r\u00e9glage s'effectue en douceur, sans aucun jeu.<\/p>\n<h3>Bo\u00eetier \u00e9tanche \u00e0 l'eau sous pression &amp; traitement nano hydrofuge<\/h3>\n<p>Le site <strong>Le traitement \"Raindefender Nano\" assure un effet lotus hydrofuge,<\/strong> les jumelles elles-m\u00eames sont enti\u00e8rement \u00e9tanches \u00e0 l'eau sous pression jusqu'\u00e0 1 m dans l'eau chaude ou froide.<\/p>\n<figure id=\"attachment_10769\" aria-describedby=\"caption-attachment-10769\" style=\"width: 400px\" class=\"wp-caption alignright\"><img decoding=\"async\" class=\"size-full wp-image-10769\" src=\"https:\/\/ddoptics.shop\/wp-content\/uploads\/2017\/02\/Fernglas-Pirschler-8x56-smart-Focus-small.jpg\" alt=\"Jumelles Pirschler 15x56 smart Fonction Focus\" width=\"400\" height=\"267\" title=\"\" srcset=\"https:\/\/ddoptics.shop\/wp-content\/uploads\/2017\/02\/Fernglas-Pirschler-8x56-smart-Focus-small.jpg 400w, https:\/\/ddoptics.shop\/wp-content\/uploads\/2017\/02\/Fernglas-Pirschler-8x56-smart-Focus-small-304x203.jpg 304w, https:\/\/ddoptics.shop\/wp-content\/uploads\/2017\/02\/Fernglas-Pirschler-8x56-smart-Focus-small-305x204.jpg 305w, https:\/\/ddoptics.shop\/wp-content\/uploads\/2017\/02\/Fernglas-Pirschler-8x56-smart-Focus-small-250x167.jpg 250w\" sizes=\"(max-width: 400px) 100vw, 400px\" \/><figcaption id=\"caption-attachment-10769\" class=\"wp-caption-text\"><strong>Jumelles Pirschler 8\u00d745 smart Fonction Focus<\/strong><\/figcaption><\/figure>\n<h3>Fonction Smart Focus 50 m \u00e0 l'infini<\/h3>\n<p>Avantageux dans la<strong> cr\u00e9puscule ou de nuit est la Smart Focus :<\/strong> Gr\u00e2ce \u00e0 cette technique, le \"Pirschler\" 8\u00d745\" ne n\u00e9cessite pratiquement pas de mise au point ult\u00e9rieure. Apr\u00e8s avoir fait la mise au point sur un objet distant d'environ 100 m\u00e8tres, l'\u0153il se r\u00e8gle automatiquement dans la plage de distances de 50 m\u00e8tres \u00e0 l'infini sans devoir constamment refaire la mise au point.<\/p>\n<h3>Champ de vision \u00e9tendu pour le Pirschler 8\u00d745<\/h3>\n<p>Le site <strong>Jumelles Champ de vision de 135 m\u00e8tres<\/strong> offre des avantages \u00e9vidents lors de ce que l'on appelle l'aveuglement et permet de trouver ou de remarquer plus rapidement le gibier.<\/p>\n<h3>Pirschler 8\u00d745 - convient \u00e9galement aux porteurs de lunettes<\/h3>\n<ul>\n<li>Le site <strong>3 positions d'\u0153illetons r\u00e9tractables &amp; r\u00e9tractables<\/strong>\u00a0en m\u00e9tal assurent une distance parfaite entre les yeux.<\/li>\n<li>Le r\u00e9glage est souple, solide et fonctionne sans aucun jeu.<\/li>\n<li>D'autre part, les jumelles \"Pirschler\" 8\u00d745 se caract\u00e9risent par un \u00e9cart plus important de la pupille de sortie (20 mm) par rapport aux autres jumelles de cette cat\u00e9gorie.<\/li>\n<\/ul>","protected":false},"excerpt":{"rendered":"<p><img decoding=\"async\" class=\"alignnone wp-image-10471 size-full\" title=\"Chasse \u00e0 l&#039;approche\" src=\"https:\/\/ddoptics.shop\/wp-content\/uploads\/2016\/04\/Ansitz-Jagd.jpg\" alt=\"Chasse \u00e0 l&#039;approche\" width=\"50\" height=\"50\" \/><img decoding=\"async\" class=\"alignnone wp-image-10168 size-full\" title=\"Chasse au sanglier\" src=\"https:\/\/ddoptics.shop\/wp-content\/uploads\/2016\/09\/Jagd-klein.jpg\" alt=\"Jumelles de chasse\" width=\"50\" height=\"50\" \/><img decoding=\"async\" class=\"alignnone wp-image-10166 size-full\" title=\"Jumelles de nuit\" src=\"https:\/\/ddoptics.shop\/wp-content\/uploads\/2016\/09\/Astronomie-klein.jpg\" alt=\"Jumelles d&#039;astronomie\" width=\"50\" height=\"50\" \/><br \/>\nJumelles universelles les plus lumineuses de leur cat\u00e9gorie - avec prismes Abbe-K\u00f6nig. Les nouvelles jumelles de nuit et de chasse Pirschler 8\u00d745, super lumineuses et indestructibles.<\/p>","protected":false},"featured_media":12745,"comment_status":"open","ping_status":"closed","template":"","meta":{"inline_featured_image":false,"footnotes":""},"product_brand":[],"product_cat":[746,349,949,329,345,344],"product_tag":[745,78,80,744,743],"class_list":{"0":"post-12741","1":"product","2":"type-product","3":"status-publish","4":"has-post-thumbnail","6":"product_cat-45-mm-objektiv","7":"product_cat-8x-vergroesserung","8":"product_cat-messeaktion","9":"product_cat-ddoptics","10":"product_cat-jagd-und-wild","11":"product_cat-naturbeobachtung","12":"product_tag-8x45-fernglas","13":"product_tag-ddoptics","14":"product_tag-gen-3","15":"product_tag-pirschler-8x45","16":"product_tag-pirschler-fernglas","17":"product_shipping_class-paket","18":"pa_brand-marke-ddoptics","19":"pa_farbe-gruen","20":"pa_produkt-typ-fernglas","22":"first","23":"instock","24":"sale","25":"taxable","26":"shipping-taxable","27":"purchasable","28":"product-type-simple"},"bundled_by":[],"bundle_stock_status":"instock","bundle_stock_quantity":46,"bundle_virtual":false,"bundle_layout":"","bundle_add_to_cart_form_location":"","bundle_editable_in_cart":false,"bundle_sold_individually_context":"","bundle_item_grouping":"","bundle_min_size":"","bundle_max_size":"","bundle_price":[],"bundled_items":[],"bundle_sell_ids":[],"_links":{"self":[{"href":"https:\/\/ddoptics.shop\/fr\/wp-json\/wp\/v2\/product\/12741","targetHints":{"allow":["GET"]}}],"collection":[{"href":"https:\/\/ddoptics.shop\/fr\/wp-json\/wp\/v2\/product"}],"about":[{"href":"https:\/\/ddoptics.shop\/fr\/wp-json\/wp\/v2\/types\/product"}],"replies":[{"embeddable":true,"href":"https:\/\/ddoptics.shop\/fr\/wp-json\/wp\/v2\/comments?post=12741"}],"version-history":[{"count":8,"href":"https:\/\/ddoptics.shop\/fr\/wp-json\/wp\/v2\/product\/12741\/revisions"}],"predecessor-version":[{"id":28500,"href":"https:\/\/ddoptics.shop\/fr\/wp-json\/wp\/v2\/product\/12741\/revisions\/28500"}],"wp:featuredmedia":[{"embeddable":true,"href":"https:\/\/ddoptics.shop\/fr\/wp-json\/wp\/v2\/media\/12745"}],"wp:attachment":[{"href":"https:\/\/ddoptics.shop\/fr\/wp-json\/wp\/v2\/media?parent=12741"}],"wp:term":[{"taxonomy":"product_brand","embeddable":true,"href":"https:\/\/ddoptics.shop\/fr\/wp-json\/wp\/v2\/product_brand?post=12741"},{"taxonomy":"product_cat","embeddable":true,"href":"https:\/\/ddoptics.shop\/fr\/wp-json\/wp\/v2\/product_cat?post=12741"},{"taxonomy":"product_tag","embeddable":true,"href":"https:\/\/ddoptics.shop\/fr\/wp-json\/wp\/v2\/product_tag?post=12741"}],"curies":[{"name":"wp","href":"https:\/\/api.w.org\/{rel}","templated":true}]}}