{"id":12806,"date":"2018-12-12T21:37:28","date_gmt":"2018-12-12T20:37:28","guid":{"rendered":"https:\/\/ddoptics.shop\/?post_type=product&#038;p=12806"},"modified":"2025-10-07T11:23:07","modified_gmt":"2025-10-07T09:23:07","slug":"ddoptics-lunette-de-visee-v6-2komma5-16x42-mrad","status":"publish","type":"product","link":"https:\/\/ddoptics.shop\/fr\/kaufen\/ddoptics-zielfernrohr-v6-2komma5-16x42-mrad\/","title":{"rendered":"DDoptics Nighteagle 2,5-16\u00d742 Lunette de vis\u00e9e | V6 | A4N | R\u00e9glage MRAD - Gen 3"},"content":{"rendered":"<div class=\"container section-title-container\" ><h3 class=\"section-title section-title-normal\"><b aria-hidden=\"true\"><\/b><span class=\"section-title-main\" ><i class=\"icon-cross\" aria-hidden=\"true\"><\/i>Aper\u00e7u rapide de la lunette de vis\u00e9e DDoptics V6 2,5-16x42 | MRAD<\/span><b aria-hidden=\"true\"><\/b><\/h3><\/div>\n<table style=\"width: 100%;\">\n<tbody>\n<tr>\n<td style=\"width: 20%;\"><strong>Tube :<\/strong><\/td>\n<td style=\"width: 30%;\">Tube mono de 30 mm<\/td>\n<td style=\"width: 20%;\"><strong>Champ de vision : m @100 m :<\/strong><\/td>\n<td style=\"width: 30%;\">14 - 2,5 m<\/td>\n<\/tr>\n<tr>\n<td style=\"width: 20%;\"><strong>Syst\u00e8me optique :<\/strong><\/td>\n<td style=\"width: 30%;\">grossissement de 2,5 \u00e0 16 fois<\/td>\n<td style=\"width: 20%;\"><strong>Distance entre les yeux :<\/strong><\/td>\n<td style=\"width: 30%;\">90,5 mm<\/td>\n<\/tr>\n<tr>\n<td style=\"width: 20%;\"><strong>L'objectif :<\/strong><\/td>\n<td style=\"width: 30%;\">42 mm<\/td>\n<td style=\"width: 20%;\"><strong>longueur :<\/strong><\/td>\n<td style=\"width: 30%;\">332 mm<\/td>\n<\/tr>\n<tr>\n<td style=\"width: 20%;\"><strong>R\u00e9ticule :<\/strong><\/td>\n<td style=\"width: 30%;\">Nouveau r\u00e9ticule 4 \/ A4N<\/td>\n<td style=\"width: 20%;\"><strong>poids :<\/strong><\/td>\n<td style=\"width: 30%;\">\u00a0610 g<\/td>\n<\/tr>\n<tr>\n<td style=\"width: 20%;\"><strong>Point lumineux<\/strong><\/td>\n<td style=\"width: 30%;\">LP 2 ou iFiber<\/td>\n<td style=\"width: 20%;\"><strong>Protection contre la bu\u00e9e :<\/strong><\/td>\n<td style=\"width: 30%;\">Remplissage d'azote contre la bu\u00e9e<\/td>\n<\/tr>\n<tr>\n<td style=\"width: 20%;\"><strong>Mise au point\/parallaxe :<\/strong><\/td>\n<td style=\"width: 30%;\">Objectif r\u00e9glable 20 m \u00e0 l'infini<\/td>\n<td style=\"width: 20%;\"><strong>\u00a0l'\u00e9tanch\u00e9it\u00e9 :<\/strong><\/td>\n<td style=\"width: 30%;\">R\u00e9sistant \u00e0 l'eau et aux chocs<\/td>\n<\/tr>\n<\/tbody>\n<\/table>\n<div class=\"row\"  id=\"row-661953673\">\n\n\t<div id=\"col-1767609506\" class=\"col medium-8 small-12 large-8\"  >\n\t\t\t\t<div class=\"col-inner\"  >\n\t\t\t\n\t\t\t\n<h2>DDoptics Nighteagle 2,5-16\u00d742 V6 Lunette de vis\u00e9e - ZF compact avec zoom 6x, r\u00e9ticule A4N et r\u00e9glage MRAD - Sp\u00e9cialiste de la chasse en montagne<\/h2>\n<p>Le nouveau <strong>Lunette de vis\u00e9e \"\u00e9troite\" V6 Doptics<\/strong> est constitu\u00e9 d'un alliage d'aluminium robuste, r\u00e9sistant aux chocs et exempt de pi\u00e8ces en plastique. Toutes les pi\u00e8ces en aluminium sont recouvertes d'une couche d'anodisation \"fine black\" non brillante.<\/p>\n<p>Le site <strong>Optique haute performance ZF<\/strong>k brille par <strong>verre CT (Clear Transmission) tr\u00e8s performant<\/strong>Le syst\u00e8me d'\u00e9clairage de la salle de bains, qui garantit une vision extr\u00eamement claire et nette - et m\u00eame en cas d'ensoleillement insuffisant, est un \u00e9l\u00e9ment essentiel de la s\u00e9curit\u00e9.<strong>e grossissement x16 donne une image contrast\u00e9e, sans parallaxe et aux couleurs fid\u00e8les<\/strong> avec des propri\u00e9t\u00e9s de nettet\u00e9 des bords exceptionnelles et une excellente transmission.<\/p>\n<blockquote><p>Avec un champ de vision de 14 m ou 2,5 m (pour un grossissement de 2,5 ou 16 fois ), cette optique convient \u00e0 toutes les utilisations cyn\u00e9g\u00e9tiques - notamment sur les petites armes l\u00e9g\u00e8res de montagne.<\/p><\/blockquote>\n<h3>de la plus haute qualit\u00e9 <a href=\"https:\/\/ddoptics.shop\/fr\/boutique\/lunette-de-visee\/v6-zoom-6x\/\" target=\"_blank\" rel=\"noopener\" data-schema-attribute=\"\">V6<\/a> Equipement de la lunette de vis\u00e9e<\/h3>\n<p>La lunette de vis\u00e9e est \u00e9quip\u00e9e d'une <strong>r\u00e9ticule lumineux ultra-mince A4N<\/strong> (2e plan d'image), qui ne couvre la cible que de mani\u00e8re minimale. Dans des conditions de faible luminosit\u00e9 ou la nuit, le<strong> point lumineux en fibre de verre rouge non r\u00e9fl\u00e9chissant,<\/strong> qui se montre pr\u00e9cis et<strong> peut \u00eatre gradu\u00e9 en continu<\/strong> et, en option, avec une<strong> intelligent (iFiber\u2122).<\/strong><\/p>\n\t\t<\/div>\n\t\t\t\t\t<\/div>\n\n\t\n\n\t<div id=\"col-430582036\" class=\"col medium-4 small-12 large-4\"  >\n\t\t\t\t<div class=\"col-inner\"  >\n\t\t\t\n\t\t\t\n<a class=\"button primary expand\" >\n\t\t<span>Particularit\u00e9s de la lunette de vis\u00e9e<\/span>\n\t<\/a>\n\n\n\t<section class=\"section\" id=\"section_2018071247\">\n\t\t<div class=\"section-bg fill\" >\n\t\t\t\t\t\t\t\t\t<div class=\"section-bg-overlay absolute fill\"><\/div>\n\t\t\t\n\n\t\t<\/div>\n\n\t\t\n\n\t\t<div class=\"section-content relative\">\n\t\t\t\n\t<div class=\"img has-hover x md-x lg-x y md-y lg-y\" id=\"image_1750850105\">\n\t\t<a class=\"\" href=\"https:\/\/www.ddoptics.de\/garantiebestimmungen\" target=\"_blank\" rel=\"no follow noopener\">\t\t\t\t\t\t<div class=\"img-inner dark\" >\n\t\t\t<img decoding=\"async\" width=\"352\" height=\"160\" src=\"https:\/\/ddoptics.shop\/wp-content\/uploads\/2014\/09\/DDoptics-Garantie.jpg\" class=\"attachment-large size-large\" alt=\"Garantie DDoptics\" srcset=\"https:\/\/ddoptics.shop\/wp-content\/uploads\/2014\/09\/DDoptics-Garantie.jpg 352w, https:\/\/ddoptics.shop\/wp-content\/uploads\/2014\/09\/DDoptics-Garantie-304x138.jpg 304w, https:\/\/ddoptics.shop\/wp-content\/uploads\/2014\/09\/DDoptics-Garantie-305x139.jpg 305w, https:\/\/ddoptics.shop\/wp-content\/uploads\/2014\/09\/DDoptics-Garantie-250x114.jpg 250w\" sizes=\"(max-width: 352px) 100vw, 352px\" title=\"\">\t\t\t\t\t\t\n\t\t\t\t\t<\/div>\n\t\t\t\t\t\t<\/a>\t\t\n<style>\n#image_1750850105 {\n  width: 100%;\n}\n<\/style>\n\t<\/div>\n\t\n\t<div id=\"gap-428517648\" class=\"gap-element clearfix\" style=\"display:block; height:auto;\">\n\t\t\n<style>\n#gap-428517648 {\n  padding-top: 15px;\n}\n<\/style>\n\t<\/div>\n\t\n\t<div id=\"text-1477057124\" class=\"text\">\n\t\t\n<p><span style=\"font-size: 80%;\"><em>\u21d2 Zoom plus de 6x avec un petit objectif de 42 mm<br \/>\n\u21d2 14 m - 2,5 m champ de vision - point lumineux automatique<br \/>\n\u21d2 Parfait pour l'utilisation de nuit avec un adaptateur<br \/>\n\u21d2 R\u00e9glage du r\u00e9ticule Tours en m\u00e9tal (pas de plastique)<br \/>\n\u21d2 Verre CT (Clear Transmission) (faible dispersion)<br \/>\n\u21d2 double mise \u00e0 l'\u00e9chelle (Doubleturn)<br \/>\n\u21d2 Test de r\u00e9sistance aux balles : <a href=\"https:\/\/de.wikipedia.org\/wiki\/.375_Holland_%26_Holland_Magnum\" target=\"_blank\" rel=\"noopener sponsored\" data-schema-attribute=\"\">375 H&amp;H<\/a> 1000 coups<br \/>\n\u21d2 Zerostop pour ASV (but\u00e9e z\u00e9ro)<br \/>\n\u21d2 tactique dure 0,1 <a href=\"https:\/\/ddoptics.shop\/fr\/mot-technique\/calcul-de-la-minute-dangle-ou-moa-pour-les-lunettes-de-visee\/\" target=\"_blank\" rel=\"noopener noreferrer\">MRAD<\/a>-cliquetage (1 cm\/clic)<br \/>\n\u21d2 Nouveau r\u00e9ticule minimaliste A4N<br \/>\n\u21d2 Compensation de parallaxe performante avec port\u00e9e courte de 10 m.<br \/>\n<\/em><\/span><br \/>\n\t\t\n<style>\n#text-1477057124 {\n  line-height: 1.15;\n  color: rgb(33, 107, 227);\n}\n#text-1477057124 > * {\n  color: rgb(33, 107, 227);\n}\n<\/style>\n\t<\/div>\n\t\n\t\t<\/div>\n\n\t\t\n<style>\n#section_2018071247 {\n  padding-top: 30px;\n  padding-bottom: 30px;\n  background-color: rgb(232, 232, 232);\n}\n#section_2018071247 .section-bg-overlay {\n  background-color: rgba(255,255,255,.5);\n}\n<\/style>\n\t<\/section>\n\t\n<div class=\"is-divider divider clearfix\" ><\/div>\n\t\t<\/div>\n\t\t\t\t\t<\/div>\n\n\t\n<\/div>\n\t<div class=\"img has-hover x md-x lg-x y md-y lg-y\" id=\"image_190478170\">\n\t\t\t\t\t\t\t\t<div class=\"img-inner dark\" >\n\t\t\t<img decoding=\"async\" width=\"1020\" height=\"339\" src=\"https:\/\/ddoptics.shop\/wp-content\/uploads\/2018\/12\/25-16x42-V6-DDoptics.jpg\" class=\"attachment-large size-large\" alt=\"Dessin Lunette de vis\u00e9e 2,5-16x42 V6 DDoptics\" srcset=\"https:\/\/ddoptics.shop\/wp-content\/uploads\/2018\/12\/25-16x42-V6-DDoptics.jpg 1428w, https:\/\/ddoptics.shop\/wp-content\/uploads\/2018\/12\/25-16x42-V6-DDoptics-800x266.jpg 800w, https:\/\/ddoptics.shop\/wp-content\/uploads\/2018\/12\/25-16x42-V6-DDoptics-18x6.jpg 18w, https:\/\/ddoptics.shop\/wp-content\/uploads\/2018\/12\/25-16x42-V6-DDoptics-304x101.jpg 304w, https:\/\/ddoptics.shop\/wp-content\/uploads\/2018\/12\/25-16x42-V6-DDoptics-632x210.jpg 632w, https:\/\/ddoptics.shop\/wp-content\/uploads\/2018\/12\/25-16x42-V6-DDoptics-305x101.jpg 305w\" sizes=\"(max-width: 1020px) 100vw, 1020px\" title=\"\">\t\t\t\t\t\t\n\t\t\t\t\t<\/div>\n\t\t\t\t\t\t\t\t\n<style>\n#image_190478170 {\n  width: 100%;\n}\n<\/style>\n\t<\/div>\n\t\n<h3>La ZF V6 2,5-16\u00d742 dispose d'un r\u00e9glage rapide du r\u00e9ticule (ASV).<\/h3>\n<p>Leur sortie <strong>Les tours fabriqu\u00e9es en m\u00e9tal pour le r\u00e9glage de la hauteur ou des c\u00f4t\u00e9s sont compl\u00e8tement \u00e9tanches.<\/strong> L'ASV dispose d'une double graduation (Doubleturn) et d'une but\u00e9e z\u00e9ro (Zerostop). Cela permet de r\u00e9gler diff\u00e9rentes distances de tir en fonction de la direction et de la force du vent ou d'un \u00e9ventuel mouvement de la cible.<\/p>\n<p>Pour chaque clic, le<strong> R\u00e9ticule de 0,1 MRAD (milliradians)<\/strong> d\u00e9r\u00e9gl\u00e9. Le site <strong>correspond \u00e0 1 cm sur 100 m.<\/strong> Le r\u00e9glage par clic fonctionne de mani\u00e8re absolument pr\u00e9cise et r\u00e9p\u00e9titive.<\/p>\n<h3>La lunette de vis\u00e9e DDoptics V6 Plage de r\u00e9glage<\/h3>\n<ul>\n<li>Un tour de la tourelle de r\u00e9glage correspond \u00e0 10 mrad. (100 cm sur 100 m)<\/li>\n<li>La plage de r\u00e9glage totale est de 26 mrad. (260 cm sur 100 m)<\/li>\n<li>Cela correspond \u00e0 une plage de r\u00e9glage de 2600 cm sur 1000 m\u00e8tres.<\/li>\n<\/ul>\n<p><strong>La lunette de vis\u00e9e DDoptics V6 2,5-16\u00d742 offre des avantages importants gr\u00e2ce \u00e0 sa grande plage de r\u00e9glage et de grossissement :<\/strong><\/p>\n<ul>\n<li>D'une part, de jour, gr\u00e2ce \u00e0 la <strong>grossissement 16x pour un tir s\u00fbr m\u00eame \u00e0 longue distance<\/strong> La grande plage de r\u00e9glage du r\u00e9ticule permet un pr\u00e9r\u00e9glage pr\u00e9cis des distances de tir.<\/li>\n<li>D'autre part, la <strong>Chasse de nuit en combinaison avec un appareil additionnel NSG, WBK (respecter les dispositions l\u00e9gales)<\/strong> gr\u00e2ce \u00e0 la compensation de parallaxe avec sa plage de r\u00e9glage surdimensionn\u00e9e, il est possible d'obtenir des grossissements encore plus importants.<\/li>\n<\/ul>\n<p>La compensation de parrallaxe (zone de proximit\u00e9 10 m), sp\u00e9cialement con\u00e7ue pour cette utilisation, est capable de compenser m\u00eame les <strong>de compenser les flous d'image caus\u00e9s par l'adaptateur NSG-WBK \u00e0 des grossissements plus \u00e9lev\u00e9s<\/strong>La compensation de la parallaxe peut \u00eatre effectu\u00e9e \u00e0 l'aide d'une lunette de vis\u00e9e, ce qui ne fonctionne pas avec les lunettes de vis\u00e9e avec une compensation de parallaxe plus faible ou sans compensation de parallaxe.<\/p>\n<p>En p\u00e9riode de forte population de sangliers, cette lunette de vis\u00e9e est donc tout \u00e0 fait appropri\u00e9e. <strong>pr\u00e9destin\u00e9 \u00e0 la chasse nocturne \u00e0 l'aff\u00fbt avec autorisation sp\u00e9ciale.<\/strong><\/p>","protected":false},"excerpt":{"rendered":"<p><a href=\"https:\/\/ddoptics.shop\/wp-content\/uploads\/2016\/09\/Wandern-klein.jpg\"><img decoding=\"async\" class=\"alignnone size-full wp-image-10174\" src=\"https:\/\/ddoptics.shop\/wp-content\/uploads\/2016\/09\/Wandern-klein.jpg\" alt=\"Jumelles de randonn\u00e9e Treckking\" width=\"50\" height=\"50\" \/><\/a><a href=\"https:\/\/ddoptics.shop\/wp-content\/uploads\/2016\/04\/Gebirgsjagd-klein.jpg\"><img decoding=\"async\" class=\"alignnone size-full wp-image-10178\" src=\"https:\/\/ddoptics.shop\/wp-content\/uploads\/2016\/04\/Gebirgsjagd-klein.jpg\" alt=\"Jumelles de chasse en montagne\" width=\"50\" height=\"50\" \/><\/a><img decoding=\"async\" class=\"alignnone wp-image-10180 size-full\" title=\"Jumelles de randonn\u00e9e en montagne\" src=\"https:\/\/ddoptics.shop\/wp-content\/uploads\/2016\/04\/Bergwandern-klein.jpg\" alt=\"Jumelles de randonn\u00e9e en montagne\" width=\"50\" height=\"50\" \/><br \/>\nLe nouveau <strong>Chasse en montagne &amp; Allround Begleiter de DDoptics<\/strong> - petit et adapt\u00e9 aux tirs lointains. <strong>En option avec le syst\u00e8me intelligent <a title=\"NOUVEAU point lumineux IFiber de DDoptics\" href=\"\/fr\/wiki-sur-les-mots-techniques\/point-lumineux-intelligent-ddoptics-ifiber\/\" target=\"_blank\" rel=\"noopener noreferrer\">IFiber Point lumineux<\/a> avec un suppl\u00e9ment de \u20ac99.<\/strong><\/p>\n<a href=\"https:\/\/amzn.to\/3AMthHr\" target=\"_blank\" class=\"button success is-success is-small\" rel=\"\u201dnofollow\u201d noopener\" >\n\t\t<span>client amazon ? - profiter des avantages prime ?<\/span>\n\t<\/a>","protected":false},"featured_media":12823,"comment_status":"open","ping_status":"closed","template":"","meta":{"inline_featured_image":false,"footnotes":""},"product_brand":[],"product_cat":[763,455,638,697,640,641,919,68],"product_tag":[758,761,1098,760],"class_list":{"0":"post-12806","1":"product","2":"type-product","3":"status-publish","4":"has-post-thumbnail","6":"product_cat-25-16x42","7":"product_cat-42-mm-objektivdurchmesser","8":"product_cat-ansitzjagd","9":"product_cat-mrad-klickverstellung","10":"product_cat-pirschjagd-und-gebirgsjagd","11":"product_cat-sportschiessen","12":"product_cat-v6-6-fach-zoom","13":"product_cat-zielfernrohr","14":"product_tag-2-5-16x42","15":"product_tag-6-fach-zoom","16":"product_tag-nighteagle","17":"product_tag-v6-ddoptics","18":"product_shipping_class-paket","19":"pa_brand-marke-ddoptics","20":"pa_farbe-schwarz","22":"first","23":"instock","24":"sale","25":"taxable","26":"shipping-taxable","27":"purchasable","28":"product-type-bundle"},"bundled_by":[],"bundle_stock_status":"instock","bundle_stock_quantity":"","bundle_virtual":false,"bundle_layout":"default","bundle_add_to_cart_form_location":"default","bundle_editable_in_cart":false,"bundle_sold_individually_context":"product","bundle_item_grouping":"parent","bundle_min_size":"","bundle_max_size":"","bundle_price":{"price":{"min":{"incl_tax":"897.01","excl_tax":"747.51"},"max":{"incl_tax":"1001.32","excl_tax":"834.43"}},"regular_price":{"min":{"incl_tax":"997.01","excl_tax":"830.84"},"max":{"incl_tax":"1112.9","excl_tax":"927.41"}}},"bundled_items":[{"bundled_item_id":50,"product_id":12809,"menu_order":0,"quantity_min":1,"quantity_max":1,"quantity_default":1,"priced_individually":true,"shipped_individually":false,"override_title":true,"title":"","override_description":false,"description":"123","optional":false,"hide_thumbnail":false,"discount":"","override_variations":true,"allowed_variations":[12810,12811],"override_default_variation_attributes":false,"default_variation_attributes":[{"id":6,"name":"Point lumineux","option":"ddoptics-standard-lp-ii"}],"single_product_visibility":"visible","cart_visibility":"visible","order_visibility":"visible","single_product_price_visibility":"visible","cart_price_visibility":"visible","order_price_visibility":"visible","stock_status":"in_stock"},{"bundled_item_id":51,"product_id":12812,"menu_order":1,"quantity_min":1,"quantity_max":1,"quantity_default":1,"priced_individually":true,"shipped_individually":false,"override_title":true,"title":"Presque un cadeau en plus - Flip Caps","override_description":false,"description":"Presque offert - Flip Caps","optional":true,"hide_thumbnail":false,"discount":"68.55","override_variations":true,"allowed_variations":[12818],"override_default_variation_attributes":true,"default_variation_attributes":[{"id":17,"name":"Taille de la lunette de vis\u00e9e","option":"25-16x42"}],"single_product_visibility":"visible","cart_visibility":"visible","order_visibility":"visible","single_product_price_visibility":"visible","cart_price_visibility":"visible","order_price_visibility":"visible","stock_status":"in_stock"}],"bundle_sell_ids":[],"_links":{"self":[{"href":"https:\/\/ddoptics.shop\/fr\/wp-json\/wp\/v2\/product\/12806","targetHints":{"allow":["GET"]}}],"collection":[{"href":"https:\/\/ddoptics.shop\/fr\/wp-json\/wp\/v2\/product"}],"about":[{"href":"https:\/\/ddoptics.shop\/fr\/wp-json\/wp\/v2\/types\/product"}],"replies":[{"embeddable":true,"href":"https:\/\/ddoptics.shop\/fr\/wp-json\/wp\/v2\/comments?post=12806"}],"version-history":[{"count":15,"href":"https:\/\/ddoptics.shop\/fr\/wp-json\/wp\/v2\/product\/12806\/revisions"}],"predecessor-version":[{"id":29228,"href":"https:\/\/ddoptics.shop\/fr\/wp-json\/wp\/v2\/product\/12806\/revisions\/29228"}],"wp:featuredmedia":[{"embeddable":true,"href":"https:\/\/ddoptics.shop\/fr\/wp-json\/wp\/v2\/media\/12823"}],"wp:attachment":[{"href":"https:\/\/ddoptics.shop\/fr\/wp-json\/wp\/v2\/media?parent=12806"}],"wp:term":[{"taxonomy":"product_brand","embeddable":true,"href":"https:\/\/ddoptics.shop\/fr\/wp-json\/wp\/v2\/product_brand?post=12806"},{"taxonomy":"product_cat","embeddable":true,"href":"https:\/\/ddoptics.shop\/fr\/wp-json\/wp\/v2\/product_cat?post=12806"},{"taxonomy":"product_tag","embeddable":true,"href":"https:\/\/ddoptics.shop\/fr\/wp-json\/wp\/v2\/product_tag?post=12806"}],"curies":[{"name":"wp","href":"https:\/\/api.w.org\/{rel}","templated":true}]}}