{"id":12812,"date":"2018-12-13T16:26:29","date_gmt":"2018-12-13T15:26:29","guid":{"rendered":"https:\/\/ddoptics.shop\/?post_type=product&#038;p=12812"},"modified":"2025-10-07T11:00:19","modified_gmt":"2025-10-07T09:00:19","slug":"ddoptics-capuchon-de-protection-flip-cap-set-pour-lunette-de-visee","status":"publish","type":"product","link":"https:\/\/ddoptics.shop\/fr\/kaufen\/ddoptics-schutzkappe-flip-cap-set-fuer-zielfernrohr\/","title":{"rendered":"DDoptics Cap de protection \/ Flip Cap Set (oculaire + objectif) pour les lunettes de vis\u00e9e DDoptics"},"content":{"rendered":"<h2>DDoptics Flip Cap (noir) pour l'oculaire et l'objectif de la lunette de vis\u00e9e - Capuchons de protection ou capuchons de protection<\/h2>\n<div class=\"row\"  id=\"row-1414552959\">\n\n\t<div id=\"col-803731612\" class=\"col medium-8 small-12 large-8\"  >\n\t\t\t\t<div class=\"col-inner\"  >\n\t\t\t\n\t\t\t\n<p>Nouveau maintenant : <strong>DDoptics Capuchons de protection<\/strong> - aussi appel\u00e9 flip cap - <strong>pour l'oculaire et l'objectif.<\/strong><\/p>\n<p>Le site<strong> Flip Cap \/ Jeu de capuchons de protection<\/strong> pour les lunettes de vis\u00e9e est <strong>disponible \u00e0 un prix avantageux avec une lunette de vis\u00e9e DDoptics command\u00e9e.<\/strong> La lunette de vis\u00e9e DDoptics est ainsi prot\u00e9g\u00e9e \u00e0 100%.<\/p>\n<blockquote><p>Les Flip Caps sont parfaitement adapt\u00e9s \u00e0 la lunette de vis\u00e9e et, gr\u00e2ce \u00e0 leur fixation sp\u00e9ciale en caoutchouc, ils sont \u00e9galement solidement fix\u00e9s \u00e0 la lunette de vis\u00e9e.<\/p><\/blockquote>\n<p>Le site <strong>couvercle noir<\/strong> avec <strong>logo discret<\/strong> s'ouvrent et se ferment facilement gr\u00e2ce \u00e0 une fermeture \u00e0 ressort.<\/p>\n<h3>Description du produit Lunette de vis\u00e9e Flip Cap, capuchons de protection ou capuchons de recouvrement<\/h3>\n<ul>\n<li><strong>disponible pour toutes les lunettes de vis\u00e9e DDoptics Nighteagle et NFX<\/strong><\/li>\n<li>pour prot\u00e9ger l'ensemble de l'optique<\/li>\n<li>avec une fixation sp\u00e9ciale en caoutchouc pour un bon maintien<\/li>\n<li>le couvercle est facile \u00e0 ouvrir et \u00e0 fermer<\/li>\n<li>avec fermeture \u00e0 ressort<\/li>\n<li>noir avec impression discr\u00e8te du logo<\/li>\n<\/ul>\n\t\t<\/div>\n\t\t\t\t\t<\/div>\n\n\t\n\n\t<div id=\"col-259887055\" class=\"col medium-4 small-12 large-4\"  >\n\t\t\t\t<div class=\"col-inner\"  >\n\t\t\t\n\t\t\t\n<a class=\"button primary expand\" >\n\t\t<span>Particularit\u00e9s de la lunette de vis\u00e9e<\/span>\n\t<\/a>\n\n\n\t<section class=\"section\" id=\"section_1512406623\">\n\t\t<div class=\"section-bg fill\" >\n\t\t\t\t\t\t\t\t\t<div class=\"section-bg-overlay absolute fill\"><\/div>\n\t\t\t\n\n\t\t<\/div>\n\n\t\t\n\n\t\t<div class=\"section-content relative\">\n\t\t\t\n\t<div class=\"img has-hover x md-x lg-x y md-y lg-y\" id=\"image_1088379565\">\n\t\t<a class=\"\" href=\"https:\/\/www.ddoptics.de\/garantiebestimmungen\" target=\"_blank\" rel=\"no follow noopener\">\t\t\t\t\t\t<div class=\"img-inner dark\" >\n\t\t\t<img decoding=\"async\" width=\"352\" height=\"160\" src=\"https:\/\/ddoptics.shop\/wp-content\/uploads\/2014\/09\/DDoptics-Garantie.jpg\" class=\"attachment-large size-large\" alt=\"Garantie DDoptics\" srcset=\"https:\/\/ddoptics.shop\/wp-content\/uploads\/2014\/09\/DDoptics-Garantie.jpg 352w, https:\/\/ddoptics.shop\/wp-content\/uploads\/2014\/09\/DDoptics-Garantie-304x138.jpg 304w, https:\/\/ddoptics.shop\/wp-content\/uploads\/2014\/09\/DDoptics-Garantie-305x139.jpg 305w, https:\/\/ddoptics.shop\/wp-content\/uploads\/2014\/09\/DDoptics-Garantie-250x114.jpg 250w\" sizes=\"(max-width: 352px) 100vw, 352px\" title=\"\">\t\t\t\t\t\t\n\t\t\t\t\t<\/div>\n\t\t\t\t\t\t<\/a>\t\t\n<style>\n#image_1088379565 {\n  width: 100%;\n}\n<\/style>\n\t<\/div>\n\t\n\t<div id=\"gap-110129378\" class=\"gap-element clearfix\" style=\"display:block; height:auto;\">\n\t\t\n<style>\n#gap-110129378 {\n  padding-top: 15px;\n}\n<\/style>\n\t<\/div>\n\t\n\t<div id=\"text-4238376858\" class=\"text\">\n\t\t\n<p><span style=\"font-size: 80%;\"><em>\u21d2 \u00e0 commander simplement en combinaison avec une optique de vis\u00e9e<br \/>\n\u21d2 compos\u00e9 d'un capuchon d'oculaire et d'un capuchon d'objectif<br \/>\n\u21d2 la taille peut \u00eatre s\u00e9lectionn\u00e9e individuellement<br \/>\n\u21d2 pour prot\u00e9ger l'ensemble de l'optique<br \/>\n\u21d2 avec une fixation sp\u00e9ciale en caoutchouc pour un maintien ferme<br \/>\n\u21d2 Le couvercle est facile \u00e0 ouvrir et \u00e0 fermer<br \/>\n\u21d2 noir avec impression discr\u00e8te du logo<br \/>\n<\/em><\/span><\/p>\n\t\t\n<style>\n#text-4238376858 {\n  line-height: 1.15;\n  color: rgb(33, 107, 227);\n}\n#text-4238376858 > * {\n  color: rgb(33, 107, 227);\n}\n<\/style>\n\t<\/div>\n\t\n\t\t<\/div>\n\n\t\t\n<style>\n#section_1512406623 {\n  padding-top: 30px;\n  padding-bottom: 30px;\n  background-color: rgb(232, 232, 232);\n}\n#section_1512406623 .section-bg-overlay {\n  background-color: rgba(255,255,255,.5);\n}\n<\/style>\n\t<\/section>\n\t\n<div class=\"is-divider divider clearfix\" ><\/div>\n\t\t<\/div>\n\t\t\t\t\t<\/div>\n\n\t\n<\/div>","protected":false},"excerpt":{"rendered":"<p>DDoptics Flip Cap SET (noir) pour l'oculaire et l'objectif dans une offre attractive.<\/p>","protected":false},"featured_media":12827,"comment_status":"open","ping_status":"closed","template":"","meta":{"inline_featured_image":false,"footnotes":""},"product_brand":[],"product_cat":[],"product_tag":[754,755,753,762],"class_list":{"0":"post-12812","1":"product","2":"type-product","3":"status-publish","4":"has-post-thumbnail","6":"product_tag-abdeckkappen","7":"product_tag-flip-cap","8":"product_tag-schutzkappe","9":"product_tag-zf-schutzkappen","10":"product_shipping_class-paket","11":"pa_brand-marke-ddoptics","12":"pa_farbe-schwarz","14":"first","15":"instock","16":"taxable","17":"shipping-taxable","18":"purchasable","19":"product-type-variable"},"bundled_by":["12806","12245","12177","9201","1963","1942","555","12196","11793","10517","2003","1994","12862","17654","18770","18833","21141","23245","23519","23563","25839","26806","26986","27680","27817","27932"],"bundle_stock_status":"instock","bundle_stock_quantity":null,"bundle_virtual":false,"bundle_layout":"","bundle_add_to_cart_form_location":"","bundle_editable_in_cart":false,"bundle_sold_individually_context":"","bundle_item_grouping":"","bundle_min_size":"","bundle_max_size":"","bundle_price":[],"bundled_items":[],"bundle_sell_ids":[],"_links":{"self":[{"href":"https:\/\/ddoptics.shop\/fr\/wp-json\/wp\/v2\/product\/12812","targetHints":{"allow":["GET"]}}],"collection":[{"href":"https:\/\/ddoptics.shop\/fr\/wp-json\/wp\/v2\/product"}],"about":[{"href":"https:\/\/ddoptics.shop\/fr\/wp-json\/wp\/v2\/types\/product"}],"replies":[{"embeddable":true,"href":"https:\/\/ddoptics.shop\/fr\/wp-json\/wp\/v2\/comments?post=12812"}],"version-history":[{"count":4,"href":"https:\/\/ddoptics.shop\/fr\/wp-json\/wp\/v2\/product\/12812\/revisions"}],"predecessor-version":[{"id":29217,"href":"https:\/\/ddoptics.shop\/fr\/wp-json\/wp\/v2\/product\/12812\/revisions\/29217"}],"wp:featuredmedia":[{"embeddable":true,"href":"https:\/\/ddoptics.shop\/fr\/wp-json\/wp\/v2\/media\/12827"}],"wp:attachment":[{"href":"https:\/\/ddoptics.shop\/fr\/wp-json\/wp\/v2\/media?parent=12812"}],"wp:term":[{"taxonomy":"product_brand","embeddable":true,"href":"https:\/\/ddoptics.shop\/fr\/wp-json\/wp\/v2\/product_brand?post=12812"},{"taxonomy":"product_cat","embeddable":true,"href":"https:\/\/ddoptics.shop\/fr\/wp-json\/wp\/v2\/product_cat?post=12812"},{"taxonomy":"product_tag","embeddable":true,"href":"https:\/\/ddoptics.shop\/fr\/wp-json\/wp\/v2\/product_tag?post=12812"}],"curies":[{"name":"wp","href":"https:\/\/api.w.org\/{rel}","templated":true}]}}