{"id":12862,"date":"2019-02-18T12:21:05","date_gmt":"2019-02-18T11:21:05","guid":{"rendered":"https:\/\/ddoptics.shop\/?post_type=product&#038;p=12862"},"modified":"2026-02-02T17:31:16","modified_gmt":"2026-02-02T16:31:16","slug":"ddoptics-v6-lunette-de-visee-5-30x56-ddmp-mrad","status":"publish","type":"product","link":"https:\/\/ddoptics.shop\/fr\/kaufen\/ddoptics-v6-zielfernrohr-5-30x56-ddmp-mrad\/","title":{"rendered":"Lunette de vis\u00e9e 5-30\u00d756 DDMP de DDoptics | V6 | TacA | R\u00e9glage MRAD - Gen 3"},"content":{"rendered":"<div class=\"container section-title-container\" ><h3 class=\"section-title section-title-normal\"><b aria-hidden=\"true\"><\/b><span class=\"section-title-main\" ><i class=\"icon-cross\" aria-hidden=\"true\"><\/i>Aper\u00e7u de la lunette de vis\u00e9e V6 5-30x56 DDMP - MRAD - 1 cm \/100 m r\u00e9glage par clic<\/span><b aria-hidden=\"true\"><\/b><\/h3><\/div>\n<table style=\"background-color: #cacaca;\">\n<tbody>\n<tr style=\"height: 24px;\">\n<td style=\"height: 24px; text-align: left; width: 20%;\"><strong>Tube :<\/strong><\/td>\n<td style=\"height: 24px; text-align: left; width: 30%;\">Mono-tube de 34 mm<\/td>\n<td style=\"height: 24px; text-align: left; width: 20%;\"><strong>Champ de vision : m @100m :<\/strong><\/td>\n<td style=\"height: 24px; text-align: left; width: 30%;\">7,04-1,05 m<\/td>\n<\/tr>\n<tr style=\"height: 24px;\">\n<td style=\"height: 24px; text-align: left; width: 20%;\"><strong>Syst\u00e8me optique :<\/strong><\/td>\n<td style=\"height: 24px; text-align: left; width: 30%;\">5-30- fois<\/td>\n<td style=\"height: 24px; text-align: left; width: 20%;\"><strong>Distance entre les yeux :<\/strong><\/td>\n<td style=\"height: 24px; text-align: left; width: 30%;\">85-97 mm<\/td>\n<\/tr>\n<tr style=\"height: 24px;\">\n<td style=\"height: 24px; text-align: left; width: 20%;\"><strong>L'objectif :<\/strong><\/td>\n<td style=\"height: 24px; text-align: left; width: 30%;\">56 mm<\/td>\n<td style=\"height: 24px; text-align: left; width: 20%;\"><strong>longueur :<\/strong><\/td>\n<td style=\"height: 24px; text-align: left; width: 30%;\">368 mm<\/td>\n<\/tr>\n<tr style=\"height: 24px;\">\n<td style=\"height: 24px; text-align: left; width: 20%;\"><strong>R\u00e9ticule :<\/strong><\/td>\n<td style=\"height: 24px; text-align: left; width: 30%;\">TacA<\/td>\n<td style=\"height: 24px; text-align: left; width: 20%;\"><strong>poids :<\/strong><\/td>\n<td style=\"height: 24px; text-align: left; width: 30%;\">1068 g<\/td>\n<\/tr>\n<tr style=\"height: 24px;\">\n<td style=\"height: 24px; text-align: left; width: 20%;\"><strong>Point lumineux<\/strong><\/td>\n<td style=\"height: 24px; text-align: left; width: 30%;\">Standard ou iFiber<\/td>\n<td style=\"height: 24px; text-align: left; width: 20%;\"><strong>Protection contre la bu\u00e9e :<\/strong><\/td>\n<td style=\"height: 24px; text-align: left; width: 30%;\">Remplissage d'azote contre la bu\u00e9e<\/td>\n<\/tr>\n<tr style=\"height: 24px;\">\n<td style=\"height: 24px; text-align: left; width: 20%;\"><strong>Mise au point\/parallaxe :<\/strong><\/td>\n<td style=\"height: 24px; text-align: left; width: 30%;\">Objectif r\u00e9glable 25-1000 m \u00e0 l'infini<\/td>\n<td style=\"height: 24px; text-align: left; width: 20%;\"><strong>l'\u00e9tanch\u00e9it\u00e9 :<\/strong><\/td>\n<td style=\"height: 24px; text-align: left; width: 30%;\">R\u00e9sistant \u00e0 l'eau et aux chocs<\/td>\n<\/tr>\n<\/tbody>\n<\/table>\n<div class=\"row\"  id=\"row-2074280387\">\n\n\t<div id=\"col-1017753780\" class=\"col medium-8 small-12 large-8\"  >\n\t\t\t\t<div class=\"col-inner\"  >\n\t\t\t\n\t\t\t\n<h2>La lunette de vis\u00e9e 5-30\u00d756 - V6 DDMP | MRAD de DDoptics - pr\u00e9cision absolue \u00e0 moyenne distance de 100 \u00e0 1000 m<\/h2>\n<p>Que ce soit en tant que <strong>Lunette de vis\u00e9e dans la gamme Sport-Long-Range<\/strong> ou la moyenne distance de 100 et 1 000 m\u00e8tres. La lunette de vis\u00e9e ultramoderne de DDoptics <strong>5-30\u00d756<\/strong> Le DDMP couvre tout le \"fullspectrum\" des possibilit\u00e9s d'utilisation.<\/p>\n<p>Avec une course de r\u00e9glage \u00e9norme de 30 MRAD (29,6) - c'est-\u00e0-dire 100 MOA - il est possible de r\u00e9aliser des distances de 2.000 m et plus. L'ensemble de la plage de r\u00e9glage est parcouru en seulement 3 tours, ce qui permet un r\u00e9glage extr\u00eamement pr\u00e9cis.<strong> changement rapide des distances de tir les plus diverses<\/strong> possible.<\/p>\n<h3>Le r\u00e9ticule 5-30\u00d756 DDMP V6 TacA de DDoptics<\/h3>\n<p>Le r\u00e9ticule TacA est tr\u00e8s facile \u00e0 utiliser. <strong>Ainsi, en raison du premier plan de l'image, la distance d'un trait plein \u00e0 un autre correspond toujours exactement \u00e0 1 MRAD \u21d2 10 cm<\/strong> sur 100 m. Les traits interm\u00e9diaires dessinent en cons\u00e9quence pour <strong>0,5 MRAD \u21d2 5 cm.<\/strong><\/p>\n<p>Les poutres en forme de fl\u00e8ches ont \u00e9t\u00e9 d\u00e9lib\u00e9r\u00e9ment maintenues transparentes afin de permettre \u00e0 l'air de circuler librement. <strong>rien de cach\u00e9 derri\u00e8re le r\u00e9ticule<\/strong> reste.<\/p>\n\t\t<\/div>\n\t\t\t\t\t<\/div>\n\n\t\n\n\t<div id=\"col-695995191\" class=\"col medium-4 small-12 large-4\"  >\n\t\t\t\t<div class=\"col-inner\"  >\n\t\t\t\n\t\t\t\n<a class=\"button primary expand\" >\n\t\t<span>Particularit\u00e9s de la lunette de vis\u00e9e<\/span>\n\t<\/a>\n\n\n\t<section class=\"section\" id=\"section_1035126342\">\n\t\t<div class=\"section-bg fill\" >\n\t\t\t\t\t\t\t\t\t<div class=\"section-bg-overlay absolute fill\"><\/div>\n\t\t\t\n\n\t\t<\/div>\n\n\t\t\n\n\t\t<div class=\"section-content relative\">\n\t\t\t\n\t<div class=\"img has-hover x md-x lg-x y md-y lg-y\" id=\"image_1604238019\">\n\t\t<a class=\"\" href=\"https:\/\/www.ddoptics.de\/garantiebestimmungen\" target=\"_blank\" rel=\"no follow noopener\">\t\t\t\t\t\t<div class=\"img-inner dark\" >\n\t\t\t<img decoding=\"async\" width=\"352\" height=\"160\" src=\"https:\/\/ddoptics.shop\/wp-content\/uploads\/2014\/09\/DDoptics-Garantie.jpg\" class=\"attachment-large size-large\" alt=\"Garantie DDoptics\" srcset=\"https:\/\/ddoptics.shop\/wp-content\/uploads\/2014\/09\/DDoptics-Garantie.jpg 352w, https:\/\/ddoptics.shop\/wp-content\/uploads\/2014\/09\/DDoptics-Garantie-304x138.jpg 304w, https:\/\/ddoptics.shop\/wp-content\/uploads\/2014\/09\/DDoptics-Garantie-305x139.jpg 305w, https:\/\/ddoptics.shop\/wp-content\/uploads\/2014\/09\/DDoptics-Garantie-250x114.jpg 250w\" sizes=\"(max-width: 352px) 100vw, 352px\" title=\"\">\t\t\t\t\t\t\n\t\t\t\t\t<\/div>\n\t\t\t\t\t\t<\/a>\t\t\n<style>\n#image_1604238019 {\n  width: 100%;\n}\n<\/style>\n\t<\/div>\n\t\n\t<div id=\"gap-249891713\" class=\"gap-element clearfix\" style=\"display:block; height:auto;\">\n\t\t\n<style>\n#gap-249891713 {\n  padding-top: 15px;\n}\n<\/style>\n\t<\/div>\n\t\n\t<div id=\"text-4230128197\" class=\"text\">\n\t\t\n<p><span style=\"font-size: 80%;\"><em>\u21d2 DDMP - DDoptics Match Precision<br \/>\n\u21d2 Parfait pour les tireurs sportifs exigeants<br \/>\n\u21d2 30 MRAD de course de r\u00e9glage permet des tirs extr\u00eamement longs<br \/>\n\u21d2 Tube robuste de 34 mm<br \/>\n\u21d2 Grandes tours tactiques en m\u00e9tal (pas de plastique)<br \/>\n\u21d2 Double mise \u00e0 l'\u00e9chelle (Doubleturn)<br \/>\n\u21d2 Zerostop interne pour ASV (but\u00e9e z\u00e9ro)<br \/>\n\u21d2 Clic tactique dur de 0,1 MRAD (1cm\/clic)<br \/>\n\u21d2 Un tour = 10 MRAD<br \/>\n\u21d2 Nouveau r\u00e9ticule tacA dans le 1er plan de l'image<br \/>\n\u21d2 Compensation de parallaxe performante avec 25-1000-\u221e<br \/>\n<\/em><\/span><\/p>\n\t\t\n<style>\n#text-4230128197 {\n  line-height: 1.15;\n  color: rgb(33, 107, 227);\n}\n#text-4230128197 > * {\n  color: rgb(33, 107, 227);\n}\n<\/style>\n\t<\/div>\n\t\n\t\t<\/div>\n\n\t\t\n<style>\n#section_1035126342 {\n  padding-top: 30px;\n  padding-bottom: 30px;\n  background-color: rgb(232, 232, 232);\n}\n#section_1035126342 .section-bg-overlay {\n  background-color: rgba(255,255,255,.5);\n}\n<\/style>\n\t<\/section>\n\t\n<div class=\"is-divider divider clearfix\" ><\/div>\n\t\t<\/div>\n\t\t\t\t\t<\/div>\n\n\t\n<\/div>\n\t<div class=\"img has-hover x md-x lg-x y md-y lg-y\" id=\"image_1365625435\">\n\t\t\t\t\t\t\t\t<div class=\"img-inner dark\" >\n\t\t\t<img decoding=\"async\" width=\"1020\" height=\"669\" src=\"https:\/\/ddoptics.shop\/wp-content\/uploads\/2019\/02\/DDoptics-V6-Zielfernrohr-5-30x56-Zeichnung.jpg\" class=\"attachment-large size-large\" alt=\"Lunette de vis\u00e9e DDoptics V6 5-30x56 DDMP dessin\" srcset=\"https:\/\/ddoptics.shop\/wp-content\/uploads\/2019\/02\/DDoptics-V6-Zielfernrohr-5-30x56-Zeichnung.jpg 1200w, https:\/\/ddoptics.shop\/wp-content\/uploads\/2019\/02\/DDoptics-V6-Zielfernrohr-5-30x56-Zeichnung-304x199.jpg 304w, https:\/\/ddoptics.shop\/wp-content\/uploads\/2019\/02\/DDoptics-V6-Zielfernrohr-5-30x56-Zeichnung-305x200.jpg 305w, https:\/\/ddoptics.shop\/wp-content\/uploads\/2019\/02\/DDoptics-V6-Zielfernrohr-5-30x56-Zeichnung-632x414.jpg 632w, https:\/\/ddoptics.shop\/wp-content\/uploads\/2019\/02\/DDoptics-V6-Zielfernrohr-5-30x56-Zeichnung-800x525.jpg 800w, https:\/\/ddoptics.shop\/wp-content\/uploads\/2019\/02\/DDoptics-V6-Zielfernrohr-5-30x56-Zeichnung-510x334.jpg 510w, https:\/\/ddoptics.shop\/wp-content\/uploads\/2019\/02\/DDoptics-V6-Zielfernrohr-5-30x56-Zeichnung-250x164.jpg 250w\" sizes=\"(max-width: 1020px) 100vw, 1020px\" title=\"\">\t\t\t\t\t\t\n\t\t\t\t\t<\/div>\n\t\t\t\t\t\t\t\t\n<style>\n#image_1365625435 {\n  width: 100%;\n}\n<\/style>\n\t<\/div>\n\t\n<h3>Lunette de vis\u00e9e DDoptics V6 5-30\u00d756 DDMP : point lumineux r\u00e9glable en continu du mode lumi\u00e8re du jour au mode vision nocturne<\/h3>\n<p>Le site <strong>Unit\u00e9 d'\u00e9clairage du TacA<\/strong> est un syst\u00e8me parfaitement \u00e9quilibr\u00e9 avec une dynamique maximale. Ainsi, dans les <strong>premier niveau de luminosit\u00e9 : un point lumineux extr\u00eamement petit<\/strong> de reconna\u00eetre.<\/p>\n<p>Celui-ci est m\u00eame graduable au point que ce <strong>peut \u00e9galement \u00eatre utilis\u00e9 avec un appareil de vision nocturne.<\/strong> Si l'on continue \u00e0 augmenter le point lumineux<strong> s'allume \u00e0 partir d'une certaine intensit\u00e9 lumineuse tout le <a href=\"https:\/\/de.wikipedia.org\/wiki\/Ballistik\" target=\"_blank\" rel=\"noopener sponsored\" data-schema-attribute=\"\">balistique<\/a> R\u00e9ticule<\/strong> avec<\/p>\n<p>Selon l'utilisation, il est donc toujours possible <strong>choisir entre le point pur ou le r\u00e9ticule enti\u00e8rement \u00e9clair\u00e9<\/strong>. L'extinction automatique avec commande intelligente peut \u00e9galement \u00eatre s\u00e9lectionn\u00e9e en principe pour cette optique de vis\u00e9e.<\/p>\n<h3>Plage de r\u00e9glage totale de la lunette de vis\u00e9e DDoptics<a href=\"https:\/\/ddoptics.shop\/fr\/boutique\/lunette-de-visee\/v6-zoom-6x\/\" target=\"_blank\" rel=\"noopener\" data-schema-attribute=\"\"> Lunette de vis\u00e9e V6<\/a> 5-30\u00d756 DDMP :<\/h3>\n<p>Le site\u00a0<strong>Lunette de vis\u00e9e 5-30\u00d756<\/strong> dispose d'une<strong> R\u00e9glage tactique de 0,1 mrad<\/strong>. Cela signifie pour l'utilisateur en <strong>Europe application simple selon le syst\u00e8me d\u00e9cimal<\/strong>.<\/p>\n<p>Distance totale de r\u00e9glage sur 100 m : 29,6 <a href=\"https:\/\/ddoptics.shop\/fr\/mot-technique\/calcul-de-la-minute-dangle-ou-moa-pour-les-lunettes-de-visee\/\" target=\"_blank\" rel=\"noopener noreferrer\">MRAD<\/a><\/p>\n<ul>\n<li>Course de r\u00e9glage \/ clic sur 100 m : 1 cm<\/li>\n<li>Course de r\u00e9glage \/ clic sur 200 m : 2 cm<\/li>\n<li>Course de r\u00e9glage \/ clic \u00e0 300 m : 3 cm<\/li>\n<li>Course de r\u00e9glage \/ clic \u00e0 900 m : 9 cm<\/li>\n<\/ul>\n<h3>Lunette de vis\u00e9e DDoptics V6 5-30\u00d756 DDMP - Zerostop interne de haute pr\u00e9cision<\/h3>\n<figure id=\"attachment_12866\" aria-describedby=\"caption-attachment-12866\" style=\"width: 350px\" class=\"wp-caption alignright\"><a href=\"https:\/\/ddoptics.shop\/wp-content\/uploads\/2019\/02\/Interner-Zerostop-5-30x56.jpg\"><img decoding=\"async\" class=\"wp-image-12866\" src=\"https:\/\/ddoptics.shop\/wp-content\/uploads\/2019\/02\/Interner-Zerostop-5-30x56.jpg\" alt=\"Lunette de vis\u00e9e interne Zerostop 5-30x56 DDoptics\" width=\"350\" height=\"233\" title=\"\" srcset=\"https:\/\/ddoptics.shop\/wp-content\/uploads\/2019\/02\/Interner-Zerostop-5-30x56.jpg 600w, https:\/\/ddoptics.shop\/wp-content\/uploads\/2019\/02\/Interner-Zerostop-5-30x56-304x203.jpg 304w, https:\/\/ddoptics.shop\/wp-content\/uploads\/2019\/02\/Interner-Zerostop-5-30x56-305x203.jpg 305w, https:\/\/ddoptics.shop\/wp-content\/uploads\/2019\/02\/Interner-Zerostop-5-30x56-510x340.jpg 510w, https:\/\/ddoptics.shop\/wp-content\/uploads\/2019\/02\/Interner-Zerostop-5-30x56-250x167.jpg 250w\" sizes=\"(max-width: 350px) 100vw, 350px\" \/><\/a><figcaption id=\"caption-attachment-12866\" class=\"wp-caption-text\">Lunette de vis\u00e9e interne Zerostop 5-30\u00d756 DDoptics<\/figcaption><\/figure>\n<p>Apr\u00e8s avoir retir\u00e9 les<strong> Coiffes de tourelle du r\u00e9ticule du 5-30\u00d756\u00a0<\/strong>la tour peut \u00eatre <strong>en desserrant 3 vis sans t\u00eate<\/strong> vers le haut pour l'enlever. En dessous, vous trouverez le Zerostop sous la forme d'un disque noir rond.<\/p>\n<p>Le r\u00e9glage du z\u00e9ro-stop s'effectue apr\u00e8s le tir, en desserrant les (\u00e9galement) 3 vis sans t\u00eate sur le disque du z\u00e9ro-stop. Lorsqu'il est desserr\u00e9, le disque peut \u00eatre tourn\u00e9 sans effet jusqu'\u00e0 la but\u00e9e et <strong>ensuite fix\u00e9 \u00e0 nouveau avec les vis sans t\u00eate<\/strong> \u00eatre.<\/p>\n<p>Vous pouvez reconna\u00eetre la but\u00e9e sur l'image entre la cible et l'optique de vis\u00e9e. Ensuite, la<strong> Remettre la tour en position z\u00e9ro et la bloquer \u00e0 l'aide des 3 vis sans t\u00eate.\u00a0<\/strong>Le Zerostop s'arr\u00eate alors avec pr\u00e9cision \u00e0 la distance que vous avez fix\u00e9e.<\/p>","protected":false},"excerpt":{"rendered":"<p><img decoding=\"async\" class=\"alignnone wp-image-10452 size-full\" title=\"Tir sportif\" src=\"https:\/\/ddoptics.shop\/wp-content\/uploads\/2016\/07\/Target-Schiessen.jpg\" alt=\"Tir sportif Target\" width=\"50\" height=\"50\" \/><img decoding=\"async\" class=\"alignnone wp-image-10168 size-full\" title=\"Chasse \u00e0 l&#039;approche\" src=\"https:\/\/ddoptics.shop\/wp-content\/uploads\/2016\/09\/Jagd-klein.jpg\" alt=\"Jumelles de chasse\" width=\"50\" height=\"50\" \/><img decoding=\"async\" class=\"alignnone wp-image-10178 size-full\" title=\"Chasse en montagne\" src=\"https:\/\/ddoptics.shop\/wp-content\/uploads\/2016\/04\/Gebirgsjagd-klein.jpg\" alt=\"Jumelles de chasse en montagne\" width=\"50\" height=\"50\" \/><\/p>\n<p><strong><span style=\"color: #ed1c24;\">Important : nouveau r\u00e9ticule tacA dans le 1er plan de l'image<\/span><\/strong><\/p>\n<p>Une nouvelle optique de vis\u00e9e extr\u00eame qui <strong>presque tous les domaines<\/strong> couvre tous les domaines. Du tir sportif \u00e0 la chasse en montagne en passant par la chasse \u00e0 l'approche - jusqu'\u00e0 la derni\u00e8re lumi\u00e8re de la carabine. <strong>En option avec tacA intelligent <a title=\"NOUVEAU point lumineux IFiber de DDoptics\" href=\"\/fr\/wiki-sur-les-mots-techniques\/point-lumineux-intelligent-ddoptics-ifiber\/\" target=\"_blank\" rel=\"noopener noreferrer\">IFiber Point lumineux<\/a> pour seulement \u20ac99,- de suppl\u00e9ment.<\/strong><\/p>\n<a href=\"https:\/\/amzn.to\/3RI5BKD\" target=\"_blank\" class=\"button success is-success is-small\" rel=\"\u201dnofollow\u201d noopener\" >\n\t\t<span>client amazon ? - profiter des avantages prime ?<\/span>\n\t<\/a>","protected":false},"featured_media":12872,"comment_status":"open","ping_status":"closed","template":"","meta":{"inline_featured_image":false,"footnotes":""},"product_brand":[],"product_cat":[768,454,638,697,640,641,919,637],"product_tag":[764,78,80,698,79],"class_list":{"0":"post-12862","1":"product","2":"type-product","3":"status-publish","4":"has-post-thumbnail","6":"product_cat-5-30x56","7":"product_cat-56-mm-objektivdurchmesser","8":"product_cat-ansitzjagd","9":"product_cat-mrad-klickverstellung","10":"product_cat-pirschjagd-und-gebirgsjagd","11":"product_cat-sportschiessen","12":"product_cat-v6-6-fach-zoom","13":"product_cat-zf-anwendung","14":"product_tag-5-30x56","15":"product_tag-ddoptics","16":"product_tag-gen-3","17":"product_tag-mrad-1-cm-klickverstellung","18":"product_tag-zielfernrohr","19":"product_shipping_class-paket","20":"pa_brand-marke-ddoptics","21":"pa_produkt-typ-zielfernrohr","23":"first","24":"instock","25":"sale","26":"taxable","27":"shipping-taxable","28":"purchasable","29":"product-type-bundle"},"bundled_by":[],"bundle_stock_status":"instock","bundle_stock_quantity":"","bundle_virtual":false,"bundle_layout":"default","bundle_add_to_cart_form_location":"default","bundle_editable_in_cart":false,"bundle_sold_individually_context":"product","bundle_item_grouping":"parent","bundle_min_size":"","bundle_max_size":"","bundle_price":{"price":{"min":{"incl_tax":"1520","excl_tax":"1266.67"},"max":{"incl_tax":"1624.32","excl_tax":"1353.6"}},"regular_price":{"min":{"incl_tax":"1899","excl_tax":"1582.5"},"max":{"incl_tax":"2014.9","excl_tax":"1679.08"}}},"bundled_items":[{"bundled_item_id":76,"product_id":16795,"menu_order":0,"quantity_min":1,"quantity_max":1,"quantity_default":1,"priced_individually":true,"shipped_individually":false,"override_title":true,"title":"","override_description":false,"description":"","optional":false,"hide_thumbnail":true,"discount":"","override_variations":false,"allowed_variations":[],"override_default_variation_attributes":true,"default_variation_attributes":[{"id":36,"name":"tacA point lumineux","option":"ddoptics-taca-normales-leuchtabsehen"}],"single_product_visibility":"visible","cart_visibility":"visible","order_visibility":"visible","single_product_price_visibility":"visible","cart_price_visibility":"visible","order_price_visibility":"visible","stock_status":"in_stock"},{"bundled_item_id":75,"product_id":12812,"menu_order":1,"quantity_min":1,"quantity_max":1,"quantity_default":1,"priced_individually":true,"shipped_individually":false,"override_title":true,"title":"Presque un cadeau en plus - Flip Caps SET","override_description":true,"description":"","optional":true,"hide_thumbnail":true,"discount":"68.55","override_variations":true,"allowed_variations":[12870],"override_default_variation_attributes":true,"default_variation_attributes":[{"id":17,"name":"Taille de la lunette de vis\u00e9e","option":"5-30x56"}],"single_product_visibility":"visible","cart_visibility":"visible","order_visibility":"visible","single_product_price_visibility":"visible","cart_price_visibility":"visible","order_price_visibility":"visible","stock_status":"in_stock"}],"bundle_sell_ids":[],"_links":{"self":[{"href":"https:\/\/ddoptics.shop\/fr\/wp-json\/wp\/v2\/product\/12862","targetHints":{"allow":["GET"]}}],"collection":[{"href":"https:\/\/ddoptics.shop\/fr\/wp-json\/wp\/v2\/product"}],"about":[{"href":"https:\/\/ddoptics.shop\/fr\/wp-json\/wp\/v2\/types\/product"}],"replies":[{"embeddable":true,"href":"https:\/\/ddoptics.shop\/fr\/wp-json\/wp\/v2\/comments?post=12862"}],"version-history":[{"count":18,"href":"https:\/\/ddoptics.shop\/fr\/wp-json\/wp\/v2\/product\/12862\/revisions"}],"predecessor-version":[{"id":29573,"href":"https:\/\/ddoptics.shop\/fr\/wp-json\/wp\/v2\/product\/12862\/revisions\/29573"}],"wp:featuredmedia":[{"embeddable":true,"href":"https:\/\/ddoptics.shop\/fr\/wp-json\/wp\/v2\/media\/12872"}],"wp:attachment":[{"href":"https:\/\/ddoptics.shop\/fr\/wp-json\/wp\/v2\/media?parent=12862"}],"wp:term":[{"taxonomy":"product_brand","embeddable":true,"href":"https:\/\/ddoptics.shop\/fr\/wp-json\/wp\/v2\/product_brand?post=12862"},{"taxonomy":"product_cat","embeddable":true,"href":"https:\/\/ddoptics.shop\/fr\/wp-json\/wp\/v2\/product_cat?post=12862"},{"taxonomy":"product_tag","embeddable":true,"href":"https:\/\/ddoptics.shop\/fr\/wp-json\/wp\/v2\/product_tag?post=12862"}],"curies":[{"name":"wp","href":"https:\/\/api.w.org\/{rel}","templated":true}]}}