{"id":13363,"date":"2019-04-11T09:25:11","date_gmt":"2019-04-11T07:25:11","guid":{"rendered":"https:\/\/ddoptics.shop\/?post_type=product&#038;p=13363"},"modified":"2025-06-27T13:48:22","modified_gmt":"2025-06-27T11:48:22","slug":"jumelles-ddoptics-lux-hr-8x25-ed-pocket","status":"publish","type":"product","link":"https:\/\/ddoptics.shop\/fr\/kaufen\/fernglas-ddoptics-lux-hr-8x25-ed-pocket\/","title":{"rendered":"Jumelles DDoptics Lux-HR 8\u00d725 ED \"Pocket"},"content":{"rendered":"<div class=\"row\"  id=\"row-69930992\">\n\n\t<div id=\"col-1429604680\" class=\"col medium-8 small-12 large-8\"  >\n\t\t\t\t<div class=\"col-inner\"  >\n\t\t\t\n\t\t\t\n<h2>Tr\u00e8s bonnes et avantageuses. Les jumelles l\u00e9g\u00e8res et compactes DDoptics Lux-HR 8\u00d725 ED \"Pocket\".<\/h2>\n<p>Les nouvelles Lux-HR 8\u00d725 \"Pocket\" ED sont des jumelles de haute qualit\u00e9 qui tiennent dans la poche d'une veste.<\/p>\n<p>Le site <strong>DDoptics Lux-HR \"Pocket\" ED<\/strong> vient<strong> Gr\u00e2ce \u00e0 un bo\u00eetier en magn\u00e9sium stable et l\u00e9ger<\/strong> \u00e0 un poids inf\u00e9rieur \u00e0 300 grammes.<\/p>\n<p>Avec ce <strong>Mini jumelles<\/strong> vous obtenez, malgr\u00e9 des dimensions r\u00e9duites, un \u00e9clairage clair et<strong> image claire<\/strong> avec une excellente r\u00e9solution. M\u00eame au cr\u00e9puscule, elles sont encore utilisables - bien s\u00fbr pas aussi longtemps qu'avec des jumelles avec un objectif de 42 mm. <strong>La Lux-HR 8\u00d725 \"Pocket\" ED<\/strong> combine l\u00e9g\u00e8ret\u00e9 et<strong> design compact<\/strong> avec des optiques brillantes \"Plaisir de voir\".<\/p>\n<p>D\u00e9tail important : les \u0153illetons sont ici aussi fabriqu\u00e9s en m\u00e9tal et recouverts de caoutchouc...<\/p>\n<h3>Composants optiques de haute qualit\u00e9 pour les jumelles 8\u00d725<\/h3>\n<p>Comme pour toutes les jumelles DDoptics Lux-HR, les Pocket ont \u00e9t\u00e9 con\u00e7ues <strong>Lentilles Field- Flattener<\/strong> est int\u00e9gr\u00e9. Il s'agit l\u00e0 d'une particularit\u00e9 absolue pour des jumelles de ce segment de prix.<\/p>\n<p>Les lentilles Field- Flattener sont des lentilles qui<strong> Lentilles suppl\u00e9mentaires sp\u00e9ciales<\/strong> au sein d'un <strong>paquet de lentilles.<\/strong> Ceux-ci compensent la courbure du champ d'image due au rayon de la lentille et produisent ainsi une image presque plane.<\/p>\n<p>Avantage : les lignes et les ar\u00eates qui sont<strong> Courbure du cristallin<\/strong> naturellement pli\u00e9s, sont \u00e0 nouveau <strong>juste repr\u00e9sent\u00e9<\/strong>. Un avantage si l'on veut prendre une photo \u00e0 travers les jumelles.<\/p>\n\t\t<\/div>\n\t\t\t\t\n<style>\n#col-1429604680 > .col-inner {\n  margin: 0px 0px -30px 0px;\n}\n<\/style>\n\t<\/div>\n\n\t\n\n\t<div id=\"col-621225596\" class=\"col medium-4 small-12 large-4\"  >\n\t\t\t\t<div class=\"col-inner\"  >\n\t\t\t\n\t\t\t\n\t<div class=\"img has-hover x md-x lg-x y md-y lg-y\" id=\"image_1373564308\">\n\t\t\t\t\t\t\t\t<div class=\"img-inner dark\" >\n\t\t\t\t\t\t\t\t\t\n\t\t\t\t\t<\/div>\n\t\t\t\t\t\t\t\t\n<style>\n#image_1373564308 {\n  width: 100%;\n}\n<\/style>\n\t<\/div>\n\t\n\t<div class=\"img has-hover x md-x lg-x y md-y lg-y\" id=\"image_874727276\">\n\t\t<a class=\"\" href=\"https:\/\/www.shop.ddoptics.de\/garantiebestimmungen\" target=\"_blank\" rel=\"noopener\">\t\t\t\t\t\t<div class=\"img-inner dark\" >\n\t\t\t<img decoding=\"async\" width=\"352\" height=\"160\" src=\"https:\/\/ddoptics.shop\/wp-content\/uploads\/2014\/09\/DDoptics-Garantie.jpg\" class=\"attachment-large size-large\" alt=\"Garantie DDoptics\" srcset=\"https:\/\/ddoptics.shop\/wp-content\/uploads\/2014\/09\/DDoptics-Garantie.jpg 352w, https:\/\/ddoptics.shop\/wp-content\/uploads\/2014\/09\/DDoptics-Garantie-304x138.jpg 304w, https:\/\/ddoptics.shop\/wp-content\/uploads\/2014\/09\/DDoptics-Garantie-305x139.jpg 305w, https:\/\/ddoptics.shop\/wp-content\/uploads\/2014\/09\/DDoptics-Garantie-250x114.jpg 250w\" sizes=\"(max-width: 352px) 100vw, 352px\" title=\"\">\t\t\t\t\t\t\n\t\t\t\t\t<\/div>\n\t\t\t\t\t\t<\/a>\t\t\n<style>\n#image_874727276 {\n  width: 100%;\n}\n<\/style>\n\t<\/div>\n\t\n<h3>DDoptics LUX Jumelles Facts<\/h3>\n\n\t\t<div class=\"icon-box featured-box icon-box-left text-left\"  >\n\t\t\t\t\t<div class=\"icon-box-img\" style=\"width: 32px\">\n\t\t\t\t<div class=\"icon\">\n\t\t\t\t\t<div class=\"icon-inner\" >\n\t\t\t\t\t\t<img decoding=\"async\" width=\"100\" height=\"83\" src=\"https:\/\/ddoptics.shop\/wp-content\/uploads\/2021\/05\/DDoptics-SHG-Icon.jpg\" class=\"attachment-medium size-medium\" alt=\"DDoptics SHG Jumelles Icon\" title=\"\">\t\t\t\t\t<\/div>\n\t\t\t\t<\/div>\n\t\t\t<\/div>\n\t\t\t\t<div class=\"icon-box-text last-reset\">\n\t\t\t\t\t\t\t\t\t\n<p>\u2705 Champ de vision de 114 m<\/p>\n\t\t<\/div>\n\t<\/div>\n\t\n\t\n\n\t\t<div class=\"icon-box featured-box icon-box-left text-left\"  >\n\t\t\t\t\t<div class=\"icon-box-img\" style=\"width: 32px\">\n\t\t\t\t<div class=\"icon\">\n\t\t\t\t\t<div class=\"icon-inner\" >\n\t\t\t\t\t\t<img decoding=\"async\" width=\"100\" height=\"83\" src=\"https:\/\/ddoptics.shop\/wp-content\/uploads\/2021\/05\/DDoptics-SHG-Icon.jpg\" class=\"attachment-medium size-medium\" alt=\"DDoptics SHG Jumelles Icon\" title=\"\">\t\t\t\t\t<\/div>\n\t\t\t\t<\/div>\n\t\t\t<\/div>\n\t\t\t\t<div class=\"icon-box-text last-reset\">\n\t\t\t\t\t\t\t\t\t\n<p>\u2705 Verre ED - apochromatique complet<\/p>\n\t\t<\/div>\n\t<\/div>\n\t\n\t\n\n\t\t<div class=\"icon-box featured-box icon-box-left text-left\"  >\n\t\t\t\t\t<div class=\"icon-box-img\" style=\"width: 32px\">\n\t\t\t\t<div class=\"icon\">\n\t\t\t\t\t<div class=\"icon-inner\" >\n\t\t\t\t\t\t<img decoding=\"async\" width=\"100\" height=\"83\" src=\"https:\/\/ddoptics.shop\/wp-content\/uploads\/2021\/05\/DDoptics-SHG-Icon.jpg\" class=\"attachment-medium size-medium\" alt=\"DDoptics SHG Jumelles Icon\" title=\"\">\t\t\t\t\t<\/div>\n\t\t\t\t<\/div>\n\t\t\t<\/div>\n\t\t\t\t<div class=\"icon-box-text last-reset\">\n\t\t\t\t\t\t\t\t\t\n<p>\u2705 Verre CT &amp; prismes en verre couronn\u00e9 baryt\u00e9 avec traitement DDlucid-FMC optimis\u00e9<\/p>\n\t\t<\/div>\n\t<\/div>\n\t\n\t\n\n\t\t<div class=\"icon-box featured-box icon-box-left text-left\"  >\n\t\t\t\t\t<div class=\"icon-box-img\" style=\"width: 32px\">\n\t\t\t\t<div class=\"icon\">\n\t\t\t\t\t<div class=\"icon-inner\" >\n\t\t\t\t\t\t<img decoding=\"async\" width=\"100\" height=\"83\" src=\"https:\/\/ddoptics.shop\/wp-content\/uploads\/2021\/05\/DDoptics-SHG-Icon.jpg\" class=\"attachment-medium size-medium\" alt=\"DDoptics SHG Jumelles Icon\" title=\"\">\t\t\t\t\t<\/div>\n\t\t\t\t<\/div>\n\t\t\t<\/div>\n\t\t\t\t<div class=\"icon-box-text last-reset\">\n\t\t\t\t\t\t\t\t\t\n<p>\u2705 Lentilles de Field-Flattener<\/p>\n\t\t<\/div>\n\t<\/div>\n\t\n\t\n\n\t\t<div class=\"icon-box featured-box icon-box-left text-left\"  >\n\t\t\t\t\t<div class=\"icon-box-img\" style=\"width: 32px\">\n\t\t\t\t<div class=\"icon\">\n\t\t\t\t\t<div class=\"icon-inner\" >\n\t\t\t\t\t\t<img decoding=\"async\" width=\"100\" height=\"83\" src=\"https:\/\/ddoptics.shop\/wp-content\/uploads\/2021\/05\/DDoptics-SHG-Icon.jpg\" class=\"attachment-medium size-medium\" alt=\"DDoptics SHG Jumelles Icon\" title=\"\">\t\t\t\t\t<\/div>\n\t\t\t\t<\/div>\n\t\t\t<\/div>\n\t\t\t\t<div class=\"icon-box-text last-reset\">\n\t\t\t\t\t\t\t\t\t\n<p>\u2705 Traitement DDlucid-FMC optimis\u00e9<\/p>\n\t\t<\/div>\n\t<\/div>\n\t\n\t\n\n\t\t<div class=\"icon-box featured-box icon-box-left text-left\"  >\n\t\t\t\t\t<div class=\"icon-box-img\" style=\"width: 32px\">\n\t\t\t\t<div class=\"icon\">\n\t\t\t\t\t<div class=\"icon-inner\" >\n\t\t\t\t\t\t<img decoding=\"async\" width=\"100\" height=\"83\" src=\"https:\/\/ddoptics.shop\/wp-content\/uploads\/2021\/05\/DDoptics-SHG-Icon.jpg\" class=\"attachment-medium size-medium\" alt=\"DDoptics SHG Jumelles Icon\" title=\"\">\t\t\t\t\t<\/div>\n\t\t\t\t<\/div>\n\t\t\t<\/div>\n\t\t\t\t<div class=\"icon-box-text last-reset\">\n\t\t\t\t\t\t\t\t\t\n<p>\u2705 Bo\u00eetier robuste en magn\u00e9sium<\/p>\n\t\t<\/div>\n\t<\/div>\n\t\n\t\n<div class=\"is-divider divider clearfix\" ><\/div>\n\t\t<\/div>\n\t\t\t\t\t<\/div>\n\n\t\n<\/div>\n<p>Les lentilles Field- Flattener ont en outre un traitement DDlucid encore am\u00e9lior\u00e9, un d\u00e9veloppement du traitement ELR (Extra Low Reflection). DDlucid de DDoptics est l'un des traitements les plus efficaces actuellement pour les jumelles. Exclusivement <strong>Jumelles haut de gamme<\/strong> disposent actuellement de traitements aussi sophistiqu\u00e9s. Le prisme en toit de Schmidt-Pechan est bien entendu \u00e0 traitement de phase. Tout cela garantit une observation longue et sans fatigue.<\/p>\n<p>En combinaison avec le miroir di\u00e9lectrique, le <strong>Couche de correction de phase<\/strong>\u00a0pour les tr\u00e8s hautes <strong>Saturation des couleurs<\/strong> et <strong>Contraste de l'image.<\/strong> Un appochromate ED int\u00e9gral r\u00e9duit les franges color\u00e9es en contre-jour et garantit des contours nets.<\/p>\n<h3>Prise en main optimale pour une vision sans fatigue avec un grossissement 8x<\/h3>\n<p>La sp\u00e9ciale <strong>Gaine en caoutchouc<\/strong> avec <strong>Couche tactile douce<\/strong> et une surface sp\u00e9cialement rugueuse garantissent une prise en main et une r\u00e9sistance au glissement optimales dans toutes les situations. Sur le pont se trouve un creux ergonomique pour un appui confortable des doigts. Gr\u00e2ce \u00e0 sa construction fine et compacte, le verre tient super bien dans la main (m\u00eame d'une seule main).<\/p>\n<p>Les \u0153illetons r\u00e9glables sont fabriqu\u00e9s en alliage m\u00e9tallique tr\u00e8s r\u00e9sistant. Les <strong>Rev\u00eatement en caoutchouc<\/strong> le <strong>Oeilletons<\/strong> prot\u00e8ge en outre les oculaires contre les dommages lors d'une utilisation intensive sur le terrain. Bien entendu, les jumelles de poche Lux-HR sont \u00e9galement enti\u00e8rement \u00e9tanches et prot\u00e9g\u00e9es contre la bu\u00e9e int\u00e9rieure.<\/p>\n<p><strong>Recommandation :<\/strong> Le site <strong>Jumelles<\/strong> n'est pas seulement id\u00e9al sur<strong> Voyages<\/strong>mais se pr\u00eate \u00e9galement \u00e0 la randonn\u00e9e ou \u00e0 l'escalade.<strong> \u00c9v\u00e9nements<\/strong> avec des distances <strong>(p. ex. sc\u00e8ne en plein air).<\/strong><\/p>","protected":false},"excerpt":{"rendered":"<p><img decoding=\"async\" class=\"alignnone wp-image-10180 size-full\" title=\"Randonn\u00e9e\" src=\"https:\/\/ddoptics.shop\/wp-content\/uploads\/2016\/04\/Bergwandern-klein.jpg\" alt=\"Jumelles de randonn\u00e9e en montagne\" width=\"50\" height=\"50\" \/><img decoding=\"async\" class=\"alignnone wp-image-10178 size-full\" title=\"Observation de la faune Chasse en montagne\" src=\"https:\/\/ddoptics.shop\/wp-content\/uploads\/2016\/04\/Gebirgsjagd-klein.jpg\" alt=\"Jumelles de chasse en montagne\" width=\"50\" height=\"50\" \/><img decoding=\"async\" class=\"alignnone wp-image-10170 size-full\" title=\"Observation des oiseaux\" src=\"https:\/\/ddoptics.shop\/wp-content\/uploads\/2016\/09\/Ornitologie-klein.jpg\" alt=\"Observation des oiseaux\" width=\"50\" height=\"50\" \/><br \/>\nLes DDoptics Lux-HR 8\u00d725 \"Pocket\" ED - les jumelles l\u00e9g\u00e8res et compactes avec une optique de pointe !<\/p>","protected":false},"featured_media":13367,"comment_status":"open","ping_status":"closed","template":"","meta":{"inline_featured_image":false,"footnotes":""},"product_brand":[],"product_cat":[836,349,329,67,344,354,346],"product_tag":[90,838,78,839],"class_list":{"0":"post-13363","1":"product","2":"type-product","3":"status-publish","4":"has-post-thumbnail","6":"product_cat-25-mm-objektiv","7":"product_cat-8x-vergroesserung","8":"product_cat-ddoptics","9":"product_cat-fernglas","10":"product_cat-naturbeobachtung","11":"product_cat-vogelbeobachtung","12":"product_cat-wandern-und-reisen","13":"product_tag-8-fach-vergroesserung","14":"product_tag-8x25","15":"product_tag-ddoptics","16":"product_tag-fernglas-8x25","17":"product_shipping_class-paket","18":"pa_brand-marke-ddoptics","19":"pa_farbe-schwarz","20":"pa_produkt-typ-fernglas","22":"first","23":"instock","24":"sale","25":"taxable","26":"shipping-taxable","27":"purchasable","28":"product-type-simple"},"bundled_by":[],"bundle_stock_status":"instock","bundle_stock_quantity":null,"bundle_virtual":false,"bundle_layout":"","bundle_add_to_cart_form_location":"","bundle_editable_in_cart":false,"bundle_sold_individually_context":"","bundle_item_grouping":"","bundle_min_size":"","bundle_max_size":"","bundle_price":[],"bundled_items":[],"bundle_sell_ids":[],"_links":{"self":[{"href":"https:\/\/ddoptics.shop\/fr\/wp-json\/wp\/v2\/product\/13363","targetHints":{"allow":["GET"]}}],"collection":[{"href":"https:\/\/ddoptics.shop\/fr\/wp-json\/wp\/v2\/product"}],"about":[{"href":"https:\/\/ddoptics.shop\/fr\/wp-json\/wp\/v2\/types\/product"}],"replies":[{"embeddable":true,"href":"https:\/\/ddoptics.shop\/fr\/wp-json\/wp\/v2\/comments?post=13363"}],"version-history":[{"count":4,"href":"https:\/\/ddoptics.shop\/fr\/wp-json\/wp\/v2\/product\/13363\/revisions"}],"predecessor-version":[{"id":28502,"href":"https:\/\/ddoptics.shop\/fr\/wp-json\/wp\/v2\/product\/13363\/revisions\/28502"}],"wp:featuredmedia":[{"embeddable":true,"href":"https:\/\/ddoptics.shop\/fr\/wp-json\/wp\/v2\/media\/13367"}],"wp:attachment":[{"href":"https:\/\/ddoptics.shop\/fr\/wp-json\/wp\/v2\/media?parent=13363"}],"wp:term":[{"taxonomy":"product_brand","embeddable":true,"href":"https:\/\/ddoptics.shop\/fr\/wp-json\/wp\/v2\/product_brand?post=13363"},{"taxonomy":"product_cat","embeddable":true,"href":"https:\/\/ddoptics.shop\/fr\/wp-json\/wp\/v2\/product_cat?post=13363"},{"taxonomy":"product_tag","embeddable":true,"href":"https:\/\/ddoptics.shop\/fr\/wp-json\/wp\/v2\/product_tag?post=13363"}],"curies":[{"name":"wp","href":"https:\/\/api.w.org\/{rel}","templated":true}]}}