{"id":14370,"date":"2019-05-28T14:49:13","date_gmt":"2019-05-28T12:49:13","guid":{"rendered":"https:\/\/ddoptics.shop\/?post_type=product&#038;p=14370"},"modified":"2025-10-03T12:53:28","modified_gmt":"2025-10-03T10:53:28","slug":"longue-vue-ddoptics-pirschler-20-60x80-s-vision-oblique","status":"publish","type":"product","link":"https:\/\/ddoptics.shop\/fr\/kaufen\/spektiv-ddoptics-pirschler-20-60x80-s-schraegeinblick\/","title":{"rendered":"Longue-vue DDoptics Pirschler 20-60\u00d780 S - Vue oblique"},"content":{"rendered":"<div class=\"row\"  id=\"row-551178797\">\n\n\t<div id=\"col-1055992919\" class=\"col medium-8 small-12 large-8\"  >\n\t\t\t\t<div class=\"col-inner\"  >\n\t\t\t\n\t\t\t\n<h2>DDoptics T\u00e9lescope Pirschler 20-60\u00d780 S avec vis\u00e9e oblique<\/h2>\n<p>Avec le <strong>DDoptics Pirschler longue-vue 20-60\u00d780 S<\/strong> vous recevrez un <strong>longue-vue professionnelle et relativement l\u00e9g\u00e8re \u00e0 un prix tr\u00e8s int\u00e9ressant. <\/strong>Pour ce nouveau d\u00e9veloppement de la longue-vue, on a sp\u00e9cialement <strong>Utilisation pour la chasse<\/strong> au cr\u00e9puscule est prise en compte.<\/p>\n<p>Bien s\u00fbr, les exigences de la <strong>l'observation classique des oiseaux<\/strong> \u00e9galement pris en compte - en r\u00e9f\u00e9rence \u00e0 <strong>Nettet\u00e9 de l'image et rendu des couleurs.<\/strong> Le syst\u00e8me optique de la longue-vue recalcul\u00e9 vous garantit un <strong>image claire et contrast\u00e9e<\/strong> m\u00eame dans des conditions de faible \u00e9clairage.<\/p>\n<p>M\u00eame avec un grossissement maximum de 60 fois, l'appareil photo vous fournit des informations sur la sant\u00e9 et le bien-\u00eatre. <strong>Longue-vue Pirschler<\/strong> une image d'une grande nettet\u00e9. Le site <strong>Unit\u00e9 de mise au point<\/strong> se compose d'un <strong>molette de r\u00e9glage de 2 cm<\/strong>.<\/p>\n<p>Il peut \u00eatre utilis\u00e9 confortablement avec des gants, m\u00eame par temps froid. Le site<strong> nouvelles longues-vues DDoptics<\/strong> s\u00e9duisent par leur grand champ de vision et par leur point de proximit\u00e9 exceptionnellement dense. Sur <strong>Pirschler 20-60\u00d780 S<\/strong> vous pouvez d\u00e9j\u00e0 voir les d\u00e9tails \u00e0 partir d'une distance de 7 m\u00e8tres.<\/p>\n<p>C'est un grand avantage pour les <strong>l'observation des nids d'oiseaux ou l'observation des insectes.<\/strong>\u00a0 Une grande force est fournie par le <strong>Longue-vue pour tireurs sportifs<\/strong> - Les impacts sur une cible noire sont facilement visibles \u00e0 des distances de tir habituelles.<\/p>\n\t\t<\/div>\n\t\t\t\t\n<style>\n#col-1055992919 > .col-inner {\n  margin: 0px 0px -30px 0px;\n}\n<\/style>\n\t<\/div>\n\n\t\n\n\t<div id=\"col-1018535266\" class=\"col medium-4 small-12 large-4\"  >\n\t\t\t\t<div class=\"col-inner\"  >\n\t\t\t\n\t\t\t\n\t<div class=\"img has-hover x md-x lg-x y md-y lg-y\" id=\"image_1923889480\">\n\t\t\t\t\t\t\t\t<div class=\"img-inner dark\" >\n\t\t\t\t\t\t\t\t\t\n\t\t\t\t\t<\/div>\n\t\t\t\t\t\t\t\t\n<style>\n#image_1923889480 {\n  width: 100%;\n}\n<\/style>\n\t<\/div>\n\t\n\t<div class=\"img has-hover x md-x lg-x y md-y lg-y\" id=\"image_332011037\">\n\t\t<a class=\"\" href=\"https:\/\/www.shop.ddoptics.de\/garantiebestimmungen\" target=\"_blank\" rel=\"noopener\">\t\t\t\t\t\t<div class=\"img-inner dark\" >\n\t\t\t<img decoding=\"async\" width=\"352\" height=\"160\" src=\"https:\/\/ddoptics.shop\/wp-content\/uploads\/2014\/09\/DDoptics-Garantie.jpg\" class=\"attachment-large size-large\" alt=\"Garantie DDoptics\" srcset=\"https:\/\/ddoptics.shop\/wp-content\/uploads\/2014\/09\/DDoptics-Garantie.jpg 352w, https:\/\/ddoptics.shop\/wp-content\/uploads\/2014\/09\/DDoptics-Garantie-304x138.jpg 304w, https:\/\/ddoptics.shop\/wp-content\/uploads\/2014\/09\/DDoptics-Garantie-305x139.jpg 305w, https:\/\/ddoptics.shop\/wp-content\/uploads\/2014\/09\/DDoptics-Garantie-250x114.jpg 250w\" sizes=\"(max-width: 352px) 100vw, 352px\" title=\"\">\t\t\t\t\t\t\n\t\t\t\t\t<\/div>\n\t\t\t\t\t\t<\/a>\t\t\n<style>\n#image_332011037 {\n  width: 100%;\n}\n<\/style>\n\t<\/div>\n\t\n<h3>DDoptics Pirschler Spektiv Facts<\/h3>\n\n\t\t<div class=\"icon-box featured-box icon-box-left text-left\"  >\n\t\t\t\t\t<div class=\"icon-box-img\" style=\"width: 32px\">\n\t\t\t\t<div class=\"icon\">\n\t\t\t\t\t<div class=\"icon-inner\" >\n\t\t\t\t\t\t<img decoding=\"async\" width=\"97\" height=\"78\" src=\"https:\/\/ddoptics.shop\/wp-content\/uploads\/2022\/02\/HDS-Spektiv.webp\" class=\"attachment-medium size-medium\" alt=\"HDS Longue-vue 9-27x56\" title=\"\">\t\t\t\t\t<\/div>\n\t\t\t\t<\/div>\n\t\t\t<\/div>\n\t\t\t\t<div class=\"icon-box-text last-reset\">\n\t\t\t\t\t\t\t\t\t\n<p>grande unit\u00e9 de mise au point<\/p>\n\t\t<\/div>\n\t<\/div>\n\t\n\t\n\n\t\t<div class=\"icon-box featured-box icon-box-left text-left\"  >\n\t\t\t\t\t<div class=\"icon-box-img\" style=\"width: 32px\">\n\t\t\t\t<div class=\"icon\">\n\t\t\t\t\t<div class=\"icon-inner\" >\n\t\t\t\t\t\t<img decoding=\"async\" width=\"97\" height=\"78\" src=\"https:\/\/ddoptics.shop\/wp-content\/uploads\/2022\/02\/HDS-Spektiv.webp\" class=\"attachment-medium size-medium\" alt=\"HDS Longue-vue 9-27x56\" title=\"\">\t\t\t\t\t<\/div>\n\t\t\t\t<\/div>\n\t\t\t<\/div>\n\t\t\t\t<div class=\"icon-box-text last-reset\">\n\t\t\t\t\t\t\t\t\t\n<p>Imperm\u00e9able \u00e0 l'eau<\/p>\n\t\t<\/div>\n\t<\/div>\n\t\n\t\n\n\t\t<div class=\"icon-box featured-box icon-box-left text-left\"  >\n\t\t\t\t\t<div class=\"icon-box-img\" style=\"width: 32px\">\n\t\t\t\t<div class=\"icon\">\n\t\t\t\t\t<div class=\"icon-inner\" >\n\t\t\t\t\t\t<img decoding=\"async\" width=\"97\" height=\"78\" src=\"https:\/\/ddoptics.shop\/wp-content\/uploads\/2022\/02\/HDS-Spektiv.webp\" class=\"attachment-medium size-medium\" alt=\"HDS Longue-vue 9-27x56\" title=\"\">\t\t\t\t\t<\/div>\n\t\t\t\t<\/div>\n\t\t\t<\/div>\n\t\t\t\t<div class=\"icon-box-text last-reset\">\n\t\t\t\t\t\t\t\t\t\n<p>grand champ de vision<\/p>\n\t\t<\/div>\n\t<\/div>\n\t\n\t\n\n\t\t<div class=\"icon-box featured-box icon-box-left text-left\"  >\n\t\t\t\t\t<div class=\"icon-box-img\" style=\"width: 32px\">\n\t\t\t\t<div class=\"icon\">\n\t\t\t\t\t<div class=\"icon-inner\" >\n\t\t\t\t\t\t<img decoding=\"async\" width=\"97\" height=\"78\" src=\"https:\/\/ddoptics.shop\/wp-content\/uploads\/2022\/02\/HDS-Spektiv.webp\" class=\"attachment-medium size-medium\" alt=\"HDS Longue-vue 9-27x56\" title=\"\">\t\t\t\t\t<\/div>\n\t\t\t\t<\/div>\n\t\t\t<\/div>\n\t\t\t\t<div class=\"icon-box-text last-reset\">\n\t\t\t\t\t\t\t\t\t\n<p>tr\u00e8s haute r\u00e9solution<\/p>\n\t\t<\/div>\n\t<\/div>\n\t\n\t\n\n\t\t<div class=\"icon-box featured-box icon-box-left text-left\"  >\n\t\t\t\t\t<div class=\"icon-box-img\" style=\"width: 32px\">\n\t\t\t\t<div class=\"icon\">\n\t\t\t\t\t<div class=\"icon-inner\" >\n\t\t\t\t\t\t<img decoding=\"async\" width=\"97\" height=\"78\" src=\"https:\/\/ddoptics.shop\/wp-content\/uploads\/2022\/02\/HDS-Spektiv.webp\" class=\"attachment-medium size-medium\" alt=\"HDS Longue-vue 9-27x56\" title=\"\">\t\t\t\t\t<\/div>\n\t\t\t\t<\/div>\n\t\t\t<\/div>\n\t\t\t\t<div class=\"icon-box-text last-reset\">\n\t\t\t\t\t\t\t\t\t\n<p>image incroyablement bonne pour cette cat\u00e9gorie de prix<\/p>\n\t\t<\/div>\n\t<\/div>\n\t\n\t\n<div class=\"is-divider divider clearfix\" ><\/div>\n\t\t<\/div>\n\t\t\t\t\t<\/div>\n\n\t\n<\/div>\n<h3>ELR - Multicoating (extra low reflection) - Traitement FMC<\/h3>\n<p>Tous les <strong>Surfaces verre-air<\/strong> sont<strong> multicouche durci<\/strong> et garantissent ainsi un maximum de contraste, de nettet\u00e9 et de luminosit\u00e9. Le site <strong>Brillance des couleurs<\/strong> de cette longue-vue est remarquable, tout comme la <strong>Luminosit\u00e9 de l'image<\/strong>. Ils vivent <strong>garantit une image claire et contrast\u00e9e, m\u00eame dans des conditions de faible \u00e9clairage et au cr\u00e9puscule<\/strong>. M\u00eame avec un grossissement de 60x, votre Pirschler fournit une image de qualit\u00e9.<strong> une image d'une grande nettet\u00e9.<\/strong><\/p>\n<p>La longue-vue est <strong>remplie de nitrog\u00e8nes et \u00e9tanche.<\/strong> C'est une garantie contre la formation de bu\u00e9e en cas d'humidit\u00e9 et de brusques changements de temp\u00e9rature. Le tube extr\u00eamement l\u00e9ger pour un maximum de robustesse et de mobilit\u00e9. Le site <strong>armature en caoutchouc antid\u00e9rapante<\/strong> assure une bonne prise en main et un maintien s\u00fbr.<\/p>\n<h3>Unit\u00e9 de mise au point de la longue-vue<\/h3>\n<p>Le site <strong>L'unit\u00e9 de mise au point se compose d'une molette de r\u00e9glage de 2 cm de diam\u00e8tre<\/strong>Il peut \u00eatre utilis\u00e9 confortablement m\u00eame avec des gants. Avec le Pirschler 20-60\u00d780 S, les observations sont possibles \u00e0 partir d'une distance de 7 m, ce qui s'av\u00e8re particuli\u00e8rement avantageux pour l'observation de nids, l'observation d'insectes ou sur le stand de tir.<\/p>\n<h3>Recommandations d'utilisation de la longue-vue<\/h3>\n<p>Les exemples d'application typiques sont les suivants <strong>Chamois<\/strong> \u00e0 flanc de montagne ou le <b>T\u00e9tras-lyre, etc. <\/b>de l'ann\u00e9e derni\u00e8re. Les longues-vues Pirschler 80 mm, compactes et l\u00e9g\u00e8res, se laissent \u00e9galement <strong>confortable dans le sac \u00e0 dos<\/strong> et l'emporter facilement \u00e0 l'endroit souhait\u00e9.<\/p>\n<p>Avec ce<strong> Longue-vue <\/strong>DDoptics a vraiment r\u00e9ussi \u00e0 offrir \u00e0 ses clients un<strong> de proposer une longue-vue professionnelle, l\u00e9g\u00e8re et bon march\u00e9.<\/strong><\/p>","protected":false},"excerpt":{"rendered":"<p>Un professionnel et encore relativement l\u00e9ger <strong>Longue-vue de chasse Pirschler 20-60\u00d780 S<\/strong> avec un grossissement et une luminosit\u00e9 \u00e9lev\u00e9s \u00e0 un prix int\u00e9ressant - avec vision oblique.<\/p>","protected":false},"featured_media":14372,"comment_status":"open","ping_status":"closed","template":"","meta":{"inline_featured_image":false,"footnotes":""},"product_brand":[],"product_cat":[859,643,468,71,645,646],"product_tag":[78,863,158,83],"class_list":{"0":"post-14370","1":"product","2":"type-product","3":"status-publish","4":"has-post-thumbnail","6":"product_cat-80-mm","7":"product_cat-jagd","8":"product_cat-schraegeinblick","9":"product_cat-spektiv","10":"product_cat-sportschuetzen","11":"product_cat-ornithologie-vogelbeobachtung","12":"product_tag-ddoptics","13":"product_tag-pirschler-20-60x80-s","14":"product_tag-schraegeinblick","15":"product_tag-spektiv","16":"product_shipping_class-paket","17":"pa_brand-marke-ddoptics","18":"pa_farbe-gruen","19":"pa_okulartype-20-60x","20":"pa_produkt-typ-spektiv","22":"first","23":"instock","24":"taxable","25":"shipping-taxable","26":"purchasable","27":"product-type-simple"},"bundled_by":[],"bundle_stock_status":"instock","bundle_stock_quantity":null,"bundle_virtual":false,"bundle_layout":"","bundle_add_to_cart_form_location":"","bundle_editable_in_cart":false,"bundle_sold_individually_context":"","bundle_item_grouping":"","bundle_min_size":"","bundle_max_size":"","bundle_price":[],"bundled_items":[],"bundle_sell_ids":[],"_links":{"self":[{"href":"https:\/\/ddoptics.shop\/fr\/wp-json\/wp\/v2\/product\/14370","targetHints":{"allow":["GET"]}}],"collection":[{"href":"https:\/\/ddoptics.shop\/fr\/wp-json\/wp\/v2\/product"}],"about":[{"href":"https:\/\/ddoptics.shop\/fr\/wp-json\/wp\/v2\/types\/product"}],"replies":[{"embeddable":true,"href":"https:\/\/ddoptics.shop\/fr\/wp-json\/wp\/v2\/comments?post=14370"}],"version-history":[{"count":9,"href":"https:\/\/ddoptics.shop\/fr\/wp-json\/wp\/v2\/product\/14370\/revisions"}],"predecessor-version":[{"id":29120,"href":"https:\/\/ddoptics.shop\/fr\/wp-json\/wp\/v2\/product\/14370\/revisions\/29120"}],"wp:featuredmedia":[{"embeddable":true,"href":"https:\/\/ddoptics.shop\/fr\/wp-json\/wp\/v2\/media\/14372"}],"wp:attachment":[{"href":"https:\/\/ddoptics.shop\/fr\/wp-json\/wp\/v2\/media?parent=14370"}],"wp:term":[{"taxonomy":"product_brand","embeddable":true,"href":"https:\/\/ddoptics.shop\/fr\/wp-json\/wp\/v2\/product_brand?post=14370"},{"taxonomy":"product_cat","embeddable":true,"href":"https:\/\/ddoptics.shop\/fr\/wp-json\/wp\/v2\/product_cat?post=14370"},{"taxonomy":"product_tag","embeddable":true,"href":"https:\/\/ddoptics.shop\/fr\/wp-json\/wp\/v2\/product_tag?post=14370"}],"curies":[{"name":"wp","href":"https:\/\/api.w.org\/{rel}","templated":true}]}}