{"id":16934,"date":"2019-03-13T17:08:12","date_gmt":"2019-03-13T16:08:12","guid":{"rendered":"https:\/\/ddoptics.shop\/?post_type=product&#038;p=16934"},"modified":"2025-07-02T14:06:45","modified_gmt":"2025-07-02T12:06:45","slug":"jumelles-nikon-prostaff-7s-10x42","status":"publish","type":"product","link":"https:\/\/ddoptics.shop\/fr\/kaufen\/nikon-fernglas-prostaff-7s-10x42\/","title":{"rendered":"Nikon Prostaff 7s 10x42Jumelles"},"content":{"rendered":"<h2>Nikon Prostaff 7s <a href=\"https:\/\/ddoptics.shop\/fr\/boutique\/jumelles\/grossissement-jumelles\/10x-augmentation\/\" target=\"_blank\" rel=\"noopener\" data-schema-attribute=\"\">10<\/a>Jumelles x42<\/h2>\n<p>Le site<strong> Jumelles Nikon<\/strong> de la <strong>Gamme Prostaff<\/strong> appartient \u00e0 <strong>de cette cat\u00e9gorie aux mod\u00e8les de classe extra<\/strong>e. Gr\u00e2ce au<strong> nouveau syst\u00e8me optique<\/strong> les jumelles sont id\u00e9ales pour <strong>Observation des oiseaux et de la nature<\/strong>.<\/p>\n<p>Au total, pour un prix d'environ 220 euros, on obtient des jumelles de grande qualit\u00e9, connues pour leur r\u00e9solution brillante, <strong>manipulation simple et forte robustesse<\/strong> avec un design confortable. Gr\u00e2ce \u00e0 sa robustesse optimale pour une utilisation dans la nature, ce mod\u00e8le est particuli\u00e8rement appr\u00e9ci\u00e9 des amateurs de plein air.<\/p>\n<p>De nombreux d\u00e9tails assurent en outre une exp\u00e9rience visuelle confortable. Ainsi, le<strong> Molette de mise au point gr\u00e2ce \u00e0 une structure maniable<\/strong> particuli\u00e8rement rapide et facile \u00e0 r\u00e9gler. La l\u00e9g\u00e8ret\u00e9, <strong>jumelles \u00e9tanches et antibu\u00e9e<\/strong> est le compagnon id\u00e9al des passionn\u00e9s de plein air. Images : programme d'affiliation amazon.<\/p>\n<h3>Principales caract\u00e9ristiques du\u00a0<a href=\"https:\/\/de.wikipedia.org\/wiki\/Nikon\" target=\"_blank\" rel=\"noopener sponsored\" data-schema-attribute=\"\">Nikon<\/a>\u00a0Jumelles Prostaff 7s <a href=\"https:\/\/ddoptics.shop\/fr\/boutique\/jumelles\/grossissement-jumelles\/10x-augmentation\/\" target=\"_blank\" rel=\"noopener\" data-schema-attribute=\"\">10<\/a>x42<\/h3>\n<ul>\n<li>haute r\u00e9solution gr\u00e2ce au traitement \u00e0 correction de phase<\/li>\n<li>miroir di\u00e9lectrique hautement r\u00e9fl\u00e9chissant pour une luminosit\u00e9 d'image et une fid\u00e9lit\u00e9 des couleurs optimales<\/li>\n<li>champ de vision clair gr\u00e2ce \u00e0 une grande distance entre les yeux, m\u00eame pour les porteurs de lunettes<\/li>\n<li>\u0153illetons en caoutchouc r\u00e9glables avec plusieurs positions d'arr\u00eat<\/li>\n<li>\u00e9tanche (jusqu'\u00e0 1 m pendant 10 minutes) et antibu\u00e9e gr\u00e2ce au remplissage \u00e0 l'azote<\/li>\n<li>R\u00e9sistance aux chocs et prise en main agr\u00e9able gr\u00e2ce au gainage en caoutchouc<\/li>\n<li>Lentilles et prismes \u00e0 traitement multiple pour une qualit\u00e9 d'image optimale<\/li>\n<li>R\u00e9mun\u00e9ration \u00e0 phase corrig\u00e9e<\/li>\n<li>Grand \u00e9cart entre les pupilles de sortie pour un champ de vision clair, m\u00eame pour les porteurs de lunettes<\/li>\n<li>construction particuli\u00e8rement l\u00e9g\u00e8re<\/li>\n<li>verre Eco exempt d'arsenic et de plomb pour toutes les lentilles et les prismes<\/li>\n<\/ul>","protected":false},"excerpt":{"rendered":"<p>Pour le <strong>Prix d'environ 200 \u20ac,<\/strong>\u00a0pour lequel le <strong>Nikon Prostaff<\/strong>\u00a0Il n'y a pratiquement rien \u00e0 redire \u00e0 la qualit\u00e9 ou \u00e0 la finition des jumelles que l'on peut acheter.<\/p>","protected":false},"featured_media":16938,"comment_status":"open","ping_status":"closed","template":"","meta":{"inline_featured_image":false,"footnotes":""},"product_brand":[],"product_cat":[878],"product_tag":[558,567,894,895],"class_list":{"0":"post-16934","1":"product","2":"type-product","3":"status-publish","4":"has-post-thumbnail","6":"product_cat-diverse-fernglaeser","7":"product_tag-fernglas-10x42","8":"product_tag-fernglas-8x42","9":"product_tag-nikon-fernglas","10":"product_tag-prostraff-7s-10x42","11":"pa_brand-marke-nikon","12":"pa_produkt-typ-fernglas","14":"first","15":"instock","16":"sale","17":"taxable","18":"shipping-taxable","19":"product-type-external"},"bundled_by":[],"bundle_stock_status":"instock","bundle_stock_quantity":null,"bundle_virtual":false,"bundle_layout":"","bundle_add_to_cart_form_location":"","bundle_editable_in_cart":false,"bundle_sold_individually_context":"","bundle_item_grouping":"","bundle_min_size":"","bundle_max_size":"","bundle_price":[],"bundled_items":[],"bundle_sell_ids":[],"_links":{"self":[{"href":"https:\/\/ddoptics.shop\/fr\/wp-json\/wp\/v2\/product\/16934","targetHints":{"allow":["GET"]}}],"collection":[{"href":"https:\/\/ddoptics.shop\/fr\/wp-json\/wp\/v2\/product"}],"about":[{"href":"https:\/\/ddoptics.shop\/fr\/wp-json\/wp\/v2\/types\/product"}],"replies":[{"embeddable":true,"href":"https:\/\/ddoptics.shop\/fr\/wp-json\/wp\/v2\/comments?post=16934"}],"version-history":[{"count":4,"href":"https:\/\/ddoptics.shop\/fr\/wp-json\/wp\/v2\/product\/16934\/revisions"}],"predecessor-version":[{"id":28570,"href":"https:\/\/ddoptics.shop\/fr\/wp-json\/wp\/v2\/product\/16934\/revisions\/28570"}],"wp:featuredmedia":[{"embeddable":true,"href":"https:\/\/ddoptics.shop\/fr\/wp-json\/wp\/v2\/media\/16938"}],"wp:attachment":[{"href":"https:\/\/ddoptics.shop\/fr\/wp-json\/wp\/v2\/media?parent=16934"}],"wp:term":[{"taxonomy":"product_brand","embeddable":true,"href":"https:\/\/ddoptics.shop\/fr\/wp-json\/wp\/v2\/product_brand?post=16934"},{"taxonomy":"product_cat","embeddable":true,"href":"https:\/\/ddoptics.shop\/fr\/wp-json\/wp\/v2\/product_cat?post=16934"},{"taxonomy":"product_tag","embeddable":true,"href":"https:\/\/ddoptics.shop\/fr\/wp-json\/wp\/v2\/product_tag?post=16934"}],"curies":[{"name":"wp","href":"https:\/\/api.w.org\/{rel}","templated":true}]}}