{"id":16962,"date":"2019-03-14T12:12:56","date_gmt":"2019-03-14T11:12:56","guid":{"rendered":"https:\/\/ddoptics.shop\/?post_type=product&#038;p=16962"},"modified":"2025-12-16T16:06:02","modified_gmt":"2025-12-16T15:06:02","slug":"jumelles-steiner-safari-ultrasharp-10x42","status":"publish","type":"product","link":"https:\/\/ddoptics.shop\/fr\/kaufen\/steiner-safari-ultrasharp-10x42-fernglas\/","title":{"rendered":"Jumelles Steiner Safari Ultrasharp 10\u00d742"},"content":{"rendered":"<h2>Les jumelles Steiner Safari UltraSharp 10\u00d742<\/h2>\n<p>Polyvalent <strong>Grossissement 10x et objectif lumineux de 42 mm<\/strong> pour un maximum de reconnaissance des d\u00e9tails, aussi bien \u00e0 courte qu'\u00e0 longue distance. Pour les d\u00e9buts ambitieux dans le domaine de l'outdoor.<\/p>\n<p>Soleil, pluie ou poussi\u00e8re - les jumelles Safari robustes en <strong>design pratique de STEINER<\/strong> r\u00e9siste \u00e0 toutes les conditions gr\u00e2ce \u00e0 un bo\u00eetier durable, <strong>\u00c9tanch\u00e9it\u00e9 et fonctionnalit\u00e9 dans la plage de temp\u00e9rature<\/strong> de -20 \u00b0C \u00e0 +70 \u00b0C<\/p>\n<p>Les jumelles ont un <strong>design l\u00e9ger et moderne,<\/strong> il est confortable et facile \u00e0 utiliser. Le site <strong>Luminosit\u00e9 d'image, pr\u00e9cision des couleurs et robustesse Steiner de renomm\u00e9e mondiale<\/strong> offrent des performances optiques maximales - et plus de plaisir dans vos aventures.<\/p>\n<h3>Safari UltraSharp <a href=\"https:\/\/ddoptics.shop\/fr\/boutique\/jumelles\/grossissement-jumelles\/10x-augmentation\/\" target=\"_blank\" rel=\"noopener\" data-schema-attribute=\"\">10<\/a>x42 avec une nouvelle optique innovante<\/h3>\n<p>Avec le nouveau <strong>Concept optique UltraSharp<\/strong> pour la s\u00e9rie \u00e0 succ\u00e8s Safari, STEINER met en place un syst\u00e8me d'exploitation jusqu'ici<strong> r\u00e9f\u00e9rence in\u00e9gal\u00e9e en mati\u00e8re de performances des jumelles d'ext\u00e9rieur portables.<\/strong>\u00a0Une nettet\u00e9 fascinante jusqu'au <strong>bord, brillance incroyable des couleurs<\/strong> m\u00eame dans des conditions d'\u00e9clairage difficiles et une image 3D plastique caract\u00e9risent les optiques High-Contrast nouvellement d\u00e9velopp\u00e9es.<\/p>\n<p>Ces jumelles vous permettront de vous d\u00e9placer <strong>Safaris photo, croisi\u00e8res en haute mer, concerts, \u00e9v\u00e9nements sportifs<\/strong> vous verrez et vivrez beaucoup plus de choses. Le grossissement polyvalent 10x et un objectif fin de 42 mm garantissent une reconnaissance maximale des d\u00e9tails, de pr\u00e8s comme de loin. Images : programme de partenariat amazon<\/p>\n<h3>Principales caract\u00e9ristiques du\u00a0<a href=\"https:\/\/de.wikipedia.org\/wiki\/Steiner-Optik\" target=\"_blank\" rel=\"noopener sponsored\" data-schema-attribute=\"\">Steiner<\/a>\u00a0Jumelles Safari UltraSharp 10\u00d742<\/h3>\n<ul>\n<li>Optique \u00e0 haut contraste : fournit des images lumineuses et contrast\u00e9es, une grande nettet\u00e9 des contours et une exp\u00e9rience visuelle 3D brillante avec un rendu naturel des couleurs jusqu'\u00e0 2 m de distance.<\/li>\n<li>Fast-Close-Focus : mise au point minimale et continue sur la commande centrale pour une nettet\u00e9 rapide et absolue de la zone proche \u00e0 l'infini. Mise au point confortable et facile.<\/li>\n<li>\u0152illetons cylindriques pivotants : en silicone souple, bien tol\u00e9r\u00e9 par la peau et r\u00e9sistant au vieillissement.<\/li>\n<li>ClicLoc : Permet aux jumelles d'\u00eatre toujours bien fix\u00e9es dans la sangle, mais aussi d'\u00eatre d\u00e9tach\u00e9es et remises en place en quelques secondes en un seul geste.<\/li>\n<li>Design l\u00e9ger et ergonomique : les commandes caoutchout\u00e9es garantissent une observation confortable \u00e0 long terme avec une r\u00e9duction efficace du bruit. Les empreintes digitales offrent une excellente prise en main, m\u00eame avec des gants.<\/li>\n<li>Robustesse extr\u00eame : gr\u00e2ce \u00e0 un bo\u00eetier durable, \u00e0 l'\u00e9tanch\u00e9it\u00e9 et \u00e0 la fonctionnalit\u00e9 dans une plage de temp\u00e9ratures de -20 \u00b0C \u00e0 +70 \u00b0C. L'armature en caoutchouc NBR Longlife antid\u00e9rapante r\u00e9siste \u00e0 l'huile, aux acides et aux intemp\u00e9ries.<\/li>\n<\/ul>","protected":false},"excerpt":{"rendered":"<p><strong>Jumelles \u00e0 bas prix de Steiner<\/strong> - lumineuses, contrast\u00e9es, robustes, \u00e9tanches, id\u00e9ales pour les voyages, les randonn\u00e9es, les concerts, l'observation du sport et de la nature.<\/p>","protected":false},"featured_media":16966,"comment_status":"open","ping_status":"closed","template":"","meta":{"inline_featured_image":false,"footnotes":""},"product_brand":[],"product_cat":[878],"product_tag":[558,897,896,898],"class_list":{"0":"post-16962","1":"product","2":"type-product","3":"status-publish","4":"has-post-thumbnail","6":"product_cat-diverse-fernglaeser","7":"product_tag-fernglas-10x42","8":"product_tag-steiner-fernglas","9":"product_tag-steiner-safari","10":"product_tag-steiner-safari-10x42","11":"pa_brand-marke-steiner","12":"pa_produkt-typ-fernglas","14":"first","15":"instock","16":"sale","17":"taxable","18":"shipping-taxable","19":"product-type-external"},"bundled_by":[],"bundle_stock_status":"instock","bundle_stock_quantity":null,"bundle_virtual":false,"bundle_layout":"","bundle_add_to_cart_form_location":"","bundle_editable_in_cart":false,"bundle_sold_individually_context":"","bundle_item_grouping":"","bundle_min_size":"","bundle_max_size":"","bundle_price":[],"bundled_items":[],"bundle_sell_ids":[],"_links":{"self":[{"href":"https:\/\/ddoptics.shop\/fr\/wp-json\/wp\/v2\/product\/16962","targetHints":{"allow":["GET"]}}],"collection":[{"href":"https:\/\/ddoptics.shop\/fr\/wp-json\/wp\/v2\/product"}],"about":[{"href":"https:\/\/ddoptics.shop\/fr\/wp-json\/wp\/v2\/types\/product"}],"replies":[{"embeddable":true,"href":"https:\/\/ddoptics.shop\/fr\/wp-json\/wp\/v2\/comments?post=16962"}],"version-history":[{"count":3,"href":"https:\/\/ddoptics.shop\/fr\/wp-json\/wp\/v2\/product\/16962\/revisions"}],"predecessor-version":[{"id":29464,"href":"https:\/\/ddoptics.shop\/fr\/wp-json\/wp\/v2\/product\/16962\/revisions\/29464"}],"wp:featuredmedia":[{"embeddable":true,"href":"https:\/\/ddoptics.shop\/fr\/wp-json\/wp\/v2\/media\/16966"}],"wp:attachment":[{"href":"https:\/\/ddoptics.shop\/fr\/wp-json\/wp\/v2\/media?parent=16962"}],"wp:term":[{"taxonomy":"product_brand","embeddable":true,"href":"https:\/\/ddoptics.shop\/fr\/wp-json\/wp\/v2\/product_brand?post=16962"},{"taxonomy":"product_cat","embeddable":true,"href":"https:\/\/ddoptics.shop\/fr\/wp-json\/wp\/v2\/product_cat?post=16962"},{"taxonomy":"product_tag","embeddable":true,"href":"https:\/\/ddoptics.shop\/fr\/wp-json\/wp\/v2\/product_tag?post=16962"}],"curies":[{"name":"wp","href":"https:\/\/api.w.org\/{rel}","templated":true}]}}