{"id":16972,"date":"2019-03-14T16:13:53","date_gmt":"2019-03-14T15:13:53","guid":{"rendered":"https:\/\/ddoptics.shop\/?post_type=product&#038;p=16972"},"modified":"2025-07-02T13:55:32","modified_gmt":"2025-07-02T11:55:32","slug":"jumelles-steiner-bluhorizons-8x22","status":"publish","type":"product","link":"https:\/\/ddoptics.shop\/fr\/kaufen\/steiner-bluhorizons-8x22-fernglas\/","title":{"rendered":"Jumelles Steiner BLUHORIZONS 8\u00d722"},"content":{"rendered":"<h2>Jumelles Steiner BluHorizons 8\u00d722 avec technologie Autobright<\/h2>\n<p><strong>Jumelles Steiner BLUHORIZONS<\/strong> sont sp\u00e9cialement con\u00e7us pour tous les <strong>Aventuriers du plein air<\/strong> con\u00e7u pour une utilisation intensive. De plus, le BLUHORIZONS se glisse dans presque toutes les poches de pantalon, il est l\u00e9ger et extr\u00eamement robuste.<\/p>\n<p>En tant que <strong>premi\u00e8res et uniques jumelles au monde, elles sont dot\u00e9es de lentilles photochromiques.<\/strong> Cela signifie qu'il s'adapte <strong>automatiquement aux conditions de luminosit\u00e9<\/strong> pour que vous ayez toujours une vision optimale, m\u00eame en plein soleil ou avec des reflets de lumi\u00e8re.<\/p>\n<blockquote><p>Il n'y a rien de plus \u00e9nervant que de se retrouver dans une situation o\u00f9 l'on n'a pas le choix. <strong>\u00e9bloui au moment d\u00e9cisif<\/strong> de devenir un objet de curiosit\u00e9 au moment m\u00eame o\u00f9 l'on regarde le sujet souhait\u00e9.<\/p><\/blockquote>\n<p>Les BLUHORIZONS avec Autobright mettent un terme \u00e0 ces d\u00e9sagr\u00e9ments et offrent aux petits et aux grands un plaisir visuel durable lors de chaque aventure en plein soleil. Sans plisser les yeux et sans \u00eatre \u00e9bloui, vous observez le vaste monde en toute tranquillit\u00e9.<\/p>\n<h3>Steiner <a href=\"https:\/\/ddoptics.shop\/fr\/boutique\/jumelles\/grossissement-jumelles\/8x-augmentation\/\" target=\"_blank\" rel=\"noopener\" data-schema-attribute=\"\">8<\/a>x22 Jumelles avec nouvelle optique innovante BLUHORIZONS<\/h3>\n<p>BLUHORIZONS est <strong>Facteur de protection solaire pour les yeux<\/strong>. Dans des conditions de luminosit\u00e9 changeantes, nos <strong>Les yeux travaillent dur.<\/strong> Gr\u00e2ce \u00e0 la technologie Autobright, BLUHORIZONS soutient les yeux m\u00eame en cas de lumi\u00e8re vive.<strong> de la lumi\u00e8re et r\u00e9gule automatiquement la quantit\u00e9 de lumi\u00e8re transmise.<\/strong> de l'\u0153il. Vous fatiguerez ainsi moins vos yeux et profiterez de chaque vue en toute d\u00e9contraction. Images : programme de partenariat amazon.<\/p>\n<h3>Principales caract\u00e9ristiques du\u00a0<a href=\"https:\/\/de.wikipedia.org\/wiki\/Steiner-Optik\" target=\"_blank\" rel=\"noopener sponsored\" data-schema-attribute=\"\">Steiner <\/a>Jumelles BluHorizons 8\u00d722<\/h3>\n<ul>\n<li><strong>Mise au point rapide :<\/strong> Mise au point minimale et continue sur la commande centrale pour une nettet\u00e9 rapide et absolue de la zone proche \u00e0 l'infini. Mise au point confortable et facile.<\/li>\n<li><strong>Oeilletons ergonomiques<\/strong>En silicone bien tol\u00e9r\u00e9 par la peau et r\u00e9sistant au vieillissement, elles offrent un confort d'observation et une protection contre la lumi\u00e8re lat\u00e9rale et les courants d'air. Se replient facilement pour une utilisation avec des lunettes.<\/li>\n<li><strong>Design l\u00e9ger :<\/strong> Garantit des images d'une grande nettet\u00e9 dans un espace r\u00e9duit, ce qui vous permet d'emporter vos jumelles partout avec vous.<\/li>\n<li>Technologie Autobright : optimise automatiquement la transmission de la lumi\u00e8re par la lentille pour une clart\u00e9 maximale dans des conditions lumineuses. Pas de reflets ou d'\u00e9blouissement dus \u00e0 l'eau, au sable, \u00e0 la neige ou au ciel. Pas de clignements, de conseils ou de fatigue oculaire. Une image parfaite, tout simplement.<\/li>\n<li>Protection des yeux : la technologie exclusive des lentilles adaptables \u00e0 la lumi\u00e8re du soleil Autobright de Steiner ajuste automatiquement la luminosit\u00e9 pour garantir la meilleure vision possible dans toutes les situations d'\u00e9clairage. Que le soleil soit juste en dessous de l'horizon, qu'il brille directement au-dessus de nous ou qu'il rebondisse sur l'eau ou la neige sous tous les angles, les BluHorizons sont con\u00e7ues pour capter la bonne quantit\u00e9 de lumi\u00e8re et r\u00e9duire l'\u00e9blouissement pour une vision optimale.<\/li>\n<li><strong>Robustesse extr\u00eame :<\/strong> Gr\u00e2ce \u00e0 un bo\u00eetier durable, \u00e0 l'\u00e9tanch\u00e9it\u00e9 et \u00e0 la fonctionnalit\u00e9 dans une plage de temp\u00e9ratures de -20 \u00b0C \u00e0 +70 \u00b0C. L'armature en caoutchouc NBR Longlife antid\u00e9rapante r\u00e9siste \u00e0 l'huile, aux acides et aux intemp\u00e9ries.<\/li>\n<li><strong>Vaste gamme d'accessoires<\/strong> avec une sangle confortable et un sac de transport unique et multifonctionnel en n\u00e9opr\u00e8ne.<\/li>\n<\/ul>","protected":false},"excerpt":{"rendered":"<p>Nouveaut\u00e9 mondiale ! Jumelles compactes 8\u00d722 avec <strong>transmission de la lumi\u00e8re s'adaptant automatiquement<\/strong> de la lentille. M\u00e9nage les yeux.<\/p>","protected":false},"featured_media":16977,"comment_status":"open","ping_status":"closed","template":"","meta":{"inline_featured_image":false,"footnotes":""},"product_brand":[],"product_cat":[878],"product_tag":[904,901,899,897],"class_list":{"0":"post-16972","1":"product","2":"type-product","3":"status-publish","4":"has-post-thumbnail","6":"product_cat-diverse-fernglaeser","7":"product_tag-bluhorizons-8x22","8":"product_tag-fernglas-8x22","9":"product_tag-steiner-8x22","10":"product_tag-steiner-fernglas","11":"pa_brand-marke-steiner","12":"pa_produkt-typ-fernglas","14":"first","15":"instock","16":"sale","17":"taxable","18":"shipping-taxable","19":"product-type-external"},"bundled_by":[],"bundle_stock_status":"instock","bundle_stock_quantity":null,"bundle_virtual":false,"bundle_layout":"","bundle_add_to_cart_form_location":"","bundle_editable_in_cart":false,"bundle_sold_individually_context":"","bundle_item_grouping":"","bundle_min_size":"","bundle_max_size":"","bundle_price":[],"bundled_items":[],"bundle_sell_ids":[],"_links":{"self":[{"href":"https:\/\/ddoptics.shop\/fr\/wp-json\/wp\/v2\/product\/16972","targetHints":{"allow":["GET"]}}],"collection":[{"href":"https:\/\/ddoptics.shop\/fr\/wp-json\/wp\/v2\/product"}],"about":[{"href":"https:\/\/ddoptics.shop\/fr\/wp-json\/wp\/v2\/types\/product"}],"replies":[{"embeddable":true,"href":"https:\/\/ddoptics.shop\/fr\/wp-json\/wp\/v2\/comments?post=16972"}],"version-history":[{"count":3,"href":"https:\/\/ddoptics.shop\/fr\/wp-json\/wp\/v2\/product\/16972\/revisions"}],"predecessor-version":[{"id":28565,"href":"https:\/\/ddoptics.shop\/fr\/wp-json\/wp\/v2\/product\/16972\/revisions\/28565"}],"wp:featuredmedia":[{"embeddable":true,"href":"https:\/\/ddoptics.shop\/fr\/wp-json\/wp\/v2\/media\/16977"}],"wp:attachment":[{"href":"https:\/\/ddoptics.shop\/fr\/wp-json\/wp\/v2\/media?parent=16972"}],"wp:term":[{"taxonomy":"product_brand","embeddable":true,"href":"https:\/\/ddoptics.shop\/fr\/wp-json\/wp\/v2\/product_brand?post=16972"},{"taxonomy":"product_cat","embeddable":true,"href":"https:\/\/ddoptics.shop\/fr\/wp-json\/wp\/v2\/product_cat?post=16972"},{"taxonomy":"product_tag","embeddable":true,"href":"https:\/\/ddoptics.shop\/fr\/wp-json\/wp\/v2\/product_tag?post=16972"}],"curies":[{"name":"wp","href":"https:\/\/api.w.org\/{rel}","templated":true}]}}