{"id":17002,"date":"2019-03-15T11:40:08","date_gmt":"2019-03-15T10:40:08","guid":{"rendered":"https:\/\/ddoptics.shop\/?post_type=product&#038;p=17002"},"modified":"2025-07-02T13:38:03","modified_gmt":"2025-07-02T11:38:03","slug":"jumelles-steiner-ranger-xtreme-8x56","status":"publish","type":"product","link":"https:\/\/ddoptics.shop\/fr\/kaufen\/steiner-ranger-xtreme-8x56-fernglas\/","title":{"rendered":"Jumelles Steiner Ranger Xtreme 8\u00d756"},"content":{"rendered":"<h2>Jumelles Steiner Ranger Xtreme 8\u00d756<\/h2>\n<p>Avec le <strong>Ranger Xtreme 8\u00d756, Steiner souhaite clairement s\u00e9duire les chasseurs.<\/strong> comme groupe cible. Souvent, on est au d\u00e9but ou seulement au<strong> Fin d'une journ\u00e9e de chasse<\/strong> avec succ\u00e8s lors de la chasse. La raison est simple - les animaux apparaissent lorsqu'ils sont encore bien camoufl\u00e9s par les premiers rayons du soleil ou l'obscurit\u00e9 croissante.<\/p>\n<p>La transmission lumineuse am\u00e9lior\u00e9e de l'optique dissipe les ombres dans lesquelles le gibier se cache et permet<strong> meilleure visibilit\u00e9, m\u00eame dans des conditions de faible luminosit\u00e9.<\/strong> Dans de bonnes conditions d'\u00e9clairage, le gibier peut \u00eatre<strong> des for\u00eats sombres et denses<\/strong> \u00eatre mieux aper\u00e7us. Avec son grand diam\u00e8tre d'objectif de 56 mm, il est con\u00e7u pour \u00eatre utilis\u00e9 dans des conditions de faible luminosit\u00e9. <strong>des conditions d'\u00e9clairage difficiles<\/strong> et cr\u00e9e des possibilit\u00e9s d'observation \u00e9tonnantes jusqu'\u00e0 la nuit.<\/p>\n<h3>Particularit\u00e9s des Steiner Ranger Xtreme 8x<a href=\"https:\/\/ddoptics.shop\/fr\/boutique\/jumelles\/jumelles-diametre-de-lobjectif\/objectif-de-56-mm\/\" target=\"_blank\" rel=\"noopener\" data-schema-attribute=\"\">56<\/a> Jumelles<\/h3>\n<p>Avec une technologie am\u00e9lior\u00e9e et un design avanc\u00e9, la <strong>derni\u00e8re g\u00e9n\u00e9ration de la s\u00e9rie \u00e0 succ\u00e8s STEINER Ranger<\/strong> de nouveaux records dans leur cat\u00e9gorie.<\/p>\n<blockquote><p>Une optique nette, une transmission lumineuse \u00e9lev\u00e9e et un champ de vision XL : l'optique High-Contrast de Steiner, qui assure des repr\u00e9sentations particuli\u00e8rement claires et contrast\u00e9es, est utilis\u00e9e.<\/p><\/blockquote>\n<p>Le site <strong>grand champ de vision<\/strong> a \u00e9t\u00e9 cr\u00e9\u00e9 avec la nouvelle <strong>S\u00e9rie Ranger Xtreme<\/strong> et les porteurs de lunettes peuvent \u00e9galement profiter de tout le champ de vision. Le bo\u00eetier robuste en macrolon a \u00e9t\u00e9 dot\u00e9 d'un rev\u00eatement en caoutchouc optimis\u00e9 qui am\u00e9liore la prise en main des jumelles, m\u00eame dans des conditions difficiles. <strong>les conditions les plus difficiles, telles que l'humidit\u00e9 et le froid<\/strong> s'est fortement am\u00e9lior\u00e9e.<\/p>\n<p>Le site <strong>grande molette de mise au point<\/strong> permet une manipulation facile et s\u00fbre - m\u00eame avec des gants. <strong>\u00c9tanch\u00e9it\u00e9 \u00e0 l'eau sous pression et remplissage \u00e0 l'azote<\/strong> font de ces jumelles extr\u00eamement l\u00e9g\u00e8res des multitalents, avec lesquelles on est parfaitement \u00e9quip\u00e9 pour chaque utilisation. La s\u00e9rie STEINER Ranger Xtreme offre aux chasseurs ambitieux une <strong>un verre performant \u00e0 un prix raisonnable.<\/strong><\/p>\n<h3>Principales caract\u00e9ristiques du <a href=\"https:\/\/de.wikipedia.org\/wiki\/Steiner-Optik\" target=\"_blank\" rel=\"noopener sponsored\" data-schema-attribute=\"\">Steiner<\/a> Jumelles Ranger Xtreme 8\u00d756<\/h3>\n<ul>\n<li><strong>Optique \u00e0 haut contraste :<\/strong> Fournit des images lumineuses et contrast\u00e9es, une grande nettet\u00e9 des contours et des exp\u00e9riences visuelles 3D brillantes avec un rendu naturel des couleurs jusqu'\u00e0 une distance de 2 m\u00e8tres.<\/li>\n<li><strong>Champ de vision XL :<\/strong> Permet de garder une vue d'ensemble et d'observer confortablement.<\/li>\n<li><strong>Mise au point rapide :<\/strong> Mise au point minimale et continue sur la commande centrale pour une nettet\u00e9 rapide et absolue de la zone proche \u00e0 l'infini. Mise au point confortable et facile.<\/li>\n<li><strong>Remplissage \u00e0 l'azote sous pression :<\/strong> La formation de bu\u00e9e ou d'eau de condensation \u00e0 l'int\u00e9rieur des jumelles est totalement exclue avec cette solution high-tech de STEINER. Gr\u00e2ce \u00e0 la technique de la soupape \u00e0 deux voies, l'entretien des jumelles est possible \u00e0 tout moment, m\u00eame apr\u00e8s de nombreuses ann\u00e9es.<\/li>\n<li><strong>Oeilletons rotatifs ergonomiques :<\/strong> En silicone bien tol\u00e9r\u00e9 par la peau et r\u00e9sistant au vieillissement. Permettent un confort d'observation et une protection contre la lumi\u00e8re lat\u00e9rale et les courants d'air. Se rabattent facilement pour une utilisation avec des lunettes.<\/li>\n<li><strong>ClicLoc :<\/strong> Permet aux jumelles d'\u00eatre toujours bien fix\u00e9es dans la sangle, mais aussi de les d\u00e9tacher et de les remettre en quelques secondes en un seul geste.<\/li>\n<li><strong>Design l\u00e9ger et ergonomique :<\/strong> Les \u00e9l\u00e9ments de commande caoutchout\u00e9s garantissent une observation confortable de longue dur\u00e9e avec une att\u00e9nuation efficace du bruit. Les empreintes digitales offrent une excellente prise en main, m\u00eame avec des gants.<\/li>\n<li><strong>Une robustesse exceptionnelle :<\/strong> Bo\u00eetier Makrolon durable en polycarbonate, \u00e9tanch\u00e9it\u00e9 \u00e0 l'eau sous pression jusqu'\u00e0 3 m, remplissage d'azote sous pression contre la bu\u00e9e \u00e0 l'int\u00e9rieur, plage de temp\u00e9rature de -20 \u00b0C \u00e0 +80 \u00b0C. Gaine en caoutchouc NBR Longlife antid\u00e9rapante r\u00e9sistant \u00e0 l'huile, aux acides et aux intemp\u00e9ries. Insensible aux conditions difficiles pour une utilisation fiable pendant des g\u00e9n\u00e9rations.<\/li>\n<li><strong>Accessoires de haute qualit\u00e9 :<\/strong> Avec sac, courroie de transport n\u00e9opr\u00e8ne ClicLoc, capuchon de protection contre la pluie et capuchons de protection pour objectifs.<\/li>\n<\/ul>","protected":false},"excerpt":{"rendered":"<p>Le site <strong>Steiner Ranger Xtreme 8\u00d756<\/strong> des jumelles. Profitez <strong>qualit\u00e9 d'image brillante, d\u00e9tails nets, tr\u00e8s haute transmission de la lumi\u00e8re<\/strong> (92 %) pour les conditions de faible luminosit\u00e9.<\/p>","protected":false},"featured_media":17007,"comment_status":"open","ping_status":"closed","template":"","meta":{"inline_featured_image":false,"footnotes":""},"product_brand":[],"product_cat":[878],"product_tag":[75,93,566,80,84,908,909],"class_list":{"0":"post-17002","1":"product","2":"type-product","3":"status-publish","4":"has-post-thumbnail","6":"product_cat-diverse-fernglaeser","7":"product_tag-8x56","8":"product_tag-ansitzglas","9":"product_tag-fernglas-8x56","10":"product_tag-gen-3","11":"product_tag-nachtfernglas","12":"product_tag-steiner-8x56","13":"product_tag-steiner-ranger-xtreme","14":"product_shipping_class-paket","15":"pa_brand-marke-steiner","16":"pa_farbe-schwarz","17":"pa_produkt-typ-fernglas","19":"first","20":"instock","21":"sale","22":"taxable","23":"shipping-taxable","24":"product-type-external"},"bundled_by":[],"bundle_stock_status":"instock","bundle_stock_quantity":null,"bundle_virtual":false,"bundle_layout":"","bundle_add_to_cart_form_location":"","bundle_editable_in_cart":false,"bundle_sold_individually_context":"","bundle_item_grouping":"","bundle_min_size":"","bundle_max_size":"","bundle_price":[],"bundled_items":[],"bundle_sell_ids":[],"_links":{"self":[{"href":"https:\/\/ddoptics.shop\/fr\/wp-json\/wp\/v2\/product\/17002","targetHints":{"allow":["GET"]}}],"collection":[{"href":"https:\/\/ddoptics.shop\/fr\/wp-json\/wp\/v2\/product"}],"about":[{"href":"https:\/\/ddoptics.shop\/fr\/wp-json\/wp\/v2\/types\/product"}],"replies":[{"embeddable":true,"href":"https:\/\/ddoptics.shop\/fr\/wp-json\/wp\/v2\/comments?post=17002"}],"version-history":[{"count":3,"href":"https:\/\/ddoptics.shop\/fr\/wp-json\/wp\/v2\/product\/17002\/revisions"}],"predecessor-version":[{"id":24707,"href":"https:\/\/ddoptics.shop\/fr\/wp-json\/wp\/v2\/product\/17002\/revisions\/24707"}],"wp:featuredmedia":[{"embeddable":true,"href":"https:\/\/ddoptics.shop\/fr\/wp-json\/wp\/v2\/media\/17007"}],"wp:attachment":[{"href":"https:\/\/ddoptics.shop\/fr\/wp-json\/wp\/v2\/media?parent=17002"}],"wp:term":[{"taxonomy":"product_brand","embeddable":true,"href":"https:\/\/ddoptics.shop\/fr\/wp-json\/wp\/v2\/product_brand?post=17002"},{"taxonomy":"product_cat","embeddable":true,"href":"https:\/\/ddoptics.shop\/fr\/wp-json\/wp\/v2\/product_cat?post=17002"},{"taxonomy":"product_tag","embeddable":true,"href":"https:\/\/ddoptics.shop\/fr\/wp-json\/wp\/v2\/product_tag?post=17002"}],"curies":[{"name":"wp","href":"https:\/\/api.w.org\/{rel}","templated":true}]}}