{"id":1781,"date":"2016-04-06T16:18:11","date_gmt":"2016-04-06T14:18:11","guid":{"rendered":"https:\/\/beta.optik-sport-shop.at\/kaufen\/ddoptics-fernglas-edx-85x50\/"},"modified":"2025-07-03T13:16:13","modified_gmt":"2025-07-03T11:16:13","slug":"ddoptics-jumelles-edx-8komma5x50","status":"publish","type":"product","link":"https:\/\/ddoptics.shop\/fr\/kaufen\/ddoptics-fernglas-edx-8komma5x50\/","title":{"rendered":"Jumelles DDoptics EDX 8,5\u00d750"},"content":{"rendered":"<div class=\"row\"  id=\"row-643831820\">\n\n\t<div id=\"col-575178494\" class=\"col medium-8 small-12 large-8\"  >\n\t\t\t\t<div class=\"col-inner\"  >\n\t\t\t\n\t\t\t\n<div>\n<h2>DDoptics EDX 8,5\u00d750 Jumelles | Jumelles haut de gamme - poids l\u00e9ger \u00e9tonnant avec des images tr\u00e8s lumineuses<\/h2>\n<p><strong>Incroyable - <\/strong>un v\u00e9ritable autre <strong>Highlight pour les chasseurs et chasseuses autour d'environ \u20ac 1.000<br \/>\n<\/strong><\/p>\n<p>Le plus lumineux <strong>Brillance <\/strong>\u00e0 la<strong> Rendu des couleurs<\/strong>, <strong>r\u00e9solution maximale et contraste exceptionnel<\/strong> li\u00e9 \u00e0 <strong>Les jumelles \u00e0 champ de vision extr\u00eamement large font trembler la concurrence Premium.<\/strong><\/p>\n<p><strong>Notre avis :<\/strong> Le site <strong>Le verre est une incroyable folie de l'image<\/strong> - et - dans la <strong>En somme, des jumelles d'un rapport qualit\u00e9-prix difficilement \u00e9galable \u00e0 l'heure actuelle.<\/strong><\/p>\n<p>Le site <strong>EDX 8,5\u00d750 offre \u00e0 son propri\u00e9taire une performance optique maximale, une qualit\u00e9 \u00e9lev\u00e9e, une ergonomie et une robustesse.<\/strong> - et ce pour un poids minime. La r\u00e9solution est de haut niveau.<\/p>\n<p>Une correction dite appochromatique (APO) emp\u00eache de mani\u00e8re fiable les franges de couleur aux transitions clair-obscur sur l'EDX 8,5\u00d750. Le site <strong>pupille de sortie de 5,88 mm<\/strong> est id\u00e9al pour une utilisation au cr\u00e9puscule. Le 50 mm <strong>Diam\u00e8tre de l'objectif<\/strong> est id\u00e9al pour le cr\u00e9puscule - m\u00eame encore <strong>autres observations de la nature<\/strong> avec un grossissement de 8,5 fois.<\/p>\n<\/div>\n\t\t<\/div>\n\t\t\t\t\n<style>\n#col-575178494 > .col-inner {\n  margin: 0px 0px -30px 0px;\n}\n<\/style>\n\t<\/div>\n\n\t\n\n\t<div id=\"col-1318848178\" class=\"col medium-4 small-12 large-4\"  >\n\t\t\t\t<div class=\"col-inner\"  >\n\t\t\t\n\t\t\t\n\t<div class=\"img has-hover x md-x lg-x y md-y lg-y\" id=\"image_2059027915\">\n\t\t\t\t\t\t\t\t<div class=\"img-inner dark\" >\n\t\t\t\t\t\t\t\t\t\n\t\t\t\t\t<\/div>\n\t\t\t\t\t\t\t\t\n<style>\n#image_2059027915 {\n  width: 100%;\n}\n<\/style>\n\t<\/div>\n\t\n\t<div class=\"img has-hover x md-x lg-x y md-y lg-y\" id=\"image_1201839537\">\n\t\t<a class=\"\" href=\"https:\/\/www.shop.ddoptics.de\/garantiebestimmungen\" target=\"_blank\" rel=\"noopener\">\t\t\t\t\t\t<div class=\"img-inner dark\" >\n\t\t\t<img decoding=\"async\" width=\"352\" height=\"160\" src=\"https:\/\/ddoptics.shop\/wp-content\/uploads\/2014\/09\/DDoptics-Garantie.jpg\" class=\"attachment-large size-large\" alt=\"Garantie DDoptics\" srcset=\"https:\/\/ddoptics.shop\/wp-content\/uploads\/2014\/09\/DDoptics-Garantie.jpg 352w, https:\/\/ddoptics.shop\/wp-content\/uploads\/2014\/09\/DDoptics-Garantie-304x138.jpg 304w, https:\/\/ddoptics.shop\/wp-content\/uploads\/2014\/09\/DDoptics-Garantie-305x139.jpg 305w, https:\/\/ddoptics.shop\/wp-content\/uploads\/2014\/09\/DDoptics-Garantie-250x114.jpg 250w\" sizes=\"(max-width: 352px) 100vw, 352px\" title=\"\">\t\t\t\t\t\t\n\t\t\t\t\t<\/div>\n\t\t\t\t\t\t<\/a>\t\t\n<style>\n#image_1201839537 {\n  width: 100%;\n}\n<\/style>\n\t<\/div>\n\t\n<h3>Jumelles DDoptics EDX Facts<\/h3>\n\n\t\t<div class=\"icon-box featured-box icon-box-left text-left\"  >\n\t\t\t\t\t<div class=\"icon-box-img\" style=\"width: 32px\">\n\t\t\t\t<div class=\"icon\">\n\t\t\t\t\t<div class=\"icon-inner\" >\n\t\t\t\t\t\t<img decoding=\"async\" width=\"100\" height=\"83\" src=\"https:\/\/ddoptics.shop\/wp-content\/uploads\/2021\/05\/DDoptics-SHG-Icon.jpg\" class=\"attachment-medium size-medium\" alt=\"DDoptics SHG Jumelles Icon\" title=\"\">\t\t\t\t\t<\/div>\n\t\t\t\t<\/div>\n\t\t\t<\/div>\n\t\t\t\t<div class=\"icon-box-text last-reset\">\n\t\t\t\t\t\t\t\t\t\n<p><span data-sheets-value=\"{&quot;1&quot;:2,&quot;2&quot;:&quot;\u2705&quot;}\" data-sheets-userformat=\"{&quot;2&quot;:15297,&quot;3&quot;:{&quot;1&quot;:0},&quot;9&quot;:0,&quot;10&quot;:2,&quot;11&quot;:0,&quot;12&quot;:0,&quot;14&quot;:{&quot;1&quot;:2,&quot;2&quot;:0},&quot;15&quot;:&quot;Calibri, sans-serif&quot;,&quot;16&quot;:11}\">\u2705 <strong>Des images d'une grande puret\u00e9 et aux couleurs r\u00e9alistes<\/strong><\/span><\/p>\n\t\t<\/div>\n\t<\/div>\n\t\n\t\n\n\t\t<div class=\"icon-box featured-box icon-box-left text-left\"  >\n\t\t\t\t\t<div class=\"icon-box-img\" style=\"width: 32px\">\n\t\t\t\t<div class=\"icon\">\n\t\t\t\t\t<div class=\"icon-inner\" >\n\t\t\t\t\t\t<img decoding=\"async\" width=\"100\" height=\"83\" src=\"https:\/\/ddoptics.shop\/wp-content\/uploads\/2021\/05\/DDoptics-SHG-Icon.jpg\" class=\"attachment-medium size-medium\" alt=\"DDoptics SHG Jumelles Icon\" title=\"\">\t\t\t\t\t<\/div>\n\t\t\t\t<\/div>\n\t\t\t<\/div>\n\t\t\t\t<div class=\"icon-box-text last-reset\">\n\t\t\t\t\t\t\t\t\t\n<p>\u2705 <span data-sheets-value=\"{&quot;1&quot;:2,&quot;2&quot;:&quot;\u2705&quot;}\" data-sheets-userformat=\"{&quot;2&quot;:15297,&quot;3&quot;:{&quot;1&quot;:0},&quot;9&quot;:0,&quot;10&quot;:2,&quot;11&quot;:0,&quot;12&quot;:0,&quot;14&quot;:{&quot;1&quot;:2,&quot;2&quot;:0},&quot;15&quot;:&quot;Calibri, sans-serif&quot;,&quot;16&quot;:11}\">Seulement 868 grammes<\/span><\/p>\n\t\t<\/div>\n\t<\/div>\n\t\n\t\n\n\t\t<div class=\"icon-box featured-box icon-box-left text-left\"  >\n\t\t\t\t\t<div class=\"icon-box-img\" style=\"width: 32px\">\n\t\t\t\t<div class=\"icon\">\n\t\t\t\t\t<div class=\"icon-inner\" >\n\t\t\t\t\t\t<img decoding=\"async\" width=\"100\" height=\"83\" src=\"https:\/\/ddoptics.shop\/wp-content\/uploads\/2021\/05\/DDoptics-SHG-Icon.jpg\" class=\"attachment-medium size-medium\" alt=\"DDoptics SHG Jumelles Icon\" title=\"\">\t\t\t\t\t<\/div>\n\t\t\t\t<\/div>\n\t\t\t<\/div>\n\t\t\t\t<div class=\"icon-box-text last-reset\">\n\t\t\t\t\t\t\t\t\t\n<p>\u2705 <span data-sheets-value=\"{&quot;1&quot;:2,&quot;2&quot;:&quot;\u2705&quot;}\" data-sheets-userformat=\"{&quot;2&quot;:15297,&quot;3&quot;:{&quot;1&quot;:0},&quot;9&quot;:0,&quot;10&quot;:2,&quot;11&quot;:0,&quot;12&quot;:0,&quot;14&quot;:{&quot;1&quot;:2,&quot;2&quot;:0},&quot;15&quot;:&quot;Calibri, sans-serif&quot;,&quot;16&quot;:11}\">DDlucid R\u00e9mun\u00e9ration<\/span><\/p>\n\t\t<\/div>\n\t<\/div>\n\t\n\t\n\n\t\t<div class=\"icon-box featured-box icon-box-left text-left\"  >\n\t\t\t\t\t<div class=\"icon-box-img\" style=\"width: 32px\">\n\t\t\t\t<div class=\"icon\">\n\t\t\t\t\t<div class=\"icon-inner\" >\n\t\t\t\t\t\t<img decoding=\"async\" width=\"100\" height=\"83\" src=\"https:\/\/ddoptics.shop\/wp-content\/uploads\/2021\/05\/DDoptics-SHG-Icon.jpg\" class=\"attachment-medium size-medium\" alt=\"DDoptics SHG Jumelles Icon\" title=\"\">\t\t\t\t\t<\/div>\n\t\t\t\t<\/div>\n\t\t\t<\/div>\n\t\t\t\t<div class=\"icon-box-text last-reset\">\n\t\t\t\t\t\t\t\t\t\n<p>\u2705 <span data-sheets-value=\"{&quot;1&quot;:2,&quot;2&quot;:&quot;\u2705&quot;}\" data-sheets-userformat=\"{&quot;2&quot;:15297,&quot;3&quot;:{&quot;1&quot;:0},&quot;9&quot;:0,&quot;10&quot;:2,&quot;11&quot;:0,&quot;12&quot;:0,&quot;14&quot;:{&quot;1&quot;:2,&quot;2&quot;:0},&quot;15&quot;:&quot;Calibri, sans-serif&quot;,&quot;16&quot;:11}\">Excellente nettet\u00e9 des bords<\/span><\/p>\n\t\t<\/div>\n\t<\/div>\n\t\n\t\n\n\t\t<div class=\"icon-box featured-box icon-box-left text-left\"  >\n\t\t\t\t\t<div class=\"icon-box-img\" style=\"width: 32px\">\n\t\t\t\t<div class=\"icon\">\n\t\t\t\t\t<div class=\"icon-inner\" >\n\t\t\t\t\t\t<img decoding=\"async\" width=\"100\" height=\"83\" src=\"https:\/\/ddoptics.shop\/wp-content\/uploads\/2021\/05\/DDoptics-SHG-Icon.jpg\" class=\"attachment-medium size-medium\" alt=\"DDoptics SHG Jumelles Icon\" title=\"\">\t\t\t\t\t<\/div>\n\t\t\t\t<\/div>\n\t\t\t<\/div>\n\t\t\t\t<div class=\"icon-box-text last-reset\">\n\t\t\t\t\t\t\t\t\t\n<p>\u2705 <span data-sheets-value=\"{&quot;1&quot;:2,&quot;2&quot;:&quot;\u2705&quot;}\" data-sheets-userformat=\"{&quot;2&quot;:15297,&quot;3&quot;:{&quot;1&quot;:0},&quot;9&quot;:0,&quot;10&quot;:2,&quot;11&quot;:0,&quot;12&quot;:0,&quot;14&quot;:{&quot;1&quot;:2,&quot;2&quot;:0},&quot;15&quot;:&quot;Calibri, sans-serif&quot;,&quot;16&quot;:11}\">Prismes de Schmidt-Pechan<\/span><\/p>\n\t\t<\/div>\n\t<\/div>\n\t\n\t\n\n\t\t<div class=\"icon-box featured-box icon-box-left text-left\"  >\n\t\t\t\t\t<div class=\"icon-box-img\" style=\"width: 32px\">\n\t\t\t\t<div class=\"icon\">\n\t\t\t\t\t<div class=\"icon-inner\" >\n\t\t\t\t\t\t<img decoding=\"async\" width=\"100\" height=\"83\" src=\"https:\/\/ddoptics.shop\/wp-content\/uploads\/2021\/05\/DDoptics-SHG-Icon.jpg\" class=\"attachment-medium size-medium\" alt=\"DDoptics SHG Jumelles Icon\" title=\"\">\t\t\t\t\t<\/div>\n\t\t\t\t<\/div>\n\t\t\t<\/div>\n\t\t\t\t<div class=\"icon-box-text last-reset\">\n\t\t\t\t\t\t\t\t\t\n<p>\u2705 <span data-sheets-value=\"{&quot;1&quot;:2,&quot;2&quot;:&quot;\u2705&quot;}\" data-sheets-userformat=\"{&quot;2&quot;:15297,&quot;3&quot;:{&quot;1&quot;:0},&quot;9&quot;:0,&quot;10&quot;:2,&quot;11&quot;:0,&quot;12&quot;:0,&quot;14&quot;:{&quot;1&quot;:2,&quot;2&quot;:0},&quot;15&quot;:&quot;Calibri, sans-serif&quot;,&quot;16&quot;:11}\">Mise au point rapide<\/span><\/p>\n\t\t<\/div>\n\t<\/div>\n\t\n\t\n\t\t<\/div>\n\t\t\t\t\t<\/div>\n\n\t\n<\/div>\n<h3>Verre ED sur la DDoptics EDX 8,5\u00d750 : repr\u00e9sentation brillante de l'image et r\u00e9solution nette<\/h3>\n<p>Le site <strong>syst\u00e8me de prismes en toit \u00e9prouv\u00e9 (Schmidt Pechan)<\/strong> en combinaison avec des produits enti\u00e8rement nouveaux <strong>Types de verre<\/strong> harmonise l'image et apporte \u00e0 l'observateur une exp\u00e9rience visuelle absolue. Le rev\u00eatement de correction de phase PHC140, nouvellement d\u00e9velopp\u00e9 pour l'EDX, supprime 99% des effets optiques ondulatoires ind\u00e9sirables.<\/p>\n<p>Il en r\u00e9sulte des couleurs parfaitement harmonis\u00e9es et brillantes.<\/p>\n<h3>Un traitement innovant des lentilles garantit la nettet\u00e9 des contours des jumelles 8,5\u00d750<\/h3>\n<p>Une garantie suppl\u00e9mentaire est la <strong>Traitement sp\u00e9cial DDlucid<\/strong>. Il a \u00e9t\u00e9 appliqu\u00e9 sur les deux faces du prisme de Schmidt-Pechan. Ce traitement issu de l'industrie photographique japonaise est un perfectionnement du traitement ELR (Extra Low Reflection) connu et \u00e9prouv\u00e9. DDlucid est ainsi un <strong>des traitements les plus efficaces pour les jumelles et exclusivement des jumelles de premi\u00e8re qualit\u00e9<\/strong> r\u00e9serv\u00e9s.<\/p>\n<h3>Petit, l\u00e9ger et fiable - un compagnon de vie<\/h3>\n<p>C'est justement lors d'une utilisation en montagne que les exigences de robustesse et de l\u00e9g\u00e8ret\u00e9 sont \u00e9lev\u00e9es. Tout est simple pour l'EDX 8,5\u00d750. Gr\u00e2ce \u00e0 des mat\u00e9riaux comme l'aluminium magn\u00e9sium et le polycarbonate, le verre est extr\u00eamement r\u00e9sistant aux chocs, absolument <strong>\u00e9tanche et antibu\u00e9e.<\/strong> L'armature en caoutchouc naturel assure une bonne prise en main et une bonne r\u00e9sistance au glissement.<\/p>\n<p>Avec seulement <strong>1,5 tour permet de r\u00e9gler toute la zone de nettet\u00e9<\/strong>. Cela garantit une saisie tr\u00e8s rapide des d\u00e9tails.<\/p>\n<h3>DDoptics EDX 8,5\u00d750 - des jumelles pour les porteurs de lunettes - champ de vision complet<\/h3>\n<p>La compensation dioptrique pour les porteurs de lunettes se trouve sur l'oculaire droit. <strong>Les 4 positions de la grille peuvent \u00eatre fix\u00e9es.<\/strong> Un d\u00e9r\u00e9glage involontaire est<\/p>\n<h3>Recommandation d'utilisation DDoptics EDX 8,5\u00d750<\/h3>\n<p>Une nettet\u00e9 constante jusqu'au bord de l'image et le <strong>Le grand champ de vision de 102 m offre aux amateurs de plein air, aux randonneurs, aux ornithologues et aux chasseurs alpins des exp\u00e9riences visuelles de tr\u00e8s haut niveau.<\/strong><\/p>","protected":false},"excerpt":{"rendered":"<p><img decoding=\"async\" class=\"alignnone wp-image-10471 size-full\" title=\"Chasse - Chasse \u00e0 l&#039;approche\" src=\"https:\/\/ddoptics.shop\/wp-content\/uploads\/2016\/04\/Ansitz-Jagd.jpg\" alt=\"Chasse \u00e0 l&#039;approche\" width=\"50\" height=\"50\" \/><img decoding=\"async\" class=\"alignnone wp-image-10166 size-full\" title=\"Chasse de nuit\" src=\"https:\/\/ddoptics.shop\/wp-content\/uploads\/2016\/09\/Astronomie-klein.jpg\" alt=\"Jumelles d&#039;astronomie\" width=\"50\" height=\"50\" \/><br \/>\nUne nouvelle star du cr\u00e9puscule est n\u00e9e. La cam\u00e9ra 8,5x <strong>r\u00e9f\u00e9rence l\u00e9g\u00e8re de DDoptics avec objectif 50 mm avec folie de l'image.<\/strong><\/p>","protected":false},"featured_media":1785,"comment_status":"open","ping_status":"closed","template":"","meta":{"inline_featured_image":false,"footnotes":""},"product_brand":[],"product_cat":[363,350,329,67,345],"product_tag":[85,78,86,564,84],"class_list":{"0":"post-1781","1":"product","2":"type-product","3":"status-publish","4":"has-post-thumbnail","6":"product_cat-50-mm-objektiv","7":"product_cat-85x-vergroesserung","8":"product_cat-ddoptics","9":"product_cat-fernglas","10":"product_cat-jagd-und-wild","11":"product_tag-8-5x50","12":"product_tag-ddoptics","13":"product_tag-edx","14":"product_tag-fernglas-8-5x50","15":"product_tag-nachtfernglas","16":"product_shipping_class-paket","17":"pa_brand-marke-ddoptics","18":"pa_farbe-schwarz","19":"pa_produkt-typ-fernglas","21":"first","22":"instock","23":"sale","24":"taxable","25":"shipping-taxable","26":"purchasable","27":"product-type-simple"},"bundled_by":[],"bundle_stock_status":"instock","bundle_stock_quantity":49,"bundle_virtual":false,"bundle_layout":"","bundle_add_to_cart_form_location":"","bundle_editable_in_cart":false,"bundle_sold_individually_context":"","bundle_item_grouping":"","bundle_min_size":"","bundle_max_size":"","bundle_price":[],"bundled_items":[],"bundle_sell_ids":[],"_links":{"self":[{"href":"https:\/\/ddoptics.shop\/fr\/wp-json\/wp\/v2\/product\/1781","targetHints":{"allow":["GET"]}}],"collection":[{"href":"https:\/\/ddoptics.shop\/fr\/wp-json\/wp\/v2\/product"}],"about":[{"href":"https:\/\/ddoptics.shop\/fr\/wp-json\/wp\/v2\/types\/product"}],"replies":[{"embeddable":true,"href":"https:\/\/ddoptics.shop\/fr\/wp-json\/wp\/v2\/comments?post=1781"}],"version-history":[{"count":7,"href":"https:\/\/ddoptics.shop\/fr\/wp-json\/wp\/v2\/product\/1781\/revisions"}],"predecessor-version":[{"id":28576,"href":"https:\/\/ddoptics.shop\/fr\/wp-json\/wp\/v2\/product\/1781\/revisions\/28576"}],"wp:featuredmedia":[{"embeddable":true,"href":"https:\/\/ddoptics.shop\/fr\/wp-json\/wp\/v2\/media\/1785"}],"wp:attachment":[{"href":"https:\/\/ddoptics.shop\/fr\/wp-json\/wp\/v2\/media?parent=1781"}],"wp:term":[{"taxonomy":"product_brand","embeddable":true,"href":"https:\/\/ddoptics.shop\/fr\/wp-json\/wp\/v2\/product_brand?post=1781"},{"taxonomy":"product_cat","embeddable":true,"href":"https:\/\/ddoptics.shop\/fr\/wp-json\/wp\/v2\/product_cat?post=1781"},{"taxonomy":"product_tag","embeddable":true,"href":"https:\/\/ddoptics.shop\/fr\/wp-json\/wp\/v2\/product_tag?post=1781"}],"curies":[{"name":"wp","href":"https:\/\/api.w.org\/{rel}","templated":true}]}}