{"id":1786,"date":"2016-04-06T17:09:30","date_gmt":"2016-04-06T15:09:30","guid":{"rendered":"https:\/\/beta.optik-sport-shop.at\/kaufen\/ddoptics-fernglas-edx-10x50\/"},"modified":"2026-04-13T20:53:55","modified_gmt":"2026-04-13T18:53:55","slug":"ddoptics-jumelles-edx-10x50","status":"publish","type":"product","link":"https:\/\/ddoptics.shop\/fr\/kaufen\/ddoptics-fernglas-edx-10x50\/","title":{"rendered":"Jumelles DDoptics EDX 10\u00d750"},"content":{"rendered":"[vc_row][vc_column width=&#8221;2\/3&#8243;][vc_column_text]\n<h2>High End Fernglas DDoptics EDX 10&#215;50 &#8211; erstaunliches Leichtgewicht mit hellsten Bildern<\/h2>\n<p><strong>Unfassbar &#8211; <\/strong>ein wahres weiteres <strong>Highlight f\u00fcr Ornithologen und J\u00e4ger um ca. \u20ac 1.000,&#8211;<br \/>\n<\/strong><\/p>\n<p>Hellste <strong>Brillanz bei der Farbwiedergabe<\/strong>, <strong>h\u00f6chste Aufl\u00f6sung und toller Kontrast<\/strong> verbunden mit <strong>extrem weitem Sehfeld lehren die Premium Konkurrenz das F\u00fcrchten.<\/strong><\/p>\n<p><strong>Unsere Meinung:<\/strong> Das <strong>Glas ist ein unglaublicher Bildwahnsinn<\/strong> &#8211; und &#8211; in der <strong>Summe ein Fernglas mit einem derzeit kaum zu \u00fcberbietenden Preis-Leistungsverh\u00e4ltnis.<\/strong><\/p>\n<p>Das <strong>EDX 10&#215;50 bietet seinem Besitzer maximale optische Leistung, hohe Qualit\u00e4t, Ergonomie und Robustheit<\/strong> \u2013 und das bei geringstem Gewicht. Die Aufl\u00f6sung weist Spitzenniveau auf.<\/p>\n<p>Eine sogenannte Appochromatischen Korrektur (APO) verhindert beim EDX 10&#215;50 zuverl\u00e4ssig Farbs\u00e4ume an Hell-Dunkel \u00dcberg\u00e4ngen. Die <strong>5,00 mm Austrittspupille<\/strong> ist f\u00fcr den Einsatz bei D\u00e4mmerung ideal. Der 50 mm <strong>Objetivdurchmesser<\/strong> ist f\u00fcr die D\u00e4mmerung ideal geeignet &#8211; auch noch f\u00fcr <strong>weitere Naturbeobachtungen<\/strong> mit der 10-fach Vergr\u00f6sserung.[\/vc_column_text][\/vc_column][vc_column width=&#8221;1\/3&#8243;][ultimate_info_table design_style=&#8221;design02&#8243; color_scheme=&#8221;blue&#8221; package_heading=&#8221;Besonderheiten Fernglas&#8221; heading_font_color=&#8221;#ffffff&#8221; features_font_color=&#8221;#1e73be&#8221; features_font_style=&#8221;font-style:italic;&#8221; features_font_size=&#8221;desktop:12px;&#8221;]\n<p style=\"text-align: left;\"><a href=\"https:\/\/www.ddoptics.de\/garantiebestimmungen\" target=\"_blank\" rel=\"nofollow noopener noreferrer\"><img decoding=\"async\" class=\"alignleft wp-image-9270 size-full\" title=\"Garantiebestimmungen lesen\" src=\"https:\/\/ddoptics.shop\/wp-content\/uploads\/2014\/09\/DDoptics-Garantie.jpg\" alt=\"DDoptics Garantie\" width=\"352\" height=\"160\" srcset=\"https:\/\/ddoptics.shop\/wp-content\/uploads\/2014\/09\/DDoptics-Garantie.jpg 352w, https:\/\/ddoptics.shop\/wp-content\/uploads\/2014\/09\/DDoptics-Garantie-304x138.jpg 304w, https:\/\/ddoptics.shop\/wp-content\/uploads\/2014\/09\/DDoptics-Garantie-305x139.jpg 305w, https:\/\/ddoptics.shop\/wp-content\/uploads\/2014\/09\/DDoptics-Garantie-250x114.jpg 250w\" sizes=\"(max-width: 352px) 100vw, 352px\" \/><\/a>\u21d2\u00a0<strong>30 Jahre DDoptics Garantie<\/strong><br \/>\n\u21d2\u00a0Nur 868 Gramm<br \/>\n\u21d2\u00a0Wasserdicht und beschlagfrei<br \/>\n\u21d2\u00a0Schnelle Scharfstellung<br \/>\n\u21d2\u00a0DDlucid Verg\u00fctung<br \/>\n\u21d2\u00a0Scharfeinstellung bereits ab 2,4m<br \/>\n\u21d2\u00a0<strong>Hochreine, farbechte Bilder<\/strong><br \/>\n\u21d2\u00a0Exzellente Randsch\u00e4rfe<br \/>\n\u21d2\u00a0Schmidt-Pechan-Prismen<br \/>\n\u21d2\u00a0Volltauglich f\u00fcr Brillentr\u00e4ger<br \/>\n\u21d2\u00a0<strong>Pr\u00e4zise<\/strong> und funktionell<\/p>\n[\/ultimate_info_table][\/vc_column][\/vc_row][vc_row][vc_column][vc_progress_bar values=&#8221;%5B%7B%22label%22%3A%22Fernglas%20D%C3%A4mmerungsleistung%22%2C%22value%22%3A%22100%22%2C%22customcolor%22%3A%22%23c37139%22%2C%22customtxtcolor%22%3A%22%23ffffff%22%7D%2C%7B%22label%22%3A%22Fernglas%20Aufl%C3%B6sung%22%2C%22value%22%3A%2290%22%2C%22customcolor%22%3A%22%23c37139%22%2C%22customtxtcolor%22%3A%22%23ffffff%22%7D%2C%7B%22label%22%3A%22Fernglas%20Farbwiedergabe%22%2C%22value%22%3A%2280%22%2C%22customcolor%22%3A%22%23c37139%22%2C%22customtxtcolor%22%3A%22%23ffffff%22%7D%2C%7B%22label%22%3A%22Fernglas%20Randsch%C3%A4rfe%22%2C%22value%22%3A%2280%22%7D%2C%7B%22label%22%3A%22Fernglas%20Sehfeld%22%2C%22value%22%3A%2270%22%7D%5D&#8221; bgcolor=&#8221;custom&#8221; options=&#8221;striped&#8221; units=&#8221;%&#8221; custombgcolor=&#8221;#c37139&#8243; customtxtcolor=&#8221;#ffffff&#8221;][\/vc_column][\/vc_row][vc_row][vc_column][vc_column_text]\n<h3>ED Glas: Brillante Bilddarstellung und scharfe Aufl\u00f6sung beim EDX 10&#215;50 Fernglas<\/h3>\n<p>Das <strong>altbew\u00e4hrten Dachkantprismen System (Schmidt Pechan)<\/strong> in Kombination mit v\u00f6llig neu Entwickelten <strong>Glassorten<\/strong> harmonisiert die Abbildung und bringt dem Betrachter absolute Bilderlebnisse. Der f\u00fcr das EDX neu entwickelte Phasenkorrekturbelag PHC140 unterbindet 99 Prozent aller unerw\u00fcnschten wellenoptischen Effekte.<\/p>\n<p>Das Ergebnis sind perfekt aufeinander abgestimmte, brillante Farben.<\/p>\n<h3>Innovative Verg\u00fctung garantiert messerscharfe Konturen beim 10&#215;50 Fernglas<\/h3>\n<p>Zus\u00e4tzlicher Garant daf\u00fcr ist die <strong>Spezialverg\u00fctung DDlucid<\/strong>. Die beiden Dachfl\u00e4chen des Schmidt-Pechan Dachkantprismas wurden damit versehen. Diese aus der japanischen Photoindustrie abstammende Verg\u00fctung ist eine Weiterentwicklung der bekannten und altbew\u00e4hrten ELR-Verg\u00fctung (Extra Low Reflection). DDlucid ist damit eine <strong>der effektivsten Fernglas Verg\u00fctungen und ausschlie\u00dflich Premium Ferngl\u00e4ser<\/strong> vorbehalten.<\/p>\n<h3>Klein, leicht und zuverl\u00e4ssig \u2013 ein Lebensbegleiter<\/h3>\n<p>Gerade beim Einsatz im Gebirge werden hohe Anspr\u00fcche an Robustheit und Leichtigkeit gestellt. Alles einfach f\u00fcr das EDX 10&#215;50. Das Glas ist dank Materialien wie Magnesium Aluminium und Polykarbonat extrem sto\u00dffest, absolut <strong>wasserdicht und beschlagfrei.<\/strong> Die griffige Gummiarmierung aus Naturkautschuk stellt hohe Griff- und Rutschfestigkeit sicher.<\/p>\n<p>Mit nur <strong>1,5 Umdrehungen l\u00e4sst sich der gesamte Sch\u00e4rfebereich einstellen<\/strong>. Das garantiert schnellste Erfassung von Details.<\/p>\n<h3>F\u00fcr Brillentr\u00e4ger &#8211; volles Sehfeld<\/h3>\n<p>Der Dioptrienausgleich f\u00fcr Brillentr\u00e4ger befindet sich am rechten Okular. <strong>Die 4 Rasterpositionen lassen sich fest fixieren.<\/strong> Ein unbeabsichtigtes Verstellen ist.<\/p>\n<h3>Einsatzempfehlung DDoptics EDX 10&#215;50<\/h3>\n<p>Gleichbleibende Sch\u00e4rfe bis an den Bildrand und das <strong>grosse Sehfeld von 102 m bieten Outdoorfans, Wanderern, Ornithologen und Gebirgsj\u00e4gern Bilderlebnisse auf h\u00f6chstem Niveau.<\/strong>[\/vc_column_text][\/vc_column][\/vc_row]\n","protected":false},"excerpt":{"rendered":"<p><img decoding=\"async\" class=\"alignnone wp-image-10178 size-full\" title=\"Jumelles de chasse en montagne\" src=\"https:\/\/ddoptics.shop\/wp-content\/uploads\/2016\/04\/Gebirgsjagd-klein.jpg\" alt=\"Jumelles de chasse en montagne\" width=\"50\" height=\"50\" \/><img decoding=\"async\" class=\"alignnone wp-image-10170 size-full\" title=\"Jumelles d&#039;observation des oiseaux\" src=\"https:\/\/ddoptics.shop\/wp-content\/uploads\/2016\/09\/Ornitologie-klein.jpg\" alt=\"Jumelles d&#039;observation des oiseaux\" width=\"50\" height=\"50\" \/><br \/>\nUne nouvelle star est n\u00e9e. Les 10 <strong>r\u00e9f\u00e9rence l\u00e9g\u00e8re avec objectif 50 mm avec folie de l'image.<\/strong><\/p>","protected":false},"featured_media":1789,"comment_status":"open","ping_status":"closed","template":"","meta":{"inline_featured_image":false,"footnotes":""},"product_brand":[],"product_cat":[351,363,329,67,345,354],"product_tag":[87,559,78,86,84],"class_list":{"0":"post-1786","1":"product","2":"type-product","3":"status-publish","4":"has-post-thumbnail","6":"product_cat-10x-vergroesserung","7":"product_cat-50-mm-objektiv","8":"product_cat-ddoptics","9":"product_cat-fernglas","10":"product_cat-jagd-und-wild","11":"product_cat-vogelbeobachtung","12":"product_tag-10x50","13":"product_tag-10x50-fernglas","14":"product_tag-ddoptics","15":"product_tag-edx","16":"product_tag-nachtfernglas","17":"product_shipping_class-paket","18":"pa_brand-marke-ddoptics","19":"pa_farbe-schwarz","20":"pa_produkt-typ-fernglas","22":"first","23":"instock","24":"sale","25":"taxable","26":"shipping-taxable","27":"purchasable","28":"product-type-simple"},"bundled_by":[],"bundle_stock_status":"instock","bundle_stock_quantity":null,"bundle_virtual":false,"bundle_layout":"","bundle_add_to_cart_form_location":"","bundle_editable_in_cart":false,"bundle_sold_individually_context":"","bundle_item_grouping":"","bundle_min_size":"","bundle_max_size":"","bundle_price":[],"bundled_items":[],"bundle_sell_ids":[],"_links":{"self":[{"href":"https:\/\/ddoptics.shop\/fr\/wp-json\/wp\/v2\/product\/1786","targetHints":{"allow":["GET"]}}],"collection":[{"href":"https:\/\/ddoptics.shop\/fr\/wp-json\/wp\/v2\/product"}],"about":[{"href":"https:\/\/ddoptics.shop\/fr\/wp-json\/wp\/v2\/types\/product"}],"replies":[{"embeddable":true,"href":"https:\/\/ddoptics.shop\/fr\/wp-json\/wp\/v2\/comments?post=1786"}],"version-history":[{"count":2,"href":"https:\/\/ddoptics.shop\/fr\/wp-json\/wp\/v2\/product\/1786\/revisions"}],"predecessor-version":[{"id":23091,"href":"https:\/\/ddoptics.shop\/fr\/wp-json\/wp\/v2\/product\/1786\/revisions\/23091"}],"wp:featuredmedia":[{"embeddable":true,"href":"https:\/\/ddoptics.shop\/fr\/wp-json\/wp\/v2\/media\/1789"}],"wp:attachment":[{"href":"https:\/\/ddoptics.shop\/fr\/wp-json\/wp\/v2\/media?parent=1786"}],"wp:term":[{"taxonomy":"product_brand","embeddable":true,"href":"https:\/\/ddoptics.shop\/fr\/wp-json\/wp\/v2\/product_brand?post=1786"},{"taxonomy":"product_cat","embeddable":true,"href":"https:\/\/ddoptics.shop\/fr\/wp-json\/wp\/v2\/product_cat?post=1786"},{"taxonomy":"product_tag","embeddable":true,"href":"https:\/\/ddoptics.shop\/fr\/wp-json\/wp\/v2\/product_tag?post=1786"}],"curies":[{"name":"wp","href":"https:\/\/api.w.org\/{rel}","templated":true}]}}