{"id":1877,"date":"2016-04-12T12:05:48","date_gmt":"2016-04-12T10:05:48","guid":{"rendered":"https:\/\/beta.optik-sport-shop.at\/kaufen\/fernglas-ddoptics-edx-8x30-fieldstar\/"},"modified":"2025-10-06T13:33:39","modified_gmt":"2025-10-06T11:33:39","slug":"jumelles-ddoptics-edx-8x30-fieldstar-2","status":"publish","type":"product","link":"https:\/\/ddoptics.shop\/fr\/kaufen\/ddoptics-fernglas-edx-8x30-fieldstar\/","title":{"rendered":"Jumelles DDoptics EDX 8\u00d730 Fieldstar"},"content":{"rendered":"<div class=\"row\"  id=\"row-1014216556\">\n\n\t<div id=\"col-641635242\" class=\"col medium-8 small-12 large-8\"  >\n\t\t\t\t<div class=\"col-inner\"  >\n\t\t\t\n\t\t\t\n<h2>DDoptics Jumelles EDX 8\u00d730 Fieldstar | Magnifiques optiques de pointe \u00e0 un prix imbattable<\/h2>\n<p>Outre le <strong>un faible poids<\/strong> l'observateur d\u00e9couvre avec ce <strong>leichen Jumelles<\/strong> des couleurs et des images brillantes parfaitement harmonis\u00e9es.<\/p>\n<p>Pour cette sur le <strong>syst\u00e8me \u00e9prouv\u00e9 de prismes en toit<\/strong>\u00a0(Schmidt Pechan) sont des jumelles construites <strong>de tout nouveaux types de verre<\/strong> ont \u00e9t\u00e9 utilis\u00e9s.<\/p>\n<p>R\u00e9sultat : ce verre ED (extra low dispersion) innovant r\u00e9duit encore mieux les franges de couleur que les verres ED utilis\u00e9s jusqu'\u00e0 pr\u00e9sent. Le verre utilis\u00e9 pour le<strong> EDX 8\u00d730<\/strong> nouveau rev\u00eatement de correction de phase PHC140 <strong>supprime 99% des effets optiques ind\u00e9sirables des ondes<\/strong> et \u00e9vite ainsi les moindres flous.<\/p>\n<h3>Manipulation confortable des jumelles 8\u00d730<\/h3>\n<p>Gr\u00e2ce au <strong>un faible poids<\/strong> et ses petites dimensions, ces jumelles trouvent leur place dans n'importe quel sac \u00e0 dos et ne g\u00eanent pas, m\u00eame lors de grandes randonn\u00e9es. Le dioptre pour la mise au point se trouve sur l'oculaire droit.<\/p>\n<p>Les erreurs de manipulation sont exclues en raison de la simplicit\u00e9 de cette construction. <strong>Porteurs de lunettes<\/strong> peuvent r\u00e9gler confortablement les oculaires, de sorte qu'un <strong>distance parfaite entre les yeux<\/strong> atteint et une perte du large <strong>Champ de vision (150,5 m)<\/strong> est \u00e9vit\u00e9e. Les positions de la grille peuvent \u00eatre fix\u00e9es fermement. Un d\u00e9r\u00e9glage involontaire est exclu en raison du m\u00e9canisme proprement d\u00e9fini.<\/p>\n\t\t<\/div>\n\t\t\t\t\n<style>\n#col-641635242 > .col-inner {\n  margin: 0px 0px -30px 0px;\n}\n<\/style>\n\t<\/div>\n\n\t\n\n\t<div id=\"col-1606047246\" class=\"col medium-4 small-12 large-4\"  >\n\t\t\t\t<div class=\"col-inner\"  >\n\t\t\t\n\t\t\t\n\t<div class=\"img has-hover x md-x lg-x y md-y lg-y\" id=\"image_566600273\">\n\t\t\t\t\t\t\t\t<div class=\"img-inner dark\" >\n\t\t\t\t\t\t\t\t\t\n\t\t\t\t\t<\/div>\n\t\t\t\t\t\t\t\t\n<style>\n#image_566600273 {\n  width: 100%;\n}\n<\/style>\n\t<\/div>\n\t\n\t<div class=\"img has-hover x md-x lg-x y md-y lg-y\" id=\"image_1943155600\">\n\t\t<a class=\"\" href=\"https:\/\/www.shop.ddoptics.de\/garantiebestimmungen\" target=\"_blank\" rel=\"noopener\">\t\t\t\t\t\t<div class=\"img-inner dark\" >\n\t\t\t<img decoding=\"async\" width=\"352\" height=\"160\" src=\"https:\/\/ddoptics.shop\/wp-content\/uploads\/2014\/09\/DDoptics-Garantie.jpg\" class=\"attachment-large size-large\" alt=\"Garantie DDoptics\" srcset=\"https:\/\/ddoptics.shop\/wp-content\/uploads\/2014\/09\/DDoptics-Garantie.jpg 352w, https:\/\/ddoptics.shop\/wp-content\/uploads\/2014\/09\/DDoptics-Garantie-304x138.jpg 304w, https:\/\/ddoptics.shop\/wp-content\/uploads\/2014\/09\/DDoptics-Garantie-305x139.jpg 305w, https:\/\/ddoptics.shop\/wp-content\/uploads\/2014\/09\/DDoptics-Garantie-250x114.jpg 250w\" sizes=\"(max-width: 352px) 100vw, 352px\" title=\"\">\t\t\t\t\t\t\n\t\t\t\t\t<\/div>\n\t\t\t\t\t\t<\/a>\t\t\n<style>\n#image_1943155600 {\n  width: 100%;\n}\n<\/style>\n\t<\/div>\n\t\n<h3>Jumelles DDoptics EDX Facts<\/h3>\n\n\t\t<div class=\"icon-box featured-box icon-box-left text-left\"  >\n\t\t\t\t\t<div class=\"icon-box-img\" style=\"width: 32px\">\n\t\t\t\t<div class=\"icon\">\n\t\t\t\t\t<div class=\"icon-inner\" >\n\t\t\t\t\t\t<img decoding=\"async\" width=\"100\" height=\"83\" src=\"https:\/\/ddoptics.shop\/wp-content\/uploads\/2021\/05\/DDoptics-SHG-Icon.jpg\" class=\"attachment-medium size-medium\" alt=\"DDoptics SHG Jumelles Icon\" title=\"\">\t\t\t\t\t<\/div>\n\t\t\t\t<\/div>\n\t\t\t<\/div>\n\t\t\t\t<div class=\"icon-box-text last-reset\">\n\t\t\t\t\t\t\t\t\t\n<p>\u2705 champ de vision in\u00e9gal\u00e9 de 150,5 m<\/p>\n\t\t<\/div>\n\t<\/div>\n\t\n\t\n\n\t\t<div class=\"icon-box featured-box icon-box-left text-left\"  >\n\t\t\t\t\t<div class=\"icon-box-img\" style=\"width: 32px\">\n\t\t\t\t<div class=\"icon\">\n\t\t\t\t\t<div class=\"icon-inner\" >\n\t\t\t\t\t\t<img decoding=\"async\" width=\"100\" height=\"83\" src=\"https:\/\/ddoptics.shop\/wp-content\/uploads\/2021\/05\/DDoptics-SHG-Icon.jpg\" class=\"attachment-medium size-medium\" alt=\"DDoptics SHG Jumelles Icon\" title=\"\">\t\t\t\t\t<\/div>\n\t\t\t\t<\/div>\n\t\t\t<\/div>\n\t\t\t\t<div class=\"icon-box-text last-reset\">\n\t\t\t\t\t\t\t\t\t\n<p>\u2705 DDlucid R\u00e9mun\u00e9ration<\/p>\n\t\t<\/div>\n\t<\/div>\n\t\n\t\n\n\t\t<div class=\"icon-box featured-box icon-box-left text-left\"  >\n\t\t\t\t\t<div class=\"icon-box-img\" style=\"width: 32px\">\n\t\t\t\t<div class=\"icon\">\n\t\t\t\t\t<div class=\"icon-inner\" >\n\t\t\t\t\t\t<img decoding=\"async\" width=\"100\" height=\"83\" src=\"https:\/\/ddoptics.shop\/wp-content\/uploads\/2021\/05\/DDoptics-SHG-Icon.jpg\" class=\"attachment-medium size-medium\" alt=\"DDoptics SHG Jumelles Icon\" title=\"\">\t\t\t\t\t<\/div>\n\t\t\t\t<\/div>\n\t\t\t<\/div>\n\t\t\t\t<div class=\"icon-box-text last-reset\">\n\t\t\t\t\t\t\t\t\t\n<p>\u2705 Miroir di\u00e9lectrique<\/p>\n\t\t<\/div>\n\t<\/div>\n\t\n\t\n\n\t\t<div class=\"icon-box featured-box icon-box-left text-left\"  >\n\t\t\t\t\t<div class=\"icon-box-img\" style=\"width: 32px\">\n\t\t\t\t<div class=\"icon\">\n\t\t\t\t\t<div class=\"icon-inner\" >\n\t\t\t\t\t\t<img decoding=\"async\" width=\"100\" height=\"83\" src=\"https:\/\/ddoptics.shop\/wp-content\/uploads\/2021\/05\/DDoptics-SHG-Icon.jpg\" class=\"attachment-medium size-medium\" alt=\"DDoptics SHG Jumelles Icon\" title=\"\">\t\t\t\t\t<\/div>\n\t\t\t\t<\/div>\n\t\t\t<\/div>\n\t\t\t\t<div class=\"icon-box-text last-reset\">\n\t\t\t\t\t\t\t\t\t\n<p>\u2705 ED Appochromat<\/p>\n\t\t<\/div>\n\t<\/div>\n\t\n\t\n\n\t\t<div class=\"icon-box featured-box icon-box-left text-left\"  >\n\t\t\t\t\t<div class=\"icon-box-img\" style=\"width: 32px\">\n\t\t\t\t<div class=\"icon\">\n\t\t\t\t\t<div class=\"icon-inner\" >\n\t\t\t\t\t\t<img decoding=\"async\" width=\"100\" height=\"83\" src=\"https:\/\/ddoptics.shop\/wp-content\/uploads\/2021\/05\/DDoptics-SHG-Icon.jpg\" class=\"attachment-medium size-medium\" alt=\"DDoptics SHG Jumelles Icon\" title=\"\">\t\t\t\t\t<\/div>\n\t\t\t\t<\/div>\n\t\t\t<\/div>\n\t\t\t\t<div class=\"icon-box-text last-reset\">\n\t\t\t\t\t\t\t\t\t\n<p>\u2705 Seulement 460g<\/p>\n\t\t<\/div>\n\t<\/div>\n\t\n\t\n\n\t\t<div class=\"icon-box featured-box icon-box-left text-left\"  >\n\t\t\t\t\t<div class=\"icon-box-img\" style=\"width: 32px\">\n\t\t\t\t<div class=\"icon\">\n\t\t\t\t\t<div class=\"icon-inner\" >\n\t\t\t\t\t\t<img decoding=\"async\" width=\"100\" height=\"83\" src=\"https:\/\/ddoptics.shop\/wp-content\/uploads\/2021\/05\/DDoptics-SHG-Icon.jpg\" class=\"attachment-medium size-medium\" alt=\"DDoptics SHG Jumelles Icon\" title=\"\">\t\t\t\t\t<\/div>\n\t\t\t\t<\/div>\n\t\t\t<\/div>\n\t\t\t\t<div class=\"icon-box-text last-reset\">\n\t\t\t\t\t\t\t\t\t\n<p>\u2705 Nette \u00e0 partir de 1,2 m<\/p>\n\t\t<\/div>\n\t<\/div>\n\t\n\t\n<div class=\"is-divider divider clearfix\" ><\/div>\n\t\t<\/div>\n\t\t\t\t\t<\/div>\n\n\t\n<\/div>\n<h3 class=\"product-title product_title entry-title\">DDoptics EDX 8\u00d730 Un traitement innovant garantit des contours d'une nettet\u00e9 \u00e0 couper au couteau<\/h3>\n<p>Sur le site <strong>EDX 8\u00d730<\/strong> l'image optique est r\u00e9alis\u00e9e selon l'\u00e9tat actuel de la technique en\u00a0<strong>r\u00e9solution maximale<\/strong> d\u00e9taill\u00e9es et sans flou sur les bords. La technologie <strong>Traitement sp\u00e9cial DDlucid<\/strong>Les deux faces du prisme de toit Schmidt-Pechan sont dot\u00e9es d'un rev\u00eatement suppl\u00e9mentaire.<\/p>\n<p>Ces derniers, issus de la <strong>r\u00e9mun\u00e9ration issue de l'industrie photographique japonaise<\/strong> est un perfectionnement du traitement ELR (Extra Low Reflection) bien connu et \u00e9prouv\u00e9. Le DDlucid est l'un des traitements les plus efficaces pour les jumelles. Actuellement, seules les jumelles haut de gamme disposent d'un traitement aussi sophistiqu\u00e9.<\/p>\n<h3>Jumelles Allround 8x l\u00e9g\u00e8res avec un champ de vision g\u00e9ant<\/h3>\n<p>Pour ce verre, DDoptics a accord\u00e9 une importance toute particuli\u00e8re \u00e0 la conception d'un verre de qualit\u00e9 sup\u00e9rieure. <strong>grand champ de vision<\/strong> a \u00e9t\u00e9 mis en place. Le r\u00e9sultat du d\u00e9veloppement est un <strong>champ de vision incroyable de 150,5<\/strong> m \u00e0 un grossissement de 8 fois. L'utilisateur peut ainsi observer \u00e0 une distance de 1.000 m et d'un seul coup d'\u0153il des objets dans une pi\u00e8ce dont les dimensions correspondent \u00e0 environ une fois et demie la longueur d'un terrain de football.<\/p>\n<p>Pour des jumelles de la cat\u00e9gorie 8\u00d730, c'est un r\u00e9sultat record. Il convient de souligner que, malgr\u00e9 la <strong>un grand champ de vision, on ne constate pratiquement aucune distorsion<\/strong> et que l'image est nette jusqu'\u00e0 la p\u00e9riph\u00e9rie.<\/p>\n<h3>Jumelles EDX 8\u00d730 - Robustes et techniquement parfaites<\/h3>\n<p><strong>Alpinistes et passionn\u00e9s de plein air<\/strong> les \u201eEDX Fieldstar 8\u00d730\u201c offrent une exp\u00e9rience de la nature d'une qualit\u00e9 particuli\u00e8re, et pas seulement en raison de leur champ de vision extr\u00eamement large. Les prismes sont en outre \u00e9quip\u00e9s d'un miroir di\u00e9lectrique, ce qui conf\u00e8re \u00e0 ces jumelles une <strong>Transmission totale jusqu'\u00e0 plus de 91,7%<\/strong> permet de r\u00e9duire le bruit. La lumi\u00e8re parasite est efficacement r\u00e9duite par un rev\u00eatement sp\u00e9cial \u00e0 l'int\u00e9rieur des jumelles. <strong>Exclusivement des jumelles haut de gamme<\/strong> disposent actuellement de r\u00e9mun\u00e9rations aussi sophistiqu\u00e9es.<\/p>\n<p>Le site <strong>Bo\u00eetier des jumelles<\/strong> se compose d'un alliage d'aluminium, combin\u00e9 \u00e0 des mat\u00e9riaux renforc\u00e9s <strong>policarbonates et est recouvert d'une armature en caoutchouc<\/strong> de l'eau et de l'air. Cela garantit non seulement une longue dur\u00e9e de vie, mais aussi <strong>une prise en main et une r\u00e9sistance au glissement nettement plus \u00e9lev\u00e9es.<\/strong> L'alliage m\u00e9tallique indestructible des \u0153illetons r\u00e9glables assure ici une longue dur\u00e9e de vie sans usure et prot\u00e8ge les oculaires de mani\u00e8re optimale. L'EDX 8\u00d730 est bien s\u00fbr, comme toutes les jumelles DDoptics, enti\u00e8rement \u00e9tanche et antibu\u00e9e.<\/p>","protected":false},"excerpt":{"rendered":"<p><img decoding=\"async\" class=\"alignnone wp-image-10180 size-full\" title=\"Randonn\u00e9e\" src=\"https:\/\/ddoptics.shop\/wp-content\/uploads\/2016\/04\/Bergwandern-klein.jpg\" alt=\"Jumelles de randonn\u00e9e en montagne\" width=\"50\" height=\"50\" \/><img decoding=\"async\" class=\"alignnone wp-image-10178 size-full\" title=\"Observation de la faune Chasse en montagne\" src=\"https:\/\/ddoptics.shop\/wp-content\/uploads\/2016\/04\/Gebirgsjagd-klein.jpg\" alt=\"Jumelles de chasse en montagne\" width=\"50\" height=\"50\" \/><img decoding=\"async\" class=\"alignnone wp-image-10170 size-full\" title=\"Observation des oiseaux\" src=\"https:\/\/ddoptics.shop\/wp-content\/uploads\/2016\/09\/Ornitologie-klein.jpg\" alt=\"Observation des oiseaux\" width=\"50\" height=\"50\" \/><br \/>\nUne nouvelle \u00e9toile est n\u00e9e ! Les 8 fois <strong>R\u00e9f\u00e9rence l\u00e9g\u00e8re avec folie de l'image<\/strong>.<\/p>","protected":false},"featured_media":1880,"comment_status":"open","ping_status":"closed","template":"","meta":{"inline_featured_image":false,"footnotes":""},"product_brand":[],"product_cat":[359,349,329,67,345,346],"product_tag":[90,152,561,78,86],"class_list":{"0":"post-1877","1":"product","2":"type-product","3":"status-publish","4":"has-post-thumbnail","6":"product_cat-30-mm-objektiv","7":"product_cat-8x-vergroesserung","8":"product_cat-ddoptics","9":"product_cat-fernglas","10":"product_cat-jagd-und-wild","11":"product_cat-wandern-und-reisen","12":"product_tag-8-fach-vergroesserung","13":"product_tag-8x30","14":"product_tag-8x30-fernglas","15":"product_tag-ddoptics","16":"product_tag-edx","17":"product_shipping_class-paket","18":"pa_brand-marke-ddoptics","19":"pa_farbe-schwarz","20":"pa_produkt-typ-fernglas","22":"first","23":"instock","24":"sale","25":"taxable","26":"shipping-taxable","27":"purchasable","28":"product-type-simple"},"bundled_by":[],"bundle_stock_status":"instock","bundle_stock_quantity":null,"bundle_virtual":false,"bundle_layout":"","bundle_add_to_cart_form_location":"","bundle_editable_in_cart":false,"bundle_sold_individually_context":"","bundle_item_grouping":"","bundle_min_size":"","bundle_max_size":"","bundle_price":[],"bundled_items":[],"bundle_sell_ids":[],"_links":{"self":[{"href":"https:\/\/ddoptics.shop\/fr\/wp-json\/wp\/v2\/product\/1877","targetHints":{"allow":["GET"]}}],"collection":[{"href":"https:\/\/ddoptics.shop\/fr\/wp-json\/wp\/v2\/product"}],"about":[{"href":"https:\/\/ddoptics.shop\/fr\/wp-json\/wp\/v2\/types\/product"}],"replies":[{"embeddable":true,"href":"https:\/\/ddoptics.shop\/fr\/wp-json\/wp\/v2\/comments?post=1877"}],"version-history":[{"count":6,"href":"https:\/\/ddoptics.shop\/fr\/wp-json\/wp\/v2\/product\/1877\/revisions"}],"predecessor-version":[{"id":29188,"href":"https:\/\/ddoptics.shop\/fr\/wp-json\/wp\/v2\/product\/1877\/revisions\/29188"}],"wp:featuredmedia":[{"embeddable":true,"href":"https:\/\/ddoptics.shop\/fr\/wp-json\/wp\/v2\/media\/1880"}],"wp:attachment":[{"href":"https:\/\/ddoptics.shop\/fr\/wp-json\/wp\/v2\/media?parent=1877"}],"wp:term":[{"taxonomy":"product_brand","embeddable":true,"href":"https:\/\/ddoptics.shop\/fr\/wp-json\/wp\/v2\/product_brand?post=1877"},{"taxonomy":"product_cat","embeddable":true,"href":"https:\/\/ddoptics.shop\/fr\/wp-json\/wp\/v2\/product_cat?post=1877"},{"taxonomy":"product_tag","embeddable":true,"href":"https:\/\/ddoptics.shop\/fr\/wp-json\/wp\/v2\/product_tag?post=1877"}],"curies":[{"name":"wp","href":"https:\/\/api.w.org\/{rel}","templated":true}]}}