{"id":1882,"date":"2016-04-12T12:35:06","date_gmt":"2016-04-12T10:35:06","guid":{"rendered":"https:\/\/beta.optik-sport-shop.at\/kaufen\/ddoptics-edx-10x30-fieldstar-fernglas\/"},"modified":"2025-10-06T13:34:08","modified_gmt":"2025-10-06T11:34:08","slug":"jumelles-ddoptics-edx-10x30-fieldstar","status":"publish","type":"product","link":"https:\/\/ddoptics.shop\/fr\/kaufen\/ddoptics-edx-10x30-fieldstar-fernglas\/","title":{"rendered":"Jumelles DDoptics EDX 10\u00d730 Fieldstar"},"content":{"rendered":"<div class=\"row\"  id=\"row-1355899625\">\n\n\t<div id=\"col-1218733300\" class=\"col medium-8 small-12 large-8\"  >\n\t\t\t\t<div class=\"col-inner\"  >\n\t\t\t\n\t\t\t\n<h2>Les jumelles DDoptics EDX 10\u00d730 Fieldstar - de magnifiques optiques de pointe<\/h2>\n<p>Outre le <strong>un faible poids<\/strong> l'observateur d\u00e9couvre avec ce <strong>leichen Jumelles<\/strong> des couleurs et des images brillantes parfaitement harmonis\u00e9es pour <strong>fort grossissement.<\/strong><\/p>\n<p>Pour cette sur le <strong>syst\u00e8me \u00e9prouv\u00e9 de prismes en toit<\/strong>\u00a0(Schmidt Pechan), des verres de conception enti\u00e8rement nouvelle ont \u00e9t\u00e9 utilis\u00e9s.<\/p>\n<p>R\u00e9sultat : ce verre ED (extra low dispersion) innovant r\u00e9duit les franges de couleur encore mieux que les verres ED utilis\u00e9s jusqu'\u00e0 pr\u00e9sent. Le rev\u00eatement de correction de phase PHC140 nouvellement d\u00e9velopp\u00e9 pour l'EDX 10\u00d730 <strong>supprime 99% des effets optiques ind\u00e9sirables des ondes<\/strong> et \u00e9vite ainsi les moindres flous.<\/p>\n<h3>Manipulation confortable des jumelles EDX 10\u00d730<\/h3>\n<p>Gr\u00e2ce au <strong>un faible poids<\/strong> et le <strong>de petite taille<\/strong> trouve ces jumelles dans <strong>de la place pour chaque sac \u00e0 dos<\/strong> et ne g\u00eane pas, m\u00eame lors de grandes randonn\u00e9es. Le dioptre pour la mise au point se trouve sur l'oculaire droit.<\/p>\n<p>Les erreurs de manipulation sont exclues en raison de la simplicit\u00e9 de cette construction. <strong>Porteurs de lunettes<\/strong> peuvent r\u00e9gler confortablement les oculaires, de sorte qu'un <strong>distance parfaite entre les yeux<\/strong> atteint et une perte du large <strong>Champ de vision (120 m)<\/strong> est \u00e9vit\u00e9e. Les positions de la grille peuvent \u00eatre fix\u00e9es fermement. Un d\u00e9r\u00e9glage involontaire est impossible en raison de la <strong>une m\u00e9canique propre<\/strong> exclus.<\/p>\n\t\t<\/div>\n\t\t\t\t\n<style>\n#col-1218733300 > .col-inner {\n  margin: 0px 0px -30px 0px;\n}\n<\/style>\n\t<\/div>\n\n\t\n\n\t<div id=\"col-1447430497\" class=\"col medium-4 small-12 large-4\"  >\n\t\t\t\t<div class=\"col-inner\"  >\n\t\t\t\n\t\t\t\n\t<div class=\"img has-hover x md-x lg-x y md-y lg-y\" id=\"image_154681087\">\n\t\t\t\t\t\t\t\t<div class=\"img-inner dark\" >\n\t\t\t\t\t\t\t\t\t\n\t\t\t\t\t<\/div>\n\t\t\t\t\t\t\t\t\n<style>\n#image_154681087 {\n  width: 100%;\n}\n<\/style>\n\t<\/div>\n\t\n\t<div class=\"img has-hover x md-x lg-x y md-y lg-y\" id=\"image_1878533720\">\n\t\t<a class=\"\" href=\"https:\/\/www.shop.ddoptics.de\/garantiebestimmungen\" target=\"_blank\" rel=\"noopener\">\t\t\t\t\t\t<div class=\"img-inner dark\" >\n\t\t\t<img decoding=\"async\" width=\"352\" height=\"160\" src=\"https:\/\/ddoptics.shop\/wp-content\/uploads\/2014\/09\/DDoptics-Garantie.jpg\" class=\"attachment-large size-large\" alt=\"Garantie DDoptics\" srcset=\"https:\/\/ddoptics.shop\/wp-content\/uploads\/2014\/09\/DDoptics-Garantie.jpg 352w, https:\/\/ddoptics.shop\/wp-content\/uploads\/2014\/09\/DDoptics-Garantie-304x138.jpg 304w, https:\/\/ddoptics.shop\/wp-content\/uploads\/2014\/09\/DDoptics-Garantie-305x139.jpg 305w, https:\/\/ddoptics.shop\/wp-content\/uploads\/2014\/09\/DDoptics-Garantie-250x114.jpg 250w\" sizes=\"(max-width: 352px) 100vw, 352px\" title=\"\">\t\t\t\t\t\t\n\t\t\t\t\t<\/div>\n\t\t\t\t\t\t<\/a>\t\t\n<style>\n#image_1878533720 {\n  width: 100%;\n}\n<\/style>\n\t<\/div>\n\t\n<h3>Jumelles DDoptics EDX Facts<\/h3>\n\n\t\t<div class=\"icon-box featured-box icon-box-left text-left\"  >\n\t\t\t\t\t<div class=\"icon-box-img\" style=\"width: 32px\">\n\t\t\t\t<div class=\"icon\">\n\t\t\t\t\t<div class=\"icon-inner\" >\n\t\t\t\t\t\t<img decoding=\"async\" width=\"100\" height=\"83\" src=\"https:\/\/ddoptics.shop\/wp-content\/uploads\/2021\/05\/DDoptics-SHG-Icon.jpg\" class=\"attachment-medium size-medium\" alt=\"DDoptics SHG Jumelles Icon\" title=\"\">\t\t\t\t\t<\/div>\n\t\t\t\t<\/div>\n\t\t\t<\/div>\n\t\t\t\t<div class=\"icon-box-text last-reset\">\n\t\t\t\t\t\t\t\t\t\n<p>\u2705 champ de vision in\u00e9gal\u00e9 de 120 m<\/p>\n\t\t<\/div>\n\t<\/div>\n\t\n\t\n\n\t\t<div class=\"icon-box featured-box icon-box-left text-left\"  >\n\t\t\t\t\t<div class=\"icon-box-img\" style=\"width: 32px\">\n\t\t\t\t<div class=\"icon\">\n\t\t\t\t\t<div class=\"icon-inner\" >\n\t\t\t\t\t\t<img decoding=\"async\" width=\"100\" height=\"83\" src=\"https:\/\/ddoptics.shop\/wp-content\/uploads\/2021\/05\/DDoptics-SHG-Icon.jpg\" class=\"attachment-medium size-medium\" alt=\"DDoptics SHG Jumelles Icon\" title=\"\">\t\t\t\t\t<\/div>\n\t\t\t\t<\/div>\n\t\t\t<\/div>\n\t\t\t\t<div class=\"icon-box-text last-reset\">\n\t\t\t\t\t\t\t\t\t\n<p>\u2705 DDlucid R\u00e9mun\u00e9ration<\/p>\n\t\t<\/div>\n\t<\/div>\n\t\n\t\n\n\t\t<div class=\"icon-box featured-box icon-box-left text-left\"  >\n\t\t\t\t\t<div class=\"icon-box-img\" style=\"width: 32px\">\n\t\t\t\t<div class=\"icon\">\n\t\t\t\t\t<div class=\"icon-inner\" >\n\t\t\t\t\t\t<img decoding=\"async\" width=\"100\" height=\"83\" src=\"https:\/\/ddoptics.shop\/wp-content\/uploads\/2021\/05\/DDoptics-SHG-Icon.jpg\" class=\"attachment-medium size-medium\" alt=\"DDoptics SHG Jumelles Icon\" title=\"\">\t\t\t\t\t<\/div>\n\t\t\t\t<\/div>\n\t\t\t<\/div>\n\t\t\t\t<div class=\"icon-box-text last-reset\">\n\t\t\t\t\t\t\t\t\t\n<p>\u2705 Miroir di\u00e9lectrique<\/p>\n\t\t<\/div>\n\t<\/div>\n\t\n\t\n\n\t\t<div class=\"icon-box featured-box icon-box-left text-left\"  >\n\t\t\t\t\t<div class=\"icon-box-img\" style=\"width: 32px\">\n\t\t\t\t<div class=\"icon\">\n\t\t\t\t\t<div class=\"icon-inner\" >\n\t\t\t\t\t\t<img decoding=\"async\" width=\"100\" height=\"83\" src=\"https:\/\/ddoptics.shop\/wp-content\/uploads\/2021\/05\/DDoptics-SHG-Icon.jpg\" class=\"attachment-medium size-medium\" alt=\"DDoptics SHG Jumelles Icon\" title=\"\">\t\t\t\t\t<\/div>\n\t\t\t\t<\/div>\n\t\t\t<\/div>\n\t\t\t\t<div class=\"icon-box-text last-reset\">\n\t\t\t\t\t\t\t\t\t\n<p>\u2705 ED Appochromat<\/p>\n\t\t<\/div>\n\t<\/div>\n\t\n\t\n\n\t\t<div class=\"icon-box featured-box icon-box-left text-left\"  >\n\t\t\t\t\t<div class=\"icon-box-img\" style=\"width: 32px\">\n\t\t\t\t<div class=\"icon\">\n\t\t\t\t\t<div class=\"icon-inner\" >\n\t\t\t\t\t\t<img decoding=\"async\" width=\"100\" height=\"83\" src=\"https:\/\/ddoptics.shop\/wp-content\/uploads\/2021\/05\/DDoptics-SHG-Icon.jpg\" class=\"attachment-medium size-medium\" alt=\"DDoptics SHG Jumelles Icon\" title=\"\">\t\t\t\t\t<\/div>\n\t\t\t\t<\/div>\n\t\t\t<\/div>\n\t\t\t\t<div class=\"icon-box-text last-reset\">\n\t\t\t\t\t\t\t\t\t\n<p>\u2705 Seulement 460g<\/p>\n\t\t<\/div>\n\t<\/div>\n\t\n\t\n\n\t\t<div class=\"icon-box featured-box icon-box-left text-left\"  >\n\t\t\t\t\t<div class=\"icon-box-img\" style=\"width: 32px\">\n\t\t\t\t<div class=\"icon\">\n\t\t\t\t\t<div class=\"icon-inner\" >\n\t\t\t\t\t\t<img decoding=\"async\" width=\"100\" height=\"83\" src=\"https:\/\/ddoptics.shop\/wp-content\/uploads\/2021\/05\/DDoptics-SHG-Icon.jpg\" class=\"attachment-medium size-medium\" alt=\"DDoptics SHG Jumelles Icon\" title=\"\">\t\t\t\t\t<\/div>\n\t\t\t\t<\/div>\n\t\t\t<\/div>\n\t\t\t\t<div class=\"icon-box-text last-reset\">\n\t\t\t\t\t\t\t\t\t\n<p>\u2705 Nette \u00e0 partir de 1,2 m<\/p>\n\t\t<\/div>\n\t<\/div>\n\t\n\t\n<div class=\"is-divider divider clearfix\" ><\/div>\n\t\t<\/div>\n\t\t\t\t\t<\/div>\n\n\t\n<\/div>\n<h3>Un traitement innovant garantit la nettet\u00e9 des contours de la DDoptics EDX 10\u00d730<\/h3>\n<p>Sur le site <strong>EDX 10\u00d730<\/strong> le <strong>image optique<\/strong> selon l'\u00e9tat actuel de la technique en\u00a0<strong>r\u00e9solution maximale<\/strong> d\u00e9taill\u00e9 et <strong>sans flou sur les bords<\/strong>\u00a0de l'ensemble de l'\u00e9chantillon. Le garant en est la <strong>Traitement sp\u00e9cial DDlucid<\/strong>Les deux faces du prisme de toit Schmidt-Pechan sont dot\u00e9es d'un rev\u00eatement suppl\u00e9mentaire.<\/p>\n<p>Ces derniers, issus de la <strong>l'industrie photographique japonaise <\/strong>descendant<strong> R\u00e9mun\u00e9ration<\/strong> est un perfectionnement du traitement ELR (Extra Low Reflection) bien connu et \u00e9prouv\u00e9. Le DDlucid est l'un des traitements les plus efficaces pour les jumelles. Actuellement, seules les jumelles haut de gamme disposent d'un traitement aussi sophistiqu\u00e9.<\/p>\n<h3>Jumelles polyvalentes l\u00e9g\u00e8res 10x pour l'observation des d\u00e9tails<\/h3>\n<p>Pour ce verre, DDoptics a accord\u00e9 une importance toute particuli\u00e8re \u00e0 la conception d'un verre de qualit\u00e9 sup\u00e9rieure. <strong>grand champ de vision<\/strong> a \u00e9t\u00e9 mis en place. Le r\u00e9sultat du d\u00e9veloppement est un <strong>champ de vision incroyable de 120<\/strong> m <strong>\u00e0 un grossissement de 10x<\/strong>. L'utilisateur peut ainsi observer \u00e0 une distance de 1.000 m et d'un seul coup d'\u0153il des objets dans un espace dont les dimensions correspondent \u00e0 presque une fois et demie la longueur d'un terrain de football.<\/p>\n<p>Pour un <strong>jumelles de la cat\u00e9gorie 10\u00d730, c'est un r\u00e9sultat record.<\/strong> Il convient de souligner que, malgr\u00e9 le fait que le <strong>un grand champ de vision <\/strong>et que l'image est nette jusqu'\u00e0 la p\u00e9riph\u00e9rie.<\/p>\n<h3>Robuste et techniquement parfait<\/h3>\n<p>Alpinistes et<strong> Fans de plein air<\/strong> les \"EDX Fieldstar 10\u00d730\" offrent une exp\u00e9rience de la nature d'une qualit\u00e9 particuli\u00e8re, et pas seulement en raison de leur champ de vision extr\u00eamement large. Le site <strong>des prismes de haute qualit\u00e9<\/strong> sont en outre dot\u00e9s de <strong>un miroir di\u00e9lectrique<\/strong> ce qui donne aux jumelles une <strong>Transmission totale <\/strong>de jusqu'\u00e0<strong> au-dessus de 91,7%<\/strong> permet de r\u00e9duire le bruit. La lumi\u00e8re parasite est efficacement r\u00e9duite par un rev\u00eatement sp\u00e9cial \u00e0 l'int\u00e9rieur des jumelles. <strong>Jumelles Premium uniquement<\/strong> disposent actuellement de r\u00e9mun\u00e9rations aussi sophistiqu\u00e9es.<\/p>\n<p>Le site <strong>Bo\u00eetier des jumelles<\/strong> se compose d'une<strong> Alliage d'aluminium<\/strong>combin\u00e9 avec des <strong>policarbonates et est recouvert d'une armature en caoutchouc<\/strong> de l'eau et de l'air. Cela garantit non seulement une longue dur\u00e9e de vie, mais aussi <strong>une prise en main et une r\u00e9sistance au glissement nettement plus \u00e9lev\u00e9es.<\/strong> L'alliage m\u00e9tallique indestructible des \u0153illetons r\u00e9glables assure ici une longue dur\u00e9e de vie sans usure et prot\u00e8ge les oculaires de mani\u00e8re optimale. L'EDX 10\u00d730 est bien s\u00fbr, comme toutes les jumelles DDoptics, enti\u00e8rement \u00e9tanche et antibu\u00e9e.<\/p>","protected":false},"excerpt":{"rendered":"<p><img decoding=\"async\" class=\"alignnone wp-image-10172 size-full\" title=\"Navigation maritime\" src=\"https:\/\/ddoptics.shop\/wp-content\/uploads\/2016\/09\/Segeln-klein.jpg\" alt=\"Jumelles de voile\" width=\"50\" height=\"50\" \/><img decoding=\"async\" class=\"alignnone wp-image-10180 size-full\" title=\"Jumelles de randonn\u00e9e\" src=\"https:\/\/ddoptics.shop\/wp-content\/uploads\/2016\/04\/Bergwandern-klein.jpg\" alt=\"Jumelles de randonn\u00e9e en montagne\" width=\"50\" height=\"50\" \/><img decoding=\"async\" class=\"alignnone wp-image-10170 size-full\" title=\"Observations d&#039;oiseaux\" src=\"https:\/\/ddoptics.shop\/wp-content\/uploads\/2016\/09\/Ornitologie-klein.jpg\" alt=\"Observation des oiseaux\" width=\"50\" height=\"50\" \/><br \/>\nAvec le nouveau poids plume \"EDX 10\u00d730 Fieldstar\", DDoptics a lanc\u00e9 sur le march\u00e9 un classique des jumelles avec un grossissement 10x et de nouveaux attributs.<\/p>","protected":false},"featured_media":1885,"comment_status":"open","ping_status":"closed","template":"","meta":{"inline_featured_image":false,"footnotes":""},"product_brand":[],"product_cat":[351,359,329,67,344,354,346],"product_tag":[153,154,78,86,296],"class_list":{"0":"post-1882","1":"product","2":"type-product","3":"status-publish","4":"has-post-thumbnail","6":"product_cat-10x-vergroesserung","7":"product_cat-30-mm-objektiv","8":"product_cat-ddoptics","9":"product_cat-fernglas","10":"product_cat-naturbeobachtung","11":"product_cat-vogelbeobachtung","12":"product_cat-wandern-und-reisen","13":"product_tag-10-fach-vergroesserung","14":"product_tag-10x30","15":"product_tag-ddoptics","16":"product_tag-edx","17":"product_tag-fernglas-10x30","18":"product_shipping_class-paket","19":"pa_brand-marke-ddoptics","20":"pa_farbe-schwarz","21":"pa_produkt-typ-fernglas","23":"first","24":"instock","25":"sale","26":"taxable","27":"shipping-taxable","28":"purchasable","29":"product-type-simple"},"bundled_by":[],"bundle_stock_status":"instock","bundle_stock_quantity":49,"bundle_virtual":false,"bundle_layout":"","bundle_add_to_cart_form_location":"","bundle_editable_in_cart":false,"bundle_sold_individually_context":"","bundle_item_grouping":"","bundle_min_size":"","bundle_max_size":"","bundle_price":[],"bundled_items":[],"bundle_sell_ids":[],"_links":{"self":[{"href":"https:\/\/ddoptics.shop\/fr\/wp-json\/wp\/v2\/product\/1882","targetHints":{"allow":["GET"]}}],"collection":[{"href":"https:\/\/ddoptics.shop\/fr\/wp-json\/wp\/v2\/product"}],"about":[{"href":"https:\/\/ddoptics.shop\/fr\/wp-json\/wp\/v2\/types\/product"}],"replies":[{"embeddable":true,"href":"https:\/\/ddoptics.shop\/fr\/wp-json\/wp\/v2\/comments?post=1882"}],"version-history":[{"count":6,"href":"https:\/\/ddoptics.shop\/fr\/wp-json\/wp\/v2\/product\/1882\/revisions"}],"predecessor-version":[{"id":29190,"href":"https:\/\/ddoptics.shop\/fr\/wp-json\/wp\/v2\/product\/1882\/revisions\/29190"}],"wp:featuredmedia":[{"embeddable":true,"href":"https:\/\/ddoptics.shop\/fr\/wp-json\/wp\/v2\/media\/1885"}],"wp:attachment":[{"href":"https:\/\/ddoptics.shop\/fr\/wp-json\/wp\/v2\/media?parent=1882"}],"wp:term":[{"taxonomy":"product_brand","embeddable":true,"href":"https:\/\/ddoptics.shop\/fr\/wp-json\/wp\/v2\/product_brand?post=1882"},{"taxonomy":"product_cat","embeddable":true,"href":"https:\/\/ddoptics.shop\/fr\/wp-json\/wp\/v2\/product_cat?post=1882"},{"taxonomy":"product_tag","embeddable":true,"href":"https:\/\/ddoptics.shop\/fr\/wp-json\/wp\/v2\/product_tag?post=1882"}],"curies":[{"name":"wp","href":"https:\/\/api.w.org\/{rel}","templated":true}]}}