{"id":18833,"date":"2019-10-27T09:15:09","date_gmt":"2019-10-27T08:15:09","guid":{"rendered":"https:\/\/ddoptics.shop\/?post_type=product&#038;p=18833"},"modified":"2025-04-08T15:16:12","modified_gmt":"2025-04-08T13:16:12","slug":"lunette-de-visee-ddoptics-v4-2-5-10x56-nfx-mrad-reticule-4","status":"publish","type":"product","link":"https:\/\/ddoptics.shop\/fr\/kaufen\/zielfernrohr-ddoptics-v4-2-5-10x56-nfx-mrad-absehen-4\/","title":{"rendered":"Lunette de vis\u00e9e 2,5-10\u00d756 NFX de DDoptics | V4 | A4N | R\u00e9glage MRAD - Gen 3"},"content":{"rendered":"<div class=\"container section-title-container\" ><h3 class=\"section-title section-title-normal\"><b aria-hidden=\"true\"><\/b><span class=\"section-title-main\" ><i class=\"icon-cross\" aria-hidden=\"true\"><\/i>Lunette de vis\u00e9e 2,5-10x56 NFX de DDoptics<\/span><b aria-hidden=\"true\"><\/b><\/h3><\/div>\n<table style=\"background-color: #cacaca;\">\n<tbody>\n<tr style=\"height: 24px;\">\n<td style=\"height: 24px; text-align: left; width: 20%;\"><strong>Tube<\/strong><\/td>\n<td style=\"height: 24px; text-align: left; width: 30%;\">Tube mono de 30 mm<\/td>\n<td style=\"height: 24px; text-align: left; width: 20%;\"><strong>Champ de vision : m @100m<\/strong><\/td>\n<td style=\"height: 24px; text-align: left; width: 30%;\">15 - 3,7 m<\/td>\n<\/tr>\n<tr style=\"height: 24px;\">\n<td style=\"height: 24px; text-align: left; width: 20%;\"><strong>Syst\u00e8me optique<\/strong><\/td>\n<td style=\"height: 24px; text-align: left; width: 30%;\">2,5-10 fois<\/td>\n<td style=\"height: 24px; text-align: left; width: 20%;\"><strong>Distance entre les yeux<\/strong><\/td>\n<td style=\"height: 24px; text-align: left; width: 30%;\">98 - 100 mm<\/td>\n<\/tr>\n<tr style=\"height: 24px;\">\n<td style=\"height: 24px; text-align: left; width: 20%;\"><strong>Objectif<\/strong><\/td>\n<td style=\"height: 24px; text-align: left; width: 30%;\">56 mm<\/td>\n<td style=\"height: 24px; text-align: left; width: 20%;\"><strong>Longueur<\/strong><\/td>\n<td style=\"height: 24px; text-align: left; width: 30%;\">373 mm<\/td>\n<\/tr>\n<tr style=\"height: 24px;\">\n<td style=\"height: 24px; text-align: left; width: 20%;\"><a href=\"https:\/\/de.wikipedia.org\/wiki\/Absehen\" target=\"_blank\" rel=\"noopener noreferrer\"><strong>R\u00e9ticule<\/strong><\/a><\/td>\n<td style=\"height: 24px; text-align: left; width: 30%;\">Nouveau r\u00e9ticule 4<\/td>\n<td style=\"height: 24px; text-align: left; width: 20%;\"><strong>Poids<\/strong><\/td>\n<td style=\"height: 24px; text-align: left; width: 30%;\">783 g<\/td>\n<\/tr>\n<tr style=\"height: 24px;\">\n<td style=\"height: 24px; text-align: left; width: 20%;\"><strong>Point lumineux<\/strong><\/td>\n<td style=\"height: 24px; text-align: left; width: 30%;\">Standard ou iFiber<\/td>\n<td style=\"height: 24px; text-align: left; width: 20%;\"><strong>Protection contre la bu\u00e9e<\/strong><\/td>\n<td style=\"height: 24px; text-align: left; width: 30%;\">Remplissage d'azote contre la bu\u00e9e<\/td>\n<\/tr>\n<tr style=\"height: 24px;\">\n<td style=\"height: 24px; text-align: left; width: 20%;\"><strong>Focus\/Parallaxe<\/strong><\/td>\n<td style=\"height: 24px; text-align: left; width: 30%;\">Objectif r\u00e9glable 20 m \u00e0 l'infini<\/td>\n<td style=\"height: 24px; text-align: left; width: 20%;\"><strong>\u00c9tanch\u00e9it\u00e9<\/strong><\/td>\n<td style=\"height: 24px; text-align: left; width: 30%;\">R\u00e9sistant \u00e0 l'eau et aux chocs<\/td>\n<\/tr>\n<\/tbody>\n<\/table>\n<h2>D\u00e9couvrez la lunette de vis\u00e9e DDoptics V4 2,5-10\u00d756 NFX avec MRAD et nouveau r\u00e9ticule 4<\/h2>\n<div class=\"row\"  id=\"row-653594566\">\n\n\t<div id=\"col-1849076963\" class=\"col medium-8 small-12 large-8\"  >\n\t\t\t\t<div class=\"col-inner\"  >\n\t\t\t\n\t\t\t\n<p>Le site <strong>DDoptics Lunette de vis\u00e9e V4 2,5-10\u00d756 NFX<\/strong> est le choix parfait pour les chasseurs et les tireurs sportifs qui recherchent une pr\u00e9cision et une polyvalence maximales.<\/p>\n<p>Avec son syst\u00e8me avanc\u00e9 <strong>MRAD<\/strong>-et le nouveau <strong>R\u00e9ticule 4<\/strong> cette lunette de vis\u00e9e place la barre tr\u00e8s haut dans sa cat\u00e9gorie. Dans cet article, vous d\u00e9couvrirez pourquoi la <strong>DDoptics V4 2,5-10\u00d756 NFX<\/strong> d\u00e9passera vos attentes.<\/p>\n<h2>Un chef-d'\u0153uvre d'optique<\/h2>\n<p>Avec le <strong>DDoptics V4 2,5-10\u00d756 NFX<\/strong> vous obtenez une lunette de vis\u00e9e qui allie une technologie de pointe et un design bien pens\u00e9. Le zoom 4x et l'objectif de 56 mm assurent une excellente transmission de la lumi\u00e8re - id\u00e9al pour une utilisation au cr\u00e9puscule ou la nuit.<\/p>\n<blockquote><p>Que ce soit pour la chasse ou le tir sportif, cette lunette de vis\u00e9e fournit toujours des images claires et brillantes.<\/p><\/blockquote>\n<h3>Aper\u00e7u des avantages techniques<\/h3>\n<ul>\n<li><strong>Pr\u00e9cision du MRAD :<\/strong> Le r\u00e9glage de 0,1 MRAD permet un ajustement pr\u00e9cis avec 1 cm par clic \u00e0 100 m - id\u00e9al pour un tir pr\u00e9cis dans un syst\u00e8me d\u00e9cimal.<\/li>\n<li><strong>Nouveau r\u00e9ticule 4 :<\/strong> Le r\u00e9ticule optimis\u00e9 offre des lignes fines et un espacement g\u00e9n\u00e9reux entre les barres, ce qui permet de voir clairement la cible et d'obtenir une image plus lumineuse.<\/li>\n<li><strong>NFX grand angle :<\/strong> Avec un champ de vision de 15 m \u00e0 100 m pour un grossissement de 2,5 fois, l'oculaire NFX permet une vis\u00e9e rapide et une vue d'ensemble optimale.<\/li>\n<li><strong>Compensation de la parallaxe :<\/strong> R\u00e9glable de 20 m \u00e0 l'infini, la compensation de parallaxe lat\u00e9rale garantit des images nettes et minimise les erreurs de vis\u00e9e.<\/li>\n<li><strong>Robuste et \u00e9tanche :<\/strong> Remplie d'azote, antibu\u00e9e et totalement \u00e9tanche, cette lunette de vis\u00e9e r\u00e9siste \u00e0 toutes les conditions m\u00e9t\u00e9orologiques.<\/li>\n<\/ul>\n\t\t<\/div>\n\t\t\t\t\t<\/div>\n\n\t\n\n\t<div id=\"col-832869718\" class=\"col medium-4 small-12 large-4\"  >\n\t\t\t\t<div class=\"col-inner\"  >\n\t\t\t\n\t\t\t\n<a class=\"button primary expand\" >\n\t\t<span>Particularit\u00e9s de la lunette de vis\u00e9e<\/span>\n\t<\/a>\n\n\n\t<section class=\"section\" id=\"section_486110263\">\n\t\t<div class=\"section-bg fill\" >\n\t\t\t\t\t\t\t\t\t<div class=\"section-bg-overlay absolute fill\"><\/div>\n\t\t\t\n\n\t\t<\/div>\n\n\t\t\n\n\t\t<div class=\"section-content relative\">\n\t\t\t\n\t<div class=\"img has-hover x md-x lg-x y md-y lg-y\" id=\"image_139953082\">\n\t\t<a class=\"\" href=\"https:\/\/www.ddoptics.de\/garantiebestimmungen\" target=\"_blank\" rel=\"no follow noopener\">\t\t\t\t\t\t<div class=\"img-inner dark\" >\n\t\t\t<img decoding=\"async\" width=\"352\" height=\"160\" src=\"https:\/\/ddoptics.shop\/wp-content\/uploads\/2014\/09\/DDoptics-Garantie.jpg\" class=\"attachment-large size-large\" alt=\"Garantie DDoptics\" srcset=\"https:\/\/ddoptics.shop\/wp-content\/uploads\/2014\/09\/DDoptics-Garantie.jpg 352w, https:\/\/ddoptics.shop\/wp-content\/uploads\/2014\/09\/DDoptics-Garantie-304x138.jpg 304w, https:\/\/ddoptics.shop\/wp-content\/uploads\/2014\/09\/DDoptics-Garantie-305x139.jpg 305w, https:\/\/ddoptics.shop\/wp-content\/uploads\/2014\/09\/DDoptics-Garantie-250x114.jpg 250w\" sizes=\"(max-width: 352px) 100vw, 352px\" title=\"\">\t\t\t\t\t\t\n\t\t\t\t\t<\/div>\n\t\t\t\t\t\t<\/a>\t\t\n<style>\n#image_139953082 {\n  width: 100%;\n}\n<\/style>\n\t<\/div>\n\t\n\t<div id=\"gap-1556885811\" class=\"gap-element clearfix\" style=\"display:block; height:auto;\">\n\t\t\n<style>\n#gap-1556885811 {\n  padding-top: 15px;\n}\n<\/style>\n\t<\/div>\n\t\n\t<div id=\"text-2751013075\" class=\"text\">\n\t\t\n<p><span style=\"font-size: 80%;\">\u21d2 bas\u00e9 sur Gen 3 - version sp\u00e9ciale FX<\/span><br \/>\n<span style=\"font-size: 80%;\">\u21d2 FX = champ de vision plus large &amp; meilleure vision<\/span><br \/>\n<span style=\"font-size: 80%;\">\u21d2 Champ de vision 15 m - 3,7 m<\/span><br \/>\n<span style=\"font-size: 80%;\">\u21d2 moins de zone p\u00e9riph\u00e9rique dans l'aper\u00e7u<\/span><br \/>\n<span style=\"font-size: 80%;\">\u21d2 R\u00e9glage du r\u00e9ticule Tours en m\u00e9tal (pas de plastique)<\/span><br \/>\n<span style=\"font-size: 80%;\">\u21d2 Verre CT (Clear Transmission) (faible dispersion)<\/span><br \/>\n<span style=\"font-size: 80%;\">\u21d2 double mise \u00e0 l'\u00e9chelle (Doubleturn)<\/span><br \/>\n<span style=\"font-size: 80%;\">\u21d2 Zerostop pour ASV (but\u00e9e z\u00e9ro)<br \/>\n<\/span><span style=\"font-size: 80%;\">\u21d2 cliquet tactique dur de 0,1 MRAD (1cm\/clic)<\/span><br \/>\n<span style=\"font-size: 80%;\">\u21d2 Course de r\u00e9glage 184 clics = 1,8m sur 100m<\/span><br \/>\n<span style=\"font-size: 80%;\">\u21d2 nouveau design de la bague de r\u00e9glage du grossissement<\/span><br \/>\n<span style=\"font-size: 80%;\">\u21d2 Nouveau r\u00e9ticule 4 avec des barres nettement plus fines<\/span><br \/>\n<span style=\"font-size: 80%;\">\u21d2 Accessoires : Flipcaps, chiffon de nettoyage, puce DDoptics, cibles, instructions pour l'optique de vis\u00e9e, kit balistique<\/span><br \/>\n\t\t\n<style>\n#text-2751013075 {\n  line-height: 1.15;\n  color: rgb(33, 107, 227);\n}\n#text-2751013075 > * {\n  color: rgb(33, 107, 227);\n}\n<\/style>\n\t<\/div>\n\t\n\t\t<\/div>\n\n\t\t\n<style>\n#section_486110263 {\n  padding-top: 30px;\n  padding-bottom: 30px;\n  background-color: rgb(232, 232, 232);\n}\n#section_486110263 .section-bg-overlay {\n  background-color: rgba(255,255,255,.5);\n}\n<\/style>\n\t<\/section>\n\t\n\t\t<\/div>\n\t\t\t\t\t<\/div>\n\n\t\n<\/div>\n<h3>Nouvellement d\u00e9velopp\u00e9 <a href=\"https:\/\/de.wikipedia.org\/wiki\/Absehen\" target=\"_blank\" rel=\"noopener sponsored\" data-schema-attribute=\"\">R\u00e9ticule<\/a> A4N sur le 2e plan de l'image<\/h3>\n<p>Le site <strong>nouveau r\u00e9ticule 4\" nouvellement d\u00e9velopp\u00e9<\/strong> de DDoptics fait <strong>plus d'espace pour une r\u00e9ponse propre.<br \/>\n<\/strong><\/p>\n<figure id=\"attachment_1951\" aria-describedby=\"caption-attachment-1951\" style=\"width: 250px\" class=\"wp-caption alignright\"><a href=\"https:\/\/ddoptics.shop\/wp-content\/uploads\/2016\/04\/Neues-DDoptics-Absehen.jpg\" rel=\"attachment wp-att-1951\"><img decoding=\"async\" class=\"wp-image-1951\" src=\"https:\/\/ddoptics.shop\/wp-content\/uploads\/2016\/04\/Neues-DDoptics-Absehen-340x340.jpg\" alt=\"Nouveau r\u00e9ticule 4 de DDoptics\" width=\"250\" height=\"199\" title=\"\" srcset=\"https:\/\/ddoptics.shop\/wp-content\/uploads\/2016\/04\/Neues-DDoptics-Absehen-304x242.jpg 304w, https:\/\/ddoptics.shop\/wp-content\/uploads\/2016\/04\/Neues-DDoptics-Absehen-305x243.jpg 305w, https:\/\/ddoptics.shop\/wp-content\/uploads\/2016\/04\/Neues-DDoptics-Absehen-632x503.jpg 632w, https:\/\/ddoptics.shop\/wp-content\/uploads\/2016\/04\/Neues-DDoptics-Absehen.jpg 800w, https:\/\/ddoptics.shop\/wp-content\/uploads\/2016\/04\/Neues-DDoptics-Absehen-250x199.jpg 250w, https:\/\/ddoptics.shop\/wp-content\/uploads\/2016\/04\/Neues-DDoptics-Absehen-510x406.jpg 510w\" sizes=\"(max-width: 250px) 100vw, 250px\" \/><\/a><figcaption id=\"caption-attachment-1951\" class=\"wp-caption-text\">DDoptics New R\u00e9ticule 4<\/figcaption><\/figure>\n<p>Pour vous aider \u00e0 <strong>un avantage d\u00e9cisif gr\u00e2ce \u00e0 \"plus de vision<\/strong> DDoptics a r\u00e9duit les barres \u00e9paisses \u00e0 la moiti\u00e9 de l'\u00e9paisseur normale du r\u00e9ticule 4 et a doubl\u00e9 la distance (centre) entre les barres \u00e9paisses.<\/p>\n<p><strong>L'image dans son ensemble semble <\/strong>avec le nouveau<strong> Nouveau r\u00e9ticule R\u00e9ticule 4 plus clair, plus grand et plus lisible.<\/strong> Malgr\u00e9 cela, on peut encore bien percevoir le r\u00e9ticule dans la nuit.<\/p>\n<p>Le nouveau r\u00e9ticule 4 se trouve dans la <strong>Plan de l'image oculaire (2\u00e8me plan de l'image)<\/strong> et reste donc au <strong>Changement de grossissement toujours de la m\u00eame taille.<\/strong><\/p>\n<p>Le site <strong>La lunette de vis\u00e9e DDoptics dispose d'un r\u00e9glage de 0,1 MRAD<\/strong>, c'est-\u00e0-dire <strong>par clic<\/strong> se d\u00e9r\u00e9glera <strong>r\u00e9ticule de 0,1 MRAD, c'est-\u00e0-dire de 1 centim\u00e8tre \u00e0 100 m\u00e8tres<\/strong>.<\/p>\n<p>Pour l'utilisateur europ\u00e9en, cela signifie une utilisation simple dans le syst\u00e8me d\u00e9cimal. Le r\u00e9glage par clic fonctionne alors avec une r\u00e9p\u00e9tabilit\u00e9 absolue et peut \u00eatre facilement remis \u00e0 z\u00e9ro \u00e0 l'\u00e9chelle apr\u00e8s l'insertion.<\/p>\n<p>Plage totale de r\u00e9glage du r\u00e9ticule :<\/p>\n<ul>\n<li>21,0 MRAD<\/li>\n<li>Course de r\u00e9glage \/ clic sur 100 m : 1 cm<\/li>\n<li>Course de r\u00e9glage \/ clic sur 200 m : 2 cm<\/li>\n<li>Course de r\u00e9glage \/ clic \u00e0 300 m : 3 cm<\/li>\n<li>Course de r\u00e9glage \/ clic sur 600 m : 6 cm<\/li>\n<\/ul>\n\t<div class=\"img has-hover x md-x lg-x y md-y lg-y\" id=\"image_1486205469\">\n\t\t\t\t\t\t\t\t<div class=\"img-inner dark\" >\n\t\t\t<img decoding=\"async\" width=\"800\" height=\"537\" src=\"https:\/\/ddoptics.shop\/wp-content\/uploads\/2019\/10\/technische-Zeichnung-DDoptics-2_5-15x56.jpg\" class=\"attachment-large size-large\" alt=\"Dessin DDoptics V4 2,5-10x56 NFX\" srcset=\"https:\/\/ddoptics.shop\/wp-content\/uploads\/2019\/10\/technische-Zeichnung-DDoptics-2_5-15x56.jpg 800w, https:\/\/ddoptics.shop\/wp-content\/uploads\/2019\/10\/technische-Zeichnung-DDoptics-2_5-15x56-304x204.jpg 304w, https:\/\/ddoptics.shop\/wp-content\/uploads\/2019\/10\/technische-Zeichnung-DDoptics-2_5-15x56-305x205.jpg 305w, https:\/\/ddoptics.shop\/wp-content\/uploads\/2019\/10\/technische-Zeichnung-DDoptics-2_5-15x56-632x424.jpg 632w, https:\/\/ddoptics.shop\/wp-content\/uploads\/2019\/10\/technische-Zeichnung-DDoptics-2_5-15x56-510x342.jpg 510w, https:\/\/ddoptics.shop\/wp-content\/uploads\/2019\/10\/technische-Zeichnung-DDoptics-2_5-15x56-250x168.jpg 250w\" sizes=\"(max-width: 800px) 100vw, 800px\" title=\"\">\t\t\t\t\t\t\n\t\t\t\t\t<\/div>\n\t\t\t\t\t\t\t\t\n<style>\n#image_1486205469 {\n  width: 100%;\n}\n<\/style>\n\t<\/div>\n\t\n<h2>Parfait pour la chasse et le tir sportif<\/h2>\n<p>Le site <strong>DDoptics Lunette de vis\u00e9e V4 2,5-10\u00d756 NFX<\/strong> ne convainc pas seulement par son apparence, mais aussi par sa robustesse. La finition de haute qualit\u00e9 et les tourelles m\u00e9talliques durables garantissent des performances fiables, m\u00eame dans les conditions les plus exigeantes. Que ce soit \u00e0 la chasse ou au stand de tir, cette lunette de vis\u00e9e est un compagnon fiable.<\/p>\n<h3>Pourquoi les DDoptics V4 2,5-10\u00d756 NFX valent-elles la peine ?<\/h3>\n<ul>\n<li><strong>Des performances cr\u00e9pusculaires au top :<\/strong> La combinaison d'un grand objectif et d'un traitement de haute qualit\u00e9 assure une vision claire, m\u00eame en cas de faible luminosit\u00e9.<\/li>\n<li><strong>La plus haute pr\u00e9cision :<\/strong> Gr\u00e2ce au MRAD et au r\u00e9ticule 4, vous atteignez votre cible avec pr\u00e9cision.<\/li>\n<li><strong>Polyvalent :<\/strong> Id\u00e9al pour la chasse \u00e0 l'aff\u00fbt, la traque ou le tir sportif gr\u00e2ce \u00e0 un zoom flexible et un grand champ de vision.<\/li>\n<li><strong>Facile \u00e0 utiliser :<\/strong> Une utilisation intuitive et des fonctions confortables comme la compensation de parallaxe font de l'utilisation un plaisir.<\/li>\n<\/ul>\n<h2>Notre conclusion : la pr\u00e9cision rencontre la qualit\u00e9<\/h2>\n<p>Le site <strong>DDoptics Lunette de vis\u00e9e V4 2,5-10\u00d756 NFX<\/strong> avec <strong>MRAD<\/strong> et <strong>R\u00e9ticule 4<\/strong> est un must pour tous ceux qui accordent de l'importance \u00e0 la qualit\u00e9 et \u00e0 la performance. Elle combine une technologie innovante avec une manipulation pratique et offre une optique imbattable pour la chasse et le sport. Laissez-vous convaincre par cette lunette de vis\u00e9e et d\u00e9couvrez la pr\u00e9cision \u00e0 un nouveau niveau.<\/p>","protected":false},"excerpt":{"rendered":"<p><img decoding=\"async\" class=\"alignnone wp-image-10168 size-full\" title=\"Chasse au sanglier\" src=\"https:\/\/ddoptics.shop\/wp-content\/uploads\/2016\/09\/Jagd-klein.jpg\" alt=\"Jumelles de chasse\" width=\"50\" height=\"50\" \/><img decoding=\"async\" class=\"alignnone wp-image-10166 size-full\" title=\"Chasse de nuit\" src=\"https:\/\/ddoptics.shop\/wp-content\/uploads\/2016\/09\/Astronomie-klein.jpg\" alt=\"Jumelles d&#039;astronomie\" width=\"50\" height=\"50\" \/><a href=\"https:\/\/ddoptics.shop\/wp-content\/uploads\/2016\/04\/Ansitz-Jagd.jpg\"><img decoding=\"async\" class=\"alignnone wp-image-10471 size-full\" title=\"Chasse \u00e0 l&#039;approche\" src=\"https:\/\/ddoptics.shop\/wp-content\/uploads\/2016\/04\/Ansitz-Jagd.jpg\" alt=\"Chasse \u00e0 l&#039;approche\" width=\"50\" height=\"50\" \/><\/a><br \/>\nPuissant \u00e9clairage <strong>Version sp\u00e9ciale NFX<\/strong> avec un champ de vision grand angle. La ZF 2,5-10\u00d756 NFX combine la luminosit\u00e9 actuelle des lunettes de vis\u00e9e Gen 3 avec les nouvelles caract\u00e9ristiques de l'oculaire NFX. Profitez de performances encore jamais vues<strong> Caract\u00e9ristiques de performance<\/strong> de l'IXN.<\/p>\n<p><strong>En option avec le syst\u00e8me intelligent <a title=\"NOUVEAU point lumineux IFiber de DDoptics\" href=\"\/fr\/wiki-sur-les-mots-techniques\/point-lumineux-intelligent-ddoptics-ifiber\/\" target=\"_blank\" rel=\"noopener noreferrer\">IFiber Point lumineux<\/a> pour seulement \u20ac99,- de suppl\u00e9ment.<\/strong><\/p>\n<a href=\"https:\/\/amzn.to\/3AJ8qF5\" target=\"_blank\" class=\"button success is-success is-small\" rel=\"\u201dnofollow\u201d noopener\" >\n\t\t<span>client amazon ? - profiter des avantages prime ?<\/span>\n\t<\/a>","protected":false},"featured_media":18838,"comment_status":"open","ping_status":"closed","template":"","meta":{"inline_featured_image":false,"footnotes":""},"product_brand":[],"product_cat":[477,454,949,638,697,917,918,637,68],"product_tag":[165,78,696,935,79],"class_list":{"0":"post-18833","1":"product","2":"type-product","3":"status-publish","4":"has-post-thumbnail","6":"product_cat-25-10x56","7":"product_cat-56-mm-objektivdurchmesser","8":"product_cat-messeaktion","9":"product_cat-ansitzjagd","10":"product_cat-mrad-klickverstellung","11":"product_cat-nfx-zielfernrohre-weitwinkel-zf","12":"product_cat-v4-4fach-zoom","13":"product_cat-zf-anwendung","14":"product_cat-zielfernrohr","15":"product_tag-2-5-10x56","16":"product_tag-ddoptics","17":"product_tag-mrad","18":"product_tag-nfx-ddoptics","19":"product_tag-zielfernrohr","20":"product_shipping_class-paket","21":"pa_brand-marke-ddoptics","22":"pa_produkt-typ-zielfernrohr","24":"first","25":"instock","26":"sale","27":"taxable","28":"shipping-taxable","29":"purchasable","30":"product-type-bundle"},"bundled_by":[],"bundle_stock_status":"instock","bundle_stock_quantity":47,"bundle_virtual":false,"bundle_layout":"default","bundle_add_to_cart_form_location":"default","bundle_editable_in_cart":false,"bundle_sold_individually_context":"product","bundle_item_grouping":"parent","bundle_min_size":"","bundle_max_size":"","bundle_price":{"price":{"min":{"incl_tax":"849.01","excl_tax":"707.51"},"max":{"incl_tax":"953.32","excl_tax":"794.43"}},"regular_price":{"min":{"incl_tax":"1145.01","excl_tax":"954.18"},"max":{"incl_tax":"1260.9","excl_tax":"1050.75"}}},"bundled_items":[{"bundled_item_id":81,"product_id":12809,"menu_order":0,"quantity_min":1,"quantity_max":1,"quantity_default":1,"priced_individually":true,"shipped_individually":false,"override_title":true,"title":"","override_description":false,"description":"","optional":false,"hide_thumbnail":true,"discount":"","override_variations":true,"allowed_variations":[12810,12811],"override_default_variation_attributes":false,"default_variation_attributes":[],"single_product_visibility":"visible","cart_visibility":"visible","order_visibility":"visible","single_product_price_visibility":"visible","cart_price_visibility":"visible","order_price_visibility":"visible","stock_status":"in_stock"},{"bundled_item_id":82,"product_id":12812,"menu_order":1,"quantity_min":1,"quantity_max":1,"quantity_default":1,"priced_individually":true,"shipped_individually":false,"override_title":true,"title":"Presque un cadeau en plus - Flip Caps","override_description":false,"description":"","optional":true,"hide_thumbnail":false,"discount":"68.55","override_variations":true,"allowed_variations":[12816],"override_default_variation_attributes":true,"default_variation_attributes":[{"id":17,"name":"Taille de la lunette de vis\u00e9e","option":"25-10x56"}],"single_product_visibility":"visible","cart_visibility":"visible","order_visibility":"visible","single_product_price_visibility":"visible","cart_price_visibility":"visible","order_price_visibility":"visible","stock_status":"in_stock"}],"bundle_sell_ids":[],"_links":{"self":[{"href":"https:\/\/ddoptics.shop\/fr\/wp-json\/wp\/v2\/product\/18833","targetHints":{"allow":["GET"]}}],"collection":[{"href":"https:\/\/ddoptics.shop\/fr\/wp-json\/wp\/v2\/product"}],"about":[{"href":"https:\/\/ddoptics.shop\/fr\/wp-json\/wp\/v2\/types\/product"}],"replies":[{"embeddable":true,"href":"https:\/\/ddoptics.shop\/fr\/wp-json\/wp\/v2\/comments?post=18833"}],"version-history":[{"count":23,"href":"https:\/\/ddoptics.shop\/fr\/wp-json\/wp\/v2\/product\/18833\/revisions"}],"predecessor-version":[{"id":28258,"href":"https:\/\/ddoptics.shop\/fr\/wp-json\/wp\/v2\/product\/18833\/revisions\/28258"}],"wp:featuredmedia":[{"embeddable":true,"href":"https:\/\/ddoptics.shop\/fr\/wp-json\/wp\/v2\/media\/18838"}],"wp:attachment":[{"href":"https:\/\/ddoptics.shop\/fr\/wp-json\/wp\/v2\/media?parent=18833"}],"wp:term":[{"taxonomy":"product_brand","embeddable":true,"href":"https:\/\/ddoptics.shop\/fr\/wp-json\/wp\/v2\/product_brand?post=18833"},{"taxonomy":"product_cat","embeddable":true,"href":"https:\/\/ddoptics.shop\/fr\/wp-json\/wp\/v2\/product_cat?post=18833"},{"taxonomy":"product_tag","embeddable":true,"href":"https:\/\/ddoptics.shop\/fr\/wp-json\/wp\/v2\/product_tag?post=18833"}],"curies":[{"name":"wp","href":"https:\/\/api.w.org\/{rel}","templated":true}]}}