{"id":1912,"date":"2019-05-25T15:27:14","date_gmt":"2019-05-25T13:27:14","guid":{"rendered":"https:\/\/beta.optik-sport-shop.at\/kaufen\/spektiv-ddoptics-pirschler-15-45x60-g\/"},"modified":"2025-10-03T12:52:20","modified_gmt":"2025-10-03T10:52:20","slug":"longue-vue-ddoptics-pirschler-15-45x60-g","status":"publish","type":"product","link":"https:\/\/ddoptics.shop\/fr\/kaufen\/spektiv-ddoptics-pirschler-15-45x60-g\/","title":{"rendered":"Longue-vue DDoptics Pirschler HDX 15-45\u00d760 G - Vue droite"},"content":{"rendered":"<div class=\"row\"  id=\"row-956113239\">\n\n\t<div id=\"col-129879401\" class=\"col medium-8 small-12 large-8\"  >\n\t\t\t\t<div class=\"col-inner\"  >\n\t\t\t\n\t\t\t\n<h2>DDoptics Pirschler T\u00e9lescope 15-45\u00d760 G avec vis\u00e9e droite<\/h2>\n<p>D\u00e9couvrez avec le nouveau <strong>DDoptics Pirschler T\u00e9lescope 15-45\u00d760 G (vision droite)<\/strong> un <strong>appareil professionnel, l\u00e9ger et d'un prix int\u00e9ressant<\/strong> pour <strong>A l'aff\u00fbt au cr\u00e9puscule, \u00e0 la chasse en montagne, \u00e0 l'approche, et aux randonn\u00e9es.<\/strong><\/p>\n<p>Les quelque <strong>forme plus compacte et plus courte de la longue-vue de 60 mm<\/strong> avec une vue droite est <strong>convient parfaitement \u00e0 une utilisation mobile<\/strong> et pour les objets d'observation situ\u00e9s en hauteur. Cette longue-vue est \u00e9galement parfaitement adapt\u00e9e aux exigences de la chasse classique.<\/p>\n<p>Le site <strong>La version \"G\" de l'oculaire droit est particuli\u00e8rement adapt\u00e9e \u00e0 l'observation d'objets situ\u00e9s en hauteur.<\/strong><\/p>\n<h3>ELR - Multicoating (extra low reflection)- Traitement FMC<\/h3>\n<p>Tous les <strong>Surfaces verre-air<\/strong> sont<strong> multicouche durci<\/strong> et garantissent ainsi un maximum de contraste, de nettet\u00e9 et de luminosit\u00e9. La brillance des couleurs de cette longue-vue est exceptionnelle et la luminosit\u00e9 de l'image est \u00e9galement tr\u00e8s \u00e9lev\u00e9e. <strong>ne pas faire de concessions par rapport \u00e0 son \"grand fr\u00e8re\".<\/strong>.<\/p>\n<p>Ils vivent <strong>garantit une image claire et contrast\u00e9e, m\u00eame dans des conditions de faible \u00e9clairage et au cr\u00e9puscule<\/strong>. M\u00eame avec un grossissement de 45 fois, votre Pirschler fournit une image de qualit\u00e9.<strong> une image d'une grande nettet\u00e9.<\/strong><\/p>\n\t\t<\/div>\n\t\t\t\t\n<style>\n#col-129879401 > .col-inner {\n  margin: 0px 0px -30px 0px;\n}\n<\/style>\n\t<\/div>\n\n\t\n\n\t<div id=\"col-662321611\" class=\"col medium-4 small-12 large-4\"  >\n\t\t\t\t<div class=\"col-inner\"  >\n\t\t\t\n\t\t\t\n\t<div class=\"img has-hover x md-x lg-x y md-y lg-y\" id=\"image_696675669\">\n\t\t\t\t\t\t\t\t<div class=\"img-inner dark\" >\n\t\t\t\t\t\t\t\t\t\n\t\t\t\t\t<\/div>\n\t\t\t\t\t\t\t\t\n<style>\n#image_696675669 {\n  width: 100%;\n}\n<\/style>\n\t<\/div>\n\t\n\t<div class=\"img has-hover x md-x lg-x y md-y lg-y\" id=\"image_1814940843\">\n\t\t<a class=\"\" href=\"https:\/\/www.shop.ddoptics.de\/garantiebestimmungen\" target=\"_blank\" rel=\"noopener\">\t\t\t\t\t\t<div class=\"img-inner dark\" >\n\t\t\t<img decoding=\"async\" width=\"352\" height=\"160\" src=\"https:\/\/ddoptics.shop\/wp-content\/uploads\/2014\/09\/DDoptics-Garantie.jpg\" class=\"attachment-large size-large\" alt=\"Garantie DDoptics\" srcset=\"https:\/\/ddoptics.shop\/wp-content\/uploads\/2014\/09\/DDoptics-Garantie.jpg 352w, https:\/\/ddoptics.shop\/wp-content\/uploads\/2014\/09\/DDoptics-Garantie-304x138.jpg 304w, https:\/\/ddoptics.shop\/wp-content\/uploads\/2014\/09\/DDoptics-Garantie-305x139.jpg 305w, https:\/\/ddoptics.shop\/wp-content\/uploads\/2014\/09\/DDoptics-Garantie-250x114.jpg 250w\" sizes=\"(max-width: 352px) 100vw, 352px\" title=\"\">\t\t\t\t\t\t\n\t\t\t\t\t<\/div>\n\t\t\t\t\t\t<\/a>\t\t\n<style>\n#image_1814940843 {\n  width: 100%;\n}\n<\/style>\n\t<\/div>\n\t\n<h3>DDoptics Pirschler Spektiv Facts<\/h3>\n\n\t\t<div class=\"icon-box featured-box icon-box-left text-left\"  >\n\t\t\t\t\t<div class=\"icon-box-img\" style=\"width: 32px\">\n\t\t\t\t<div class=\"icon\">\n\t\t\t\t\t<div class=\"icon-inner\" >\n\t\t\t\t\t\t<img decoding=\"async\" width=\"97\" height=\"78\" src=\"https:\/\/ddoptics.shop\/wp-content\/uploads\/2022\/02\/HDS-Spektiv.webp\" class=\"attachment-medium size-medium\" alt=\"HDS Longue-vue 9-27x56\" title=\"\">\t\t\t\t\t<\/div>\n\t\t\t\t<\/div>\n\t\t\t<\/div>\n\t\t\t\t<div class=\"icon-box-text last-reset\">\n\t\t\t\t\t\t\t\t\t\n<p>grande unit\u00e9 de mise au point<\/p>\n\t\t<\/div>\n\t<\/div>\n\t\n\t\n\n\t\t<div class=\"icon-box featured-box icon-box-left text-left\"  >\n\t\t\t\t\t<div class=\"icon-box-img\" style=\"width: 32px\">\n\t\t\t\t<div class=\"icon\">\n\t\t\t\t\t<div class=\"icon-inner\" >\n\t\t\t\t\t\t<img decoding=\"async\" width=\"97\" height=\"78\" src=\"https:\/\/ddoptics.shop\/wp-content\/uploads\/2022\/02\/HDS-Spektiv.webp\" class=\"attachment-medium size-medium\" alt=\"HDS Longue-vue 9-27x56\" title=\"\">\t\t\t\t\t<\/div>\n\t\t\t\t<\/div>\n\t\t\t<\/div>\n\t\t\t\t<div class=\"icon-box-text last-reset\">\n\t\t\t\t\t\t\t\t\t\n<p>Imperm\u00e9able \u00e0 l'eau<\/p>\n\t\t<\/div>\n\t<\/div>\n\t\n\t\n\n\t\t<div class=\"icon-box featured-box icon-box-left text-left\"  >\n\t\t\t\t\t<div class=\"icon-box-img\" style=\"width: 32px\">\n\t\t\t\t<div class=\"icon\">\n\t\t\t\t\t<div class=\"icon-inner\" >\n\t\t\t\t\t\t<img decoding=\"async\" width=\"97\" height=\"78\" src=\"https:\/\/ddoptics.shop\/wp-content\/uploads\/2022\/02\/HDS-Spektiv.webp\" class=\"attachment-medium size-medium\" alt=\"HDS Longue-vue 9-27x56\" title=\"\">\t\t\t\t\t<\/div>\n\t\t\t\t<\/div>\n\t\t\t<\/div>\n\t\t\t\t<div class=\"icon-box-text last-reset\">\n\t\t\t\t\t\t\t\t\t\n<p>grand champ de vision<\/p>\n\t\t<\/div>\n\t<\/div>\n\t\n\t\n\n\t\t<div class=\"icon-box featured-box icon-box-left text-left\"  >\n\t\t\t\t\t<div class=\"icon-box-img\" style=\"width: 32px\">\n\t\t\t\t<div class=\"icon\">\n\t\t\t\t\t<div class=\"icon-inner\" >\n\t\t\t\t\t\t<img decoding=\"async\" width=\"97\" height=\"78\" src=\"https:\/\/ddoptics.shop\/wp-content\/uploads\/2022\/02\/HDS-Spektiv.webp\" class=\"attachment-medium size-medium\" alt=\"HDS Longue-vue 9-27x56\" title=\"\">\t\t\t\t\t<\/div>\n\t\t\t\t<\/div>\n\t\t\t<\/div>\n\t\t\t\t<div class=\"icon-box-text last-reset\">\n\t\t\t\t\t\t\t\t\t\n<p>tr\u00e8s haute r\u00e9solution<\/p>\n\t\t<\/div>\n\t<\/div>\n\t\n\t\n\n\t\t<div class=\"icon-box featured-box icon-box-left text-left\"  >\n\t\t\t\t\t<div class=\"icon-box-img\" style=\"width: 32px\">\n\t\t\t\t<div class=\"icon\">\n\t\t\t\t\t<div class=\"icon-inner\" >\n\t\t\t\t\t\t<img decoding=\"async\" width=\"97\" height=\"78\" src=\"https:\/\/ddoptics.shop\/wp-content\/uploads\/2022\/02\/HDS-Spektiv.webp\" class=\"attachment-medium size-medium\" alt=\"HDS Longue-vue 9-27x56\" title=\"\">\t\t\t\t\t<\/div>\n\t\t\t\t<\/div>\n\t\t\t<\/div>\n\t\t\t\t<div class=\"icon-box-text last-reset\">\n\t\t\t\t\t\t\t\t\t\n<p>image incroyablement bonne pour cette cat\u00e9gorie de prix<\/p>\n\t\t<\/div>\n\t<\/div>\n\t\n\t\n<div class=\"is-divider divider clearfix\" ><\/div>\n\t\t<\/div>\n\t\t\t\t\t<\/div>\n\n\t\n<\/div>\n<p>La longue-vue est <strong>remplie de nitrog\u00e8nes et \u00e9tanche.<\/strong> C'est une garantie contre la formation de bu\u00e9e en cas d'humidit\u00e9 et de brusques changements de temp\u00e9rature. Le tube extr\u00eamement l\u00e9ger pour un maximum de robustesse et de mobilit\u00e9. Le site <strong>armature en caoutchouc antid\u00e9rapante<\/strong> assure une bonne prise en main et un maintien s\u00fbr.<\/p>\n<h3>Unit\u00e9 de mise au point<\/h3>\n<p>Le site <strong>L'unit\u00e9 de mise au point se compose d'une molette de r\u00e9glage de 4 cm de diam\u00e8tre<\/strong>Il peut \u00eatre utilis\u00e9 confortablement m\u00eame avec des gants. Avec le Pirschler 16-45\u00d760 G, les observations sont d\u00e9j\u00e0 possibles \u00e0 une distance de 6 m, ce qui s'av\u00e8re particuli\u00e8rement avantageux pour l'observation des nids, l'observation des insectes ou sur le stand de tir.<\/p>\n<h3>Recommandations d'utilisation de la longue-vue<\/h3>\n<p>Les exemples typiques d'utilisation sont le chamois sur le versant de la montagne ou l'oiseau dans l'arbre. Les longues-vues Pirschler 60mm, compactes et l\u00e9g\u00e8res, sont faciles \u00e0 utiliser. <strong>confortable dans le sac \u00e0 dos<\/strong> et l'emporter facilement \u00e0 l'endroit souhait\u00e9.<\/p>\n<p>Avec le <strong>la version plus compacte avec un objectif de 60 mm est plus adapt\u00e9e \u00e0 une utilisation mobile dans les champs et les for\u00eats ou en montagne.<\/strong> que son homologue plus grand et plus encombrant dans la version 80 mm.<\/p>\n<p><strong>Avec cette longue-vue, DDoptics a vraiment r\u00e9ussi \u00e0 offrir \u00e0 ses clients une longue-vue professionnelle, l\u00e9g\u00e8re et bon march\u00e9.<\/strong><\/p>","protected":false},"excerpt":{"rendered":"<p>Une longue-vue polyvalente professionnelle, l\u00e9g\u00e8re et int\u00e9ressante en termes de prix, avec une vision droite. Pour l'approche au cr\u00e9puscule, la chasse en montagne, la chasse \u00e0 l'approche, l'astronomie et l'observation des oiseaux.<\/p>","protected":false},"featured_media":14359,"comment_status":"open","ping_status":"closed","template":"","meta":{"inline_featured_image":false,"footnotes":""},"product_brand":[],"product_cat":[472,467,643,644,71,646],"product_tag":[853,78,155,83],"class_list":{"0":"post-1912","1":"product","2":"type-product","3":"status-publish","4":"has-post-thumbnail","6":"product_cat-60-mm","7":"product_cat-geradeeinblick","8":"product_cat-jagd","9":"product_cat-outdoor-wandern","10":"product_cat-spektiv","11":"product_cat-ornithologie-vogelbeobachtung","12":"product_tag-15-45x60","13":"product_tag-ddoptics","14":"product_tag-geradeeinblick","15":"product_tag-spektiv","16":"product_shipping_class-paket","17":"pa_brand-marke-ddoptics","18":"pa_farbe-gruen","19":"pa_okulartype-15-45x","20":"pa_produkt-typ-spektiv","22":"first","23":"instock","24":"taxable","25":"shipping-taxable","26":"purchasable","27":"product-type-simple"},"bundled_by":[],"bundle_stock_status":"instock","bundle_stock_quantity":null,"bundle_virtual":false,"bundle_layout":"","bundle_add_to_cart_form_location":"","bundle_editable_in_cart":false,"bundle_sold_individually_context":"","bundle_item_grouping":"","bundle_min_size":"","bundle_max_size":"","bundle_price":[],"bundled_items":[],"bundle_sell_ids":[],"_links":{"self":[{"href":"https:\/\/ddoptics.shop\/fr\/wp-json\/wp\/v2\/product\/1912","targetHints":{"allow":["GET"]}}],"collection":[{"href":"https:\/\/ddoptics.shop\/fr\/wp-json\/wp\/v2\/product"}],"about":[{"href":"https:\/\/ddoptics.shop\/fr\/wp-json\/wp\/v2\/types\/product"}],"replies":[{"embeddable":true,"href":"https:\/\/ddoptics.shop\/fr\/wp-json\/wp\/v2\/comments?post=1912"}],"version-history":[{"count":7,"href":"https:\/\/ddoptics.shop\/fr\/wp-json\/wp\/v2\/product\/1912\/revisions"}],"predecessor-version":[{"id":29119,"href":"https:\/\/ddoptics.shop\/fr\/wp-json\/wp\/v2\/product\/1912\/revisions\/29119"}],"wp:featuredmedia":[{"embeddable":true,"href":"https:\/\/ddoptics.shop\/fr\/wp-json\/wp\/v2\/media\/14359"}],"wp:attachment":[{"href":"https:\/\/ddoptics.shop\/fr\/wp-json\/wp\/v2\/media?parent=1912"}],"wp:term":[{"taxonomy":"product_brand","embeddable":true,"href":"https:\/\/ddoptics.shop\/fr\/wp-json\/wp\/v2\/product_brand?post=1912"},{"taxonomy":"product_cat","embeddable":true,"href":"https:\/\/ddoptics.shop\/fr\/wp-json\/wp\/v2\/product_cat?post=1912"},{"taxonomy":"product_tag","embeddable":true,"href":"https:\/\/ddoptics.shop\/fr\/wp-json\/wp\/v2\/product_tag?post=1912"}],"curies":[{"name":"wp","href":"https:\/\/api.w.org\/{rel}","templated":true}]}}