{"id":1958,"date":"2016-04-16T14:08:48","date_gmt":"2016-04-16T12:08:48","guid":{"rendered":"https:\/\/beta.optik-sport-shop.at\/kaufen\/ddoptics-fernglas-ultralight-10x34\/"},"modified":"2025-10-06T14:02:00","modified_gmt":"2025-10-06T12:02:00","slug":"ddoptics-jumelles-ultralight-10x34","status":"publish","type":"product","link":"https:\/\/ddoptics.shop\/fr\/kaufen\/ddoptics-fernglas-ultralight-10x34\/","title":{"rendered":"DDoptics Jumelles Ultralight 10\u00d734"},"content":{"rendered":"<div class=\"row\"  id=\"row-1922398578\">\n\n\t<div id=\"col-502567325\" class=\"col medium-8 small-12 large-8\"  >\n\t\t\t\t<div class=\"col-inner\"  >\n\t\t\t\n\t\t\t\n<h2>DDoptics Jumelles Ultralight 10\u00d734<\/h2>\n<p>Les jumelles d'approche et d'observation universelles de DDoptics. Un <strong>jumelles compactes 10x <\/strong>avec <strong>des performances d'image impressionnantes<\/strong> \u00e0 un <strong>prix plus qu'\u00e9tonnant<\/strong>. Avec ce <strong>jumelles tr\u00e8s l\u00e9g\u00e8res et compactes<\/strong> la soci\u00e9t\u00e9 DDoptics compl\u00e8te son offre dans la cat\u00e9gorie \"une paire de jumelles pour TOUS\" avec la s\u00e9rie Ultralight.<\/p>\n<p>Le site\u00a0<strong>Jumelles DDoptics Ultralight avec grossissement 10x<\/strong> vous offre pour 149 \u20ac une optique l\u00e9g\u00e8re et \u00e9tanche, ainsi qu'un m\u00e9canisme qui fonctionne proprement.<\/p>\n<p>L\u00e9ger, petit, maniable, <strong>\u00e9tanche et performant<\/strong> ce sont des jumelles de randonn\u00e9e universelles. De plus, ces petites jumelles sont tout simplement belles. Son pont ouvert invite la main \u00e0 enserrer fermement le tube des jumelles et offre ainsi une bonne prise en main et du confort.<\/p>\n<p>Le site <strong>Traitement des verres optiques<\/strong> assure une image claire et agr\u00e9able, et lorsque l'on n'a pas besoin des jumelles, elles disparaissent rapidement dans la poche de la veste. Le faible poids d'\u00e0 peine <strong>400g de jumelles Ultralight<\/strong> ne d\u00e9range \u00e0 aucun moment.<\/p>\n<h3>Optimal pour les vacances en plein air<\/h3>\n<p>Que ce soit dans le <strong>Montagne ou plage<\/strong>Que ce soit par moins 15 degr\u00e9s ou par moins 45 degr\u00e9s dans le d\u00e9sert, les jumelles Ultralight remplies d'azote sont pr\u00eates \u00e0 tout - et \u00e0 fournir une bonne image. Jusqu'au cr\u00e9puscule, elles vous aident \u00e0 voir le ciel. <strong>reconna\u00eetre la bonne voie<\/strong> ou vous montre o\u00f9 se cache l'une ou l'autre petite surprise.<\/p>\n\t\t<\/div>\n\t\t\t\t\n<style>\n#col-502567325 > .col-inner {\n  margin: 0px 0px -30px 0px;\n}\n<\/style>\n\t<\/div>\n\n\t\n\n\t<div id=\"col-623692491\" class=\"col medium-4 small-12 large-4\"  >\n\t\t\t\t<div class=\"col-inner\"  >\n\t\t\t\n\t\t\t\n\t<div class=\"img has-hover x md-x lg-x y md-y lg-y\" id=\"image_418978630\">\n\t\t\t\t\t\t\t\t<div class=\"img-inner dark\" >\n\t\t\t\t\t\t\t\t\t\n\t\t\t\t\t<\/div>\n\t\t\t\t\t\t\t\t\n<style>\n#image_418978630 {\n  width: 100%;\n}\n<\/style>\n\t<\/div>\n\t\n\t<div class=\"img has-hover x md-x lg-x y md-y lg-y\" id=\"image_1884131328\">\n\t\t<a class=\"\" href=\"https:\/\/www.shop.ddoptics.de\/garantiebestimmungen\" target=\"_blank\" rel=\"noopener\">\t\t\t\t\t\t<div class=\"img-inner dark\" >\n\t\t\t<img decoding=\"async\" width=\"352\" height=\"160\" src=\"https:\/\/ddoptics.shop\/wp-content\/uploads\/2014\/09\/DDoptics-Garantie.jpg\" class=\"attachment-large size-large\" alt=\"Garantie DDoptics\" srcset=\"https:\/\/ddoptics.shop\/wp-content\/uploads\/2014\/09\/DDoptics-Garantie.jpg 352w, https:\/\/ddoptics.shop\/wp-content\/uploads\/2014\/09\/DDoptics-Garantie-304x138.jpg 304w, https:\/\/ddoptics.shop\/wp-content\/uploads\/2014\/09\/DDoptics-Garantie-305x139.jpg 305w, https:\/\/ddoptics.shop\/wp-content\/uploads\/2014\/09\/DDoptics-Garantie-250x114.jpg 250w\" sizes=\"(max-width: 352px) 100vw, 352px\" title=\"\">\t\t\t\t\t\t\n\t\t\t\t\t<\/div>\n\t\t\t\t\t\t<\/a>\t\t\n<style>\n#image_1884131328 {\n  width: 100%;\n}\n<\/style>\n\t<\/div>\n\t\n<h3>DDoptics Jumelles Facts<\/h3>\n\n\t\t<div class=\"icon-box featured-box icon-box-left text-left\"  >\n\t\t\t\t\t<div class=\"icon-box-img\" style=\"width: 32px\">\n\t\t\t\t<div class=\"icon\">\n\t\t\t\t\t<div class=\"icon-inner\" >\n\t\t\t\t\t\t<img decoding=\"async\" width=\"100\" height=\"83\" src=\"https:\/\/ddoptics.shop\/wp-content\/uploads\/2021\/05\/DDoptics-SHG-Icon.jpg\" class=\"attachment-medium size-medium\" alt=\"DDoptics SHG Jumelles Icon\" title=\"\">\t\t\t\t\t<\/div>\n\t\t\t\t<\/div>\n\t\t\t<\/div>\n\t\t\t\t<div class=\"icon-box-text last-reset\">\n\t\t\t\t\t\t\t\t\t\n<p>\u2705 Poids le plus faible<\/p>\n\t\t<\/div>\n\t<\/div>\n\t\n\t\n\n\t\t<div class=\"icon-box featured-box icon-box-left text-left\"  >\n\t\t\t\t\t<div class=\"icon-box-img\" style=\"width: 32px\">\n\t\t\t\t<div class=\"icon\">\n\t\t\t\t\t<div class=\"icon-inner\" >\n\t\t\t\t\t\t<img decoding=\"async\" width=\"100\" height=\"83\" src=\"https:\/\/ddoptics.shop\/wp-content\/uploads\/2021\/05\/DDoptics-SHG-Icon.jpg\" class=\"attachment-medium size-medium\" alt=\"DDoptics SHG Jumelles Icon\" title=\"\">\t\t\t\t\t<\/div>\n\t\t\t\t<\/div>\n\t\t\t<\/div>\n\t\t\t\t<div class=\"icon-box-text last-reset\">\n\t\t\t\t\t\t\t\t\t\n<p>\u2705 Pont ouvert<\/p>\n\t\t<\/div>\n\t<\/div>\n\t\n\t\n\n\t\t<div class=\"icon-box featured-box icon-box-left text-left\"  >\n\t\t\t\t\t<div class=\"icon-box-img\" style=\"width: 32px\">\n\t\t\t\t<div class=\"icon\">\n\t\t\t\t\t<div class=\"icon-inner\" >\n\t\t\t\t\t\t<img decoding=\"async\" width=\"100\" height=\"83\" src=\"https:\/\/ddoptics.shop\/wp-content\/uploads\/2021\/05\/DDoptics-SHG-Icon.jpg\" class=\"attachment-medium size-medium\" alt=\"DDoptics SHG Jumelles Icon\" title=\"\">\t\t\t\t\t<\/div>\n\t\t\t\t<\/div>\n\t\t\t<\/div>\n\t\t\t\t<div class=\"icon-box-text last-reset\">\n\t\t\t\t\t\t\t\t\t\n<p>\u2705 M\u00e9canisme r\u00e9glable avec pr\u00e9cision<\/p>\n\t\t<\/div>\n\t<\/div>\n\t\n\t\n\n\t\t<div class=\"icon-box featured-box icon-box-left text-left\"  >\n\t\t\t\t\t<div class=\"icon-box-img\" style=\"width: 32px\">\n\t\t\t\t<div class=\"icon\">\n\t\t\t\t\t<div class=\"icon-inner\" >\n\t\t\t\t\t\t<img decoding=\"async\" width=\"100\" height=\"83\" src=\"https:\/\/ddoptics.shop\/wp-content\/uploads\/2021\/05\/DDoptics-SHG-Icon.jpg\" class=\"attachment-medium size-medium\" alt=\"DDoptics SHG Jumelles Icon\" title=\"\">\t\t\t\t\t<\/div>\n\t\t\t\t<\/div>\n\t\t\t<\/div>\n\t\t\t\t<div class=\"icon-box-text last-reset\">\n\t\t\t\t\t\t\t\t\t\n<p>\u2705 \u0152illetons en m\u00e9tal<\/p>\n\t\t<\/div>\n\t<\/div>\n\t\n\t\n\n\t\t<div class=\"icon-box featured-box icon-box-left text-left\"  >\n\t\t\t\t\t<div class=\"icon-box-img\" style=\"width: 32px\">\n\t\t\t\t<div class=\"icon\">\n\t\t\t\t\t<div class=\"icon-inner\" >\n\t\t\t\t\t\t<img decoding=\"async\" width=\"100\" height=\"83\" src=\"https:\/\/ddoptics.shop\/wp-content\/uploads\/2021\/05\/DDoptics-SHG-Icon.jpg\" class=\"attachment-medium size-medium\" alt=\"DDoptics SHG Jumelles Icon\" title=\"\">\t\t\t\t\t<\/div>\n\t\t\t\t<\/div>\n\t\t\t<\/div>\n\t\t\t\t<div class=\"icon-box-text last-reset\">\n\t\t\t\t\t\t\t\t\t\n<p>\u2705 Prismes de Schmidt-Pechan + Bonne r\u00e9solution<\/p>\n\t\t<\/div>\n\t<\/div>\n\t\n\t\n\n\t\t<div class=\"icon-box featured-box icon-box-left text-left\"  >\n\t\t\t\t\t<div class=\"icon-box-img\" style=\"width: 32px\">\n\t\t\t\t<div class=\"icon\">\n\t\t\t\t\t<div class=\"icon-inner\" >\n\t\t\t\t\t\t<img decoding=\"async\" width=\"100\" height=\"83\" src=\"https:\/\/ddoptics.shop\/wp-content\/uploads\/2021\/05\/DDoptics-SHG-Icon.jpg\" class=\"attachment-medium size-medium\" alt=\"DDoptics SHG Jumelles Icon\" title=\"\">\t\t\t\t\t<\/div>\n\t\t\t\t<\/div>\n\t\t\t<\/div>\n\t\t\t\t<div class=\"icon-box-text last-reset\">\n\t\t\t\t\t\t\t\t\t\n<p>\u2705 \u00c9tanch\u00e9it\u00e9 \u00e0 l'eau et remplissage de nitrog\u00e8ne<\/p>\n\t\t<\/div>\n\t<\/div>\n\t\n\t\n<div class=\"is-divider divider clearfix\" ><\/div>\n\t\t<\/div>\n\t\t\t\t\t<\/div>\n\n\t\n<\/div>\n<h3>Un rapport qualit\u00e9-prix exceptionnel pour les jumelles 10\u00d734<\/h3>\n<p>Avec le<strong> Jumelles DDoptics Ultralight 10\u00d734<\/strong> DDoptics propose une optique qui fait en fait tout ce que l'on peut attendre d'un tel poids plume. Une <strong>le pont ouvert est plus important pour les jumelles<\/strong> de cette cat\u00e9gorie de prix.<\/p>\n<h3>Conception robuste pour une utilisation en ext\u00e9rieur dans des conditions difficiles<\/h3>\n<p>Le site<strong> Le bo\u00eetier des jumelles est en polycarbonate ultra-dur et incassable<\/strong> ont \u00e9t\u00e9 cr\u00e9\u00e9s. Des alliages m\u00e9talliques sont utilis\u00e9s \u00e0 tous les endroits critiques, comme les \u0153illetons ou le \"coude\".<\/p>\n<h3>M\u00e9canisme fin des jumelles<\/h3>\n<p>Le site <strong>La molette de mise au point tourne librement et sans jeu.<\/strong> Ni trop dur, ni trop mou. Lors du r\u00e9glage fin, gr\u00e2ce \u00e0 la <strong>m\u00e9canique fine, la mise au point<\/strong> de mani\u00e8re simple et cibl\u00e9e au \"point de mire\".<\/p>\n<p>Le site <strong>Dioptre,<\/strong> qui peut \u00eatre command\u00e9 sous l'oculaire droit, peut \u00eatre utilis\u00e9 <strong>propre et pr\u00e9cis<\/strong> r\u00e9gler les param\u00e8tres. Les oeilletons offrent quatre \"niveaux de grille\" clairs, ce qui permet \u00e0 la fois <strong>Porteurs de lunettes et non porteurs de lunettes<\/strong> le site <strong>la meilleure distance oculaire possible et la plus confortable<\/strong> peuvent \u00eatre r\u00e9gl\u00e9s.<\/p>\n<p>Le site <strong>Traitement des verres optiques<\/strong> assure une image claire et agr\u00e9able, et lorsque l'on n'a pas besoin des jumelles, elles disparaissent rapidement dans la poche de la veste. Le faible poids d'\u00e0 peine <strong>400g de jumelles Ultralight<\/strong> ne d\u00e9range \u00e0 aucun moment.<\/p>\n<h3>Optimal pour les vacances en plein air<\/h3>\n<p>Que ce soit dans le <strong>Montagne ou plage<\/strong>Que ce soit par moins 15 degr\u00e9s ou par moins 45 degr\u00e9s dans le d\u00e9sert, les jumelles Ultralight remplies d'azote sont pr\u00eates \u00e0 tout - et \u00e0 fournir une bonne image. Jusqu'au cr\u00e9puscule, elles vous aident \u00e0 voir le ciel. <strong>reconna\u00eetre la bonne voie<\/strong> ou vous montre o\u00f9 se cache l'une ou l'autre petite surprise.<\/p>","protected":false},"excerpt":{"rendered":"<p><img decoding=\"async\" class=\"alignnone wp-image-10180 size-full\" title=\"Randonn\u00e9e et trekking\" src=\"https:\/\/ddoptics.shop\/wp-content\/uploads\/2016\/04\/Bergwandern-klein.jpg\" alt=\"Jumelles de randonn\u00e9e en montagne\" width=\"50\" height=\"50\" \/><img decoding=\"async\" class=\"alignnone wp-image-10178 size-full\" title=\"Observations de la nature\" src=\"https:\/\/ddoptics.shop\/wp-content\/uploads\/2016\/04\/Gebirgsjagd-klein.jpg\" alt=\"Jumelles de chasse en montagne\" width=\"50\" height=\"50\" \/><br \/>\nNotre avis : Les<strong> DDoptics Jumelles R\u00e9volution - <\/strong>un<strong> Des jumelles pour TOUS \u00e0 un prix incroyable.<\/strong><\/p>","protected":false},"featured_media":1961,"comment_status":"open","ping_status":"closed","template":"","meta":{"inline_featured_image":false,"footnotes":""},"product_brand":[],"product_cat":[351,361,329,344,346],"product_tag":[153,160,78,954],"class_list":{"0":"post-1958","1":"product","2":"type-product","3":"status-publish","4":"has-post-thumbnail","6":"product_cat-10x-vergroesserung","7":"product_cat-34-mm-objektiv","8":"product_cat-ddoptics","9":"product_cat-naturbeobachtung","10":"product_cat-wandern-und-reisen","11":"product_tag-10-fach-vergroesserung","12":"product_tag-10x34","13":"product_tag-ddoptics","14":"product_tag-ultralight-10x34","15":"product_shipping_class-paket","16":"pa_brand-marke-ddoptics","17":"pa_farbe-schwarz","18":"pa_produkt-typ-fernglas","20":"first","21":"instock","22":"sale","23":"taxable","24":"shipping-taxable","25":"purchasable","26":"product-type-simple"},"bundled_by":[],"bundle_stock_status":"instock","bundle_stock_quantity":null,"bundle_virtual":false,"bundle_layout":"","bundle_add_to_cart_form_location":"","bundle_editable_in_cart":false,"bundle_sold_individually_context":"","bundle_item_grouping":"","bundle_min_size":"","bundle_max_size":"","bundle_price":[],"bundled_items":[],"bundle_sell_ids":[],"_links":{"self":[{"href":"https:\/\/ddoptics.shop\/fr\/wp-json\/wp\/v2\/product\/1958","targetHints":{"allow":["GET"]}}],"collection":[{"href":"https:\/\/ddoptics.shop\/fr\/wp-json\/wp\/v2\/product"}],"about":[{"href":"https:\/\/ddoptics.shop\/fr\/wp-json\/wp\/v2\/types\/product"}],"replies":[{"embeddable":true,"href":"https:\/\/ddoptics.shop\/fr\/wp-json\/wp\/v2\/comments?post=1958"}],"version-history":[{"count":7,"href":"https:\/\/ddoptics.shop\/fr\/wp-json\/wp\/v2\/product\/1958\/revisions"}],"predecessor-version":[{"id":29194,"href":"https:\/\/ddoptics.shop\/fr\/wp-json\/wp\/v2\/product\/1958\/revisions\/29194"}],"wp:featuredmedia":[{"embeddable":true,"href":"https:\/\/ddoptics.shop\/fr\/wp-json\/wp\/v2\/media\/1961"}],"wp:attachment":[{"href":"https:\/\/ddoptics.shop\/fr\/wp-json\/wp\/v2\/media?parent=1958"}],"wp:term":[{"taxonomy":"product_brand","embeddable":true,"href":"https:\/\/ddoptics.shop\/fr\/wp-json\/wp\/v2\/product_brand?post=1958"},{"taxonomy":"product_cat","embeddable":true,"href":"https:\/\/ddoptics.shop\/fr\/wp-json\/wp\/v2\/product_cat?post=1958"},{"taxonomy":"product_tag","embeddable":true,"href":"https:\/\/ddoptics.shop\/fr\/wp-json\/wp\/v2\/product_tag?post=1958"}],"curies":[{"name":"wp","href":"https:\/\/api.w.org\/{rel}","templated":true}]}}