{"id":1963,"date":"2016-04-16T14:25:40","date_gmt":"2016-04-16T12:25:40","guid":{"rendered":"https:\/\/beta.optik-sport-shop.at\/kaufen\/zielfernrohrddoptics-nachtfalke-5-30x50-gen-3-tactical-duplex-absehen\/"},"modified":"2024-06-12T10:46:37","modified_gmt":"2024-06-12T08:46:37","slug":"nighteagle-5-30x50-gen-3-tactical","status":"publish","type":"product","link":"https:\/\/ddoptics.shop\/fr\/kaufen\/nighteagle-5-30x50-gen-3-tactical\/","title":{"rendered":"DDoptics Nighteagle 5-30\u00d750 Lunette de vis\u00e9e tactique | V6 | Duplex | R\u00e9glage MOA - Gen 3"},"content":{"rendered":"[vc_row][vc_column][vc_text_separator title=&#8221;Kurz\u00fcberblick Zielfernrohr 5-30&#215;50&#8243; i_icon_fontawesome=&#8221;fa fa-info-circle&#8221; i_color=&#8221;black&#8221; color=&#8221;custom&#8221; add_icon=&#8221;true&#8221; accent_color=&#8221;#a86b0f&#8221;][\/vc_column][\/vc_row][vc_row][vc_column][vc_column_text]\n<table style=\"background-color: #cacaca;\">\n<tbody>\n<tr style=\"height: 24px;\">\n<td style=\"height: 24px; width: 20%; text-align: left;\"><strong>Tubus<\/strong><\/td>\n<td style=\"height: 24px; width: 30%; text-align: left;\">30 mm Mono Tube<\/td>\n<td style=\"height: 24px; width: 20%; text-align: left;\"><strong>Sichtfeld: m @100m<\/strong><\/td>\n<td style=\"height: 24px; width: 30%; text-align: left;\">12,4 &#8211; 4,5m<\/td>\n<\/tr>\n<tr style=\"height: 24px;\">\n<td style=\"height: 24px; width: 20%; text-align: left;\"><strong>Optisches System<\/strong><\/td>\n<td style=\"height: 24px; width: 30%; text-align: left;\">\u00a05-30- fach<\/td>\n<td style=\"height: 24px; width: 20%; text-align: left;\">\u00a0<strong>Augenabstand<\/strong><\/td>\n<td style=\"height: 24px; width: 30%; text-align: left;\">\u00a090,5 mm<\/td>\n<\/tr>\n<tr style=\"height: 24px;\">\n<td style=\"height: 24px; width: 20%; text-align: left;\"><strong>Objektiv<\/strong><\/td>\n<td style=\"height: 24px; width: 30%; text-align: left;\">\u00a050 mm<\/td>\n<td style=\"height: 24px; width: 20%; text-align: left;\">\u00a0<strong>L\u00e4nge<\/strong><\/td>\n<td style=\"height: 24px; width: 30%; text-align: left;\">\u00a0353 mm<\/td>\n<\/tr>\n<tr style=\"height: 24px;\">\n<td style=\"height: 24px; width: 20%; text-align: left;\"><strong>Absehen<\/strong><\/td>\n<td style=\"height: 24px; width: 30%; text-align: left;\">\u00a0Duplex<\/td>\n<td style=\"height: 24px; width: 20%; text-align: left;\">\u00a0<strong>Gewicht<\/strong><\/td>\n<td style=\"height: 24px; width: 30%; text-align: left;\">\u00a0795 g<\/td>\n<\/tr>\n<tr style=\"height: 24px;\">\n<td style=\"height: 24px; width: 20%; text-align: left;\"><strong>Leuchtpunkt<\/strong><\/td>\n<td style=\"height: 24px; width: 30%; text-align: left;\">\u00a0Standard oder iFiber<\/td>\n<td style=\"height: 24px; width: 20%; text-align: left;\">\u00a0<strong>Beschlagsschutz<\/strong><\/td>\n<td style=\"height: 24px; width: 30%; text-align: left;\">\u00a0Stickstofffu\u0308llung gegen Beschlag<\/td>\n<\/tr>\n<tr style=\"height: 24px;\">\n<td style=\"height: 24px; width: 20%; text-align: left;\"><strong>Fokus\/Parallaxe<\/strong><\/td>\n<td style=\"height: 24px; width: 30%; text-align: left;\">\u00a0Verstellbares\u00a0Objektiv 25\u00a0m bis unendlich<\/td>\n<td style=\"height: 24px; width: 20%; text-align: left;\">\u00a0<strong>Dichtheit<\/strong><\/td>\n<td style=\"height: 24px; width: 30%; text-align: left;\">\u00a0Wasser- und Sto\u00dffest<\/td>\n<\/tr>\n<\/tbody>\n<\/table>\n[\/vc_column_text][\/vc_column][\/vc_row][vc_row][vc_column width=&#8221;2\/3&#8243;][vc_column_text]\n<h2>Das 5-30&#215;50 V6 Nighteagle Tactical Zielfernrohr von DDoptics &#8211; ZF mit 6-fach Zoom, MOA Klickverstellung und Duplex Absehen &#8211; Gen 3<\/h2>\n<p>Das Nighteagle<strong>\u00a05-30&#215;50 Tactical Gen 3 Zielfernrohr<\/strong> mit Duplex Absehen ist eine Hochleistungsoptik mit <a href=\"https:\/\/ddoptics.shop\/shop\/zielfernrohr\/v6-6-fach-zoom\/\" target=\"_blank\" rel=\"noopener noreferrer\">6-fach Zoom<\/a> &#8211; ausgef\u00fchrt mit<strong> taktischen Absehenverstellt\u00fcrme<\/strong>. Sie wurde und wurde zusammen mit den weltweit <strong>besten Entwicklern<\/strong> in Japan entworfen.<\/p>\n<figure id=\"attachment_1968\" aria-describedby=\"caption-attachment-1968\" style=\"width: 250px\" class=\"wp-caption alignleft\"><a href=\"https:\/\/ddoptics.shop\/wp-content\/uploads\/2016\/04\/DDoptics-Duplex-Absehen.jpg\" rel=\"attachment wp-att-1968\"><img decoding=\"async\" class=\"wp-image-1968\" src=\"https:\/\/ddoptics.shop\/wp-content\/uploads\/2016\/04\/DDoptics-Duplex-Absehen-340x340.jpg\" alt=\"DDoptics Duplex Absehen\" width=\"250\" height=\"167\" title=\"\" srcset=\"https:\/\/ddoptics.shop\/wp-content\/uploads\/2016\/04\/DDoptics-Duplex-Absehen-304x203.jpg 304w, https:\/\/ddoptics.shop\/wp-content\/uploads\/2016\/04\/DDoptics-Duplex-Absehen-305x203.jpg 305w, https:\/\/ddoptics.shop\/wp-content\/uploads\/2016\/04\/DDoptics-Duplex-Absehen-510x340.jpg 510w, https:\/\/ddoptics.shop\/wp-content\/uploads\/2016\/04\/DDoptics-Duplex-Absehen-250x167.jpg 250w, https:\/\/ddoptics.shop\/wp-content\/uploads\/2016\/04\/DDoptics-Duplex-Absehen.jpg 600w\" sizes=\"(max-width: 250px) 100vw, 250px\" \/><\/a><figcaption id=\"caption-attachment-1968\" class=\"wp-caption-text\">DDoptics Duplex Absehen<\/figcaption><\/figure>\n<p><span class=\"userContent\">Zum ersten Mal wurde bei diesem ZF die neu <strong>entwickelte Glassorte CT Glas (Clear-Transmission)<\/strong> von DDoptics eingebaut. Zuk\u00fcnftig will DDoptics diese Glasqualit\u00e4t bei allen Gen.3 Zielfernrohre verbauen. CT-Glas bietet ein klareres Grund-wei\u00df und brilliert mit<strong> besseren Farbkontrasten, noch mehr Helligkeit<\/strong> und deutlich weniger Verlusten und chromatischen Aberrationen.<\/span><\/p>\n<p>Die <strong>stabile Tubuswandst\u00e4rke von 2mm<\/strong> liegt \u00fcber dem milit\u00e4rischen Standard. Die beiden Verstellt\u00fcrme bestehen aus einer <strong>Aluminiumlegierung &#8211; frei von jeglichen Kunstoffteilen<\/strong>. Alle Aluminiumteile sind mit der neuen <strong>DDoptics fine-black Eloxierbeschichtung<\/strong> versehen.<\/p>\n<p>Die genau definierte, pr\u00e4zise und hartg\u00e4ngige T- Klickverstellung bei den T\u00fcrmen garantiert absolute wiederkehrende Pr\u00e4zision.[\/vc_column_text][\/vc_column][vc_column width=&#8221;1\/3&#8243;][ultimate_info_table design_style=&#8221;design02&#8243; color_scheme=&#8221;blue&#8221; package_heading=&#8221;Besonderheiten DDoptics Zielfernrohr&#8221; heading_font_color=&#8221;#ffffff&#8221; features_font_color=&#8221;#1e73be&#8221; features_font_style=&#8221;font-style:italic;&#8221; features_font_size=&#8221;desktop:12px;&#8221;]\n<p style=\"text-align: left;\"><a href=\"https:\/\/www.ddoptics.de\/jagd_de\/content\/service\/unsere-produkte\/30-jahre-garantie\/\" target=\"_blank\" rel=\"nofollow noopener noreferrer\"><img decoding=\"async\" class=\"alignleft wp-image-9270 size-full\" title=\"Garantiebestimmungen lesen\" src=\"https:\/\/ddoptics.shop\/wp-content\/uploads\/2014\/09\/DDoptics-Garantie.jpg\" alt=\"DDoptics Garantie\" width=\"352\" height=\"160\" srcset=\"https:\/\/ddoptics.shop\/wp-content\/uploads\/2014\/09\/DDoptics-Garantie.jpg 352w, https:\/\/ddoptics.shop\/wp-content\/uploads\/2014\/09\/DDoptics-Garantie-304x138.jpg 304w, https:\/\/ddoptics.shop\/wp-content\/uploads\/2014\/09\/DDoptics-Garantie-305x139.jpg 305w, https:\/\/ddoptics.shop\/wp-content\/uploads\/2014\/09\/DDoptics-Garantie-250x114.jpg 250w\" sizes=\"(max-width: 352px) 100vw, 352px\" \/><\/a>\u21d2 MilDot oder Duplex Absehen<br \/>\n\u21d2 Zero Stop Ring \/ Nullanschlag bei Hohenverstellung<br \/>\n\u21d2 NEU: IFiber Leuchtpunkt optional<br \/>\n\u21d2 Gegenl. Skalen (Wind links- rechts)<br \/>\n\u21d2 30 Jahre DDoptics Garantie<br \/>\n\u21d2 Absehen 4: 2. Bildebene<br \/>\n\u21d2 Absolute Wiederkehrgenauigkeit<br \/>\n\u21d2 Extreme Lichttransmission bis 94,7%<br \/>\n\u21d2 Glasfaser Leuchtpunkt<br \/>\n\u21d2 Schussfesttest: <a href=\"https:\/\/de.wikipedia.org\/wiki\/.375_Holland_%26_Holland_Magnum\" target=\"_blank\" rel=\"noopener noreferrer\">375H&amp;H<\/a> 1000 Schuss<br \/>\n\u21d2 Spektivfunktion durch hohe Vergr\u00f6sserung<br \/>\n\u21d2 Stufenlos verstellbarer Parallaxenausgleich<br \/>\n\u21d2 Sehr weite Sch\u00fcsse m\u00f6glich<\/p>\n[\/ultimate_info_table][\/vc_column][\/vc_row][vc_row][vc_column][vc_text_separator title=&#8221;Technische Zeichnung Zielfernrohr 5-30&#215;50&#8243; color=&#8221;custom&#8221; accent_color=&#8221;#a86b0f&#8221;][\/vc_column][\/vc_row][vc_row][vc_column][vc_single_image image=&#8221;8612&#8243; img_size=&#8221;full&#8221;][\/vc_column][\/vc_row][vc_row][vc_column][vc_column_text]\n<h3>5-30&#215;50 Zielfernrohr Verstellt\u00fcrme &#8211; Schnellverstellung mit zweireihigen Skalen<\/h3>\n<p>Neuheit: Auf der <strong>H\u00f6henverstellung<\/strong> erm\u00f6glicht eine <strong>doppelte Skala<\/strong> die Anzahl der gemachten<strong> Klickverstellungen<\/strong> abzulesen und einzustellen.\u00a0 <strong>Nach dem Einschie\u00dfen<\/strong> kann die <strong>Absehenverstellung <\/strong>wieder einfach<strong> auf Null gestellt werden<\/strong>.<\/p>\n<p>Dazu l\u00f6st man einfach die Sicherung des Turmes mit einer M\u00fcnze oder einem Schraubendreher. Im Anschluss wird die <strong>Nulleinstellung<\/strong> mittels des <strong>Zerostop \/Nullanschlag<\/strong> von unten gekontert um einen Anschlag bei der Position Null zu erreichen.<\/p>\n<h3>Schnellverstellung mit gegenl\u00e4ufigen Skalierungen<\/h3>\n<p>Die <strong>Seitenverstellung <\/strong>ist mit zwei<strong> gegenl\u00e4ufigen Skalen<\/strong> beschriftet. Von der Einstellung Null ausgehend kann hier die <strong>Windrichtung und Windst\u00e4rke<\/strong>, oder eine eventuelle Bewegung des Ziels voreingestellt werden.<\/p>\n<figure id=\"attachment_1968\" aria-describedby=\"caption-attachment-1968\" style=\"width: 250px\" class=\"wp-caption alignright\"><a href=\"https:\/\/ddoptics.shop\/wp-content\/uploads\/2016\/04\/DDoptics-Duplex-Absehen.jpg\" rel=\"attachment wp-att-1968\"><img decoding=\"async\" class=\"wp-image-1968\" src=\"https:\/\/ddoptics.shop\/wp-content\/uploads\/2016\/04\/DDoptics-Duplex-Absehen-340x340.jpg\" alt=\"DDoptics Duplex Absehen\" width=\"250\" height=\"167\" title=\"\" srcset=\"https:\/\/ddoptics.shop\/wp-content\/uploads\/2016\/04\/DDoptics-Duplex-Absehen-304x203.jpg 304w, https:\/\/ddoptics.shop\/wp-content\/uploads\/2016\/04\/DDoptics-Duplex-Absehen-305x203.jpg 305w, https:\/\/ddoptics.shop\/wp-content\/uploads\/2016\/04\/DDoptics-Duplex-Absehen-510x340.jpg 510w, https:\/\/ddoptics.shop\/wp-content\/uploads\/2016\/04\/DDoptics-Duplex-Absehen-250x167.jpg 250w, https:\/\/ddoptics.shop\/wp-content\/uploads\/2016\/04\/DDoptics-Duplex-Absehen.jpg 600w\" sizes=\"(max-width: 250px) 100vw, 250px\" \/><\/a><figcaption id=\"caption-attachment-1968\" class=\"wp-caption-text\">DDoptics Duplex Absehen<\/figcaption><\/figure>\n<h3>Zielfernrohr mit Duplex Leuchtabsehen auf 2. Bildebene<\/h3>\n<p>Das Zielfernrohr <strong>Nighteagle 5-30&#215;50 Tactical<\/strong> Gen3 verf\u00fcgt \u00fcber ein, auf 10x Vergr\u00f6\u00dferung genormtes <strong>Mildotabsehen<\/strong>in der 2 Okularbildebene (2. Bildebene).<\/p>\n<p>Damit bleibt es beim Vergr\u00f6\u00dferungswechsel immer gleich gro\u00df. Selbst bei <strong>30x Vergr\u00f6\u00dferung verdeckt das Fadenkreuz das Ziel nur 3,91mm bei einer Schussdistanz von 100m<\/strong> und das <strong>Sehfeld<\/strong> betr\u00e4gt bei dieser Maximalvergr\u00f6\u00dferung immer noch 1,1m auf 100m.<\/p>\n<p><strong>Gesamtverstellbereich:<\/strong><\/p>\n<ul>\n<li>436 Klicks<\/li>\n<li>entspricht 54 MOA<\/li>\n<li>entspricht 27,25 MOA pro Seite<\/li>\n<\/ul>\n<h3>Optische Leistung des Zielfernrohrs<\/h3>\n<p>Die aufw\u00e4ndigen Verg\u00fctung l\u00e4sst <strong>keinerlei Reflexe<\/strong> <strong>oder Streulicht<\/strong> zu. Selbst bei <strong>30-facher Vergr\u00f6\u00dferung<\/strong> sehen Sie ein kontrastreiches und <strong>farbtreues Bild<\/strong> mit <strong>herausragenden Randsch\u00e4rfeeigenschaften<\/strong>.<\/p>\n<h3>Darstellbarkeit der Nahbereiche und Parallaxenausgleich<\/h3>\n<p>Der Nighteagle 5-30&#215;50 tactical ist bei 5x Vergr\u00f6\u00dferung ab 12m scharf, bei 30x Vergr\u00f6\u00dferung ab 25m.<\/p>\n<h3>Fein dimmbarer Leuchtpunkt mit Nachtsichtger\u00e4tebereich<\/h3>\n<p>Der <strong>Glasfaserleuchtpunkt<\/strong> beim Leuchtabsehen ist so klein gehalten, dass es nur zu einer geringstm\u00f6glichen Zielverdeckung kommt. Der Leuchtpunkt l\u00e4sst sich stufenlos um 100 Prozent dimmen, bis er mit dem menschlichen Auge nicht mehr wahrgenommen werden kann.<\/p>\n<p>Bei <strong>aktiviertem Leuchtpunkt<\/strong> wiederum st\u00f6ren weder l\u00e4stiges Leuchten oder gar Reflexionen innerhalb der Optik. Da die <strong>Leuchteinheit in Handarbeit produziert<\/strong> wird, k\u00f6nnen spezielle Kundenw\u00fcnsche individuell ber\u00fccksichtigt werden.<\/p>\n<h3>Robuste ZF Verarbeitung, einfache Montage<\/h3>\n<p>Die <strong>Stickstofff\u00fcllung<\/strong> des Nighteagle 5-30&#215;50 Tactical sorgt f\u00fcr <strong>Wasserdichtigkeit<\/strong> (0,3 kg\/Quadratzentimeter) und sch\u00fctzt gegen Innenbeschlag. <strong>Rauhester Einsatz<\/strong> kann dem Zielfernrohrtubus nichts anhaben, der aus Duraluminium (70 Prozent), Messing (20 Prozent) und Stahl (10 Prozent) gefertigt ist.<\/p>\n<p><strong>Wichtig:<\/strong> Die <strong>Sto\u00dffestigkeit<\/strong> liegt bei 1.000 G bzw. 6.500 Joule. Die Zieloptik bleibt auch bei <strong>extremen Temperaturen<\/strong> voll funktionsf\u00e4hig (+80 Grad Celsius bis min.-20 Grad Celsius).<\/p>\n<h3>Augenabstand und Dioptrieneinstellung beim Zielfernrohr Okular<\/h3>\n<p>Der <strong>Augenabstand<\/strong> betr\u00e4gt 89mm, womit der Einsatz mit st\u00e4rkeren Kalibern problemlos ist. F\u00fcr den gesamten Vergr\u00f6\u00dferungsbereich ist lediglich eine dreiviertel Umdrehung n\u00f6tig.[\/vc_column_text][\/vc_column][\/vc_row]\n","protected":false},"excerpt":{"rendered":"<p><img decoding=\"async\" class=\"alignnone wp-image-10180 size-full\" title=\"Chasse en montagne\" src=\"https:\/\/ddoptics.shop\/wp-content\/uploads\/2016\/04\/Bergwandern-klein.jpg\" alt=\"Jumelles de randonn\u00e9e en montagne\" width=\"50\" height=\"50\" \/><img decoding=\"async\" class=\"alignnone wp-image-10452 size-full\" title=\"Tir sportif\" src=\"https:\/\/ddoptics.shop\/wp-content\/uploads\/2016\/07\/Target-Schiessen.jpg\" alt=\"Tir sportif Target\" width=\"50\" height=\"50\" \/><br \/>\nLa nouvelle <strong>Optique de vis\u00e9e pour tireurs sportifs avec <strong>nouveau <\/strong><span style=\"color: #ff0000;\"><strong><span class=\"userContent\">Type de verre CT (Clear-Transmission) de DDoptics<\/span><\/strong><\/span>. En option avec le syst\u00e8me intelligent <a title=\"NOUVEAU point lumineux IFiber de DDoptics\" href=\"\/fr\/wiki-sur-les-mots-techniques\/point-lumineux-intelligent-ddoptics-ifiber\/\" target=\"_blank\" rel=\"noopener noreferrer\">IFiber Point lumineux<\/a> pour seulement \u20ac99,- de suppl\u00e9ment.<\/strong><\/p>\n<a href=\"https:\/\/amzn.to\/3PeOeim\" target=\"_blank\" class=\"button success is-success is-small\" rel=\"\u201dnofollow\u201d noopener\" >\n\t\t<span>client amazon ? - profiter des avantages prime ?<\/span>\n\t<\/a>","protected":false},"featured_media":25670,"comment_status":"open","ping_status":"closed","template":"","meta":{"inline_featured_image":false,"footnotes":""},"product_brand":[],"product_cat":[480,453,949,638,640,641,919,637,68],"product_tag":[587,78,161,80,79],"class_list":{"0":"post-1963","1":"product","2":"type-product","3":"status-publish","4":"has-post-thumbnail","6":"product_cat-5-30x50","7":"product_cat-50-mm-objektivdurchmesser","8":"product_cat-messeaktion","9":"product_cat-ansitzjagd","10":"product_cat-pirschjagd-und-gebirgsjagd","11":"product_cat-sportschiessen","12":"product_cat-v6-6-fach-zoom","13":"product_cat-zf-anwendung","14":"product_cat-zielfernrohr","15":"product_tag-5-30x50","16":"product_tag-ddoptics","17":"product_tag-duplex-absehen","18":"product_tag-gen-3","19":"product_tag-zielfernrohr","20":"product_shipping_class-paket","21":"pa_brand-marke-ddoptics","22":"pa_produkt-typ-zielfernrohr","24":"first","25":"outofstock","26":"sale","27":"taxable","28":"shipping-taxable","29":"purchasable","30":"product-type-bundle"},"bundled_by":[],"bundle_stock_status":"outofstock","bundle_stock_quantity":0,"bundle_virtual":false,"bundle_layout":"default","bundle_add_to_cart_form_location":"default","bundle_editable_in_cart":false,"bundle_sold_individually_context":"product","bundle_item_grouping":"parent","bundle_min_size":"","bundle_max_size":"","bundle_price":{"price":{"min":{"incl_tax":"1042.01","excl_tax":"868.34"},"max":{"incl_tax":"1146.32","excl_tax":"955.26"}},"regular_price":{"min":{"incl_tax":"1158.01","excl_tax":"965.01"},"max":{"incl_tax":"1273.9","excl_tax":"1061.58"}}},"bundled_items":[{"bundled_item_id":58,"product_id":12809,"menu_order":0,"quantity_min":1,"quantity_max":1,"quantity_default":1,"priced_individually":true,"shipped_individually":false,"override_title":true,"title":"","override_description":false,"description":"","optional":false,"hide_thumbnail":true,"discount":"","override_variations":true,"allowed_variations":[12810,12811],"override_default_variation_attributes":false,"default_variation_attributes":[],"single_product_visibility":"visible","cart_visibility":"visible","order_visibility":"visible","single_product_price_visibility":"visible","cart_price_visibility":"visible","order_price_visibility":"visible","stock_status":"in_stock"},{"bundled_item_id":59,"product_id":12812,"menu_order":1,"quantity_min":1,"quantity_max":1,"quantity_default":1,"priced_individually":true,"shipped_individually":false,"override_title":true,"title":"Presque un cadeau en plus - Flip Caps","override_description":false,"description":"","optional":true,"hide_thumbnail":false,"discount":"68.55","override_variations":true,"allowed_variations":[12820],"override_default_variation_attributes":true,"default_variation_attributes":[{"id":17,"name":"Taille de la lunette de vis\u00e9e","option":"5-30x50"}],"single_product_visibility":"visible","cart_visibility":"visible","order_visibility":"visible","single_product_price_visibility":"visible","cart_price_visibility":"visible","order_price_visibility":"visible","stock_status":"in_stock"}],"bundle_sell_ids":[],"_links":{"self":[{"href":"https:\/\/ddoptics.shop\/fr\/wp-json\/wp\/v2\/product\/1963","targetHints":{"allow":["GET"]}}],"collection":[{"href":"https:\/\/ddoptics.shop\/fr\/wp-json\/wp\/v2\/product"}],"about":[{"href":"https:\/\/ddoptics.shop\/fr\/wp-json\/wp\/v2\/types\/product"}],"replies":[{"embeddable":true,"href":"https:\/\/ddoptics.shop\/fr\/wp-json\/wp\/v2\/comments?post=1963"}],"version-history":[{"count":12,"href":"https:\/\/ddoptics.shop\/fr\/wp-json\/wp\/v2\/product\/1963\/revisions"}],"predecessor-version":[{"id":21136,"href":"https:\/\/ddoptics.shop\/fr\/wp-json\/wp\/v2\/product\/1963\/revisions\/21136"}],"wp:featuredmedia":[{"embeddable":true,"href":"https:\/\/ddoptics.shop\/fr\/wp-json\/wp\/v2\/media\/25670"}],"wp:attachment":[{"href":"https:\/\/ddoptics.shop\/fr\/wp-json\/wp\/v2\/media?parent=1963"}],"wp:term":[{"taxonomy":"product_brand","embeddable":true,"href":"https:\/\/ddoptics.shop\/fr\/wp-json\/wp\/v2\/product_brand?post=1963"},{"taxonomy":"product_cat","embeddable":true,"href":"https:\/\/ddoptics.shop\/fr\/wp-json\/wp\/v2\/product_cat?post=1963"},{"taxonomy":"product_tag","embeddable":true,"href":"https:\/\/ddoptics.shop\/fr\/wp-json\/wp\/v2\/product_tag?post=1963"}],"curies":[{"name":"wp","href":"https:\/\/api.w.org\/{rel}","templated":true}]}}