{"id":1970,"date":"2016-04-16T14:54:30","date_gmt":"2016-04-16T12:54:30","guid":{"rendered":"https:\/\/beta.optik-sport-shop.at\/kaufen\/zielfernrohr-ddoptics-nachtfalke-hdx-1komma5-6x42-gen-3-new-absehen-4\/"},"modified":"2025-07-04T11:10:56","modified_gmt":"2025-07-04T09:10:56","slug":"nighteagle-1komma5-6x42-gen-3","status":"publish","type":"product","link":"https:\/\/ddoptics.shop\/fr\/kaufen\/nighteagle-1komma5-6x42-gen-3\/","title":{"rendered":"DDoptics Nighteagle 1,5-6\u00d742 Lunette de vis\u00e9e | V4 | A4N | R\u00e9glage MOA - Gen 3"},"content":{"rendered":"<div class=\"container section-title-container\" ><h3 class=\"section-title section-title-normal\"><b aria-hidden=\"true\"><\/b><span class=\"section-title-main\" ><i class=\"icon-cross\" aria-hidden=\"true\"><\/i>Aper\u00e7u rapide de la lunette de vis\u00e9e DDoptics V6 1-6x42 Gen 3<\/span><b aria-hidden=\"true\"><\/b><\/h3><\/div>\n<table style=\"width: 100%; background-color: #cacaca;\">\n<tbody>\n<tr>\n<td style=\"height: 35px; width: 25%;\"><strong>Tube<\/strong><\/td>\n<td style=\"height: 35px; width: 25%;\">Tube mono de 30 mm<\/td>\n<td style=\"height: 35px; width: 25%;\"><strong>Champ de vision : m @100m<\/strong><\/td>\n<td style=\"height: 35px; width: 25%;\">6 m<\/td>\n<\/tr>\n<tr>\n<td style=\"height: 35px; width: 25%;\"><strong>Syst\u00e8me optique<\/strong><\/td>\n<td style=\"height: 35px; width: 25%;\">zoom 1,5-6x \/ 4x<\/td>\n<td style=\"height: 35px; width: 25%;\">\u00a0<strong>Distance entre les yeux<\/strong><\/td>\n<td style=\"height: 35px; width: 25%;\">84-99 mm<\/td>\n<\/tr>\n<tr>\n<td style=\"height: 35px; width: 25%;\"><strong>Objectif<\/strong><\/td>\n<td style=\"height: 35px; width: 25%;\">42 mm<\/td>\n<td style=\"height: 35px; width: 25%;\">\u00a0<strong>Longueur<\/strong><\/td>\n<td style=\"height: 35px; width: 25%;\">290 mm<\/td>\n<\/tr>\n<tr>\n<td style=\"height: 35px; width: 25%;\"><strong>R\u00e9ticule<\/strong><\/td>\n<td style=\"height: 35px; width: 25%;\">Nouveau r\u00e9ticule 4 (A4N)<\/td>\n<td style=\"height: 35px; width: 25%;\">\u00a0<strong>Poids<\/strong><\/td>\n<td style=\"height: 35px; width: 25%;\">520 g<\/td>\n<\/tr>\n<tr>\n<td style=\"height: 10px; width: 25%;\"><strong>Point lumineux<\/strong><\/td>\n<td style=\"height: 10px; width: 25%;\">Standard ou iFiber<\/td>\n<td style=\"height: 10px; width: 25%;\">\u00a0<strong>Protection contre la bu\u00e9e<\/strong><\/td>\n<td style=\"height: 10px; width: 25%;\">Remplissage d'azote contre la bu\u00e9e<\/td>\n<\/tr>\n<tr>\n<td style=\"height: 10px; width: 25%;\"><strong>Focus\/Parallaxe<\/strong><\/td>\n<td style=\"height: 10px; width: 25%;\">pas de<\/td>\n<td style=\"height: 10px; width: 25%;\">\u00a0<strong>\u00c9tanch\u00e9it\u00e9<\/strong><\/td>\n<td style=\"height: 10px; width: 25%;\">R\u00e9sistant \u00e0 l'eau et aux chocs<\/td>\n<\/tr>\n<\/tbody>\n<\/table>\n<div class=\"row\"  id=\"row-951897938\">\n\n\t<div id=\"col-1597043084\" class=\"col medium-8 small-12 large-8\"  >\n\t\t\t\t<div class=\"col-inner\"  >\n\t\t\t\n\t\t\t\n<h2>Lunette de vis\u00e9e DDoptics Nighteagle 1,5-6\u00d742 Gen 3 - sans compromis, lumineuse et performante<\/h2>\n<p>Le site <strong>DDoptics Nighteagle HDX 1,5-6\u00d742<\/strong> est con\u00e7u pour r\u00e9pondre aux besoins actuels, bien organis\u00e9s <a href=\"https:\/\/de.wikipedia.org\/wiki\/Dr%C3%BCckjagd\" target=\"_blank\" rel=\"noopener noreferrer\"><strong>Chasse en mouvement<\/strong> <\/a>soit pleinement respect\u00e9e.<\/p>\n<p>Avec cette <strong>Optique de vis\u00e9e pour la chasse en battue<\/strong> les tirs \u00e0 100 m sont \u00e9galement justifi\u00e9s. Par exemple, lorsque le gibier s'\u00e9loigne des chasseurs bien plac\u00e9s devant les postes de tir, ou lorsqu'il s'\u00e9loigne. Ce type de tir est tout aussi appropri\u00e9 <strong>Optique de vis\u00e9e pour la chasse \u00e0 l'approche dans les champs et les for\u00eats denses.<\/strong><\/p>\n<p>En montagne, elle est principalement utilis\u00e9e en raison de ses dimensions et de son poids r\u00e9duits.<\/p>\n<h3>La lunette de vis\u00e9e 1,5-6\u00d742 avec New Review 4 (A4N) - r\u00e9ticule lumineux : Une vue d'ensemble parfaite<\/h3>\n<p>L'optique de vis\u00e9e fonctionne \u00e0 l'exception <strong>100m sans parallaxe<\/strong>. Le r\u00e9glage du r\u00e9ticule ne n\u00e9cessite aucun outil. Le r\u00e9ticule se d\u00e9place d'1\/4 de MOA par clic (ce qui correspond \u00e0 7,3 mm \u00e0 100 m). Le site <strong>R\u00e9glage par clic <\/strong>travaille<strong> r\u00e9p\u00e9tabilit\u00e9 absolue<\/strong> et peut \u00eatre remis \u00e0 z\u00e9ro apr\u00e8s l'insertion.<\/p>\n\t\t<\/div>\n\t\t\t\t\t<\/div>\n\n\t\n\n\t<div id=\"col-1596983597\" class=\"col medium-4 small-12 large-4\"  >\n\t\t\t\t<div class=\"col-inner\"  >\n\t\t\t\n\t\t\t\n<a class=\"button primary expand\" >\n\t\t<span>Particularit\u00e9s de la lunette de vis\u00e9e<\/span>\n\t<\/a>\n\n\n\t<section class=\"section\" id=\"section_334971876\">\n\t\t<div class=\"section-bg fill\" >\n\t\t\t\t\t\t\t\t\t<div class=\"section-bg-overlay absolute fill\"><\/div>\n\t\t\t\n\n\t\t<\/div>\n\n\t\t\n\n\t\t<div class=\"section-content relative\">\n\t\t\t\n\t<div class=\"img has-hover x md-x lg-x y md-y lg-y\" id=\"image_1193771814\">\n\t\t<a class=\"\" href=\"https:\/\/www.ddoptics.de\/garantiebestimmungen\" target=\"_blank\" rel=\"no follow noopener\">\t\t\t\t\t\t<div class=\"img-inner dark\" >\n\t\t\t<img decoding=\"async\" width=\"352\" height=\"160\" src=\"https:\/\/ddoptics.shop\/wp-content\/uploads\/2014\/09\/DDoptics-Garantie.jpg\" class=\"attachment-large size-large\" alt=\"Garantie DDoptics\" srcset=\"https:\/\/ddoptics.shop\/wp-content\/uploads\/2014\/09\/DDoptics-Garantie.jpg 352w, https:\/\/ddoptics.shop\/wp-content\/uploads\/2014\/09\/DDoptics-Garantie-304x138.jpg 304w, https:\/\/ddoptics.shop\/wp-content\/uploads\/2014\/09\/DDoptics-Garantie-305x139.jpg 305w, https:\/\/ddoptics.shop\/wp-content\/uploads\/2014\/09\/DDoptics-Garantie-250x114.jpg 250w\" sizes=\"(max-width: 352px) 100vw, 352px\" title=\"\">\t\t\t\t\t\t\n\t\t\t\t\t<\/div>\n\t\t\t\t\t\t<\/a>\t\t\n<style>\n#image_1193771814 {\n  width: 100%;\n}\n<\/style>\n\t<\/div>\n\t\n\t<div id=\"gap-608931984\" class=\"gap-element clearfix\" style=\"display:block; height:auto;\">\n\t\t\n<style>\n#gap-608931984 {\n  padding-top: 15px;\n}\n<\/style>\n\t<\/div>\n\t\n\t<div id=\"text-1014876570\" class=\"text\">\n\t\t\n<p><em><span style=\"font-size: 80%;\">\u21d2 <strong>DDoptics IFiber Point lumineux en option<\/strong><\/span><\/em><br \/>\n<em><span style=\"font-size: 80%;\">\u21d2 R\u00e9ticule : New R\u00e9ticule 4 dans la\u00a0<strong>2\u00e8me plan de l'image<\/strong><\/span><\/em><br \/>\n<em><span style=\"font-size: 80%;\">\u21d2 Pr\u00e9cision absolue de la r\u00e9currence<\/span><\/em><br \/>\n<em><span style=\"font-size: 80%;\">\u21d2 <strong>Grande plage de r\u00e9glage<\/strong><\/span><\/em><br \/>\n<em><span style=\"font-size: 80%;\">\u21d2 Point lumineux II de s\u00e9rie<\/span><\/em><br \/>\n<em><span style=\"font-size: 80%;\">\u21d2 <strong>Transmission de la lumi\u00e8re<\/strong> avec des pics<\/span><\/em><br \/>\n<em><span style=\"font-size: 80%;\">\u21d2 R\u00e9sistance au tir : test de 375H&amp;H avec 1.000 coups<\/span><\/em><br \/>\n<em><span style=\"font-size: 80%;\">\u21d2 champ de vision : 21m -5,6m<\/span><\/em><br \/>\n\t\t\n<style>\n#text-1014876570 {\n  line-height: 1.15;\n  color: rgb(33, 107, 227);\n}\n#text-1014876570 > * {\n  color: rgb(33, 107, 227);\n}\n<\/style>\n\t<\/div>\n\t\n\t\t<\/div>\n\n\t\t\n<style>\n#section_334971876 {\n  padding-top: 30px;\n  padding-bottom: 30px;\n  background-color: rgb(232, 232, 232);\n}\n#section_334971876 .section-bg-overlay {\n  background-color: rgba(255,255,255,.5);\n}\n<\/style>\n\t<\/section>\n\t\n\t\t<\/div>\n\t\t\t\t\t<\/div>\n\n\t\n<\/div>\n<p>Le nouveau r\u00e9ticule 4\u00a0<strong>R\u00e9ticule lumineux<\/strong> se trouve dans la <strong>Plan de l'image oculaire (2\u00e8me plan de l'image)<\/strong> et reste donc de la m\u00eame taille pour chaque r\u00e9glage de grossissement. La bague interchangeable se trouve sur l'oculaire et permet d'agrandir ou de r\u00e9duire le r\u00e9ticule. Il est large de 15 mm, finement stri\u00e9 et augmente ainsi la prise en main et la s\u00e9curit\u00e9 de glissement. Le r\u00e9glage difficile de la bague interchangeable est voulu par DDoptics afin d'exclure tout d\u00e9r\u00e9glage involontaire.<\/p>\n<h3>Point lumineux en fibre de verre pour un ciblage rapide<\/h3>\n<figure id=\"attachment_1951\" aria-describedby=\"caption-attachment-1951\" style=\"width: 250px\" class=\"wp-caption alignright\"><a href=\"https:\/\/ddoptics.shop\/wp-content\/uploads\/2016\/04\/Neues-DDoptics-Absehen.jpg\" rel=\"attachment wp-att-1951\"><img decoding=\"async\" class=\"wp-image-1951\" src=\"https:\/\/ddoptics.shop\/wp-content\/uploads\/2016\/04\/Neues-DDoptics-Absehen-340x340.jpg\" alt=\"Nouveau r\u00e9ticule 4 de DDoptics\" width=\"250\" height=\"199\" title=\"\" srcset=\"https:\/\/ddoptics.shop\/wp-content\/uploads\/2016\/04\/Neues-DDoptics-Absehen-304x242.jpg 304w, https:\/\/ddoptics.shop\/wp-content\/uploads\/2016\/04\/Neues-DDoptics-Absehen-305x243.jpg 305w, https:\/\/ddoptics.shop\/wp-content\/uploads\/2016\/04\/Neues-DDoptics-Absehen-632x503.jpg 632w, https:\/\/ddoptics.shop\/wp-content\/uploads\/2016\/04\/Neues-DDoptics-Absehen.jpg 800w, https:\/\/ddoptics.shop\/wp-content\/uploads\/2016\/04\/Neues-DDoptics-Absehen-250x199.jpg 250w, https:\/\/ddoptics.shop\/wp-content\/uploads\/2016\/04\/Neues-DDoptics-Absehen-510x406.jpg 510w\" sizes=\"(max-width: 250px) 100vw, 250px\" \/><\/a><figcaption id=\"caption-attachment-1951\" class=\"wp-caption-text\">Nouveau r\u00e9ticule 4 de DDoptics<\/figcaption><\/figure>\n<p>Le site <strong>point lumineux rouge<\/strong> se laisse <strong>varier l'intensit\u00e9 en continu de 100<\/strong>, Il est alors impossible \u00e0 l'\u0153il humain de le percevoir. Le r\u00e9ticule fonctionne alors comme une optique de vis\u00e9e sans unit\u00e9 lumineuse.<\/p>\n<p>Le site <strong>Unit\u00e9 d'\u00e9clairage <\/strong>se base sur de v\u00e9ritables<strong> Technologie de la fibre optique<\/strong>. La lumi\u00e8re est donc transmise au moyen d'un <strong>de fibres optiques vers le centre du r\u00e9ticule<\/strong> est dirig\u00e9. Avantage : lorsque le point lumineux est \u00e9teint, aucun point noir n'est visible.<\/p>\n<p>Comme la lumi\u00e8re se trouve exclusivement dans le brin de fibre optique, des <strong>les effets secondaires et de fondu ind\u00e9sirables sont exclus<\/strong>. Cela permet de viser rapidement et d'augmenter consid\u00e9rablement le taux de r\u00e9ussite.<\/p>\n<h3>L'optique cible Transmission de la lumi\u00e8re - des valeurs de pointe internationales<\/h3>\n<p>Le site <strong>optique enti\u00e8rement trait\u00e9e<\/strong> du Nighteagle<strong>\u00a0HDX 1,5-6\u00d742<\/strong> ne laisse rien \u00e0 d\u00e9sirer.<\/p>\n<p>Des experts ind\u00e9pendants ont travaill\u00e9 sur la <strong>Transmission de la lumi\u00e8re 93,3 pour cent<\/strong> (jour) et 91,6% (nuit). Le site <strong>L'image est nette, contrast\u00e9e et les couleurs sont fid\u00e8les<\/strong>offre de tr\u00e8s bonnes <strong>nettet\u00e9 des bords et est totalement exempte de reflets<\/strong>. En combinaison avec le champ de vision (21m \u00e0 5,6m) et les possibilit\u00e9s de grossissement, les Nighteagle HDX 1,5-6\u00d742 ne garantissent pas seulement une utilisation optimale.<\/p>\n<h3>Faible d\u00e9viation de la ligne de vis\u00e9e et r\u00e9sistance maximale au tir<\/h3>\n<p>Le d\u00e9placement du point d'impact lors du changement de grossissement, typique et in\u00e9vitable pour les r\u00e9ticules situ\u00e9s dans le plan de l'image de l'oculaire, est inf\u00e9rieur \u00e0 20 mm \u00e0 100 m pour le Nighteagle HDX 1,5-6\u00d742. Cette valeur est totalement insignifiante pour une utilisation \u00e0 la chasse.<\/p>\n<p><strong>Plage totale de r\u00e9glage de la lunette de vis\u00e9e :<\/strong><\/p>\n<ul>\n<li>530 <a href=\"https:\/\/ddoptics.shop\/fr\/mot-technique\/calcul-de-la-minute-dangle-ou-moa-pour-les-lunettes-de-visee\/\" target=\"_blank\" rel=\"noopener noreferrer\">Clics<\/a><\/li>\n<li>correspond \u00e0 132,5 MOA<\/li>\n<li>correspond \u00e0 66,25 MOA par c\u00f4t\u00e9<\/li>\n<\/ul>\n<p>Lors du test apr\u00e8s 20 tirs avec le <strong>Calibre .450 Dakota et plus de 100 coups avec le calibre .308 Win.<\/strong> les experts ind\u00e9pendants n'ont pas pu mesurer de d\u00e9salignement.<\/p>\n<h3>Distance interpupillaire et r\u00e9glage dioptrique<\/h3>\n<p>Le site <strong>la distance entre les yeux est de 100 mm<\/strong>, Ce qui permet d'utiliser sans probl\u00e8me des calibres puissants. De plus, l'extr\u00e9mit\u00e9 de l'oculaire est prot\u00e9g\u00e9e par un anneau en caoutchouc stri\u00e9. Le r\u00e9glage dioptrique est de -3 \u00e0 +3 dioptries.<\/p>\n<p>Le site <strong>L'optique de vis\u00e9e est surtout utilis\u00e9e pour le tir \u00e9ph\u00e9m\u00e8re<\/strong> et donc particuli\u00e8rement int\u00e9ressante pour la chasse en mouvement. En raison du diam\u00e8tre de 42iger de l'objectif, l'optique de vis\u00e9e est tout de m\u00eame possible jusqu'au <strong>cr\u00e9puscule tardif<\/strong> et peuvent donc \u00eatre utilis\u00e9es comme jumelles d'aff\u00fbt. Aussi pour les <strong>Chasse \u00e0 l'\u00e9tranger en Afrique<\/strong> ce mod\u00e8le a fait ses preuves. Le verre est particuli\u00e8rement bien adapt\u00e9 \u00e0 l'utilisation d'un appareil de vision nocturne combin\u00e9.<\/p>\n<h3>Dessin technique de la lunette de vis\u00e9e 1,5-6\u00d742 Gen 3<\/h3>\n\t<div class=\"img has-hover x md-x lg-x y md-y lg-y\" id=\"image_558649772\">\n\t\t\t\t\t\t\t\t<div class=\"img-inner dark\" >\n\t\t\t<img decoding=\"async\" width=\"1020\" height=\"477\" src=\"https:\/\/ddoptics.shop\/wp-content\/uploads\/2016\/04\/1_5-6x42-1600x748.jpg\" class=\"attachment-large size-large\" alt=\"Lunette de vis\u00e9e DDoptics 1,5-6x42 avec r\u00e9ticule Duplex\" srcset=\"https:\/\/ddoptics.shop\/wp-content\/uploads\/2016\/04\/1_5-6x42-1600x748.jpg 1600w, https:\/\/ddoptics.shop\/wp-content\/uploads\/2016\/04\/1_5-6x42-scaled-304x142.jpg 304w, https:\/\/ddoptics.shop\/wp-content\/uploads\/2016\/04\/1_5-6x42-scaled-305x143.jpg 305w, https:\/\/ddoptics.shop\/wp-content\/uploads\/2016\/04\/1_5-6x42-scaled-632x296.jpg 632w, https:\/\/ddoptics.shop\/wp-content\/uploads\/2016\/04\/1_5-6x42-800x374.jpg 800w, https:\/\/ddoptics.shop\/wp-content\/uploads\/2016\/04\/1_5-6x42-scaled-250x117.jpg 250w, https:\/\/ddoptics.shop\/wp-content\/uploads\/2016\/04\/1_5-6x42-scaled-510x238.jpg 510w\" sizes=\"(max-width: 1020px) 100vw, 1020px\" title=\"\">\t\t\t\t\t\t\n\t\t\t\t\t<\/div>\n\t\t\t\t\t\t\t\t\n<style>\n#image_558649772 {\n  width: 100%;\n}\n<\/style>\n\t<\/div>","protected":false},"excerpt":{"rendered":"<p><strong><img decoding=\"async\" class=\"alignnone wp-image-10455 size-full\" title=\"Chasse au mouvement\" src=\"https:\/\/ddoptics.shop\/wp-content\/uploads\/2016\/04\/Bewegungsjagd.jpg\" alt=\"Chasse au mouvement\" width=\"50\" height=\"50\" \/><\/strong><img decoding=\"async\" class=\"alignnone wp-image-10452 size-full\" title=\"Tir sportif\" src=\"https:\/\/ddoptics.shop\/wp-content\/uploads\/2016\/07\/Target-Schiessen.jpg\" alt=\"Tir sportif Target\" width=\"50\" height=\"50\" \/><img decoding=\"async\" class=\"alignnone wp-image-10168 size-full\" title=\"Chasse \u00e0 l&#039;approche\" src=\"https:\/\/ddoptics.shop\/wp-content\/uploads\/2016\/09\/Jagd-klein.jpg\" alt=\"Jumelles de chasse\" width=\"50\" height=\"50\" \/><br \/>\n<strong>Haute s\u00e9curit\u00e9<\/strong> \u00e0 la <strong>une acquisition rapide de la cible<\/strong> et lors de tirs \u00e9ph\u00e9m\u00e8res. Un <strong>optique de vis\u00e9e allround<\/strong> pour <strong>Chasse en battue, en mouvement et \u00e0 l'approche<\/strong>.<\/p>\n<p>En option avec <strong>NOUVEAU,<\/strong> intelligent <a title=\"NOUVEAU point lumineux IFiber de DDoptics\" href=\"\/fr\/wiki-sur-les-mots-techniques\/point-lumineux-intelligent-ddoptics-ifiber\/\" target=\"_blank\" rel=\"noopener noreferrer\">IFiber Point lumineux<\/a> avec <strong>99 \u20ac de suppl\u00e9ment.<\/strong><\/p>","protected":false},"featured_media":25686,"comment_status":"open","ping_status":"closed","template":"","meta":{"inline_featured_image":false,"footnotes":""},"product_brand":[],"product_cat":[476,455,639,918,637,68],"product_tag":[164,78,80,79],"class_list":{"0":"post-1970","1":"product","2":"type-product","3":"status-publish","4":"has-post-thumbnail","6":"product_cat-15-6x42","7":"product_cat-42-mm-objektivdurchmesser","8":"product_cat-bewegungsjagd","9":"product_cat-v4-4fach-zoom","10":"product_cat-zf-anwendung","11":"product_cat-zielfernrohr","12":"product_tag-1-5-6x42","13":"product_tag-ddoptics","14":"product_tag-gen-3","15":"product_tag-zielfernrohr","16":"product_shipping_class-paket","17":"pa_brand-marke-ddoptics","18":"pa_produkt-typ-zielfernrohr","20":"first","21":"outofstock","22":"sale","23":"taxable","24":"shipping-taxable","25":"purchasable","26":"product-type-variable","27":"has-default-attributes"},"bundled_by":[],"bundle_stock_status":"outofstock","bundle_stock_quantity":null,"bundle_virtual":false,"bundle_layout":"","bundle_add_to_cart_form_location":"","bundle_editable_in_cart":false,"bundle_sold_individually_context":"","bundle_item_grouping":"","bundle_min_size":"","bundle_max_size":"","bundle_price":[],"bundled_items":[],"bundle_sell_ids":[],"_links":{"self":[{"href":"https:\/\/ddoptics.shop\/fr\/wp-json\/wp\/v2\/product\/1970","targetHints":{"allow":["GET"]}}],"collection":[{"href":"https:\/\/ddoptics.shop\/fr\/wp-json\/wp\/v2\/product"}],"about":[{"href":"https:\/\/ddoptics.shop\/fr\/wp-json\/wp\/v2\/types\/product"}],"replies":[{"embeddable":true,"href":"https:\/\/ddoptics.shop\/fr\/wp-json\/wp\/v2\/comments?post=1970"}],"version-history":[{"count":17,"href":"https:\/\/ddoptics.shop\/fr\/wp-json\/wp\/v2\/product\/1970\/revisions"}],"predecessor-version":[{"id":28600,"href":"https:\/\/ddoptics.shop\/fr\/wp-json\/wp\/v2\/product\/1970\/revisions\/28600"}],"wp:featuredmedia":[{"embeddable":true,"href":"https:\/\/ddoptics.shop\/fr\/wp-json\/wp\/v2\/media\/25686"}],"wp:attachment":[{"href":"https:\/\/ddoptics.shop\/fr\/wp-json\/wp\/v2\/media?parent=1970"}],"wp:term":[{"taxonomy":"product_brand","embeddable":true,"href":"https:\/\/ddoptics.shop\/fr\/wp-json\/wp\/v2\/product_brand?post=1970"},{"taxonomy":"product_cat","embeddable":true,"href":"https:\/\/ddoptics.shop\/fr\/wp-json\/wp\/v2\/product_cat?post=1970"},{"taxonomy":"product_tag","embeddable":true,"href":"https:\/\/ddoptics.shop\/fr\/wp-json\/wp\/v2\/product_tag?post=1970"}],"curies":[{"name":"wp","href":"https:\/\/api.w.org\/{rel}","templated":true}]}}