{"id":2003,"date":"2016-04-20T13:54:44","date_gmt":"2016-04-20T11:54:44","guid":{"rendered":"https:\/\/beta.optik-sport-shop.at\/kaufen\/zielfernrohr-ddoptics-nachtfalke-hdx-2komma5-10x56\/"},"modified":"2026-04-13T20:41:17","modified_gmt":"2026-04-13T18:41:17","slug":"lunette-de-visee-ddoptics-nighteagle-hdx-2komma5-10x56","status":"publish","type":"product","link":"https:\/\/ddoptics.shop\/fr\/kaufen\/zielfernrohr-ddoptics-nighteagle-hdx-2komma5-10x56\/","title":{"rendered":"DDoptics Nighteagle Nighteagle 2,5-10\u00d756 Lunette de vis\u00e9e | V4 | A4 | R\u00e9glage MOA - Gen 2"},"content":{"rendered":"[vc_row][vc_column][vc_text_separator title=&#8221;Kurz\u00fcberblick Zielfernrohr 2,5-10&#215;56&#8243; i_icon_fontawesome=&#8221;fa fa-info-circle&#8221; i_color=&#8221;black&#8221; color=&#8221;custom&#8221; add_icon=&#8221;true&#8221; accent_color=&#8221;#a86b0f&#8221;][\/vc_column][\/vc_row][vc_row][vc_column][vc_column_text]\n<table style=\"background-color: #cacaca;\">\n<tbody>\n<tr style=\"height: 24px;\">\n<td style=\"height: 24px; text-align: left; width: 20%;\"><strong>Tubus<\/strong><\/td>\n<td style=\"height: 24px; text-align: left; width: 30%;\">30 mm Mono Tube<\/td>\n<td style=\"height: 24px; text-align: left; width: 20%;\"><strong>Sichtfeld: m @100m<\/strong><\/td>\n<td style=\"height: 24px; text-align: left; width: 30%;\">12,6-3,4 m<\/td>\n<\/tr>\n<tr style=\"height: 24px;\">\n<td style=\"height: 24px; text-align: left; width: 20%;\"><strong>Optisches System<\/strong><\/td>\n<td style=\"height: 24px; text-align: left; width: 30%;\">2,5-10- fach \/ 4-fach Zoom<\/td>\n<td style=\"height: 24px; text-align: left; width: 20%;\"><strong>Augenabstand<\/strong><\/td>\n<td style=\"height: 24px; text-align: left; width: 30%;\">102 mm<\/td>\n<\/tr>\n<tr style=\"height: 24px;\">\n<td style=\"height: 24px; text-align: left; width: 20%;\"><strong>Objektiv<\/strong><\/td>\n<td style=\"height: 24px; text-align: left; width: 30%;\">56 mm<\/td>\n<td style=\"height: 24px; text-align: left; width: 20%;\"><strong>L\u00e4nge<\/strong><\/td>\n<td style=\"height: 24px; text-align: left; width: 30%;\">349 mm<\/td>\n<\/tr>\n<tr style=\"height: 24px;\">\n<td style=\"height: 24px; text-align: left; width: 20%;\"><strong>Absehen<\/strong><\/td>\n<td style=\"height: 24px; text-align: left; width: 30%;\">A4<\/td>\n<td style=\"height: 24px; text-align: left; width: 20%;\"><strong>Gewicht<\/strong><\/td>\n<td style=\"height: 24px; text-align: left; width: 30%;\">670 g<\/td>\n<\/tr>\n<tr style=\"height: 24px;\">\n<td style=\"height: 24px; text-align: left; width: 20%;\"><strong>Leuchtpunkt<\/strong><\/td>\n<td style=\"height: 24px; text-align: left; width: 30%;\">Standard oder iFiber<\/td>\n<td style=\"height: 24px; text-align: left; width: 20%;\"><strong>Beschlagsschutz<\/strong><\/td>\n<td style=\"height: 24px; text-align: left; width: 30%;\">Stickstofffu\u0308llung gegen Beschlag<\/td>\n<\/tr>\n<tr style=\"height: 24px;\">\n<td style=\"height: 24px; text-align: left; width: 20%;\"><strong>Fokus\/Parallaxe<\/strong><\/td>\n<td style=\"height: 24px; text-align: left; width: 30%;\">Verstellbares Objektiv 25 m bis unendlich<\/td>\n<td style=\"height: 24px; text-align: left; width: 20%;\"><strong>Dichtheit<\/strong><\/td>\n<td style=\"height: 24px; text-align: left; width: 30%;\">Wasser- und Sto\u00dffest<\/td>\n<\/tr>\n<\/tbody>\n<\/table>\n[\/vc_column_text][\/vc_column][\/vc_row][vc_row][vc_column width=&#8221;2\/3&#8243;][vc_column_text]\n<h2>DDoptics\u00a0Nighteagle\u00a02,5-10&#215;56 V4 Zielfernrohr Gen 2 &#8211; kompromisslos, lichtstark und leistungsstark<\/h2>\n<p>Das <strong>lichtstarke Zielfernrohr<\/strong> Nighteagle HDXtreme 2,5-10&#215;56 mit <a href=\"https:\/\/ddoptics.shop\/shop\/zielfernrohr\/v4-4fach-zoom\/\" target=\"_blank\" rel=\"noopener noreferrer\">4-fach Zoom<\/a>\u00a0<strong>meistert die praktischen Herausforderungen<\/strong> bei allen<strong> Jagdarten \u2013 am Tages- und Nachtansitz, auf der Pirsch und im Gebirge<\/strong> bei <strong>extremen Witterungsbedingungen.<\/strong><\/p>\n<h3>Die Nighteagle HDX 2,5-10&#215;56 Gen 2 &#8211; Lichttransmission<\/h3>\n<p>Die<strong> reflexfreie Optik<\/strong> bietet ein <strong>extrem helles, kontrastreiches und farbtreues Bild<\/strong> mit fantastischen <strong>Randsch\u00e4rfe Eigenschaften<\/strong>.\u00a0Aufgrund des <strong>minimalen Falschlichtanteils<\/strong> st\u00f6rt selbst Gegenlicht nicht. Die <strong>Lichttransmission weist mit 94,7 % bei Tag bzw. 93 % bei Nacht Spitzenwerte<\/strong> auf.<\/p>\n<h3>Zielfernrohr Absehen + Leuchtpunkt<\/h3>\n<p>Der <strong>DDoptics Glasfaserleuchtpunkt<\/strong> ist <strong>so klein<\/strong> gehalten, dass es nur zu einer <strong>geringstm\u00f6glichen Zielverdeckung<\/strong> kommt. Er l\u00e4sst sich <strong>stufenlos dimmen<\/strong>, <strong>bis<\/strong> er mit dem <strong>menschlichen Auge nicht mehr wahrgenommen<\/strong> werden kann.[\/vc_column_text][\/vc_column][vc_column width=&#8221;1\/3&#8243;][ultimate_info_table design_style=&#8221;design02&#8243; color_scheme=&#8221;blue&#8221; package_heading=&#8221;Besonderheiten DDoptics Zielfernrohr&#8221; heading_font_color=&#8221;#ffffff&#8221; features_font_color=&#8221;#1e73be&#8221; features_font_style=&#8221;font-style:italic;&#8221; features_font_size=&#8221;desktop:12px;&#8221;]\n<p style=\"text-align: left;\"><a href=\"https:\/\/www.ddoptics.de\/garantiebestimmungen\" target=\"_blank\" rel=\"nofollow noopener noreferrer\"><img decoding=\"async\" class=\"alignleft wp-image-9270 size-full\" title=\"Garantiebestimmungen lesen\" src=\"https:\/\/ddoptics.shop\/wp-content\/uploads\/2014\/09\/DDoptics-Garantie.jpg\" alt=\"DDoptics Garantie\" width=\"352\" height=\"160\" srcset=\"https:\/\/ddoptics.shop\/wp-content\/uploads\/2014\/09\/DDoptics-Garantie.jpg 352w, https:\/\/ddoptics.shop\/wp-content\/uploads\/2014\/09\/DDoptics-Garantie-304x138.jpg 304w, https:\/\/ddoptics.shop\/wp-content\/uploads\/2014\/09\/DDoptics-Garantie-305x139.jpg 305w, https:\/\/ddoptics.shop\/wp-content\/uploads\/2014\/09\/DDoptics-Garantie-250x114.jpg 250w\" sizes=\"(max-width: 352px) 100vw, 352px\" \/><\/a>\u21d2 Absehenverstellung aus Metall<br \/>\n<strong>\u21d2 NEU: IFiber Leuchtpunkt optional<\/strong><br \/>\n<strong>\u21d2 30 Jahre DDoptics Garantie<\/strong><br \/>\n\u21d2 Absehen 4 &#8211; 2. Bildebene<br \/>\nAbsehenverstellung: 1\/4 MOA\/Klick<br \/>\n\u21d2 Absolute Wiederkehrgenauigkeit<br \/>\n\u21d2 Extreme Lichttransmission bis 94,7%<br \/>\n<strong>\u21d2 Glasfaser<\/strong> Leuchtpunkt<br \/>\n\u21d2 Stufenloser Parallaxenausgleich<br \/>\n\u21d2 Schussfesttest: <a href=\"https:\/\/de.wikipedia.org\/wiki\/.375_Holland_%26_Holland_Magnum\" target=\"_blank\" rel=\"noopener sponsored\" data-schema-attribute=\"\">375 H&amp;H<\/a> &#8211; 1000 Schuss<\/p>\n[\/ultimate_info_table][\/vc_column][\/vc_row][vc_row][vc_column][vc_column_text]Da die <strong>Leuchteinheit in Handarbeit produziert wird<\/strong>, k\u00f6nnen <strong>spezielle Kundenw\u00fcnsche individuell ber\u00fccksichtigt<\/strong> werden. Der Tubus ist aus einem St\u00fcck Duraluminium. Die <strong>Oberfl\u00e4chen Harteloxierung<\/strong> ist<strong> schmutzabweisend <\/strong>und<strong> extrem kratzbest\u00e4ndig.<\/strong><\/p>\n<h3>Okular Augenabstand<\/h3>\n<p>Der <strong>Augenabstand betr\u00e4gt 100 mm<\/strong>. Dadurch ist das <strong>Schie\u00dfen <\/strong>mit den<strong> st\u00e4rksten Kalibern gefahrenlos.<\/strong>[\/vc_column_text][\/vc_column][\/vc_row][vc_row][vc_column][vc_column_text]\n[\/vc_column_text][\/vc_column][\/vc_row][vc_row][vc_column][vc_text_separator title=&#8221;Technische Zeichnung Zielfernrohr 2,5-10&#215;56&#8243; color=&#8221;custom&#8221; accent_color=&#8221;#a86b0f&#8221;][\/vc_column][\/vc_row][vc_row][vc_column][vc_single_image image=&#8221;10453&#8243; img_size=&#8221;full&#8221;][\/vc_column][\/vc_row]\n","protected":false},"excerpt":{"rendered":"<p><img decoding=\"async\" class=\"alignnone wp-image-10168 size-full\" title=\"Chasse \u00e0 l&#039;approche\" src=\"https:\/\/ddoptics.shop\/wp-content\/uploads\/2016\/09\/Jagd-klein.jpg\" alt=\"Jumelles de chasse\" width=\"50\" height=\"50\" \/><img decoding=\"async\" class=\"alignnone wp-image-10166 size-full\" title=\"Chasse de nuit\" src=\"https:\/\/ddoptics.shop\/wp-content\/uploads\/2016\/09\/Astronomie-klein.jpg\" alt=\"Jumelles d&#039;astronomie\" width=\"50\" height=\"50\" \/><br \/>\n<strong>Intransigeant et performant<\/strong> - le <strong>lumineux<\/strong> ZF <strong>ma\u00eetrise<\/strong> tous <strong>d\u00e9fis pratiques. En option, avec le syst\u00e8me intelligent <a title=\"NOUVEAU point lumineux IFiber de DDoptics\" href=\"\/fr\/wiki-sur-les-mots-techniques\/point-lumineux-intelligent-ddoptics-ifiber\/\" target=\"_blank\" rel=\"noopener noreferrer\">IFiber Point lumineux<\/a> pour seulement \u20ac99,- de suppl\u00e9ment.<\/strong><\/p>\n<a href=\"https:\/\/amzn.to\/3yBBmfr\" target=\"_blank\" class=\"button success is-success is-small\" rel=\"\u201dnofollow\u201d noopener\" >\n\t\t<span>client amazon ? - profiter des avantages prime ?<\/span>\n\t<\/a>","protected":false},"featured_media":25678,"comment_status":"open","ping_status":"closed","template":"","meta":{"inline_featured_image":false,"footnotes":""},"product_brand":[],"product_cat":[477,454,638,918,637,68],"product_tag":[165,78,166,79],"class_list":{"0":"post-2003","1":"product","2":"type-product","3":"status-publish","4":"has-post-thumbnail","6":"product_cat-25-10x56","7":"product_cat-56-mm-objektivdurchmesser","8":"product_cat-ansitzjagd","9":"product_cat-v4-4fach-zoom","10":"product_cat-zf-anwendung","11":"product_cat-zielfernrohr","12":"product_tag-2-5-10x56","13":"product_tag-ddoptics","14":"product_tag-gen-2","15":"product_tag-zielfernrohr","16":"product_shipping_class-paket","17":"pa_brand-marke-ddoptics","18":"pa_produkt-typ-zielfernrohr","20":"first","21":"outofstock","22":"sale","23":"taxable","24":"shipping-taxable","25":"purchasable","26":"product-type-bundle"},"bundled_by":[],"bundle_stock_status":"outofstock","bundle_stock_quantity":0,"bundle_virtual":false,"bundle_layout":"default","bundle_add_to_cart_form_location":"default","bundle_editable_in_cart":false,"bundle_sold_individually_context":"product","bundle_item_grouping":"parent","bundle_min_size":"","bundle_max_size":"","bundle_price":{"price":{"min":{"incl_tax":"697.01","excl_tax":"580.84"},"max":{"incl_tax":"801.32","excl_tax":"667.76"}},"regular_price":{"min":{"incl_tax":"734.01","excl_tax":"611.68"},"max":{"incl_tax":"849.9","excl_tax":"708.25"}}},"bundled_items":[{"bundled_item_id":70,"product_id":12809,"menu_order":0,"quantity_min":1,"quantity_max":1,"quantity_default":1,"priced_individually":true,"shipped_individually":false,"override_title":true,"title":"","override_description":false,"description":"","optional":false,"hide_thumbnail":true,"discount":"","override_variations":true,"allowed_variations":[12810,12811],"override_default_variation_attributes":false,"default_variation_attributes":[],"single_product_visibility":"visible","cart_visibility":"visible","order_visibility":"visible","single_product_price_visibility":"visible","cart_price_visibility":"visible","order_price_visibility":"visible","stock_status":"in_stock"},{"bundled_item_id":71,"product_id":12812,"menu_order":1,"quantity_min":1,"quantity_max":1,"quantity_default":1,"priced_individually":true,"shipped_individually":false,"override_title":true,"title":"Presque un cadeau en plus - Flip Caps","override_description":false,"description":"","optional":true,"hide_thumbnail":false,"discount":"68.55","override_variations":true,"allowed_variations":[12816],"override_default_variation_attributes":true,"default_variation_attributes":[{"id":17,"name":"Taille de la lunette de vis\u00e9e","option":"25-10x56"}],"single_product_visibility":"visible","cart_visibility":"visible","order_visibility":"visible","single_product_price_visibility":"visible","cart_price_visibility":"visible","order_price_visibility":"visible","stock_status":"in_stock"}],"bundle_sell_ids":[],"_links":{"self":[{"href":"https:\/\/ddoptics.shop\/fr\/wp-json\/wp\/v2\/product\/2003","targetHints":{"allow":["GET"]}}],"collection":[{"href":"https:\/\/ddoptics.shop\/fr\/wp-json\/wp\/v2\/product"}],"about":[{"href":"https:\/\/ddoptics.shop\/fr\/wp-json\/wp\/v2\/types\/product"}],"replies":[{"embeddable":true,"href":"https:\/\/ddoptics.shop\/fr\/wp-json\/wp\/v2\/comments?post=2003"}],"version-history":[{"count":12,"href":"https:\/\/ddoptics.shop\/fr\/wp-json\/wp\/v2\/product\/2003\/revisions"}],"predecessor-version":[{"id":23222,"href":"https:\/\/ddoptics.shop\/fr\/wp-json\/wp\/v2\/product\/2003\/revisions\/23222"}],"wp:featuredmedia":[{"embeddable":true,"href":"https:\/\/ddoptics.shop\/fr\/wp-json\/wp\/v2\/media\/25678"}],"wp:attachment":[{"href":"https:\/\/ddoptics.shop\/fr\/wp-json\/wp\/v2\/media?parent=2003"}],"wp:term":[{"taxonomy":"product_brand","embeddable":true,"href":"https:\/\/ddoptics.shop\/fr\/wp-json\/wp\/v2\/product_brand?post=2003"},{"taxonomy":"product_cat","embeddable":true,"href":"https:\/\/ddoptics.shop\/fr\/wp-json\/wp\/v2\/product_cat?post=2003"},{"taxonomy":"product_tag","embeddable":true,"href":"https:\/\/ddoptics.shop\/fr\/wp-json\/wp\/v2\/product_tag?post=2003"}],"curies":[{"name":"wp","href":"https:\/\/api.w.org\/{rel}","templated":true}]}}