{"id":21141,"date":"2020-01-29T17:09:44","date_gmt":"2020-01-29T16:09:44","guid":{"rendered":"https:\/\/ddoptics.shop\/?post_type=product&#038;p=21141"},"modified":"2025-10-03T14:10:53","modified_gmt":"2025-10-03T12:10:53","slug":"lunette-de-visee-v6-5a30x50-gen-3-tactical-mildot-mrad","status":"publish","type":"product","link":"https:\/\/ddoptics.shop\/fr\/kaufen\/zielfernrohr-v6-5bis30x50-gen-3-tactical-mildot-mrad\/","title":{"rendered":"DDoptics Nighteagle 5-30\u00d750 Lunette de vis\u00e9e tactique | V6 | MilDot | R\u00e9glage MRAD - Gen 3"},"content":{"rendered":"<div class=\"container section-title-container\" ><h3 class=\"section-title section-title-normal\"><b aria-hidden=\"true\"><\/b><span class=\"section-title-main\" ><i class=\"icon-cross\" aria-hidden=\"true\"><\/i>Aper\u00e7u rapide Nighteagle 5-30x50 Tactical de DDoptics<\/span><b aria-hidden=\"true\"><\/b><\/h3><\/div>\n<table style=\"background-color: #cacaca; width: 100%;\">\n<tbody>\n<tr style=\"height: 24px;\">\n<td style=\"height: 24px; width: 20%;\"><strong>Tube :<\/strong><\/td>\n<td style=\"height: 24px; width: 30%;\">Tube mono de 30 mm<\/td>\n<td style=\"height: 24px; width: 20%;\"><strong>Champ de vision : m @100 m :<\/strong><\/td>\n<td style=\"height: 24px; width: 30%;\">7,2 - 1,1 m<\/td>\n<\/tr>\n<tr style=\"height: 24px;\">\n<td style=\"height: 24px; width: 20%;\"><strong>Syst\u00e8me optique :<\/strong><\/td>\n<td style=\"height: 24px; width: 30%;\">5 \u00e0 30 fois<\/td>\n<td style=\"height: 24px; width: 20%;\"><strong>Distance entre les yeux :<\/strong><\/td>\n<td style=\"height: 24px; width: 30%;\">90,5 mm<\/td>\n<\/tr>\n<tr style=\"height: 24px;\">\n<td style=\"height: 24px; width: 20%;\"><strong>L'objectif :<\/strong><\/td>\n<td style=\"height: 24px; width: 30%;\">50 mm<\/td>\n<td style=\"height: 24px; width: 20%;\"><strong>longueur :<\/strong><\/td>\n<td style=\"height: 24px; width: 30%;\">348 mm<\/td>\n<\/tr>\n<tr style=\"height: 24px;\">\n<td style=\"height: 24px; width: 20%;\"><a href=\"https:\/\/de.wikipedia.org\/wiki\/Absehen\" target=\"_blank\" rel=\"noopener noreferrer\"><strong>R\u00e9ticule :<\/strong><\/a><\/td>\n<td style=\"height: 24px; width: 30%;\">MilDot<\/td>\n<td style=\"height: 24px; width: 20%;\"><strong>poids :<\/strong><\/td>\n<td style=\"height: 24px; width: 30%;\">\u00a0742 g<\/td>\n<\/tr>\n<tr style=\"height: 24px;\">\n<td style=\"height: 24px; width: 20%;\"><strong>Point lumineux<\/strong><\/td>\n<td style=\"height: 24px; width: 30%;\">LP 2 ou iFiber<\/td>\n<td style=\"height: 24px; width: 20%;\"><strong>Protection contre la bu\u00e9e :<\/strong><\/td>\n<td style=\"height: 24px; width: 30%;\">Remplissage d'azote contre la bu\u00e9e<\/td>\n<\/tr>\n<tr style=\"height: 24px;\">\n<td style=\"height: 24px; width: 20%;\"><strong>Mise au point\/parallaxe :<\/strong><\/td>\n<td style=\"height: 24px; width: 30%;\">Objectif r\u00e9glable 20 m \u00e0 l'infini<\/td>\n<td style=\"height: 24px; width: 20%;\"><strong>\u00a0l'\u00e9tanch\u00e9it\u00e9 :<\/strong><\/td>\n<td style=\"height: 24px; width: 30%;\">R\u00e9sistant \u00e0 l'eau et aux chocs<\/td>\n<\/tr>\n<\/tbody>\n<\/table>\n<div class=\"row\"  id=\"row-1004832703\">\n\n\t<div id=\"col-1524082207\" class=\"col medium-8 small-12 large-8\"  >\n\t\t\t\t<div class=\"col-inner\"  >\n\t\t\t\n\t\t\t\n<h2>DDoptics Nighteagle 5-30\u00d750 V6 Tactical Lunette de vis\u00e9e - ZF avec zoom 6x, r\u00e9glage par clic MRAD et r\u00e9ticule MilDot - Gen 3<\/h2>\n<p>Le site <strong>Lunette de vis\u00e9e DDoptics V6 5-30\u00d750 Tactical Gen 3 <\/strong>avec r\u00e9ticule tactique et <a href=\"https:\/\/ddoptics.shop\/fr\/boutique\/lunette-de-visee\/mrad-reglage-par-clic\/\" target=\"_blank\" rel=\"noopener noreferrer\">R\u00e9glage MRAD<\/a> est une optique de haute performance avec un zoom 6x - r\u00e9alis\u00e9e avec<strong> tourelles de r\u00e9glage du r\u00e9ticule tactique<\/strong>. Elle a \u00e9t\u00e9 et est encore utilis\u00e9e avec les <strong>meilleurs d\u00e9veloppeurs<\/strong> con\u00e7u au Japon.<\/p>\n<p><span class=\"userContent\">Pour la premi\u00e8re fois lors de ce ZF, le nouveau <strong>type de verre d\u00e9velopp\u00e9 CT Glas (Clear-Transmission)<\/strong> de DDoptics. \u00c0 l'avenir, nous voulons <strong>DDoptics utilise cette qualit\u00e9 de verre pour tous les Gen 3<\/strong> Installer des lunettes de vis\u00e9e.<\/span><\/p>\n<p><span class=\"userContent\">Le verre CT offre un blanc de base plus clair et brille avec des<strong> de meilleurs contrastes de couleurs, encore plus de luminosit\u00e9<\/strong> et nettement moins de pertes et d'aberrations chromatiques.<\/span><\/p>\n<p>Le site <strong>paroi du tube stable de 2 mm d'\u00e9paisseur<\/strong> est sup\u00e9rieure aux normes militaires. Les deux tours de r\u00e9glage se composent d'une <strong>Alliage d'aluminium - sans aucune pi\u00e8ce en plastique<\/strong>. Toutes les pi\u00e8ces en aluminium sont \u00e9quip\u00e9es de la nouvelle <strong>Rev\u00eatement anodis\u00e9 DDoptics fine-black<\/strong> pourvu que<\/p>\n<p>Le r\u00e9glage pr\u00e9cis et rigide des tours par clic en T garantit une pr\u00e9cision absolue et r\u00e9p\u00e9titive.<\/p>\n\t\t<\/div>\n\t\t\t\t\t<\/div>\n\n\t\n\n\t<div id=\"col-2021090696\" class=\"col medium-4 small-12 large-4\"  >\n\t\t\t\t<div class=\"col-inner\"  >\n\t\t\t\n\t\t\t\n<a class=\"button primary expand\" >\n\t\t<span>Particularit\u00e9s de la lunette de vis\u00e9e<\/span>\n\t<\/a>\n\n\n\t<section class=\"section\" id=\"section_212369879\">\n\t\t<div class=\"section-bg fill\" >\n\t\t\t\t\t\t\t\t\t<div class=\"section-bg-overlay absolute fill\"><\/div>\n\t\t\t\n\n\t\t<\/div>\n\n\t\t\n\n\t\t<div class=\"section-content relative\">\n\t\t\t\n\t<div class=\"img has-hover x md-x lg-x y md-y lg-y\" id=\"image_234561842\">\n\t\t<a class=\"\" href=\"https:\/\/www.ddoptics.de\/garantiebestimmungen\" target=\"_blank\" rel=\"no follow noopener\">\t\t\t\t\t\t<div class=\"img-inner dark\" >\n\t\t\t<img decoding=\"async\" width=\"352\" height=\"160\" src=\"https:\/\/ddoptics.shop\/wp-content\/uploads\/2014\/09\/DDoptics-Garantie.jpg\" class=\"attachment-large size-large\" alt=\"Garantie DDoptics\" srcset=\"https:\/\/ddoptics.shop\/wp-content\/uploads\/2014\/09\/DDoptics-Garantie.jpg 352w, https:\/\/ddoptics.shop\/wp-content\/uploads\/2014\/09\/DDoptics-Garantie-304x138.jpg 304w, https:\/\/ddoptics.shop\/wp-content\/uploads\/2014\/09\/DDoptics-Garantie-305x139.jpg 305w, https:\/\/ddoptics.shop\/wp-content\/uploads\/2014\/09\/DDoptics-Garantie-250x114.jpg 250w\" sizes=\"(max-width: 352px) 100vw, 352px\" title=\"\">\t\t\t\t\t\t\n\t\t\t\t\t<\/div>\n\t\t\t\t\t\t<\/a>\t\t\n<style>\n#image_234561842 {\n  width: 100%;\n}\n<\/style>\n\t<\/div>\n\t\n\t<div id=\"gap-1047665655\" class=\"gap-element clearfix\" style=\"display:block; height:auto;\">\n\t\t\n<style>\n#gap-1047665655 {\n  padding-top: 15px;\n}\n<\/style>\n\t<\/div>\n\t\n\t<div id=\"text-1874762068\" class=\"text\">\n\t\t\n<p><span style=\"font-size: 80%;\"><em>\u21d2 <strong>R\u00e9glage MRAD 1 cm par 100 m<br \/>\n<\/strong>\u21d2 R\u00e9ticule MilDot ou Duplex<\/em><\/span><br \/>\n<span style=\"font-size: 80%;\"><em>\u21d2 Zero Stop Ring \/ but\u00e9e z\u00e9ro pour le r\u00e9glage de la hauteur<\/em><\/span><br \/>\n<span style=\"font-size: 80%;\"><em>\u21d2 NOUVEAU : point lumineux IFiber en option<\/em><\/span><br \/>\n<span style=\"font-size: 80%;\"><em>\u21d2 Contre-\u00e9clairage de l'\u00e9cran. \u00c9chelles (vent gauche- droite)<\/em><\/span><br \/>\n<span style=\"font-size: 80%;\"><em>\u21d2 30 ans de garantie DDoptics<\/em><\/span><br \/>\n<span style=\"font-size: 80%;\"><em>\u21d2 R\u00e9ticule MilDot : 2\u00e8me plan de l'image<\/em><\/span><br \/>\n<span style=\"font-size: 80%;\"><em>\u21d2 Pr\u00e9cision absolue de la r\u00e9currence<\/em><\/span><br \/>\n<span style=\"font-size: 80%;\"><em>\u21d2 Transmission lumineuse extr\u00eame jusqu'\u00e0 94,7%<\/em><\/span><br \/>\n<span style=\"font-size: 80%;\"><em>\u21d2 Point lumineux en fibre de verre<\/em><\/span><br \/>\n<span style=\"font-size: 80%;\"><em>\u21d2 Test de r\u00e9sistance au tir : 375H&amp;H 1000 coups<\/em><\/span><br \/>\n<span style=\"font-size: 80%;\"><em>\u21d2 Fonction de longue-vue gr\u00e2ce \u00e0 un grossissement \u00e9lev\u00e9<\/em><\/span><br \/>\n<span style=\"font-size: 80%;\"><em>\u21d2 Compensation de parallaxe r\u00e9glable en continu<\/em><\/span><br \/>\n<span style=\"font-size: 80%;\"><em>\u21d2 Possibilit\u00e9 de tirs tr\u00e8s lointains<\/em><\/span><\/p>\n\t\t\n<style>\n#text-1874762068 {\n  line-height: 1.15;\n  color: rgb(33, 107, 227);\n}\n#text-1874762068 > * {\n  color: rgb(33, 107, 227);\n}\n<\/style>\n\t<\/div>\n\t\n\t\t<\/div>\n\n\t\t\n<style>\n#section_212369879 {\n  padding-top: 30px;\n  padding-bottom: 30px;\n  background-color: rgb(232, 232, 232);\n}\n#section_212369879 .section-bg-overlay {\n  background-color: rgba(255,255,255,.5);\n}\n<\/style>\n\t<\/section>\n\t\n<div class=\"is-divider divider clearfix\" ><\/div>\n\t\t<\/div>\n\t\t\t\t\t<\/div>\n\n\t\n<\/div>\n<h3>Tourelles de r\u00e9glage R\u00e9glage rapide avec \u00e9chelles \u00e0 deux rang\u00e9es sur la lunette de vis\u00e9e 5-30\u00d750<\/h3>\n<figure id=\"attachment_21169\" aria-describedby=\"caption-attachment-21169\" style=\"width: 500px\" class=\"wp-caption alignright\"><img decoding=\"async\" class=\"size-full wp-image-21169\" src=\"https:\/\/ddoptics.shop\/wp-content\/uploads\/2020\/01\/ddoptics-tacticalasv.jpg\" alt=\"R\u00e9glage DDoptics tactical asv\" width=\"500\" height=\"150\" title=\"\" srcset=\"https:\/\/ddoptics.shop\/wp-content\/uploads\/2020\/01\/ddoptics-tacticalasv.jpg 500w, https:\/\/ddoptics.shop\/wp-content\/uploads\/2020\/01\/ddoptics-tacticalasv-304x91.jpg 304w, https:\/\/ddoptics.shop\/wp-content\/uploads\/2020\/01\/ddoptics-tacticalasv-305x92.jpg 305w, https:\/\/ddoptics.shop\/wp-content\/uploads\/2020\/01\/ddoptics-tacticalasv-422x127.jpg 422w, https:\/\/ddoptics.shop\/wp-content\/uploads\/2020\/01\/ddoptics-tacticalasv-250x75.jpg 250w\" sizes=\"(max-width: 500px) 100vw, 500px\" \/><figcaption id=\"caption-attachment-21169\" class=\"wp-caption-text\">R\u00e9glage rapide avec graduations oppos\u00e9es<\/figcaption><\/figure>\n<p>Nouveaut\u00e9 : sur la <strong>R\u00e9glage de la hauteur<\/strong> permet une <strong>double \u00e9chelle<\/strong> le nombre de fois qu'il a \u00e9t\u00e9 fait<strong> R\u00e9glages par clic<\/strong> de lire et d'ajuster.\u00a0 <strong>Apr\u00e8s la mise en place<\/strong> peut \u00eatre <strong>R\u00e9glage du r\u00e9ticule <\/strong>\u00e0 nouveau simple<strong> \u00eatre mis \u00e0 z\u00e9ro<\/strong>.<\/p>\n<p>Pour cela, il suffit de desserrer la s\u00e9curit\u00e9 de la tour \u00e0 l'aide d'une pi\u00e8ce de monnaie ou d'un tournevis. Ensuite, la <strong>R\u00e9glage du z\u00e9ro<\/strong> au moyen du <strong>Zerostop \/ But\u00e9e z\u00e9ro<\/strong> bloqu\u00e9 par le bas pour obtenir une but\u00e9e en position z\u00e9ro.<\/p>\n<p>Le site <strong>R\u00e9glage lat\u00e9ral <\/strong>est accompagn\u00e9 de deux<strong> \u00e9chelles oppos\u00e9es<\/strong> est \u00e9tiquet\u00e9. En partant du r\u00e9glage z\u00e9ro, on peut ici <strong>Direction et force du vent<\/strong>ou un \u00e9ventuel mouvement de la cible.<\/p>\n<h3>DDoptics Tactique <a href=\"https:\/\/de.wikipedia.org\/wiki\/Absehen\" target=\"_blank\" rel=\"noopener sponsored\" data-schema-attribute=\"\">R\u00e9ticule lumineux MilDot<\/a> sur le 2e plan d'image<\/h3>\n<p>Le site <strong>Lunette de vis\u00e9e V6 5-30\u00d750 Tactical MRAD<\/strong> dispose d'un r\u00e9ticule Mildot normalis\u00e9 \u00e0 un grossissement de 10x dans le plan image de l'oculaire ( 2\u00e8me plan image ). Il reste ainsi toujours de la m\u00eame taille lors du changement de grossissement. M\u00eame \u00e0 un grossissement de 30 fois, le <strong>r\u00e9ticule la cible seulement 1,8 mm<\/strong> \u00e0 une distance de tir de 100 m et le champ de vision est encore de 1,1 m \u00e0 100 m avec ce grossissement maximal. L'optique de vis\u00e9e permet de viser \u00e0 la vitesse de l'\u00e9clair. Le r\u00e9ticule se r\u00e8gle <strong>par clic de 0,1 MRAD<\/strong>, soit pour <strong>1 cm pour 100 m<\/strong>. Sur 300 m, cela correspond \u00e0 un changement de position du point d'impact d'environ 3 cm par clic.<\/p>\n<p><strong>Plage de r\u00e9glage totale :<\/strong><\/p>\n<ul>\n<li>165 clics<\/li>\n<li>correspond \u00e0 16,5 MRAD<\/li>\n<li>correspond \u00e0 8,25 MRAD par page<\/li>\n<\/ul>\n<h3>Lunette de vis\u00e9e 5-30\u00d750 - Performance optique de la cible<\/h3>\n<p>La r\u00e9mun\u00e9ration co\u00fbteuse laisse <strong>aucun r\u00e9flexe<\/strong> <strong>ou lumi\u00e8re diffuse<\/strong> \u00e0 . M\u00eame en cas de <strong>grossissement 30 fois<\/strong> vous verrez une image contrast\u00e9e et <strong>image aux couleurs fid\u00e8les<\/strong> avec <strong>des propri\u00e9t\u00e9s exceptionnelles de nettet\u00e9 des bords<\/strong>.<\/p>\n<h3>Repr\u00e9sentabilit\u00e9 des zones proches et compensation de la parallaxe<\/h3>\n<p>Les Nighteagle 5-30\u00d750 tactical sont nettes \u00e0 partir de 12 m avec un grossissement de 5x et \u00e0 partir de 25 m avec un grossissement de 30x.<\/p>\n<h3>Point lumineux \u00e0 variation fine avec zone de vision nocturne<\/h3>\n<p>Le site <strong>Point lumineux en fibre optique<\/strong> pour le r\u00e9ticule lumineux est si petit qu'il n'y a que<strong> la couverture cible la plus faible possible<\/strong> vient. Le point lumineux peut \u00eatre att\u00e9nu\u00e9 en continu de 100 pour cent jusqu'\u00e0 ce qu'il ne soit plus perceptible par l'\u0153il humain.<\/p>\n<p>Sur <strong>point lumineux activ\u00e9<\/strong> De plus, il n'y a pas de lumi\u00e8re g\u00eanante ni de r\u00e9flexions \u00e0 l'int\u00e9rieur de l'optique. Comme les <strong>Unit\u00e9 d'\u00e9clairage produite \u00e0 la main<\/strong> Les souhaits sp\u00e9cifiques des clients peuvent \u00eatre pris en compte individuellement.<\/p>\n<h3>Fabrication robuste, montage facile<\/h3>\n<p>Le site <strong>Remplissage d'azote<\/strong> de la Nighteagle 5-30\u00d750 Tactical assure une <strong>Imperm\u00e9abilit\u00e9 \u00e0 l'eau<\/strong> (0,3 kg\/centim\u00e8tre carr\u00e9) et prot\u00e8ge contre la bu\u00e9e int\u00e9rieure. <strong>Engagement le plus rude<\/strong> n'affecte pas le tube de la lunette de vis\u00e9e, qui est fabriqu\u00e9 en duralumin (70 %), en laiton (20 %) et en acier (10 %).<\/p>\n<p><strong>Important :<\/strong> Le site <strong>R\u00e9sistance aux chocs<\/strong> est de 1 000 G ou 6 500 joules. L'optique de la cible reste \u00e9galement <strong>des temp\u00e9ratures extr\u00eames<\/strong> enti\u00e8rement fonctionnel (+80 degr\u00e9s Celsius \u00e0 min.-20 degr\u00e9s Celsius).<\/p>\n<h3>Distance interpupillaire et r\u00e9glage dioptrique<\/h3>\n<p>Le site <strong>Distance entre les yeux<\/strong> est de 89 mm, ce qui permet une utilisation sans probl\u00e8me avec des calibres plus puissants. Pour toute la plage de grossissement, il suffit d'effectuer trois quarts de tour.<\/p>","protected":false},"excerpt":{"rendered":"<p><img decoding=\"async\" class=\"alignnone wp-image-10452 size-full\" title=\"Tir sportif Target\" src=\"https:\/\/ddoptics.shop\/wp-content\/uploads\/2016\/07\/Target-Schiessen.jpg\" alt=\"Tir sportif Target Long Range\" width=\"50\" height=\"50\" \/><img decoding=\"async\" class=\"alignnone wp-image-10180 size-full\" title=\"Jumelles de randonn\u00e9e en montagne\" src=\"https:\/\/ddoptics.shop\/wp-content\/uploads\/2016\/04\/Bergwandern-klein.jpg\" alt=\"Jumelles de randonn\u00e9e en montagne\" width=\"50\" height=\"50\" \/><br \/>\nLa nouvelle <strong>Optique de vis\u00e9e pour tireurs sportifs avec MRAD et <span style=\"color: #ff0000;\"><strong><span class=\"userContent\">Type de verre CT (Clear-Transmission) de DDoptics<\/span><\/strong><\/span>. <\/strong>En option avec le syst\u00e8me intelligent<strong> <a title=\"NOUVEAU point lumineux IFiber de DDoptics\" href=\"\/fr\/wiki-sur-les-mots-techniques\/point-lumineux-intelligent-ddoptics-ifiber\/\" target=\"_blank\" rel=\"noopener noreferrer\">IFiber Point lumineux<\/a><\/strong> pour <strong>seulement \u20ac99,- de suppl\u00e9ment.<\/strong><i class=\"delivery--status-icon delivery--status-more-is-coming\"><\/i><\/p>\n<a href=\"https:\/\/amzn.to\/3AMUzO6\" target=\"_blank\" class=\"button success is-success is-small\" rel=\"\u201dnofollow\u201d noopener\" >\n\t\t<span>client amazon ? - profiter des avantages prime ?<\/span>\n\t<\/a>","protected":false},"featured_media":21176,"comment_status":"open","ping_status":"closed","template":"","meta":{"inline_featured_image":false,"footnotes":""},"product_brand":[],"product_cat":[480,453,697,641,919,637,68],"product_tag":[587,78,80,940,1098,79],"class_list":{"0":"post-21141","1":"product","2":"type-product","3":"status-publish","4":"has-post-thumbnail","6":"product_cat-5-30x50","7":"product_cat-50-mm-objektivdurchmesser","8":"product_cat-mrad-klickverstellung","9":"product_cat-sportschiessen","10":"product_cat-v6-6-fach-zoom","11":"product_cat-zf-anwendung","12":"product_cat-zielfernrohr","13":"product_tag-5-30x50","14":"product_tag-ddoptics","15":"product_tag-gen-3","16":"product_tag-mrad-zielfernrohr","17":"product_tag-nighteagle","18":"product_tag-zielfernrohr","19":"product_shipping_class-paket","20":"pa_brand-marke-ddoptics","21":"pa_produkt-typ-zielfernrohr","23":"first","24":"instock","25":"sale","26":"taxable","27":"shipping-taxable","28":"purchasable","29":"product-type-bundle"},"bundled_by":[],"bundle_stock_status":"instock","bundle_stock_quantity":44,"bundle_virtual":false,"bundle_layout":"default","bundle_add_to_cart_form_location":"default","bundle_editable_in_cart":false,"bundle_sold_individually_context":"product","bundle_item_grouping":"parent","bundle_min_size":"","bundle_max_size":"","bundle_price":{"price":{"min":{"incl_tax":"1042.01","excl_tax":"868.34"},"max":{"incl_tax":"1146.32","excl_tax":"955.26"}},"regular_price":{"min":{"incl_tax":"1158.01","excl_tax":"965.01"},"max":{"incl_tax":"1273.9","excl_tax":"1061.58"}}},"bundled_items":[{"bundled_item_id":83,"product_id":12809,"menu_order":0,"quantity_min":1,"quantity_max":1,"quantity_default":1,"priced_individually":true,"shipped_individually":false,"override_title":true,"title":"","override_description":false,"description":"","optional":false,"hide_thumbnail":true,"discount":"","override_variations":true,"allowed_variations":[12810,12811],"override_default_variation_attributes":false,"default_variation_attributes":[],"single_product_visibility":"visible","cart_visibility":"visible","order_visibility":"visible","single_product_price_visibility":"visible","cart_price_visibility":"visible","order_price_visibility":"visible","stock_status":"in_stock"},{"bundled_item_id":84,"product_id":12812,"menu_order":1,"quantity_min":1,"quantity_max":1,"quantity_default":1,"priced_individually":true,"shipped_individually":false,"override_title":true,"title":"Presque un cadeau en plus - Flip Caps","override_description":false,"description":"","optional":true,"hide_thumbnail":false,"discount":"68.55","override_variations":true,"allowed_variations":[12820],"override_default_variation_attributes":true,"default_variation_attributes":[{"id":17,"name":"Taille de la lunette de vis\u00e9e","option":"5-30x50"}],"single_product_visibility":"visible","cart_visibility":"visible","order_visibility":"visible","single_product_price_visibility":"visible","cart_price_visibility":"visible","order_price_visibility":"visible","stock_status":"in_stock"}],"bundle_sell_ids":[],"_links":{"self":[{"href":"https:\/\/ddoptics.shop\/fr\/wp-json\/wp\/v2\/product\/21141","targetHints":{"allow":["GET"]}}],"collection":[{"href":"https:\/\/ddoptics.shop\/fr\/wp-json\/wp\/v2\/product"}],"about":[{"href":"https:\/\/ddoptics.shop\/fr\/wp-json\/wp\/v2\/types\/product"}],"replies":[{"embeddable":true,"href":"https:\/\/ddoptics.shop\/fr\/wp-json\/wp\/v2\/comments?post=21141"}],"version-history":[{"count":34,"href":"https:\/\/ddoptics.shop\/fr\/wp-json\/wp\/v2\/product\/21141\/revisions"}],"predecessor-version":[{"id":29150,"href":"https:\/\/ddoptics.shop\/fr\/wp-json\/wp\/v2\/product\/21141\/revisions\/29150"}],"wp:featuredmedia":[{"embeddable":true,"href":"https:\/\/ddoptics.shop\/fr\/wp-json\/wp\/v2\/media\/21176"}],"wp:attachment":[{"href":"https:\/\/ddoptics.shop\/fr\/wp-json\/wp\/v2\/media?parent=21141"}],"wp:term":[{"taxonomy":"product_brand","embeddable":true,"href":"https:\/\/ddoptics.shop\/fr\/wp-json\/wp\/v2\/product_brand?post=21141"},{"taxonomy":"product_cat","embeddable":true,"href":"https:\/\/ddoptics.shop\/fr\/wp-json\/wp\/v2\/product_cat?post=21141"},{"taxonomy":"product_tag","embeddable":true,"href":"https:\/\/ddoptics.shop\/fr\/wp-json\/wp\/v2\/product_tag?post=21141"}],"curies":[{"name":"wp","href":"https:\/\/api.w.org\/{rel}","templated":true}]}}