{"id":23245,"date":"2020-08-12T10:24:47","date_gmt":"2020-08-12T08:24:47","guid":{"rendered":"https:\/\/ddoptics.shop\/?post_type=product&#038;p=23245"},"modified":"2025-10-03T14:12:14","modified_gmt":"2025-10-03T12:12:14","slug":"lunette-de-visee-nighteagle-5-30x50-v6-a4n-mrad-gen-3","status":"publish","type":"product","link":"https:\/\/ddoptics.shop\/fr\/kaufen\/zielfernrohr-nighteagle-5-30x50-v6-a4n-mrad-gen-3\/","title":{"rendered":"DDoptics Nighteagle 5-30\u00d750 Lunette de vis\u00e9e | V6 | A4N | R\u00e9glage MRAD - Gen 3"},"content":{"rendered":"<div class=\"container section-title-container\" ><h3 class=\"section-title section-title-normal\"><b aria-hidden=\"true\"><\/b><span class=\"section-title-main\" ><i class=\"icon-cross\" aria-hidden=\"true\"><\/i>Aper\u00e7u de la lunette de vis\u00e9e Nighteagle 5-30x50 de DDoptics<\/span><b aria-hidden=\"true\"><\/b><\/h3><\/div>\n<table style=\"background-color: #cacaca; width: 100%;\">\n<tbody>\n<tr style=\"height: 24px;\">\n<td style=\"height: 24px; width: 20%;\">Tube<\/td>\n<td style=\"height: 24px; width: 30%;\">Tube mono de 30 mm<\/td>\n<td style=\"height: 24px; width: 20%;\">Champ de vision : m @100 m<\/td>\n<td style=\"height: 24px; width: 30%;\">7,2 - 1,1 m<\/td>\n<\/tr>\n<tr style=\"height: 24px;\">\n<td style=\"height: 24px; width: 20%;\">Syst\u00e8me optique<\/td>\n<td style=\"height: 24px; width: 30%;\">5-30- fois<\/td>\n<td style=\"height: 24px; width: 20%;\">Distance entre les yeux<\/td>\n<td style=\"height: 24px; width: 30%;\">90,5 mm - 91,5 mm<\/td>\n<\/tr>\n<tr style=\"height: 24px;\">\n<td style=\"height: 24px; width: 20%;\">Objectif<\/td>\n<td style=\"height: 24px; width: 30%;\">50 mm<\/td>\n<td style=\"height: 24px; width: 20%;\">Longueur<\/td>\n<td style=\"height: 24px; width: 30%;\">348 mm<\/td>\n<\/tr>\n<tr style=\"height: 24px;\">\n<td style=\"height: 24px; width: 20%;\">R\u00e9ticule<\/td>\n<td style=\"height: 24px; width: 30%;\">New R\u00e9ticule 4 - chasse<\/td>\n<td style=\"height: 24px; width: 20%;\">Poids<\/td>\n<td style=\"height: 24px; width: 30%;\">\u00a0742 g<\/td>\n<\/tr>\n<tr style=\"height: 24px;\">\n<td style=\"height: 24px; width: 20%;\">Point lumineux<\/td>\n<td style=\"height: 24px; width: 30%;\">LP 2 ou iFiber<\/td>\n<td style=\"height: 24px; width: 20%;\">Protection contre la bu\u00e9e<\/td>\n<td style=\"height: 24px; width: 30%;\">Remplissage d'azote contre la bu\u00e9e<\/td>\n<\/tr>\n<tr style=\"height: 24px;\">\n<td style=\"height: 24px; width: 20%;\">Focus\/Parallaxe<\/td>\n<td style=\"height: 24px; width: 30%;\">Objectif r\u00e9glable 20 m \u00e0 l'infini<\/td>\n<td style=\"height: 24px; width: 20%;\">\u00a0\u00c9tanch\u00e9it\u00e9<\/td>\n<td style=\"height: 24px; width: 30%;\">R\u00e9sistant \u00e0 l'eau et aux chocs<\/td>\n<\/tr>\n<\/tbody>\n<\/table>\n<div class=\"row\"  id=\"row-1189291649\">\n\n\t<div id=\"col-875579085\" class=\"col medium-8 small-12 large-8\"  >\n\t\t\t\t<div class=\"col-inner\"  >\n\t\t\t\n\t\t\t\n<h2>Lunette de vis\u00e9e DDoptics Nighteagle 5-30\u00d750 V6 - Focale lumineuse avec zoom 6x pour une pr\u00e9cision de chasse \u00e0 longue distance &amp; un design de chasseur<\/h2>\n<p>Sur le site <strong>Lunette de vis\u00e9e\u00a0<\/strong>Nighteagle\u00a0<strong>5-30\u00d750 \"cyn\u00e9g\u00e9tique<\/strong>\", il s'agit d'une optique haute performance avec <a href=\"https:\/\/ddoptics.shop\/fr\/boutique\/lunette-de-visee\/v6-zoom-6x\/\" target=\"_blank\" rel=\"noopener noreferrer\">zoom 6x<\/a> et une technique innovante. Avec des parois de cadre robustes de 2 mm, cette optique se situe m\u00eame en dessous de la moyenne.<strong> au-dessus des normes militaires.<\/strong><\/p>\n<p>Les petites tourelles de r\u00e9glage du r\u00e9ticule, tr\u00e8s discr\u00e8tes, sont en alliage d'aluminium et sont d\u00e9pourvues de toute pi\u00e8ce en plastique.<\/p>\n<p>Le site<strong> version cyn\u00e9g\u00e9tique de l'optique de vis\u00e9e tactique<\/strong> dispose \u00e9galement de la m\u00eame <strong>r\u00e9glage par clic tactique d\u00e9fini, pr\u00e9cis et dur,<\/strong> et garantit ainsi une pr\u00e9cision et une r\u00e9p\u00e9tabilit\u00e9 absolues.<\/p>\n<p>5-30\u00d750 - l'optique de vis\u00e9e parfaite pour la chasse \u00e0 longue distance<\/p>\n<h3>La ZF 5-30\u00d750 poss\u00e8de un fort grossissement - m\u00eame en cas de faible luminosit\u00e9<\/h3>\n<p>Le site <strong>La chasse dans les grands territoires de campagne exige des optiques de vis\u00e9e<\/strong> de l'objectif. Des grossissements \u00e9lev\u00e9s permettent une r\u00e9ponse s\u00fbre \u00e0 de longues distances, mais il est important que la luminosit\u00e9 de l'image soit encore utilisable m\u00eame en cas de grossissement \u00e9lev\u00e9.<\/p>\n<p>C'est pr\u00e9cis\u00e9ment dans ce but que notre<strong> optique de vis\u00e9e 5-30\u00d750 pour la chasse<\/strong> a \u00e9t\u00e9 cr\u00e9\u00e9.<\/p>\n<p>Le site<strong> design cyn\u00e9g\u00e9tique discret<\/strong> dissimule discr\u00e8tement les performances de la lunette de vis\u00e9e. Les petites tourelles de r\u00e9glage du r\u00e9ticule n'ont rien \u00e0 envier aux grandes tourelles tactiques en termes d'utilisation.<\/p>\n<h3>Performance optique de la lunette de vis\u00e9e 5-30\u00d750<\/h3>\n<p>L'optique HD extra \u00e9labor\u00e9e offre, gr\u00e2ce au traitement sp\u00e9cialement con\u00e7u pour cette optique, <strong>qui n'ont aucun reflet ou lumi\u00e8re parasite<\/strong> permet d'obtenir, m\u00eame \u00e0 un grossissement de 30 fois, une image contrast\u00e9e et aux couleurs fid\u00e8les, avec un contraste \u00e9lev\u00e9. <strong>d'excellentes propri\u00e9t\u00e9s de nettet\u00e9 des bords.<\/strong><\/p>\n<p>Les franges de couleur ont notamment pu \u00eatre r\u00e9duites au minimum. Ainsi, le <strong>Nighteagle 5-30\u00d750 Tactical<\/strong> peut \u00e9galement \u00eatre utilis\u00e9 comme longue-vue et pour une r\u00e9ponse s\u00fbre \u00e0 de grandes distances.<\/p>\n\t\t<\/div>\n\t\t\t\t\t<\/div>\n\n\t\n\n\t<div id=\"col-1308511158\" class=\"col medium-4 small-12 large-4\"  >\n\t\t\t\t<div class=\"col-inner\"  >\n\t\t\t\n\t\t\t\n<a class=\"button primary expand\" >\n\t\t<span>Particularit\u00e9s de la lunette de vis\u00e9e<\/span>\n\t<\/a>\n\n\n\t<section class=\"section\" id=\"section_203724961\">\n\t\t<div class=\"section-bg fill\" >\n\t\t\t\t\t\t\t\t\t<div class=\"section-bg-overlay absolute fill\"><\/div>\n\t\t\t\n\n\t\t<\/div>\n\n\t\t\n\n\t\t<div class=\"section-content relative\">\n\t\t\t\n\t<div class=\"img has-hover x md-x lg-x y md-y lg-y\" id=\"image_414362924\">\n\t\t<a class=\"\" href=\"https:\/\/www.ddoptics.de\/garantiebestimmungen\" target=\"_blank\" rel=\"no follow noopener\">\t\t\t\t\t\t<div class=\"img-inner dark\" >\n\t\t\t<img decoding=\"async\" width=\"352\" height=\"160\" src=\"https:\/\/ddoptics.shop\/wp-content\/uploads\/2014\/09\/DDoptics-Garantie.jpg\" class=\"attachment-large size-large\" alt=\"Garantie DDoptics\" srcset=\"https:\/\/ddoptics.shop\/wp-content\/uploads\/2014\/09\/DDoptics-Garantie.jpg 352w, https:\/\/ddoptics.shop\/wp-content\/uploads\/2014\/09\/DDoptics-Garantie-304x138.jpg 304w, https:\/\/ddoptics.shop\/wp-content\/uploads\/2014\/09\/DDoptics-Garantie-305x139.jpg 305w, https:\/\/ddoptics.shop\/wp-content\/uploads\/2014\/09\/DDoptics-Garantie-250x114.jpg 250w\" sizes=\"(max-width: 352px) 100vw, 352px\" title=\"\">\t\t\t\t\t\t\n\t\t\t\t\t<\/div>\n\t\t\t\t\t\t<\/a>\t\t\n<style>\n#image_414362924 {\n  width: 100%;\n}\n<\/style>\n\t<\/div>\n\t\n\t<div id=\"gap-750929881\" class=\"gap-element clearfix\" style=\"display:block; height:auto;\">\n\t\t\n<style>\n#gap-750929881 {\n  padding-top: 15px;\n}\n<\/style>\n\t<\/div>\n\t\n\t<div id=\"text-3694040448\" class=\"text\">\n\t\t\n<p><span style=\"font-size: 80%;\"><em>\u21d2 Nouveau verre CT ( clear transmission )<\/em><\/span><br \/>\n<span style=\"font-size: 80%;\"><em>\u21d2 Zerostop ( pour la but\u00e9e z\u00e9ro )<\/em><\/span><br \/>\n<span style=\"font-size: 80%;\"><em>\u21d2 double tour (double \u00e9chelle)<\/em><\/span><br \/>\n<span style=\"font-size: 80%;\"><em>\u21d2 R\u00e9glage horizontal de la direction oppos\u00e9e. \u00e9chelle ( vent gauche - droite )<\/em><\/span><br \/>\n<span style=\"font-size: 80%;\"><em>\u21d2 tr\u00e8s haute r\u00e9solution<\/em><\/span><br \/>\n<span style=\"font-size: 80%;\"><em>\u21d2 mod\u00e8le cyn\u00e9g\u00e9tique discret avec petites tourelles<\/em><\/span><br \/>\n<span style=\"font-size: 80%;\"><em>\u21d2 NOUVEAU : point lumineux en fibre optique - point lumineux iFiber en option<\/em><\/span><br \/>\n<span style=\"font-size: 80%;\"><em>\u21d2 30 ans de garantie DDoptics<\/em><\/span><br \/>\n<span style=\"font-size: 80%;\"><em>\u21d2 New R\u00e9ticule 4 : 2\u00e8me plan de l'image<\/em><\/span><br \/>\n<span style=\"font-size: 80%;\"><em>\u21d2 Pr\u00e9cision absolue de la r\u00e9currence<\/em><\/span><br \/>\n<span style=\"font-size: 80%;\"><em>\u21d2 Transmission lumineuse extr\u00eame jusqu'\u00e0 94,7%<\/em><\/span><br \/>\n<span style=\"font-size: 80%;\"><em>\u21d2 Test de r\u00e9sistance aux balles : <a href=\"https:\/\/de.wikipedia.org\/wiki\/.375_Holland_%26_Holland_Magnum\" target=\"_blank\" rel=\"noopener noreferrer\">375 H&amp;H<\/a> 1000 coups<\/em><\/span><br \/>\n<span style=\"font-size: 80%;\"><em>\u21d2 Fonction de longue-vue gr\u00e2ce \u00e0 un grossissement \u00e9lev\u00e9<\/em><\/span><br \/>\n<span style=\"font-size: 80%;\"><em>\u21d2 Compensation de parallaxe r\u00e9glable en continu<\/em><\/span><br \/>\n<span style=\"font-size: 80%;\"><em>\u21d2 Possibilit\u00e9 de tirs tr\u00e8s lointains<\/em><\/span><\/p>\n\t\t\n<style>\n#text-3694040448 {\n  line-height: 1.15;\n  color: rgb(33, 107, 227);\n}\n#text-3694040448 > * {\n  color: rgb(33, 107, 227);\n}\n<\/style>\n\t<\/div>\n\t\n\t\t<\/div>\n\n\t\t\n<style>\n#section_203724961 {\n  padding-top: 30px;\n  padding-bottom: 30px;\n  background-color: rgb(232, 232, 232);\n}\n#section_203724961 .section-bg-overlay {\n  background-color: rgba(255,255,255,.5);\n}\n<\/style>\n\t<\/section>\n\t\n<div class=\"is-divider divider clearfix\" ><\/div>\n\t\t<\/div>\n\t\t\t\t\t<\/div>\n\n\t\n<\/div>\n<h3>Chasse <a href=\"https:\/\/de.wikipedia.org\/wiki\/Absehen\" target=\"_blank\" rel=\"noopener sponsored\" data-schema-attribute=\"\">R\u00e9ticule lumineux A4N<\/a><\/h3>\n<p>Le site <strong>Lunette de vis\u00e9e Nighteagle 5-30\u00d750<\/strong> - A4N dispose du r\u00e9ticule 4 N moderne, qui conna\u00eet un grand succ\u00e8s.<\/p>\n<h3>Nouveau r\u00e9ticule 4N pour une couverture minimale de la cible<\/h3>\n<p>En regardant \u00e0 travers les <strong>nouvelle lunette de vis\u00e9e -G\u00e9n\u00e9ration 3<\/strong>\u00a0l'observateur reconna\u00eet imm\u00e9diatement le design pratique :<br \/>\nLe r\u00e9ticule du r\u00e9ticule 4 est beaucoup plus fin et les barres ext\u00e9rieures un peu plus \u00e9paisses ne sont plus que la moiti\u00e9 de l'\u00e9paisseur et sont nettement plus espac\u00e9es.<\/p>\n<p>Avec un grand avantage, en particulier pour le chasseur dans des conditions de faible luminosit\u00e9, car le<strong> Cible \u00e0 peine cach\u00e9e<\/strong> ce qui permet de soutenir de mani\u00e8re optimale une frappe rapide comme l'\u00e9clair et s\u00fbre.<\/p>\n<p>Le site <strong>Le r\u00e9ticule se trouve dans le plan focal de l'oculaire ( 2\u00e8me plan focal ).<\/strong> Il reste ainsi toujours de la m\u00eame taille lors du changement de grossissement. M\u00eame avec un grossissement de 30x, le r\u00e9ticule ne masque la cible que de 3,91 mm \u00e0 une distance de tir de 100 m et le champ de vision est toujours de 1,1 m \u00e0 100 m avec ce grossissement maximal.<\/p>\n<p>L'optique de vis\u00e9e permet de viser \u00e0 la vitesse de l'\u00e9clair. Le r\u00e9ticule se d\u00e9place d'un huiti\u00e8me de MOA ( minute of angle ) par clic, c'est-\u00e0-dire de 3,65 mm \u00e0 100 m\u00e8tres. \u00c0 300 m, cela correspond \u00e0 un changement de position du point d'impact d'environ 10 mm par clic.<\/p>\n<p><strong>Nouvelles fonctionnalit\u00e9s<\/strong><\/p>\n<p>Quelles sont les nouveaut\u00e9s des lunettes de vis\u00e9e de la derni\u00e8re g\u00e9n\u00e9ration ?<br \/>\nAu premier coup d'\u0153il, 3 changements sautent aux yeux.<\/p>\n<p>1. la bague de r\u00e9glage de l'agrandissement a \u00e9t\u00e9 modifi\u00e9e de mani\u00e8re frappante et offre d\u00e9sormais une meilleure prise en main gr\u00e2ce \u00e0 sa structure plus grossi\u00e8re.<br \/>\n2. le r\u00e9ticule 4 a \u00e9t\u00e9 nettement affin\u00e9 et fait plus de place au centre<br \/>\n3. le r\u00e9glage du r\u00e9ticule est en m\u00e9tal, il est plus clair et dispose d'un double-tour et d'un z\u00e9ro-stop.<\/p>\n<h3>M\u00e9canisme de r\u00e9glage robuste pour une utilisation intensive avec Zerostop &amp; ASV<\/h3>\n<p>Le site <strong>Tours de r\u00e9glage du r\u00e9ticule des optiques de vis\u00e9e DDoptics de g\u00e9n\u00e9ration 3<\/strong>\u00a0sont constitu\u00e9s d'un alliage d'aluminium robuste et sont exempts de toute pi\u00e8ce en plastique.<br \/>\nToutes les pi\u00e8ces en aluminium sont rev\u00eatues de la nouvelle finition non brillante, <strong>Rev\u00eatement anodis\u00e9 DDoptics fine-black<\/strong> pourvu que<\/p>\n<p>Le m\u00e9canisme de r\u00e9glage a \u00e9t\u00e9 adapt\u00e9 \u00e0 la version Tactical, ce qui signifie qu'il est non seulement tr\u00e8s r\u00e9sistant aux chocs et compl\u00e8tement \u00e9tanche, mais qu'il est aussi tr\u00e8s souple et donc prot\u00e9g\u00e9 contre les d\u00e9r\u00e9glages involontaires. Ainsi, le r\u00e9glage du r\u00e9ticule peut \u00e9galement \u00eatre utilis\u00e9 \"ouvert\", c'est-\u00e0-dire sans fermeture \u00e0 vis, dans le cadre de la chasse quotidienne, afin de pouvoir r\u00e9gler rapidement le r\u00e9ticule en fonction de la situation.<\/p>\n<h3>R\u00e9glage rapide du r\u00e9ticule avec Zerostop<\/h3>\n<p>Sur une <strong>double \u00e9chelle (Doubleturn) sur la tour de r\u00e9glage de la hauteur<\/strong> permet de lire le nombre de r\u00e9glages par clic effectu\u00e9s et de les ajuster en cons\u00e9quence.<br \/>\nApr\u00e8s le tir, le r\u00e9glage du r\u00e9ticule peut \u00eatre \"mis \u00e0 z\u00e9ro\".<\/p>\n<p>Ensuite, le r\u00e9glage du z\u00e9ro est bloqu\u00e9 par le bas \u00e0 l'aide de l'anneau Zerostop afin d'atteindre la position z\u00e9ro.<\/p>\n<p>En partant de la position z\u00e9ro, il est possible - en supposant que l'on connaisse le mode de fonctionnement du laboratoire - d'effectuer les op\u00e9rations suivantes <strong>diff\u00e9rentes distances de tir au moyen d'un syst\u00e8me de marquage<\/strong> \u00eatre pr\u00e9r\u00e9gl\u00e9.<\/p>\n<p>La tourelle de r\u00e9glage lat\u00e9ral est marqu\u00e9e de deux \u00e9chelles oppos\u00e9es. En partant du r\u00e9glage z\u00e9ro, on peut y pr\u00e9r\u00e9gler le r\u00e9ticule en fonction de la direction et de la force du vent ou d'un \u00e9ventuel mouvement de la cible.<\/p>\n<p>La compensation de parallaxe garantit une image parfaitement nette et sans fatigue d\u00e8s 25 m, quel que soit le r\u00e9glage de grossissement, tout en corrigeant l'erreur de tir due \u00e0 la vision oblique.<\/p>","protected":false},"excerpt":{"rendered":"<p><img decoding=\"async\" class=\"alignnone wp-image-10452 size-full\" title=\"Tir sportif Target\" src=\"https:\/\/ddoptics.shop\/wp-content\/uploads\/2016\/07\/Target-Schiessen.jpg\" alt=\"Tir sportif Target\" width=\"50\" height=\"50\" \/><img decoding=\"async\" class=\"alignnone wp-image-10178 size-full\" title=\"Chasse en montagne\" src=\"https:\/\/ddoptics.shop\/wp-content\/uploads\/2016\/04\/Gebirgsjagd-klein.jpg\" alt=\"Jumelles de chasse en montagne\" width=\"50\" height=\"50\" \/><br \/>\nLa nouvelle <strong>Optique de vis\u00e9e pour tireurs sportifs avec <strong>nouveau <\/strong><span style=\"color: #ff0000;\"><strong><span class=\"userContent\">Type de verre CT Glas (Clear-Transmission) de DDoptics.<\/span><\/strong><\/span><\/strong> En option : <strong><a title=\"NOUVEAU point lumineux IFiber de DDoptics\" href=\"\/fr\/wiki-sur-les-mots-techniques\/point-lumineux-intelligent-ddoptics-ifiber\/\" target=\"_blank\" rel=\"noopener noreferrer\">IFiber Point lumineux<\/a><\/strong> pour <strong>seulement \u20ac99,- de suppl\u00e9ment.<\/strong><\/p>\n<a href=\"https:\/\/amzn.to\/3PlT7Gn\" target=\"_blank\" class=\"button success is-success is-small\" rel=\"\u201dnofollow\u201d noopener\" >\n\t\t<span>client amazon ? - profiter des avantages prime ?<\/span>\n\t<\/a>","protected":false},"featured_media":23250,"comment_status":"open","ping_status":"closed","template":"","meta":{"inline_featured_image":false,"footnotes":""},"product_brand":[],"product_cat":[480,453,638,697,640,919,637,68],"product_tag":[587,78,80,696,1098,956,79],"class_list":{"0":"post-23245","1":"product","2":"type-product","3":"status-publish","4":"has-post-thumbnail","6":"product_cat-5-30x50","7":"product_cat-50-mm-objektivdurchmesser","8":"product_cat-ansitzjagd","9":"product_cat-mrad-klickverstellung","10":"product_cat-pirschjagd-und-gebirgsjagd","11":"product_cat-v6-6-fach-zoom","12":"product_cat-zf-anwendung","13":"product_cat-zielfernrohr","14":"product_tag-5-30x50","15":"product_tag-ddoptics","16":"product_tag-gen-3","17":"product_tag-mrad","18":"product_tag-nighteagle","19":"product_tag-v6","20":"product_tag-zielfernrohr","21":"product_shipping_class-paket","22":"pa_brand-marke-ddoptics","23":"pa_produkt-typ-zielfernrohr","25":"first","26":"outofstock","27":"sale","28":"taxable","29":"shipping-taxable","30":"purchasable","31":"product-type-bundle"},"bundled_by":[],"bundle_stock_status":"outofstock","bundle_stock_quantity":0,"bundle_virtual":false,"bundle_layout":"default","bundle_add_to_cart_form_location":"default","bundle_editable_in_cart":false,"bundle_sold_individually_context":"product","bundle_item_grouping":"parent","bundle_min_size":"","bundle_max_size":"","bundle_price":{"price":{"min":{"incl_tax":"799.01","excl_tax":"665.84"},"max":{"incl_tax":"903.32","excl_tax":"752.76"}},"regular_price":{"min":{"incl_tax":"1095.01","excl_tax":"912.51"},"max":{"incl_tax":"1210.9","excl_tax":"1009.08"}}},"bundled_items":[{"bundled_item_id":93,"product_id":12809,"menu_order":0,"quantity_min":1,"quantity_max":1,"quantity_default":1,"priced_individually":true,"shipped_individually":false,"override_title":true,"title":"","override_description":false,"description":"","optional":false,"hide_thumbnail":false,"discount":"","override_variations":true,"allowed_variations":[12810,12811],"override_default_variation_attributes":false,"default_variation_attributes":[],"single_product_visibility":"visible","cart_visibility":"visible","order_visibility":"visible","single_product_price_visibility":"visible","cart_price_visibility":"visible","order_price_visibility":"visible","stock_status":"in_stock"},{"bundled_item_id":94,"product_id":12812,"menu_order":1,"quantity_min":1,"quantity_max":1,"quantity_default":1,"priced_individually":true,"shipped_individually":false,"override_title":true,"title":"Kit de bouchons de protection presque offert","override_description":true,"description":"","optional":true,"hide_thumbnail":false,"discount":"68.55","override_variations":true,"allowed_variations":[12820],"override_default_variation_attributes":true,"default_variation_attributes":[{"id":17,"name":"Taille de la lunette de vis\u00e9e","option":"5-30x50"}],"single_product_visibility":"visible","cart_visibility":"visible","order_visibility":"visible","single_product_price_visibility":"visible","cart_price_visibility":"visible","order_price_visibility":"visible","stock_status":"in_stock"}],"bundle_sell_ids":[],"_links":{"self":[{"href":"https:\/\/ddoptics.shop\/fr\/wp-json\/wp\/v2\/product\/23245","targetHints":{"allow":["GET"]}}],"collection":[{"href":"https:\/\/ddoptics.shop\/fr\/wp-json\/wp\/v2\/product"}],"about":[{"href":"https:\/\/ddoptics.shop\/fr\/wp-json\/wp\/v2\/types\/product"}],"replies":[{"embeddable":true,"href":"https:\/\/ddoptics.shop\/fr\/wp-json\/wp\/v2\/comments?post=23245"}],"version-history":[{"count":11,"href":"https:\/\/ddoptics.shop\/fr\/wp-json\/wp\/v2\/product\/23245\/revisions"}],"predecessor-version":[{"id":29143,"href":"https:\/\/ddoptics.shop\/fr\/wp-json\/wp\/v2\/product\/23245\/revisions\/29143"}],"wp:featuredmedia":[{"embeddable":true,"href":"https:\/\/ddoptics.shop\/fr\/wp-json\/wp\/v2\/media\/23250"}],"wp:attachment":[{"href":"https:\/\/ddoptics.shop\/fr\/wp-json\/wp\/v2\/media?parent=23245"}],"wp:term":[{"taxonomy":"product_brand","embeddable":true,"href":"https:\/\/ddoptics.shop\/fr\/wp-json\/wp\/v2\/product_brand?post=23245"},{"taxonomy":"product_cat","embeddable":true,"href":"https:\/\/ddoptics.shop\/fr\/wp-json\/wp\/v2\/product_cat?post=23245"},{"taxonomy":"product_tag","embeddable":true,"href":"https:\/\/ddoptics.shop\/fr\/wp-json\/wp\/v2\/product_tag?post=23245"}],"curies":[{"name":"wp","href":"https:\/\/api.w.org\/{rel}","templated":true}]}}