{"id":23563,"date":"2021-02-05T17:19:19","date_gmt":"2021-02-05T16:19:19","guid":{"rendered":"https:\/\/ddoptics.shop\/?post_type=product&#038;p=23563"},"modified":"2026-02-02T17:27:25","modified_gmt":"2026-02-02T16:27:25","slug":"lunette-de-visee-4-40x50-ddmp-moa","status":"publish","type":"product","link":"https:\/\/ddoptics.shop\/fr\/kaufen\/zielfernrohr-4-40x50-ddmp-moa\/","title":{"rendered":"Lunette de vis\u00e9e DDMP V10 4-40\u00d750 de DDoptics pour le tir sportif | 1\/8 MOA | tac-A"},"content":{"rendered":"<div class=\"container section-title-container\" ><h3 class=\"section-title section-title-normal\"><b aria-hidden=\"true\"><\/b><span class=\"section-title-main\" ><i class=\"icon-cross\" aria-hidden=\"true\"><\/i>Aper\u00e7u de la lunette de vis\u00e9e 4-40x50 DDMP de DDoptics<\/span><b aria-hidden=\"true\"><\/b><\/h3><\/div>\n<table style=\"background-color: #cacaca; width: 100%;\">\n<tbody>\n<tr style=\"height: 24px;\">\n<td style=\"height: 24px; width: 20%;\"><strong>Tube :<\/strong><\/td>\n<td style=\"height: 24px; width: 30%;\">Mono-tube de 34 mm<\/td>\n<td style=\"height: 24px; width: 20%;\"><strong>Champ de vision : m @100m :<\/strong><\/td>\n<td style=\"height: 24px; width: 30%;\">8,8-0,9 m<\/td>\n<\/tr>\n<tr style=\"height: 24px;\">\n<td style=\"height: 24px; width: 20%;\"><strong>Syst\u00e8me optique :<\/strong><\/td>\n<td style=\"height: 24px; width: 30%;\">4-40- fois<\/td>\n<td style=\"height: 24px; width: 20%;\"><strong>Distance entre les yeux :<\/strong><\/td>\n<td style=\"height: 24px; width: 30%;\">87-101 mm<\/td>\n<\/tr>\n<tr style=\"height: 24px;\">\n<td style=\"height: 24px; width: 20%;\"><strong>L'objectif :<\/strong><\/td>\n<td style=\"height: 24px; width: 30%;\">50 mm<\/td>\n<td style=\"height: 24px; width: 20%;\"><strong>longueur :<\/strong><\/td>\n<td style=\"height: 24px; width: 30%;\">371 mm<\/td>\n<\/tr>\n<tr style=\"height: 24px;\">\n<td style=\"height: 24px; width: 20%;\"><strong>R\u00e9ticule :<\/strong><\/td>\n<td style=\"height: 24px; width: 30%;\">TacA<\/td>\n<td style=\"height: 24px; width: 20%;\"><strong>poids :<\/strong><\/td>\n<td style=\"height: 24px; width: 30%;\">1046 g<\/td>\n<\/tr>\n<tr style=\"height: 24px;\">\n<td style=\"height: 24px; width: 20%;\"><strong>Point lumineux<\/strong><\/td>\n<td style=\"height: 24px; width: 30%;\">Standard ou iFiber<\/td>\n<td style=\"height: 24px; width: 20%;\"><strong>Protection contre la bu\u00e9e :<\/strong><\/td>\n<td style=\"height: 24px; width: 30%;\">Remplissage d'azote contre la bu\u00e9e<\/td>\n<\/tr>\n<tr style=\"height: 24px;\">\n<td style=\"height: 24px; width: 20%;\"><strong>Mise au point\/parallaxe :<\/strong><\/td>\n<td style=\"height: 24px; width: 30%;\">Objectif r\u00e9glable 25-1000 m \u00e0 l'infini<\/td>\n<td style=\"height: 24px; width: 20%;\"><strong>l'\u00e9tanch\u00e9it\u00e9 :<\/strong><\/td>\n<td style=\"height: 24px; width: 30%;\">R\u00e9sistant \u00e0 l'eau et aux chocs<\/td>\n<\/tr>\n<\/tbody>\n<\/table>\n<div class=\"row\"  id=\"row-2031948834\">\n\n\t<div id=\"col-902949879\" class=\"col medium-8 small-12 large-8\"  >\n\t\t\t\t<div class=\"col-inner\"  >\n\t\t\t\n\t\t\t\n<h2>La lunette de vis\u00e9e 4-40\u00d750 DDMP - V10 | MOA de DDoptics - pr\u00e9cision absolue \u00e0 moyenne distance jusqu'\u00e0 1000 m et au-del\u00e0<\/h2>\n<p>Le site <strong>DDoptics ZF 4-40\u00d750 DDMP<\/strong> est la PREMI\u00c8RE <strong>Optique de vis\u00e9e V10 avec zoom 10x<\/strong> de DDoptics comme extension sportive NEXT LEVEL au V6 \u00e9prouv\u00e9 <a href=\"https:\/\/ddoptics.shop\/fr\/acheter\/zielfernrohr-ddoptics-v6-hdx-5-30x50-gen-3-tactical-mildot-mrad\/\">5-30\u00d750<\/a> Lunette de vis\u00e9e.<\/p>\n<p>La DDMP 4-40\u00d750 est la premi\u00e8re optique de vis\u00e9e V10 de DDoptics et dispose ainsi d'une plage d'utilisation particuli\u00e8rement flexible. La lunette de vis\u00e9e ultramoderne 4-40\u00d750 DDMP couvre en particulier le spectre pour les tireurs sportifs de 100m -1000m.<\/p>\n<p>Avec un<strong> Course de r\u00e9glage \u00e9norme 329 MOA<\/strong> il est possible de r\u00e9aliser des distances jusqu'\u00e0 2000 m et plus, mais dans la zone extr\u00eame de r\u00e9glage du r\u00e9ticule, le grossissement doit \u00eatre r\u00e9duit \u00e0 20x pour des raisons techniques.<\/p>\n<p>Dans la zone de 100 \u00e0 1000 m, le grossissement 40x est toutefois utilisable. L'ensemble de la plage de r\u00e9glage est alors<strong> a \u00e9t\u00e9 surmont\u00e9e en seulement 3 tours,<\/strong> ce qui permet un changement extr\u00eamement rapide des distances les plus diverses.<\/p>\n<h3>Une pr\u00e9cision absolue \u00e0 mi-distance<\/h3>\n<p>Que ce soit comme lunette de vis\u00e9e sportive dans le domaine de la longue port\u00e9e ou de la moyenne distance entre 100 et 1.000 m\u00e8tres. La lunette de vis\u00e9e 4-40\u00d750 DDMP ultramoderne couvre un large \u00e9ventail de possibilit\u00e9s d'utilisation.<\/p>\n<p>Restriction : en cas de <strong>\u00e0 de grandes distances, sup\u00e9rieures \u00e0 1000 m, le r\u00e9glage du r\u00e9ticule doit \u00eatre ajust\u00e9 jusqu'\u00e0 l'extr\u00eame limite.<\/strong> Dans cette zone marginale de l'optique, la r\u00e9solution de la lunette de vis\u00e9e n'est plus assez grande pour des raisons techniques pour r\u00e9aliser un grossissement de 40x.<\/p>\n<p>Dans ce cas, le grossissement doit \u00eatre r\u00e9duit \u00e0 20x. Toutes les distances sportives normales r\u00e9alisables en Europe, pour lesquelles le r\u00e9ticule se trouve plut\u00f4t dans la zone m\u00e9diane du champ de vision, permettent une r\u00e9solution d'image jusqu'\u00e0 40x.<\/p>\n\t\t<\/div>\n\t\t\t\t\t<\/div>\n\n\t\n\n\t<div id=\"col-1748224921\" class=\"col medium-4 small-12 large-4\"  >\n\t\t\t\t<div class=\"col-inner\"  >\n\t\t\t\n\t\t\t\n<a class=\"button primary expand\" >\n\t\t<span>Particularit\u00e9s de la lunette de vis\u00e9e<\/span>\n\t<\/a>\n\n\n\t<section class=\"section\" id=\"section_728010690\">\n\t\t<div class=\"section-bg fill\" >\n\t\t\t\t\t\t\t\t\t\n\t\t\t\n\n\t\t<\/div>\n\n\t\t\n\n\t\t<div class=\"section-content relative\">\n\t\t\t\n\t<div class=\"img has-hover x md-x lg-x y md-y lg-y\" id=\"image_1356621348\">\n\t\t<a class=\"\" href=\"https:\/\/www.ddoptics.de\/garantiebestimmungen\" target=\"_blank\" rel=\"no follow noopener\">\t\t\t\t\t\t<div class=\"img-inner dark\" >\n\t\t\t<img decoding=\"async\" width=\"352\" height=\"160\" src=\"https:\/\/ddoptics.shop\/wp-content\/uploads\/2014\/09\/DDoptics-Garantie.jpg\" class=\"attachment-large size-large\" alt=\"Garantie DDoptics\" srcset=\"https:\/\/ddoptics.shop\/wp-content\/uploads\/2014\/09\/DDoptics-Garantie.jpg 352w, https:\/\/ddoptics.shop\/wp-content\/uploads\/2014\/09\/DDoptics-Garantie-304x138.jpg 304w, https:\/\/ddoptics.shop\/wp-content\/uploads\/2014\/09\/DDoptics-Garantie-305x139.jpg 305w, https:\/\/ddoptics.shop\/wp-content\/uploads\/2014\/09\/DDoptics-Garantie-250x114.jpg 250w\" sizes=\"(max-width: 352px) 100vw, 352px\" title=\"\">\t\t\t\t\t\t\n\t\t\t\t\t<\/div>\n\t\t\t\t\t\t<\/a>\t\t\n<style>\n#image_1356621348 {\n  width: 100%;\n}\n<\/style>\n\t<\/div>\n\t\n\t<div id=\"text-2473300097\" class=\"text\">\n\t\t\n<p><span style=\"font-size: 80%;\"><em>\u21d2 DDMP - DDoptics Match Precision<br \/>\n<\/em><\/span><span style=\"font-size: 80%;\"><em>\u21d2 Parfait pour les tireurs sportifs exigeants<\/em><\/span><br \/>\n<span style=\"font-size: 80%;\"><em>\u21d2 30 MRAD de course de r\u00e9glage permet des tirs extr\u00eamement longs<\/em><\/span><br \/>\n<span style=\"font-size: 80%;\"><em>\u21d2 Tube robuste de 34 mm<\/em><\/span><br \/>\n<span style=\"font-size: 80%;\"><em>\u21d2 Grandes tours tactiques en m\u00e9tal (pas de plastique)<\/em><\/span><br \/>\n<span style=\"font-size: 80%;\"><em>\u21d2 Double mise \u00e0 l'\u00e9chelle (Doubleturn)<\/em><\/span><br \/>\n<span style=\"font-size: 80%;\"><em>\u21d2 Zerostop interne pour ASV (but\u00e9e z\u00e9ro)<\/em><\/span><br \/>\n<span style=\"font-size: 80%;\"><em>\u21d2 Clic tactique dur de 0,1 MRAD (1cm\/clic)<\/em><\/span><br \/>\n<span style=\"font-size: 80%;\"><em>\u21d2 Un tour = 10 MRAD<\/em><\/span><br \/>\n<span style=\"font-size: 80%;\"><em>\u21d2 Nouveau r\u00e9ticule tacA dans le 1er plan de l'image<\/em><\/span><br \/>\n<span style=\"font-size: 80%;\"><em>\u21d2 Compensation de parallaxe performante avec 25-1000-\u221e<\/em><\/span><br \/>\n\t\t\n<style>\n#text-2473300097 {\n  color: rgb(33, 107, 227);\n}\n#text-2473300097 > * {\n  color: rgb(33, 107, 227);\n}\n<\/style>\n\t<\/div>\n\t\n\t\t<\/div>\n\n\t\t\n<style>\n#section_728010690 {\n  padding-top: 30px;\n  padding-bottom: 30px;\n  background-color: rgb(232, 232, 232);\n}\n<\/style>\n\t<\/section>\n\t\n\t<div id=\"text-1254016473\" class=\"text\">\n\t\t\n\t\t\n<style>\n#text-1254016473 {\n  line-height: 1.15;\n  color: rgb(33, 107, 227);\n}\n#text-1254016473 > * {\n  color: rgb(33, 107, 227);\n}\n<\/style>\n\t<\/div>\n\t\n\t\t<\/div>\n\t\t\t\t\t<\/div>\n\n\t\n<\/div>\n\t<div class=\"img has-hover x md-x lg-x y md-y lg-y\" id=\"image_83643532\">\n\t\t\t\t\t\t\t\t<div class=\"img-inner dark\" >\n\t\t\t<img decoding=\"async\" width=\"1020\" height=\"575\" src=\"https:\/\/ddoptics.shop\/wp-content\/uploads\/2019\/09\/DDoptics-4-40x50-DDMP.jpg\" class=\"attachment-large size-large\" alt=\"Lunette de vis\u00e9e DDoptics V10 4-40x50 DDMP\" srcset=\"https:\/\/ddoptics.shop\/wp-content\/uploads\/2019\/09\/DDoptics-4-40x50-DDMP.jpg 1179w, https:\/\/ddoptics.shop\/wp-content\/uploads\/2019\/09\/DDoptics-4-40x50-DDMP-304x171.jpg 304w, https:\/\/ddoptics.shop\/wp-content\/uploads\/2019\/09\/DDoptics-4-40x50-DDMP-305x172.jpg 305w, https:\/\/ddoptics.shop\/wp-content\/uploads\/2019\/09\/DDoptics-4-40x50-DDMP-632x356.jpg 632w, https:\/\/ddoptics.shop\/wp-content\/uploads\/2019\/09\/DDoptics-4-40x50-DDMP-800x451.jpg 800w, https:\/\/ddoptics.shop\/wp-content\/uploads\/2019\/09\/DDoptics-4-40x50-DDMP-510x288.jpg 510w, https:\/\/ddoptics.shop\/wp-content\/uploads\/2019\/09\/DDoptics-4-40x50-DDMP-250x141.jpg 250w\" sizes=\"(max-width: 1020px) 100vw, 1020px\" title=\"\">\t\t\t\t\t\t\n\t\t\t\t\t<\/div>\n\t\t\t\t\t\t\t\t\n<style>\n#image_83643532 {\n  width: 100%;\n}\n<\/style>\n\t<\/div>\n\t\n<h2><a href=\"https:\/\/de.wikipedia.org\/wiki\/Absehen\" target=\"_blank\" rel=\"noopener sponsored\" data-schema-attribute=\"\">R\u00e9ticule<\/a> TacA 2.ffp dans la <a href=\"https:\/\/ddoptics.shop\/fr\/mot-technique\/voir-le-deuxieme-niveau-dimage\/\" target=\"_blank\" rel=\"noopener\" data-schema-attribute=\"\">deuxi\u00e8me plan de l'image<\/a><\/h2>\n<p>Le TacA est tr\u00e8s facile \u00e0 utiliser. Les barres se terminant en fl\u00e8che ont \u00e9t\u00e9 d\u00e9lib\u00e9r\u00e9ment maintenues transparentes afin que rien ne reste cach\u00e9 derri\u00e8re le r\u00e9ticule.<\/p>\n<h3>Lunette de vis\u00e9e DDoptics V10 4-40\u00d750 DDMP : point lumineux r\u00e9glable en continu du mode lumi\u00e8re du jour au mode vision nocturne<\/h3>\n<p>Le site <strong>Unit\u00e9 d'\u00e9clairage du TacA<\/strong> est un syst\u00e8me parfaitement \u00e9quilibr\u00e9 avec une dynamique maximale. Ainsi, dans les <strong>premier niveau de luminosit\u00e9 : un point lumineux extr\u00eamement petit<\/strong> de reconna\u00eetre.<\/p>\n<p>Celui-ci est m\u00eame graduable au point que ce <strong>\u00e9galement avec un appareil de vision nocturne <\/strong>peut \u00eatre utilis\u00e9. Si l'on augmente encore le point lumineux, alors<strong> s'allume \u00e0 partir d'une certaine intensit\u00e9 lumineuse <\/strong>le<strong> r\u00e9ticule balistique entier<\/strong> avec<\/p>\n<p>Selon l'utilisation, il est donc toujours possible <strong>choisir entre le point pur ou le r\u00e9ticule enti\u00e8rement \u00e9clair\u00e9<\/strong>. L'extinction automatique avec commande intelligente peut \u00e9galement \u00eatre s\u00e9lectionn\u00e9e en principe pour cette optique de vis\u00e9e.<\/p>\n<h3>Lunette de vis\u00e9e DDoptics V10 4-40\u00d750 DDMP - Zerostop interne de haute pr\u00e9cision<\/h3>\n<figure id=\"attachment_12866\" aria-describedby=\"caption-attachment-12866\" style=\"width: 350px\" class=\"wp-caption alignright\"><a href=\"https:\/\/ddoptics.shop\/wp-content\/uploads\/2019\/02\/Interner-Zerostop-5-30x56.jpg\"><img decoding=\"async\" class=\"wp-image-12866\" src=\"https:\/\/ddoptics.shop\/wp-content\/uploads\/2019\/02\/Interner-Zerostop-5-30x56.jpg\" alt=\"Lunette de vis\u00e9e interne Zerostop 5-30x56 DDoptics\" width=\"350\" height=\"233\" title=\"\" srcset=\"https:\/\/ddoptics.shop\/wp-content\/uploads\/2019\/02\/Interner-Zerostop-5-30x56.jpg 600w, https:\/\/ddoptics.shop\/wp-content\/uploads\/2019\/02\/Interner-Zerostop-5-30x56-304x203.jpg 304w, https:\/\/ddoptics.shop\/wp-content\/uploads\/2019\/02\/Interner-Zerostop-5-30x56-305x203.jpg 305w, https:\/\/ddoptics.shop\/wp-content\/uploads\/2019\/02\/Interner-Zerostop-5-30x56-510x340.jpg 510w, https:\/\/ddoptics.shop\/wp-content\/uploads\/2019\/02\/Interner-Zerostop-5-30x56-250x167.jpg 250w\" sizes=\"(max-width: 350px) 100vw, 350px\" \/><\/a><figcaption id=\"caption-attachment-12866\" class=\"wp-caption-text\">Lunette de vis\u00e9e interne Zerostop 5-30\u00d756 DDoptics<\/figcaption><\/figure>\n<p>Apr\u00e8s avoir retir\u00e9 les<strong> Coiffes de tourelle du r\u00e9ticule du 4-40\u00d750 <\/strong>la tour peut \u00eatre <strong>en desserrant 3 vis sans t\u00eate<\/strong> vers le haut pour l'enlever. En dessous, vous trouverez le Zerostop sous la forme d'un disque noir rond.<\/p>\n<p>Le r\u00e9glage du zerostop se fait apr\u00e8s l'enfournement, en desserrant les (\u00e9galement) 3 vis sans t\u00eate sur le disque du zerostop.<\/p>\n<p>Lorsqu'il est desserr\u00e9, le disque peut \u00eatre tourn\u00e9 sans effet jusqu'\u00e0 la but\u00e9e, et <strong>ensuite fix\u00e9 \u00e0 nouveau avec les vis sans t\u00eate<\/strong> \u00eatre.<\/p>\n<p>Vous pouvez reconna\u00eetre la but\u00e9e sur l'image entre la cible et l'optique de vis\u00e9e. Ensuite, la<strong> Remettre la tour en position z\u00e9ro et la bloquer \u00e0 l'aide des 3 vis sans t\u00eate.\u00a0<\/strong>Le Zerostop s'arr\u00eate alors avec pr\u00e9cision \u00e0 la distance que vous avez fix\u00e9e.<\/p>","protected":false},"excerpt":{"rendered":"<p><img decoding=\"async\" class=\"alignnone wp-image-10452 size-full\" title=\"Tir sportif\" src=\"https:\/\/ddoptics.shop\/wp-content\/uploads\/2016\/07\/Target-Schiessen.jpg\" alt=\"Tir sportif Target\" width=\"50\" height=\"50\" \/><img decoding=\"async\" class=\"alignnone wp-image-10178 size-full\" title=\"Chasse en montagne\" src=\"https:\/\/ddoptics.shop\/wp-content\/uploads\/2016\/04\/Gebirgsjagd-klein.jpg\" alt=\"Jumelles de chasse en montagne\" width=\"50\" height=\"50\" \/><br \/>\nUne nouvelle optique de vis\u00e9e extr\u00eame qui offre d'int\u00e9ressantes<strong>\u00a0Domaines<\/strong> couvre tous les besoins. Du tir sportif \u00e0 la chasse en montagne en remplacement de la longue-vue avec <strong>40 fois<\/strong> Agrandissement. <strong>En option avec tacA intelligent <a title=\"NOUVEAU point lumineux IFiber de DDoptics\" href=\"\/fr\/wiki-sur-les-mots-techniques\/point-lumineux-intelligent-ddoptics-ifiber\/\" target=\"_blank\" rel=\"noopener noreferrer\">IFiber Point lumineux<\/a> pour seulement \u20ac99,- de suppl\u00e9ment.<\/strong><\/p>","protected":false},"featured_media":17678,"comment_status":"open","ping_status":"closed","template":"","meta":{"inline_featured_image":false,"footnotes":""},"product_brand":[],"product_cat":[927,453,949,640,641,920,637,68],"product_tag":[967,922,78,921,923],"class_list":{"0":"post-23563","1":"product","2":"type-product","3":"status-publish","4":"has-post-thumbnail","6":"product_cat-4-40x50","7":"product_cat-50-mm-objektivdurchmesser","8":"product_cat-messeaktion","9":"product_cat-pirschjagd-und-gebirgsjagd","10":"product_cat-sportschiessen","11":"product_cat-v10-10-fach-zoom","12":"product_cat-zf-anwendung","13":"product_cat-zielfernrohr","14":"product_tag-1-8-moa","15":"product_tag-4-40x50","16":"product_tag-ddoptics","17":"product_tag-long-range-zielfernrohr","18":"product_tag-zf-4-40x50","19":"product_shipping_class-paket","20":"pa_brand-marke-ddoptics","21":"pa_produkt-typ-zielfernrohr","23":"first","24":"instock","25":"sale","26":"taxable","27":"shipping-taxable","28":"purchasable","29":"product-type-bundle"},"bundled_by":[],"bundle_stock_status":"instock","bundle_stock_quantity":"","bundle_virtual":false,"bundle_layout":"default","bundle_add_to_cart_form_location":"default","bundle_editable_in_cart":false,"bundle_sold_individually_context":"product","bundle_item_grouping":"parent","bundle_min_size":"","bundle_max_size":"","bundle_price":{"price":{"min":{"incl_tax":"1440","excl_tax":"1200"},"max":{"incl_tax":"1544.32","excl_tax":"1286.93"}},"regular_price":{"min":{"incl_tax":"1799","excl_tax":"1499.17"},"max":{"incl_tax":"1914.9","excl_tax":"1595.75"}}},"bundled_items":[{"bundled_item_id":112,"product_id":16795,"menu_order":0,"quantity_min":1,"quantity_max":1,"quantity_default":1,"priced_individually":true,"shipped_individually":false,"override_title":true,"title":"","override_description":false,"description":"","optional":false,"hide_thumbnail":true,"discount":"","override_variations":false,"allowed_variations":[],"override_default_variation_attributes":true,"default_variation_attributes":[{"id":36,"name":"tacA point lumineux","option":"ddoptics-taca-normales-leuchtabsehen"}],"single_product_visibility":"visible","cart_visibility":"visible","order_visibility":"visible","single_product_price_visibility":"visible","cart_price_visibility":"visible","order_price_visibility":"visible","stock_status":"in_stock"},{"bundled_item_id":113,"product_id":12812,"menu_order":1,"quantity_min":1,"quantity_max":1,"quantity_default":1,"priced_individually":true,"shipped_individually":false,"override_title":true,"title":"Presque un cadeau en plus - Flip Caps SET","override_description":true,"description":"","optional":true,"hide_thumbnail":true,"discount":"68.55","override_variations":true,"allowed_variations":[17680],"override_default_variation_attributes":true,"default_variation_attributes":[{"id":17,"name":"Taille de la lunette de vis\u00e9e","option":"4-40x50"}],"single_product_visibility":"visible","cart_visibility":"visible","order_visibility":"visible","single_product_price_visibility":"visible","cart_price_visibility":"visible","order_price_visibility":"visible","stock_status":"in_stock"}],"bundle_sell_ids":[],"_links":{"self":[{"href":"https:\/\/ddoptics.shop\/fr\/wp-json\/wp\/v2\/product\/23563","targetHints":{"allow":["GET"]}}],"collection":[{"href":"https:\/\/ddoptics.shop\/fr\/wp-json\/wp\/v2\/product"}],"about":[{"href":"https:\/\/ddoptics.shop\/fr\/wp-json\/wp\/v2\/types\/product"}],"replies":[{"embeddable":true,"href":"https:\/\/ddoptics.shop\/fr\/wp-json\/wp\/v2\/comments?post=23563"}],"version-history":[{"count":9,"href":"https:\/\/ddoptics.shop\/fr\/wp-json\/wp\/v2\/product\/23563\/revisions"}],"predecessor-version":[{"id":24047,"href":"https:\/\/ddoptics.shop\/fr\/wp-json\/wp\/v2\/product\/23563\/revisions\/24047"}],"wp:featuredmedia":[{"embeddable":true,"href":"https:\/\/ddoptics.shop\/fr\/wp-json\/wp\/v2\/media\/17678"}],"wp:attachment":[{"href":"https:\/\/ddoptics.shop\/fr\/wp-json\/wp\/v2\/media?parent=23563"}],"wp:term":[{"taxonomy":"product_brand","embeddable":true,"href":"https:\/\/ddoptics.shop\/fr\/wp-json\/wp\/v2\/product_brand?post=23563"},{"taxonomy":"product_cat","embeddable":true,"href":"https:\/\/ddoptics.shop\/fr\/wp-json\/wp\/v2\/product_cat?post=23563"},{"taxonomy":"product_tag","embeddable":true,"href":"https:\/\/ddoptics.shop\/fr\/wp-json\/wp\/v2\/product_tag?post=23563"}],"curies":[{"name":"wp","href":"https:\/\/api.w.org\/{rel}","templated":true}]}}