{"id":26806,"date":"2023-08-02T16:37:45","date_gmt":"2023-08-02T14:37:45","guid":{"rendered":"https:\/\/ddoptics.shop\/?post_type=product&#038;p=26806"},"modified":"2026-02-02T17:25:48","modified_gmt":"2026-02-02T16:25:48","slug":"ddoptics-nighteagle-5-30x50-nfx-mrad","status":"publish","type":"product","link":"https:\/\/ddoptics.shop\/fr\/kaufen\/ddoptics-nighteagle-5-30x50-nfx-mrad\/","title":{"rendered":"DDoptics Nighteagle 5-30\u00d750 NFX Lunette de vis\u00e9e tactique | MilDot | R\u00e9glage MRAD"},"content":{"rendered":"<div class=\"container section-title-container\" ><h3 class=\"section-title section-title-normal\"><b aria-hidden=\"true\"><\/b><span class=\"section-title-main\" ><i class=\"icon-cross\" aria-hidden=\"true\"><\/i>Aper\u00e7u rapide Nighteagle 5-30x50 NFX Tactical de DDoptics<\/span><b aria-hidden=\"true\"><\/b><\/h3><\/div>\n<table style=\"background-color: #cacaca; width: 100%;\">\n<tbody>\n<tr style=\"height: 24px;\">\n<td style=\"height: 24px; text-align: left; width: 20%;\">Tube<\/td>\n<td style=\"height: 24px; text-align: left; width: 30%;\">Tube mono de 30 mm<\/td>\n<td style=\"height: 24px; text-align: left; width: 20%;\">Champ de vision : m @100 m<\/td>\n<td style=\"height: 24px; text-align: left; width: 30%;\">8 - 1,3 m<\/td>\n<\/tr>\n<tr style=\"height: 24px;\">\n<td style=\"height: 24px; text-align: left; width: 20%;\">Syst\u00e8me optique<\/td>\n<td style=\"height: 24px; text-align: left; width: 30%;\">5-30- fois<\/td>\n<td style=\"height: 24px; text-align: left; width: 20%;\">Distance entre les yeux<\/td>\n<td style=\"height: 24px; text-align: left; width: 30%;\">77 mm - 91 mm<\/td>\n<\/tr>\n<tr style=\"height: 24px;\">\n<td style=\"height: 24px; text-align: left; width: 20%;\">Objectif<\/td>\n<td style=\"height: 24px; text-align: left; width: 30%;\">50 mm<\/td>\n<td style=\"height: 24px; text-align: left; width: 20%;\">Longueur<\/td>\n<td style=\"height: 24px; text-align: left; width: 30%;\">330 mm<\/td>\n<\/tr>\n<tr style=\"height: 24px;\">\n<td style=\"height: 24px; text-align: left; width: 20%;\">R\u00e9ticule<\/td>\n<td style=\"height: 24px; text-align: left; width: 30%;\">MilDot<\/td>\n<td style=\"height: 24px; text-align: left; width: 20%;\">Poids<\/td>\n<td style=\"height: 24px; text-align: left; width: 30%;\">\u00a0750 g<\/td>\n<\/tr>\n<tr style=\"height: 24px;\">\n<td style=\"height: 24px; text-align: left; width: 20%;\">Point lumineux<\/td>\n<td style=\"height: 24px; text-align: left; width: 30%;\">LP 2 ou iFiber<\/td>\n<td style=\"height: 24px; text-align: left; width: 20%;\">Protection contre la bu\u00e9e<\/td>\n<td style=\"height: 24px; text-align: left; width: 30%;\">Remplissage d'azote contre la bu\u00e9e<\/td>\n<\/tr>\n<tr style=\"height: 24px;\">\n<td style=\"height: 24px; text-align: left; width: 20%;\">Focus\/Parallaxe<\/td>\n<td style=\"height: 24px; text-align: left; width: 30%;\">Objectif r\u00e9glable 20 m \u00e0 l'infini<\/td>\n<td style=\"height: 24px; text-align: left; width: 20%;\">\u00a0\u00c9tanch\u00e9it\u00e9<\/td>\n<td style=\"height: 24px; text-align: left; width: 30%;\">R\u00e9sistant \u00e0 l'eau et aux chocs<\/td>\n<\/tr>\n<\/tbody>\n<\/table>\n<div class=\"row\"  id=\"row-560317811\">\n\n\t<div id=\"col-1645759652\" class=\"col medium-8 small-12 large-8\"  >\n\t\t\t\t<div class=\"col-inner\"  >\n\t\t\t\n\t\t\t\n<h2>DDoptics Nighteagle 5-30\u00d750 NFX Tactical Lunette de vis\u00e9e - Focale lumineuse avec zoom 6x pour la chasse et le sport \u00e0 longue distance<\/h2>\n<p>Le site <strong>Nighteagle V6 5-30\u00d750 NFX<\/strong> La lunette de vis\u00e9e est un compl\u00e9ment r\u00e9volutionnaire \u00e0 la <strong>S\u00e9rie Tactical G\u00e9n\u00e9ration 3<\/strong> de DDoptics.<\/p>\n<p>une caract\u00e9ristique remarquable est un champ de vision \u00e9largi de 8 m\u00e8tres \u00e0 un grossissement de 6 fois et une eyebox nettement am\u00e9lior\u00e9e. Ces caract\u00e9ristiques en font un outil indispensable pour les tireurs de pr\u00e9cision et les chasseurs qui recherchent la meilleure qualit\u00e9 et les meilleures performances.<\/p>\n<p>Gr\u00e2ce au <strong>champ de vision plus large et l'Eyebox am\u00e9lior\u00e9e<\/strong> permet aux tireurs de conserver une image claire pendant le tir, sans \u00eatre soumis \u00e0 des distractions. Cela leur permet de suivre avec pr\u00e9cision l'impact de la balle dans la cible, sans avoir besoin d'un observateur suppl\u00e9mentaire.<\/p>\n<p>Ce \"feedback\" imm\u00e9diat offre une certitude sur la position du point d'impact et permet des ajustements imm\u00e9diats si n\u00e9cessaire. Si un tir est rat\u00e9, le champ de vision \u00e9largi permet aux tireurs d'identifier plus facilement l'\u00e9cart et de le corriger imm\u00e9diatement.<\/p>\n<p>La combinaison d'un champ de vision plus large et d'une <strong>Eyebox am\u00e9lior\u00e9 rend les Nighteagle V6 5-30\u00d750 NFX<\/strong> \u00e0 un avantage inestimable pour les tireurs exigeants.<\/p>\n<p>Il permet une pr\u00e9cision et un contr\u00f4le maximum \u00e0 chaque tir, car la cible reste toujours dans le champ de vision, aussi bien avant qu'apr\u00e8s le d\u00e9part du coup de feu. Avec le Nighteagle 5-30\u00d750 NFX V6 \u00e0 leurs c\u00f4t\u00e9s, les tireurs peuvent <strong>Comp\u00e9tences de tir<\/strong> \u00e0 un nouveau niveau et optimiser leurs performances.<\/p>\n\t\t<\/div>\n\t\t\t\t\t<\/div>\n\n\t\n\n\t<div id=\"col-871301463\" class=\"col medium-4 small-12 large-4\"  >\n\t\t\t\t<div class=\"col-inner\"  >\n\t\t\t\n\t\t\t\n<a class=\"button primary expand\" >\n\t\t<span>Particularit\u00e9s de la lunette de vis\u00e9e<\/span>\n\t<\/a>\n\n\n\t<section class=\"section\" id=\"section_1589730541\">\n\t\t<div class=\"section-bg fill\" >\n\t\t\t\t\t\t\t\t\t<div class=\"section-bg-overlay absolute fill\"><\/div>\n\t\t\t\n\n\t\t<\/div>\n\n\t\t\n\n\t\t<div class=\"section-content relative\">\n\t\t\t\n\t<div class=\"img has-hover x md-x lg-x y md-y lg-y\" id=\"image_417326661\">\n\t\t<a class=\"\" href=\"https:\/\/www.ddoptics.de\/garantiebestimmungen\" target=\"_blank\" rel=\"no follow noopener\">\t\t\t\t\t\t<div class=\"img-inner dark\" >\n\t\t\t<img decoding=\"async\" width=\"352\" height=\"160\" src=\"https:\/\/ddoptics.shop\/wp-content\/uploads\/2014\/09\/DDoptics-Garantie.jpg\" class=\"attachment-large size-large\" alt=\"Garantie DDoptics\" srcset=\"https:\/\/ddoptics.shop\/wp-content\/uploads\/2014\/09\/DDoptics-Garantie.jpg 352w, https:\/\/ddoptics.shop\/wp-content\/uploads\/2014\/09\/DDoptics-Garantie-304x138.jpg 304w, https:\/\/ddoptics.shop\/wp-content\/uploads\/2014\/09\/DDoptics-Garantie-305x139.jpg 305w, https:\/\/ddoptics.shop\/wp-content\/uploads\/2014\/09\/DDoptics-Garantie-250x114.jpg 250w\" sizes=\"(max-width: 352px) 100vw, 352px\" title=\"\">\t\t\t\t\t\t\n\t\t\t\t\t<\/div>\n\t\t\t\t\t\t<\/a>\t\t\n<style>\n#image_417326661 {\n  width: 100%;\n}\n<\/style>\n\t<\/div>\n\t\n\t<div id=\"gap-1183158113\" class=\"gap-element clearfix\" style=\"display:block; height:auto;\">\n\t\t\n<style>\n#gap-1183158113 {\n  padding-top: 15px;\n}\n<\/style>\n\t<\/div>\n\t\n\t<div id=\"text-2418945883\" class=\"text\">\n\t\t\n<p><span style=\"font-size: 80%;\"><em>\u21d2 Nouveau verre CT ( clear transmission )<br \/>\n<\/em><\/span><em style=\"font-size: 80%;\">\u21d2 Zerostop ( pour la but\u00e9e z\u00e9ro )<\/em><span style=\"font-size: 80%;\"><br \/>\n<\/span><em style=\"font-size: 80%;\">\u21d2 double tour (double \u00e9chelle)<\/em><span style=\"font-size: 80%;\"><br \/>\n<\/span><em style=\"font-size: 80%;\">\u21d2 R\u00e9glage horizontal de la direction oppos\u00e9e. \u00e9chelle ( vent gauche - droite )<\/em><span style=\"font-size: 80%;\"><br \/>\n<\/span><em style=\"font-size: 80%;\">\u21d2 tr\u00e8s haute r\u00e9solution<\/em><span style=\"font-size: 80%;\"><br \/>\n<\/span><em style=\"font-size: 80%;\">\u21d2 mod\u00e8le cyn\u00e9g\u00e9tique discret avec petites tourelles<br \/>\n<\/em> <em style=\"font-size: 80%;\">\u21d2 NOUVEAU : point lumineux en fibre optique - point lumineux iFiber en option<\/em><span style=\"font-size: 80%;\"><br \/>\n<\/span><em style=\"font-size: 80%;\">\u21d2 30 ans de garantie DDoptics<\/em><span style=\"font-size: 80%;\"><br \/>\n<\/span><em style=\"font-size: 80%;\">\u21d2 MilDot : 2\u00e8me plan d'image<\/em><span style=\"font-size: 80%;\"><br \/>\n<\/span><em style=\"font-size: 80%;\">\u21d2 Pr\u00e9cision absolue de la r\u00e9currence<\/em> <em style=\"font-size: 80%;\">\u21d2 Transmission lumineuse extr\u00eame jusqu'\u00e0 94,7%<\/em><span style=\"font-size: 80%;\"><br \/>\n<\/span><em style=\"font-size: 80%;\">\u21d2 Test de r\u00e9sistance aux balles : <a href=\"https:\/\/de.wikipedia.org\/wiki\/.375_Holland_%26_Holland_Magnum\" target=\"_blank\" rel=\"noopener noreferrer\">375 H&amp;H<\/a> 1000 coups<\/em><span style=\"font-size: 80%;\"><br \/>\n<\/span><em style=\"font-size: 80%;\">\u21d2 Fonction de longue-vue gr\u00e2ce \u00e0 un fort grossissement<\/em><span style=\"font-size: 80%;\"><br \/>\n<\/span><em style=\"font-size: 80%;\">\u21d2 Compensation de parallaxe r\u00e9glable en continu<\/em> <em style=\"font-size: 80%;\">\u21d2 Possibilit\u00e9 de tirs tr\u00e8s lointains<\/em><\/p>\n\t\t\n<style>\n#text-2418945883 {\n  line-height: 1.15;\n  color: rgb(33, 107, 227);\n}\n#text-2418945883 > * {\n  color: rgb(33, 107, 227);\n}\n<\/style>\n\t<\/div>\n\t\n\t\t<\/div>\n\n\t\t\n<style>\n#section_1589730541 {\n  padding-top: 30px;\n  padding-bottom: 30px;\n  background-color: rgb(232, 232, 232);\n}\n#section_1589730541 .section-bg-overlay {\n  background-color: rgba(255,255,255,.5);\n}\n<\/style>\n\t<\/section>\n\t\n<div class=\"is-divider divider clearfix\" ><\/div>\n\t\t<\/div>\n\t\t\t\t\t<\/div>\n\n\t\n<\/div>\n<h3>Lunette de vis\u00e9e 5-30\u00d750 NFX - plage de r\u00e9glage du r\u00e9ticule \u00e9largie<\/h3>\n<p>Une caract\u00e9ristique \u00e0 souligner de la lunette de vis\u00e9e Nighteagle V6 5-30\u00d750 NFX est la plage de r\u00e9glage \u00e9tendue du r\u00e9ticule.<\/p>\n<p>Avec un <strong>une plage de r\u00e9glage \u00e9tendue de 27 MRAD<\/strong> la lunette de vis\u00e9e Nighteagle V6 5-30\u00d750 NFX offre un avantage significatif en termes de port\u00e9e. L'utilisation d'une inclinaison vers l'avant de 40 MOA, par exemple, permet d'atteindre des distances impressionnantes jusqu'\u00e0 <strong>2 km (\u00e0 cal.308)<\/strong> alors que le r\u00e9ticule reste toujours en position centrale.<\/p>\n<p>L'utilisation d'une <strong>La pr\u00e9-inclinaison est fortement recommand\u00e9e<\/strong>En effet, la nettet\u00e9 et la pr\u00e9cision de l'image sont meilleures lorsque le r\u00e9glage du r\u00e9ticule est maintenu au milieu, dans la mesure du possible. De cette mani\u00e8re, les tireurs peuvent utiliser toute la puissance de la lunette de vis\u00e9e et effectuer des tirs pr\u00e9cis \u00e0 des distances extr\u00eamement longues.<\/p>\n<h3>Lunette de vis\u00e9e 5-30\u00d750 NFX - deux points forts exceptionnels<\/h3>\n<p>La lunette de vis\u00e9e Nighteagle V6 5-30\u00d750 NFX offre deux points forts exceptionnels qui sont d'une grande utilit\u00e9 pour les tireurs : Le <strong>Bague de r\u00e9glage du grossissement<\/strong> a \u00e9t\u00e9 con\u00e7u pour offrir plus d'adh\u00e9rence et peut \u00eatre \u00e9quip\u00e9 en option d'un <strong>levier de r\u00e9glage rapide vissable<\/strong> est \u00e9quip\u00e9e.<\/p>\n<p>Ces fonctions apportent une multitude d'avantages qui am\u00e9liorent consid\u00e9rablement la manipulation et l'utilisation de l'optique de vis\u00e9e. Gr\u00e2ce \u00e0 une meilleure prise en main de la bague de r\u00e9glage, le tireur peut ajuster le grossissement rapidement et avec pr\u00e9cision, m\u00eame dans des conditions exigeantes ou en portant des gants.<\/p>\n<p>La possibilit\u00e9 d'utiliser un <strong>d'utiliser le levier de r\u00e9glage rapide optionnel<\/strong> permet au tireur de changer de grossissement encore plus rapidement et confortablement. Ces caract\u00e9ristiques sont inestimables, notamment pour le tir sportif et plus particuli\u00e8rement pour les changements rapides de grossissement, et offrent un avantage d\u00e9cisif.<\/p>\n<h3>R\u00e9ticule MilDot<\/h3>\n<p>Le site <strong>Lunette de vis\u00e9e Nighteagle 5-30\u00d750 NFX<\/strong> - dispose du r\u00e9ticule moderne MilDot, qui conna\u00eet un grand succ\u00e8s.<\/p>\n<p>La lunette de vis\u00e9e Nighteagle V6 5-30\u00d750 NFX offre un r\u00e9ticule lumineux tactique MilDot dans le plan de l'image de l'oculaire (2e plan de l'image), normalis\u00e9 pour un grossissement de 10 fois.<\/p>\n<p>Ainsi, la taille du r\u00e9ticule reste constante lors du changement de grossissement. M\u00eame avec un grossissement de 30x, le r\u00e9ticule ne masque la cible que de 1,8 mm \u00e0 une distance de tir de 100 m. Avec ce grossissement maximal, le champ de vision est toujours de 1,3 m \u00e0 100 m, ce qui permet une vis\u00e9e ultrarapide.<\/p>\n<p>L'optique de vis\u00e9e permet des ajustements pr\u00e9cis, car le<strong> R\u00e9ticule par clic de 0,1 MRAD<\/strong> est d\u00e9r\u00e9gl\u00e9, ce qui correspond \u00e0 un d\u00e9placement de 1 cm \u00e0 100 m. Sur 300 m, un clic correspond \u00e0 un changement de position du point d'impact d'environ 3 cm.<\/p>\n<p>La plage de r\u00e9glage totale de la lunette de vis\u00e9e est de <strong>165 clics ou 27 MRAD (13,5 MRAD par page),<\/strong> ce qui offre aux tireurs un large \u00e9ventail de possibilit\u00e9s pour affiner leurs tirs.<\/p>\n<h3>M\u00e9canisme de r\u00e9glage robuste pour une utilisation intensive avec Zerostop &amp; ASV<\/h3>\n<p>La lunette de vis\u00e9e Nighteagle V6 5-30\u00d750 NFX est \u00e9quip\u00e9e d'un r\u00e9glage rapide pratique et d'un Zerostop.<\/p>\n<p>Sur le r\u00e9glage vertical, elle dispose d'une double \u00e9chelle gradu\u00e9e qui permet de lire et de r\u00e9gler le nombre de d\u00e9clics. Apr\u00e8s le tir de la lunette de vis\u00e9e, le <strong>R\u00e9glage du r\u00e9ticule en desserrant la s\u00e9curit\u00e9 de la tourelle<\/strong> \u00eatre remis \u00e0 z\u00e9ro \u00e0 l'aide d'une pi\u00e8ce de monnaie ou d'un tournevis.<\/p>\n<p>Ensuite, la <strong>le r\u00e9glage du z\u00e9ro est bloqu\u00e9 par le bas \u00e0 l'aide du Zerostop afin de garantir un arr\u00eat \u00e0 la position z\u00e9ro<\/strong>. \u00c0 partir de cette position z\u00e9ro, diff\u00e9rentes distances de tir peuvent \u00eatre pr\u00e9r\u00e9gl\u00e9es au moyen d'un syst\u00e8me de marquage.<\/p>\n<p>Gr\u00e2ce \u00e0 ces fonctions pratiques, les tireurs peuvent r\u00e9gler rapidement et facilement la lunette de vis\u00e9e \u00e0 diff\u00e9rentes distances, tout en garantissant la s\u00e9curit\u00e9 d'une position z\u00e9ro fiable. Cela permet une s\u00e9lection de cible flexible et pr\u00e9cise dans diff\u00e9rentes situations de tir.<\/p>\n<h3>Le meilleur point lumineux pour le contre-jour \/ le cr\u00e9puscule \/ la vision nocturne<\/h3>\n<p>La lunette de vis\u00e9e Nighteagle V6 5-30\u00d750 NFX dispose d'un point lumineux en fibre de verre en option, qui est \u00e9galement disponible en version automatique IFiber moyennant un suppl\u00e9ment.<\/p>\n<p>Le point lumineux de la fibre optique est volontairement petit afin de garantir une couverture minimale de la cible. Gr\u00e2ce \u00e0 la <strong>la technologie avanc\u00e9e de la fibre optique, le point lumineux<\/strong> en cas de forte gradation, non seulement plus sombre, mais aussi plus fine, ce qui permet un ciblage pr\u00e9cis.<\/p>\n<p>Le point lumineux peut \u00eatre att\u00e9nu\u00e9 en continu de 100 % jusqu'\u00e0 ce qu'il ne soit plus visible pour l'\u0153il humain. En dessous du niveau 4, le point lumineux n'est plus visible qu'avec un appareil de vision nocturne.<\/p>\n<p>Sur demande, le point lumineux peut aussi \u00eatre utilis\u00e9 avec des <a href=\"https:\/\/de.wikipedia.org\/wiki\/Nachtsichtger%C3%A4t\" target=\"_blank\" rel=\"noopener sponsored\">Types d'appareils de vision nocturne<\/a> comme <strong>Photonis commercial-grade XD4 ou XR5<\/strong> ou Gen. 3.<\/p>\n<p>Si le<strong> Si le point lumineux est \u00e9teint, le r\u00e9ticule continu appara\u00eet comme sur une lunette de vis\u00e9e classique sans unit\u00e9 lumineuse,<\/strong> sans qu'un point isol\u00e9 et g\u00eanant n'entrave la vision. Lorsque le point lumineux est activ\u00e9, il n'y a pas de lueur g\u00eanante ni de r\u00e9flexion \u00e0 l'int\u00e9rieur de l'optique, ce qui garantit une vision claire.<\/p>\n<p>L'unit\u00e9 d'\u00e9clairage est fabriqu\u00e9e \u00e0 la main, ce qui permet de tenir compte individuellement des souhaits particuliers des clients. Les tireurs peuvent ainsi faire adapter la lunette de vis\u00e9e \u00e0 leurs pr\u00e9f\u00e9rences et exigences personnelles.<\/p>\n<h3>D\u00e9tail de la lunette de vis\u00e9e NFX avec grand champ de vision<\/h3>\n<p>Les Nighteagle V6 5-30\u00d750 NFX pr\u00e9sentent une caract\u00e9ristique remarquable : un champ de vision exceptionnellement grand de 8 m\u00e8tres \u00e0 un grossissement de 5 fois, qui, combin\u00e9 \u00e0 une eyebox nettement am\u00e9lior\u00e9e, offre de nombreux avantages. Tant pour les tireurs de pr\u00e9cision que pour les chasseurs, c'est extr\u00eamement utile.<\/p>\n<p>L'Eyebox am\u00e9lior\u00e9e permet aux tireurs de mieux garder un \u0153il sur la cible pendant le tir, m\u00eame si elle est en mouvement. Ils peuvent ainsi d\u00e9tecter eux-m\u00eames l'impact de la balle dans la cible, sans avoir besoin d'un observateur suppl\u00e9mentaire.<\/p>\n<p>Cela offre un \"feedback\" pr\u00e9cis et imm\u00e9diat qui donne au tireur la certitude de la position de l'impact et lui permet de suivre ou de corriger le tir en temps r\u00e9el.<\/p>\n<p>En cas d'erreur de tir, le champ de vision \u00e9largi est un grand avantage, car le tireur peut plus facilement voir o\u00f9 se situe l'\u00e9cart par rapport \u00e0 la cible et effectuer des corrections imm\u00e9diates.<\/p>\n<p>Gr\u00e2ce au champ de vision plus large, il est possible de d\u00e9tecter soi-m\u00eame la d\u00e9viation et de la corriger imm\u00e9diatement sans l'aide d'un observateur. Cela permet de gagner un temps pr\u00e9cieux et permet au tireur de se recentrer rapidement et de viser \u00e0 nouveau la cible.<\/p>\n<p>La combinaison du champ de vision g\u00e9n\u00e9reux et de l'eyebox am\u00e9lior\u00e9 dans la Nighteagle V6 5-30\u00d750 NFX offre donc aux tireurs une pr\u00e9cision et un contr\u00f4le maximum \u00e0 chaque tir. Avec cette lunette de vis\u00e9e \u00e0 leurs c\u00f4t\u00e9s, les tireurs peuvent porter leurs performances de tir \u00e0 un nouveau niveau.<\/p>","protected":false},"excerpt":{"rendered":"<p><img decoding=\"async\" class=\"alignnone wp-image-10452 size-full\" title=\"Tir sportif Target\" src=\"https:\/\/ddoptics.shop\/wp-content\/uploads\/2016\/07\/Target-Schiessen.jpg\" alt=\"Tir sportif Target\" width=\"50\" height=\"50\" \/><img decoding=\"async\" class=\"alignnone wp-image-10178 size-full\" title=\"Chasse en montagne\" src=\"https:\/\/ddoptics.shop\/wp-content\/uploads\/2016\/04\/Gebirgsjagd-klein.jpg\" alt=\"Jumelles de chasse en montagne\" width=\"50\" height=\"50\" \/><br \/>\nLa nouvelle <strong>Optique de vis\u00e9e longue port\u00e9e pour tireurs sportifs avec <strong>nouveau <\/strong><span style=\"color: #ff0000;\"><strong><span class=\"userContent\">Type de verre CT Glas (Clear-Transmission) de DDoptics.<\/span><\/strong><\/span><\/strong> En option : <strong><a title=\"NOUVEAU point lumineux IFiber de DDoptics\" href=\"\/fr\/wiki-sur-les-mots-techniques\/point-lumineux-intelligent-ddoptics-ifiber\/\" target=\"_blank\" rel=\"noopener noreferrer\">IFiber Point lumineux<\/a><\/strong> pour <strong>seulement \u20ac99,- de suppl\u00e9ment.<\/strong><\/p>\n<a href=\"https:\/\/amzn.to\/3PlT7Gn\" target=\"_blank\" class=\"button success is-success is-small\" rel=\"\u201dnofollow\u201d noopener\" >\n\t\t<span>client amazon ? - profiter des avantages prime ?<\/span>\n\t<\/a>","protected":false},"featured_media":26819,"comment_status":"open","ping_status":"closed","template":"","meta":{"inline_featured_image":false,"footnotes":""},"product_brand":[],"product_cat":[480,453,638,697,917,640,919,637],"product_tag":[587,78,696,955,1098,956,79],"class_list":{"0":"post-26806","1":"product","2":"type-product","3":"status-publish","4":"has-post-thumbnail","6":"product_cat-5-30x50","7":"product_cat-50-mm-objektivdurchmesser","8":"product_cat-ansitzjagd","9":"product_cat-mrad-klickverstellung","10":"product_cat-nfx-zielfernrohre-weitwinkel-zf","11":"product_cat-pirschjagd-und-gebirgsjagd","12":"product_cat-v6-6-fach-zoom","13":"product_cat-zf-anwendung","14":"product_tag-5-30x50","15":"product_tag-ddoptics","16":"product_tag-mrad","17":"product_tag-nfx","18":"product_tag-nighteagle","19":"product_tag-v6","20":"product_tag-zielfernrohr","21":"product_shipping_class-paket","22":"pa_brand-marke-ddoptics","23":"pa_produkt-typ-zielfernrohr","25":"first","26":"instock","27":"sale","28":"taxable","29":"shipping-taxable","30":"purchasable","31":"product-type-bundle"},"bundled_by":[],"bundle_stock_status":"instock","bundle_stock_quantity":16,"bundle_virtual":false,"bundle_layout":"default","bundle_add_to_cart_form_location":"default","bundle_editable_in_cart":false,"bundle_sold_individually_context":"product","bundle_item_grouping":"parent","bundle_min_size":"","bundle_max_size":"","bundle_price":{"price":{"min":{"incl_tax":"1299.01","excl_tax":"1082.51"},"max":{"incl_tax":"1403.32","excl_tax":"1169.43"}},"regular_price":{"min":{"incl_tax":"1689.01","excl_tax":"1407.51"},"max":{"incl_tax":"1804.9","excl_tax":"1504.08"}}},"bundled_items":[{"bundled_item_id":385,"product_id":12809,"menu_order":0,"quantity_min":1,"quantity_max":1,"quantity_default":1,"priced_individually":true,"shipped_individually":false,"override_title":true,"title":"","override_description":false,"description":"","optional":false,"hide_thumbnail":false,"discount":"","override_variations":true,"allowed_variations":[12810,12811],"override_default_variation_attributes":false,"default_variation_attributes":[],"single_product_visibility":"visible","cart_visibility":"visible","order_visibility":"visible","single_product_price_visibility":"visible","cart_price_visibility":"visible","order_price_visibility":"visible","stock_status":"in_stock"},{"bundled_item_id":386,"product_id":12812,"menu_order":1,"quantity_min":1,"quantity_max":1,"quantity_default":1,"priced_individually":true,"shipped_individually":false,"override_title":true,"title":"Kit de bouchons de protection presque offert","override_description":true,"description":"","optional":true,"hide_thumbnail":false,"discount":"68.55","override_variations":true,"allowed_variations":[26829],"override_default_variation_attributes":true,"default_variation_attributes":[{"id":17,"name":"Taille de la lunette de vis\u00e9e","option":"5-30x50-nfx"}],"single_product_visibility":"visible","cart_visibility":"visible","order_visibility":"visible","single_product_price_visibility":"visible","cart_price_visibility":"visible","order_price_visibility":"visible","stock_status":"in_stock"}],"bundle_sell_ids":[],"_links":{"self":[{"href":"https:\/\/ddoptics.shop\/fr\/wp-json\/wp\/v2\/product\/26806","targetHints":{"allow":["GET"]}}],"collection":[{"href":"https:\/\/ddoptics.shop\/fr\/wp-json\/wp\/v2\/product"}],"about":[{"href":"https:\/\/ddoptics.shop\/fr\/wp-json\/wp\/v2\/types\/product"}],"replies":[{"embeddable":true,"href":"https:\/\/ddoptics.shop\/fr\/wp-json\/wp\/v2\/comments?post=26806"}],"version-history":[{"count":18,"href":"https:\/\/ddoptics.shop\/fr\/wp-json\/wp\/v2\/product\/26806\/revisions"}],"predecessor-version":[{"id":29141,"href":"https:\/\/ddoptics.shop\/fr\/wp-json\/wp\/v2\/product\/26806\/revisions\/29141"}],"wp:featuredmedia":[{"embeddable":true,"href":"https:\/\/ddoptics.shop\/fr\/wp-json\/wp\/v2\/media\/26819"}],"wp:attachment":[{"href":"https:\/\/ddoptics.shop\/fr\/wp-json\/wp\/v2\/media?parent=26806"}],"wp:term":[{"taxonomy":"product_brand","embeddable":true,"href":"https:\/\/ddoptics.shop\/fr\/wp-json\/wp\/v2\/product_brand?post=26806"},{"taxonomy":"product_cat","embeddable":true,"href":"https:\/\/ddoptics.shop\/fr\/wp-json\/wp\/v2\/product_cat?post=26806"},{"taxonomy":"product_tag","embeddable":true,"href":"https:\/\/ddoptics.shop\/fr\/wp-json\/wp\/v2\/product_tag?post=26806"}],"curies":[{"name":"wp","href":"https:\/\/api.w.org\/{rel}","templated":true}]}}