{"id":27680,"date":"2024-11-25T17:54:55","date_gmt":"2024-11-25T16:54:55","guid":{"rendered":"https:\/\/ddoptics.shop\/?post_type=product&#038;p=27680"},"modified":"2026-02-02T17:28:43","modified_gmt":"2026-02-02T16:28:43","slug":"lunette-de-visee-5-30x56-ddmp-v6-taca-moa-gen3","status":"publish","type":"product","link":"https:\/\/ddoptics.shop\/fr\/kaufen\/zielfernrohr-5-30x56-ddmp-v6-taca-moa-gen3\/","title":{"rendered":"Lunette de vis\u00e9e DDMP V6 | 5-30\u00d756 Long Range | tac-A | R\u00e9glage MOA - Gen 3"},"content":{"rendered":"<div class=\"container section-title-container\" ><h3 class=\"section-title section-title-normal\"><b aria-hidden=\"true\"><\/b><span class=\"section-title-main\" ><i class=\"icon-cross\" aria-hidden=\"true\"><\/i>Aper\u00e7u de la lunette de vis\u00e9e 5-30x56 DDMP Long Range | V6 | tac-A | R\u00e9glage MOA - Gen 3<\/span><b aria-hidden=\"true\"><\/b><\/h3><\/div>\n<table style=\"width: 100%; background-color: #cacaca; height: 144px;\">\n<tbody>\n<tr style=\"height: 24px;\">\n<td style=\"height: 24px; width: 20%;\">Tube<\/td>\n<td style=\"height: 24px; width: 30%;\">Mono-tube de 34 mm<\/td>\n<td style=\"height: 24px; width: 20%;\">Champ de vision : m @100 m<\/td>\n<td style=\"height: 24px; width: 30%;\">7,04-1,05 m<\/td>\n<\/tr>\n<tr style=\"height: 24px;\">\n<td style=\"height: 24px; width: 20%;\">Syst\u00e8me optique<\/td>\n<td style=\"height: 24px; width: 30%;\">5-30- fois<\/td>\n<td style=\"height: 24px; width: 20%;\">Distance entre les yeux<\/td>\n<td style=\"height: 24px; width: 30%;\">85-97 mm<\/td>\n<\/tr>\n<tr style=\"height: 24px;\">\n<td style=\"height: 24px; width: 20%;\">Objectif<\/td>\n<td style=\"height: 24px; width: 30%;\">56 mm<\/td>\n<td style=\"height: 24px; width: 20%;\">Longueur<\/td>\n<td style=\"height: 24px; width: 30%;\">368 mm<\/td>\n<\/tr>\n<tr style=\"height: 24px;\">\n<td style=\"height: 24px; width: 20%;\">R\u00e9ticule<\/td>\n<td style=\"height: 24px; width: 30%;\">TacA<\/td>\n<td style=\"height: 24px; width: 20%;\">Poids<\/td>\n<td style=\"height: 24px; width: 30%;\">1068 g<\/td>\n<\/tr>\n<tr style=\"height: 24px;\">\n<td style=\"height: 24px; width: 20%;\">Point lumineux<\/td>\n<td style=\"height: 24px; width: 30%;\">Standard ou iFiber<\/td>\n<td style=\"height: 24px; width: 20%;\">Antibu\u00e9e<\/td>\n<td style=\"height: 24px; width: 30%;\">Remplissage d'azote contre la bu\u00e9e<\/td>\n<\/tr>\n<tr style=\"height: 24px;\">\n<td style=\"height: 24px; width: 20%;\">Focus\/Parallaxe<\/td>\n<td style=\"height: 24px; width: 30%;\">Objectif r\u00e9glable 25-1000 m \u00e0 l'infini<\/td>\n<td style=\"height: 24px; width: 20%;\">\u00a0\u00c9tanch\u00e9it\u00e9<\/td>\n<td style=\"height: 24px; width: 30%;\">R\u00e9sistant \u00e0 l'eau et aux chocs<\/td>\n<\/tr>\n<\/tbody>\n<\/table>\n<div class=\"row\"  id=\"row-1138621439\">\n\n\t<div id=\"col-522822880\" class=\"col medium-8 small-12 large-8\"  >\n\t\t\t\t<div class=\"col-inner\"  >\n\t\t\t\n\t\t\t\n<h2>Lunette de vis\u00e9e DDMP V6 5-30\u00d756 | <a href=\"https:\/\/ddoptics.shop\/fr\/mot-technique\/calcul-de-la-minute-dangle-ou-moa-pour-les-lunettes-de-visee\/\">1\/8 MOA<\/a> de DDoptics - pr\u00e9cision absolue \u00e0 moyenne distance de 100 \u00e0 1000 m<\/h2>\n<p>Le site <strong>DDoptics Lunette de vis\u00e9e DDMP V6 5-30\u00d756 Longue port\u00e9e | MOA | tac-A<\/strong> est l'outil de pr\u00e9cision ultime pour les tireurs ambitieux et les passionn\u00e9s de longue distance. Avec une technologie de pointe, une pr\u00e9cision sans compromis et une finition haut de gamme, cette lunette de vis\u00e9e \u00e9tablit de nouveaux standards dans le monde de l'optique de tir sportif.<\/p>\n<h3>Pr\u00e9cision et polyvalence exceptionnelles<\/h3>\n<p>Gr\u00e2ce \u00e0 son large spectre d'agrandissement de <strong>5 \u00e0 30 fois<\/strong> le DDMP V6 ma\u00eetrise aussi bien les distances moyennes que les distances extr\u00eames avec la plus grande pr\u00e9cision.<\/p>\n<blockquote><p>La g\u00e9n\u00e9reuse <strong>Objectif de 56 mm<\/strong> assure une transmission sup\u00e9rieure de la lumi\u00e8re et des images d'une grande nettet\u00e9, m\u00eame en cas de faible luminosit\u00e9 ou de conditions m\u00e9t\u00e9orologiques difficiles.<\/p><\/blockquote>\n<p>Avec une plage de r\u00e9glage exceptionnelle de <strong>100 MOA<\/strong> et un syst\u00e8me d'ajustement ultramoderne, des distances allant jusqu'\u00e0 <strong>2.000 m\u00e8tres et plus<\/strong> \u00eatre couverts sans effort.<\/p>\n<p>Le r\u00e9glage pr\u00e9cis avec seulement <strong>3 tours<\/strong> permet de passer en un clin d'\u0153il d'une distance de tir \u00e0 une autre - id\u00e9al pour les situations de tir dynamiques.<\/p>\n<h3>Lunette de vis\u00e9e 5-30\u00d756 DDMP - Une optique de grande classe<\/h3>\n<p>Le DDMP V6 offre par <strong>Lentilles haute d\u00e9finition<\/strong> avec un traitement multicouche offre une exp\u00e9rience optique de premi\u00e8re classe. Les r\u00e9flexions et la lumi\u00e8re parasite sont minimis\u00e9es, tandis que les contrastes sont brillamment mis en valeur. R\u00e9sultat : une vision cristalline et d\u00e9taill\u00e9e qui convainc m\u00eame dans les conditions les plus exigeantes.<\/p>\n\t\t<\/div>\n\t\t\t\t\t<\/div>\n\n\t\n\n\t<div id=\"col-1524677854\" class=\"col medium-4 small-12 large-4\"  >\n\t\t\t\t<div class=\"col-inner\"  >\n\t\t\t\n\t\t\t\n<a class=\"button primary expand\" >\n\t\t<span>Particularit\u00e9s de la lunette de vis\u00e9e<\/span>\n\t<\/a>\n\n\n\t<section class=\"section\" id=\"section_973762013\">\n\t\t<div class=\"section-bg fill\" >\n\t\t\t\t\t\t\t\t\t<div class=\"section-bg-overlay absolute fill\"><\/div>\n\t\t\t\n\n\t\t<\/div>\n\n\t\t\n\n\t\t<div class=\"section-content relative\">\n\t\t\t\n\t<div class=\"img has-hover x md-x lg-x y md-y lg-y\" id=\"image_930981120\">\n\t\t<a class=\"\" href=\"https:\/\/www.ddoptics.de\/garantiebestimmungen\" target=\"_blank\" rel=\"no follow noopener\">\t\t\t\t\t\t<div class=\"img-inner dark\" >\n\t\t\t<img decoding=\"async\" width=\"352\" height=\"160\" src=\"https:\/\/ddoptics.shop\/wp-content\/uploads\/2014\/09\/DDoptics-Garantie.jpg\" class=\"attachment-large size-large\" alt=\"Garantie DDoptics\" srcset=\"https:\/\/ddoptics.shop\/wp-content\/uploads\/2014\/09\/DDoptics-Garantie.jpg 352w, https:\/\/ddoptics.shop\/wp-content\/uploads\/2014\/09\/DDoptics-Garantie-304x138.jpg 304w, https:\/\/ddoptics.shop\/wp-content\/uploads\/2014\/09\/DDoptics-Garantie-305x139.jpg 305w, https:\/\/ddoptics.shop\/wp-content\/uploads\/2014\/09\/DDoptics-Garantie-250x114.jpg 250w\" sizes=\"(max-width: 352px) 100vw, 352px\" title=\"\">\t\t\t\t\t\t\n\t\t\t\t\t<\/div>\n\t\t\t\t\t\t<\/a>\t\t\n<style>\n#image_930981120 {\n  width: 100%;\n}\n<\/style>\n\t<\/div>\n\t\n\t<div id=\"gap-917986392\" class=\"gap-element clearfix\" style=\"display:block; height:auto;\">\n\t\t\n<style>\n#gap-917986392 {\n  padding-top: 15px;\n}\n<\/style>\n\t<\/div>\n\t\n\t<div id=\"text-1705679450\" class=\"text\">\n\t\t\n<p><em><span style=\"font-size: 80%;\">\u21d2 DDMP - DDoptics Match Precision<br \/>\n<\/span><\/em><em><span style=\"font-size: 80%;\">\u21d2 Tube robuste de 34 mm<br \/>\n<\/span><\/em><em><span style=\"font-size: 80%;\">\u21d2 tr\u00e8s grande plage de r\u00e9glage de 1\/8 MOA<br \/>\n<\/span><\/em><em><span style=\"font-size: 80%;\">\u21d2 grandes tours tactiques en m\u00e9tal (pas de plastique)<br \/>\n<\/span><\/em><em><span style=\"font-size: 80%;\">\u21d2 double mise \u00e0 l'\u00e9chelle (Doubleturn)<br \/>\n<\/span><\/em><em><span style=\"font-size: 80%;\">\u21d2 interne\u00a0<span class=\"modal_lexicon\">Zerostop<\/span>\u00a0pour ASV (but\u00e9e z\u00e9ro)<br \/>\n<\/span><\/em><em><span style=\"font-size: 80%;\">\u21d2 nouveau\u00a0<span class=\"modal_lexicon\">R\u00e9ticule<\/span>\u00a0tacA dans le 1er plan de l'image<br \/>\n<\/span><\/em><em><span style=\"font-size: 80%;\">\u21d2 compensation de parallaxe performante avec 25-1000-\u221e<br \/>\n<\/span><\/em><em><span style=\"font-size: 80%;\">\u21d2 toutes les lunettes de vis\u00e9e DDoptics sont \u00e9tanches et remplies d'azote<\/span><\/em><\/p>\n\t\t\n<style>\n#text-1705679450 {\n  line-height: 1.15;\n  color: rgb(33, 107, 227);\n}\n#text-1705679450 > * {\n  color: rgb(33, 107, 227);\n}\n<\/style>\n\t<\/div>\n\t\n\t\t<\/div>\n\n\t\t\n<style>\n#section_973762013 {\n  padding-top: 30px;\n  padding-bottom: 30px;\n  background-color: rgb(232, 232, 232);\n}\n#section_973762013 .section-bg-overlay {\n  background-color: rgba(255,255,255,.5);\n}\n<\/style>\n\t<\/section>\n\t\n\t\t<\/div>\n\t\t\t\t\t<\/div>\n\n\t\n<\/div>\n<h3>Une robustesse sans compromis<\/h3>\n<p>Cette lunette de vis\u00e9e est construite pour les conditions les plus difficiles. Fabriqu\u00e9e en acier anodis\u00e9 de haute qualit\u00e9 <strong>Aluminium a\u00e9ronautique<\/strong>En plus d'\u00eatre l\u00e9ger et solide, il est extr\u00eamement r\u00e9sistant aux chocs, au recul et aux intemp\u00e9ries.<\/p>\n<p>Le site <strong>Remplissage d'azote<\/strong> et une conception enti\u00e8rement \u00e9tanche garantissent que le DDMP V6 ne s'embue pas en cas de variations de temp\u00e9rature ou d'humidit\u00e9. Ces caract\u00e9ristiques garantissent la long\u00e9vit\u00e9 et la fiabilit\u00e9, m\u00eame dans les circonstances les plus d\u00e9favorables.<\/p>\n<h3>Des fonctions innovantes pour les tireurs de haut niveau<\/h3>\n<ul>\n<li><strong>R\u00e9ticule Tac-A avec \u00e9clairage :<\/strong> L'unit\u00e9 de r\u00e9ticule \u00e9clair\u00e9e avec r\u00e9glage continu de la luminosit\u00e9 s'adapte parfaitement aux conditions ambiantes, que ce soit au cr\u00e9puscule ou en plein jour.<\/li>\n<li><strong>Design ergonomique :<\/strong> Le d\u00e9gagement oculaire g\u00e9n\u00e9reux assure une exp\u00e9rience de tir s\u00fbre et confortable, m\u00eame avec des calibres puissants.<\/li>\n<li><strong>Premier plan d'image pour une pr\u00e9cision maximale :<\/strong> Gr\u00e2ce au placement du r\u00e9ticule Tac-A dans le premier plan de l'image, l'\u00e9chelle reste toujours pr\u00e9cise, quel que soit le grossissement - 1 MOA correspond toujours exactement \u00e0 1 MOA. <strong>2,88 mm sur 100 m<\/strong>tandis que les traits interm\u00e9diaires sont des ajustements fins de <strong>0,36 cm (\u215b MOA)<\/strong> permettent.<\/li>\n<\/ul>\n<h3>Le r\u00e9ticule Tac-A - la pr\u00e9cision sans limites<\/h3>\n<p>La conception bien pens\u00e9e du r\u00e9ticule Tac-A offre une visibilit\u00e9 et une pr\u00e9cision maximales. Les barres transparentes garantissent que les d\u00e9tails importants de la zone cible restent visibles, tandis que la structure en forme de fl\u00e8che permet une acquisition rapide et intuitive de la cible.<\/p>\n<h3>L'outil parfait pour les sp\u00e9cialistes de la longue port\u00e9e<\/h3>\n<p>Le site <strong>DDoptics DDMP V6 5-30\u00d756<\/strong> est plus qu'une simple lunette de vis\u00e9e - c'est une d\u00e9claration en mati\u00e8re de performance, de pr\u00e9cision et d'innovation. Que ce soit sur le stand de tir, lors de comp\u00e9titions ou dans le cadre d'une utilisation professionnelle, cette lunette de vis\u00e9e haut de gamme vous donne l'assurance de toujours performer au plus haut niveau.<\/p>\n<p><strong>Investissez dans une qualit\u00e9 sans compromis et faites de chaque tir un coup de ma\u00eetre.<\/strong><\/p>\n<div class=\"html--title\">\n<h2>Dessin des dimensions de la lunette de vis\u00e9e 5-30\u00d756 DDMP<\/h2>\n<\/div>\n<div class=\"html--content\">\n<p>Remarque : la longueur de la lunette de vis\u00e9e peut changer lors du r\u00e9glage du dioptre sur l'oculaire.<\/p>\n<\/div>\n\t<div class=\"img has-hover x md-x lg-x y md-y lg-y\" id=\"image_1560584300\">\n\t\t\t\t\t\t\t\t<div class=\"img-inner dark\" >\n\t\t\t<img decoding=\"async\" width=\"1020\" height=\"669\" src=\"https:\/\/ddoptics.shop\/wp-content\/uploads\/2019\/02\/DDoptics-V6-Zielfernrohr-5-30x56-Zeichnung.jpg\" class=\"attachment-large size-large\" alt=\"Lunette de vis\u00e9e DDoptics V6 5-30x56 DDMP dessin\" srcset=\"https:\/\/ddoptics.shop\/wp-content\/uploads\/2019\/02\/DDoptics-V6-Zielfernrohr-5-30x56-Zeichnung.jpg 1200w, https:\/\/ddoptics.shop\/wp-content\/uploads\/2019\/02\/DDoptics-V6-Zielfernrohr-5-30x56-Zeichnung-304x199.jpg 304w, https:\/\/ddoptics.shop\/wp-content\/uploads\/2019\/02\/DDoptics-V6-Zielfernrohr-5-30x56-Zeichnung-305x200.jpg 305w, https:\/\/ddoptics.shop\/wp-content\/uploads\/2019\/02\/DDoptics-V6-Zielfernrohr-5-30x56-Zeichnung-632x414.jpg 632w, https:\/\/ddoptics.shop\/wp-content\/uploads\/2019\/02\/DDoptics-V6-Zielfernrohr-5-30x56-Zeichnung-800x525.jpg 800w, https:\/\/ddoptics.shop\/wp-content\/uploads\/2019\/02\/DDoptics-V6-Zielfernrohr-5-30x56-Zeichnung-510x334.jpg 510w, https:\/\/ddoptics.shop\/wp-content\/uploads\/2019\/02\/DDoptics-V6-Zielfernrohr-5-30x56-Zeichnung-250x164.jpg 250w\" sizes=\"(max-width: 1020px) 100vw, 1020px\" title=\"\">\t\t\t\t\t\t\n\t\t\t\t\t<\/div>\n\t\t\t\t\t\t\t\t\n<style>\n#image_1560584300 {\n  width: 100%;\n}\n<\/style>\n\t<\/div>\n\t\n<h3>Lunette de vis\u00e9e DDoptics V6 5-30\u00d756 DDMP : point lumineux r\u00e9glable en continu du mode lumi\u00e8re du jour au mode vision nocturne<\/h3>\n<p>Le site <strong>Unit\u00e9 d'\u00e9clairage du TacA<\/strong> est un syst\u00e8me parfaitement \u00e9quilibr\u00e9 avec une dynamique maximale. Ainsi, dans les <strong>premier niveau de luminosit\u00e9 : un point lumineux extr\u00eamement petit<\/strong> de reconna\u00eetre.<\/p>\n<p>Celui-ci est m\u00eame graduable au point que ce <strong>peut \u00e9galement \u00eatre utilis\u00e9 avec un appareil de vision nocturne.<\/strong> Si l'on continue \u00e0 augmenter le point lumineux<strong> s'allume \u00e0 partir d'une certaine intensit\u00e9 lumineuse tout le <a href=\"https:\/\/de.wikipedia.org\/wiki\/Ballistik\" target=\"_blank\" rel=\"noopener sponsored\" data-schema-attribute=\"\">balistique<\/a> R\u00e9ticule<\/strong> avec<\/p>\n<p>Selon l'utilisation, il est donc toujours possible <strong>choisir entre le point pur ou le r\u00e9ticule enti\u00e8rement \u00e9clair\u00e9<\/strong>. L'extinction automatique avec commande intelligente peut \u00e9galement \u00eatre s\u00e9lectionn\u00e9e en principe pour cette optique de vis\u00e9e.<\/p>\n<h3>Possibilit\u00e9s de r\u00e9glage pr\u00e9cis<\/h3>\n<p>La lunette de vis\u00e9e est \u00e9quip\u00e9e d'un r\u00e9ticule MOA qui a \u00e9t\u00e9 sp\u00e9cialement optimis\u00e9 pour les applications tactiques et sportives. Le r\u00e9glage de la hauteur et des c\u00f4t\u00e9s s'effectue par pas pr\u00e9cis de 1\/8 MOA, ce qui permet un ajustement extr\u00eamement fin.<\/p>\n<blockquote><p>Le retour tactile et audible des tourelles garantit une utilisation intuitive, m\u00eame dans des conditions difficiles. Avec un r\u00e9glage en hauteur maximal de 100 MOA, le DDMP V6 offre une marge de man\u0153uvre suffisante pour les distances extr\u00eames.<\/p><\/blockquote>\n<h3>Lunette de vis\u00e9e DDoptics V6 5-30\u00d756 DDMP - Zerostop interne de haute pr\u00e9cision<\/h3>\n<div class=\"row\"  id=\"row-749737744\">\n\n\t<div id=\"col-1839534617\" class=\"col medium-8 small-12 large-8\"  >\n\t\t\t\t<div class=\"col-inner\"  >\n\t\t\t\n\t\t\t\n<p><strong>Plage de r\u00e9glage totale de la lunette de vis\u00e9e DDoptics<a href=\"https:\/\/ddoptics.shop\/fr\/boutique\/lunette-de-visee\/v6-zoom-6x\/\" target=\"_blank\" rel=\"noopener\" data-schema-attribute=\"\"> Lunette de vis\u00e9e V6<\/a> 5-30\u00d756 DDMP :<\/strong><\/p>\n<p>Le site\u00a0<strong>Lunette de vis\u00e9e 5-30\u00d756<\/strong> dispose d'une<strong> R\u00e9glage tactique de 0,1 mrad<\/strong>. Cela signifie pour l'utilisateur en <strong>Europe application simple selon le syst\u00e8me d\u00e9cimal<\/strong>.<\/p>\n<p>Distance de r\u00e9glage totale \u00e0 100 m : 100 MOA<\/p>\n<ul>\n<li>Course de r\u00e9glage \/ clic sur 100 m : 0,36 cm<\/li>\n<li>Course de r\u00e9glage \/ clic sur 200 m : 0,72 cm<\/li>\n<li>Course de r\u00e9glage \/ clic \u00e0 300 m : 1,08 cm<\/li>\n<li>Course de r\u00e9glage \/ clic sur 900 m : 3,24 cm<\/li>\n<\/ul>\n\t\t<\/div>\n\t\t\t\t\t<\/div>\n\n\t\n\n\t<div id=\"col-601715572\" class=\"col medium-4 small-12 large-4\"  >\n\t\t\t\t<div class=\"col-inner\"  >\n\t\t\t\n\t\t\t\n\t<div class=\"img has-hover x md-x lg-x y md-y lg-y\" id=\"image_1917522198\">\n\t\t\t\t\t\t\t\t<div class=\"img-inner dark\" >\n\t\t\t<img decoding=\"async\" width=\"600\" height=\"400\" src=\"https:\/\/ddoptics.shop\/wp-content\/uploads\/2019\/02\/Interner-Zerostop-5-30x56.jpg\" class=\"attachment-large size-large\" alt=\"\" srcset=\"https:\/\/ddoptics.shop\/wp-content\/uploads\/2019\/02\/Interner-Zerostop-5-30x56.jpg 600w, https:\/\/ddoptics.shop\/wp-content\/uploads\/2019\/02\/Interner-Zerostop-5-30x56-304x203.jpg 304w, https:\/\/ddoptics.shop\/wp-content\/uploads\/2019\/02\/Interner-Zerostop-5-30x56-305x203.jpg 305w, https:\/\/ddoptics.shop\/wp-content\/uploads\/2019\/02\/Interner-Zerostop-5-30x56-510x340.jpg 510w, https:\/\/ddoptics.shop\/wp-content\/uploads\/2019\/02\/Interner-Zerostop-5-30x56-250x167.jpg 250w\" sizes=\"(max-width: 600px) 100vw, 600px\" title=\"\">\t\t\t\t\t\t\n\t\t\t\t\t<\/div>\n\t\t\t\t\t\t\t\t\n<style>\n#image_1917522198 {\n  width: 100%;\n}\n<\/style>\n\t<\/div>\n\t\n\t\t<\/div>\n\t\t\t\t\t<\/div>\n\n\t\n<\/div>\n<p>Apr\u00e8s avoir retir\u00e9 les<strong> Coiffes de tourelle du r\u00e9ticule du 5-30\u00d756\u00a0<\/strong>la tour peut \u00eatre <strong>en desserrant 3 vis sans t\u00eate<\/strong> vers le haut pour l'enlever. En dessous, vous trouverez le Zerostop sous la forme d'un disque noir rond.<\/p>\n<p>Le r\u00e9glage du z\u00e9ro-stop s'effectue apr\u00e8s le tir, en desserrant les (\u00e9galement) 3 vis sans t\u00eate sur le disque du z\u00e9ro-stop. Lorsqu'il est desserr\u00e9, le disque peut \u00eatre tourn\u00e9 sans effet jusqu'\u00e0 la but\u00e9e et <strong>ensuite fix\u00e9 \u00e0 nouveau avec les vis sans t\u00eate<\/strong> \u00eatre.<\/p>\n<p>Vous pouvez reconna\u00eetre la but\u00e9e sur l'image entre la cible et l'optique de vis\u00e9e. Ensuite, la<strong> Remettre la tour en position z\u00e9ro et la bloquer \u00e0 l'aide des 3 vis sans t\u00eate.\u00a0<\/strong>Le Zerostop s'arr\u00eate alors avec pr\u00e9cision \u00e0 la distance que vous avez fix\u00e9e.<\/p>\n<h3>Conclusion sur la lunette de vis\u00e9e DDMP<\/h3>\n<p>La DDoptics DDMP V6 5-30\u00d756 Long Range | MOA | tac-A est une lunette de vis\u00e9e fiable et performante pour les tireurs qui recherchent une pr\u00e9cision et une flexibilit\u00e9 maximales dans un appareil robuste. Elle allie une technologie de pointe, des mat\u00e9riaux de qualit\u00e9 et une utilisation conviviale \u00e0 un rapport qualit\u00e9-prix imbattable.<\/p>\n<div class=\"video video-fit mb\" style=\"padding-top:56.25%;\"><p><iframe title=\"DDoptics 5-30x56 et Strasser RS 700 - Equipement en test et interview avec A.Drescher\" width=\"1020\" height=\"574\" src=\"https:\/\/www.youtube.com\/embed\/e6IG0DosleI?feature=oembed\" frameborder=\"0\" allow=\"accelerometer; autoplay; clipboard-write; encrypted-media; gyroscope; picture-in-picture; web-share\" referrerpolicy=\"strict-origin-when-cross-origin\" allowfullscreen><\/iframe><\/p>\n<\/div>","protected":false},"excerpt":{"rendered":"<p><img decoding=\"async\" class=\"alignnone wp-image-10452 size-full\" title=\"Tir sportif\" src=\"https:\/\/ddoptics.shop\/wp-content\/uploads\/2016\/07\/Target-Schiessen.jpg\" alt=\"Tir sportif Target\" width=\"50\" height=\"50\" \/><img decoding=\"async\" class=\"alignnone wp-image-10168 size-full\" title=\"Chasse \u00e0 l&#039;approche\" src=\"https:\/\/ddoptics.shop\/wp-content\/uploads\/2016\/09\/Jagd-klein.jpg\" alt=\"Jumelles de chasse\" width=\"50\" height=\"50\" \/><img decoding=\"async\" class=\"alignnone wp-image-10178 size-full\" title=\"Chasse en montagne\" src=\"https:\/\/ddoptics.shop\/wp-content\/uploads\/2016\/04\/Gebirgsjagd-klein.jpg\" alt=\"Jumelles de chasse en montagne\" width=\"50\" height=\"50\" \/><\/p>\n<p><strong><span style=\"color: #ed1c24;\">Important : nouveau r\u00e9ticule tacA dans le 1er plan de l'image<\/span><\/strong><\/p>\n<p>Une nouvelle optique de vis\u00e9e extr\u00eame qui <strong>presque tous les domaines<\/strong> couvre tous les domaines. Du tir sportif \u00e0 la chasse en montagne en passant par la chasse \u00e0 l'approche - jusqu'\u00e0 la derni\u00e8re lumi\u00e8re de la carabine. <strong>En option avec tacA intelligent <a title=\"NOUVEAU point lumineux IFiber de DDoptics\" href=\"\/fr\/wiki-sur-les-mots-techniques\/point-lumineux-intelligent-ddoptics-ifiber\/\" target=\"_blank\" rel=\"noopener noreferrer\">IFiber Point lumineux<\/a> pour seulement \u20ac99,- de suppl\u00e9ment.<\/strong><\/p>\n<a href=\"https:\/\/amzn.to\/3RI5BKD\" target=\"_blank\" class=\"button success is-success is-small\" rel=\"\u201dnofollow\u201d noopener\" >\n\t\t<span>client amazon ? - profiter des avantages prime ?<\/span>\n\t<\/a>","protected":false},"featured_media":27703,"comment_status":"open","ping_status":"closed","template":"","meta":{"inline_featured_image":false,"footnotes":""},"product_brand":[],"product_cat":[768,454,638,640,641,919,637],"product_tag":[764,78,80,1184,79],"class_list":{"0":"post-27680","1":"product","2":"type-product","3":"status-publish","4":"has-post-thumbnail","6":"product_cat-5-30x56","7":"product_cat-56-mm-objektivdurchmesser","8":"product_cat-ansitzjagd","9":"product_cat-pirschjagd-und-gebirgsjagd","10":"product_cat-sportschiessen","11":"product_cat-v6-6-fach-zoom","12":"product_cat-zf-anwendung","13":"product_tag-5-30x56","14":"product_tag-ddoptics","15":"product_tag-gen-3","16":"product_tag-moa","17":"product_tag-zielfernrohr","18":"product_shipping_class-paket","19":"pa_brand-marke-ddoptics","20":"pa_produkt-typ-zielfernrohr","22":"first","23":"instock","24":"sale","25":"taxable","26":"shipping-taxable","27":"purchasable","28":"product-type-bundle"},"bundled_by":[],"bundle_stock_status":"instock","bundle_stock_quantity":"","bundle_virtual":false,"bundle_layout":"default","bundle_add_to_cart_form_location":"default","bundle_editable_in_cart":false,"bundle_sold_individually_context":"product","bundle_item_grouping":"parent","bundle_min_size":"","bundle_max_size":"","bundle_price":{"price":{"min":{"incl_tax":"1520","excl_tax":"1266.67"},"max":{"incl_tax":"1624.32","excl_tax":"1353.6"}},"regular_price":{"min":{"incl_tax":"1899","excl_tax":"1582.5"},"max":{"incl_tax":"2014.9","excl_tax":"1679.08"}}},"bundled_items":[{"bundled_item_id":463,"product_id":16795,"menu_order":0,"quantity_min":1,"quantity_max":1,"quantity_default":1,"priced_individually":true,"shipped_individually":false,"override_title":true,"title":"","override_description":false,"description":"","optional":false,"hide_thumbnail":true,"discount":"","override_variations":false,"allowed_variations":[],"override_default_variation_attributes":true,"default_variation_attributes":[{"id":36,"name":"tacA point lumineux","option":"ddoptics-taca-normales-leuchtabsehen"}],"single_product_visibility":"visible","cart_visibility":"visible","order_visibility":"visible","single_product_price_visibility":"visible","cart_price_visibility":"visible","order_price_visibility":"visible","stock_status":"in_stock"},{"bundled_item_id":464,"product_id":12812,"menu_order":1,"quantity_min":1,"quantity_max":1,"quantity_default":1,"priced_individually":true,"shipped_individually":false,"override_title":true,"title":"Presque un cadeau en plus - Flip Caps SET","override_description":true,"description":"","optional":true,"hide_thumbnail":true,"discount":"68.55","override_variations":true,"allowed_variations":[12870],"override_default_variation_attributes":true,"default_variation_attributes":[{"id":17,"name":"Taille de la lunette de vis\u00e9e","option":"5-30x56"}],"single_product_visibility":"visible","cart_visibility":"visible","order_visibility":"visible","single_product_price_visibility":"visible","cart_price_visibility":"visible","order_price_visibility":"visible","stock_status":"in_stock"}],"bundle_sell_ids":[],"_links":{"self":[{"href":"https:\/\/ddoptics.shop\/fr\/wp-json\/wp\/v2\/product\/27680","targetHints":{"allow":["GET"]}}],"collection":[{"href":"https:\/\/ddoptics.shop\/fr\/wp-json\/wp\/v2\/product"}],"about":[{"href":"https:\/\/ddoptics.shop\/fr\/wp-json\/wp\/v2\/types\/product"}],"replies":[{"embeddable":true,"href":"https:\/\/ddoptics.shop\/fr\/wp-json\/wp\/v2\/comments?post=27680"}],"version-history":[{"count":17,"href":"https:\/\/ddoptics.shop\/fr\/wp-json\/wp\/v2\/product\/27680\/revisions"}],"predecessor-version":[{"id":27707,"href":"https:\/\/ddoptics.shop\/fr\/wp-json\/wp\/v2\/product\/27680\/revisions\/27707"}],"wp:featuredmedia":[{"embeddable":true,"href":"https:\/\/ddoptics.shop\/fr\/wp-json\/wp\/v2\/media\/27703"}],"wp:attachment":[{"href":"https:\/\/ddoptics.shop\/fr\/wp-json\/wp\/v2\/media?parent=27680"}],"wp:term":[{"taxonomy":"product_brand","embeddable":true,"href":"https:\/\/ddoptics.shop\/fr\/wp-json\/wp\/v2\/product_brand?post=27680"},{"taxonomy":"product_cat","embeddable":true,"href":"https:\/\/ddoptics.shop\/fr\/wp-json\/wp\/v2\/product_cat?post=27680"},{"taxonomy":"product_tag","embeddable":true,"href":"https:\/\/ddoptics.shop\/fr\/wp-json\/wp\/v2\/product_tag?post=27680"}],"curies":[{"name":"wp","href":"https:\/\/api.w.org\/{rel}","templated":true}]}}