{"id":27932,"date":"2025-02-13T13:57:13","date_gmt":"2025-02-13T12:57:13","guid":{"rendered":"https:\/\/ddoptics.shop\/?post_type=product&#038;p=27932"},"modified":"2025-10-07T11:54:50","modified_gmt":"2025-10-07T09:54:50","slug":"reddot-viseur-ddsight-mag-1-4x22-chasse-manuel","status":"publish","type":"product","link":"https:\/\/ddoptics.shop\/fr\/kaufen\/reddot-visier-ddsight-mag-1-4x22-jagd-manuell\/","title":{"rendered":"Viseur RedDot DDsight MAG 1-4\u00d722 de DDoptics | R\u00e9ticule de chasse | R\u00e9glage manuel du point lumineux"},"content":{"rendered":"<div class=\"img has-hover x md-x lg-x y md-y lg-y\" id=\"image_1032400255\">\n\t\t\t\t\t\t\t\t<div class=\"img-inner image-cover dark\" style=\"padding-top:250px;\">\n\t\t\t<img decoding=\"async\" width=\"1020\" height=\"210\" src=\"https:\/\/ddoptics.shop\/wp-content\/uploads\/2025\/02\/DDoptics-DDsight-1600x329.webp\" class=\"attachment-large size-large\" alt=\"DDsight MAG 1-4x22 RedDot Vis\u00e9e DDoptics sur arme\" srcset=\"https:\/\/ddoptics.shop\/wp-content\/uploads\/2025\/02\/DDoptics-DDsight-1600x329.webp 1600w, https:\/\/ddoptics.shop\/wp-content\/uploads\/2025\/02\/DDoptics-DDsight-800x165.webp 800w, https:\/\/ddoptics.shop\/wp-content\/uploads\/2025\/02\/DDoptics-DDsight-1536x316.webp 1536w, https:\/\/ddoptics.shop\/wp-content\/uploads\/2025\/02\/DDoptics-DDsight-304x63.webp 304w, https:\/\/ddoptics.shop\/wp-content\/uploads\/2025\/02\/DDoptics-DDsight-632x130.webp 632w, https:\/\/ddoptics.shop\/wp-content\/uploads\/2025\/02\/DDoptics-DDsight-305x63.webp 305w, https:\/\/ddoptics.shop\/wp-content\/uploads\/2025\/02\/DDoptics-DDsight.webp 1920w\" sizes=\"(max-width: 1020px) 100vw, 1020px\" title=\"\">\t\t\t\t\t\t\n\t\t\t\t\t<\/div>\n\t\t\t\t\t\t\t\t\n<style>\n#image_1032400255 {\n  width: 100%;\n}\n<\/style>\n\t<\/div>\n\t\n\t<div id=\"gap-1141809460\" class=\"gap-element clearfix\" style=\"display:block; height:auto;\">\n\t\t\n<style>\n#gap-1141809460 {\n  padding-top: 10px;\n}\n<\/style>\n\t<\/div>\n\t\n<table style=\"width: 100%; background-color: #cacaca; height: 143px;\">\n<tbody>\n<tr style=\"height: 24px;\">\n<td style=\"height: 24px; width: 20%;\">Compensation dioptrique :<\/td>\n<td style=\"height: 24px; width: 30%;\">\u00a0-2,5 \u00e0 +2,5<\/td>\n<td style=\"height: 24px; width: 20%;\">Point lumineux II :<\/td>\n<td style=\"height: 24px; width: 30%;\">Manual stepless<\/td>\n<\/tr>\n<tr style=\"height: 24px;\">\n<td style=\"height: 24px; width: 20%;\">g\u00e9n\u00e9ration :<\/td>\n<td style=\"height: 24px; width: 30%;\">DDsight MAG1<\/td>\n<td style=\"height: 24px; width: 20%;\">R\u00e9sistant \u00e0 la temp\u00e9rature :<\/td>\n<td style=\"height: 24px; width: 30%;\">de -20 \u00e0 +60 \u00b0C<\/td>\n<\/tr>\n<tr style=\"height: 24px;\">\n<td style=\"height: 24px; width: 20%;\">R\u00e9mun\u00e9ration :<\/td>\n<td style=\"height: 24px; width: 30%;\">Transmission claire<\/td>\n<td style=\"height: 24px; width: 20%;\">longueur :<\/td>\n<td style=\"height: 24px; width: 30%;\">140 mm<\/td>\n<\/tr>\n<tr style=\"height: 24px;\">\n<td style=\"height: 24px; width: 20%;\">Diam\u00e8tre de l'objectif Lentille :<\/td>\n<td style=\"height: 24px; width: 30%;\">22 mm<\/td>\n<td style=\"height: 24px; width: 20%;\">poids :<\/td>\n<td style=\"height: 24px; width: 30%;\">320 g<\/td>\n<\/tr>\n<tr style=\"height: 24px;\">\n<td style=\"height: 24px; width: 20%;\">Distance entre les yeux :<\/td>\n<td style=\"height: 24px; width: 30%;\">88-89 mm<\/td>\n<td style=\"height: 24px; width: 20%;\">Protection contre la bu\u00e9e :<\/td>\n<td style=\"height: 24px; width: 30%;\">Remplissage d'azote contre la bu\u00e9e<\/td>\n<\/tr>\n<tr style=\"height: 24px;\">\n<td style=\"height: 23px; width: 20%;\">R\u00e9ticule :<\/td>\n<td style=\"height: 23px; width: 30%;\">Chasse<\/td>\n<td style=\"height: 23px; width: 20%;\">l'\u00e9tanch\u00e9it\u00e9 :<\/td>\n<td style=\"height: 23px; width: 30%;\">IPX7 r\u00e9sistant \u00e0 l'eau et aux chocs<\/td>\n<\/tr>\n<\/tbody>\n<\/table>\n<div class=\"row\"  id=\"row-508979844\">\n\n\t<div id=\"col-782827749\" class=\"col medium-8 small-12 large-8\"  >\n\t\t\t\t<div class=\"col-inner\"  >\n\t\t\t\n\t\t\t\n<h2>Viseur RedDot DDsight MAG 1-4\u00d722 de DDoptics | R\u00e9ticule de chasse | Point lumineux manuel<\/h2>\n<p>Pour <strong>Tireurs, chasseurs et tireurs sportifs<\/strong>Pour les utilisateurs qui exigent le meilleur de leur \u00e9quipement, le\u00a0<strong>DDsight MAG 1-4\u00d722<\/strong> de nouvelles normes.<\/p>\n<blockquote><p>Ce viseur r\u00e9flexe r\u00e9volutionnaire combine une technologie de pointe, une construction robuste et une utilisation intuitive dans un design compact tout-en-un.<\/p><\/blockquote>\n<p>Que ce soit pour<strong> des missions dynamiques, des sc\u00e9narios de chasse exigeants<\/strong> ou <strong>des situations de comp\u00e9tition pr\u00e9cises (IPSC) -<\/strong>\u00a0le MAG 1-4\u00d722 convainc par sa performance, sa fiabilit\u00e9 et sa fonctionnalit\u00e9 unique.<\/p>\n<p>Le site\u00a0<strong>DDsight MAG 1-4\u00d722<\/strong>\u00a0est un chef-d'\u0153uvre d'ing\u00e9nierie qui allie une technologie de pointe \u00e0 une fonctionnalit\u00e9 maximale. Sp\u00e9cialement con\u00e7u pour les tireurs qui accordent de l'importance \u00e0 la pr\u00e9cision, \u00e0 la polyvalence et \u00e0 la fiabilit\u00e9, ce viseur r\u00e9flexe pose de nouveaux jalons dans le monde de l'optique de vis\u00e9e.<\/p>\n<ul>\n<li>Agrandissement : <strong>Variable en continu de 1x \u00e0 4x<\/strong>, id\u00e9al pour une acquisition rapide de la cible et des tirs de pr\u00e9cision.<\/li>\n<li>Champ de vision : Avec 42,5 m pour un grossissement de 1x et 11,8 m pour un grossissement de 4x, elle offre une vue d'ensemble exceptionnelle.<\/li>\n<li>Optique : <strong>Lentilles enti\u00e8rement trait\u00e9es multicouches<\/strong> pour une transmission maximale de la lumi\u00e8re (\u226585%) et une qualit\u00e9 d'image brillante.<\/li>\n<li>Compensation dioptrique : R\u00e9glable de -2,5 \u00e0 +2,5, pour que l'unit\u00e9 d'\u00e9clairage soit toujours per\u00e7ue avec une grande nettet\u00e9.<\/li>\n<\/ul>\n\t\t<\/div>\n\t\t\t\t\t<\/div>\n\n\t\n\n\t<div id=\"col-1461187216\" class=\"col medium-4 small-12 large-4\"  >\n\t\t\t\t<div class=\"col-inner\"  >\n\t\t\t\n\t\t\t\n<a class=\"button primary expand\" >\n\t\t<span>Particularit\u00e9s RED DOT<\/span>\n\t<\/a>\n\n\n\t<section class=\"section\" id=\"section_1387733725\">\n\t\t<div class=\"section-bg fill\" >\n\t\t\t\t\t\t\t\t\t<div class=\"section-bg-overlay absolute fill\"><\/div>\n\t\t\t\n\n\t\t<\/div>\n\n\t\t\n\n\t\t<div class=\"section-content relative\">\n\t\t\t\n\t<div class=\"img has-hover x md-x lg-x y md-y lg-y\" id=\"image_587463874\">\n\t\t<a class=\"\" href=\"https:\/\/www.ddoptics.de\/garantiebestimmungen\" target=\"_blank\" rel=\"no follow noopener\">\t\t\t\t\t\t<div class=\"img-inner dark\" >\n\t\t\t<img decoding=\"async\" width=\"352\" height=\"160\" src=\"https:\/\/ddoptics.shop\/wp-content\/uploads\/2014\/09\/DDoptics-Garantie.jpg\" class=\"attachment-large size-large\" alt=\"Garantie DDoptics\" srcset=\"https:\/\/ddoptics.shop\/wp-content\/uploads\/2014\/09\/DDoptics-Garantie.jpg 352w, https:\/\/ddoptics.shop\/wp-content\/uploads\/2014\/09\/DDoptics-Garantie-304x138.jpg 304w, https:\/\/ddoptics.shop\/wp-content\/uploads\/2014\/09\/DDoptics-Garantie-305x139.jpg 305w, https:\/\/ddoptics.shop\/wp-content\/uploads\/2014\/09\/DDoptics-Garantie-250x114.jpg 250w\" sizes=\"(max-width: 352px) 100vw, 352px\" title=\"\">\t\t\t\t\t\t\n\t\t\t\t\t<\/div>\n\t\t\t\t\t\t<\/a>\t\t\n<style>\n#image_587463874 {\n  width: 100%;\n}\n<\/style>\n\t<\/div>\n\t\n\t<div id=\"gap-1491432822\" class=\"gap-element clearfix\" style=\"display:block; height:auto;\">\n\t\t\n<style>\n#gap-1491432822 {\n  padding-top: 15px;\n}\n<\/style>\n\t<\/div>\n\t\n\t\t<\/div>\n\n\t\t\n<style>\n#section_1387733725 {\n  padding-top: 30px;\n  padding-bottom: 30px;\n  background-color: rgb(232, 232, 232);\n}\n#section_1387733725 .section-bg-overlay {\n  background-color: rgba(255,255,255,.5);\n}\n<\/style>\n\t<\/section>\n\t\n<div class=\"is-divider divider clearfix\" ><\/div>\n\t<div class=\"img has-hover x md-x lg-x y md-y lg-y\" id=\"image_1957625970\">\n\t\t\t\t\t\t\t\t<div class=\"img-inner dark\" >\n\t\t\t<img decoding=\"async\" width=\"900\" height=\"426\" src=\"https:\/\/ddoptics.shop\/wp-content\/uploads\/2025\/02\/DDsight-MAG-riticle-Absehen.webp\" class=\"attachment-large size-large\" alt=\"DDsight MAG versions r\u00e9ticules | Tactique et chasse\" srcset=\"https:\/\/ddoptics.shop\/wp-content\/uploads\/2025\/02\/DDsight-MAG-riticle-Absehen.webp 900w, https:\/\/ddoptics.shop\/wp-content\/uploads\/2025\/02\/DDsight-MAG-riticle-Absehen-800x379.webp 800w, https:\/\/ddoptics.shop\/wp-content\/uploads\/2025\/02\/DDsight-MAG-riticle-Absehen-304x144.webp 304w, https:\/\/ddoptics.shop\/wp-content\/uploads\/2025\/02\/DDsight-MAG-riticle-Absehen-632x299.webp 632w, https:\/\/ddoptics.shop\/wp-content\/uploads\/2025\/02\/DDsight-MAG-riticle-Absehen-305x144.webp 305w\" sizes=\"(max-width: 900px) 100vw, 900px\" title=\"\">\t\t\t\t\t\t\n\t\t\t\t\t<\/div>\n\t\t\t\t\t\t\t\t\n<style>\n#image_1957625970 {\n  width: 100%;\n}\n<\/style>\n\t<\/div>\n\t\n\t\t<\/div>\n\t\t\t\t\t<\/div>\n\n\t\n<\/div>\n<div class=\"video video-fit mb\" style=\"padding-top:56.25%;\"><p><iframe title=\"Jagd &amp; Hund 2025 : nouvelles lunettes de vis\u00e9e, nouveau Sight de DDoptics et bien d&#039;autres choses encore.\" width=\"1020\" height=\"574\" src=\"https:\/\/www.youtube.com\/embed\/j-G-oX52cDY?feature=oembed\" frameborder=\"0\" allow=\"accelerometer; autoplay; clipboard-write; encrypted-media; gyroscope; picture-in-picture; web-share\" referrerpolicy=\"strict-origin-when-cross-origin\" allowfullscreen><\/iframe><\/p>\n<\/div>\n<h3>L'innovation : viseur r\u00e9flexe, magnifique et compensateur de dioptries en un seul appareil<\/h3>\n<ol start=\"1\">\n<li><strong>Solution tout-en-un :<\/strong> Pas besoin de magn\u00e9toscope s\u00e9par\u00e9 - gain de poids, de place et de temps de montage.<\/li>\n<li><strong>Agrandissement flexible :<\/strong>\u00a0Passage du grand angle au zoom 4x en quelques secondes.<\/li>\n<li><strong>Compatibilit\u00e9 universelle :<\/strong>\u00a0Parfait pour les fusils de chasse, les armes de sport ou les applications tactiques.<\/li>\n<li><strong>Compatible avec la vision nocturne :<\/strong>\u00a0Mode int\u00e9gr\u00e9 pour des utilisations discr\u00e8tes \u00e0 faible intensit\u00e9 lumineuse.<\/li>\n<\/ol>\n<p>Le DDsight MAG 1-4\u00d722 est le premier viseur r\u00e9flexe de son genre qui <strong>trois fonctions cl\u00e9s r\u00e9unies<\/strong>: un viseur r\u00e9flecteur haute r\u00e9solution, un magnifique \u00e0 4 positions r\u00e9glable en continu et une compensation dioptrique pr\u00e9cise.<\/p>\n<blockquote><p>Cette combinaison \u00e9limine le besoin de magnificateurs s\u00e9par\u00e9s et permet des transitions fluides entre les cibles proches et lointaines.<\/p><\/blockquote>\n<p>Gr\u00e2ce \u00e0 la <strong>grossissement continu de 1x \u00e0 4x<\/strong> vous gardez le contr\u00f4le dans toutes les situations, qu'il s'agisse d'un ciblage rapide \u00e0 courte distance ou de tirs pr\u00e9cis sur des cibles \u00e9loign\u00e9es.<\/p>\n<div class=\"row\"  id=\"row-1462962963\">\n\n\t<div id=\"col-351766074\" class=\"col medium-6 small-12 large-6\"  >\n\t\t\t\t<div class=\"col-inner\"  >\n\t\t\t\n\t\t\t\n\t<div class=\"img has-hover x md-x lg-x y md-y lg-y\" id=\"image_452808479\">\n\t\t\t\t\t\t\t\t<div class=\"img-inner dark\" >\n\t\t\t<img decoding=\"async\" width=\"900\" height=\"426\" src=\"https:\/\/ddoptics.shop\/wp-content\/uploads\/2025\/02\/DDsight-MAG-Sehfeld-Standartgroesse.webp\" class=\"attachment-large size-large\" alt=\"DDsight MAG 1-4x22 RedDot Visier DDoptics Description\" srcset=\"https:\/\/ddoptics.shop\/wp-content\/uploads\/2025\/02\/DDsight-MAG-Sehfeld-Standartgroesse.webp 900w, https:\/\/ddoptics.shop\/wp-content\/uploads\/2025\/02\/DDsight-MAG-Sehfeld-Standartgroesse-800x379.webp 800w, https:\/\/ddoptics.shop\/wp-content\/uploads\/2025\/02\/DDsight-MAG-Sehfeld-Standartgroesse-304x144.webp 304w, https:\/\/ddoptics.shop\/wp-content\/uploads\/2025\/02\/DDsight-MAG-Sehfeld-Standartgroesse-632x299.webp 632w, https:\/\/ddoptics.shop\/wp-content\/uploads\/2025\/02\/DDsight-MAG-Sehfeld-Standartgroesse-305x144.webp 305w\" sizes=\"(max-width: 900px) 100vw, 900px\" title=\"\">\t\t\t\t\t\t\n\t\t\t\t\t\t\t<div class=\"caption\">DDsight MAG 1-4x22 RedDot Visier DDoptics Description<\/div>\n\t\t\t\t\t<\/div>\n\t\t\t\t\t\t\t\t\n<style>\n#image_452808479 {\n  width: 100%;\n}\n<\/style>\n\t<\/div>\n\t\n\t\t<\/div>\n\t\t\t\t\t<\/div>\n\n\t\n\n\t<div id=\"col-1932853379\" class=\"col medium-6 small-12 large-6\"  >\n\t\t\t\t<div class=\"col-inner\"  >\n\t\t\t\n\t\t\t\n\t<div class=\"img has-hover x md-x lg-x y md-y lg-y\" id=\"image_1470157666\">\n\t\t\t\t\t\t\t\t<div class=\"img-inner dark\" >\n\t\t\t<img decoding=\"async\" width=\"900\" height=\"426\" src=\"https:\/\/ddoptics.shop\/wp-content\/uploads\/2025\/02\/DDsight-MAG-Standartgroesse.webp\" class=\"attachment-large size-large\" alt=\"DDsight MAG 1-4x22 RedDot Visier DDoptics Description\" srcset=\"https:\/\/ddoptics.shop\/wp-content\/uploads\/2025\/02\/DDsight-MAG-Standartgroesse.webp 900w, https:\/\/ddoptics.shop\/wp-content\/uploads\/2025\/02\/DDsight-MAG-Standartgroesse-800x379.webp 800w, https:\/\/ddoptics.shop\/wp-content\/uploads\/2025\/02\/DDsight-MAG-Standartgroesse-304x144.webp 304w, https:\/\/ddoptics.shop\/wp-content\/uploads\/2025\/02\/DDsight-MAG-Standartgroesse-632x299.webp 632w, https:\/\/ddoptics.shop\/wp-content\/uploads\/2025\/02\/DDsight-MAG-Standartgroesse-305x144.webp 305w\" sizes=\"(max-width: 900px) 100vw, 900px\" title=\"\">\t\t\t\t\t\t\n\t\t\t\t\t\t\t<div class=\"caption\">DDsight MAG 1-4x22 RedDot Visier DDoptics Description<\/div>\n\t\t\t\t\t<\/div>\n\t\t\t\t\t\t\t\t\n<style>\n#image_1470157666 {\n  width: 100%;\n}\n<\/style>\n\t<\/div>\n\t\n\t\t<\/div>\n\t\t\t\t\t<\/div>\n\n\t\n<\/div>\n<h3><span style=\"font-size: 20.16px;\">Un design compact et <\/span>Fonctionnalit\u00e9<\/h3>\n<p>La MAG 1-4\u00d722 ne convainc pas seulement sur le plan technique, mais aussi sur le plan esth\u00e9tique. Le <strong>design fin et noir mat<\/strong> avec des contours pr\u00e9cis s'int\u00e8gre parfaitement dans l'optique de chaque arme. La surface antid\u00e9rapante et les molettes de r\u00e9glage plac\u00e9es de mani\u00e8re ergonomique garantissent une manipulation s\u00fbre, m\u00eame avec des gants.<\/p>\n<blockquote><p>Avec une longueur de seulement 140 mm et un poids de 320 g (sans montage), les DDsight MAG 1-4\u00d722 sont l\u00e9g\u00e8res et maniables - parfaites pour une utilisation mobile.<\/p><\/blockquote>\n<p>Le site\u00a0<strong>Lentilles enti\u00e8rement trait\u00e9es multicouches<\/strong> garantissent une transmission de la lumi\u00e8re \u226585 %, m\u00eame dans des conditions d'\u00e9clairage difficiles. Cela assure une nettet\u00e9 d'image brillante, un affichage contrast\u00e9 et r\u00e9duit les reflets g\u00eanants.<\/p>\n<p>Le syst\u00e8me int\u00e9gr\u00e9\u00a0<strong>Lentille de correction<\/strong> assure la nettet\u00e9 du point lumineux sur l'ensemble du champ de vision - un avantage d\u00e9cisif pour une vis\u00e9e pr\u00e9cise.<\/p>\n<p><span style=\"color: #555555;\">La luminosit\u00e9 du point peut \u00eatre r\u00e9gl\u00e9e manuellement en continu - y compris <\/span><strong style=\"color: #555555;\">Mode de vision nocturne<\/strong><span style=\"color: #555555;\">\u00a0pour une utilisation dans l'obscurit\u00e9. Ainsi, vous gardez toujours le contr\u00f4le total sans faire de compromis sur le temps de r\u00e9action.<\/span><\/p>\n<h3>Robustesse pour les conditions extr\u00eames<\/h3>\n<p>Les DDsight MAG 1-4\u00d722 sont con\u00e7ues pour \u00eatre utilis\u00e9es dans les conditions les plus difficiles :<\/p>\n<ul>\n<li><strong>mat\u00e9riel :<\/strong>\u00a0Fabriqu\u00e9 en\u00a0<strong>aluminium 6061 de qualit\u00e9 a\u00e9ronautique<\/strong>Le cadre est en acier inoxydable, d'une seule pi\u00e8ce et anodis\u00e9 en noir mat, il r\u00e9siste aux chocs, \u00e0 la corrosion et \u00e0 l'usure.<\/li>\n<li><strong>Certification IPX7 :<\/strong>\u00a0\u00c9tanche jusqu'\u00e0 1 m\u00e8tre de profondeur pendant 30 minutes - id\u00e9al pour la pluie, la neige ou les plong\u00e9es impr\u00e9vues.<\/li>\n<li><strong>R\u00e9sistant \u00e0 la temp\u00e9rature :<\/strong>\u00a0Fonctionne de mani\u00e8re fiable pour\u00a0<strong>de -20\u00b0C \u00e0 +60\u00b0C<\/strong>La plupart des personnes qui travaillent dans le secteur de la sant\u00e9 sont des femmes, que ce soit par un froid glacial ou sous un soleil de plomb.<\/li>\n<li><strong>R\u00e9sistant aux chocs :<\/strong>\u00a0R\u00e9siste aux chocs les plus violents sans perdre la pr\u00e9cision de l'ajustement.<\/li>\n<\/ul>\n<h3>Ajustement pr\u00e9cis, manipulation intuitive<\/h3>\n<p>La visi\u00e8re offre une<strong>\u00a080 MOA Port\u00e9e de r\u00e9glage pour la hauteur et le c\u00f4t\u00e9<\/strong>, avec <strong>clics haptiques (0,5 MOA par pas)<\/strong>qui permettent des corrections pr\u00e9cises. Le site\u00a0<strong>compensation dioptrique (-2,5 \u00e0 +2,5)<\/strong> s'adapte individuellement \u00e0 votre vue - un avantage d\u00e9cisif pour les porteurs de lunettes ou les utilisateurs ayant des probl\u00e8mes de vue.<\/p>\n<p>Les dimensions compactes (<strong>140 mm de longueur, 320 g de poids<\/strong>) en font le compagnon id\u00e9al pour les utilisations mobiles, sans pour autant sacrifier la stabilit\u00e9 ou la fonctionnalit\u00e9.<\/p>\n<h3>Tr\u00e8s grand champ de vision &amp; r\u00e9ticule lumineux sur le 2e plan de l'image<\/h3>\n<p>Avec un\u00a0<strong>Champ de vision de 42,5 m \u00e0 1x<\/strong>\u00a0et\u00a0<strong>11,8 m \u00e0 un grossissement de 4x<\/strong> (\u00e0 une distance de 100 m), le MAG 1-4\u00d722 offre une vue d'ensemble sup\u00e9rieure. Cette optique grand angle permet de saisir les d\u00e9tails de l'environnement en un clin d'\u0153il tout en maintenant la mise au point sur la cible.<\/p>\n<p>Le site\u00a0<strong>R\u00e9ticule lumineux sur le deuxi\u00e8me plan de l'image<\/strong>\u00a0veille \u00e0 ce que le point apparaisse toujours net et sans parallaxe - une \u00e9tape importante pour un tir pr\u00e9cis \u00e0 des distances variables.<\/p>\n<h3>Pour qui les jumelles DDsight MAG 1-4\u00d722 sont-elles id\u00e9ales ?<\/h3>\n<ul>\n<li><strong>Chasseur :<\/strong>\u00a0Parfait pour la chasse \u00e0 l'approche, gr\u00e2ce \u00e0 l'acquisition rapide de la cible et \u00e0 l'adaptation aux distances variables.<\/li>\n<li><strong>Tireurs sportifs :<\/strong>\u00a0Pr\u00e9cision maximale lors des comp\u00e9titions gr\u00e2ce \u00e0 une optique nette et un zoom continu.<\/li>\n<li><strong>Utilisateurs tactiques :<\/strong>\u00a0Robustesse et fiabilit\u00e9 dans des situations extr\u00eames.<\/li>\n<li><strong>D\u00e9butants &amp; professionnels :<\/strong>\u00a0Une utilisation intuitive et une durabilit\u00e9 \u00e0 long terme en font un investissement rentable.<\/li>\n<\/ul>\n<h3>Conclusion : une visi\u00e8re DDoptics qui r\u00e9pond \u00e0 tous les souhaits<\/h3>\n<p>Le site\u00a0<strong>DDsight MAG 1-4\u00d722<\/strong> est plus qu'un simple viseur r\u00e9flecteur - c'est un chef-d'\u0153uvre technique qui allie pr\u00e9cision, robustesse et innovation.<\/p>\n<p>Avec sa combinaison unique de <strong>grossissement continu, r\u00e9glage continu du point lumineux et construction militaire<\/strong> il \u00e9tablit de nouvelles r\u00e9f\u00e9rences pour le secteur. Ceux qui ont peur de faire des compromis en mati\u00e8re de performance, d'adaptabilit\u00e9 ou de durabilit\u00e9 trouveront ici la solution ultime.<\/p>","protected":false},"excerpt":{"rendered":"<p><img decoding=\"async\" class=\"wp-image-10452 size-full alignnone\" src=\"https:\/\/ddoptics.shop\/wp-content\/uploads\/2016\/07\/Target-Schiessen.jpg\" alt=\"Tir sportif Target\" width=\"50\" height=\"50\" \/><img decoding=\"async\" class=\"size-full wp-image-10168 alignnone\" src=\"https:\/\/ddoptics.shop\/wp-content\/uploads\/2016\/09\/Jagd-klein.jpg\" alt=\"Jumelles de chasse\" width=\"50\" height=\"50\" \/><br \/>\n<strong>Le DDsight MAG 1-4\u00d722 - la perfection pour les plus hautes exigences.<\/strong><\/p>","protected":false},"featured_media":27956,"comment_status":"open","ping_status":"closed","template":"","meta":{"inline_featured_image":false,"footnotes":""},"product_brand":[],"product_cat":[728],"product_tag":[78,1197,1199,1198],"class_list":{"0":"post-27932","1":"product","2":"type-product","3":"status-publish","4":"has-post-thumbnail","6":"product_cat-red-dot-reflexvisiere","7":"product_tag-ddoptics","8":"product_tag-ddsight","9":"product_tag-ddsight-mag-1-4x22","10":"product_tag-red-dot","11":"product_shipping_class-paket","12":"pa_brand-marke-ddoptics","13":"pa_produkt-typ-zielfernrohr","15":"first","16":"instock","17":"sale","18":"taxable","19":"shipping-taxable","20":"purchasable","21":"product-type-simple"},"bundled_by":[],"bundle_stock_status":"instock","bundle_stock_quantity":null,"bundle_virtual":false,"bundle_layout":"","bundle_add_to_cart_form_location":"","bundle_editable_in_cart":false,"bundle_sold_individually_context":"","bundle_item_grouping":"","bundle_min_size":"","bundle_max_size":"","bundle_price":[],"bundled_items":[],"bundle_sell_ids":[],"_links":{"self":[{"href":"https:\/\/ddoptics.shop\/fr\/wp-json\/wp\/v2\/product\/27932","targetHints":{"allow":["GET"]}}],"collection":[{"href":"https:\/\/ddoptics.shop\/fr\/wp-json\/wp\/v2\/product"}],"about":[{"href":"https:\/\/ddoptics.shop\/fr\/wp-json\/wp\/v2\/types\/product"}],"replies":[{"embeddable":true,"href":"https:\/\/ddoptics.shop\/fr\/wp-json\/wp\/v2\/comments?post=27932"}],"version-history":[{"count":28,"href":"https:\/\/ddoptics.shop\/fr\/wp-json\/wp\/v2\/product\/27932\/revisions"}],"predecessor-version":[{"id":29102,"href":"https:\/\/ddoptics.shop\/fr\/wp-json\/wp\/v2\/product\/27932\/revisions\/29102"}],"wp:featuredmedia":[{"embeddable":true,"href":"https:\/\/ddoptics.shop\/fr\/wp-json\/wp\/v2\/media\/27956"}],"wp:attachment":[{"href":"https:\/\/ddoptics.shop\/fr\/wp-json\/wp\/v2\/media?parent=27932"}],"wp:term":[{"taxonomy":"product_brand","embeddable":true,"href":"https:\/\/ddoptics.shop\/fr\/wp-json\/wp\/v2\/product_brand?post=27932"},{"taxonomy":"product_cat","embeddable":true,"href":"https:\/\/ddoptics.shop\/fr\/wp-json\/wp\/v2\/product_cat?post=27932"},{"taxonomy":"product_tag","embeddable":true,"href":"https:\/\/ddoptics.shop\/fr\/wp-json\/wp\/v2\/product_tag?post=27932"}],"curies":[{"name":"wp","href":"https:\/\/api.w.org\/{rel}","templated":true}]}}