{"id":555,"date":"2014-09-04T16:53:36","date_gmt":"2014-09-04T14:53:36","guid":{"rendered":"http:\/\/beta.optik-sport-shop.at\/\/?post_type=product&#038;p=555"},"modified":"2023-09-19T16:50:05","modified_gmt":"2023-09-19T14:50:05","slug":"nighteagle-5-30x50-gen-3-tactical-mildot","status":"publish","type":"product","link":"https:\/\/ddoptics.shop\/fr\/kaufen\/nighteagle-5-30x50-gen-3-tactical-mildot\/","title":{"rendered":"DDoptics Nighteagle 5-30\u00d750 Lunette de vis\u00e9e tactique | V6 | MilDot | R\u00e9glage MOA - Gen 3"},"content":{"rendered":"[vc_row][vc_column][vc_text_separator title=&#8221;Kurz\u00fcberblick Zielfernrohr 5-30&#215;50 Tactical von DDoptics&#8221; i_icon_fontawesome=&#8221;fa fa-info-circle&#8221; i_color=&#8221;black&#8221; color=&#8221;custom&#8221; add_icon=&#8221;true&#8221; accent_color=&#8221;#a86b0f&#8221;][\/vc_column][\/vc_row][vc_row][vc_column][vc_column_text]\n<table style=\"background-color: #cacaca;\">\n<tbody>\n<tr style=\"height: 24px;\">\n<td style=\"height: 24px; text-align: left; width: 20%;\"><strong>Tubus:<\/strong><\/td>\n<td style=\"height: 24px; text-align: left; width: 30%;\">30 mm Mono Tube<\/td>\n<td style=\"height: 24px; text-align: left; width: 20%;\"><strong>Sichtfeld: m @100 m:<\/strong><\/td>\n<td style=\"height: 24px; text-align: left; width: 30%;\">7,2\u00a0&#8211; 1,1\u00a0m<\/td>\n<\/tr>\n<tr style=\"height: 24px;\">\n<td style=\"height: 24px; text-align: left; width: 20%;\"><strong>Optisches System:<\/strong><\/td>\n<td style=\"height: 24px; text-align: left; width: 30%;\">5-30- fach<\/td>\n<td style=\"height: 24px; text-align: left; width: 20%;\"><strong>Augenabstand:<\/strong><\/td>\n<td style=\"height: 24px; text-align: left; width: 30%;\">90,5 mm<\/td>\n<\/tr>\n<tr style=\"height: 24px;\">\n<td style=\"height: 24px; text-align: left; width: 20%;\"><strong>Objektiv:<\/strong><\/td>\n<td style=\"height: 24px; text-align: left; width: 30%;\">50 mm<\/td>\n<td style=\"height: 24px; text-align: left; width: 20%;\"><strong>L\u00e4nge:<\/strong><\/td>\n<td style=\"height: 24px; text-align: left; width: 30%;\">353 mm<\/td>\n<\/tr>\n<tr style=\"height: 24px;\">\n<td style=\"height: 24px; text-align: left; width: 20%;\"><strong>Absehen:<\/strong><\/td>\n<td style=\"height: 24px; text-align: left; width: 30%;\">Mill Dot<\/td>\n<td style=\"height: 24px; text-align: left; width: 20%;\"><strong>Gewicht:<\/strong><\/td>\n<td style=\"height: 24px; text-align: left; width: 30%;\">\u00a0795 g<\/td>\n<\/tr>\n<tr style=\"height: 24px;\">\n<td style=\"height: 24px; text-align: left; width: 20%;\"><strong>Leuchtpunkt<\/strong><\/td>\n<td style=\"height: 24px; text-align: left; width: 30%;\">LP 2 oder iFiber<\/td>\n<td style=\"height: 24px; text-align: left; width: 20%;\"><strong>Beschlagsschutz:<\/strong><\/td>\n<td style=\"height: 24px; text-align: left; width: 30%;\">Stickstofffu\u0308llung gegen Beschlag<\/td>\n<\/tr>\n<tr style=\"height: 24px;\">\n<td style=\"height: 24px; text-align: left; width: 20%;\"><strong>Fokus\/Parallaxe:<\/strong><\/td>\n<td style=\"height: 24px; text-align: left; width: 30%;\">Verstellbares\u00a0Objektiv 20 m bis unendlich<\/td>\n<td style=\"height: 24px; text-align: left; width: 20%;\"><strong>\u00a0Dichtheit:<\/strong><\/td>\n<td style=\"height: 24px; text-align: left; width: 30%;\">Wasser- und sto\u00dffest<\/td>\n<\/tr>\n<\/tbody>\n<\/table>\n[\/vc_column_text][\/vc_column][\/vc_row][vc_row][vc_column width=&#8221;2\/3&#8243;][vc_column_text]\n<h2>DDoptics\u00a0Nighteagle\u00a05-30&#215;50 V6 Tactical Zielfernrohr &#8211; ZF mit 6-fach Zoom, MOA Klickverstellung und MilDot Absehen &#8211; Gen 3<\/h2>\n<p>Das Nighteagle<strong>\u00a05-30&#215;50 Tactical Gen 3 Zielfernrohr<\/strong> mit Duplex Absehen ist eine Hochleistungsoptik mit <a href=\"https:\/\/ddoptics.shop\/shop\/zielfernrohr\/v6-6-fach-zoom\/\" target=\"_blank\" rel=\"noopener noreferrer\">6-fach Zoom<\/a> &#8211; ausgef\u00fchrt mit<strong> taktischen Absehenverstellt\u00fcrme<\/strong>. Sie wurde und wurde zusammen mit den weltweit <strong>besten Entwicklern<\/strong> in Japan entworfen.<\/p>\n<p><span class=\"userContent\">Zum ersten Mal wurde bei diesem ZF die neu <strong>entwickelte Glassorte CT Glas (Clear-Transmission)<\/strong> von DDoptics eingebaut. Zuk\u00fcnftig will <strong>DDoptics diese Glasqualit\u00e4t bei allen Gen.3<\/strong> Zielfernrohre verbauen. CT-Glas bietet ein klareres Grund-wei\u00df und brilliert mit<strong> besseren Farbkontrasten, noch mehr Helligkeit<\/strong> und deutlich weniger Verlusten und chromatischen Aberrationen.<\/span><\/p>\n<p>Die <strong>stabile Tubuswandst\u00e4rke von 2mm<\/strong> liegt \u00fcber dem milit\u00e4rischen Standard. Die beiden Verstellt\u00fcrme bestehen aus einer <strong>Aluminiumlegierung &#8211; frei von jeglichen Kunstoffteilen<\/strong>. Alle Aluminiumteile sind mit der neuen <strong>DDoptics fine-black Eloxierbeschichtung<\/strong> versehen.<\/p>\n<p>Die genau definierte, pr\u00e4zise und hartg\u00e4ngige T- Klickverstellung bei den T\u00fcrmen garantiert absolute wiederkehrende Pr\u00e4zision.[\/vc_column_text][\/vc_column][vc_column width=&#8221;1\/3&#8243;][ultimate_info_table design_style=&#8221;design02&#8243; color_scheme=&#8221;blue&#8221; package_heading=&#8221;Besonderheiten DDoptics Zielfernrohr&#8221; heading_font_color=&#8221;#ffffff&#8221; features_font_color=&#8221;#1e73be&#8221; features_font_style=&#8221;font-style:italic;&#8221; features_font_size=&#8221;desktop:12px;&#8221;]\n<p style=\"text-align: left;\"><a href=\"https:\/\/www.ddoptics.de\/jagd_de\/content\/service\/unsere-produkte\/30-jahre-garantie\/\" target=\"_blank\" rel=\"nofollow noopener noreferrer\"><img decoding=\"async\" class=\"alignleft wp-image-9270 size-full\" title=\"Garantiebestimmungen lesen\" src=\"https:\/\/ddoptics.shop\/wp-content\/uploads\/2014\/09\/DDoptics-Garantie.jpg\" alt=\"DDoptics Garantie\" width=\"352\" height=\"160\" srcset=\"https:\/\/ddoptics.shop\/wp-content\/uploads\/2014\/09\/DDoptics-Garantie.jpg 352w, https:\/\/ddoptics.shop\/wp-content\/uploads\/2014\/09\/DDoptics-Garantie-304x138.jpg 304w, https:\/\/ddoptics.shop\/wp-content\/uploads\/2014\/09\/DDoptics-Garantie-305x139.jpg 305w, https:\/\/ddoptics.shop\/wp-content\/uploads\/2014\/09\/DDoptics-Garantie-250x114.jpg 250w\" sizes=\"(max-width: 352px) 100vw, 352px\" \/><\/a>\u21d2 MilDot oder Duplex Absehen<br \/>\n\u21d2 Zero Stop Ring \/ Nullanschlag bei Hohenverstellung<br \/>\n\u21d2 NEU: IFiber Leuchtpunkt optional<br \/>\n\u21d2 Gegenl. Skalen (Wind links- rechts)<br \/>\n\u21d2 30 Jahre DDoptics Garantie<br \/>\n\u21d2 Absehen 4: 2. Bildebene<br \/>\n\u21d2 Absolute Wiederkehrgenauigkeit<br \/>\n\u21d2 Extreme Lichttransmission bis 94,7%<br \/>\n\u21d2 Glasfaser Leuchtpunkt<br \/>\n\u21d2 Schussfesttest: <a href=\"https:\/\/de.wikipedia.org\/wiki\/.375_Holland_%26_Holland_Magnum\" target=\"_blank\" rel=\"noopener noreferrer\">375H&amp;H<\/a> 1000 Schuss<br \/>\n\u21d2 Spektivfunktion durch hohe Vergr\u00f6sserung<br \/>\n\u21d2 Stufenlos verstellbarer Parallaxenausgleich<br \/>\n\u21d2 Sehr weite Sch\u00fcsse m\u00f6glich<\/p>\n[\/ultimate_info_table][\/vc_column][\/vc_row][vc_column][\/vc_column][vc_text_separator title=&#8221;Technische Zeichnung Zielfernrohr 5-30&#215;50&#8243; color=&#8221;custom&#8221; accent_color=&#8221;#a86b0f&#8221;][vc_row][vc_column][vc_single_image image=&#8221;8612&#8243; img_size=&#8221;full&#8221;][\/vc_column][\/vc_row][vc_row][vc_column][vc_column_text]\n<h3>5-30&#215;50 Zielfernrohr Verstellt\u00fcrme &#8211; Schnellverstellung mit zweireihigen Skalen<\/h3>\n<p>Neuheit: Auf der <strong>H\u00f6henverstellung<\/strong> erm\u00f6glicht eine <strong>doppelte Skala<\/strong> die Anzahl der gemachten<strong> Klickverstellungen<\/strong> abzulesen und einzustellen.\u00a0 <strong>Nach dem Einschie\u00dfen<\/strong> kann die <strong>Absehenverstellung <\/strong>wieder einfach<strong> auf Null gestellt werden<\/strong>.<\/p>\n<p>Dazu l\u00f6st man einfach die Sicherung des Turmes mit einer M\u00fcnze oder einem Schraubendreher. Im Anschluss wird die <strong>Nulleinstellung<\/strong> mittels des <strong>Zerostop \/Nullanschlag<\/strong> von unten gekontert um einen Anschlag bei der Position Null zu erreichen.<br \/>\nSchnellverstellung mit gegenl\u00e4ufigen Skalierungen<\/p>\n<p>Die <strong>Seitenverstellung <\/strong>ist mit zwei<strong> gegenl\u00e4ufigen Skalen<\/strong> beschriftet. Von der Einstellung Null ausgehend kann hier die <strong>Windrichtung und Windst\u00e4rke<\/strong>, oder eine eventuelle Bewegung des Ziels voreingestellt werden.<\/p>\n<figure id=\"attachment_25667\" aria-describedby=\"caption-attachment-25667\" style=\"width: 250px\" class=\"wp-caption alignright\"><img decoding=\"async\" class=\"wp-image-25667\" src=\"https:\/\/ddoptics.shop\/wp-content\/uploads\/2022\/04\/TAC-V6-5-30x50-Absehen-680x800.webp\" alt=\"DDoptics Nighteagle V6 5-30x50 Gen3 | Tactical | MOA | Mildot\" width=\"250\" height=\"294\" title=\"\" srcset=\"https:\/\/ddoptics.shop\/wp-content\/uploads\/2022\/04\/TAC-V6-5-30x50-Absehen-680x800.webp 680w, https:\/\/ddoptics.shop\/wp-content\/uploads\/2022\/04\/TAC-V6-5-30x50-Absehen-304x358.webp 304w, https:\/\/ddoptics.shop\/wp-content\/uploads\/2022\/04\/TAC-V6-5-30x50-Absehen-305x360.webp 305w, https:\/\/ddoptics.shop\/wp-content\/uploads\/2022\/04\/TAC-V6-5-30x50-Absehen-632x744.webp 632w, https:\/\/ddoptics.shop\/wp-content\/uploads\/2022\/04\/TAC-V6-5-30x50-Absehen-510x600.webp 510w, https:\/\/ddoptics.shop\/wp-content\/uploads\/2022\/04\/TAC-V6-5-30x50-Absehen-213x250.webp 213w, https:\/\/ddoptics.shop\/wp-content\/uploads\/2022\/04\/TAC-V6-5-30x50-Absehen.webp 884w\" sizes=\"(max-width: 250px) 100vw, 250px\" \/><figcaption id=\"caption-attachment-25667\" class=\"wp-caption-text\">DDoptics Nighteagle V6 5-30&#215;50 Gen3 | Tactical | MOA | Mildot<\/figcaption><\/figure>\n<h3>Zielfernrohr mit Taktischem Mildot Leuchtabsehen auf 2. Bildebene<\/h3>\n<p>Das Zielfernrohr Nighteagle <strong>5-30&#215;50 Tactica<\/strong>l Gen3 verf\u00fcgt \u00fcber ein, auf 10x Vergr\u00f6\u00dferung genormtes <strong>Mildotabsehen<\/strong>in der 2 Okularbildebene (2. Bildebene). Damit bleibt es beim Vergr\u00f6\u00dferungswechsel immer gleich gro\u00df.<\/p>\n<p>Selbst bei <strong>30x Vergr\u00f6\u00dferung verdeckt das Fadenkreuz das Ziel nur 3,91mm bei einer Schussdistanz von 100m<\/strong> und das <strong>Sehfeld<\/strong> betr\u00e4gt bei dieser Maximalvergr\u00f6\u00dferung immer noch 1,1m auf 100m.<\/p>\n<p><strong>Gesamtverstellbereich:<\/strong><\/p>\n<ul>\n<li>436 Klicks<\/li>\n<li>entspricht 54 MOA<\/li>\n<li>entspricht 27,25 MOA pro Seite<\/li>\n<\/ul>\n<h3><\/h3>\n<figure id=\"attachment_9200\" aria-describedby=\"caption-attachment-9200\" style=\"width: 1145px\" class=\"wp-caption alignleft\"><img decoding=\"async\" class=\"wp-image-9200 size-full\" src=\"https:\/\/ddoptics.shop\/wp-content\/uploads\/2014\/09\/Tabelle-5-30-schussentfernungen.jpg\" alt=\"DDoptics 5-30x50 Zielfernrohr Schussentfernungen\" width=\"1145\" height=\"254\" title=\"\" srcset=\"https:\/\/ddoptics.shop\/wp-content\/uploads\/2014\/09\/Tabelle-5-30-schussentfernungen.jpg 1145w, https:\/\/ddoptics.shop\/wp-content\/uploads\/2014\/09\/Tabelle-5-30-schussentfernungen-304x67.jpg 304w, https:\/\/ddoptics.shop\/wp-content\/uploads\/2014\/09\/Tabelle-5-30-schussentfernungen-305x68.jpg 305w, https:\/\/ddoptics.shop\/wp-content\/uploads\/2014\/09\/Tabelle-5-30-schussentfernungen-632x140.jpg 632w, https:\/\/ddoptics.shop\/wp-content\/uploads\/2014\/09\/Tabelle-5-30-schussentfernungen-800x177.jpg 800w, https:\/\/ddoptics.shop\/wp-content\/uploads\/2014\/09\/Tabelle-5-30-schussentfernungen-250x55.jpg 250w, https:\/\/ddoptics.shop\/wp-content\/uploads\/2014\/09\/Tabelle-5-30-schussentfernungen-510x113.jpg 510w\" sizes=\"(max-width: 1145px) 100vw, 1145px\" \/><figcaption id=\"caption-attachment-9200\" class=\"wp-caption-text\">DDoptics 5-30&#215;50 Zielfernrohr Schussentfernungen Zielliste<\/figcaption><\/figure>\n[\/vc_column_text][\/vc_column][\/vc_row][vc_row][vc_column][vc_empty_space][\/vc_column][\/vc_row][vc_row][vc_column][vc_column_text]\n<h3>Optische Leistung des Zielfernrohrs<\/h3>\n<p>Die aufw\u00e4ndigen Verg\u00fctung l\u00e4sst <strong>keinerlei Reflexe<\/strong> <strong>oder Streulicht<\/strong> zu. Selbst bei <strong>30-facher Vergr\u00f6\u00dferung<\/strong> sehen Sie ein kontrastreiches und <strong>farbtreues Bild<\/strong> mit <strong>herausragenden Randsch\u00e4rfeeigenschaften<\/strong>.<\/p>\n<h3>Darstellbarkeit der Nahbereiche und Parallaxenausgleich<\/h3>\n<p>Der Nighteagle 5-30&#215;50 tactical ist bei 5x Vergr\u00f6\u00dferung ab 12m scharf, bei 30x Vergr\u00f6\u00dferung ab 25m.<\/p>\n<h3>Fein dimmbarer Leuchtpunkt mit Nachtsichtger\u00e4tebereich<\/h3>\n<p>Der <strong>Glasfaserleuchtpunkt<\/strong> beim Leuchtabsehen ist so klein gehalten, dass es nur zu einer geringstm\u00f6glichen Zielverdeckung kommt.<\/p>\n<p>Der Leuchtpunkt l\u00e4sst sich stufenlos um 100 Prozent dimmen, bis er mit dem menschlichen Auge nicht mehr wahrgenommen werden kann.<\/p>\n<p>Bei <strong>aktiviertem Leuchtpunkt<\/strong> wiederum st\u00f6ren weder l\u00e4stiges Leuchten oder gar Reflexionen innerhalb der Optik. Da die <strong>Leuchteinheit in Handarbeit produziert<\/strong> wird, k\u00f6nnen spezielle Kundenw\u00fcnsche individuell ber\u00fccksichtigt werden.<\/p>\n<h3>Robuste ZF Verarbeitung, einfache Montage<\/h3>\n<p>Die <strong>Stickstofff\u00fcllung<\/strong> des Nighteagle 5-30&#215;50 Tactical sorgt f\u00fcr <strong>Wasserdichtigkeit<\/strong> (0,3 kg\/Quadratzentimeter) und sch\u00fctzt gegen Innenbeschlag. <strong>Rauhester Einsatz<\/strong> kann dem Zielfernrohrtubus nichts anhaben, der aus Duraluminium (70 Prozent), Messing (20 Prozent) und Stahl (10 Prozent) gefertigt ist.<\/p>\n<p><strong>Wichtig:<\/strong> Die <strong>Sto\u00dffestigkeit<\/strong> liegt bei 1.000 G bzw. 6.500 Joule. Die Zieloptik bleibt auch bei <strong>extremen Temperaturen<\/strong> voll funktionsf\u00e4hig (+80 Grad Celsius bis min.-20 Grad Celsius).<\/p>\n<h3>Augenabstand und Dioptrieneinstellung\u00a0beim Zielfernrohr Okular<\/h3>\n<p>Der <strong>Augenabstand<\/strong> betr\u00e4gt 89mm, womit der Einsatz mit st\u00e4rkeren Kalibern problemlos ist. F\u00fcr den gesamten Vergr\u00f6\u00dferungsbereich ist lediglich eine dreiviertel Umdrehung n\u00f6tig.[\/vc_column_text][\/vc_column][\/vc_row]\n","protected":false},"excerpt":{"rendered":"<p><img decoding=\"async\" class=\"alignnone wp-image-10452 size-full\" title=\"Tir sportif Target\" src=\"https:\/\/ddoptics.shop\/wp-content\/uploads\/2016\/07\/Target-Schiessen.jpg\" alt=\"Tir sportif Target Long Range\" width=\"50\" height=\"50\" \/><img decoding=\"async\" class=\"alignnone wp-image-10180 size-full\" title=\"Jumelles de randonn\u00e9e en montagne\" src=\"https:\/\/ddoptics.shop\/wp-content\/uploads\/2016\/04\/Bergwandern-klein.jpg\" alt=\"Jumelles de randonn\u00e9e en montagne\" width=\"50\" height=\"50\" \/><br \/>\nLa nouvelle <strong>Optique de vis\u00e9e pour tireurs sportifs avec <strong>nouveau <\/strong><span style=\"color: #ff0000;\"><strong><span class=\"userContent\">Type de verre CT (Clear-Transmission) de DDoptics<\/span><\/strong><\/span>. <\/strong>En option avec le syst\u00e8me intelligent<strong> <a title=\"NOUVEAU point lumineux IFiber de DDoptics\" href=\"\/fr\/wiki-sur-les-mots-techniques\/point-lumineux-intelligent-ddoptics-ifiber\/\" target=\"_blank\" rel=\"noopener noreferrer\">IFiber Point lumineux<\/a><\/strong> pour <strong>seulement \u20ac99,- de suppl\u00e9ment.<\/strong><\/p>\n<a href=\"https:\/\/amzn.to\/3AMUzO6\" target=\"_blank\" class=\"button success is-success is-small\" rel=\"\u201dnofollow\u201d noopener\" >\n\t\t<span>client amazon ? - profiter des avantages prime ?<\/span>\n\t<\/a>","protected":false},"featured_media":25663,"comment_status":"open","ping_status":"closed","template":"","meta":{"inline_featured_image":false,"footnotes":""},"product_brand":[],"product_cat":[480,453,641,919,637,68],"product_tag":[78,80,79],"class_list":{"0":"post-555","1":"product","2":"type-product","3":"status-publish","4":"has-post-thumbnail","6":"product_cat-5-30x50","7":"product_cat-50-mm-objektivdurchmesser","8":"product_cat-sportschiessen","9":"product_cat-v6-6-fach-zoom","10":"product_cat-zf-anwendung","11":"product_cat-zielfernrohr","12":"product_tag-ddoptics","13":"product_tag-gen-3","14":"product_tag-zielfernrohr","15":"product_shipping_class-paket","16":"pa_brand-marke-ddoptics","17":"pa_produkt-typ-zielfernrohr","19":"first","20":"outofstock","21":"sale","22":"taxable","23":"shipping-taxable","24":"purchasable","25":"product-type-bundle"},"bundled_by":[],"bundle_stock_status":"outofstock","bundle_stock_quantity":0,"bundle_virtual":false,"bundle_layout":"default","bundle_add_to_cart_form_location":"default","bundle_editable_in_cart":false,"bundle_sold_individually_context":"product","bundle_item_grouping":"parent","bundle_min_size":"","bundle_max_size":"","bundle_price":{"price":{"min":{"incl_tax":"1042.01","excl_tax":"868.34"},"max":{"incl_tax":"1146.32","excl_tax":"955.26"}},"regular_price":{"min":{"incl_tax":"1158.01","excl_tax":"965.01"},"max":{"incl_tax":"1273.9","excl_tax":"1061.58"}}},"bundled_items":[{"bundled_item_id":62,"product_id":12809,"menu_order":0,"quantity_min":1,"quantity_max":1,"quantity_default":1,"priced_individually":true,"shipped_individually":false,"override_title":true,"title":"","override_description":true,"description":"","optional":false,"hide_thumbnail":false,"discount":"","override_variations":true,"allowed_variations":[12810,12811],"override_default_variation_attributes":false,"default_variation_attributes":[],"single_product_visibility":"visible","cart_visibility":"visible","order_visibility":"visible","single_product_price_visibility":"visible","cart_price_visibility":"visible","order_price_visibility":"visible","stock_status":"in_stock"},{"bundled_item_id":63,"product_id":12812,"menu_order":1,"quantity_min":1,"quantity_max":1,"quantity_default":1,"priced_individually":true,"shipped_individually":false,"override_title":true,"title":"Presque un cadeau en plus - Flip Caps","override_description":true,"description":"","optional":true,"hide_thumbnail":false,"discount":"68.55","override_variations":true,"allowed_variations":[12820],"override_default_variation_attributes":true,"default_variation_attributes":[{"id":17,"name":"Taille de la lunette de vis\u00e9e","option":"5-30x50"}],"single_product_visibility":"visible","cart_visibility":"visible","order_visibility":"visible","single_product_price_visibility":"visible","cart_price_visibility":"visible","order_price_visibility":"visible","stock_status":"in_stock"}],"bundle_sell_ids":[],"_links":{"self":[{"href":"https:\/\/ddoptics.shop\/fr\/wp-json\/wp\/v2\/product\/555","targetHints":{"allow":["GET"]}}],"collection":[{"href":"https:\/\/ddoptics.shop\/fr\/wp-json\/wp\/v2\/product"}],"about":[{"href":"https:\/\/ddoptics.shop\/fr\/wp-json\/wp\/v2\/types\/product"}],"replies":[{"embeddable":true,"href":"https:\/\/ddoptics.shop\/fr\/wp-json\/wp\/v2\/comments?post=555"}],"version-history":[{"count":15,"href":"https:\/\/ddoptics.shop\/fr\/wp-json\/wp\/v2\/product\/555\/revisions"}],"predecessor-version":[{"id":26890,"href":"https:\/\/ddoptics.shop\/fr\/wp-json\/wp\/v2\/product\/555\/revisions\/26890"}],"wp:featuredmedia":[{"embeddable":true,"href":"https:\/\/ddoptics.shop\/fr\/wp-json\/wp\/v2\/media\/25663"}],"wp:attachment":[{"href":"https:\/\/ddoptics.shop\/fr\/wp-json\/wp\/v2\/media?parent=555"}],"wp:term":[{"taxonomy":"product_brand","embeddable":true,"href":"https:\/\/ddoptics.shop\/fr\/wp-json\/wp\/v2\/product_brand?post=555"},{"taxonomy":"product_cat","embeddable":true,"href":"https:\/\/ddoptics.shop\/fr\/wp-json\/wp\/v2\/product_cat?post=555"},{"taxonomy":"product_tag","embeddable":true,"href":"https:\/\/ddoptics.shop\/fr\/wp-json\/wp\/v2\/product_tag?post=555"}],"curies":[{"name":"wp","href":"https:\/\/api.w.org\/{rel}","templated":true}]}}