{"id":9226,"date":"2016-07-22T17:09:07","date_gmt":"2016-07-22T15:09:07","guid":{"rendered":"https:\/\/beta.optik-sport-shop.at\/?post_type=product&#038;p=9226"},"modified":"2025-07-02T12:44:22","modified_gmt":"2025-07-02T10:44:22","slug":"jumelles-swarovski-8komma5x42-swarovision","status":"publish","type":"product","link":"https:\/\/ddoptics.shop\/fr\/kaufen\/swarovski-fernglas-8komma5x42-swarovision\/","title":{"rendered":"Jumelles Swarovski EL 8,5\u00d742 Swarovision"},"content":{"rendered":"<div class=\"row\"  id=\"row-1357797394\">\n\n\t<div id=\"col-1998666652\" class=\"col medium-8 small-12 large-8\"  >\n\t\t\t\t<div class=\"col-inner\"  >\n\t\t\t\n\t\t\t\n<h2><a href=\"https:\/\/de.wikipedia.org\/wiki\/D._Swarovski\" target=\"_blank\" rel=\"noopener sponsored\" data-schema-attribute=\"\">SWAROVSKI<\/a> EL 8,5\u00d742 - une classe de jumelles \u00e0 part enti\u00e8re<\/h2>\n<p><strong>Jumelles Swarovski Premium : Si nettes. Si riches en contrastes. Si in\u00e9gal\u00e9es.<\/strong> La s\u00e9rie EL repr\u00e9sente une \u00e9tape importante dans le domaine de la t\u00e9l\u00e9optique. Le site <strong>Swaraovski EL 8,5\u00d742 est une jumelle polyvalente convaincante<\/strong>. Des jumelles adapt\u00e9es \u00e0 toutes les situations, que vous soyez \u00e0 l'aff\u00fbt au cr\u00e9puscule ou que vous traquiez les premi\u00e8res lueurs de l'aube.<\/p>\n<p>Les jumelles offrent un <strong>grand champ de vision avec une optique s\u00e9duisante<\/strong> jusqu'au bord. Les pupilles de sortie de 4,9 mm fournissent des images lumineuses m\u00eame dans des conditions d'\u00e9clairage difficiles. Chaque paire de jumelles est en soi un <strong>Chef-d'\u0153uvre de pr\u00e9cision et d'innovation<\/strong> - pour une r\u00e9ponse impeccable du gibier<\/p>\n\t\t<\/div>\n\t\t\t\t\n<style>\n#col-1998666652 > .col-inner {\n  margin: 0px 0px -30px 0px;\n}\n<\/style>\n\t<\/div>\n\n\t\n\n\t<div id=\"col-1123390159\" class=\"col medium-4 small-12 large-4\"  >\n\t\t\t\t<div class=\"col-inner\"  >\n\t\t\t\n\t\t\t\n\t<div class=\"img has-hover x md-x lg-x y md-y lg-y\" id=\"image_1533990148\">\n\t\t\t\t\t\t\t\t<div class=\"img-inner dark\" >\n\t\t\t\t\t\t\t\t\t\n\t\t\t\t\t<\/div>\n\t\t\t\t\t\t\t\t\n<style>\n#image_1533990148 {\n  width: 100%;\n}\n<\/style>\n\t<\/div>\n\t\n<h3>Les jumelles Swarovski en bref<\/h3>\n\n\t\t<div class=\"icon-box featured-box icon-box-left text-left\"  >\n\t\t\t\t\t<div class=\"icon-box-img\" style=\"width: 32px\">\n\t\t\t\t<div class=\"icon\">\n\t\t\t\t\t<div class=\"icon-inner\" >\n\t\t\t\t\t\t<img decoding=\"async\" width=\"100\" height=\"83\" src=\"https:\/\/ddoptics.shop\/wp-content\/uploads\/2021\/05\/DDoptics-SHG-Icon.jpg\" class=\"attachment-medium size-medium\" alt=\"DDoptics SHG Jumelles Icon\" title=\"\">\t\t\t\t\t<\/div>\n\t\t\t\t<\/div>\n\t\t\t<\/div>\n\t\t\t\t<div class=\"icon-box-text last-reset\">\n\t\t\t\t\t\t\t\t\t\n<p>\u2705 10 ans de garantie constructeur<\/p>\n\t\t<\/div>\n\t<\/div>\n\t\n\t\n\n\t\t<div class=\"icon-box featured-box icon-box-left text-left\"  >\n\t\t\t\t\t<div class=\"icon-box-img\" style=\"width: 32px\">\n\t\t\t\t<div class=\"icon\">\n\t\t\t\t\t<div class=\"icon-inner\" >\n\t\t\t\t\t\t<img decoding=\"async\" width=\"100\" height=\"83\" src=\"https:\/\/ddoptics.shop\/wp-content\/uploads\/2021\/05\/DDoptics-SHG-Icon.jpg\" class=\"attachment-medium size-medium\" alt=\"DDoptics SHG Jumelles Icon\" title=\"\">\t\t\t\t\t<\/div>\n\t\t\t\t<\/div>\n\t\t\t<\/div>\n\t\t\t\t<div class=\"icon-box-text last-reset\">\n\t\t\t\t\t\t\t\t\t\n<p>\u2705 133 m Champ de vision<\/p>\n\t\t<\/div>\n\t<\/div>\n\t\n\t\n\n\t\t<div class=\"icon-box featured-box icon-box-left text-left\"  >\n\t\t\t\t\t<div class=\"icon-box-img\" style=\"width: 32px\">\n\t\t\t\t<div class=\"icon\">\n\t\t\t\t\t<div class=\"icon-inner\" >\n\t\t\t\t\t\t<img decoding=\"async\" width=\"100\" height=\"83\" src=\"https:\/\/ddoptics.shop\/wp-content\/uploads\/2021\/05\/DDoptics-SHG-Icon.jpg\" class=\"attachment-medium size-medium\" alt=\"DDoptics SHG Jumelles Icon\" title=\"\">\t\t\t\t\t<\/div>\n\t\t\t\t<\/div>\n\t\t\t<\/div>\n\t\t\t\t<div class=\"icon-box-text last-reset\">\n\t\t\t\t\t\t\t\t\t\n<p>\u2705 Technologie SWAROVISION<\/p>\n\t\t<\/div>\n\t<\/div>\n\t\n\t\n\n\t\t<div class=\"icon-box featured-box icon-box-left text-left\"  >\n\t\t\t\t\t<div class=\"icon-box-img\" style=\"width: 32px\">\n\t\t\t\t<div class=\"icon\">\n\t\t\t\t\t<div class=\"icon-inner\" >\n\t\t\t\t\t\t<img decoding=\"async\" width=\"100\" height=\"83\" src=\"https:\/\/ddoptics.shop\/wp-content\/uploads\/2021\/05\/DDoptics-SHG-Icon.jpg\" class=\"attachment-medium size-medium\" alt=\"DDoptics SHG Jumelles Icon\" title=\"\">\t\t\t\t\t<\/div>\n\t\t\t\t<\/div>\n\t\t\t<\/div>\n\t\t\t\t<div class=\"icon-box-text last-reset\">\n\t\t\t\t\t\t\t\t\t\n<p>\u2705 <strong>Prisme en toit<\/strong><\/p>\n\t\t<\/div>\n\t<\/div>\n\t\n\t\n\n\t\t<div class=\"icon-box featured-box icon-box-left text-left\"  >\n\t\t\t\t\t<div class=\"icon-box-img\" style=\"width: 32px\">\n\t\t\t\t<div class=\"icon\">\n\t\t\t\t\t<div class=\"icon-inner\" >\n\t\t\t\t\t\t<img decoding=\"async\" width=\"100\" height=\"83\" src=\"https:\/\/ddoptics.shop\/wp-content\/uploads\/2021\/05\/DDoptics-SHG-Icon.jpg\" class=\"attachment-medium size-medium\" alt=\"DDoptics SHG Jumelles Icon\" title=\"\">\t\t\t\t\t<\/div>\n\t\t\t\t<\/div>\n\t\t\t<\/div>\n\t\t\t\t<div class=\"icon-box-text last-reset\">\n\t\t\t\t\t\t\t\t\t\n<p>\u2705 <strong>Bo\u00eetier robuste en magn\u00e9sium<\/strong><\/p>\n\t\t<\/div>\n\t<\/div>\n\t\n\t\n\n\t\t<div class=\"icon-box featured-box icon-box-left text-left\"  >\n\t\t\t\t\t<div class=\"icon-box-img\" style=\"width: 32px\">\n\t\t\t\t<div class=\"icon\">\n\t\t\t\t\t<div class=\"icon-inner\" >\n\t\t\t\t\t\t<img decoding=\"async\" width=\"100\" height=\"83\" src=\"https:\/\/ddoptics.shop\/wp-content\/uploads\/2021\/05\/DDoptics-SHG-Icon.jpg\" class=\"attachment-medium size-medium\" alt=\"DDoptics SHG Jumelles Icon\" title=\"\">\t\t\t\t\t<\/div>\n\t\t\t\t<\/div>\n\t\t\t<\/div>\n\t\t\t\t<div class=\"icon-box-text last-reset\">\n\t\t\t\t\t\t\t\t\t\n<p>\u2705 EL P\u00e9n\u00e9tration<\/p>\n\t\t<\/div>\n\t<\/div>\n\t\n\t\n<div class=\"is-divider divider clearfix\" ><\/div>\n\t\t<\/div>\n\t\t\t\t\t<\/div>\n\n\t\n<\/div>\n<p>Avec le SWAROVSKI EL 42, vous disposez d'un instrument polyvalent. <strong>Jumelles haut de gamme<\/strong> entre les mains, avec lequel vous pourrez couvrir la grande majorit\u00e9 des types de chasse. Ce <strong>Un appareil polyvalent et fiable qui brille par sa technologie SWAROVISION<\/strong>qui garantit une qualit\u00e9 d'image optimale. Les EL 8,5\u00d742 sont destin\u00e9es \u00e0 une large application cyn\u00e9g\u00e9tique et sont \u00e9galement un bon choix pour la chasse jusqu'au cr\u00e9puscule.<\/p>\n<h3>Technologie SWAROVISION pour les jumelles SWAROVSKI EL 8,5\u00d742<\/h3>\n<p>La technologie SWAROVISION d\u00e9crit un ensemble optique unique :<\/p>\n<ul>\n<li>Une piq\u00fbre <strong>image nette jusqu'au bord<\/strong> pour saisir les d\u00e9tails importants en un clin d'\u0153il<\/li>\n<li>Une observation riche en contrastes et aux couleurs neutres, pour que vous puissiez encore mieux distinguer les d\u00e9tails d\u00e9cisifs.<\/li>\n<li>Les jumelles fournissent un <strong>100% Champ de vision<\/strong> - \u00e9galement pour les porteurs de lunettes<\/li>\n<li>Les traitements optimis\u00e9s garantissent les meilleures valeurs de transmission et des exp\u00e9riences d'observation impressionnantes - m\u00eame dans des conditions de faible luminosit\u00e9.<\/li>\n<\/ul>\n<p>La technologie SWAROVISION red\u00e9finit la notion de qualit\u00e9 optique.<\/p>\n<h3>Technologie SWAROBRIGHT<\/h3>\n<p>R\u00e9mun\u00e9ration pour <strong>fid\u00e9lit\u00e9 optimale des couleurs sur l'ensemble du spectre lumineux<\/strong>. Les lentilles Field Flattener permettent d'obtenir une nettet\u00e9 des bords jusqu'ici in\u00e9gal\u00e9e. Le site <strong>L'optique HD se caract\u00e9rise par des lentilles contenant du fluorure<\/strong>Le fluorure est un mat\u00e9riau qui permet d'\u00e9viter presque totalement les aberrations chromatiques. La dispersion est \u00e9galement beaucoup plus faible avec le fluorure par rapport aux meilleurs types de verre optique. Cela permet une <strong>maximum de fid\u00e9lit\u00e9 des couleurs et entra\u00eene une am\u00e9lioration consid\u00e9rable de la r\u00e9solution et du contraste.<\/strong><\/p>\n<h3>Technologie SWAROCLEAN<\/h3>\n<p>Gr\u00e2ce \u00e0 cette <strong>l'effet anti-adh\u00e9rent, le nettoyage est facilit\u00e9 en cas de salissures.<\/strong> comme les taches d'eau, les insecticides ou la r\u00e9sine d'arbre.<\/p>","protected":false},"excerpt":{"rendered":"<h3>Les jumelles haut de gamme Swarovski EL 8,5\u00d742 Swarovision<\/h3>\n<ul>\n<li>livraison gratuite en Allemagne<\/li>\n<li>tous les prix indiqu\u00e9s incluent la TVA<\/li>\n<\/ul>","protected":false},"featured_media":9227,"comment_status":"open","ping_status":"closed","template":"","meta":{"inline_featured_image":false,"footnotes":""},"product_brand":[],"product_cat":[362,349,67,345,344,237,354],"product_tag":[318,319,320],"class_list":{"0":"post-9226","1":"product","2":"type-product","3":"status-publish","4":"has-post-thumbnail","6":"product_cat-42-mm-objektiv","7":"product_cat-8x-vergroesserung","8":"product_cat-fernglas","9":"product_cat-jagd-und-wild","10":"product_cat-naturbeobachtung","11":"product_cat-swarovski-optik","12":"product_cat-vogelbeobachtung","13":"product_tag-8-5x42","14":"product_tag-swarovski","15":"product_tag-vogelbeobachtung","16":"pa_brand-marke-swarovski","17":"pa_farbe-gruen","18":"pa_produkt-typ-fernglas","20":"first","21":"instock","22":"sale","23":"taxable","24":"shipping-taxable","25":"product-type-external"},"bundled_by":[],"bundle_stock_status":"instock","bundle_stock_quantity":null,"bundle_virtual":false,"bundle_layout":"","bundle_add_to_cart_form_location":"","bundle_editable_in_cart":false,"bundle_sold_individually_context":"","bundle_item_grouping":"","bundle_min_size":"","bundle_max_size":"","bundle_price":[],"bundled_items":[],"bundle_sell_ids":[],"_links":{"self":[{"href":"https:\/\/ddoptics.shop\/fr\/wp-json\/wp\/v2\/product\/9226","targetHints":{"allow":["GET"]}}],"collection":[{"href":"https:\/\/ddoptics.shop\/fr\/wp-json\/wp\/v2\/product"}],"about":[{"href":"https:\/\/ddoptics.shop\/fr\/wp-json\/wp\/v2\/types\/product"}],"replies":[{"embeddable":true,"href":"https:\/\/ddoptics.shop\/fr\/wp-json\/wp\/v2\/comments?post=9226"}],"version-history":[{"count":5,"href":"https:\/\/ddoptics.shop\/fr\/wp-json\/wp\/v2\/product\/9226\/revisions"}],"predecessor-version":[{"id":28557,"href":"https:\/\/ddoptics.shop\/fr\/wp-json\/wp\/v2\/product\/9226\/revisions\/28557"}],"wp:featuredmedia":[{"embeddable":true,"href":"https:\/\/ddoptics.shop\/fr\/wp-json\/wp\/v2\/media\/9227"}],"wp:attachment":[{"href":"https:\/\/ddoptics.shop\/fr\/wp-json\/wp\/v2\/media?parent=9226"}],"wp:term":[{"taxonomy":"product_brand","embeddable":true,"href":"https:\/\/ddoptics.shop\/fr\/wp-json\/wp\/v2\/product_brand?post=9226"},{"taxonomy":"product_cat","embeddable":true,"href":"https:\/\/ddoptics.shop\/fr\/wp-json\/wp\/v2\/product_cat?post=9226"},{"taxonomy":"product_tag","embeddable":true,"href":"https:\/\/ddoptics.shop\/fr\/wp-json\/wp\/v2\/product_tag?post=9226"}],"curies":[{"name":"wp","href":"https:\/\/api.w.org\/{rel}","templated":true}]}}