{"id":9233,"date":"2016-07-22T19:01:49","date_gmt":"2016-07-22T17:01:49","guid":{"rendered":"https:\/\/beta.optik-sport-shop.at\/kaufen\/swarovski-el-range-10x42-fernglas-laser"},"modified":"2025-08-26T17:24:17","modified_gmt":"2025-08-26T15:24:17","slug":"swarovski-el-range-10x42-jumelles-laser","status":"publish","type":"product","link":"https:\/\/ddoptics.shop\/fr\/kaufen\/swarovski-el-range-10x42-fernglas-laser\/","title":{"rendered":"Jumelles Swarovski EL Range 10\u00d742 avec t\u00e9l\u00e9m\u00e9trie"},"content":{"rendered":"<div class=\"row\"  id=\"row-1655626105\">\n\n\t<div id=\"col-941864048\" class=\"col medium-8 small-12 large-8\"  >\n\t\t\t\t<div class=\"col-inner\"  >\n\t\t\t\n\t\t\t\n<h2><a href=\"https:\/\/de.wikipedia.org\/wiki\/D._Swarovski\" target=\"_blank\" rel=\"noopener sponsored\" data-schema-attribute=\"\">SWAROVSKI<\/a> Jumelles EL Range 10\u00d742 - Voir, mesurer, savoir<\/h2>\n<p>Avec le <strong>EL Range, l'\u00e9quipement de chasse est red\u00e9fini.<\/strong> Les jumelles combinent la capacit\u00e9 d'une optique de pointe d'une grande nettet\u00e9 avec une fonction de mesure pr\u00e9cise.La <strong>Jumelles EL Range 10\u00d742 de SWAROVSKI<\/strong> offre les meilleures performances d'observation sans compromis optique. Son <strong>grossissement 10x<\/strong> montre des d\u00e9tails pr\u00e9cis lors de la r\u00e9ponse \u00e0 de grandes distances<\/p>\n<p>Tout en un - <strong>une excellente optique coupl\u00e9e \u00e0 un t\u00e9l\u00e9m\u00e8tre<\/strong>: La transmission la plus \u00e9lev\u00e9e, le poids le plus faible et le champ de vision le plus large de sa cat\u00e9gorie \u00e9tablissent litt\u00e9ralement de nouvelles normes en mati\u00e8re d'optique et de pr\u00e9cision de mesure.<\/p>\n\t\t<\/div>\n\t\t\t\t\n<style>\n#col-941864048 > .col-inner {\n  margin: 0px 0px -30px 0px;\n}\n<\/style>\n\t<\/div>\n\n\t\n\n\t<div id=\"col-1068725181\" class=\"col medium-4 small-12 large-4\"  >\n\t\t\t\t<div class=\"col-inner\"  >\n\t\t\t\n\t\t\t\n\t<div class=\"img has-hover x md-x lg-x y md-y lg-y\" id=\"image_1568391383\">\n\t\t\t\t\t\t\t\t<div class=\"img-inner dark\" >\n\t\t\t\t\t\t\t\t\t\n\t\t\t\t\t<\/div>\n\t\t\t\t\t\t\t\t\n<style>\n#image_1568391383 {\n  width: 100%;\n}\n<\/style>\n\t<\/div>\n\t\n<h3>Les jumelles Swarovski en bref<\/h3>\n\n\t\t<div class=\"icon-box featured-box icon-box-left text-left\"  >\n\t\t\t\t\t<div class=\"icon-box-img\" style=\"width: 32px\">\n\t\t\t\t<div class=\"icon\">\n\t\t\t\t\t<div class=\"icon-inner\" >\n\t\t\t\t\t\t<img decoding=\"async\" width=\"100\" height=\"83\" src=\"https:\/\/ddoptics.shop\/wp-content\/uploads\/2021\/05\/DDoptics-SHG-Icon.jpg\" class=\"attachment-medium size-medium\" alt=\"DDoptics SHG Jumelles Icon\" title=\"\">\t\t\t\t\t<\/div>\n\t\t\t\t<\/div>\n\t\t\t<\/div>\n\t\t\t\t<div class=\"icon-box-text last-reset\">\n\t\t\t\t\t\t\t\t\t\n<p>\u2705 10 ans de garantie fabricant - 2 ans pour l'\u00e9lectronique<\/p>\n\t\t<\/div>\n\t<\/div>\n\t\n\t\n\n\t\t<div class=\"icon-box featured-box icon-box-left text-left\"  >\n\t\t\t\t\t<div class=\"icon-box-img\" style=\"width: 32px\">\n\t\t\t\t<div class=\"icon\">\n\t\t\t\t\t<div class=\"icon-inner\" >\n\t\t\t\t\t\t<img decoding=\"async\" width=\"100\" height=\"83\" src=\"https:\/\/ddoptics.shop\/wp-content\/uploads\/2021\/05\/DDoptics-SHG-Icon.jpg\" class=\"attachment-medium size-medium\" alt=\"DDoptics SHG Jumelles Icon\" title=\"\">\t\t\t\t\t<\/div>\n\t\t\t\t<\/div>\n\t\t\t<\/div>\n\t\t\t\t<div class=\"icon-box-text last-reset\">\n\t\t\t\t\t\t\t\t\t\n<p>\u2705 Champ de vision de 110 m<\/p>\n\t\t<\/div>\n\t<\/div>\n\t\n\t\n\n\t\t<div class=\"icon-box featured-box icon-box-left text-left\"  >\n\t\t\t\t\t<div class=\"icon-box-img\" style=\"width: 32px\">\n\t\t\t\t<div class=\"icon\">\n\t\t\t\t\t<div class=\"icon-inner\" >\n\t\t\t\t\t\t<img decoding=\"async\" width=\"100\" height=\"83\" src=\"https:\/\/ddoptics.shop\/wp-content\/uploads\/2021\/05\/DDoptics-SHG-Icon.jpg\" class=\"attachment-medium size-medium\" alt=\"DDoptics SHG Jumelles Icon\" title=\"\">\t\t\t\t\t<\/div>\n\t\t\t\t<\/div>\n\t\t\t<\/div>\n\t\t\t\t<div class=\"icon-box-text last-reset\">\n\t\t\t\t\t\t\t\t\t\n<p>\u2705 T\u00e9l\u00e9m\u00e8tre laser<\/p>\n\t\t<\/div>\n\t<\/div>\n\t\n\t\n\n\t\t<div class=\"icon-box featured-box icon-box-left text-left\"  >\n\t\t\t\t\t<div class=\"icon-box-img\" style=\"width: 32px\">\n\t\t\t\t<div class=\"icon\">\n\t\t\t\t\t<div class=\"icon-inner\" >\n\t\t\t\t\t\t<img decoding=\"async\" width=\"100\" height=\"83\" src=\"https:\/\/ddoptics.shop\/wp-content\/uploads\/2021\/05\/DDoptics-SHG-Icon.jpg\" class=\"attachment-medium size-medium\" alt=\"DDoptics SHG Jumelles Icon\" title=\"\">\t\t\t\t\t<\/div>\n\t\t\t\t<\/div>\n\t\t\t<\/div>\n\t\t\t\t<div class=\"icon-box-text last-reset\">\n\t\t\t\t\t\t\t\t\t\n<p>\u2705 <strong>Prisme en toit<\/strong><\/p>\n\t\t<\/div>\n\t<\/div>\n\t\n\t\n\n\t\t<div class=\"icon-box featured-box icon-box-left text-left\"  >\n\t\t\t\t\t<div class=\"icon-box-img\" style=\"width: 32px\">\n\t\t\t\t<div class=\"icon\">\n\t\t\t\t\t<div class=\"icon-inner\" >\n\t\t\t\t\t\t<img decoding=\"async\" width=\"100\" height=\"83\" src=\"https:\/\/ddoptics.shop\/wp-content\/uploads\/2021\/05\/DDoptics-SHG-Icon.jpg\" class=\"attachment-medium size-medium\" alt=\"DDoptics SHG Jumelles Icon\" title=\"\">\t\t\t\t\t<\/div>\n\t\t\t\t<\/div>\n\t\t\t<\/div>\n\t\t\t\t<div class=\"icon-box-text last-reset\">\n\t\t\t\t\t\t\t\t\t\n<p>\u2705 <strong>Bo\u00eetier robuste en magn\u00e9sium<\/strong><\/p>\n\t\t<\/div>\n\t<\/div>\n\t\n\t\n\n\t\t<div class=\"icon-box featured-box icon-box-left text-left\"  >\n\t\t\t\t\t<div class=\"icon-box-img\" style=\"width: 32px\">\n\t\t\t\t<div class=\"icon\">\n\t\t\t\t\t<div class=\"icon-inner\" >\n\t\t\t\t\t\t<img decoding=\"async\" width=\"100\" height=\"83\" src=\"https:\/\/ddoptics.shop\/wp-content\/uploads\/2021\/05\/DDoptics-SHG-Icon.jpg\" class=\"attachment-medium size-medium\" alt=\"DDoptics SHG Jumelles Icon\" title=\"\">\t\t\t\t\t<\/div>\n\t\t\t\t<\/div>\n\t\t\t<\/div>\n\t\t\t\t<div class=\"icon-box-text last-reset\">\n\t\t\t\t\t\t\t\t\t\n<p>\u2705 EL P\u00e9n\u00e9tration<\/p>\n\t\t<\/div>\n\t<\/div>\n\t\n\t\n<div class=\"is-divider divider clearfix\" ><\/div>\n\t\t<\/div>\n\t\t\t\t\t<\/div>\n\n\t\n<\/div>\n<h3>Technologie SWAROAIM<\/h3>\n<p><strong>Inclinom\u00e8tre int\u00e9gr\u00e9<\/strong> avec dans le monde entier <strong>programme de tir angulaire unique indique la distance de tir corrig\u00e9e<\/strong> ou l'angle.<\/p>\n<h3>Technologie SWAROBRIGHT<\/h3>\n<p><strong>Traitement pour une fid\u00e9lit\u00e9 optimale des couleurs sur l'ensemble du spectre lumineux<\/strong>: SWAROVSKI OPTIK est le premier fabricant au monde \u00e0 utiliser cette technologie dans la production en s\u00e9rie.<\/p>\n<h3>Conclusion\u00a0<a href=\"https:\/\/de.wikipedia.org\/wiki\/D._Swarovski\" target=\"_blank\" rel=\"noopener sponsored\" data-schema-attribute=\"\">SWAROVSKI\u00a0<\/a> Jumelles EL Range 10\u00d742<\/h3>\n<p>Avec le <strong>EL Range, Swarovski propose un nouveau produit optique haut de gamme tr\u00e8s int\u00e9ressant<\/strong>. L'\u00e9lectronique int\u00e9gr\u00e9e fonctionne parfaitement. Le EL Range est tr\u00e8s l\u00e9ger et facile \u00e0 utiliser d'une seule main. Le site<strong>Programme de tirs en angle <\/strong>est particuli\u00e8rement<strong> les chasseurs de montagne<\/strong> int\u00e9ressent. Associ\u00e9es \u00e0 des jumelles de vis\u00e9e dot\u00e9es d'un r\u00e9glage rapide du r\u00e9ticule ou d'une tourelle balistique, elles constituent l'\u00e9quipement parfait pour les tirs \u00e0 longue distance, qu'ils soient ascendants ou descendants.<\/p>","protected":false},"excerpt":{"rendered":"<h3>Les jumelles haut de gamme Swarovski EL Range 10\u00d742<\/h3>\n<ul>\n<li>livraison gratuite<\/li>\n<li>tous les prix indiqu\u00e9s incluent la TVA<\/li>\n<\/ul>","protected":false},"featured_media":9236,"comment_status":"open","ping_status":"closed","template":"","meta":{"inline_featured_image":false,"footnotes":""},"product_brand":[],"product_cat":[351,362,67,345,237],"product_tag":[88,776,321,319],"class_list":{"0":"post-9233","1":"product","2":"type-product","3":"status-publish","4":"has-post-thumbnail","6":"product_cat-10x-vergroesserung","7":"product_cat-42-mm-objektiv","8":"product_cat-fernglas","9":"product_cat-jagd-und-wild","10":"product_cat-swarovski-optik","11":"product_tag-10x42","12":"product_tag-laser-entfernungsmesser-fernglas","13":"product_tag-laserentfernungsmesser","14":"product_tag-swarovski","15":"pa_brand-marke-swarovski","16":"pa_farbe-gruen","17":"pa_produkt-typ-fernglas","19":"first","20":"instock","21":"sale","22":"taxable","23":"shipping-taxable","24":"product-type-external"},"bundled_by":[],"bundle_stock_status":"instock","bundle_stock_quantity":null,"bundle_virtual":false,"bundle_layout":"","bundle_add_to_cart_form_location":"","bundle_editable_in_cart":false,"bundle_sold_individually_context":"","bundle_item_grouping":"","bundle_min_size":"","bundle_max_size":"","bundle_price":[],"bundled_items":[],"bundle_sell_ids":[],"_links":{"self":[{"href":"https:\/\/ddoptics.shop\/fr\/wp-json\/wp\/v2\/product\/9233","targetHints":{"allow":["GET"]}}],"collection":[{"href":"https:\/\/ddoptics.shop\/fr\/wp-json\/wp\/v2\/product"}],"about":[{"href":"https:\/\/ddoptics.shop\/fr\/wp-json\/wp\/v2\/types\/product"}],"replies":[{"embeddable":true,"href":"https:\/\/ddoptics.shop\/fr\/wp-json\/wp\/v2\/comments?post=9233"}],"version-history":[{"count":3,"href":"https:\/\/ddoptics.shop\/fr\/wp-json\/wp\/v2\/product\/9233\/revisions"}],"predecessor-version":[{"id":24723,"href":"https:\/\/ddoptics.shop\/fr\/wp-json\/wp\/v2\/product\/9233\/revisions\/24723"}],"wp:featuredmedia":[{"embeddable":true,"href":"https:\/\/ddoptics.shop\/fr\/wp-json\/wp\/v2\/media\/9236"}],"wp:attachment":[{"href":"https:\/\/ddoptics.shop\/fr\/wp-json\/wp\/v2\/media?parent=9233"}],"wp:term":[{"taxonomy":"product_brand","embeddable":true,"href":"https:\/\/ddoptics.shop\/fr\/wp-json\/wp\/v2\/product_brand?post=9233"},{"taxonomy":"product_cat","embeddable":true,"href":"https:\/\/ddoptics.shop\/fr\/wp-json\/wp\/v2\/product_cat?post=9233"},{"taxonomy":"product_tag","embeddable":true,"href":"https:\/\/ddoptics.shop\/fr\/wp-json\/wp\/v2\/product_tag?post=9233"}],"curies":[{"name":"wp","href":"https:\/\/api.w.org\/{rel}","templated":true}]}}