{"id":9261,"date":"2016-07-23T13:53:00","date_gmt":"2016-07-23T11:53:00","guid":{"rendered":"https:\/\/beta.optik-sport-shop.at\/kaufen\/zeiss-victory-ht-10x42-t-fernglas-schwarz"},"modified":"2025-06-24T15:12:27","modified_gmt":"2025-06-24T13:12:27","slug":"zeiss-victory-ht-10x42-t-jumelles-noir","status":"publish","type":"product","link":"https:\/\/ddoptics.shop\/fr\/kaufen\/zeiss-victory-ht-10x42-t-fernglas-schwarz\/","title":{"rendered":"Zeiss Victory HT 10\u00d742 T* Jumelles - noir"},"content":{"rendered":"<div class=\"row\"  id=\"row-520153298\">\n\n\t<div id=\"col-681913109\" class=\"col medium-8 small-12 large-8\"  >\n\t\t\t\t<div class=\"col-inner\"  >\n\t\t\t\n\t\t\t\n<h2>Jumelles Zeiss Victory 10\u00d742 HT - Plus de libert\u00e9 de mouvement par tous les temps<\/h2>\n<p>C'est ce que repr\u00e9sente le <strong>Jumelles haut de gamme VICTORY HT 10\u00d742<\/strong>. Gr\u00e2ce \u00e0 sa pupille de sortie de 4,2 mm, le <strong>champ de vision particuli\u00e8rement large et grossissement 10x<\/strong> il convient parfaitement \u00e0 une utilisation vari\u00e9e.<\/p>\n<p>Le site <strong>des valeurs de transmission \u00e9poustouflantes<\/strong> fournissent des images extr\u00eamement lumineuses m\u00eame dans les conditions d'\u00e9clairage les plus d\u00e9favorables et permettent ainsi une observation particuli\u00e8rement longue - jusqu'au plus profond du cr\u00e9puscule.<\/p>\n<p>Avec son <strong>un faible poids<\/strong> c'est non seulement un compagnon extr\u00eamement l\u00e9ger, mais aussi extr\u00eamement fiable gr\u00e2ce au robuste pont Double-Link - avec <strong>une pr\u00e9cision m\u00e9canique maximale<\/strong> lors de la mise au point.<\/p>\n\t\t<\/div>\n\t\t\t\t\n<style>\n#col-681913109 > .col-inner {\n  margin: 0px 0px -30px 0px;\n}\n<\/style>\n\t<\/div>\n\n\t\n\n\t<div id=\"col-834313872\" class=\"col medium-4 small-12 large-4\"  >\n\t\t\t\t<div class=\"col-inner\"  >\n\t\t\t\n\t\t\t\n\t<div class=\"img has-hover x md-x lg-x y md-y lg-y\" id=\"image_1508927174\">\n\t\t\t\t\t\t\t\t<div class=\"img-inner dark\" >\n\t\t\t\t\t\t\t\t\t\n\t\t\t\t\t<\/div>\n\t\t\t\t\t\t\t\t\n<style>\n#image_1508927174 {\n  width: 100%;\n}\n<\/style>\n\t<\/div>\n\t\n<h3>Jumelles Zeiss Facts<\/h3>\n\n\t\t<div class=\"icon-box featured-box icon-box-left text-left\"  >\n\t\t\t\t\t<div class=\"icon-box-img\" style=\"width: 32px\">\n\t\t\t\t<div class=\"icon\">\n\t\t\t\t\t<div class=\"icon-inner\" >\n\t\t\t\t\t\t<img decoding=\"async\" width=\"100\" height=\"83\" src=\"https:\/\/ddoptics.shop\/wp-content\/uploads\/2021\/05\/DDoptics-SHG-Icon.jpg\" class=\"attachment-medium size-medium\" alt=\"DDoptics SHG Jumelles Icon\" title=\"\">\t\t\t\t\t<\/div>\n\t\t\t\t<\/div>\n\t\t\t<\/div>\n\t\t\t\t<div class=\"icon-box-text last-reset\">\n\t\t\t\t\t\t\t\t\t\n<p>\u2705 10 ans de garantie constructeur<\/p>\n\t\t<\/div>\n\t<\/div>\n\t\n\t\n\n\t\t<div class=\"icon-box featured-box icon-box-left text-left\"  >\n\t\t\t\t\t<div class=\"icon-box-img\" style=\"width: 32px\">\n\t\t\t\t<div class=\"icon\">\n\t\t\t\t\t<div class=\"icon-inner\" >\n\t\t\t\t\t\t<img decoding=\"async\" width=\"100\" height=\"83\" src=\"https:\/\/ddoptics.shop\/wp-content\/uploads\/2021\/05\/DDoptics-SHG-Icon.jpg\" class=\"attachment-medium size-medium\" alt=\"DDoptics SHG Jumelles Icon\" title=\"\">\t\t\t\t\t<\/div>\n\t\t\t\t<\/div>\n\t\t\t<\/div>\n\t\t\t\t<div class=\"icon-box-text last-reset\">\n\t\t\t\t\t\t\t\t\t\n<p>\u2705 Champ de vision de 110 m<\/p>\n\t\t<\/div>\n\t<\/div>\n\t\n\t\n\n\t\t<div class=\"icon-box featured-box icon-box-left text-left\"  >\n\t\t\t\t\t<div class=\"icon-box-img\" style=\"width: 32px\">\n\t\t\t\t<div class=\"icon\">\n\t\t\t\t\t<div class=\"icon-inner\" >\n\t\t\t\t\t\t<img decoding=\"async\" width=\"100\" height=\"83\" src=\"https:\/\/ddoptics.shop\/wp-content\/uploads\/2021\/05\/DDoptics-SHG-Icon.jpg\" class=\"attachment-medium size-medium\" alt=\"DDoptics SHG Jumelles Icon\" title=\"\">\t\t\t\t\t<\/div>\n\t\t\t\t<\/div>\n\t\t\t<\/div>\n\t\t\t\t<div class=\"icon-box-text last-reset\">\n\t\t\t\t\t\t\t\t\t\n<p>\u2705 \u00e9tanche \u00e0 l'eau sous pression<\/p>\n\t\t<\/div>\n\t<\/div>\n\t\n\t\n\n\t\t<div class=\"icon-box featured-box icon-box-left text-left\"  >\n\t\t\t\t\t<div class=\"icon-box-img\" style=\"width: 32px\">\n\t\t\t\t<div class=\"icon\">\n\t\t\t\t\t<div class=\"icon-inner\" >\n\t\t\t\t\t\t<img decoding=\"async\" width=\"100\" height=\"83\" src=\"https:\/\/ddoptics.shop\/wp-content\/uploads\/2021\/05\/DDoptics-SHG-Icon.jpg\" class=\"attachment-medium size-medium\" alt=\"DDoptics SHG Jumelles Icon\" title=\"\">\t\t\t\t\t<\/div>\n\t\t\t\t<\/div>\n\t\t\t<\/div>\n\t\t\t\t<div class=\"icon-box-text last-reset\">\n\t\t\t\t\t\t\t\t\t\n<p>\u2705 Verre SCHOTT HT - Traitement multicouche ZEISS T*<\/p>\n\t\t<\/div>\n\t<\/div>\n\t\n\t\n\n\t\t<div class=\"icon-box featured-box icon-box-left text-left\"  >\n\t\t\t\t\t<div class=\"icon-box-img\" style=\"width: 32px\">\n\t\t\t\t<div class=\"icon\">\n\t\t\t\t\t<div class=\"icon-inner\" >\n\t\t\t\t\t\t<img decoding=\"async\" width=\"100\" height=\"83\" src=\"https:\/\/ddoptics.shop\/wp-content\/uploads\/2021\/05\/DDoptics-SHG-Icon.jpg\" class=\"attachment-medium size-medium\" alt=\"DDoptics SHG Jumelles Icon\" title=\"\">\t\t\t\t\t<\/div>\n\t\t\t\t<\/div>\n\t\t\t<\/div>\n\t\t\t\t<div class=\"icon-box-text last-reset\">\n\t\t\t\t\t\t\t\t\t\n<p>\u2705 Abbe roi prisme<\/p>\n\t\t<\/div>\n\t<\/div>\n\t\n\t\n\n\t\t<div class=\"icon-box featured-box icon-box-left text-left\"  >\n\t\t\t\t\t<div class=\"icon-box-img\" style=\"width: 32px\">\n\t\t\t\t<div class=\"icon\">\n\t\t\t\t\t<div class=\"icon-inner\" >\n\t\t\t\t\t\t<img decoding=\"async\" width=\"100\" height=\"83\" src=\"https:\/\/ddoptics.shop\/wp-content\/uploads\/2021\/05\/DDoptics-SHG-Icon.jpg\" class=\"attachment-medium size-medium\" alt=\"DDoptics SHG Jumelles Icon\" title=\"\">\t\t\t\t\t<\/div>\n\t\t\t\t<\/div>\n\t\t\t<\/div>\n\t\t\t\t<div class=\"icon-box-text last-reset\">\n\t\t\t\t\t\t\t\t\t\n<p>\u2705 Bo\u00eetier en magn\u00e9sium<\/p>\n\t\t<\/div>\n\t<\/div>\n\t\n\t\n<div class=\"is-divider divider clearfix\" ><\/div>\n\t\t<\/div>\n\t\t\t\t\t<\/div>\n\n\t\n<\/div>\n<h3>Concept optique innovant : interaction entre les verres SCHOTT HT, le traitement multicouche ZEISS T* et le syst\u00e8me de prismes Abbe-K\u00f6nig<\/h3>\n<p><strong>Une luminosit\u00e9 sans concurrence gr\u00e2ce \u00e0 une transmission<\/strong> de +95% et plus. Cette valeur de pointe unique est due au syst\u00e8me innovant <strong>Concept optique de la gamme de jumelles VICTORY HT.<\/strong> Cela est rendu possible par l'interaction parfaite entre les verres SCHOTT HT, le traitement multicouche ZEISS T* et le syst\u00e8me de prismes Abbe-K\u00f6nig.<\/p>\n<p>Gr\u00e2ce \u00e0 ce pack d'innovation performant, vous pouvez par exemple observer plus longtemps que jamais lors de la chasse, m\u00eame dans le cr\u00e9puscule le plus profond.<\/p>\n<h3>Concept ergonomique Comfort Focus pour une ergonomie d'utilisation maximale avec le Zeiss Victory<\/h3>\n<p>C'est ce que vous assure le nouveau concept Comfort Focus avec son <strong>Molette de mise au point<\/strong>. Remarquablement grande, elle est plac\u00e9e tr\u00e8s en avant dans le pont. Ainsi, m\u00eame si vous portez des gants, vous pouvez utiliser la molette de mise au point avec l'index en toute d\u00e9contraction. Le site <strong>souligne la longue d\u00e9multiplication qui vous permet de faire une mise au point rapide et pr\u00e9cise.<\/strong><\/p>\n<h3>Pont Double-Link extr\u00eamement robuste<\/h3>\n<p><strong>Pr\u00e9cision maximale et dur\u00e9e de vie maximale<\/strong> vous garantit une construction extr\u00eamement robuste. Le bo\u00eetier, avec son nouveau pont Double-Link, est fabriqu\u00e9 en magn\u00e9sium \u00e0 la fois tr\u00e8s r\u00e9sistant et super l\u00e9ger. Et la molette de commande pour la mise au point est int\u00e9gr\u00e9e en toute s\u00e9curit\u00e9 dans le bo\u00eetier. Les jumelles haut de gamme VICTORY HT sont ainsi parfaitement \u00e9quip\u00e9es pour les utilisations les plus difficiles.<\/p>\n<h3>Concept FL brillant<\/h3>\n<p>Les jumelles les plus lumineuses sont aussi les plus brillantes. Le concept FL \u00e9prouv\u00e9 \u00e9l\u00e8ve \u00e0 un nouveau niveau les crit\u00e8res d\u00e9cisifs de l'observation que sont la nettet\u00e9 de l'image et la brillance des couleurs. Gr\u00e2ce \u00e0 l'utilisation de lentilles sp\u00e9ciales <strong>vous ne percevez pratiquement plus de franges de couleur.<\/strong> Le concept FL est le garant d'une performance d'image sup\u00e9rieure et d'images \u00e0 fort contraste.<\/p>\n<h3>Rev\u00eatement LotuTec\u00ae sur le Zeiss Victory<\/h3>\n<p>Profitez d'une qualit\u00e9 d'image fascinante par tous les temps. Le site <strong>Rev\u00eatement LotuTec<\/strong> veille \u00e0 ce que l'eau soit retenue \u00e0 la <strong>La lentille perle imm\u00e9diatement et la salet\u00e9 peut \u00eatre enlev\u00e9e sans r\u00e9sidus, en douceur et facilement.<\/strong><\/p>\n<h3>Conclusion sur les jumelles Zeiss Victory 10\u00d742 HT<\/h3>\n<p>Le site <strong>Les jumelles 10\u00d742 sont extr\u00eamement robustes et faciles \u00e0 utiliser<\/strong> - en mati\u00e8re d'ergonomie, le <strong>Jumelles Zeiss Victory 10\u00d742 HT. <\/strong>En m\u00eame temps, il se r\u00e9v\u00e8le tr\u00e8s r\u00e9sistant aux intemp\u00e9ries et peut donc \u00eatre utilis\u00e9 m\u00eame en cas de mauvaises conditions m\u00e9t\u00e9orologiques. Sans oublier l'aspect visuel qui, gr\u00e2ce \u00e0 la <strong>des valeurs de transmission \u00e9lev\u00e9es<\/strong> et son pr\u00e9cieux \u00e9quipement, assure des images claires et nettes jusqu'aux bords. Pour un prix actuel d'environ 1.774 euros, on obtient ainsi un compagnon performant sur lequel le fabricant offre en outre une garantie de 10 ans.<\/p>","protected":false},"excerpt":{"rendered":"<h3>Les jumelles haut de gamme VICTORY HT 10\u00d742 T* de ZEISS<\/h3>\n<ul>\n<li>livraison gratuite en Allemagne<\/li>\n<li>tous les prix indiqu\u00e9s incluent la TVA<\/li>\n<\/ul>","protected":false},"featured_media":9264,"comment_status":"open","ping_status":"closed","template":"","meta":{"inline_featured_image":false,"footnotes":""},"product_brand":[],"product_cat":[351,362,345,344,354,346,238],"product_tag":[88,328,774],"class_list":{"0":"post-9261","1":"product","2":"type-product","3":"status-publish","4":"has-post-thumbnail","6":"product_cat-10x-vergroesserung","7":"product_cat-42-mm-objektiv","8":"product_cat-jagd-und-wild","9":"product_cat-naturbeobachtung","10":"product_cat-vogelbeobachtung","11":"product_cat-wandern-und-reisen","12":"product_cat-zeiss-sport-optik","13":"product_tag-10x42","14":"product_tag-zeiss","15":"product_tag-zeiss-victory","16":"pa_brand-marke-zeiss","17":"pa_farbe-schwarz","18":"pa_produkt-typ-fernglas","20":"first","21":"instock","22":"taxable","23":"shipping-taxable","24":"product-type-external"},"bundled_by":[],"bundle_stock_status":"instock","bundle_stock_quantity":null,"bundle_virtual":false,"bundle_layout":"","bundle_add_to_cart_form_location":"","bundle_editable_in_cart":false,"bundle_sold_individually_context":"","bundle_item_grouping":"","bundle_min_size":"","bundle_max_size":"","bundle_price":[],"bundled_items":[],"bundle_sell_ids":[],"_links":{"self":[{"href":"https:\/\/ddoptics.shop\/fr\/wp-json\/wp\/v2\/product\/9261","targetHints":{"allow":["GET"]}}],"collection":[{"href":"https:\/\/ddoptics.shop\/fr\/wp-json\/wp\/v2\/product"}],"about":[{"href":"https:\/\/ddoptics.shop\/fr\/wp-json\/wp\/v2\/types\/product"}],"replies":[{"embeddable":true,"href":"https:\/\/ddoptics.shop\/fr\/wp-json\/wp\/v2\/comments?post=9261"}],"version-history":[{"count":4,"href":"https:\/\/ddoptics.shop\/fr\/wp-json\/wp\/v2\/product\/9261\/revisions"}],"predecessor-version":[{"id":28481,"href":"https:\/\/ddoptics.shop\/fr\/wp-json\/wp\/v2\/product\/9261\/revisions\/28481"}],"wp:featuredmedia":[{"embeddable":true,"href":"https:\/\/ddoptics.shop\/fr\/wp-json\/wp\/v2\/media\/9264"}],"wp:attachment":[{"href":"https:\/\/ddoptics.shop\/fr\/wp-json\/wp\/v2\/media?parent=9261"}],"wp:term":[{"taxonomy":"product_brand","embeddable":true,"href":"https:\/\/ddoptics.shop\/fr\/wp-json\/wp\/v2\/product_brand?post=9261"},{"taxonomy":"product_cat","embeddable":true,"href":"https:\/\/ddoptics.shop\/fr\/wp-json\/wp\/v2\/product_cat?post=9261"},{"taxonomy":"product_tag","embeddable":true,"href":"https:\/\/ddoptics.shop\/fr\/wp-json\/wp\/v2\/product_tag?post=9261"}],"curies":[{"name":"wp","href":"https:\/\/api.w.org\/{rel}","templated":true}]}}