{"id":9265,"date":"2016-07-23T14:34:29","date_gmt":"2016-07-23T12:34:29","guid":{"rendered":"https:\/\/beta.optik-sport-shop.at\/kaufen\/zeiss-victory-8x42-ht-fernglas-schwarz"},"modified":"2025-06-27T14:20:31","modified_gmt":"2025-06-27T12:20:31","slug":"zeiss-victory-8x42-ht-jumelles-noir","status":"publish","type":"product","link":"https:\/\/ddoptics.shop\/fr\/kaufen\/zeiss-victory-8x42-ht-fernglas-schwarz\/","title":{"rendered":"Jumelles Zeiss Victory 8\u00d742 HT - noir"},"content":{"rendered":"<div class=\"row\"  id=\"row-968103494\">\n\n\t<div id=\"col-160917947\" class=\"col medium-8 small-12 large-8\"  >\n\t\t\t\t<div class=\"col-inner\"  >\n\t\t\t\n\t\t\t\n<h2>Jumelles Zeiss Victory 8\u00d742 HT - Plus de libert\u00e9 de mouvement par tous les temps<\/h2>\n<p>C'est ce que repr\u00e9sente le <strong>Jumelles haut de gamme VICTORY HT 8\u00d742<\/strong>. Gr\u00e2ce \u00e0 sa pupille de sortie de 5,3 mm, le <strong>champ de vision particuli\u00e8rement large et grossissement 8x<\/strong> il convient parfaitement \u00e0 une utilisation vari\u00e9e.<\/p>\n<p>Le site <strong>des valeurs de transmission \u00e9poustouflantes<\/strong> fournissent des images extr\u00eamement lumineuses m\u00eame dans les conditions d'\u00e9clairage les plus d\u00e9favorables et permettent ainsi une observation particuli\u00e8rement longue - jusqu'au plus profond du cr\u00e9puscule.<\/p>\n<p>Avec son <strong>un faible poids<\/strong> c'est non seulement un compagnon extr\u00eamement l\u00e9ger, mais aussi extr\u00eamement fiable gr\u00e2ce au robuste pont Double-Link - avec <strong>une pr\u00e9cision m\u00e9canique maximale<\/strong> lors de la mise au point.<\/p>\n\t\t<\/div>\n\t\t\t\t\n<style>\n#col-160917947 > .col-inner {\n  margin: 0px 0px -30px 0px;\n}\n<\/style>\n\t<\/div>\n\n\t\n\n\t<div id=\"col-1586344262\" class=\"col medium-4 small-12 large-4\"  >\n\t\t\t\t<div class=\"col-inner\"  >\n\t\t\t\n\t\t\t\n\t<div class=\"img has-hover x md-x lg-x y md-y lg-y\" id=\"image_940036280\">\n\t\t\t\t\t\t\t\t<div class=\"img-inner dark\" >\n\t\t\t\t\t\t\t\t\t\n\t\t\t\t\t<\/div>\n\t\t\t\t\t\t\t\t\n<style>\n#image_940036280 {\n  width: 100%;\n}\n<\/style>\n\t<\/div>\n\t\n<h3>Jumelles Zeiss Facts<\/h3>\n\n\t\t<div class=\"icon-box featured-box icon-box-left text-left\"  >\n\t\t\t\t\t<div class=\"icon-box-img\" style=\"width: 32px\">\n\t\t\t\t<div class=\"icon\">\n\t\t\t\t\t<div class=\"icon-inner\" >\n\t\t\t\t\t\t<img decoding=\"async\" width=\"100\" height=\"83\" src=\"https:\/\/ddoptics.shop\/wp-content\/uploads\/2021\/05\/DDoptics-SHG-Icon.jpg\" class=\"attachment-medium size-medium\" alt=\"DDoptics SHG Jumelles Icon\" title=\"\">\t\t\t\t\t<\/div>\n\t\t\t\t<\/div>\n\t\t\t<\/div>\n\t\t\t\t<div class=\"icon-box-text last-reset\">\n\t\t\t\t\t\t\t\t\t\n<p>\u2705 10 ans de garantie constructeur<\/p>\n\t\t<\/div>\n\t<\/div>\n\t\n\t\n\n\t\t<div class=\"icon-box featured-box icon-box-left text-left\"  >\n\t\t\t\t\t<div class=\"icon-box-img\" style=\"width: 32px\">\n\t\t\t\t<div class=\"icon\">\n\t\t\t\t\t<div class=\"icon-inner\" >\n\t\t\t\t\t\t<img decoding=\"async\" width=\"100\" height=\"83\" src=\"https:\/\/ddoptics.shop\/wp-content\/uploads\/2021\/05\/DDoptics-SHG-Icon.jpg\" class=\"attachment-medium size-medium\" alt=\"DDoptics SHG Jumelles Icon\" title=\"\">\t\t\t\t\t<\/div>\n\t\t\t\t<\/div>\n\t\t\t<\/div>\n\t\t\t\t<div class=\"icon-box-text last-reset\">\n\t\t\t\t\t\t\t\t\t\n<p>\u2705 136 m Champ de vision<\/p>\n\t\t<\/div>\n\t<\/div>\n\t\n\t\n\n\t\t<div class=\"icon-box featured-box icon-box-left text-left\"  >\n\t\t\t\t\t<div class=\"icon-box-img\" style=\"width: 32px\">\n\t\t\t\t<div class=\"icon\">\n\t\t\t\t\t<div class=\"icon-inner\" >\n\t\t\t\t\t\t<img decoding=\"async\" width=\"100\" height=\"83\" src=\"https:\/\/ddoptics.shop\/wp-content\/uploads\/2021\/05\/DDoptics-SHG-Icon.jpg\" class=\"attachment-medium size-medium\" alt=\"DDoptics SHG Jumelles Icon\" title=\"\">\t\t\t\t\t<\/div>\n\t\t\t\t<\/div>\n\t\t\t<\/div>\n\t\t\t\t<div class=\"icon-box-text last-reset\">\n\t\t\t\t\t\t\t\t\t\n<p>\u2705 \u00e9tanche \u00e0 l'eau sous pression<\/p>\n\t\t<\/div>\n\t<\/div>\n\t\n\t\n\n\t\t<div class=\"icon-box featured-box icon-box-left text-left\"  >\n\t\t\t\t\t<div class=\"icon-box-img\" style=\"width: 32px\">\n\t\t\t\t<div class=\"icon\">\n\t\t\t\t\t<div class=\"icon-inner\" >\n\t\t\t\t\t\t<img decoding=\"async\" width=\"100\" height=\"83\" src=\"https:\/\/ddoptics.shop\/wp-content\/uploads\/2021\/05\/DDoptics-SHG-Icon.jpg\" class=\"attachment-medium size-medium\" alt=\"DDoptics SHG Jumelles Icon\" title=\"\">\t\t\t\t\t<\/div>\n\t\t\t\t<\/div>\n\t\t\t<\/div>\n\t\t\t\t<div class=\"icon-box-text last-reset\">\n\t\t\t\t\t\t\t\t\t\n<p>\u2705 Verre SCHOTT HT - Traitement multicouche ZEISS T*<\/p>\n\t\t<\/div>\n\t<\/div>\n\t\n\t\n\n\t\t<div class=\"icon-box featured-box icon-box-left text-left\"  >\n\t\t\t\t\t<div class=\"icon-box-img\" style=\"width: 32px\">\n\t\t\t\t<div class=\"icon\">\n\t\t\t\t\t<div class=\"icon-inner\" >\n\t\t\t\t\t\t<img decoding=\"async\" width=\"100\" height=\"83\" src=\"https:\/\/ddoptics.shop\/wp-content\/uploads\/2021\/05\/DDoptics-SHG-Icon.jpg\" class=\"attachment-medium size-medium\" alt=\"DDoptics SHG Jumelles Icon\" title=\"\">\t\t\t\t\t<\/div>\n\t\t\t\t<\/div>\n\t\t\t<\/div>\n\t\t\t\t<div class=\"icon-box-text last-reset\">\n\t\t\t\t\t\t\t\t\t\n<p>\u2705 Abbe roi prisme<\/p>\n\t\t<\/div>\n\t<\/div>\n\t\n\t\n\n\t\t<div class=\"icon-box featured-box icon-box-left text-left\"  >\n\t\t\t\t\t<div class=\"icon-box-img\" style=\"width: 32px\">\n\t\t\t\t<div class=\"icon\">\n\t\t\t\t\t<div class=\"icon-inner\" >\n\t\t\t\t\t\t<img decoding=\"async\" width=\"100\" height=\"83\" src=\"https:\/\/ddoptics.shop\/wp-content\/uploads\/2021\/05\/DDoptics-SHG-Icon.jpg\" class=\"attachment-medium size-medium\" alt=\"DDoptics SHG Jumelles Icon\" title=\"\">\t\t\t\t\t<\/div>\n\t\t\t\t<\/div>\n\t\t\t<\/div>\n\t\t\t\t<div class=\"icon-box-text last-reset\">\n\t\t\t\t\t\t\t\t\t\n<p>\u2705 Bo\u00eetier en magn\u00e9sium<\/p>\n\t\t<\/div>\n\t<\/div>\n\t\n\t\n<div class=\"is-divider divider clearfix\" ><\/div>\n\t\t<\/div>\n\t\t\t\t\t<\/div>\n\n\t\n<\/div>\n<h3>Concept optique innovant : interaction entre les verres SCHOTT HT, le traitement multicouche ZEISS T* et le syst\u00e8me de prismes Abbe-K\u00f6nig<\/h3>\n<p>Une luminosit\u00e9 sans concurrence gr\u00e2ce \u00e0 une <strong>Transmission de 95%<\/strong> et bien plus encore. Cette valeur de pointe unique est due au concept optique innovant de la gamme de jumelles VICTORY HT. Cela est rendu possible par l'interaction parfaite entre <strong>Verres SCHOTT HT, traitement multicouche ZEISS T* et syst\u00e8me de prismes Abbe-K\u00f6nig.<\/strong><\/p>\n<p>Gr\u00e2ce \u00e0 ce pack d'innovation performant, vous pouvez par exemple observer plus longtemps que jamais lors de la chasse, m\u00eame dans le cr\u00e9puscule le plus profond.<\/p>\n<h3>Zeiss Victory 8\u00d742 - Concept Comfort-Focus ergonomique pour une ergonomie d'utilisation maximale<\/h3>\n<p>Cela vous assure le <strong>nouveau concept Comfort Focus avec sa molette de mise au point.<\/strong> Remarquablement grande, elle est plac\u00e9e tr\u00e8s en avant dans le pont. Vous pouvez ainsi utiliser la molette de mise au point avec l'index, m\u00eame si vous portez des gants, en toute d\u00e9contraction. Le rapport de transmission particuli\u00e8rement long vous permet de faire la mise au point rapidement et avec pr\u00e9cision.<\/p>\n<h3>Pont Double-Link extr\u00eamement robuste sur la Zeiss Victory 8\u00d742<\/h3>\n<p><strong>Pr\u00e9cision maximale et dur\u00e9e de vie maximale<\/strong> vous garantit une construction extr\u00eamement robuste. Le bo\u00eetier, avec son nouveau pont Double-Link, est fabriqu\u00e9 en magn\u00e9sium \u00e0 la fois tr\u00e8s r\u00e9sistant et super l\u00e9ger. Et la molette de commande pour la mise au point est int\u00e9gr\u00e9e en toute s\u00e9curit\u00e9 dans le bo\u00eetier. Les jumelles haut de gamme VICTORY HT sont ainsi parfaitement \u00e9quip\u00e9es pour les utilisations les plus difficiles.<\/p>\n<h3>Concept FL brillant<\/h3>\n<p><strong>Les jumelles les plus lumineuses sont aussi les plus brillantes.<\/strong> Le concept FL \u00e9prouv\u00e9 \u00e9l\u00e8ve \u00e0 un nouveau niveau les crit\u00e8res d\u00e9cisifs de l'observation que sont la nettet\u00e9 de l'image et la brillance des couleurs. Gr\u00e2ce \u00e0 l'utilisation de verres sp\u00e9ciaux contenant du fluorure, vous ne percevez pratiquement plus de franges de couleur. Le concept FL est le garant d'une performance d'image exceptionnelle et d'images \u00e0 fort contraste.<\/p>\n<h3>Rev\u00eatement LotuTec<\/h3>\n<p>Profitez d'une qualit\u00e9 d'image fascinante par tous les temps. Le rev\u00eatement LotuTec\u00ae veille \u00e0 ce que <strong>l'eau perle imm\u00e9diatement sur la lentille et la salet\u00e9 peut \u00eatre enlev\u00e9e sans r\u00e9sidus, avec m\u00e9nagement et facilement.<\/strong><\/p>\n<h3>Conclusion sur les jumelles Zeiss Victory 8\u00d742 HT<\/h3>\n<p>Extr\u00eamement robuste et facile \u00e0 utiliser - en <strong>En mati\u00e8re d'ergonomie, les jumelles Zeiss Victory 8\u00d742 HT sont convaincantes.<\/strong> En m\u00eame temps, il se r\u00e9v\u00e8le tr\u00e8s r\u00e9sistant aux intemp\u00e9ries et peut donc \u00eatre utilis\u00e9 dans de mauvaises conditions m\u00e9t\u00e9orologiques. Sans oublier l'optique qui, gr\u00e2ce aux valeurs de transmission \u00e9lev\u00e9es et \u00e0 l'\u00e9quipement pr\u00e9cieux, garantit des images claires et nettes. <strong>des images nettes jusqu'aux bords<\/strong> de l'appareil. Pour un prix actuel d'environ 1.706 euros, on obtient ainsi un compagnon performant, sur lequel le fabricant offre en outre une garantie de 10 ans.<\/p>","protected":false},"excerpt":{"rendered":"<h3>Les jumelles haut de gamme VICTORY HT 8\u00d742 T* de ZEISS<\/h3>\n<ul>\n<li>livraison gratuite en Allemagne<\/li>\n<li>tous les prix indiqu\u00e9s incluent la TVA<\/li>\n<\/ul>","protected":false},"featured_media":9267,"comment_status":"open","ping_status":"closed","template":"","meta":{"inline_featured_image":false,"footnotes":""},"product_brand":[],"product_cat":[362,349,358,345,344,346,238],"product_tag":[91,328,774],"class_list":{"0":"post-9265","1":"product","2":"type-product","3":"status-publish","4":"has-post-thumbnail","6":"product_cat-42-mm-objektiv","7":"product_cat-8x-vergroesserung","8":"product_cat-fernglas-objektivdurchmesser","9":"product_cat-jagd-und-wild","10":"product_cat-naturbeobachtung","11":"product_cat-wandern-und-reisen","12":"product_cat-zeiss-sport-optik","13":"product_tag-8x42","14":"product_tag-zeiss","15":"product_tag-zeiss-victory","16":"pa_brand-marke-zeiss","17":"pa_farbe-schwarz","18":"pa_produkt-typ-fernglas","20":"first","21":"instock","22":"taxable","23":"shipping-taxable","24":"product-type-external"},"bundled_by":[],"bundle_stock_status":"instock","bundle_stock_quantity":null,"bundle_virtual":false,"bundle_layout":"","bundle_add_to_cart_form_location":"","bundle_editable_in_cart":false,"bundle_sold_individually_context":"","bundle_item_grouping":"","bundle_min_size":"","bundle_max_size":"","bundle_price":[],"bundled_items":[],"bundle_sell_ids":[],"_links":{"self":[{"href":"https:\/\/ddoptics.shop\/fr\/wp-json\/wp\/v2\/product\/9265","targetHints":{"allow":["GET"]}}],"collection":[{"href":"https:\/\/ddoptics.shop\/fr\/wp-json\/wp\/v2\/product"}],"about":[{"href":"https:\/\/ddoptics.shop\/fr\/wp-json\/wp\/v2\/types\/product"}],"replies":[{"embeddable":true,"href":"https:\/\/ddoptics.shop\/fr\/wp-json\/wp\/v2\/comments?post=9265"}],"version-history":[{"count":7,"href":"https:\/\/ddoptics.shop\/fr\/wp-json\/wp\/v2\/product\/9265\/revisions"}],"predecessor-version":[{"id":28477,"href":"https:\/\/ddoptics.shop\/fr\/wp-json\/wp\/v2\/product\/9265\/revisions\/28477"}],"wp:featuredmedia":[{"embeddable":true,"href":"https:\/\/ddoptics.shop\/fr\/wp-json\/wp\/v2\/media\/9267"}],"wp:attachment":[{"href":"https:\/\/ddoptics.shop\/fr\/wp-json\/wp\/v2\/media?parent=9265"}],"wp:term":[{"taxonomy":"product_brand","embeddable":true,"href":"https:\/\/ddoptics.shop\/fr\/wp-json\/wp\/v2\/product_brand?post=9265"},{"taxonomy":"product_cat","embeddable":true,"href":"https:\/\/ddoptics.shop\/fr\/wp-json\/wp\/v2\/product_cat?post=9265"},{"taxonomy":"product_tag","embeddable":true,"href":"https:\/\/ddoptics.shop\/fr\/wp-json\/wp\/v2\/product_tag?post=9265"}],"curies":[{"name":"wp","href":"https:\/\/api.w.org\/{rel}","templated":true}]}}