{"id":9915,"date":"2016-08-29T18:01:32","date_gmt":"2016-08-29T16:01:32","guid":{"rendered":"https:\/\/beta.optik-sport-shop.at\/?post_type=product&#038;p=9915"},"modified":"2025-10-03T11:56:31","modified_gmt":"2025-10-03T09:56:31","slug":"medecine-animale-forte-pharmacie-naturelle","status":"publish","type":"product","link":"https:\/\/ddoptics.shop\/fr\/kaufen\/tierisch-starke-medizin-natuerliche-apotheke\/","title":{"rendered":"Livre de m\u00e9decine : Tierisch starke Medizin - Chasse et m\u00e9decine naturelle"},"content":{"rendered":"<h2 class=\"ncTitle\"><span class=\"ncTitleSub\"><span class=\"oSubTitle\">Livre sur la m\u00e9decine naturelle : v\u00e9rit\u00e9s, oublis, mythes et mystiques sur les merveilleuses vertus th\u00e9rapeutiques de nos animaux sauvages<br \/>\n<\/span><\/span><\/h2>\n<p>D\u00e9j\u00e0 avant <strong>des milliers d'ann\u00e9es, les hommes (cueilleurs et chasseurs) ont reconnu<\/strong> les particuliers <strong>les dons de gu\u00e9rison de nos animaux<\/strong>qui <strong>d\u00e9passent largement la simple consommation de viande.<\/strong> Car si le corps des animaux nous r\u00e9serve bien d'autres tr\u00e9sors, ce savoir n'est plus tr\u00e8s r\u00e9pandu. Nous voulons partir \u00e0 la recherche des traces de cette tradition presque oubli\u00e9e et d\u00e9couvrir ce <strong>bien naturel pour notre sant\u00e9<\/strong> pr\u00e9server.<\/p>\n<p>Outre la <strong>r\u00f4le extr\u00eamement important de l'\u00e9thique et de la justice pastorale<\/strong>Ce livre s'int\u00e9resse \u00e0 la <strong>Fabrication d'onguents \u00e0 partir de graisses et d'huiles animales<\/strong>Les produits sont pr\u00e9par\u00e9s selon d'anciennes recettes traditionnelles telles que<\/p>\n<ul>\n<li>Pommades pour blaireaux<\/li>\n<li>Pommades pour marmottes<\/li>\n<li>Pommades de cerf<\/li>\n<li>Pommade de chamois<\/li>\n<li>et bien d'autres choses encore.<\/li>\n<\/ul>\n<p>Le site <strong>Mise \u00e0 mort d'un animal par le chasseur<\/strong> a \u00e9t\u00e9 pendant de nombreuses g\u00e9n\u00e9rations <strong>pas seulement \u00e0 assurer l'alimentation<\/strong> n'\u00e9tait pas consacr\u00e9. Au contraire, l'animal entier \u00e9tait utilis\u00e9 et exploit\u00e9 avec le plus d'attention possible. Une partie consid\u00e9rable servait aux <strong>Les gens comme rem\u00e8de.<\/strong><\/p>\n<p>Le site <strong>Connaissance des effets th\u00e9rapeutiques<\/strong> a \u00e9t\u00e9 pendant une longue p\u00e9riode <strong>transmis oralement de g\u00e9n\u00e9ration en g\u00e9n\u00e9ration<\/strong>. Cette cha\u00eene de <strong>Transmission des connaissances<\/strong> semble maintenant de plus en plus courte et <strong>plus faible<\/strong> de devenir une r\u00e9alit\u00e9. Le but de ce livre est de pr\u00e9senter le<strong> pr\u00e9server le grand savoir de la \"pharmacie de la chasse et de la for\u00eat\" en tant que patrimoine culturel et naturel<\/strong> et de les compl\u00e9ter par de nouvelles connaissances issues de la science et de la recherche. De nombreuses recettes simples, anciennes et nouvelles, pour la sant\u00e9, la beaut\u00e9 et le bien-\u00eatre donnent envie de mettre \u00e0 nouveau en pratique les connaissances acquises.<\/p>\n<p>Avec ce livre - dont Barbara Hoflacher est en train de pr\u00e9parer la deuxi\u00e8me \u00e9dition -, elle tente de faire le point sur tout ce qui reste \u00e0 faire. <strong>de recueillir et d'archiver les connaissances et les exp\u00e9riences anciennes<\/strong>. Gr\u00e2ce aux derni\u00e8res <strong>Connaissances issues de la science et de la recherche<\/strong> doit compl\u00e9ter et confirmer les anciennes sagesses. L'h\u00e9ritage de nos anc\u00eatres ne doit pas seulement \u00eatre pr\u00e9serv\u00e9, nous voulons aussi apporter une contribution aux g\u00e9n\u00e9rations futures.<\/p>\n<p>Le site <strong>Auteur Barbara Hoflacher<\/strong> dirige depuis de nombreuses ann\u00e9es <strong>\u00c9cole en plein air d'aromath\u00e9rapie et de plantes m\u00e9dicinales au Tyrol<\/strong>. En tant que passionn\u00e9e de sports de montagne et de toutes leurs facettes, elle a une pr\u00e9occupation particuli\u00e8re. Une m\u00e9decine forte et animale Jeune chasseuse, la nature et la m\u00e9decine naturelle lui tiennent \u00e0 c\u0153ur.<\/p>\n<h3>Notre exp\u00e9rience : la lecture de ce livre de m\u00e9decine naturelle rend <span class=\"ncTitleSub\"><span class=\"oSubTitle\">vrai et oubli\u00e9 conscient<br \/>\n<\/span><\/span><\/h3>\n<p>Si, \u00e0 l'\u00e9poque, on parlait d\u00e9j\u00e0 de ce <strong>Livre de m\u00e9decine naturelle sur les \"pouvoirs de gu\u00e9rison des graisses animales<\/strong>\"Si nous avions su ce que nous voulions, nous n'aurions pas eu \u00e0 subir l'exp\u00e9rience de notre marmotte et nous aurions eu entre les mains une pommade parfaite pour marmotte au lieu d'une chose d\u00e9truite.<\/p>\n<p>Mais comme nous ne le savions pas, notre exp\u00e9rience \u00e9tait <strong>Graisse de marmotte beaucoup trop chauff\u00e9e<\/strong> et un<strong> terrible puanteur<\/strong> entre ses quatre murs.<\/p>\n<p>Conclusion : ce <strong>Livre de m\u00e9decine naturelle<\/strong> avec les animaux nous ouvre les yeux et on remarque tout de suite que chez beaucoup de chasseurs aussi, il y a d\u00e9j\u00e0 des choses \u00e0 faire. <strong>beaucoup de connaissances perdues<\/strong> a \u00e9t\u00e9 fait. Cette collection de savoirs traditionnels et de nouvelles recettes, compl\u00e9t\u00e9e par des connaissances scientifiques et des images, est un v\u00e9ritable tr\u00e9sor pour tous ceux qui s'int\u00e9ressent aux rem\u00e8des traditionnels !!!<\/p>","protected":false},"excerpt":{"rendered":"<h3>Top des livres conseill\u00e9s : Tierisch starke Medizin - Nat\u00fcrliche Medizin<\/h3>\n<h4>\u00e0 partir de \u20ac 14,95<\/h4>\n<p>A acheter chez :<\/p>\n<a href=\"https:\/\/www.amazon.de\/gp\/product\/3863862813\/ref=as_li_tl?ie=UTF8&#038;camp=1638&#038;creative=19454&#038;creativeASIN=3863862813&#038;linkCode=as2&#038;tag=optsposho-21&#038;linkId=LEWC6AKA77YYIQUX\" target=\"_blank\" class=\"button success is-success is-medium\" rel=\"nofollow noopener\" >\n\t\t<span>Amazon<\/span>\n\t<\/a>\n\n<a href=\"http:\/\/ad.zanox.com\/ppc\/?30283886C42456355&#038;ULP=http:\/\/www.thalia.de\/shop\/home\/suche\/?sq=tierisch+starke+medizin&#038;sswg=ANY&#038;timestamp=1423159154283&#038;ProvID=10911378\" target=\"_blank\" class=\"button success is-success is-medium\" rel=\"nofollow noopener\" >\n\t\t<span>THALIA ALLEMAGNE<\/span>\n\t<\/a>\n\n<a href=\"http:\/\/ad.zanox.com\/ppc\/?30284203C81391933&#038;ULP=http:\/\/www.thalia.at\/shop\/home\/suche\/?sq=tirisch+starke+medizin&#038;sswg=ANY&#038;timestamp=1423159146801&#038;ProvID=10910929\" target=\"_blank\" class=\"button success is-success is-medium\" rel=\"nofollow noopener\" >\n\t\t<span>THALIA AUTRICHE<\/span>\n\t<\/a>","protected":false},"featured_media":9916,"comment_status":"open","ping_status":"closed","template":"","meta":{"inline_featured_image":false,"footnotes":""},"product_brand":[],"product_cat":[74],"product_tag":[422,423,424],"class_list":{"0":"post-9915","1":"product","2":"type-product","3":"status-publish","4":"has-post-thumbnail","6":"product_cat-buchtipps-buecher","7":"product_tag-buchtipp","8":"product_tag-medizinbuch","9":"product_tag-naturheilkunde-buch","11":"first","12":"instock","13":"taxable","14":"shipping-taxable","15":"product-type-simple"},"bundled_by":[],"bundle_stock_status":"instock","bundle_stock_quantity":null,"bundle_virtual":false,"bundle_layout":"","bundle_add_to_cart_form_location":"","bundle_editable_in_cart":false,"bundle_sold_individually_context":"","bundle_item_grouping":"","bundle_min_size":"","bundle_max_size":"","bundle_price":[],"bundled_items":[],"bundle_sell_ids":[],"_links":{"self":[{"href":"https:\/\/ddoptics.shop\/fr\/wp-json\/wp\/v2\/product\/9915","targetHints":{"allow":["GET"]}}],"collection":[{"href":"https:\/\/ddoptics.shop\/fr\/wp-json\/wp\/v2\/product"}],"about":[{"href":"https:\/\/ddoptics.shop\/fr\/wp-json\/wp\/v2\/types\/product"}],"replies":[{"embeddable":true,"href":"https:\/\/ddoptics.shop\/fr\/wp-json\/wp\/v2\/comments?post=9915"}],"version-history":[{"count":1,"href":"https:\/\/ddoptics.shop\/fr\/wp-json\/wp\/v2\/product\/9915\/revisions"}],"predecessor-version":[{"id":29108,"href":"https:\/\/ddoptics.shop\/fr\/wp-json\/wp\/v2\/product\/9915\/revisions\/29108"}],"wp:featuredmedia":[{"embeddable":true,"href":"https:\/\/ddoptics.shop\/fr\/wp-json\/wp\/v2\/media\/9916"}],"wp:attachment":[{"href":"https:\/\/ddoptics.shop\/fr\/wp-json\/wp\/v2\/media?parent=9915"}],"wp:term":[{"taxonomy":"product_brand","embeddable":true,"href":"https:\/\/ddoptics.shop\/fr\/wp-json\/wp\/v2\/product_brand?post=9915"},{"taxonomy":"product_cat","embeddable":true,"href":"https:\/\/ddoptics.shop\/fr\/wp-json\/wp\/v2\/product_cat?post=9915"},{"taxonomy":"product_tag","embeddable":true,"href":"https:\/\/ddoptics.shop\/fr\/wp-json\/wp\/v2\/product_tag?post=9915"}],"curies":[{"name":"wp","href":"https:\/\/api.w.org\/{rel}","templated":true}]}}