{"id":9934,"date":"2016-08-29T21:06:56","date_gmt":"2016-08-29T19:06:56","guid":{"rendered":"https:\/\/beta.optik-sport-shop.at\/?post_type=product&#038;p=9934"},"modified":"2025-10-03T11:38:20","modified_gmt":"2025-10-03T09:38:20","slug":"livre-manuel-pratique-chasse-reussir-la-chasse-et-la-conservation","status":"publish","type":"product","link":"https:\/\/ddoptics.shop\/fr\/kaufen\/buch-praxishandbuch-jagd-erfolgreich-jagen-und-hegen\/","title":{"rendered":"Livre : Manuel pratique de la chasse - Chasser et soigner avec succ\u00e8s"},"content":{"rendered":"<h2>Manuel pratique de la chasse - l'ouvrage de r\u00e9f\u00e9rence pour une chasse r\u00e9ussie<\/h2>\n<p><strong>La chasse est avant tout un m\u00e9tier<\/strong>. Chasser et ch\u00e9rir avec succ\u00e8s, c'est ma\u00eetriser ce m\u00e9tier. <strong>Ongul\u00e9s, petit gibier, pratique de la chasse et de la chasse \u00e0 courre, chiens de chasse, armes de chasse, optique<\/strong> et bien plus encore : le vaste <strong>\"Manuel pratique de la chasse\"<\/strong> contient tout ce que les candidats au permis de chasse, les jeunes chasseurs et les \"anciens\" doivent savoir sur le gibier, les soins et la pratique de la chasse. Le manuel indispensable pour le praticien !<\/p>\n<h3>Conclusion du livre - Manuel pratique de la chasse<\/h3>\n<p>La 2e \u00e9dition 2006 du \"<strong>Manuel pratique de la chasse. Chasser et entretenir avec succ\u00e8s<\/strong>\"Le livre de Bachmann et Roosen est tout sauf un livre de poche l\u00e9ger. Sur plus de 650 pages, presque tous les th\u00e8mes abord\u00e9s dans ce livre sont pr\u00e9sent\u00e9s de mani\u00e8re compr\u00e9hensible, bien illustr\u00e9e et bien pr\u00e9sent\u00e9e. <strong>l'Allemagne, les aspects pratiques de la chasse<\/strong> en chapitres faciles \u00e0 g\u00e9rer et trait\u00e9s de mani\u00e8re suffisamment approfondie. Dans ce livre, la th\u00e9orie est associ\u00e9e aux <strong>les formes cyn\u00e9g\u00e9tiques de leur mise en \u0153uvre pratique<\/strong> Les deux programmes de formation ont \u00e9t\u00e9 r\u00e9unis en un seul et m\u00eame document, qui traite \u00e9galement de domaines qui ne figurent pas dans le plan cadre de formation.<\/p>\n<p>Dans l'ensemble, il donne une tr\u00e8s bonne impression de qualit\u00e9. Presque tout est inclus, <strong>en partie des choses qui sont aujourd'hui n\u00e9glig\u00e9es dans la formation des chasseurs.<\/strong> Dans l'ensemble, c'est un tr\u00e8s bon livre qui peut tout \u00e0 fait servir d'ouvrage de r\u00e9f\u00e9rence au chasseur.<\/p>","protected":false},"excerpt":{"rendered":"<h4>\u00e0 partir de \u20ac 49,90 - Nouvelle \u00e9dition - \u00e0 partir de \u20ac 59,00<\/h4>\n<p>A acheter chez :<\/p>\n<a href=\"https:\/\/www.amazon.de\/gp\/product\/344010298X\/ref=as_li_tl?ie=UTF8&#038;camp=1638&#038;creative=19454&#038;creativeASIN=344010298X&#038;linkCode=as2&#038;tag=optsposho-21&#038;linkId=LNM6DVQORQ2LV4HL\" target=\"_blank\" class=\"button success is-success is-medium\" rel=\"nofollow noopener\" >\n\t\t<span>Amazon<\/span>\n\t<\/a>\n\n<a href=\"http:\/\/ad.zanox.com\/ppc\/?30283886C42456355&#038;ULP=http:\/\/www.thalia.de\/shop\/home\/suche\/?sq=Praxishandbuch+Jagd&#038;sswg=ANY&#038;timestamp=1423128381250&#038;ProvID=10911378\" target=\"_blank\" class=\"button success is-success is-medium\" rel=\"nofollow noopener\" >\n\t\t<span>THALIA ALLEMAGNE<\/span>\n\t<\/a>\n\n<a href=\"http:\/\/ad.zanox.com\/ppc\/?30284203C81391933&#038;ULP=http:\/\/www.thalia.at\/shop\/home\/suche\/?sq=Praxishandbuch+Jagd&#038;sswg=ANY&#038;timestamp=1423128386149&#038;ProvID=10910929\" target=\"_blank\" class=\"button success is-success is-medium\" rel=\"nofollow noopener\" >\n\t\t<span>THALIA AUTRICHE<\/span>\n\t<\/a>","protected":false},"featured_media":9935,"comment_status":"open","ping_status":"closed","template":"","meta":{"inline_featured_image":false,"footnotes":""},"product_brand":[],"product_cat":[74],"product_tag":[422,428,429],"class_list":{"0":"post-9934","1":"product","2":"type-product","3":"status-publish","4":"has-post-thumbnail","6":"product_cat-buchtipps-buecher","7":"product_tag-buchtipp","8":"product_tag-jagd-buch","9":"product_tag-praxisbuch","11":"first","12":"instock","13":"taxable","14":"shipping-taxable","15":"product-type-simple"},"bundled_by":[],"bundle_stock_status":"instock","bundle_stock_quantity":null,"bundle_virtual":false,"bundle_layout":"","bundle_add_to_cart_form_location":"","bundle_editable_in_cart":false,"bundle_sold_individually_context":"","bundle_item_grouping":"","bundle_min_size":"","bundle_max_size":"","bundle_price":[],"bundled_items":[],"bundle_sell_ids":[],"_links":{"self":[{"href":"https:\/\/ddoptics.shop\/fr\/wp-json\/wp\/v2\/product\/9934","targetHints":{"allow":["GET"]}}],"collection":[{"href":"https:\/\/ddoptics.shop\/fr\/wp-json\/wp\/v2\/product"}],"about":[{"href":"https:\/\/ddoptics.shop\/fr\/wp-json\/wp\/v2\/types\/product"}],"replies":[{"embeddable":true,"href":"https:\/\/ddoptics.shop\/fr\/wp-json\/wp\/v2\/comments?post=9934"}],"version-history":[{"count":1,"href":"https:\/\/ddoptics.shop\/fr\/wp-json\/wp\/v2\/product\/9934\/revisions"}],"predecessor-version":[{"id":29103,"href":"https:\/\/ddoptics.shop\/fr\/wp-json\/wp\/v2\/product\/9934\/revisions\/29103"}],"wp:featuredmedia":[{"embeddable":true,"href":"https:\/\/ddoptics.shop\/fr\/wp-json\/wp\/v2\/media\/9935"}],"wp:attachment":[{"href":"https:\/\/ddoptics.shop\/fr\/wp-json\/wp\/v2\/media?parent=9934"}],"wp:term":[{"taxonomy":"product_brand","embeddable":true,"href":"https:\/\/ddoptics.shop\/fr\/wp-json\/wp\/v2\/product_brand?post=9934"},{"taxonomy":"product_cat","embeddable":true,"href":"https:\/\/ddoptics.shop\/fr\/wp-json\/wp\/v2\/product_cat?post=9934"},{"taxonomy":"product_tag","embeddable":true,"href":"https:\/\/ddoptics.shop\/fr\/wp-json\/wp\/v2\/product_tag?post=9934"}],"curies":[{"name":"wp","href":"https:\/\/api.w.org\/{rel}","templated":true}]}}