{"id":10619,"date":"2017-03-06T15:40:47","date_gmt":"2017-03-06T14:40:47","guid":{"rendered":"https:\/\/beta.optik-sport-shop.at\/?page_id=10619"},"modified":"2025-11-05T12:24:52","modified_gmt":"2025-11-05T11:24:52","slug":"metodi-di-pagamento","status":"publish","type":"page","link":"https:\/\/ddoptics.shop\/it\/zahlungsarten\/","title":{"rendered":"Metodi di pagamento presso Optik Sport Shop"},"content":{"rendered":"<div id=\"gap-1179025673\" class=\"gap-element clearfix\" style=\"display:block; height:auto;\">\n\t\t\n<style>\n#gap-1179025673 {\n  padding-top: 60px;\n}\n<\/style>\n\t<\/div>\n\t\n\n  <div class=\"banner has-hover\" id=\"banner-1794935940\">\n          <div class=\"banner-inner fill\">\n        <div class=\"banner-bg fill\" >\n            <img decoding=\"async\" width=\"1140\" height=\"300\" src=\"https:\/\/ddoptics.shop\/wp-content\/uploads\/2017\/03\/zahlungsmethoden-optik-sport-shop_1140.jpg\" class=\"bg attachment-orginal size-orginal\" alt=\"metodi di pagamento optik sport shop\" title=\"\">                        <div class=\"overlay\"><\/div>            \n                    <\/div>\n\t\t\n        <div class=\"banner-layers container\">\n            <div class=\"fill banner-link\"><\/div>            \n   <div id=\"text-box-2116798313\" class=\"text-box banner-layer x50 md-x50 lg-x50 y50 md-y50 lg-y50 res-text\">\n                                <div class=\"text-box-content text dark\">\n              \n              <div class=\"text-inner text-center\">\n                  \n\t<div id=\"gap-718718925\" class=\"gap-element clearfix\" style=\"display:block; height:auto;\">\n\t\t\n<style>\n#gap-718718925 {\n  padding-top: 100px;\n}\n<\/style>\n\t<\/div>\n\t\n<h1 class=\"uppercase\"><span style=\"font-size: 80%;\">METODI DI PAGAMENTO<\/span><\/h1>\n              <\/div>\n           <\/div>\n                            \n<style>\n#text-box-2116798313 {\n  width: 60%;\n}\n#text-box-2116798313 .text-box-content {\n  font-size: 100%;\n}\n<\/style>\n    <\/div>\n \n        <\/div>\n      <\/div>\n\n              <div class=\"height-fix is-invisible\"><img decoding=\"async\" width=\"1140\" height=\"300\" src=\"https:\/\/ddoptics.shop\/wp-content\/uploads\/2017\/03\/zahlungsmethoden-optik-sport-shop_1140.jpg\" class=\"attachment-orginal size-orginal\" alt=\"metodi di pagamento optik sport shop\" srcset=\"https:\/\/ddoptics.shop\/wp-content\/uploads\/2017\/03\/zahlungsmethoden-optik-sport-shop_1140.jpg 1140w, https:\/\/ddoptics.shop\/wp-content\/uploads\/2017\/03\/zahlungsmethoden-optik-sport-shop_1140-304x80.jpg 304w, https:\/\/ddoptics.shop\/wp-content\/uploads\/2017\/03\/zahlungsmethoden-optik-sport-shop_1140-305x80.jpg 305w, https:\/\/ddoptics.shop\/wp-content\/uploads\/2017\/03\/zahlungsmethoden-optik-sport-shop_1140-632x166.jpg 632w, https:\/\/ddoptics.shop\/wp-content\/uploads\/2017\/03\/zahlungsmethoden-optik-sport-shop_1140-800x211.jpg 800w, https:\/\/ddoptics.shop\/wp-content\/uploads\/2017\/03\/zahlungsmethoden-optik-sport-shop_1140-250x66.jpg 250w, https:\/\/ddoptics.shop\/wp-content\/uploads\/2017\/03\/zahlungsmethoden-optik-sport-shop_1140-510x134.jpg 510w\" sizes=\"(max-width: 1140px) 100vw, 1140px\" title=\"\"><\/div>\n            \n<style>\n#banner-1794935940 .overlay {\n  background-color: rgba(0, 0, 0, 0.17);\n}\n<\/style>\n  <\/div>\n\n\n<div class=\"row\"  id=\"row-418186294\">\n\n\t<div id=\"col-1189131907\" class=\"col small-12 large-12\"  >\n\t\t\t\t<div class=\"col-inner\"  >\n\t\t\t\n\t\t\t\n<h2>Come pagare comodamente nel Negozio Optik Sport<\/h2>\n<p>Quando abbiamo avuto l'idea di creare il negozio Optik Sport, per noi era molto importante che il processo di pagamento fosse il pi\u00f9 semplice e conveniente possibile. Il modo pi\u00f9 semplice per raggiungere questo obiettivo \u00e8 offrire tutte le opzioni di pagamento pi\u00f9 conosciute e diffuse. In questo modo, il cliente potr\u00e0 completare facilmente il suo ordine elettronico.<\/p>\n<h3>Nuovo: Acquisto su conto corrente - sicurezza per entrambe le parti<\/h3>\n<p>A causa delle numerose richieste da parte dei clienti, tutte le<strong> Prodotti ottici tramite acquisto su conto corrente<\/strong> - dopo l'approvazione di Klarna - disponibile per l'acquisto.<\/p>\n<div class=\"container section-title-container\" ><h3 class=\"section-title section-title-bold\"><b aria-hidden=\"true\"><\/b><span class=\"section-title-main\" >Pagamento anticipato<\/span><b aria-hidden=\"true\"><\/b><\/h3><\/div>\n<p>Non appena riceveremo il bonifico bancario (per il pagamento anticipato), prepareremo il pacco per la spedizione. Attenderemo un massimo di 7 giorni per la ricezione del bonifico bancario, dopodich\u00e9 annulleremo l'ordine. <strong>Si prega di notare:<\/strong> I bonifici bancari (anche online) possono richiedere 1-3 giorni lavorativi da DE a AT. Si consiglia pertanto di non pagare in anticipo per ordini urgenti.<\/p>\n<div class=\"container section-title-container\" ><h3 class=\"section-title section-title-bold\"><b aria-hidden=\"true\"><\/b><span class=\"section-title-main\" >Carta di credito<\/span><b aria-hidden=\"true\"><\/b><\/h3><\/div>\n<p><img decoding=\"async\" class=\"alignright size-full wp-image-10637\" src=\"https:\/\/ddoptics.shop\/wp-content\/uploads\/2017\/03\/kreditkarte-optik-sport-shop_300.jpg\" alt=\"\" width=\"100\" height=\"70\" title=\"\">Noi <strong>supporta VISA e MasterCard <\/strong>e a tal fine utilizziamo il fornitore di servizi finanziari Stripe. Abbiamo bisogno dei seguenti dati: <strong>Numero di carta, validit\u00e0, societ\u00e0 di carte di credito <\/strong>e il<strong> Controllare la cifra della carta di credito<\/strong>.<\/p>\n<p>Con VISA e MasterCard, la cifra di controllo \u00e8 un numero di tre cifre sul retro della carta. Questo <strong>garantito<\/strong> il<strong> Sicurezza dei pagamenti<\/strong> su Internet. La vostra carta di credito pu\u00f2 anche essere attivata per il codice 3-D Secure.<\/p>\n<div class=\"container section-title-container\" ><h3 class=\"section-title section-title-bold\"><b aria-hidden=\"true\"><\/b><span class=\"section-title-main\" >PayPal<\/span><b aria-hidden=\"true\"><\/b><\/h3><\/div>\n<p><img decoding=\"async\" class=\"alignright size-full wp-image-10639\" src=\"https:\/\/ddoptics.shop\/wp-content\/uploads\/2017\/03\/paypal-optik-sport-shop_300.jpg\" alt=\"\" width=\"118\" height=\"30\" title=\"\">PayPal \u00e8 ormai sinonimo in tutto il mondo di sicurezza nei pagamenti. Dopo l'acquisto verrete inoltrati a paypal.com per il pagamento. Con questo metodo di pagamento, il vostro ordine sar\u00e0 spedito immediatamente, a volte anche il giorno stesso. I giorni di spedizione dipendono dal paese di destinazione. Per questo metodo di pagamento non addebitiamo ulteriori spese di elaborazione.<\/p>\n<p>In collaborazione con il fornitore di servizi finanziari Klarna, offriamo ai clienti in Austria, Germania e in tutti gli altri paesi attivati il <strong>Acquisto su conto corrente come opzione di pagamento<\/strong>. Il periodo di pagamento per <strong>Fattura Klarna 14 giorni dalla data della fattura.<\/strong> Il <strong>La fattura sar\u00e0 emessa al momento della spedizione della merce e sar\u00e0 inviata via e-mail o insieme alla merce.<\/strong>.<\/p>\n<p>Si prega di notare che il metodo di pagamento su conto corrente pu\u00f2 essere utilizzato solo se\u00a0<strong>L'indirizzo di fatturazione e di consegna sono identici<\/strong> e la vostra residenza privata (nessun indirizzo aziendale o di casella postale).<\/p>\n<div class=\"container section-title-container\" ><h3 class=\"section-title section-title-bold\"><b aria-hidden=\"true\"><\/b><span class=\"section-title-main\" >Klarna<\/span><b aria-hidden=\"true\"><\/b><\/h3><\/div>\n<p><strong><img decoding=\"async\" class=\"alignright size-full wp-image-10636\" src=\"https:\/\/ddoptics.shop\/wp-content\/uploads\/2017\/03\/klarna-rechnung-optik-sport-shop_300.jpg\" alt=\"\" width=\"109\" height=\"30\" title=\"\">Il pagamento viene effettuato a Klarna.<\/strong> Si prega di notare che <strong>Fattura Klarna solo per i consumatori<\/strong> \u00e8 disponibile. Ulteriori informazioni e i termini e le condizioni completi di Klarna per l'acquisto su conto corrente sono disponibili all'indirizzo <a href=\"https:\/\/cdn.klarna.com\/1.0\/shared\/content\/legal\/terms\/31492\/de_at\/invoice?fee=0,90\" target=\"_blank\" rel=\"noopener noreferrer\">QUI per i clienti dall'Austria<\/a> risp. <a href=\"https:\/\/cdn.klarna.com\/1.0\/shared\/content\/legal\/terms\/31492\/de_de\/invoice?fee=0,90\" target=\"_blank\" rel=\"noopener noreferrer\">QUI per i clienti provenienti dalla Germania<\/a>. In caso di acquisto su conto Klarna, addebitiamo una commissione di servizio di \u20ac 1,50 per ogni ordine.<\/p>\n<p><strong><img decoding=\"async\" class=\"alignright size-full wp-image-10635\" src=\"https:\/\/ddoptics.shop\/wp-content\/uploads\/2017\/03\/klarna-ratenkauf-optik-sport-shop_300.jpg\" alt=\"\" width=\"109\" height=\"30\" title=\"\">Acquisto a rate Klarna (esclusivamente per clienti tedeschi)<\/strong><br \/>Con il servizio di finanziamento di Klarna, potete pagare il vostro acquisto in modo flessibile con rate mensili di almeno 1\/24 dell'importo totale (ma almeno 6,95 euro).<\/p>\n\t<div id=\"gap-1928530202\" class=\"gap-element clearfix\" style=\"display:block; height:auto;\">\n\t\t\n<style>\n#gap-1928530202 {\n  padding-top: 30px;\n}\n<\/style>\n\t<\/div>\n\t\n<div class=\"is-divider divider clearfix\" style=\"max-width:100%;height:1px;\"><\/div>\n<p>Soggetto a errori di stampa e di battitura. Stato: 01.01.2025<\/p>\n\t\t<\/div>\n\t\t\t\t\t<\/div>\n\n\t\n<\/div>","protected":false},"excerpt":{"rendered":"","protected":false},"author":2,"featured_media":0,"parent":0,"menu_order":0,"comment_status":"closed","ping_status":"closed","template":"page-transparent-header.php","meta":{"inline_featured_image":false,"footnotes":""},"class_list":["post-10619","page","type-page","status-publish","hentry"],"_links":{"self":[{"href":"https:\/\/ddoptics.shop\/it\/wp-json\/wp\/v2\/pages\/10619","targetHints":{"allow":["GET"]}}],"collection":[{"href":"https:\/\/ddoptics.shop\/it\/wp-json\/wp\/v2\/pages"}],"about":[{"href":"https:\/\/ddoptics.shop\/it\/wp-json\/wp\/v2\/types\/page"}],"author":[{"embeddable":true,"href":"https:\/\/ddoptics.shop\/it\/wp-json\/wp\/v2\/users\/2"}],"replies":[{"embeddable":true,"href":"https:\/\/ddoptics.shop\/it\/wp-json\/wp\/v2\/comments?post=10619"}],"version-history":[{"count":12,"href":"https:\/\/ddoptics.shop\/it\/wp-json\/wp\/v2\/pages\/10619\/revisions"}],"predecessor-version":[{"id":29416,"href":"https:\/\/ddoptics.shop\/it\/wp-json\/wp\/v2\/pages\/10619\/revisions\/29416"}],"wp:attachment":[{"href":"https:\/\/ddoptics.shop\/it\/wp-json\/wp\/v2\/media?parent=10619"}],"curies":[{"name":"wp","href":"https:\/\/api.w.org\/{rel}","templated":true}]}}