{"id":10698,"date":"2017-03-08T00:02:51","date_gmt":"2017-03-07T23:02:51","guid":{"rendered":"https:\/\/beta.optik-sport-shop.at\/?page_id=10698"},"modified":"2026-04-13T20:48:05","modified_gmt":"2026-04-13T18:48:05","slug":"rete-di-negozi","status":"publish","type":"page","link":"https:\/\/ddoptics.shop\/it\/shop-netzwerk\/","title":{"rendered":"Partenariati in rete"},"content":{"rendered":"<p>Collaboriamo attivamente con i partner del negozio per rendere il nostro messaggio di \u201csalute olistica\u201d accessibile al maggior numero possibile di persone, insieme all'acquisto dei prodotti preferiti. Il nostro obiettivo finale \u00e8 ripristinare e proteggere la salute attraverso una vita e un sonno privi di radiazioni, integrati da prodotti preziosi ed efficaci.<\/p>\n<p><strong>Siamo orgogliosi di collaborare con ciascuno dei seguenti partner attraverso i loro negozi online. \u00c8 d'obbligo un CLICK AHEAD!<\/strong><\/p>\n\n\t<div id=\"col-207333735\" class=\"col medium-1\/1 large-12\"  data-animate=\"fadeInDown\">\n\t\t\t\t<div class=\"col-inner\"  >\n\t\t\t\n\t\t\t\n<div class=\"container section-title-container\" ><h3 class=\"section-title section-title-bold\"><b aria-hidden=\"true\"><\/b><span class=\"section-title-main\" >Formaggeria Alpen Sepp<\/span><b aria-hidden=\"true\"><\/b><\/h3><\/div>\n<p><img decoding=\"async\" class=\"alignright wp-image-8067\" src=\"https:\/\/pronatur24.shop\/wp-content\/uploads\/2014\/12\/alpensepp_logo_300.png\" alt=\"Logo Alpen Sepp\" width=\"250\" height=\"103\" title=\"\"><\/p>\n<p>Siamo attivamente coinvolti nello sviluppo del negozio del progetto agricolo \u201cAlpen Sepp\u201d. Alpen Sepp \u00e8 sinonimo di prodotti pregiati provenienti dalla regione del Bregenzerwald nel Vorarlberg, in Austria. Per la prima volta, il cliente finale pu\u00f2 acquistare i migliori formaggi alpini direttamente dalla cantina del caseificio alpino con oltre 300 allevatori. Il puro piacere culinario \u00e8 garantito! Naturalmente, anche le informazioni sui formaggi sono \u201ca bordo\u201d.<\/p>\n<p>Alcuni agricoltori dispongono di camere per le vacanze e offrono quindi una \u201cvacanza in fattoria\u201d. Il divertimento con tutti gli animali della fattoria \u00e8 garantito, ma l'obiettivo \u00e8 anche quello di dare uno sguardo alla vita quotidiana del contadino. Anche le gustose ricette con il formaggio di malga del fornaio sono tutte da scoprire. Il progetto della fattoria \u201cAlpen Sepp K\u00e4seshop\u201d \u00e8 completato da informazioni turistiche sulla regione e da itinerari escursionistici unici nella Bregenzerwald.<\/p>\n<p><a title=\"Al negozio di formaggi Alpen Sepp\" href=\"http:\/\/alpensepp.com\/?partner=d3d9446802a44259755d38e6d163e820\" target=\"_blank\" rel=\"noopener\">\u00bb Direttamente al negozio di formaggi Alpen Sepp<\/a><\/p>\n\t\n    <div class=\"row\">\n    <div class=\"large-12 col\">\n      <h3 class=\"section-title\"><span>Estratto di formaggio di Alpen Sepp<\/span><\/h3>\n    <\/div>\n  <\/div>\n  \n    <div class=\"row large-columns-4 medium-columns-3 small-columns-2 row-small slider row-slider slider-nav-reveal slider-nav-push\"  data-flickity-options='{&quot;imagesLoaded&quot;: true, &quot;groupCells&quot;: &quot;100%&quot;, &quot;dragThreshold&quot; : 5, &quot;cellAlign&quot;: &quot;left&quot;,&quot;wrapAround&quot;: true,&quot;prevNextButtons&quot;: true,&quot;percentPosition&quot;: true,&quot;pageDots&quot;: false, &quot;rightToLeft&quot;: false, &quot;autoPlay&quot; : false}' >\n\n  <\/div>\n\t\t<\/div>\n\t\t\t\t\t<\/div>\n\n\t\n\n\t<div id=\"col-1071852523\" class=\"col medium-1\/1 large-12\"  data-animate=\"fadeInDown\">\n\t\t\t\t<div class=\"col-inner\"  >\n\t\t\t\n\t\t\t\n<div class=\"container section-title-container\" ><h3 class=\"section-title section-title-bold\"><b aria-hidden=\"true\"><\/b><span class=\"section-title-main\" >Negozio di ottica sportiva<\/span><b aria-hidden=\"true\"><\/b><\/h3><\/div>\n<p><img decoding=\"async\" class=\"alignright wp-image-13394\" src=\"https:\/\/pronatur24.shop\/wp-content\/uploads\/2015\/01\/optik-sport-shop-logo-300.png\" alt=\"Logo del negozio Optik Sport\" width=\"250\" height=\"58\" title=\"\"><\/p>\n<p>Der Optik-Sport-Shop ist der Profi f\u00fcrs Auge. Nein, kein Optiker!<\/p>\n<p>L'Optik-Sport-Shop vuole restituire alle persone un occhio di riguardo per la natura e il mondo animale. Nella nostra vita frenetica di tutti i giorni, troppo spesso dimentichiamo che, per poter vivere, dobbiamo vivere in armonia con la natura. Troppo spesso accade che il nostro ambiente debba sostenere i costi del nostro comfort e del nostro lusso, e molte persone non si rendono pi\u00f9 conto di questa dipendenza e simbiosi.<\/p>\n<p>L'Optik-Sport-Shop desidera trasmettere un sentimento per la natura e gli animali attraverso la vostra vista e toccare cos\u00ec il vostro cuore. Scoprite con i vostri occhi la bellezza della natura e la biodiversit\u00e0 del mondo animale. Riconnettetevi con la natura attraverso i vostri occhi: momenti incredibili vi aspettano per essere scoperti. Optik-Sport-Shop... i vostri occhi faranno gli occhi.<\/p>\n<p><a title=\"Al negozio Optik-Sport\" href=\"http:\/\/ddoptics.shop\/it\/\" target=\"_blank\" rel=\"noopener\">\u00bb Direttamente all'Optik-Sport-Shop<\/a><\/p>\n\t\t<\/div>\n\t\t\t\t\t<\/div>\n\n\t\n\n\t<div id=\"col-1670998853\" class=\"col medium-1\/1 large-12\"  data-animate=\"fadeInDown\">\n\t\t\t\t<div class=\"col-inner\"  >\n\t\t\t\n\t\t\t\n<div class=\"container section-title-container\" ><h3 class=\"section-title section-title-bold\"><b aria-hidden=\"true\"><\/b><span class=\"section-title-main\" >Pratica LebensPuls<\/span><b aria-hidden=\"true\"><\/b><\/h3><\/div>\n<p><img decoding=\"async\" class=\"alignright wp-image-13395\" src=\"https:\/\/pronatur24.shop\/wp-content\/uploads\/2015\/01\/praxis-lebenspuls-logo_300.png\" alt=\"Logo NaturPraxis LebenPuls\" width=\"250\" height=\"109\" title=\"\"><\/p>\n<p>Andrea Mussmann dello studio LebenPuls si descriverebbe cos\u00ec: \u201c<em>Sono una mediatrice per persone e animali. La salute degli amici a due zampe \u00e8 molto importante per me, ma il mio cuore batte soprattutto per i nostri compagni a quattro zampe, i nostri animali domestici. Condividono la loro vita con noi e sono un membro importante della famiglia. Vi aiuto a capire il vostro animale e a mantenere la sua salute e la vostra.<\/em>\u201d<\/p>\n<p>Lo studio LebensPuls lavora a livello energetico con la kinesiologia, i fiori di Bach, le erbe, gli oli aromatici e le pietre curative e pu\u00f2 ora presentare risultati impressionanti. Nel 2014 lo studio ha lanciato un negozio online con prodotti per la cura degli animali e degli esseri umani a base di aloe vera. Inoltre, non offre solo cibo speciale per cani e gatti. Con il marchio di alimenti per animali domestici defu, tutto \u00e8 curato nei minimi dettagli. Si inizia con l'allevamento di animali da fattoria adatti alle diverse specie: dite CIAO alla qualit\u00e0 Demeter per il vostro animale domestico. Demeter, perch\u00e9 il biologico dice semplicemente troppo sull'origine.<\/p>\n<p><a title=\"Allo studio LebensPuls\" href=\"http:\/\/lebenspuls.com\" target=\"_blank\" rel=\"noopener\">\u00bb Direttamente allo studio LebensPuls<\/a><\/p>\n\t\n    <div class=\"row\">\n    <div class=\"large-12 col\">\n      <h3 class=\"section-title\"><span>Estratto di cibo per animali domestici dello studio LebensPuls<\/span><\/h3>\n    <\/div>\n  <\/div>\n  \n    <div class=\"row large-columns-4 medium-columns-3 small-columns-2 row-small slider row-slider slider-nav-reveal slider-nav-push\"  data-flickity-options='{&quot;imagesLoaded&quot;: true, &quot;groupCells&quot;: &quot;100%&quot;, &quot;dragThreshold&quot; : 5, &quot;cellAlign&quot;: &quot;left&quot;,&quot;wrapAround&quot;: true,&quot;prevNextButtons&quot;: true,&quot;percentPosition&quot;: true,&quot;pageDots&quot;: false, &quot;rightToLeft&quot;: false, &quot;autoPlay&quot; : false}' >\n\n  <\/div>\n\t\t<\/div>\n\t\t\t\t\t<\/div>\n\n\t\n\n\t<div id=\"col-396135164\" class=\"col medium-1\/1 large-12\"  data-animate=\"fadeInDown\">\n\t\t\t\t<div class=\"col-inner\"  >\n\t\t\t\n\t\t\t\n<div class=\"container section-title-container\" ><h3 class=\"section-title section-title-bold\"><b aria-hidden=\"true\"><\/b><span class=\"section-title-main\" >1000 vasi<\/span><b aria-hidden=\"true\"><\/b><\/h3><\/div>\n<p><img decoding=\"async\" class=\"alignright wp-image-13396\" src=\"https:\/\/pronatur24.shop\/wp-content\/uploads\/2015\/01\/1000vasen-logo_300.png\" alt=\"Logo 1000 vasi\" width=\"250\" height=\"289\" title=\"\"><\/p>\n<p>In Zusammenarbeit mit Elmar Kalb, der Design Manufaktur in Dornbirn (AT), entstand die Idee zur einfachen Raumversch\u00f6nerung in der Wohnung oder im Haus. Der Mensch verbringt viel Zeit in den eigenen 4 W\u00e4nden und wir dachten uns, ein Spiel von Glas und Farbe bringt Form und Leben ins eigene LEBEN.<\/p>\n<p>L'idea dei \u201c1000 vasi\u201d non ha ancora un negozio online, ma lo showroom di Dornbirn \u00e8 un vero e proprio colpo d'occhio!<\/p>\n<p>1000 vasi... semplicemente pi\u00f9 belli da vivere!<\/p>\n<p><a title=\"Direttamente a 1000Vasi\" href=\"http:\/\/1000vasen.com\" target=\"_blank\" rel=\"noopener\">\u00bb Direttamente a 1000 vasi<\/a><\/p>\n\t\t<\/div>\n\t\t\t\t\t<\/div>\n\n\t\n<p>&nbsp;<\/p>","protected":false},"excerpt":{"rendered":"<p>Wir arbeiten aktiv mit Shop-Partnern zusammen um unsere Botschaft f\u00fcr die &#8220;ganzheitliche Gesundheit&#8221; m\u00f6glichst vielen Menschen zug\u00e4nglich zu machen, begleitend zum Einkauf liebgewonnener Produkte. Gesundheit wiederzufinden und zu sch\u00fctzen durch strahlenfrei wohnen und schlafen, erg\u00e4nzt mit wertvollen und wirksamen Produkten ist unser hohes Ziel. Wir sind stolz mit jedem der nachfolgenden Partner \u00fcber deren Onlineshops [&#8230;]\n","protected":false},"author":3,"featured_media":0,"parent":0,"menu_order":0,"comment_status":"closed","ping_status":"closed","template":"page-left-sidebar.php","meta":{"inline_featured_image":false,"footnotes":""},"class_list":["post-10698","page","type-page","status-publish","hentry"],"_links":{"self":[{"href":"https:\/\/ddoptics.shop\/it\/wp-json\/wp\/v2\/pages\/10698","targetHints":{"allow":["GET"]}}],"collection":[{"href":"https:\/\/ddoptics.shop\/it\/wp-json\/wp\/v2\/pages"}],"about":[{"href":"https:\/\/ddoptics.shop\/it\/wp-json\/wp\/v2\/types\/page"}],"author":[{"embeddable":true,"href":"https:\/\/ddoptics.shop\/it\/wp-json\/wp\/v2\/users\/3"}],"replies":[{"embeddable":true,"href":"https:\/\/ddoptics.shop\/it\/wp-json\/wp\/v2\/comments?post=10698"}],"version-history":[{"count":0,"href":"https:\/\/ddoptics.shop\/it\/wp-json\/wp\/v2\/pages\/10698\/revisions"}],"wp:attachment":[{"href":"https:\/\/ddoptics.shop\/it\/wp-json\/wp\/v2\/media?parent=10698"}],"curies":[{"name":"wp","href":"https:\/\/api.w.org\/{rel}","templated":true}]}}