{"id":14703,"date":"2019-06-04T12:08:31","date_gmt":"2019-06-04T10:08:31","guid":{"rendered":"https:\/\/ddoptics.shop\/?page_id=14703"},"modified":"2020-08-16T12:50:20","modified_gmt":"2020-08-16T10:50:20","slug":"cannocchiale-da-caccia-per-la-caccia-alla-pelle","status":"publish","type":"page","link":"https:\/\/ddoptics.shop\/it\/zielfernrohr-jagd-fuer-ansitzjagd\/","title":{"rendered":"Zielfernrohr f\u00fcr die Jagd &#8211; speziell Ansitzjagd"},"content":{"rendered":"<h1 class=\"page-title category-title\">Raccomandazione: Cannocchiale da puntamento ideale per la caccia - soprattutto per la caccia alla pelle<\/h1>\n<div class=\"category-description std\">\n<div class=\"category-description std\">\n<p>Molti produttori suddividono i vari <strong>Linee d'ambito<\/strong> fondamentalmente in un <strong>Favorevole e di classe superiore il mirino ottico<\/strong>. Questa distinzione non \u00e8 mai stata fatta in DDoptics.<\/p>\n<p>Ci\u00f2 significa che un <strong>billiges Glas f\u00fcr den nicht so finanzkr\u00e4ftigen Kunden<\/strong> e il <strong>costoso per il cliente finanziariamente forte<\/strong>. In senso pi\u00f9 ampio, questo porta a <strong>La prospettiva della gestione del marchio in una sorta di \u201ccostrizione al club\u201d.\u201d<\/strong> e molti risparmiano per un prodotto di qualit\u00e0 superiore e devono fare sacrifici su altre questioni molto importanti come il <strong>Risparmiare sull'assemblaggio ZF<\/strong> (un grosso errore).<\/p>\n<blockquote><p><strong><img decoding=\"async\" class=\"alignright wp-image-11210\" src=\"https:\/\/ddoptics.shop\/wp-content\/uploads\/2016\/09\/DDoptics-Logo.jpg\" alt=\"Logo DDoptics\" width=\"300\" height=\"200\" title=\"\" srcset=\"https:\/\/ddoptics.shop\/wp-content\/uploads\/2016\/09\/DDoptics-Logo.jpg 600w, https:\/\/ddoptics.shop\/wp-content\/uploads\/2016\/09\/DDoptics-Logo-304x203.jpg 304w, https:\/\/ddoptics.shop\/wp-content\/uploads\/2016\/09\/DDoptics-Logo-305x203.jpg 305w, https:\/\/ddoptics.shop\/wp-content\/uploads\/2016\/09\/DDoptics-Logo-510x340.jpg 510w, https:\/\/ddoptics.shop\/wp-content\/uploads\/2016\/09\/DDoptics-Logo-250x167.jpg 250w\" sizes=\"(max-width: 300px) 100vw, 300px\" \/>Cosa ci piace in particolare di DDoptics:<\/strong><\/p>\n<ul style=\"list-style-type: circle;\">\n<li>In DDoptics, l'ulteriore sviluppo dei singoli prodotti ZF continua con un incremento generazionale. Il cliente riceve sempre il miglior ZF in base all'attuale stato di sviluppo.<\/li>\n<li>Il miglior rapporto prezzo\/prestazioni si ottiene con quantit\u00e0 ragionevoli e senza costose pubblicit\u00e0 sui media tradizionali.<\/li>\n<\/ul>\n<\/blockquote>\n<p>Risultato: ogni cliente riceve un <strong>Cannocchiale da puntamento di qualit\u00e0 DDoptics con il massimo delle funzioni<\/strong> come.<\/p>\n<ul>\n<li>I cannocchiali da puntamento sono a zoom variabile 4x o 6x<\/li>\n<li>Absehen in der 2ten Bildebene<\/li>\n<li>H\u00f6chstm\u00f6gliche Verg\u00fctungen und Lichttransmissionen \u00fcber 95%<\/li>\n<li>La regolazione della parallasse \u00e8 standard<\/li>\n<li>Leuchtpunkt ist Standard<\/li>\n<li>Da Gen 3 - Zerostop per ASV<\/li>\n<\/ul>\n<h2>Che cosa rende generalmente un buon cannocchiale da puntamento per la caccia alla pelle?<\/h2>\n<ul>\n<li>Die Zielfernrohr Linsen:<br \/>\n&#8211; Die Qualit\u00e4t der Verg\u00fctung (=Antireflexbeschichtung) und der Gl\u00e4ser<br \/>\n&#8211; Die Lichttransmission (=Helligkeit im Sichtfeld) zwischen 95 und 97%<br \/>\n&#8211; Die Randsch\u00e4rfe (=Bild am Rand des Sichtfelds)<br \/>\n&#8211; Die M\u00f6glichkeit, die Sch\u00e4rfe der Gl\u00e4ser anzupassen (Parallaxe Verstellung)<\/li>\n<li>Il reticolo del cannocchiale:<br \/>\n&#8211; Mit und ohne Beleuchtung (hilft bei D\u00e4mmerung)<\/li>\n<li>La regolazione del campo di applicazione:<br \/>\n- Regolazione sinistra-destra e in altezza non troppo brusca<br \/>\n- La ripetibilit\u00e0 deve essere garantita<br \/>\n- Robustezza contro urti e colpi<br \/>\n- Facile e veloce<\/li>\n<\/ul>\n<h3>Il cannocchiale ideale per la caccia alla pelle<\/h3>\n<p>Gamba del <a href=\"https:\/\/de.wikipedia.org\/wiki\/Ansitzjagd\" target=\"_blank\" rel=\"noopener noreferrer\"><strong>Caccia al cavalletto<\/strong> <\/a>gioca certamente un ruolo importante in cui <strong>Terreno di caccia<\/strong> non c'\u00e8 pi\u00f9. Posso andare a <strong>\u00e8 vicino al nascondiglio o \u00e8 un'ora di cammino?<\/strong> avanti - eventualmente con passaggi ripidi. In un terreno pianeggiante, con un buon accesso e con il <strong>Specie di selvaggina Gioco del cinghiale Peso e dimensioni<\/strong> non gioca un ruolo importante. Lo ZF dovrebbe essere versatile in questo caso, un\u00a0<strong>Ampio campo visivo<\/strong> e nel<strong> Il crepuscolo la sua forza<\/strong> dimostrarlo. A<strong> Obiettivo da 56 mm<\/strong> und gr\u00f6sser ist hier sicher die richtige Wahl. Eine Variable Vergr\u00f6sserung ist sicher auch zu empfehlen, da Sch\u00fcsse auf nahe und ferne Distanzen zu erwarten sind. Sobald aber l\u00e4ngere Fu\u00dfm\u00e4rsche ein Thema sind, sollte aufgrund des Gewichtes auf nicht mehr als 50 mm Objektiv zur\u00fcckgegriffen werden.<\/p>\n<p>Per quanto riguarda il peso, tutti i produttori si affidano ormai a <strong>Materiali leggeri<\/strong> a cui si \u00e8 fatto ricorso. I tempi dei pesanti alloggiamenti in acciaio ecc. sono finiti. Solo i grandi obiettivi in vetro aumentano il peso e le dimensioni, il che ci riporta all'argomento.<\/p>\n<blockquote><p>Quando si caccia da una pelle <a href=\"https:\/\/ddoptics.shop\/it\/negozio\/mirino-telescopico-2\/diametro-obiettivo-del-cannocchiale-2\/diametro-obiettivo-56-mm\/\" target=\"_blank\" rel=\"noopener noreferrer\">In genere si consigliano lenti da 56.<\/a> Le elevate prestazioni crepuscolari e l'ampio campo visivo offrono numerosi vantaggi.<\/p><\/blockquote>\n<p>Con il <strong>\u00c8 consigliabile cacciare da una pelle,\u00a0<\/strong>ein variables Zielfernrohr mit mind. 50\u00a0mm Objektivdurchmesser zu w\u00e4hlen. Der Zoomfaktor bleibt den pers\u00f6nlichen Vorlieben \u00fcberlassen. Dem einen J\u00e4ger reicht ein 1-4 fach. Ein anderer J\u00e4ger will bis zur 6x Vergr\u00f6sserung (5-30 &#8211; fach) gehen um den Anwendungsbereich zu erh\u00f6hen.<\/p>\n<p><strong>ZF Vergleich und Eignung nach Objektivdurchmesser<\/strong><\/p>\n<table style=\"width: 835px;\">\n<tbody>\n<tr>\n<td style=\"width: 113px;\"><strong>Intensit\u00e0 luminosa<\/strong><\/td>\n<td style=\"width: 176.778px;\"><strong>Diametro della lente<\/strong><\/td>\n<td style=\"width: 527.222px;\"><strong>Utilizzo<\/strong><\/td>\n<\/tr>\n<tr>\n<td style=\"width: 113px;\">basso<\/td>\n<td style=\"width: 176.778px;\">25 mm<\/td>\n<td style=\"width: 527.222px;\">ZF per la caccia guidata<\/td>\n<\/tr>\n<tr>\n<td style=\"width: 113px;\">Medio-alto<\/td>\n<td style=\"width: 176.778px;\">42 mm, 50 mm<\/td>\n<td style=\"width: 527.222px;\">ZF a tutto tondo Ideale fino al (tardo) crepuscolo, caccia da appostamento, caccia in montagna<\/td>\n<\/tr>\n<tr>\n<td style=\"width: 113px;\">Molto alto<\/td>\n<td style=\"width: 176.778px;\">56 mm, 60 mm<\/td>\n<td style=\"width: 527.222px;\">Occhiali notturni pi\u00f9 pesanti per la caccia alla pelle<\/td>\n<\/tr>\n<\/tbody>\n<\/table>\n<p><strong>Confronto tra ZV e idoneit\u00e0 dopo l'allargamento<\/strong><\/p>\n<table>\n<tbody>\n<tr>\n<td><strong>Allargamento:<\/strong><\/td>\n<td><strong>piccolo<\/strong><\/td>\n<\/tr>\n<tr>\n<td>1-6x<\/td>\n<td>Ideale per la caccia da appostamento e la caccia guidata - tiri a breve distanza<\/td>\n<\/tr>\n<tr>\n<td><strong>Ingrandimento<\/strong><\/td>\n<td><strong>medio<\/strong><\/td>\n<\/tr>\n<tr>\n<td>\u00a0fino a 15x<\/td>\n<td>Ideale per molte applicazioni venatorie, come la caccia alla pelle, la caccia da appostamento e la caccia in montagna.<\/td>\n<\/tr>\n<tr>\n<td><strong>Ingrandimento<\/strong><\/td>\n<td><strong>alto<\/strong><\/td>\n<\/tr>\n<tr>\n<td>\u00a0fino a 30x<\/td>\n<td>\u00a0Cannocchiale da puntamento per lo sport e i tiri a lunga distanza in montagna, in sostituzione di un cannocchiale da osservazione<\/td>\n<\/tr>\n<\/tbody>\n<\/table>\n<\/div>\n<\/div>","protected":false},"excerpt":{"rendered":"<p>Empfehlung: Ideales Zielfernrohr f\u00fcr die Jagd &#8211; speziell Ansitzjagd Viele Hersteller unterteilen bei den verschiedene Zielfernrohr-Linien grunds\u00e4tzlich in eine G\u00fcnstige und eine Premium Klasse bei Zieloptiken. Diese Unterscheidung wurde und wird bei DDoptics nie gemacht. Das bedeutet n\u00e4mlich, ein billiges Glas f\u00fcr den nicht so finanzkr\u00e4ftigen Kunden und das teure f\u00fcr den finanzkr\u00e4ftigen Kunden. Im [&#8230;]\n","protected":false},"author":2,"featured_media":0,"parent":0,"menu_order":0,"comment_status":"closed","ping_status":"closed","template":"","meta":{"inline_featured_image":false,"footnotes":""},"class_list":["post-14703","page","type-page","status-publish","hentry"],"_links":{"self":[{"href":"https:\/\/ddoptics.shop\/it\/wp-json\/wp\/v2\/pages\/14703","targetHints":{"allow":["GET"]}}],"collection":[{"href":"https:\/\/ddoptics.shop\/it\/wp-json\/wp\/v2\/pages"}],"about":[{"href":"https:\/\/ddoptics.shop\/it\/wp-json\/wp\/v2\/types\/page"}],"author":[{"embeddable":true,"href":"https:\/\/ddoptics.shop\/it\/wp-json\/wp\/v2\/users\/2"}],"replies":[{"embeddable":true,"href":"https:\/\/ddoptics.shop\/it\/wp-json\/wp\/v2\/comments?post=14703"}],"version-history":[{"count":1,"href":"https:\/\/ddoptics.shop\/it\/wp-json\/wp\/v2\/pages\/14703\/revisions"}],"predecessor-version":[{"id":23287,"href":"https:\/\/ddoptics.shop\/it\/wp-json\/wp\/v2\/pages\/14703\/revisions\/23287"}],"wp:attachment":[{"href":"https:\/\/ddoptics.shop\/it\/wp-json\/wp\/v2\/media?parent=14703"}],"curies":[{"name":"wp","href":"https:\/\/api.w.org\/{rel}","templated":true}]}}