{"id":14708,"date":"2019-06-04T12:39:41","date_gmt":"2019-06-04T10:39:41","guid":{"rendered":"https:\/\/ddoptics.shop\/?page_id=14708"},"modified":"2020-08-16T13:09:48","modified_gmt":"2020-08-16T11:09:48","slug":"cannocchiale-da-puntamento-per-lallenamento-e-la-competizione-sportiva","status":"publish","type":"page","link":"https:\/\/ddoptics.shop\/it\/zielfernrohr-sport-training-und-wettkampf\/","title":{"rendered":"Zielfernrohr f\u00fcr Schie\u00dfsport &#8211; Training und Wettkampf"},"content":{"rendered":"<h1 class=\"page-title category-title\">Raccomandazione: Cannocchiale ideale per il tiro sportivo, in particolare per l'allenamento, le competizioni e il tiro a lunga distanza.<\/h1>\n<div class=\"category-description std\">\n<div class=\"category-description std\">\n<p>Molti produttori suddividono i vari <strong>Linee d'ambito<\/strong> fondamentalmente in un <strong>Favorevole e di classe superiore<\/strong>. Questa distinzione non \u00e8 mai stata fatta in DDoptics.<\/p>\n<p>Ci\u00f2 significa che un <strong>billiges Glas f\u00fcr den nicht so finanzkr\u00e4ftigen Kunden<\/strong> e il <strong>costoso per il cliente finanziariamente forte<\/strong>. In senso pi\u00f9 ampio, questo porta a <strong>La prospettiva della gestione del marchio in una sorta di \u201ccostrizione al club\u201d.\u201d<\/strong> e molti risparmiano per un prodotto di qualit\u00e0 superiore e devono fare sacrifici su altre questioni molto importanti come il <strong>Risparmiare sull'assemblaggio ZF<\/strong> (un grosso errore).<\/p>\n<blockquote><p><strong><img decoding=\"async\" class=\"alignright wp-image-11210\" src=\"https:\/\/ddoptics.shop\/wp-content\/uploads\/2016\/09\/DDoptics-Logo.jpg\" alt=\"Logo DDoptics\" width=\"300\" height=\"200\" title=\"\" srcset=\"https:\/\/ddoptics.shop\/wp-content\/uploads\/2016\/09\/DDoptics-Logo.jpg 600w, https:\/\/ddoptics.shop\/wp-content\/uploads\/2016\/09\/DDoptics-Logo-304x203.jpg 304w, https:\/\/ddoptics.shop\/wp-content\/uploads\/2016\/09\/DDoptics-Logo-305x203.jpg 305w, https:\/\/ddoptics.shop\/wp-content\/uploads\/2016\/09\/DDoptics-Logo-510x340.jpg 510w, https:\/\/ddoptics.shop\/wp-content\/uploads\/2016\/09\/DDoptics-Logo-250x167.jpg 250w\" sizes=\"(max-width: 300px) 100vw, 300px\" \/>Cosa ci piace di DDoptics:<\/strong><\/p>\n<ul style=\"list-style-type: circle;\">\n<li>In DDoptics, l'ulteriore sviluppo dei singoli prodotti ZF procede con un incremento generazionale. Il <strong>Il cliente riceve sempre il miglior ZF in base all'attuale stato di sviluppo.<\/strong><\/li>\n<li>Il miglior rapporto prezzo\/prestazioni si ottiene con quantit\u00e0 ragionevoli e senza costose pubblicit\u00e0 sui media tradizionali.<\/li>\n<\/ul>\n<\/blockquote>\n<p>Risultato: ogni cliente riceve un cannocchiale da puntamento di qualit\u00e0 DDoptics con le massime caratteristiche, come ad esempio.<\/p>\n<ul>\n<li>I cannocchiali da puntamento sono a zoom variabile 4x o 6x<\/li>\n<li>Absehen in der 2ten Bildebene<\/li>\n<li>H\u00f6chstm\u00f6gliche Verg\u00fctungen und Lichttransmissionen \u00fcber 95%<\/li>\n<li>La regolazione della parallasse \u00e8 standard<\/li>\n<li>Leuchtpunkt ist Standard<\/li>\n<li>Da Gen 3 - Zerostop per ASV<\/li>\n<\/ul>\n<h3>Cosa rende generalmente un buon <a href=\"https:\/\/de.wikipedia.org\/wiki\/Sportschie%C3%9Fen\" target=\"_blank\" rel=\"noopener noreferrer\">Mirino telescopico per il tiro sportivo<\/a> fuori?<\/h3>\n<ul>\n<li>Die Zielfernrohr Linsen:<br \/>\n&#8211; Die Qualit\u00e4t der Verg\u00fctung (=Antireflexbeschichtung) und der Gl\u00e4ser<br \/>\n&#8211; Die Lichttransmission (=Helligkeit im Sichtfeld) zwischen 95 und 97%<br \/>\n&#8211; Die Randsch\u00e4rfe (=Bild am Rand des Sichtfelds)<br \/>\n&#8211; Die M\u00f6glichkeit, die Sch\u00e4rfe der Gl\u00e4ser anzupassen (Parallaxe Verstellung)<\/li>\n<li>Il reticolo del cannocchiale:<br \/>\n&#8211; Mit und ohne Beleuchtung (hilft bei D\u00e4mmerung)<\/li>\n<li>La regolazione del campo di applicazione:<br \/>\n- Regolazione sinistra-destra e in altezza non troppo brusca<br \/>\n- La ripetibilit\u00e0 deve essere garantita<br \/>\n- Robustezza contro urti e colpi<br \/>\n- Facile e veloce<\/li>\n<\/ul>\n<h3>Il cannocchiale ideale per il <a href=\"https:\/\/ddoptics.shop\/it\/cannocchiali-da-puntamento-per-il-tiro-sportivo-e-le-competizioni\/\" target=\"_blank\" rel=\"noopener noreferrer\">tiro sportivo<\/a><\/h3>\n<p>Questa categoria si occupa principalmente della <strong>l'uso del mirino telescopico e il rapporto di prezzo con il fucile<\/strong>. Probabilmente non ha senso montare un mirino da 1000 euro su un fucile KK (22lr) da 300 euro.<\/p>\n<p>Per le armi lunghe di alta precisione nel<strong> Calibro di precisione 338 Lapua o 308 Win<\/strong> quando \u00e8 ampio <strong>Colpi fino a 1000 m, ad esempio<\/strong> gefordert sind sieht die Sache ein wenig anders aus. Hier wird dann eine 5-30 variable Vergr\u00f6sserung eher passend sein. F\u00fcr das<strong> tiro dinamico IPSC<\/strong> wird eine Zieloptik mit 25 oder 42 mm Objektiv und grossem Sehfeld zur raschen Zielerfassung das beste sein.<\/p>\n<blockquote><p>Nel tiro sportivo, \u00e8 la disciplina sportiva a decidere l'ottica giusta per il bersaglio.<\/p><\/blockquote>\n<p><strong>ZF Vergleich und Eignung nach Objektivdurchmesser<\/strong><\/p>\n<table style=\"width: 835px;\">\n<tbody>\n<tr>\n<td style=\"width: 113px;\"><strong>Intensit\u00e0 luminosa<\/strong><\/td>\n<td style=\"width: 176.778px;\"><strong>Diametro della lente<\/strong><\/td>\n<td style=\"width: 527.222px;\"><strong>Utilizzo<\/strong><\/td>\n<\/tr>\n<tr>\n<td style=\"width: 113px;\">basso<\/td>\n<td style=\"width: 176.778px;\">25 mm<\/td>\n<td style=\"width: 527.222px;\">ZF per la caccia guidata<\/td>\n<\/tr>\n<tr>\n<td style=\"width: 113px;\">Medio-alto<\/td>\n<td style=\"width: 176.778px;\">42 mm, <a href=\"https:\/\/ddoptics.shop\/it\/negozio\/mirino-telescopico-2\/diametro-obiettivo-del-cannocchiale-2\/diametro-obiettivo-50-mm\/\" target=\"_blank\" rel=\"noopener noreferrer\">50 mm<\/a><\/td>\n<td style=\"width: 527.222px;\">ZF a tutto tondo Ideale fino al (tardo) crepuscolo, caccia da appostamento, caccia in montagna<\/td>\n<\/tr>\n<tr>\n<td style=\"width: 113px;\">Molto alto<\/td>\n<td style=\"width: 176.778px;\">56 mm, 60 mm<\/td>\n<td style=\"width: 527.222px;\">Occhiali notturni pi\u00f9 pesanti per la caccia alla pelle<\/td>\n<\/tr>\n<\/tbody>\n<\/table>\n<p><strong>Confronto tra ZV e idoneit\u00e0 dopo l'allargamento<\/strong><\/p>\n<table>\n<tbody>\n<tr>\n<td><strong>Allargamento:<\/strong><\/td>\n<td><strong>piccolo<\/strong><\/td>\n<\/tr>\n<tr>\n<td>1-6x<\/td>\n<td>Ideale per la caccia da appostamento e la caccia guidata - tiri a breve distanza<\/td>\n<\/tr>\n<tr>\n<td><strong>Ingrandimento<\/strong><\/td>\n<td><strong>medio<\/strong><\/td>\n<\/tr>\n<tr>\n<td>\u00a0fino a 15x<\/td>\n<td>Ideale per molte applicazioni venatorie, come la caccia alla pelle, la caccia da appostamento e la caccia in montagna.<\/td>\n<\/tr>\n<tr>\n<td><strong>Ingrandimento<\/strong><\/td>\n<td><strong>alto<\/strong><\/td>\n<\/tr>\n<tr>\n<td>\u00a0fino a 30x<\/td>\n<td>\u00a0Cannocchiale da puntamento per lo sport e i tiri a lunga distanza in montagna, in sostituzione di un cannocchiale da osservazione<\/td>\n<\/tr>\n<\/tbody>\n<\/table>\n<\/div>\n<\/div>","protected":false},"excerpt":{"rendered":"<p>Empfehlung: Ideales Zielfernrohr f\u00fcr Sportschie\u00dfen &#8211; speziell Training, Wettkampf und Long Range Schie\u00dfen Viele Hersteller unterteilen bei den verschiedene Zielfernrohr-Linien grunds\u00e4tzlich in eine G\u00fcnstige und eine Premium Klasse. Diese Unterscheidung wurde und wird bei DDoptics nie gemacht. Das bedeutet n\u00e4mlich, ein billiges Glas f\u00fcr den nicht so finanzkr\u00e4ftigen Kunden und das teure f\u00fcr den finanzkr\u00e4ftigen [&#8230;]\n","protected":false},"author":2,"featured_media":0,"parent":0,"menu_order":0,"comment_status":"closed","ping_status":"closed","template":"","meta":{"inline_featured_image":false,"footnotes":""},"class_list":["post-14708","page","type-page","status-publish","hentry"],"_links":{"self":[{"href":"https:\/\/ddoptics.shop\/it\/wp-json\/wp\/v2\/pages\/14708","targetHints":{"allow":["GET"]}}],"collection":[{"href":"https:\/\/ddoptics.shop\/it\/wp-json\/wp\/v2\/pages"}],"about":[{"href":"https:\/\/ddoptics.shop\/it\/wp-json\/wp\/v2\/types\/page"}],"author":[{"embeddable":true,"href":"https:\/\/ddoptics.shop\/it\/wp-json\/wp\/v2\/users\/2"}],"replies":[{"embeddable":true,"href":"https:\/\/ddoptics.shop\/it\/wp-json\/wp\/v2\/comments?post=14708"}],"version-history":[{"count":2,"href":"https:\/\/ddoptics.shop\/it\/wp-json\/wp\/v2\/pages\/14708\/revisions"}],"predecessor-version":[{"id":24814,"href":"https:\/\/ddoptics.shop\/it\/wp-json\/wp\/v2\/pages\/14708\/revisions\/24814"}],"wp:attachment":[{"href":"https:\/\/ddoptics.shop\/it\/wp-json\/wp\/v2\/media?parent=14708"}],"curies":[{"name":"wp","href":"https:\/\/api.w.org\/{rel}","templated":true}]}}