{"id":15087,"date":"2019-06-05T12:09:37","date_gmt":"2019-06-05T10:09:37","guid":{"rendered":"https:\/\/ddoptics.shop\/?page_id=15087"},"modified":"2019-06-06T11:18:59","modified_gmt":"2019-06-06T09:18:59","slug":"binocolo-binocolo-da-caccia-per-la-caccia-in-montagna","status":"publish","type":"page","link":"https:\/\/ddoptics.shop\/it\/fernglas-fernglaeser-jagd-fuer-ansitz-pirsch-gebirge\/","title":{"rendered":"Fernglas bzw. Ferngl\u00e4ser f\u00fcr die Jagd &#8211; Ansitz, Pirsch, Gebirge"},"content":{"rendered":"<div class=\"page-title category-title\">\n<h1>Raccomandazione: Un binocolo ideale per la caccia, in particolare per la caccia alla tana, la caccia da appostamento e la caccia in montagna.<\/h1>\n<p>Quando si va a caccia, il binocolo deve essere molto robusto.<\/p>\n<p><strong>Cacciatori e cacciatrici<\/strong> appartengono, insieme agli ornitologi, alla categoria dei <strong>i clienti pi\u00f9 esigenti in fatto di binocoli<\/strong>. A causa delle diverse esigenze venatorie, i binocoli per cacciatori devono essere innanzitutto particolarmente robusti.<\/p>\n<p>Osservato e <strong>La caccia si svolge sia in estate che in inverno<\/strong>. Le temperature e le condizioni meteorologiche possono essere molto sfavorevoli. Freddo, neve, pioggia e nebbia possono richiedere molto al binocolo. L'importante \u00e8 avere un binocolo di alta qualit\u00e0 che possa funzionare in tutte le condizioni ambientali.<\/p>\n<p>Sulla base di queste considerazioni, \u00e8 molto sensato optare per la qualit\u00e0 invece di scegliere un binocolo dal segmento di prezzo economico nel breve termine.<\/p>\n<h2>Il binocolo giusto dipende dal tipo di utilizzo del cacciatore<\/h2>\n<p>Se siete principalmente a caccia, dovreste recarvi a <strong>un modello con ingrandimento di circa 8x<\/strong> greifen. Ein grosser Vorteil bei diesen Ferngl\u00e4sern ist generell das grosse Sehfeld. Ist man dagegen mehr im Ansitz, ist eine h\u00f6here Vergr\u00f6\u00dferung wie z.B. ratsam. <strong>Gute Ferngl\u00e4ser haben bei 10-fach Vergr\u00f6sserung auch ein grosses Sehfeld von ca. 115 m auf 1000 m<\/strong>. Wenn man im Gebirge auf die Jagd geht, dann ist 10-fach auch eine ideale Wahl. Erfahrungsgem\u00e4ss ist bei 10-fach ein Mindestobjektivdurchmesser von 42 mm empfehlenswert, da durch die gr\u00f6sseren Linsen die Bauweise grosser wird und das Gewicht des Fernglases steigt. Durch das h\u00f6here Gewicht wiederum steigt die <strong>Inerzia della massa<\/strong> e si evita il \u201ctremolio\u201d (trasmissione attraverso la mano) del binocolo.<\/p>\n<h3><span style=\"color: #333333;\">Intensit\u00e0 della luce - un problema importante quando si caccia da seduti - caccia al crepuscolo<\/span><\/h3>\n<p>Se si usa il binocolo principalmente in <strong>D\u00e4mmerung oder im Morgengrauen<\/strong> einsetzen m\u00f6chte, sollte auf einen m\u00f6glichst hohen Objektivdurchmesser achten, damit auch bei schwachem Licht noch eine gute Sicht gew\u00e4hrleistet ist. Klassisch wird hier immer das 56 mm Objektiv mit 8-fach Vergr\u00f6sserung empfohlen. In den letzten Jahren haben sich aber die Glassorten derart zur Lichttransmission verbessert, dass auch <strong>Luminosit\u00e0 estrema 7\u00d742 e 8\u00d742<\/strong> vorweisen k\u00f6nnen. Das alleinige Verlassen auf die rechnerische D\u00e4mmerungszahl ist nicht mehr zul\u00e4ssig.<\/p>\n<p>\u00c8 importante sapere che l'estrema luminosit\u00e0 di solito va a scapito della resa cromatica. Per questo motivo, in genere, \u00e8 necessario raggiungere il massimo compromesso.<\/p>\n<blockquote><p>Come cacciatori, purtroppo dovete scendere a compromessi se desiderate un solo binocolo.<\/p><\/blockquote>\n<p>Come dimostrano le diverse applicazioni nella caccia, se volete acquistare un solo binocolo, dovrete sempre scendere a compromessi. Il modello ottimale per ogni tipo di caccia \u00e8 fondamentalmente diverso ed \u00e8 anche il motivo per cui molti cacciatori possiedono spesso 2-3 paia di binocoli.<\/p>\n<p>Un vantaggio con <strong>DDoptics \u00e8 che si possono acquistare almeno 2 binocoli al prezzo di un binocolo di una marca di prezzo elevato.<\/strong> senza dover scendere a compromessi.<\/p>\n<h3>Una combinazione ideale per la caccia offerta da DDoptics, per esempio<\/h3>\n<p><strong>8\u00d730 + 8\u00d756 o 10\u00d756 o un 8\u00d730 + 10\u00d742<\/strong><\/p>\n<\/div>\n<div class=\"category-description std\">\n<h3>Confronto generale tra binocoli e idoneit\u00e0 in base al diametro dell'obiettivo<\/h3>\n<table border=\"0\">\n<tbody>\n<tr>\n<td><strong>Intensit\u00e0 luminosa<\/strong><\/td>\n<td><strong>Lente<\/strong><\/td>\n<td><strong>Utilizzo<\/strong><\/td>\n<\/tr>\n<tr>\n<td>basso<\/td>\n<td>25 mm<\/td>\n<td>Binocolo tascabile leggero e di dimensioni ridotte Ideale per condizioni di luce normali<\/td>\n<\/tr>\n<tr>\n<td>medio<\/td>\n<td>30 mm, 32 mm<\/td>\n<td>Piccolo binocolo a tutto tondo Ideale fino al crepuscolo<\/td>\n<\/tr>\n<tr>\n<td>medio-alto<\/td>\n<td>42 mm, 45 mm<\/td>\n<td>Binocolo a tutto tondo Ideale fino al (tardo) crepuscolo<\/td>\n<\/tr>\n<tr>\n<td>alto<\/td>\n<td>50 mm, 56 mm, 60 mm<\/td>\n<td>Occhiali notturni pi\u00f9 pesanti per l'astronomia, per condizioni di scarsa luminosit\u00e0, di sera e di notte<\/td>\n<\/tr>\n<\/tbody>\n<\/table>\n<h3>Confronto tra binocoli e idoneit\u00e0 per ingrandimento<\/h3>\n<table border=\"0\">\n<tbody>\n<tr>\n<td><strong>Ingrandimento<\/strong><\/td>\n<td><strong>medio<\/strong><\/td>\n<\/tr>\n<tr>\n<td>\u00a07x, 8x, 8,5x, 10x, 10,5x<\/td>\n<td>\u00a0Binocolo per lo sport, l'osservazione della natura, l'astronomia, i viaggi, l'ornitologia, il safari, l'osservazione<br \/>\n<strong>Ambito generale di selezione:\u00a0<\/strong>Piccolo e maneggevole, a bassa intensit\u00e0 luminosa o ad alta intensit\u00e0 luminosa, con dimensioni e peso normali.<\/td>\n<\/tr>\n<tr>\n<td><strong>Ingrandimento<\/strong><\/td>\n<td><strong>alto<\/strong><\/td>\n<\/tr>\n<tr>\n<td>\u00a012x, 15x<\/td>\n<td>\u00a0Binocolo per birdwatching, osservazione della natura, safari, sicurezza, sorveglianza o protezione delle frontiere<\/td>\n<\/tr>\n<\/tbody>\n<\/table>\n<\/div>","protected":false},"excerpt":{"rendered":"<p>Empfehlung: Ideales Fernglas f\u00fcr die Jagd speziell Ansitz, Pirsch, Gebirge Auf der Jagd muss ein Fernglas vor allem eines, es muss sehr robust sein. J\u00e4ger und J\u00e4gerinnen geh\u00f6ren, neben den Ornithologen, zu den anspruchsvollsten Kunden f\u00fcr Ferngl\u00e4ser. Aufgrund der vielen unterschiedlichen, jagdlichen Anforderungen, m\u00fcssen Ferngl\u00e4ser f\u00fcr J\u00e4ger zuerst einmal ganz besonders robust gebaut sein. Beobachtet [&#8230;]\n","protected":false},"author":2,"featured_media":0,"parent":0,"menu_order":0,"comment_status":"closed","ping_status":"closed","template":"","meta":{"inline_featured_image":false,"footnotes":""},"class_list":["post-15087","page","type-page","status-publish","hentry"],"_links":{"self":[{"href":"https:\/\/ddoptics.shop\/it\/wp-json\/wp\/v2\/pages\/15087","targetHints":{"allow":["GET"]}}],"collection":[{"href":"https:\/\/ddoptics.shop\/it\/wp-json\/wp\/v2\/pages"}],"about":[{"href":"https:\/\/ddoptics.shop\/it\/wp-json\/wp\/v2\/types\/page"}],"author":[{"embeddable":true,"href":"https:\/\/ddoptics.shop\/it\/wp-json\/wp\/v2\/users\/2"}],"replies":[{"embeddable":true,"href":"https:\/\/ddoptics.shop\/it\/wp-json\/wp\/v2\/comments?post=15087"}],"version-history":[{"count":0,"href":"https:\/\/ddoptics.shop\/it\/wp-json\/wp\/v2\/pages\/15087\/revisions"}],"wp:attachment":[{"href":"https:\/\/ddoptics.shop\/it\/wp-json\/wp\/v2\/media?parent=15087"}],"curies":[{"name":"wp","href":"https:\/\/api.w.org\/{rel}","templated":true}]}}