{"id":15093,"date":"2019-06-05T17:37:45","date_gmt":"2019-06-05T15:37:45","guid":{"rendered":"https:\/\/ddoptics.shop\/?page_id=15093"},"modified":"2019-06-06T10:58:50","modified_gmt":"2019-06-06T08:58:50","slug":"binocoli-binocoli-da-escursionismo-per-vacanze-in-bicicletta-trekking","status":"publish","type":"page","link":"https:\/\/ddoptics.shop\/it\/fernglas-fernglaeser-wandern-fuer-bike-urlaub-trekking\/","title":{"rendered":"Fernglas bzw. Ferngl\u00e4ser f\u00fcr Wandern &#8211; Wanderwege, Bike, Urlaub, Trekking, Outdoor"},"content":{"rendered":"<div class=\"page-title category-title\">\n<h1>Raccomandazione: Binocolo ideale per l'escursionismo, in particolare per i sentieri, il ciclismo, le vacanze, il trekking, l'outdoor e i viaggi.<\/h1>\n<\/div>\n<div class=\"category-description std\">\n<div class=\"page-title category-title\">\n<p>Volete che il vostro <strong>Escursioni e viaggi con osservazioni<\/strong> un buon binocolo non pu\u00f2 mancare nel vostro bagaglio. Quando <strong>L'escursionismo \u00e8 un binocolo<\/strong> anche un aiuto per trovare la strada.<\/p>\n<p>Pertanto, un <strong>Un utile binocolo da escursionismo<\/strong> essere nitidi nella risoluzione ottica, maneggevoli, compatti, robusti e soprattutto leggeri - e non troppo costosi.<\/p>\n<p>Il prezzo del binocolo gioca un ruolo in questa categoria nella misura in cui <strong>Escursioni (pernottamenti in rifugi del Club Alpino, ecc. e viaggi)<\/strong> immer davon ausgehen sollte, dass ein kleines Fernglas schnell einmal verloren gehen kann aufgrund unterschiedlicher Gr\u00fcnde wie z.B. liegen lassen, <strong>Furto, caduta dalla roccia<\/strong>, ecc.<\/p>\n<h2>Importante per i binocoli da escursionismo: Ottica precisa e ad alta risoluzione<\/h2>\n<p>Uno <strong>Ottica precisa e ad alta risoluzione<\/strong> mit guten Sehfeld ist wichtig f\u00fcr ein optimalen<strong> Godimento visivo con il binocolo<\/strong>. \u00c8 possibile vedere immagini nitidissime a distanze molto elevate. Il <strong>Prismen und Glas-Linsen<\/strong> (ho visto anche lenti di plastica) di binocoli molto economici provenienti dalla Cina non sono sufficienti per ottenere immagini nitidissime a queste distanze. Un buon binocolo ha lenti di alta qualit\u00e0 <strong>Rivestimenti delle lenti<\/strong> e sono calcolati con precisione per ottenere i migliori risultati d'immagine in molte situazioni. Questo si nota anche quando gli occhi non si stancano e non soffrono di vertigini anche quando si guarda a lungo attraverso di essi.<\/p>\n<h3>Prestazioni crepuscolari per un binocolo da escursione e da viaggio<\/h3>\n<p>Poich\u00e9 i binocoli per questo scopo sono piccoli,<strong> Leggero e non troppo costoso<\/strong> sein sollen, spielt auch die D\u00e4mmerungsleistung keine grosse Rolle. Wenn man im Gebirge unterwegs ist, wird man immer darauf schauen, dass man zu einer vern\u00fcnftigen Abendzeit in der Unterkunft ankommt. Bei Tageslicht sind diese Ferngl\u00e4ser mehr als stark genug helle <strong>Immagini con un'ottima riproduzione dei colori<\/strong> per dare.<\/p>\n<blockquote><p>Hier in teure Glassorten mit extremer Helligkeit zu investieren ist nicht Sinn der Sache.<\/p><\/blockquote>\n<h3>Alloggiamento robusto e maneggevolezza<\/h3>\n<p>Oltre a una precisa <strong>L'ottica \u00e8 il materiale dell'alloggiamento<\/strong> importante. Il binocolo deve essere un<strong> \u00e8 un compagno piacevole e stabile che non si fa notare in termini di peso.<\/strong> macht. Einen Sto\u00df gegen einen Felsen, ein Sturz oder Wind und Wetter d\u00fcrfen kein Problem sein. Das muss es aushalten. Dazu geh\u00f6ren ergonomisch geformte Augenmuscheln sowie ein &#8220;Augenabstands-Regulier-Mechanismus&#8221; f\u00fcr die Benutzung mit Brille dazu.<\/p>\n<\/div>\n<div class=\"category-description std\">\n<h3>Confronto e idoneit\u00e0 dei binocoli in base al diametro dell'obiettivo<\/h3>\n<table border=\"0\">\n<tbody>\n<tr>\n<td><strong>Intensit\u00e0 luminosa<\/strong><\/td>\n<td><strong>Lente<\/strong><\/td>\n<td><strong>Utilizzo<\/strong><\/td>\n<\/tr>\n<tr>\n<td>basso<\/td>\n<td>25 mm<\/td>\n<td>Binocolo tascabile leggero e di dimensioni ridotte Ideale per condizioni di luce normali<\/td>\n<\/tr>\n<tr>\n<td>medio<\/td>\n<td>30 mm, 32 mm<\/td>\n<td>Piccolo binocolo a tutto tondo Ideale fino al crepuscolo<\/td>\n<\/tr>\n<tr>\n<td>medio-alto<\/td>\n<td>42 mm, 45 mm<\/td>\n<td>Binocolo a tutto tondo Ideale fino al (tardo) crepuscolo<\/td>\n<\/tr>\n<tr>\n<td>alto<\/td>\n<td>50 mm, 56 mm, 60 mm<\/td>\n<td>Occhiali notturni pi\u00f9 pesanti per l'astronomia, per condizioni di scarsa luminosit\u00e0, di sera e di notte<\/td>\n<\/tr>\n<\/tbody>\n<\/table>\n<h3>Confronto tra binocoli e idoneit\u00e0 per ingrandimento<\/h3>\n<table border=\"0\">\n<tbody>\n<tr>\n<td><strong>Ingrandimento<\/strong><\/td>\n<td><strong>medio<\/strong><\/td>\n<\/tr>\n<tr>\n<td>\u00a07x, 8x, 8,5x, 10x, 10,5x<\/td>\n<td>\u00a0Binocolo per lo sport, l'osservazione della natura, l'astronomia, i viaggi, l'ornitologia, il safari, l'osservazione<br \/>\n<strong>Ambito generale di selezione:\u00a0<\/strong>Piccolo e maneggevole, a bassa intensit\u00e0 luminosa o ad alta intensit\u00e0 luminosa, con dimensioni e peso normali.<\/td>\n<\/tr>\n<tr>\n<td><strong>Ingrandimento<\/strong><\/td>\n<td><strong>alto<\/strong><\/td>\n<\/tr>\n<tr>\n<td>\u00a012x, 15x<\/td>\n<td>\u00a0Binocolo per birdwatching, osservazione della natura, safari, sicurezza, sorveglianza o protezione delle frontiere<\/td>\n<\/tr>\n<\/tbody>\n<\/table>\n<\/div>\n<\/div>","protected":false},"excerpt":{"rendered":"<p>Empfehlung: Ideales Fernglas f\u00fcr das Wandern speziell Wanderwege, Bike,Urlaub, Trekking, Outdoor und Reisen Wollen Sie Ihre Wanderungen und Reisen mit Beobachtungen der Natur verbinden, geh\u00f6rt ein gutes Fernglas unbedingt mit ins Gep\u00e4ck. Beim Wandern ist ein Fernglas auch zudem ein Helfer zur Wegsuche. Deshalb sollte ein brauchbares Wanderfernglas scharf in der optischen Aufl\u00f6sung, leicht in [&#8230;]\n","protected":false},"author":2,"featured_media":0,"parent":0,"menu_order":0,"comment_status":"closed","ping_status":"closed","template":"","meta":{"inline_featured_image":false,"footnotes":""},"class_list":["post-15093","page","type-page","status-publish","hentry"],"_links":{"self":[{"href":"https:\/\/ddoptics.shop\/it\/wp-json\/wp\/v2\/pages\/15093","targetHints":{"allow":["GET"]}}],"collection":[{"href":"https:\/\/ddoptics.shop\/it\/wp-json\/wp\/v2\/pages"}],"about":[{"href":"https:\/\/ddoptics.shop\/it\/wp-json\/wp\/v2\/types\/page"}],"author":[{"embeddable":true,"href":"https:\/\/ddoptics.shop\/it\/wp-json\/wp\/v2\/users\/2"}],"replies":[{"embeddable":true,"href":"https:\/\/ddoptics.shop\/it\/wp-json\/wp\/v2\/comments?post=15093"}],"version-history":[{"count":0,"href":"https:\/\/ddoptics.shop\/it\/wp-json\/wp\/v2\/pages\/15093\/revisions"}],"wp:attachment":[{"href":"https:\/\/ddoptics.shop\/it\/wp-json\/wp\/v2\/media?parent=15093"}],"curies":[{"name":"wp","href":"https:\/\/api.w.org\/{rel}","templated":true}]}}