{"id":15096,"date":"2019-06-06T09:58:55","date_gmt":"2019-06-06T07:58:55","guid":{"rendered":"https:\/\/ddoptics.shop\/?page_id=15096"},"modified":"2019-06-06T10:12:15","modified_gmt":"2019-06-06T08:12:15","slug":"binocoli-binocoli-ornitologia-identificazione-degli-uccelli-specie-ornitologiche-ornitologia","status":"publish","type":"page","link":"https:\/\/ddoptics.shop\/it\/fernglas-fernglaeser-ornithologie-vogelbestimmung-vogelarten-vogelkunde\/","title":{"rendered":"Fernglas bzw. Ferngl\u00e4ser f\u00fcr Ornithologie &#8211; Vogelbestimmung, Vogelarten, Heimische V\u00f6gel, Vogelkunde"},"content":{"rendered":"<div class=\"page-title category-title\">\n<h1>Raccomandazione: Binocolo ideale per l'ornitologia: identificazione degli uccelli, specie di uccelli, uccelli autoctoni, ornitologia e persino osservazione degli insetti.<\/h1>\n<\/div>\n<div class=\"category-description std\">\n<div class=\"category-description std\">\n<div class=\"page-title category-title\">\n<p>Il <strong>Vogelbeobachtung ist eines der wichtigsten Anwendungsgebiete f\u00fcr Ferngl\u00e4ser.<\/strong> <strong>Ornitologi o birdwatcher dilettanti<\/strong> lauern in die Natur und versuchen, h\u00fcbsche und vor allem seltene V\u00f6gel vor das Fernglas zu bekommen. Hat man dann erst einmal einen wundersch\u00f6nen Vogel mit seinen traumhaften Farben vor dem Objektiv m\u00fcssen 4 Eigenschaften stimmen:<\/p>\n<ol>\n<li>Risoluzione del binocolo - nitidezza dell'immagine<\/li>\n<li>Riproduzione dei colori assolutamente fedele alla realt\u00e0<\/li>\n<li>Luminosit\u00e0 coordinata con la resa cromatica<\/li>\n<li>Vern\u00fcnftige, angenehme Randsch\u00e4rfe &#8211; ein wenig Randsch\u00e4rfe entspricht der Natur des Auges<\/li>\n<li>m\u00f6glichst gro\u00dfes Sehfeld um das ganze Bild r\u00e4umlich zu erleben<\/li>\n<\/ol>\n<h2>Requisiti speciali degli ornitologi per l'identificazione degli uccelli e il birdwatching<\/h2>\n<p>\u00c8 inoltre richiesto quanto segue:<\/p>\n<p><strong>Maneggevolezza del binocolo<\/strong><\/p>\n<p>Sul <strong>\u201cCaccia all'immagine\u201d per gli uccelli<\/strong> \u00e8 molto importante avere il binocolo a portata di mano e che non sia ingombrante. \u00c8 preferibile che possa essere impugnato facilmente con una sola mano.<\/p>\n<p>La situazione \u00e8 diversa se il<strong> Binocolo con filettatura su treppiede<\/strong> e fa osservazioni continue. In questo caso, un peso di 1,6 kg, ad esempio, non ha importanza. Per tutte le osservazioni a mano libera, si consiglia un peso massimo di 900 grammi.<\/p>\n<p><strong>Flessibilit\u00e0 e corsa di messa a fuoco della rotella di regolazione<\/strong><\/p>\n<p>Con il<strong> Osservazione degli uccelli<\/strong> \u00e8 necessario fare molte panoramiche avanti e indietro. Gli uccelli sono quasi sempre in movimento. \u00c8 necessario <strong>Quindi rimettere frequentemente a fuoco l'immagine<\/strong>, poich\u00e9 anche la distanza cambia frequentemente. Con i binocoli \u00e8 quindi importante che la messa a fuoco sia sempre regolabile in modo molto preciso e, soprattutto, senza giochi. \u00c8 inoltre molto importante che la rotella di messa a fuoco non debba essere girata troppo a lungo per mettere a fuoco l\u201c\u201dimmagine veloce\". La cosa migliore \u00e8 testarla direttamente sul binocolo. \u00c8 importante che la<strong> \u201cVelocit\u00e0 di messa a fuoco della rotazione\u201d<\/strong> \u00e8 abbinata alla resistenza alla rotazione.<\/p>\n<p>L'ingrandimento ha un effetto diretto sulla <strong>Messa a fuoco del binocolo<\/strong> da: Binocoli con <strong>Ingrandimento 7x<\/strong> devono essere messi a fuoco meno spesso di un binocolo 12x.<\/p>\n<h3>Qualit\u00e0 dell'immagine del binocolo per il birdwatching<\/h3>\n<blockquote><p>La cosa pi\u00f9 importante nel birdwatching \u00e8 la nitidezza dell'immagine unita alla resa dei colori!<\/p><\/blockquote>\n<p>Solo se il <strong>Colori delle piume<\/strong> so erkennen kann, wie sie wirklich sind macht es Spa\u00df. Hochwertigste Verg\u00fctungen von Prismen und Linsen sind unumg\u00e4nglich. Bei Dachkantgl\u00e4sern bedeutet das, dass die Prismen \u00fcber eine <strong>Variet\u00e0 di strati dielettrici<\/strong> verf\u00fcgen m\u00fcssen. Einzig Ferngl\u00e4ser mit Porro Prismen k\u00f6nnen darauf verzichten &#8211; das kleine Sehfeld h\u00e4lt aber viele davon ob, so ein Fernglas f\u00fcr die Vogelbeobachtung zu verwenden.<\/p>\n<h3>Binocoli consigliati per il birdwatching<\/h3>\n<p>Wir empfehlen f\u00fcr die Vogelbeobachtung mind. eine 10-fach Vergr\u00f6sserung und ein 42 mm Objektiv.<\/p>\n<\/div>\n<div class=\"category-description std\">\n<h3>Confronto generale tra binocoli e idoneit\u00e0 in base al diametro dell'obiettivo<\/h3>\n<table border=\"0\">\n<tbody>\n<tr>\n<td><strong>Intensit\u00e0 luminosa<\/strong><\/td>\n<td><strong>Lente<\/strong><\/td>\n<td><strong>Utilizzo<\/strong><\/td>\n<\/tr>\n<tr>\n<td>basso<\/td>\n<td>25 mm<\/td>\n<td>Binocolo tascabile leggero e di dimensioni ridotte Ideale per condizioni di luce normali<\/td>\n<\/tr>\n<tr>\n<td>medio<\/td>\n<td>30 mm, 32 mm<\/td>\n<td>Piccolo binocolo a tutto tondo Ideale fino al crepuscolo<\/td>\n<\/tr>\n<tr>\n<td>medio-alto<\/td>\n<td>42 mm, 45 mm<\/td>\n<td>Binocolo a tutto tondo Ideale fino al (tardo) crepuscolo<\/td>\n<\/tr>\n<tr>\n<td>alto<\/td>\n<td>50 mm, 56 mm, 60 mm<\/td>\n<td>Occhiali notturni pi\u00f9 pesanti per l'astronomia, per condizioni di scarsa luminosit\u00e0, di sera e di notte<\/td>\n<\/tr>\n<\/tbody>\n<\/table>\n<h3>Confronto tra binocoli e idoneit\u00e0 per ingrandimento<\/h3>\n<table border=\"0\">\n<tbody>\n<tr>\n<td><strong>Ingrandimento<\/strong><\/td>\n<td><strong>medio<\/strong><\/td>\n<\/tr>\n<tr>\n<td>\u00a07x, 8x, 8,5x, 10x, 10,5x<\/td>\n<td>\u00a0Binocolo per lo sport, l'osservazione della natura, l'astronomia, i viaggi, l'ornitologia, il safari, l'osservazione<br \/>\n<strong>Ambito generale di selezione:\u00a0<\/strong>Piccolo e maneggevole, a bassa intensit\u00e0 luminosa o ad alta intensit\u00e0 luminosa, con dimensioni e peso normali.<\/td>\n<\/tr>\n<tr>\n<td><strong>Ingrandimento<\/strong><\/td>\n<td><strong>alto<\/strong><\/td>\n<\/tr>\n<tr>\n<td>\u00a012x, 15x<\/td>\n<td>\u00a0Binocolo per birdwatching, osservazione della natura, safari, sicurezza, sorveglianza o protezione delle frontiere<\/td>\n<\/tr>\n<\/tbody>\n<\/table>\n<\/div>\n<\/div>\n<\/div>","protected":false},"excerpt":{"rendered":"<p>Empfehlung: Ideales Fernglas f\u00fcr Ornithologie &#8211; Vogelbestimmung, Vogelarten, Heimische V\u00f6gel, Vogelkunde sogar Insektenbeobachtung Die Vogelbeobachtung ist eines der wichtigsten Anwendungsgebiete f\u00fcr Ferngl\u00e4ser. Ornithologen oder Hobby-Vogelbeobachter lauern in die Natur und versuchen, h\u00fcbsche und vor allem seltene V\u00f6gel vor das Fernglas zu bekommen. Hat man dann erst einmal einen wundersch\u00f6nen Vogel mit seinen traumhaften Farben vor [&#8230;]\n","protected":false},"author":2,"featured_media":0,"parent":0,"menu_order":0,"comment_status":"closed","ping_status":"closed","template":"","meta":{"inline_featured_image":false,"footnotes":""},"class_list":["post-15096","page","type-page","status-publish","hentry"],"_links":{"self":[{"href":"https:\/\/ddoptics.shop\/it\/wp-json\/wp\/v2\/pages\/15096","targetHints":{"allow":["GET"]}}],"collection":[{"href":"https:\/\/ddoptics.shop\/it\/wp-json\/wp\/v2\/pages"}],"about":[{"href":"https:\/\/ddoptics.shop\/it\/wp-json\/wp\/v2\/types\/page"}],"author":[{"embeddable":true,"href":"https:\/\/ddoptics.shop\/it\/wp-json\/wp\/v2\/users\/2"}],"replies":[{"embeddable":true,"href":"https:\/\/ddoptics.shop\/it\/wp-json\/wp\/v2\/comments?post=15096"}],"version-history":[{"count":0,"href":"https:\/\/ddoptics.shop\/it\/wp-json\/wp\/v2\/pages\/15096\/revisions"}],"wp:attachment":[{"href":"https:\/\/ddoptics.shop\/it\/wp-json\/wp\/v2\/media?parent=15096"}],"curies":[{"name":"wp","href":"https:\/\/api.w.org\/{rel}","templated":true}]}}