{"id":23456,"date":"2021-01-26T23:47:00","date_gmt":"2021-01-26T22:47:00","guid":{"rendered":"https:\/\/ddoptics.shop\/?page_id=23456"},"modified":"2021-03-26T13:14:23","modified_gmt":"2021-03-26T12:14:23","slug":"cabina-di-pilotaggio-per-la-protezione-dei-dati","status":"publish","type":"page","link":"https:\/\/ddoptics.shop\/it\/datenschutz-cockpit\/","title":{"rendered":"CABINA DI PILOTAGGIO PER LA PROTEZIONE DEI DATI"},"content":{"rendered":"<div class=\"wordpress-gdpr-privacy-center\"><div class=\"wordpress-gdpr-privacy-center-items\"><a href=\"https:\/\/ddoptics.shop\/it\/datenschutz-cockpit\/datenschutzbeauftragter\/\" class=\"wordpress-gdpr-privacy-center-item\"><div class=\"wordpress-gdpr-privacy-center-item-contactDPO\"><i class=\"fas fa-user-circle\"><\/i><h2 class=\"wordpress-gdpr-privacy-center-item-headline\">Contatta il DPO<\/h2><p class=\"wordpress-gdpr-privacy-center-item-desc\">Contattare il Responsabile della Protezione dei Dati.<\/p><div class=\"wordpress-gdpr-privacy-center-item-action\">Fai clic qui<\/div><\/div><\/a><a href=\"https:\/\/ddoptics.shop\/it\/datenschutz-cockpit\/datenschutz\/\" class=\"wordpress-gdpr-privacy-center-item\"><div class=\"wordpress-gdpr-privacy-center-item-cookiePolicy\"><i class=\"fas  fa-list-alt\"><\/i><h2 class=\"wordpress-gdpr-privacy-center-item-headline\">Informativa sui cookie<\/h2><p class=\"wordpress-gdpr-privacy-center-item-desc\">Leggi l'informativa sui cookie.<\/p><div class=\"wordpress-gdpr-privacy-center-item-action\">Fai clic qui<\/div><\/div><\/a><a href=\"https:\/\/ddoptics.shop\/it\/datenschutz-cockpit\/datenberichtigung\/\" class=\"wordpress-gdpr-privacy-center-item wordpress-gdpr-privacy-center-item-last\"><div class=\"wordpress-gdpr-privacy-center-item-dataRectification\"><i class=\"fas fa-pencil-alt\"><\/i><h2 class=\"wordpress-gdpr-privacy-center-item-headline\">Correzione dati<\/h2><p class=\"wordpress-gdpr-privacy-center-item-desc\">Richiesta di modifica dati.<\/p><div class=\"wordpress-gdpr-privacy-center-item-action\">Fai clic qui<\/div><\/div><\/a><a href=\"https:\/\/ddoptics.shop\/it\/datenschutz-cockpit\/recht-auf-vergessen\/\" class=\"wordpress-gdpr-privacy-center-item\"><div class=\"wordpress-gdpr-privacy-center-item-forgetMe\"><i class=\"fas fa-eraser\"><\/i><h2 class=\"wordpress-gdpr-privacy-center-item-headline\">Oblio<\/h2><p class=\"wordpress-gdpr-privacy-center-item-desc\">Richiedere la cancellazione dei dati.<\/p><div class=\"wordpress-gdpr-privacy-center-item-action\">Fai clic qui<\/div><\/div><\/a><a href=\"https:\/\/ddoptics.shop\/it\/impressum\/\" class=\"wordpress-gdpr-privacy-center-item\"><div class=\"wordpress-gdpr-privacy-center-item-imprint\"><i class=\"fas fa-file-alt\"><\/i><h2 class=\"wordpress-gdpr-privacy-center-item-headline\">Impronta<\/h2><p class=\"wordpress-gdpr-privacy-center-item-desc\">Scopri di pi\u00f9 su propriet\u00e0 e paternit\u00e0.<\/p><div class=\"wordpress-gdpr-privacy-center-item-action\">Fai clic qui<\/div><\/div><\/a><a href=\"https:\/\/ddoptics.shop\/it\/datenschutz-cockpit\/datenarchiv-anfrage\/\" class=\"wordpress-gdpr-privacy-center-item wordpress-gdpr-privacy-center-item-last\"><div class=\"wordpress-gdpr-privacy-center-item-requestData\"><i class=\"fas fa-database\"><\/i><h2 class=\"wordpress-gdpr-privacy-center-item-headline\">Data request<\/h2><p class=\"wordpress-gdpr-privacy-center-item-desc\">Vorrei richiedere una copia dei miei dati.<\/p><div class=\"wordpress-gdpr-privacy-center-item-action\">Fai clic qui<\/div><\/div><\/a><a href=\"https:\/\/ddoptics.shop\/it\/datenschutz-cockpit\/datenschutz\/\" class=\"wordpress-gdpr-privacy-center-item\"><div class=\"wordpress-gdpr-privacy-center-item-privacyPolicy\"><i class=\"fas fa-file-alt\"><\/i><h2 class=\"wordpress-gdpr-privacy-center-item-headline\">Informativa sulla privacy<\/h2><p class=\"wordpress-gdpr-privacy-center-item-desc\">Leggi l'informativa sulla privacy.<\/p><div class=\"wordpress-gdpr-privacy-center-item-action\">Fai clic qui<\/div><\/div><\/a><a href=\"#\" class=\"wordpress-gdpr-privacy-center-item wordpress-gdpr-open-privacy-settings-modal\"><div class=\"wordpress-gdpr-privacy-center-item-privacySettings\"><i class=\"fas fa-user-secret\"><\/i><h2 class=\"wordpress-gdpr-privacy-center-item-headline\">Impostazioni<\/h2><p class=\"wordpress-gdpr-privacy-center-item-desc\">Imposta le preferenze dei cookie.<\/p><div class=\"wordpress-gdpr-privacy-center-item-action\">Fai clic qui<\/div><\/div><\/a><a href=\"https:\/\/ddoptics.shop\/it\/agb\/\" class=\"wordpress-gdpr-privacy-center-item wordpress-gdpr-privacy-center-item-last\"><div class=\"wordpress-gdpr-privacy-center-item-termsConditions\"><i class=\"fas fa-align-left\"><\/i><h2 class=\"wordpress-gdpr-privacy-center-item-headline\">Termini e Condizioni<\/h2><p class=\"wordpress-gdpr-privacy-center-item-desc\">Termini e Condizioni del nostro sito web.<\/p><div class=\"wordpress-gdpr-privacy-center-item-action\">Fai clic qui<\/div><\/div><\/a><\/div><\/div>","protected":false},"excerpt":{"rendered":"","protected":false},"author":3,"featured_media":0,"parent":0,"menu_order":0,"comment_status":"closed","ping_status":"closed","template":"","meta":{"inline_featured_image":false,"footnotes":""},"class_list":["post-23456","page","type-page","status-publish","hentry"],"_links":{"self":[{"href":"https:\/\/ddoptics.shop\/it\/wp-json\/wp\/v2\/pages\/23456","targetHints":{"allow":["GET"]}}],"collection":[{"href":"https:\/\/ddoptics.shop\/it\/wp-json\/wp\/v2\/pages"}],"about":[{"href":"https:\/\/ddoptics.shop\/it\/wp-json\/wp\/v2\/types\/page"}],"author":[{"embeddable":true,"href":"https:\/\/ddoptics.shop\/it\/wp-json\/wp\/v2\/users\/3"}],"replies":[{"embeddable":true,"href":"https:\/\/ddoptics.shop\/it\/wp-json\/wp\/v2\/comments?post=23456"}],"version-history":[{"count":1,"href":"https:\/\/ddoptics.shop\/it\/wp-json\/wp\/v2\/pages\/23456\/revisions"}],"predecessor-version":[{"id":23457,"href":"https:\/\/ddoptics.shop\/it\/wp-json\/wp\/v2\/pages\/23456\/revisions\/23457"}],"wp:attachment":[{"href":"https:\/\/ddoptics.shop\/it\/wp-json\/wp\/v2\/media?parent=23456"}],"curies":[{"name":"wp","href":"https:\/\/api.w.org\/{rel}","templated":true}]}}