{"id":29084,"date":"2025-10-03T10:30:51","date_gmt":"2025-10-03T08:30:51","guid":{"rendered":"https:\/\/ddoptics.shop\/?page_id=29084"},"modified":"2025-10-03T10:37:39","modified_gmt":"2025-10-03T08:37:39","slug":"cannocchiali-da-puntamento-in-base-allidoneita","status":"publish","type":"page","link":"https:\/\/ddoptics.shop\/it\/zielfernrohre-nach-eignung\/","title":{"rendered":"Cannocchiali da puntamento in base all'idoneit\u00e0"},"content":{"rendered":"<div class=\"page-title category-title\">\n<h1>Cannocchiali da puntamento in base all'idoneit\u00e0<\/h1>\n<\/div>\n<div class=\"category-description std\">\n<p><strong>Come trovare il cannocchiale da puntamento ottimale per il vostro utilizzo con il nostro sistema di selezione e confronto dell'idoneit\u00e0!<\/strong><\/p>\n<p>Consigli : Qui riceverete i consigli pi\u00f9 importanti per garantire che le vostre aspettative siano soddisfatte in modo ottimale nella scelta delle vostre ottiche di destinazione.<\/p>\n<p><strong>I cannocchiali da puntamento di alta qualit\u00e0 e precisione sono ottiche eccellenti di ultima concezione!<\/strong><\/p>\n<p>Con la loro gamma di ingrandimenti variabili, offrono un'ampia gamma di applicazioni nelle competizioni e per tutti i tipi di caccia con diverse condizioni di luce.<br \/>\nIndipendentemente dall'applicazione e dalle diverse condizioni di luce e climatiche, dovete poter contare in ogni momento sulla qualit\u00e0 del vostro cannocchiale da puntamento.<\/p>\n<p>I cacciatori e i tiratori pongono le massime esigenze alle prestazioni del mirino ottico: solo cos\u00ec l'arma migliore potr\u00e0 fornire prestazioni complessive ottimali.<br \/>\nEs gibt Zielfernrohre mit konstanter und variabler Vergr\u00f6\u00dferung. Zieloptiken mit variabler Verg\u00f6sserungen erm\u00f6glichen eine Einstellung entsprechend dem Verwendungszweck. Bei weitem Schuss z.B. 10x, beim Schuss auf fl\u00fcchtiges Wild nur 2,5-facher Vergr\u00f6sserung. Wichtiger Bestandteil eines Zielfernrohres ist das Absehen (Fadenkreuz). Das Leuchtabsehen mit dem Glasfaser Leuchtpunkt II ist extrem klar.<\/p>\n<p>Dank der von DDoptics entwickelten Glasfasertechnik \u00fcberstrahlt oder reflektiert der Leuchtpunkt in keiner Situation. Bei starker Dimmung wird der Leuchtpunkt nicht nur dunkler, sondern auch feiner.<br \/>\nEine qualitativ hochwertige Montage sorgt f\u00fcr konstanten, optimalen Sitz auf dem Gewehr \u2013 auch nach wiederholtem Abnehmen. Bekannte Montagen sind, Schwenkmontagen, Aufschubmontagen oder Einhakmontagen wie die bei DDoptics erh\u00e4ltliche Ziegler Einhakmontage.<\/p>\n<table border=\"0\">\n<tbody>\n<tr>\n<td><strong>Tipo di caccia<\/strong><\/td>\n<td><strong>Utilizzo<\/strong><\/td>\n<td><strong>Selezione delle ottiche target<\/strong><\/td>\n<\/tr>\n<tr>\n<td>Tuttofare<\/td>\n<td>Variable Vergr\u00f6\u00dferungen und Objektivdurchmesser im mittleren<br \/>\nsono leggeri per l'inseguimento e offrono riserve<br \/>\nin der D\u00e4mmerung.<\/td>\n<td>1,5-6\u00d742<br \/>\n2,5-10\u00d750<br \/>\n2,5-15\u00d750<br \/>\n2,5-10\u00d756<\/td>\n<\/tr>\n<tr>\n<td>Sedile<\/td>\n<td>Dimensioni Gli ingrandimenti e i diametri delle lenti determinano una<br \/>\ngute D\u00e4mmerungsleistung \u2013 ein Leuchtabsehen ist vorteilhaft<\/td>\n<td>2,5-10\u00d750<br \/>\n2,5-10\u00d756<br \/>\n5-30\u00d750<br \/>\n2,5-15\u00d750<\/td>\n<\/tr>\n<tr>\n<td>Peduncolo<\/td>\n<td>I bassi ingrandimenti o i piccoli diametri delle lenti sono<br \/>\npreferibili a causa del loro peso o perch\u00e9 sono prevalentemente<br \/>\nessere utilizzato alla luce del giorno.<\/td>\n<td>1,5-6\u00d742<br \/>\n1-4\u00d724<\/td>\n<\/tr>\n<tr>\n<td>Caccia in montagna<\/td>\n<td>Ingrandimenti variabili medi e lenti di medio diametro,<br \/>\nper adattarsi alle diverse distanze.<br \/>\ne non portare troppo peso.<\/td>\n<td>5-30\u00d750<br \/>\n2,5-15\u00d750<\/td>\n<\/tr>\n<tr>\n<td>Spinta e<\/p>\n<p>Grande gioco<\/td>\n<td>I bassi ingrandimenti o i piccoli diametri delle lenti sono<br \/>\nper via del loro peso e del campo visivo pi\u00f9 elevato.<br \/>\nperch\u00e9 sono utilizzati principalmente alla luce del giorno.<\/td>\n<td>1,5-6\u00d742<br \/>\n1-4\u00d724<\/td>\n<\/tr>\n<\/tbody>\n<\/table>\n<\/div>","protected":false},"excerpt":{"rendered":"<p>Zielfernrohre nach Eignung Wie Sie mit unserer Eignungsauswahl und dem Vergleichssystem das f\u00fcr Ihren Gebrauch optimale Zielfernrohr finden! Beratung : Hier erhalten Sie die wichtigsten Tipps, damit bei der Auswahl Ihrer Zieloptik auch Ihre Erwartungen optimal erf\u00fcllt werden. Hochqualitatve und genaue Zielfernrohre stellen hervorragende Optiken modernster Bauart dar! Sie bieten mit ihrem variablen Vergr\u00f6\u00dferungsbereich vielf\u00e4ltige [&#8230;]\n","protected":false},"author":2,"featured_media":0,"parent":0,"menu_order":0,"comment_status":"closed","ping_status":"closed","template":"page-blank-title-center.php","meta":{"inline_featured_image":false,"footnotes":""},"class_list":["post-29084","page","type-page","status-publish","hentry"],"_links":{"self":[{"href":"https:\/\/ddoptics.shop\/it\/wp-json\/wp\/v2\/pages\/29084","targetHints":{"allow":["GET"]}}],"collection":[{"href":"https:\/\/ddoptics.shop\/it\/wp-json\/wp\/v2\/pages"}],"about":[{"href":"https:\/\/ddoptics.shop\/it\/wp-json\/wp\/v2\/types\/page"}],"author":[{"embeddable":true,"href":"https:\/\/ddoptics.shop\/it\/wp-json\/wp\/v2\/users\/2"}],"replies":[{"embeddable":true,"href":"https:\/\/ddoptics.shop\/it\/wp-json\/wp\/v2\/comments?post=29084"}],"version-history":[{"count":4,"href":"https:\/\/ddoptics.shop\/it\/wp-json\/wp\/v2\/pages\/29084\/revisions"}],"predecessor-version":[{"id":29088,"href":"https:\/\/ddoptics.shop\/it\/wp-json\/wp\/v2\/pages\/29084\/revisions\/29088"}],"wp:attachment":[{"href":"https:\/\/ddoptics.shop\/it\/wp-json\/wp\/v2\/media?parent=29084"}],"curies":[{"name":"wp","href":"https:\/\/api.w.org\/{rel}","templated":true}]}}