{"id":45,"date":"2012-04-01T20:30:22","date_gmt":"2012-04-01T18:30:22","guid":{"rendered":"http:\/\/www.optik-sport-shop.at\/?page_id=45"},"modified":"2026-04-13T20:39:46","modified_gmt":"2026-04-13T18:39:46","slug":"agb","status":"publish","type":"page","link":"https:\/\/ddoptics.shop\/it\/agb\/","title":{"rendered":"Termini e condizioni generali"},"content":{"rendered":"<h2 style=\"text-align: center;\">Allgemeine Gesch\u00e4ftsbedingungen (AGB)<\/h2>\n<p><strong>1. Bestellung und Vertragsabschluss<\/strong><br \/>\nSie haben Ihre gew\u00fcnschten Produkte ausgesucht und m\u00f6chten bestellen. Bis zur Absendung Ihrer Bestellung k\u00f6nnen Sie alle Eingaben korrigieren. Erst wenn Sie Ihre Daten auf der letzten Bestellseite \u00fcberpr\u00fcft haben, senden Sie Ihre Bestellung an DDoptics Optik-Sport-Shop. Nach dem Absenden Ihrer Bestellung erhalten Sie eine individuelle E-Mail mit Ihrer pers\u00f6nlichen Bestellbest\u00e4tigung zusammen mit Ihrer Rechnungsdetails zur Bestellung. Zus\u00e4tzlich finden Sie in dieser E-Mail alle weiteren Informationen \u00fcber die Abwicklung der Bezahlung sowie die Lieferung. Die Bestellung der Ware erfolgt durch \u00dcbermittlung des ausgef\u00fcllten Bestellformulars im Onlineverfahren. Der Kaufvertrag zwischen Ihnen und DDoptics Optik Sport Shop wird durch die Best\u00e4tigung der Bestellung eines von Ihnen ausgew\u00e4hlten Artikels abgeschlossen.<\/p>\n<p><strong>1.1 Sonderaktion &#8211; Alpen Sepp Genussboxen zu ausgesuchten Produktbestellungen<\/strong><br \/>\nZu einzelnen Produkten gew\u00e4hren wir Ihnen eine kostenlose Genussbox zu Ihrem Einkauf dazu, zu bestellen bei <a href=\"http:\/\/www.alpensepp.com\" target=\"_blank\" rel=\"noopener noreferrer\">www.alpensepp.com<\/a>. Dazu wird Ihnen von uns ein Gutscheincode per Email \u00fcbermittelt &#8211; ausgestellt auf Ihre hinterlegte Bestell-Email-Adresse. Der Gutscheincode ist nicht in bar abl\u00f6sbar und nicht \u00fcbertragbar. Die G\u00fcltigkeit des Gutscheines erlischt mit der R\u00fccktritt des Kaufs beim Optik-Sport-Shop. Deshalb \u00fcbermitteln wir Ihnen den Gutscheincode erst nach Ablaufen der R\u00fccktrittszeit &#8211; oder &#8211; Sie informieren uns kurz per Email vor Ablauf der R\u00fccktrittszeit dar\u00fcber, dass Sie das Produkt behalten und nicht Zur\u00fccktreten werden. F\u00fcr Schweizer Kunden gilt das nur, wenn die Lieferadresse nicht in der Schweiz ist.<\/p>\n<p><strong>2. Zahlung und Lieferung<\/strong><br \/>\nWir liefern gegen Vorauskasse bzw. die uns angebotenen Zahlungsm\u00f6glichkeiten im Optik-Sport-Shop. Der Versand der Ware erfolgt in der Regel nach Zahlungseingang innerhalb von 7 Werktagen. Sofern die Ware nicht vollst\u00e4ndig geliefert werden kann, informieren wir Sie umgehend und behalten uns Teillieferungen oder Mengenk\u00fcrzungen vor. Etwaige Lieferverz\u00f6gerungen von uns berechtigen Sie nicht zu Schadensersatzanspr\u00fcchen.<\/p>\n<p><strong>2.1 Zahlung per Rechnung und Finanzierung<\/strong><\/p>\n<p>In Zusammenarbeit mit\u00a0<a class=\"m_443938332242013238gmail-link-item m_443938332242013238gmail-link-secondary\" href=\"https:\/\/tracking.cirrusinsight.com\/ff027529-54bc-424a-8aad-c6e7a1541fa1\/klarna-de\" target=\"_blank\" rel=\"noopener noreferrer\"><span class=\"m_443938332242013238gmail-link-content\">Klarna Bank AB (publ)<\/span><\/a>, Sveav\u00e4gen 46, 111 34 Stockholm, Schweden, bieten wir die folgenden Zahlungsoptionen an. Die Zahlung erfolgt jeweils an Klarna:<\/p>\n<ul>\n<li>Rechnung: Die Zahlungsfrist betr\u00e4gt [14] Tage ab Versand der Ware\/ des Tickets\/ oder, bei sonstigen Dienstleistungen, der Zurverf\u00fcgungstellung der Dienstleistung. Die vollst\u00e4ndigen Rechnungsbedingungen f\u00fcr die L\u00e4nder in denen diese Zahlart verf\u00fcgbar ist finden Sie hier:\u00a0<span class=\"m_443938332242013238gmail-link-content\"><a class=\"m_443938332242013238gmail-link-item m_443938332242013238gmail-link-secondary\" href=\"https:\/\/tracking.cirrusinsight.com\/ff027529-54bc-424a-8aad-c6e7a1541fa1\/cdn-klarna-com-1-0-shared-content-legal-terms-eid-de-de-invoice\" target=\"_blank\" rel=\"noopener noreferrer\">Deutschland<\/a><\/span>,\u00a0<span class=\"m_443938332242013238gmail-link-content\"><a class=\"m_443938332242013238gmail-link-item m_443938332242013238gmail-link-secondary\" href=\"https:\/\/www.klarna.com\/at\/\" target=\"_blank\" rel=\"noopener noreferrer\">\u00d6sterreich<\/a><\/span>.<\/li>\n<li>Ratenkauf: Mit dem Finanzierungsservice von Klarna k\u00f6nnen Sie Ihren Einkauf in festen oder flexiblen monatlichen Raten zu den in der Kasse angegebenen Bedingungen bezahlen. Die Ratenzahlung ist jeweils zum Ende des Monats nach \u00dcbersendung einer Monatsrechnung durch Klarna f\u00e4llig. Weitere Informationen zum Ratenkauf einschlie\u00dflich der Allgemeinen Gesch\u00e4ftsbedingungen und der europ\u00e4ischen Standardinformationen f\u00fcr Verbraucherkredite f\u00fcr die L\u00e4nder in denen diese Zahlart verf\u00fcgbar ist finden Sie hier (nur in den angegebenen L\u00e4ndern verf\u00fcgbar):<a class=\"m_443938332242013238gmail-link-item m_443938332242013238gmail-link-secondary\" href=\"https:\/\/tracking.cirrusinsight.com\/ff027529-54bc-424a-8aad-c6e7a1541fa1\/cdn-klarna-com-1-0-shared-content-legal-terms-eid-de-de-account\" target=\"_blank\" rel=\"noopener noreferrer\"><span class=\"m_443938332242013238gmail-link-content\">Deutschland,\u00a0<\/span><\/a><a class=\"m_443938332242013238gmail-link-item m_443938332242013238gmail-link-secondary\" href=\"https:\/\/tracking.cirrusinsight.com\/ff027529-54bc-424a-8aad-c6e7a1541fa1\/cdn-klarna-com-1-0-shared-content-legal-terms-0-de-at-flex-account\" target=\"_blank\" rel=\"noopener noreferrer\"><span class=\"m_443938332242013238gmail-link-content\">\u00d6sterreich<\/span><\/a>.<\/li>\n<li>Sofort\u00fcberweisung: Verf\u00fcgbar in Deutschland und \u00d6sterreich. Die Belastung Ihres Kontos erfolgt unmittelbar nach Abgabe der Bestellung.<\/li>\n<li>Lastschrift: Verf\u00fcgbar in Deutschland und \u00d6sterreich. Die Abbuchung erfolgt nach Versand der Ware. Der Zeitpunkt wird Ihnen per E-Mail mitgeteilt.<\/li>\n<li>Kreditkarte (Visa\/Mastercard): Verf\u00fcgbar in Deutschland und \u00d6sterreich. Die Abbuchung erfolgt nach Versand der Ware oder Tickets \/ Verf\u00fcgbarkeit des Services oder im Falle eines Abonnements entsprechend der kommunizierten Zeiten.<\/li>\n<\/ul>\n<p>Die Nutzung der Zahlungsarten Rechnung, Ratenkauf und Lastschrift setzt eine positive Bonit\u00e4tspr\u00fcfung voraus. Insofern leiten wir Ihre Daten im Rahmen der Kaufanbahnung und Abwicklung des Kaufvertrages an Klarna zum Zwecke der Adress- und Bonit\u00e4tspr\u00fcfung weiter. Bitte haben Sie Verst\u00e4ndnis daf\u00fcr, dass wir Ihnen nur diejenigen Zahlarten anbieten k\u00f6nnen, die aufgrund der Ergebnisse der Bonit\u00e4tspr\u00fcfung zul\u00e4ssig sind. Weitere Informationen und Klarnas Nutzungsbedingungen finden Sie\u00a0<a class=\"m_443938332242013238gmail-link-item m_443938332242013238gmail-link-secondary\" href=\"https:\/\/tracking.cirrusinsight.com\/ff027529-54bc-424a-8aad-c6e7a1541fa1\/cdn-klarna-com-1-0-shared-content-legal-terms-0-de-de-user\" target=\"_blank\" rel=\"noopener noreferrer\"><span class=\"m_443938332242013238gmail-link-content\">hier<\/span><\/a>. Allgemeine Informationen zu Klarna erhalten Sie\u00a0<a class=\"m_443938332242013238gmail-link-item m_443938332242013238gmail-link-secondary\" href=\"https:\/\/tracking.cirrusinsight.com\/ff027529-54bc-424a-8aad-c6e7a1541fa1\/klarna-de1\" target=\"_blank\" rel=\"noopener noreferrer\"><span class=\"m_443938332242013238gmail-link-content\">hier<\/span><\/a>. Ihre Personenangaben werden von Klarna in \u00dcbereinstimmung mit den geltenden Datenschutzbestimmungen und entsprechend den Angaben in\u00a0<a class=\"m_443938332242013238gmail-link-item m_443938332242013238gmail-link-secondary\" href=\"https:\/\/tracking.cirrusinsight.com\/ff027529-54bc-424a-8aad-c6e7a1541fa1\/cdn-klarna-com-1-0-shared-content-legal-terms-0-de-de-privacy\" target=\"_blank\" rel=\"noopener noreferrer\"><span class=\"m_443938332242013238gmail-link-content\">Klarnas Datenschutzbestimmungen<\/span><\/a>\u00a0behandelt.<\/p>\n<p><strong>2.2 Berechtigte Nutzung der DDoptics Optiken f\u00fcr den Kauf auf Rechnung<\/strong><br \/>\nDie kostenlose und unverbindliche Nutzung der DDoptics Produkte zur Pr\u00fcfung derselben gewollt und berechtigt. Nach Erwerb der Ware durch Zahlung des Kaufpreises geht das Eigentumsrecht an den Nutzer \u00fcber. Dieser ist dann in vollem Umfang zur Nutzung der Ware berechtigt. Bei einer, durch bestimmungsgem\u00e4\u00dfen Ingebrauchnahme der Ware, entstandenen Verschlechterung, m\u00fcssen Sie weder Wertersatz leisten, noch eine Nutzungsgeb\u00fchr entrichten.<\/p>\n<p><strong>3. Versandkosten<\/strong><br \/>\nF\u00fcr Lieferung innerhalb \u00d6sterreichs berechnen wir in der Regel eine Versandkostenpauschale von Euro 12. Endg\u00fcltige Versandkosten f\u00fcr Lieferungen im In- und Ausland werden Ihnen im Shop kurz vor Ihrem Bestellungsabschluss im Online Shop angezeigt. Wir akzeptieren nur Zahlungen in Euro.<\/p>\n<p><strong>4. R\u00fccktrittsrecht\u00a0<strong>\/ Widerrufsbelehrung<\/strong><br \/>\n<\/strong><span style=\"color: #666666;\">Siehe detailliertes\u00a0<\/span><span style=\"color: #ed1c24;\"><strong><a style=\"color: #ed1c24;\" title=\"Wiederrufsrecht\" href=\"\/widerrufsbestimmungen\" target=\"_blank\" rel=\"noopener noreferrer\">Widerrufsrecht<\/a>.<\/strong><\/span><\/p>\n<p><strong>4.1 R\u00fccktrittsfolgen<br \/>\n<\/strong>Im Falle eines wirksamen R\u00fccktritts sind die beiderseits empfangenen Leistungen zur\u00fcckzugew\u00e4hren und ggf. gezogene Nutzungen (z.B. Zinsen) herauszugeben. K\u00f6nnen Sie uns die empfangene Leistung sowie Nutzungen (z.B. Gebrauchsvorteile) nicht oder teilweise nicht oder nur in verschlechtertem Zustand zur\u00fcckgew\u00e4hren (siehe auch Punkt 2.2) beziehungsweise herausgeben, m\u00fcssen Sie uns insoweit Wertersatz leisten. Wertersatz f\u00fcr gezogene Nutzungen m\u00fcssen Sie nur leisten, soweit Sie die Ware in einer Art und Weise genutzt haben, die \u00fcber die Pr\u00fcfung der Eigenschaften und der Funktionsweise hinausgeht. Unter &#8220;Pr\u00fcfung der Eigenschaften und der Funktionsweise&#8221; versteht man das Testen und Ausprobieren der jeweiligen Ware, wie es etwa im Ladengesch\u00e4ft m\u00f6glich und \u00fcblich ist. Die regelm\u00e4\u00dfigen Kosten der R\u00fccksendung sind von unserem Kunden zu tragen, wenn die gelieferte Ware der bestellten Ware entspricht. Verpflichtungen zur Erstattung von Zahlungen m\u00fcssen innerhalb von 5 Werktagen erf\u00fcllt werden. Die Frist beginnt f\u00fcr Sie mit der Absendung Ihrer R\u00fccktrittserkl\u00e4rung oder der Sache, f\u00fcr uns mit deren Empfang.<\/p>\n<p><strong>5. Reklamationen<\/strong><br \/>\nDie erhaltene Ware ist vom Empf\u00e4nger sofort auf Vollst\u00e4ndigkeit und Richtigkeit zu pr\u00fcfen. Reklamierte Ware nehmen wir innerhalb von 14 Tagen nach Lieferung zur\u00fcck. Den Reklamationsgrund bitte schriftlich per e-mail mitteilen.<\/p>\n<p><strong>6. R\u00fccksendungen<\/strong><br \/>\nIm Falle eines R\u00fccktritts bitten wie Sie, die Ware an uns zur\u00fcckzusenden. Die regelm\u00e4\u00dfigen Kosten der R\u00fccksendung sind von Ihnen zu tragen, wenn die gelieferte Ware der bestellten entspricht.<\/p>\n<p><strong>7. Angebot und Preise<\/strong><br \/>\nAlle Angebote des DDoptics Optik-Sport-Shops sind freibleibend und unverbindlich. Da das Shop-Angebot in regelm\u00e4\u00dfigen Abst\u00e4nden \u00fcberarbeitet wird, gelten die zum Zeitpunkt der Bestellung angegebenen Preise. Alle vorherigen Preisangaben verlieren mit einem Update des Shop-Bestandes bzw. eines Artikels ihre\/seine G\u00fcltigkeit. Bei Lieferungen ins Ausland sind eventuell anfallende Z\u00f6lle und\/oder Steuern vom Besteller zu tragen.<\/p>\n<p><strong>8. KI gest\u00fctzte Chat Online Produktberatung im Shop<\/strong><br \/>\nDie KI-gest\u00fctzte Chat- und Beratungsfunktion unseres Online-Shops befindet sich derzeit in der Test- und Lernphase. Bitte beachten Sie, dass insbesondere Produktberatungen und Aussagen der KI nicht zwingend korrekt oder vollst\u00e4ndig sein m\u00fcssen. F\u00fcr wesentliche Details zu Produkten ist es unumg\u00e4nglich, direkt Kontakt mit unserem Kundenservice per Telefon oder E-Mail aufzunehmen. Reklamationen aufgrund falscher KI Beratung ohne pers\u00f6nliche R\u00fccksprache zu wichtigen Details mit uns k\u00f6nnen von uns nicht ber\u00fccksichtigt werden.<\/p>\n<p><strong>9. Eigentumsvorbehalt<\/strong><br \/>\nDie Ware bleibt bis zur vollst\u00e4ndigen Zahlung durch den Kunden unser Eigentum. Bis zur Erf\u00fcllung aller Forderungen, die uns aus jedem Rechtsgrund gegen den Kunden und seinen eventuellen Weiterver\u00e4usserungs- Kunden jetzt oder k\u00fcnftig zustehen, bleiben wir Eigent\u00fcmer der Ware.<\/p>\n<p><strong style=\"color: #333333;\">10. Datenschutz<br \/>\n<\/strong><span style=\"color: #333333;\">Datenschutz nehmen wir sehr ernst und ist uns sehr wichtig. S\u00e4mtliche auf unserer Website erhobenen, pers\u00f6nlichen Daten werden ausschlie\u00dflich zu Ihrer individuellen Betreuung im Zuge der Bestellabwicklung und der \u00dcbersendung von Informationen (insbesondere der Optik-News-Post via E-Mail) gespeichert und verarbeitet. Wir sichern Ihnen zu, dass Ihre Angaben entsprechend den geltenden datenschutzrechtlichen Bestimmungen vertraulich behandelt werden und schlie\u00dfen die Weitergabe an Dritte aus. Es gilt unsere\u00a0<\/span><a title=\"Datenschutz\" href=\"\/datenschutz\">Datenschutzerkl\u00e4rung<\/a><span style=\"color: #333333;\">.<\/span><strong style=\"color: #333333;\"><br \/>\n<\/strong><\/p>\n<p><strong>11. Haftung<\/strong><br \/>\nF\u00fcr Fehler oder technische Probleme, welche im Internet entstehen k\u00f6nnen, \u00fcbernehmen wir keine Haftung.<\/p>\n<p><strong>12. Haftung f\u00fcr Inhalte<\/strong><br \/>\nDie Informationen auf dieser Website dienen ausschlie\u00dflich der allgemeinen Information und sind unverbindlich.<\/p>\n<p><strong>13. Haftungsausschluss f\u00fcr Inhalte verlinkter Seiten<br \/>\n<\/strong>Auf dieser Website befinden sich diverse Verlinkungen zu anderen Seiten von Herstellern usw. im Internet. Wir betonen ausdr\u00fccklich, dass wir keinen Einfluss auf den Inhalt und die Gestaltung der Seiten haben, auf die verlinkt wird. Wir k\u00f6nnen daher auch keine Gew\u00e4hr f\u00fcr die Aktualit\u00e4t, Korrektheit, Vollst\u00e4ndigkeit der dort bereitgestellten Informationen \u00fcbernehmen. Wir distanzieren uns ausdr\u00fccklich von allen Inhalten dieser Seiten. Diese Erkl\u00e4rung gilt f\u00fcr alle auf unserer Seite enthaltenen Links zu externen Seiten und alle Inhalte dieser Seiten zu denen die Links f\u00fchren.<\/p>\n<p><strong>14. Bildrechte<\/strong><br \/>\nAlle Bildrechte von Abbildungen im Shop liegen bei der Webdeals Shops GmbH. Eine Verwendung ohne unsere ausdr\u00fcckliche Zustimmung ist nicht gestattet.<\/p>\n<p><strong>15. Salvatorische Klausel \/ Sonstiges<br \/>\n<\/strong>Die Unwirksamkeit einzelner Bestimmungen dieser allgemeinen Gesch\u00e4ftsbedingungen oder des Kaufvertrages ber\u00fchren die Wirksamkeit der \u00fcbrigen Bestimmungen nicht. An Stelle der unwirksamen Bestimmung tritt die gesetzliche Regelung.<\/p>\n<p><strong>16. Gerichtsstand\/ Anwendbares Recht \/ Schlussbestimmungen<\/strong><br \/>\nDer Gerichtsstand bei allen Kundenvertr\u00e4gen ist 6900 Bregenz. Wir weisen darauf hin, dass ausschlie\u00dflich \u00d6sterreichisches Recht gilt. Die Geltung des UN-Kaufrechts schlie\u00dfen wir hiermit aus.<\/p>\n","protected":false},"excerpt":{"rendered":"<p>Allgemeine Gesch\u00e4ftsbedingungen (AGB) 1. Bestellung und Vertragsabschluss Sie haben Ihre gew\u00fcnschten Produkte ausgesucht und m\u00f6chten bestellen. Bis zur Absendung Ihrer Bestellung k\u00f6nnen Sie alle Eingaben korrigieren. Erst wenn Sie Ihre Daten auf der letzten Bestellseite \u00fcberpr\u00fcft haben, senden Sie Ihre Bestellung an DDoptics Optik-Sport-Shop. Nach dem Absenden Ihrer Bestellung erhalten Sie eine individuelle E-Mail mit [&#8230;]\n","protected":false},"author":2,"featured_media":0,"parent":0,"menu_order":0,"comment_status":"closed","ping_status":"open","template":"","meta":{"inline_featured_image":false,"footnotes":""},"class_list":["post-45","page","type-page","status-publish","hentry"],"_links":{"self":[{"href":"https:\/\/ddoptics.shop\/it\/wp-json\/wp\/v2\/pages\/45","targetHints":{"allow":["GET"]}}],"collection":[{"href":"https:\/\/ddoptics.shop\/it\/wp-json\/wp\/v2\/pages"}],"about":[{"href":"https:\/\/ddoptics.shop\/it\/wp-json\/wp\/v2\/types\/page"}],"author":[{"embeddable":true,"href":"https:\/\/ddoptics.shop\/it\/wp-json\/wp\/v2\/users\/2"}],"replies":[{"embeddable":true,"href":"https:\/\/ddoptics.shop\/it\/wp-json\/wp\/v2\/comments?post=45"}],"version-history":[{"count":6,"href":"https:\/\/ddoptics.shop\/it\/wp-json\/wp\/v2\/pages\/45\/revisions"}],"predecessor-version":[{"id":28716,"href":"https:\/\/ddoptics.shop\/it\/wp-json\/wp\/v2\/pages\/45\/revisions\/28716"}],"wp:attachment":[{"href":"https:\/\/ddoptics.shop\/it\/wp-json\/wp\/v2\/media?parent=45"}],"curies":[{"name":"wp","href":"https:\/\/api.w.org\/{rel}","templated":true}]}}