{"id":6491,"date":"2014-06-11T14:55:31","date_gmt":"2014-06-11T12:55:31","guid":{"rendered":"http:\/\/optik-sport-shop.at\/?page_id=6491"},"modified":"2025-05-27T15:38:05","modified_gmt":"2025-05-27T13:38:05","slug":"politica-di-cancellazione","status":"publish","type":"page","link":"https:\/\/ddoptics.shop\/it\/widerrufsbestimmungen\/","title":{"rendered":"Disposizioni di cancellazione"},"content":{"rendered":"<p>Il cliente ha il diritto di annullare l'ordine entro quattordici giorni dal ricevimento della merce (non dalla ricezione della fattura!) senza fornire alcuna motivazione. Il giorno della consegna non viene conteggiato nel calcolo del termine di annullamento.<\/p>\n<p style=\"color: #666666;\">Il termine di recesso decorre dal ricevimento della comunicazione di recesso in forma testuale, ma non prima del ricevimento della merce da parte del destinatario (in caso di consegne ricorrenti di merci simili, non prima del ricevimento della prima consegna parziale).<\/p>\n<p>Per esercitare il vostro diritto di cancellazione, dovete inviarci<\/p>\n<p>Webdeals Shops GmbH<br \/>\nProjekt Optik Sport Shop - Ottica DDoptics e alberi in carbonio FBT<br \/>\nHolzbodenweg 6<br \/>\nAT - 6858 Schwarzach<br \/>\nwiderruf@ddoptics.shop<\/p>\n<p>mediante una chiara dichiarazione (ad esempio una lettera inviata per posta, un'e-mail o una telefonata) della vostra decisione di annullare l'ordine o - se la merce vi viene consegnata prima della scadenza - anche mediante la restituzione della merce. Potete utilizzare il nostro <a title=\"Esempio di modulo di cancellazione\" href=\"\/wp-content\/uploads\/2017\/02\/Schriftlicher-Widerruf-Bestellung.pdf\">Esempio di modulo di cancellazione<\/a>\u00a0ma non \u00e8 obbligatorio. Potete anche utilizzare il modulo di cancellazione sul nostro sito web (<a title=\"Modulo di cancellazione online\" href=\"\/it\/annullamento-dellordine\/\">http:\/\/ddoptics.shop\/widerruf-bestellung<\/a>) per via elettronica e inviarlo a noi. Se vi avvalete di questa possibilit\u00e0, vi invieremo immediatamente una conferma di ricezione della cancellazione (ad esempio via e-mail). Per rispettare il termine di cancellazione, \u00e8 sufficiente che inviate la notifica dell'esercizio del diritto di cancellazione prima della scadenza del termine di cancellazione.<\/p>\n<p style=\"color: #666666;\"><a title=\"Modulo di cancellazione dell&#039;ordine online\" href=\"\/it\/annullamento-dellordine\/\">\u00bb Al modulo di cancellazione online<\/a><\/p>\n<p style=\"color: #666666;\"><a title=\"Modulo di cancellazione dell&#039;ordine\" href=\"https:\/\/ddoptics.shop\/wp-content\/uploads\/2021\/11\/vorlage_widerruf_bestellung.pdf\">\u00bb Scarica il modulo \u201cCancellazione dell'ordine\u201d (.pdf)<\/a><\/p>\n<h3 style=\"color: #444444;\">Gruppi di prodotti esclusi dal diritto di recesso<\/h3>\n<p style=\"color: #666666;\">Servizi sociali, servizi sanitari, articoli per l'igiene, beni quotidiani deperibili e prodotti personalizzati.<\/p>\n<h3 style=\"color: #444444;\">Conseguenze della cancellazione<\/h3>\n<p style=\"color: #666666;\">In caso di annullamento dell'ordine, vi rimborseremo tutti i pagamenti da voi ricevuti, compresi i costi di consegna (ad eccezione dei costi supplementari derivanti dalla vostra scelta di un tipo di consegna diverso dal tipo meno costoso di consegna standard da noi offerto), senza indebito ritardo e in ogni caso non oltre 14 giorni dal giorno in cui siamo stati informati della vostra decisione di annullare il contratto. Per questo rimborso, utilizzeremo lo stesso mezzo di pagamento che avete utilizzato per la transazione originale, a meno che non sia stato espressamente concordato diversamente con voi; eventuali costi di transazione (che attualmente non ci vengono rimborsati da PayPal, ad esempio) saranno a carico del cliente. Potremmo rifiutarci di effettuare un rimborso finch\u00e9 non avremo ricevuto la merce.<\/p>\n<h3 style=\"color: #444444;\">Restituzione della merce<\/h3>\n<p style=\"color: #666666;\">Dovete restituire o consegnare la merce a noi (DDoptics Optik Sport Shop, Webdeals Shops GmbH, Holzbodenweg 6, 6858 Schwarzach, Austria) immediatamente e comunque entro quattordici giorni dal ricevimento della polizza di annullamento o al pi\u00f9 tardi dal ricevimento della merce. Il termine \u00e8 rispettato se la merce viene spedita prima della scadenza del periodo di quattordici giorni. I costi diretti della restituzione della merce sono a carico del cliente. Il cliente \u00e8 tenuto a pagare l'eventuale perdita di valore della merce solo se tale perdita di valore \u00e8 dovuta a una manipolazione della merce non necessaria per verificarne lo stato, le propriet\u00e0 e la funzionalit\u00e0.<\/p>","protected":false},"excerpt":{"rendered":"<p>Sie haben das Recht, binnen vierzehn Tagen ab Erhalt der Ware (nicht Erhalt der Rechnung !) ohne Angabe von Gr\u00fcnden die Bestellung zu widerrufen.\u00a0Der Tag der Zustellung wird bei der Fristberechnung nicht mitgez\u00e4hlt. Die Widerrufsfrist beginnt nach Erhalt der R\u00fccktrittsmeldung in Textform, jedoch nicht vor Eingang der Ware beim Empf\u00e4nger (bei wiederkehrenden Lieferungen gleichartiger Waren [&#8230;]\n","protected":false},"author":2,"featured_media":0,"parent":0,"menu_order":0,"comment_status":"closed","ping_status":"open","template":"page-blank-title-center.php","meta":{"inline_featured_image":false,"footnotes":""},"class_list":["post-6491","page","type-page","status-publish","hentry"],"_links":{"self":[{"href":"https:\/\/ddoptics.shop\/it\/wp-json\/wp\/v2\/pages\/6491","targetHints":{"allow":["GET"]}}],"collection":[{"href":"https:\/\/ddoptics.shop\/it\/wp-json\/wp\/v2\/pages"}],"about":[{"href":"https:\/\/ddoptics.shop\/it\/wp-json\/wp\/v2\/types\/page"}],"author":[{"embeddable":true,"href":"https:\/\/ddoptics.shop\/it\/wp-json\/wp\/v2\/users\/2"}],"replies":[{"embeddable":true,"href":"https:\/\/ddoptics.shop\/it\/wp-json\/wp\/v2\/comments?post=6491"}],"version-history":[{"count":9,"href":"https:\/\/ddoptics.shop\/it\/wp-json\/wp\/v2\/pages\/6491\/revisions"}],"predecessor-version":[{"id":28409,"href":"https:\/\/ddoptics.shop\/it\/wp-json\/wp\/v2\/pages\/6491\/revisions\/28409"}],"wp:attachment":[{"href":"https:\/\/ddoptics.shop\/it\/wp-json\/wp\/v2\/media?parent=6491"}],"curies":[{"name":"wp","href":"https:\/\/api.w.org\/{rel}","templated":true}]}}